{"id":9950,"date":"2025-04-28T18:48:21","date_gmt":"2025-04-28T17:48:21","guid":{"rendered":"https:\/\/brillancy.hu\/?post_type=product&#038;p=9950"},"modified":"2025-04-28T18:48:22","modified_gmt":"2025-04-28T17:48:22","slug":"musica-brill-fulbevalo","status":"publish","type":"product","link":"https:\/\/brillancy.hu\/en\/product\/musica-brill-fulbevalo\/","title":{"rendered":"M\u00fasica brill earrings"},"content":{"rendered":"<p><b>M\u00fasica brill earrings<\/b><\/p>\n<div>\n<div><\/div>\n<div><strong>The designer&#039;s recommendation:<\/strong><\/div>\n<\/div>\n<p>Dashing, adventurous lines of impressed with this 14-karat gold earrings. Fabulous arch and perfectly highlight the top line of tiny brill, i.e. brilliant cut diamonds. Gorgeous sparkling ensured leads to the gaze. The polished surface is that the glitter is even more strengthens. The jewelry form world of top sleeker, thinner, below curvaceous more and a drop-shaped breakthrough displayed on it. That&#039;s what makes it airy, feminine and fun piece.<\/p>\n<ul>\n<li><b>Material:<\/b>\u00a0gold<\/li>\n<li><b>Fineness<\/b>: 585 thousandth, 14 carat<\/li>\n<li><b>Gemstone<\/b>: brilliant cut diamond<\/li>\n<\/ul>\n<p>&nbsp;<\/p>\n<p><strong>Eternal life guarantee:<\/strong> the jewelry structure of the material errors and gems<\/p>\n<p>The average production time is 4-6 weeks. If you have any important date for which you want the product, please contact with us by phone +36 30 539 1179 number, or the info@brillancy.hu e-mail address.<\/p>\n<p><strong>Can be ordered in yellow, white or rose gold colors. The jewel to the gift box optional.<\/strong><\/p>\n<p><strong>I like the M\u00fasica brill earrings, but colored diamonds did you imagine it?<\/strong> It&#039;s not a problem. We like to give an offer to the expected ideas. Find us confidence on the phone +36 30 539 1179 number, or the info@brillancy.hu e-mail address.<\/p>\n<p><strong>Pay scrap gold<\/strong> Damaged, old, or never used gold hiding at home in the cupboards? Bring it in to us and it will be transferred to you the chosen jewellery price!<\/p>","protected":false},"excerpt":{"rendered":"<p>14 carat gold earrings with brilliant cut white diamonds with decorated<\/p>","protected":false},"featured_media":9948,"comment_status":"open","ping_status":"closed","template":"","meta":[],"product_brand":[],"product_cat":[21,68],"product_tag":[],"class_list":{"0":"post-9950","1":"product","2":"type-product","3":"status-publish","4":"has-post-thumbnail","6":"product_cat-ekszerek","7":"product_cat-fulbevalo","9":"first","10":"instock","11":"shipping-taxable","12":"product-type-simple"},"yoast_head":"<!-- This site is optimized with the Yoast SEO Premium plugin v27.0 (Yoast SEO v27.0) - https:\/\/yoast.com\/product\/yoast-seo-premium-wordpress\/ -->\n<title>M\u00fasica brill f\u00fclbeval\u00f3 - Brillancy<\/title>\n<meta name=\"description\" content=\"Lend\u00fcletes, j\u00e1t\u00e9kos vonalvezet\u00e9s\u00e9vel ny\u0171g\u00f6z le ez a M\u00fasica brill f\u00fclbeval\u00f3. Mes\u00e9s \u00edveit, t\u00f6k\u00e9letesen kiemelik fels\u0151 r\u00e9szen sorakoz\u00f3 apr\u00f3 brillek.\" \/>\n<meta name=\"robots\" content=\"index, follow, max-snippet:-1, max-image-preview:large, max-video-preview:-1\" \/>\n<link rel=\"canonical\" href=\"https:\/\/brillancy.hu\/en\/product\/musica-brill-fulbevalo\/\" \/>\n<meta property=\"og:locale\" content=\"en_GB\" \/>\n<meta property=\"og:type\" content=\"article\" \/>\n<meta property=\"og:title\" content=\"M\u00fasica brill f\u00fclbeval\u00f3\" \/>\n<meta property=\"og:description\" content=\"Lend\u00fcletes, j\u00e1t\u00e9kos vonalvezet\u00e9s\u00e9vel ny\u0171g\u00f6z le ez a M\u00fasica brill f\u00fclbeval\u00f3. Mes\u00e9s \u00edveit, t\u00f6k\u00e9letesen kiemelik fels\u0151 r\u00e9szen sorakoz\u00f3 apr\u00f3 brillek.\" \/>\n<meta property=\"og:url\" content=\"https:\/\/brillancy.hu\/en\/product\/musica-brill-fulbevalo\/\" \/>\n<meta property=\"og:site_name\" content=\"Brillancy\" \/>\n<meta property=\"article:modified_time\" content=\"2025-04-28T17:48:22+00:00\" \/>\n<meta property=\"og:image\" content=\"https:\/\/brillancy.hu\/wp-content\/uploads\/2025\/04\/Musica-brill-fulbevalo.jpg\" \/>\n\t<meta property=\"og:image:width\" content=\"640\" \/>\n\t<meta property=\"og:image:height\" content=\"480\" \/>\n\t<meta property=\"og:image:type\" content=\"image\/jpeg\" \/>\n<meta name=\"twitter:card\" content=\"summary_large_image\" \/>\n<meta name=\"twitter:label1\" content=\"Estimated reading time\" \/>\n\t<meta name=\"twitter:data1\" content=\"2 minutes\" \/>\n<script type=\"application\/ld+json\" class=\"yoast-schema-graph\">{\"@context\":\"https:\/\/schema.org\",\"@graph\":[{\"@type\":\"WebPage\",\"@id\":\"https:\/\/brillancy.hu\/product\/musica-brill-fulbevalo\/\",\"url\":\"https:\/\/brillancy.hu\/product\/musica-brill-fulbevalo\/\",\"name\":\"M\u00fasica brill f\u00fclbeval\u00f3 - Brillancy\",\"isPartOf\":{\"@id\":\"https:\/\/brillancy.hu\/#website\"},\"primaryImageOfPage\":{\"@id\":\"https:\/\/brillancy.hu\/product\/musica-brill-fulbevalo\/#primaryimage\"},\"image\":{\"@id\":\"https:\/\/brillancy.hu\/product\/musica-brill-fulbevalo\/#primaryimage\"},\"thumbnailUrl\":\"https:\/\/brillancy.hu\/wp-content\/uploads\/2025\/04\/Musica-brill-fulbevalo.jpg\",\"datePublished\":\"2025-04-28T17:48:21+00:00\",\"dateModified\":\"2025-04-28T17:48:22+00:00\",\"description\":\"Lend\u00fcletes, j\u00e1t\u00e9kos vonalvezet\u00e9s\u00e9vel ny\u0171g\u00f6z le ez a M\u00fasica brill f\u00fclbeval\u00f3. Mes\u00e9s \u00edveit, t\u00f6k\u00e9letesen kiemelik fels\u0151 r\u00e9szen sorakoz\u00f3 apr\u00f3 brillek.\",\"breadcrumb\":{\"@id\":\"https:\/\/brillancy.hu\/product\/musica-brill-fulbevalo\/#breadcrumb\"},\"inLanguage\":\"en-GB\",\"potentialAction\":[{\"@type\":\"ReadAction\",\"target\":[\"https:\/\/brillancy.hu\/product\/musica-brill-fulbevalo\/\"]}]},{\"@type\":\"ImageObject\",\"inLanguage\":\"en-GB\",\"@id\":\"https:\/\/brillancy.hu\/product\/musica-brill-fulbevalo\/#primaryimage\",\"url\":\"https:\/\/brillancy.hu\/wp-content\/uploads\/2025\/04\/Musica-brill-fulbevalo.jpg\",\"contentUrl\":\"https:\/\/brillancy.hu\/wp-content\/uploads\/2025\/04\/Musica-brill-fulbevalo.jpg\",\"width\":640,\"height\":480,\"caption\":\"14 kar\u00e1tos arany f\u00fclbeval\u00f3 brili\u00e1ns csiszol\u00e1s\u00fa gy\u00e9m\u00e1ntokkal\"},{\"@type\":\"BreadcrumbList\",\"@id\":\"https:\/\/brillancy.hu\/product\/musica-brill-fulbevalo\/#breadcrumb\",\"itemListElement\":[{\"@type\":\"ListItem\",\"position\":1,\"name\":\"Home\",\"item\":\"https:\/\/brillancy.hu\/\"},{\"@type\":\"ListItem\",\"position\":2,\"name\":\"Term\u00e9kek\",\"item\":\"https:\/\/brillancy.hu\/termekek\/\"},{\"@type\":\"ListItem\",\"position\":3,\"name\":\"M\u00fasica brill f\u00fclbeval\u00f3\"}]},{\"@type\":\"WebSite\",\"@id\":\"https:\/\/brillancy.hu\/#website\",\"url\":\"https:\/\/brillancy.hu\/\",\"name\":\"Brillancy\",\"description\":\"\",\"potentialAction\":[{\"@type\":\"SearchAction\",\"target\":{\"@type\":\"EntryPoint\",\"urlTemplate\":\"https:\/\/brillancy.hu\/?s={search_term_string}\"},\"query-input\":{\"@type\":\"PropertyValueSpecification\",\"valueRequired\":true,\"valueName\":\"search_term_string\"}}],\"inLanguage\":\"en-GB\"}]}<\/script>\n<!-- \/ Yoast SEO Premium plugin. -->","yoast_head_json":{"title":"M\u00fasica brill f\u00fclbeval\u00f3 - Brillancy","description":"Lend\u00fcletes, j\u00e1t\u00e9kos vonalvezet\u00e9s\u00e9vel ny\u0171g\u00f6z le ez a M\u00fasica brill f\u00fclbeval\u00f3. Mes\u00e9s \u00edveit, t\u00f6k\u00e9letesen kiemelik fels\u0151 r\u00e9szen sorakoz\u00f3 apr\u00f3 brillek.","robots":{"index":"index","follow":"follow","max-snippet":"max-snippet:-1","max-image-preview":"max-image-preview:large","max-video-preview":"max-video-preview:-1"},"canonical":"https:\/\/brillancy.hu\/en\/product\/musica-brill-fulbevalo\/","og_locale":"en_GB","og_type":"article","og_title":"M\u00fasica brill f\u00fclbeval\u00f3","og_description":"Lend\u00fcletes, j\u00e1t\u00e9kos vonalvezet\u00e9s\u00e9vel ny\u0171g\u00f6z le ez a M\u00fasica brill f\u00fclbeval\u00f3. Mes\u00e9s \u00edveit, t\u00f6k\u00e9letesen kiemelik fels\u0151 r\u00e9szen sorakoz\u00f3 apr\u00f3 brillek.","og_url":"https:\/\/brillancy.hu\/en\/product\/musica-brill-fulbevalo\/","og_site_name":"Brillancy","article_modified_time":"2025-04-28T17:48:22+00:00","og_image":[{"width":640,"height":480,"url":"https:\/\/brillancy.hu\/wp-content\/uploads\/2025\/04\/Musica-brill-fulbevalo.jpg","type":"image\/jpeg"}],"twitter_card":"summary_large_image","twitter_misc":{"Estimated reading time":"2 minutes"},"schema":{"@context":"https:\/\/schema.org","@graph":[{"@type":"WebPage","@id":"https:\/\/brillancy.hu\/product\/musica-brill-fulbevalo\/","url":"https:\/\/brillancy.hu\/product\/musica-brill-fulbevalo\/","name":"M\u00fasica brill f\u00fclbeval\u00f3 - Brillancy","isPartOf":{"@id":"https:\/\/brillancy.hu\/#website"},"primaryImageOfPage":{"@id":"https:\/\/brillancy.hu\/product\/musica-brill-fulbevalo\/#primaryimage"},"image":{"@id":"https:\/\/brillancy.hu\/product\/musica-brill-fulbevalo\/#primaryimage"},"thumbnailUrl":"https:\/\/brillancy.hu\/wp-content\/uploads\/2025\/04\/Musica-brill-fulbevalo.jpg","datePublished":"2025-04-28T17:48:21+00:00","dateModified":"2025-04-28T17:48:22+00:00","description":"Lend\u00fcletes, j\u00e1t\u00e9kos vonalvezet\u00e9s\u00e9vel ny\u0171g\u00f6z le ez a M\u00fasica brill f\u00fclbeval\u00f3. Mes\u00e9s \u00edveit, t\u00f6k\u00e9letesen kiemelik fels\u0151 r\u00e9szen sorakoz\u00f3 apr\u00f3 brillek.","breadcrumb":{"@id":"https:\/\/brillancy.hu\/product\/musica-brill-fulbevalo\/#breadcrumb"},"inLanguage":"en-GB","potentialAction":[{"@type":"ReadAction","target":["https:\/\/brillancy.hu\/product\/musica-brill-fulbevalo\/"]}]},{"@type":"ImageObject","inLanguage":"en-GB","@id":"https:\/\/brillancy.hu\/product\/musica-brill-fulbevalo\/#primaryimage","url":"https:\/\/brillancy.hu\/wp-content\/uploads\/2025\/04\/Musica-brill-fulbevalo.jpg","contentUrl":"https:\/\/brillancy.hu\/wp-content\/uploads\/2025\/04\/Musica-brill-fulbevalo.jpg","width":640,"height":480,"caption":"14 kar\u00e1tos arany f\u00fclbeval\u00f3 brili\u00e1ns csiszol\u00e1s\u00fa gy\u00e9m\u00e1ntokkal"},{"@type":"BreadcrumbList","@id":"https:\/\/brillancy.hu\/product\/musica-brill-fulbevalo\/#breadcrumb","itemListElement":[{"@type":"ListItem","position":1,"name":"Home","item":"https:\/\/brillancy.hu\/"},{"@type":"ListItem","position":2,"name":"Term\u00e9kek","item":"https:\/\/brillancy.hu\/termekek\/"},{"@type":"ListItem","position":3,"name":"M\u00fasica brill f\u00fclbeval\u00f3"}]},{"@type":"WebSite","@id":"https:\/\/brillancy.hu\/#website","url":"https:\/\/brillancy.hu\/","name":"Brillancy","description":"","potentialAction":[{"@type":"SearchAction","target":{"@type":"EntryPoint","urlTemplate":"https:\/\/brillancy.hu\/?s={search_term_string}"},"query-input":{"@type":"PropertyValueSpecification","valueRequired":true,"valueName":"search_term_string"}}],"inLanguage":"en-GB"}]}},"_links":{"self":[{"href":"https:\/\/brillancy.hu\/en\/wp-json\/wp\/v2\/product\/9950","targetHints":{"allow":["GET"]}}],"collection":[{"href":"https:\/\/brillancy.hu\/en\/wp-json\/wp\/v2\/product"}],"about":[{"href":"https:\/\/brillancy.hu\/en\/wp-json\/wp\/v2\/types\/product"}],"replies":[{"embeddable":true,"href":"https:\/\/brillancy.hu\/en\/wp-json\/wp\/v2\/comments?post=9950"}],"wp:featuredmedia":[{"embeddable":true,"href":"https:\/\/brillancy.hu\/en\/wp-json\/wp\/v2\/media\/9948"}],"wp:attachment":[{"href":"https:\/\/brillancy.hu\/en\/wp-json\/wp\/v2\/media?parent=9950"}],"wp:term":[{"taxonomy":"product_brand","embeddable":true,"href":"https:\/\/brillancy.hu\/en\/wp-json\/wp\/v2\/product_brand?post=9950"},{"taxonomy":"product_cat","embeddable":true,"href":"https:\/\/brillancy.hu\/en\/wp-json\/wp\/v2\/product_cat?post=9950"},{"taxonomy":"product_tag","embeddable":true,"href":"https:\/\/brillancy.hu\/en\/wp-json\/wp\/v2\/product_tag?post=9950"}],"curies":[{"name":"wp","href":"https:\/\/api.w.org\/{rel}","templated":true}]}}