{"id":9918,"date":"2025-04-25T17:53:54","date_gmt":"2025-04-25T16:53:54","guid":{"rendered":"https:\/\/brillancy.hu\/?post_type=product&#038;p=9918"},"modified":"2025-04-25T17:53:55","modified_gmt":"2025-04-25T16:53:55","slug":"vilma-gyemant-fulbevalo","status":"publish","type":"product","link":"https:\/\/brillancy.hu\/en\/product\/vilma-gyemant-fulbevalo\/","title":{"rendered":"Vilma diamond earrings"},"content":{"rendered":"<p><b>Vilma diamond earrings<\/b><\/p>\n<div>\n<div><\/div>\n<div><strong>The designer&#039;s recommendation:<\/strong><\/div>\n<\/div>\n<p>Diamond-shaped 14 karat gold earrings. At first glance, simple design, but there are tricky elements. For example, while the upper part of matt, the lower parts bright. The two surface in a &#034; V &#034; placed brilliant cut diamonds set in. This design is still emphasis become the glittering gems. The other peculiarity is the plane with the game; while a part stands out, other details to back up are located. Really unique and modern jewelry.<\/p>\n<ul>\n<li><b>Material:<\/b>\u00a0gold<\/li>\n<li><b>Fineness<\/b>: 585 thousandth, 14 carat<\/li>\n<li><b>Gemstone<\/b>: brilliant cut diamond<\/li>\n<\/ul>\n<p>&nbsp;<\/p>\n<p>Eternal life guarantee: the jewelry you can build, the material errors and gems<\/p>\n<p>The average production time of 3-4 weeks. If you have any important date for which you want the product, please contact with us by phone +36 30 539 1179 number, or the info@brillancy.hu e-mail address.<\/p>\n<p>Can be ordered in yellow, white or rose gold colors. The jewel to the gift box optional.<\/p>\n<p>I like the Wilma diamond earrings, but blue or black diamonds did you imagine it? It&#039;s not a problem. We like to give an offer to the expected ideas. Find us confidence on the phone +36 30 539 1179 number, or the info@brillancy.hu e-mail address.<\/p>\n<p>Pay broken with gold! Damaged, old, or never used gold hiding at home in the cupboards? Bring it in to us and it will be transferred to you the chosen jewellery price!<\/p>","protected":false},"excerpt":{"rendered":"<p>14 carat gold earrings with brilliant cut white diamonds with decorated<\/p>","protected":false},"featured_media":9916,"comment_status":"open","ping_status":"closed","template":"","meta":[],"product_brand":[],"product_cat":[21,68],"product_tag":[],"class_list":{"0":"post-9918","1":"product","2":"type-product","3":"status-publish","4":"has-post-thumbnail","6":"product_cat-ekszerek","7":"product_cat-fulbevalo","9":"first","10":"instock","11":"shipping-taxable","12":"product-type-simple"},"yoast_head":"<!-- This site is optimized with the Yoast SEO Premium plugin v27.0 (Yoast SEO v27.0) - https:\/\/yoast.com\/product\/yoast-seo-premium-wordpress\/ -->\n<title>Vilma gy\u00e9m\u00e1nt f\u00fclbeval\u00f3 - Brillancy<\/title>\n<meta name=\"description\" content=\"Rombusz form\u00e1j\u00fa Vilma gy\u00e9m\u00e1nt f\u00fclbeval\u00f3. Els\u0151 r\u00e1n\u00e9z\u00e9sre egyszer\u0171 design, de vannak benne tr\u00fckk\u00f6s r\u00e9szletek. V alakban helyezkednek el a gy\u00e9m\u00e1ntok.\" \/>\n<meta name=\"robots\" content=\"index, follow, max-snippet:-1, max-image-preview:large, max-video-preview:-1\" \/>\n<link rel=\"canonical\" href=\"https:\/\/brillancy.hu\/en\/product\/vilma-gyemant-fulbevalo\/\" \/>\n<meta property=\"og:locale\" content=\"en_GB\" \/>\n<meta property=\"og:type\" content=\"article\" \/>\n<meta property=\"og:title\" content=\"Vilma gy\u00e9m\u00e1nt f\u00fclbeval\u00f3\" \/>\n<meta property=\"og:description\" content=\"Rombusz form\u00e1j\u00fa Vilma gy\u00e9m\u00e1nt f\u00fclbeval\u00f3. Els\u0151 r\u00e1n\u00e9z\u00e9sre egyszer\u0171 design, de vannak benne tr\u00fckk\u00f6s r\u00e9szletek. V alakban helyezkednek el a gy\u00e9m\u00e1ntok.\" \/>\n<meta property=\"og:url\" content=\"https:\/\/brillancy.hu\/en\/product\/vilma-gyemant-fulbevalo\/\" \/>\n<meta property=\"og:site_name\" content=\"Brillancy\" \/>\n<meta property=\"article:modified_time\" content=\"2025-04-25T16:53:55+00:00\" \/>\n<meta property=\"og:image\" content=\"https:\/\/brillancy.hu\/wp-content\/uploads\/2025\/04\/Vilma-gyemant-fulbevalo.jpg\" \/>\n\t<meta property=\"og:image:width\" content=\"640\" \/>\n\t<meta property=\"og:image:height\" content=\"480\" \/>\n\t<meta property=\"og:image:type\" content=\"image\/jpeg\" \/>\n<meta name=\"twitter:card\" content=\"summary_large_image\" \/>\n<meta name=\"twitter:label1\" content=\"Estimated reading time\" \/>\n\t<meta name=\"twitter:data1\" content=\"2 minutes\" \/>\n<script type=\"application\/ld+json\" class=\"yoast-schema-graph\">{\"@context\":\"https:\/\/schema.org\",\"@graph\":[{\"@type\":\"WebPage\",\"@id\":\"https:\/\/brillancy.hu\/product\/vilma-gyemant-fulbevalo\/\",\"url\":\"https:\/\/brillancy.hu\/product\/vilma-gyemant-fulbevalo\/\",\"name\":\"Vilma gy\u00e9m\u00e1nt f\u00fclbeval\u00f3 - Brillancy\",\"isPartOf\":{\"@id\":\"https:\/\/brillancy.hu\/#website\"},\"primaryImageOfPage\":{\"@id\":\"https:\/\/brillancy.hu\/product\/vilma-gyemant-fulbevalo\/#primaryimage\"},\"image\":{\"@id\":\"https:\/\/brillancy.hu\/product\/vilma-gyemant-fulbevalo\/#primaryimage\"},\"thumbnailUrl\":\"https:\/\/brillancy.hu\/wp-content\/uploads\/2025\/04\/Vilma-gyemant-fulbevalo.jpg\",\"datePublished\":\"2025-04-25T16:53:54+00:00\",\"dateModified\":\"2025-04-25T16:53:55+00:00\",\"description\":\"Rombusz form\u00e1j\u00fa Vilma gy\u00e9m\u00e1nt f\u00fclbeval\u00f3. Els\u0151 r\u00e1n\u00e9z\u00e9sre egyszer\u0171 design, de vannak benne tr\u00fckk\u00f6s r\u00e9szletek. V alakban helyezkednek el a gy\u00e9m\u00e1ntok.\",\"breadcrumb\":{\"@id\":\"https:\/\/brillancy.hu\/product\/vilma-gyemant-fulbevalo\/#breadcrumb\"},\"inLanguage\":\"en-GB\",\"potentialAction\":[{\"@type\":\"ReadAction\",\"target\":[\"https:\/\/brillancy.hu\/product\/vilma-gyemant-fulbevalo\/\"]}]},{\"@type\":\"ImageObject\",\"inLanguage\":\"en-GB\",\"@id\":\"https:\/\/brillancy.hu\/product\/vilma-gyemant-fulbevalo\/#primaryimage\",\"url\":\"https:\/\/brillancy.hu\/wp-content\/uploads\/2025\/04\/Vilma-gyemant-fulbevalo.jpg\",\"contentUrl\":\"https:\/\/brillancy.hu\/wp-content\/uploads\/2025\/04\/Vilma-gyemant-fulbevalo.jpg\",\"width\":640,\"height\":480,\"caption\":\"14 kar\u00e1tos arany f\u00fclbeval\u00f3 brili\u00e1ns csiszol\u00e1s\u00fa gy\u00e9m\u00e1ntokkal\"},{\"@type\":\"BreadcrumbList\",\"@id\":\"https:\/\/brillancy.hu\/product\/vilma-gyemant-fulbevalo\/#breadcrumb\",\"itemListElement\":[{\"@type\":\"ListItem\",\"position\":1,\"name\":\"Home\",\"item\":\"https:\/\/brillancy.hu\/\"},{\"@type\":\"ListItem\",\"position\":2,\"name\":\"Term\u00e9kek\",\"item\":\"https:\/\/brillancy.hu\/termekek\/\"},{\"@type\":\"ListItem\",\"position\":3,\"name\":\"Vilma gy\u00e9m\u00e1nt f\u00fclbeval\u00f3\"}]},{\"@type\":\"WebSite\",\"@id\":\"https:\/\/brillancy.hu\/#website\",\"url\":\"https:\/\/brillancy.hu\/\",\"name\":\"Brillancy\",\"description\":\"\",\"potentialAction\":[{\"@type\":\"SearchAction\",\"target\":{\"@type\":\"EntryPoint\",\"urlTemplate\":\"https:\/\/brillancy.hu\/?s={search_term_string}\"},\"query-input\":{\"@type\":\"PropertyValueSpecification\",\"valueRequired\":true,\"valueName\":\"search_term_string\"}}],\"inLanguage\":\"en-GB\"}]}<\/script>\n<!-- \/ Yoast SEO Premium plugin. -->","yoast_head_json":{"title":"Vilma gy\u00e9m\u00e1nt f\u00fclbeval\u00f3 - Brillancy","description":"Rombusz form\u00e1j\u00fa Vilma gy\u00e9m\u00e1nt f\u00fclbeval\u00f3. Els\u0151 r\u00e1n\u00e9z\u00e9sre egyszer\u0171 design, de vannak benne tr\u00fckk\u00f6s r\u00e9szletek. V alakban helyezkednek el a gy\u00e9m\u00e1ntok.","robots":{"index":"index","follow":"follow","max-snippet":"max-snippet:-1","max-image-preview":"max-image-preview:large","max-video-preview":"max-video-preview:-1"},"canonical":"https:\/\/brillancy.hu\/en\/product\/vilma-gyemant-fulbevalo\/","og_locale":"en_GB","og_type":"article","og_title":"Vilma gy\u00e9m\u00e1nt f\u00fclbeval\u00f3","og_description":"Rombusz form\u00e1j\u00fa Vilma gy\u00e9m\u00e1nt f\u00fclbeval\u00f3. Els\u0151 r\u00e1n\u00e9z\u00e9sre egyszer\u0171 design, de vannak benne tr\u00fckk\u00f6s r\u00e9szletek. V alakban helyezkednek el a gy\u00e9m\u00e1ntok.","og_url":"https:\/\/brillancy.hu\/en\/product\/vilma-gyemant-fulbevalo\/","og_site_name":"Brillancy","article_modified_time":"2025-04-25T16:53:55+00:00","og_image":[{"width":640,"height":480,"url":"https:\/\/brillancy.hu\/wp-content\/uploads\/2025\/04\/Vilma-gyemant-fulbevalo.jpg","type":"image\/jpeg"}],"twitter_card":"summary_large_image","twitter_misc":{"Estimated reading time":"2 minutes"},"schema":{"@context":"https:\/\/schema.org","@graph":[{"@type":"WebPage","@id":"https:\/\/brillancy.hu\/product\/vilma-gyemant-fulbevalo\/","url":"https:\/\/brillancy.hu\/product\/vilma-gyemant-fulbevalo\/","name":"Vilma gy\u00e9m\u00e1nt f\u00fclbeval\u00f3 - Brillancy","isPartOf":{"@id":"https:\/\/brillancy.hu\/#website"},"primaryImageOfPage":{"@id":"https:\/\/brillancy.hu\/product\/vilma-gyemant-fulbevalo\/#primaryimage"},"image":{"@id":"https:\/\/brillancy.hu\/product\/vilma-gyemant-fulbevalo\/#primaryimage"},"thumbnailUrl":"https:\/\/brillancy.hu\/wp-content\/uploads\/2025\/04\/Vilma-gyemant-fulbevalo.jpg","datePublished":"2025-04-25T16:53:54+00:00","dateModified":"2025-04-25T16:53:55+00:00","description":"Rombusz form\u00e1j\u00fa Vilma gy\u00e9m\u00e1nt f\u00fclbeval\u00f3. Els\u0151 r\u00e1n\u00e9z\u00e9sre egyszer\u0171 design, de vannak benne tr\u00fckk\u00f6s r\u00e9szletek. V alakban helyezkednek el a gy\u00e9m\u00e1ntok.","breadcrumb":{"@id":"https:\/\/brillancy.hu\/product\/vilma-gyemant-fulbevalo\/#breadcrumb"},"inLanguage":"en-GB","potentialAction":[{"@type":"ReadAction","target":["https:\/\/brillancy.hu\/product\/vilma-gyemant-fulbevalo\/"]}]},{"@type":"ImageObject","inLanguage":"en-GB","@id":"https:\/\/brillancy.hu\/product\/vilma-gyemant-fulbevalo\/#primaryimage","url":"https:\/\/brillancy.hu\/wp-content\/uploads\/2025\/04\/Vilma-gyemant-fulbevalo.jpg","contentUrl":"https:\/\/brillancy.hu\/wp-content\/uploads\/2025\/04\/Vilma-gyemant-fulbevalo.jpg","width":640,"height":480,"caption":"14 kar\u00e1tos arany f\u00fclbeval\u00f3 brili\u00e1ns csiszol\u00e1s\u00fa gy\u00e9m\u00e1ntokkal"},{"@type":"BreadcrumbList","@id":"https:\/\/brillancy.hu\/product\/vilma-gyemant-fulbevalo\/#breadcrumb","itemListElement":[{"@type":"ListItem","position":1,"name":"Home","item":"https:\/\/brillancy.hu\/"},{"@type":"ListItem","position":2,"name":"Term\u00e9kek","item":"https:\/\/brillancy.hu\/termekek\/"},{"@type":"ListItem","position":3,"name":"Vilma gy\u00e9m\u00e1nt f\u00fclbeval\u00f3"}]},{"@type":"WebSite","@id":"https:\/\/brillancy.hu\/#website","url":"https:\/\/brillancy.hu\/","name":"Brillancy","description":"","potentialAction":[{"@type":"SearchAction","target":{"@type":"EntryPoint","urlTemplate":"https:\/\/brillancy.hu\/?s={search_term_string}"},"query-input":{"@type":"PropertyValueSpecification","valueRequired":true,"valueName":"search_term_string"}}],"inLanguage":"en-GB"}]}},"_links":{"self":[{"href":"https:\/\/brillancy.hu\/en\/wp-json\/wp\/v2\/product\/9918","targetHints":{"allow":["GET"]}}],"collection":[{"href":"https:\/\/brillancy.hu\/en\/wp-json\/wp\/v2\/product"}],"about":[{"href":"https:\/\/brillancy.hu\/en\/wp-json\/wp\/v2\/types\/product"}],"replies":[{"embeddable":true,"href":"https:\/\/brillancy.hu\/en\/wp-json\/wp\/v2\/comments?post=9918"}],"wp:featuredmedia":[{"embeddable":true,"href":"https:\/\/brillancy.hu\/en\/wp-json\/wp\/v2\/media\/9916"}],"wp:attachment":[{"href":"https:\/\/brillancy.hu\/en\/wp-json\/wp\/v2\/media?parent=9918"}],"wp:term":[{"taxonomy":"product_brand","embeddable":true,"href":"https:\/\/brillancy.hu\/en\/wp-json\/wp\/v2\/product_brand?post=9918"},{"taxonomy":"product_cat","embeddable":true,"href":"https:\/\/brillancy.hu\/en\/wp-json\/wp\/v2\/product_cat?post=9918"},{"taxonomy":"product_tag","embeddable":true,"href":"https:\/\/brillancy.hu\/en\/wp-json\/wp\/v2\/product_tag?post=9918"}],"curies":[{"name":"wp","href":"https:\/\/api.w.org\/{rel}","templated":true}]}}