{"id":9904,"date":"2025-04-22T18:54:55","date_gmt":"2025-04-22T17:54:55","guid":{"rendered":"https:\/\/brillancy.hu\/?post_type=product&#038;p=9904"},"modified":"2025-04-25T18:30:42","modified_gmt":"2025-04-25T17:30:42","slug":"moonlight-gyemant-fulbevalo","status":"publish","type":"product","link":"https:\/\/brillancy.hu\/en\/product\/moonlight-gyemant-fulbevalo\/","title":{"rendered":"Moonlight diamond earrings"},"content":{"rendered":"<p><b>Moonlight diamond earrings<\/b><\/p>\n<div>\n<div><\/div>\n<div><strong>The designer&#039;s recommendation:<\/strong><\/div>\n<\/div>\n<p>The Moon and the sea&#039;s relationship unfolds in these fabulous jewelry. The Moon is the typical form of the small, shiny diamonds, while the sea with the strap taper waves represent. Unique in that it will appear, that, although harmoniously matched to the diamond earrings members, but are different. That&#039;s what makes it really interesting and unique piece. The noble materials such as many small brilliant cut diamond and 14 karat gold to the quality and beauty they represent.<\/p>\n<ul>\n<li><b>Material:<\/b>\u00a0gold<\/li>\n<li><b>Fineness<\/b>: 585 thousandth, 14 carat<\/li>\n<li><b>Gemstone<\/b>: brilliant cut diamond<\/li>\n<\/ul>\n<p>&nbsp;<\/p>\n<p>Eternal life guarantee: the jewelry you can build, the material errors and gems<\/p>\n<p>The average production time of 3-4 weeks. If you have any important date for which you want the product, please contact with us by phone +36 30 539 1179 number, or the info@brillancy.hu e-mail address.<\/p>\n<p>Can be ordered in yellow, white or rose gold colors. The jewel to the gift box optional.<\/p>\n<p>I like the diamond earrings, but blue or black diamonds did you imagine it? It&#039;s not a problem. We like to give an offer to the expected ideas. Find us confidence on the phone +36 30 539 1179 number, or the info@brillancy.hu e-mail address.<\/p>\n<p>Pay broken with gold! Damaged, old, or never used gold hiding at home in the cupboards? Bring it in to us and it will be transferred to you the chosen jewellery price!<\/p>","protected":false},"excerpt":{"rendered":"<p>14-karat gold diamond earrings brilliant cut white diamonds with decorated<\/p>","protected":false},"featured_media":9903,"comment_status":"open","ping_status":"closed","template":"","meta":[],"product_brand":[],"product_cat":[21,68],"product_tag":[],"class_list":{"0":"post-9904","1":"product","2":"type-product","3":"status-publish","4":"has-post-thumbnail","6":"product_cat-ekszerek","7":"product_cat-fulbevalo","9":"first","10":"instock","11":"shipping-taxable","12":"product-type-simple"},"yoast_head":"<!-- This site is optimized with the Yoast SEO Premium plugin v27.0 (Yoast SEO v27.0) - https:\/\/yoast.com\/product\/yoast-seo-premium-wordpress\/ -->\n<title>Moonlight gy\u00e9m\u00e1nt f\u00fclbeval\u00f3 - Brillancy<\/title>\n<meta name=\"description\" content=\"B\u00e1r t\u00f6k\u00e9letesen \u00f6sszeillenek a gy\u00e9m\u00e1nt f\u00fclbeval\u00f3 tagjai, m\u00e9gis k\u00fcl\u00f6nb\u00f6z\u0151ek. A Hold \u00e9s a tenger kapcsolata bontakozik ki ezen a mes\u00e9s \u00e9kszeren.\" \/>\n<meta name=\"robots\" content=\"index, follow, max-snippet:-1, max-image-preview:large, max-video-preview:-1\" \/>\n<link rel=\"canonical\" href=\"https:\/\/brillancy.hu\/en\/product\/moonlight-gyemant-fulbevalo\/\" \/>\n<meta property=\"og:locale\" content=\"en_GB\" \/>\n<meta property=\"og:type\" content=\"article\" \/>\n<meta property=\"og:title\" content=\"Moonlight gy\u00e9m\u00e1nt f\u00fclbeval\u00f3\" \/>\n<meta property=\"og:description\" content=\"B\u00e1r t\u00f6k\u00e9letesen \u00f6sszeillenek a gy\u00e9m\u00e1nt f\u00fclbeval\u00f3 tagjai, m\u00e9gis k\u00fcl\u00f6nb\u00f6z\u0151ek. A Hold \u00e9s a tenger kapcsolata bontakozik ki ezen a mes\u00e9s \u00e9kszeren.\" \/>\n<meta property=\"og:url\" content=\"https:\/\/brillancy.hu\/en\/product\/moonlight-gyemant-fulbevalo\/\" \/>\n<meta property=\"og:site_name\" content=\"Brillancy\" \/>\n<meta property=\"article:modified_time\" content=\"2025-04-25T17:30:42+00:00\" \/>\n<meta property=\"og:image\" content=\"https:\/\/brillancy.hu\/wp-content\/uploads\/2025\/04\/Moonlight-gyemant-fulbevalo.jpg\" \/>\n\t<meta property=\"og:image:width\" content=\"640\" \/>\n\t<meta property=\"og:image:height\" content=\"480\" \/>\n\t<meta property=\"og:image:type\" content=\"image\/jpeg\" \/>\n<meta name=\"twitter:card\" content=\"summary_large_image\" \/>\n<meta name=\"twitter:label1\" content=\"Estimated reading time\" \/>\n\t<meta name=\"twitter:data1\" content=\"2 minutes\" \/>\n<script type=\"application\/ld+json\" class=\"yoast-schema-graph\">{\"@context\":\"https:\/\/schema.org\",\"@graph\":[{\"@type\":\"WebPage\",\"@id\":\"https:\/\/brillancy.hu\/product\/moonlight-gyemant-fulbevalo\/\",\"url\":\"https:\/\/brillancy.hu\/product\/moonlight-gyemant-fulbevalo\/\",\"name\":\"Moonlight gy\u00e9m\u00e1nt f\u00fclbeval\u00f3 - Brillancy\",\"isPartOf\":{\"@id\":\"https:\/\/brillancy.hu\/#website\"},\"primaryImageOfPage\":{\"@id\":\"https:\/\/brillancy.hu\/product\/moonlight-gyemant-fulbevalo\/#primaryimage\"},\"image\":{\"@id\":\"https:\/\/brillancy.hu\/product\/moonlight-gyemant-fulbevalo\/#primaryimage\"},\"thumbnailUrl\":\"https:\/\/brillancy.hu\/wp-content\/uploads\/2025\/04\/Moonlight-gyemant-fulbevalo.jpg\",\"datePublished\":\"2025-04-22T17:54:55+00:00\",\"dateModified\":\"2025-04-25T17:30:42+00:00\",\"description\":\"B\u00e1r t\u00f6k\u00e9letesen \u00f6sszeillenek a gy\u00e9m\u00e1nt f\u00fclbeval\u00f3 tagjai, m\u00e9gis k\u00fcl\u00f6nb\u00f6z\u0151ek. A Hold \u00e9s a tenger kapcsolata bontakozik ki ezen a mes\u00e9s \u00e9kszeren.\",\"breadcrumb\":{\"@id\":\"https:\/\/brillancy.hu\/product\/moonlight-gyemant-fulbevalo\/#breadcrumb\"},\"inLanguage\":\"en-GB\",\"potentialAction\":[{\"@type\":\"ReadAction\",\"target\":[\"https:\/\/brillancy.hu\/product\/moonlight-gyemant-fulbevalo\/\"]}]},{\"@type\":\"ImageObject\",\"inLanguage\":\"en-GB\",\"@id\":\"https:\/\/brillancy.hu\/product\/moonlight-gyemant-fulbevalo\/#primaryimage\",\"url\":\"https:\/\/brillancy.hu\/wp-content\/uploads\/2025\/04\/Moonlight-gyemant-fulbevalo.jpg\",\"contentUrl\":\"https:\/\/brillancy.hu\/wp-content\/uploads\/2025\/04\/Moonlight-gyemant-fulbevalo.jpg\",\"width\":640,\"height\":480,\"caption\":\"14 kar\u00e1tos arany gy\u00e9m\u00e1nt f\u00fclbeval\u00f3\"},{\"@type\":\"BreadcrumbList\",\"@id\":\"https:\/\/brillancy.hu\/product\/moonlight-gyemant-fulbevalo\/#breadcrumb\",\"itemListElement\":[{\"@type\":\"ListItem\",\"position\":1,\"name\":\"Home\",\"item\":\"https:\/\/brillancy.hu\/\"},{\"@type\":\"ListItem\",\"position\":2,\"name\":\"Term\u00e9kek\",\"item\":\"https:\/\/brillancy.hu\/termekek\/\"},{\"@type\":\"ListItem\",\"position\":3,\"name\":\"Moonlight gy\u00e9m\u00e1nt f\u00fclbeval\u00f3\"}]},{\"@type\":\"WebSite\",\"@id\":\"https:\/\/brillancy.hu\/#website\",\"url\":\"https:\/\/brillancy.hu\/\",\"name\":\"Brillancy\",\"description\":\"\",\"potentialAction\":[{\"@type\":\"SearchAction\",\"target\":{\"@type\":\"EntryPoint\",\"urlTemplate\":\"https:\/\/brillancy.hu\/?s={search_term_string}\"},\"query-input\":{\"@type\":\"PropertyValueSpecification\",\"valueRequired\":true,\"valueName\":\"search_term_string\"}}],\"inLanguage\":\"en-GB\"}]}<\/script>\n<!-- \/ Yoast SEO Premium plugin. -->","yoast_head_json":{"title":"Moonlight gy\u00e9m\u00e1nt f\u00fclbeval\u00f3 - Brillancy","description":"B\u00e1r t\u00f6k\u00e9letesen \u00f6sszeillenek a gy\u00e9m\u00e1nt f\u00fclbeval\u00f3 tagjai, m\u00e9gis k\u00fcl\u00f6nb\u00f6z\u0151ek. A Hold \u00e9s a tenger kapcsolata bontakozik ki ezen a mes\u00e9s \u00e9kszeren.","robots":{"index":"index","follow":"follow","max-snippet":"max-snippet:-1","max-image-preview":"max-image-preview:large","max-video-preview":"max-video-preview:-1"},"canonical":"https:\/\/brillancy.hu\/en\/product\/moonlight-gyemant-fulbevalo\/","og_locale":"en_GB","og_type":"article","og_title":"Moonlight gy\u00e9m\u00e1nt f\u00fclbeval\u00f3","og_description":"B\u00e1r t\u00f6k\u00e9letesen \u00f6sszeillenek a gy\u00e9m\u00e1nt f\u00fclbeval\u00f3 tagjai, m\u00e9gis k\u00fcl\u00f6nb\u00f6z\u0151ek. A Hold \u00e9s a tenger kapcsolata bontakozik ki ezen a mes\u00e9s \u00e9kszeren.","og_url":"https:\/\/brillancy.hu\/en\/product\/moonlight-gyemant-fulbevalo\/","og_site_name":"Brillancy","article_modified_time":"2025-04-25T17:30:42+00:00","og_image":[{"width":640,"height":480,"url":"https:\/\/brillancy.hu\/wp-content\/uploads\/2025\/04\/Moonlight-gyemant-fulbevalo.jpg","type":"image\/jpeg"}],"twitter_card":"summary_large_image","twitter_misc":{"Estimated reading time":"2 minutes"},"schema":{"@context":"https:\/\/schema.org","@graph":[{"@type":"WebPage","@id":"https:\/\/brillancy.hu\/product\/moonlight-gyemant-fulbevalo\/","url":"https:\/\/brillancy.hu\/product\/moonlight-gyemant-fulbevalo\/","name":"Moonlight gy\u00e9m\u00e1nt f\u00fclbeval\u00f3 - Brillancy","isPartOf":{"@id":"https:\/\/brillancy.hu\/#website"},"primaryImageOfPage":{"@id":"https:\/\/brillancy.hu\/product\/moonlight-gyemant-fulbevalo\/#primaryimage"},"image":{"@id":"https:\/\/brillancy.hu\/product\/moonlight-gyemant-fulbevalo\/#primaryimage"},"thumbnailUrl":"https:\/\/brillancy.hu\/wp-content\/uploads\/2025\/04\/Moonlight-gyemant-fulbevalo.jpg","datePublished":"2025-04-22T17:54:55+00:00","dateModified":"2025-04-25T17:30:42+00:00","description":"B\u00e1r t\u00f6k\u00e9letesen \u00f6sszeillenek a gy\u00e9m\u00e1nt f\u00fclbeval\u00f3 tagjai, m\u00e9gis k\u00fcl\u00f6nb\u00f6z\u0151ek. A Hold \u00e9s a tenger kapcsolata bontakozik ki ezen a mes\u00e9s \u00e9kszeren.","breadcrumb":{"@id":"https:\/\/brillancy.hu\/product\/moonlight-gyemant-fulbevalo\/#breadcrumb"},"inLanguage":"en-GB","potentialAction":[{"@type":"ReadAction","target":["https:\/\/brillancy.hu\/product\/moonlight-gyemant-fulbevalo\/"]}]},{"@type":"ImageObject","inLanguage":"en-GB","@id":"https:\/\/brillancy.hu\/product\/moonlight-gyemant-fulbevalo\/#primaryimage","url":"https:\/\/brillancy.hu\/wp-content\/uploads\/2025\/04\/Moonlight-gyemant-fulbevalo.jpg","contentUrl":"https:\/\/brillancy.hu\/wp-content\/uploads\/2025\/04\/Moonlight-gyemant-fulbevalo.jpg","width":640,"height":480,"caption":"14 kar\u00e1tos arany gy\u00e9m\u00e1nt f\u00fclbeval\u00f3"},{"@type":"BreadcrumbList","@id":"https:\/\/brillancy.hu\/product\/moonlight-gyemant-fulbevalo\/#breadcrumb","itemListElement":[{"@type":"ListItem","position":1,"name":"Home","item":"https:\/\/brillancy.hu\/"},{"@type":"ListItem","position":2,"name":"Term\u00e9kek","item":"https:\/\/brillancy.hu\/termekek\/"},{"@type":"ListItem","position":3,"name":"Moonlight gy\u00e9m\u00e1nt f\u00fclbeval\u00f3"}]},{"@type":"WebSite","@id":"https:\/\/brillancy.hu\/#website","url":"https:\/\/brillancy.hu\/","name":"Brillancy","description":"","potentialAction":[{"@type":"SearchAction","target":{"@type":"EntryPoint","urlTemplate":"https:\/\/brillancy.hu\/?s={search_term_string}"},"query-input":{"@type":"PropertyValueSpecification","valueRequired":true,"valueName":"search_term_string"}}],"inLanguage":"en-GB"}]}},"_links":{"self":[{"href":"https:\/\/brillancy.hu\/en\/wp-json\/wp\/v2\/product\/9904","targetHints":{"allow":["GET"]}}],"collection":[{"href":"https:\/\/brillancy.hu\/en\/wp-json\/wp\/v2\/product"}],"about":[{"href":"https:\/\/brillancy.hu\/en\/wp-json\/wp\/v2\/types\/product"}],"replies":[{"embeddable":true,"href":"https:\/\/brillancy.hu\/en\/wp-json\/wp\/v2\/comments?post=9904"}],"wp:featuredmedia":[{"embeddable":true,"href":"https:\/\/brillancy.hu\/en\/wp-json\/wp\/v2\/media\/9903"}],"wp:attachment":[{"href":"https:\/\/brillancy.hu\/en\/wp-json\/wp\/v2\/media?parent=9904"}],"wp:term":[{"taxonomy":"product_brand","embeddable":true,"href":"https:\/\/brillancy.hu\/en\/wp-json\/wp\/v2\/product_brand?post=9904"},{"taxonomy":"product_cat","embeddable":true,"href":"https:\/\/brillancy.hu\/en\/wp-json\/wp\/v2\/product_cat?post=9904"},{"taxonomy":"product_tag","embeddable":true,"href":"https:\/\/brillancy.hu\/en\/wp-json\/wp\/v2\/product_tag?post=9904"}],"curies":[{"name":"wp","href":"https:\/\/api.w.org\/{rel}","templated":true}]}}