{"id":9902,"date":"2025-04-22T18:38:12","date_gmt":"2025-04-22T17:38:12","guid":{"rendered":"https:\/\/brillancy.hu\/?post_type=product&#038;p=9902"},"modified":"2025-04-28T13:24:10","modified_gmt":"2025-04-28T12:24:10","slug":"odiel-brill-fulbevalo","status":"publish","type":"product","link":"https:\/\/brillancy.hu\/en\/product\/odiel-brill-fulbevalo\/","title":{"rendered":"Odi&#039;re brill earrings"},"content":{"rendered":"<p><b>Odi&#039;re brill earrings<\/b><\/p>\n<div>\n<div><\/div>\n<div><strong>The designer&#039;s recommendation:<\/strong><\/div>\n<\/div>\n<p>Modern style gold brill earrings for those who love the delicate and special lines of jewelry. Oval shape, but the bottom and top of a little pointy. This little square is great offset and complement the curves. The lower part is still small brilliant cut diamonds throw on shine through their. Rugged, at the same time, in the middle of a breakthrough, thanks to the airy piece.<\/p>\n<ul>\n<li><b>Material:<\/b>\u00a0gold<\/li>\n<li><b>Fineness<\/b>: 585 thousandth, 14 carat<\/li>\n<li><b>Gemstone<\/b>: brilliant cut diamond<\/li>\n<\/ul>\n<p>&nbsp;<\/p>\n<p><strong>Eternal life guarantee:<\/strong> the jewelry structure of the material errors and gems<\/p>\n<p>The average production time is 4-6 weeks. If you have any important date for which you want the product, please contact with us by phone +36 30 539 1179 number, or the info@brillancy.hu e-mail address.<\/p>\n<p>Can be ordered in yellow, white or rose gold colors. The jewel to the gift box optional.<\/p>\n<p><strong>I like the odi&#039;re brill earrings, but blue or black diamonds did you imagine it?<\/strong> It&#039;s not a problem. We like to give an offer to the expected ideas. Find us confidence on the phone +36 30 539 1179 number, or the info@brillancy.hu e-mail address.<\/p>\n<p><strong>Pay scrap gold<\/strong> Damaged, old, or never used gold hiding at home in the cupboards? Bring it in to us and it will be transferred to you the chosen jewellery price.<\/p>","protected":false},"excerpt":{"rendered":"<p>14-karat gold brill earrings brilliant cut white diamonds with decorated<\/p>","protected":false},"featured_media":9901,"comment_status":"open","ping_status":"closed","template":"","meta":[],"product_brand":[],"product_cat":[21,68],"product_tag":[],"class_list":{"0":"post-9902","1":"product","2":"type-product","3":"status-publish","4":"has-post-thumbnail","6":"product_cat-ekszerek","7":"product_cat-fulbevalo","9":"first","10":"instock","11":"shipping-taxable","12":"product-type-simple"},"yoast_head":"<!-- This site is optimized with the Yoast SEO Premium plugin v27.0 (Yoast SEO v27.0) - https:\/\/yoast.com\/product\/yoast-seo-premium-wordpress\/ -->\n<title>Odiel brill f\u00fclbeval\u00f3 - Brillancy<\/title>\n<meta name=\"description\" content=\"Modern st\u00edlus\u00fa Odiel brill f\u00fclbeval\u00f3 azoknak, akik szeretik a finom \u00e9s k\u00fcl\u00f6nleges vonalvezet\u00e9s\u0171 \u00e9kszereket. Ov\u00e1lis form\u00e1j\u00fa, de alul \u00e9s fel\u00fcl kiss\u00e9 cs\u00facsos.\" \/>\n<meta name=\"robots\" content=\"index, follow, max-snippet:-1, max-image-preview:large, max-video-preview:-1\" \/>\n<link rel=\"canonical\" href=\"https:\/\/brillancy.hu\/en\/product\/odiel-brill-fulbevalo\/\" \/>\n<meta property=\"og:locale\" content=\"en_GB\" \/>\n<meta property=\"og:type\" content=\"article\" \/>\n<meta property=\"og:title\" content=\"Odiel brill f\u00fclbeval\u00f3\" \/>\n<meta property=\"og:description\" content=\"Modern st\u00edlus\u00fa Odiel brill f\u00fclbeval\u00f3 azoknak, akik szeretik a finom \u00e9s k\u00fcl\u00f6nleges vonalvezet\u00e9s\u0171 \u00e9kszereket. Ov\u00e1lis form\u00e1j\u00fa, de alul \u00e9s fel\u00fcl kiss\u00e9 cs\u00facsos.\" \/>\n<meta property=\"og:url\" content=\"https:\/\/brillancy.hu\/en\/product\/odiel-brill-fulbevalo\/\" \/>\n<meta property=\"og:site_name\" content=\"Brillancy\" \/>\n<meta property=\"article:modified_time\" content=\"2025-04-28T12:24:10+00:00\" \/>\n<meta property=\"og:image\" content=\"https:\/\/brillancy.hu\/wp-content\/uploads\/2025\/04\/Odiel-brill-fulbevalo.jpg\" \/>\n\t<meta property=\"og:image:width\" content=\"640\" \/>\n\t<meta property=\"og:image:height\" content=\"480\" \/>\n\t<meta property=\"og:image:type\" content=\"image\/jpeg\" \/>\n<meta name=\"twitter:card\" content=\"summary_large_image\" \/>\n<meta name=\"twitter:label1\" content=\"Estimated reading time\" \/>\n\t<meta name=\"twitter:data1\" content=\"2 minutes\" \/>\n<script type=\"application\/ld+json\" class=\"yoast-schema-graph\">{\"@context\":\"https:\/\/schema.org\",\"@graph\":[{\"@type\":\"WebPage\",\"@id\":\"https:\/\/brillancy.hu\/product\/odiel-brill-fulbevalo\/\",\"url\":\"https:\/\/brillancy.hu\/product\/odiel-brill-fulbevalo\/\",\"name\":\"Odiel brill f\u00fclbeval\u00f3 - Brillancy\",\"isPartOf\":{\"@id\":\"https:\/\/brillancy.hu\/#website\"},\"primaryImageOfPage\":{\"@id\":\"https:\/\/brillancy.hu\/product\/odiel-brill-fulbevalo\/#primaryimage\"},\"image\":{\"@id\":\"https:\/\/brillancy.hu\/product\/odiel-brill-fulbevalo\/#primaryimage\"},\"thumbnailUrl\":\"https:\/\/brillancy.hu\/wp-content\/uploads\/2025\/04\/Odiel-brill-fulbevalo.jpg\",\"datePublished\":\"2025-04-22T17:38:12+00:00\",\"dateModified\":\"2025-04-28T12:24:10+00:00\",\"description\":\"Modern st\u00edlus\u00fa Odiel brill f\u00fclbeval\u00f3 azoknak, akik szeretik a finom \u00e9s k\u00fcl\u00f6nleges vonalvezet\u00e9s\u0171 \u00e9kszereket. Ov\u00e1lis form\u00e1j\u00fa, de alul \u00e9s fel\u00fcl kiss\u00e9 cs\u00facsos.\",\"breadcrumb\":{\"@id\":\"https:\/\/brillancy.hu\/product\/odiel-brill-fulbevalo\/#breadcrumb\"},\"inLanguage\":\"en-GB\",\"potentialAction\":[{\"@type\":\"ReadAction\",\"target\":[\"https:\/\/brillancy.hu\/product\/odiel-brill-fulbevalo\/\"]}]},{\"@type\":\"ImageObject\",\"inLanguage\":\"en-GB\",\"@id\":\"https:\/\/brillancy.hu\/product\/odiel-brill-fulbevalo\/#primaryimage\",\"url\":\"https:\/\/brillancy.hu\/wp-content\/uploads\/2025\/04\/Odiel-brill-fulbevalo.jpg\",\"contentUrl\":\"https:\/\/brillancy.hu\/wp-content\/uploads\/2025\/04\/Odiel-brill-fulbevalo.jpg\",\"width\":640,\"height\":480,\"caption\":\"14 kar\u00e1tos brill f\u00fclbeval\u00f3\"},{\"@type\":\"BreadcrumbList\",\"@id\":\"https:\/\/brillancy.hu\/product\/odiel-brill-fulbevalo\/#breadcrumb\",\"itemListElement\":[{\"@type\":\"ListItem\",\"position\":1,\"name\":\"Home\",\"item\":\"https:\/\/brillancy.hu\/\"},{\"@type\":\"ListItem\",\"position\":2,\"name\":\"Term\u00e9kek\",\"item\":\"https:\/\/brillancy.hu\/termekek\/\"},{\"@type\":\"ListItem\",\"position\":3,\"name\":\"Odiel brill f\u00fclbeval\u00f3\"}]},{\"@type\":\"WebSite\",\"@id\":\"https:\/\/brillancy.hu\/#website\",\"url\":\"https:\/\/brillancy.hu\/\",\"name\":\"Brillancy\",\"description\":\"\",\"potentialAction\":[{\"@type\":\"SearchAction\",\"target\":{\"@type\":\"EntryPoint\",\"urlTemplate\":\"https:\/\/brillancy.hu\/?s={search_term_string}\"},\"query-input\":{\"@type\":\"PropertyValueSpecification\",\"valueRequired\":true,\"valueName\":\"search_term_string\"}}],\"inLanguage\":\"en-GB\"}]}<\/script>\n<!-- \/ Yoast SEO Premium plugin. -->","yoast_head_json":{"title":"Odiel brill f\u00fclbeval\u00f3 - Brillancy","description":"Modern st\u00edlus\u00fa Odiel brill f\u00fclbeval\u00f3 azoknak, akik szeretik a finom \u00e9s k\u00fcl\u00f6nleges vonalvezet\u00e9s\u0171 \u00e9kszereket. Ov\u00e1lis form\u00e1j\u00fa, de alul \u00e9s fel\u00fcl kiss\u00e9 cs\u00facsos.","robots":{"index":"index","follow":"follow","max-snippet":"max-snippet:-1","max-image-preview":"max-image-preview:large","max-video-preview":"max-video-preview:-1"},"canonical":"https:\/\/brillancy.hu\/en\/product\/odiel-brill-fulbevalo\/","og_locale":"en_GB","og_type":"article","og_title":"Odiel brill f\u00fclbeval\u00f3","og_description":"Modern st\u00edlus\u00fa Odiel brill f\u00fclbeval\u00f3 azoknak, akik szeretik a finom \u00e9s k\u00fcl\u00f6nleges vonalvezet\u00e9s\u0171 \u00e9kszereket. Ov\u00e1lis form\u00e1j\u00fa, de alul \u00e9s fel\u00fcl kiss\u00e9 cs\u00facsos.","og_url":"https:\/\/brillancy.hu\/en\/product\/odiel-brill-fulbevalo\/","og_site_name":"Brillancy","article_modified_time":"2025-04-28T12:24:10+00:00","og_image":[{"width":640,"height":480,"url":"https:\/\/brillancy.hu\/wp-content\/uploads\/2025\/04\/Odiel-brill-fulbevalo.jpg","type":"image\/jpeg"}],"twitter_card":"summary_large_image","twitter_misc":{"Estimated reading time":"2 minutes"},"schema":{"@context":"https:\/\/schema.org","@graph":[{"@type":"WebPage","@id":"https:\/\/brillancy.hu\/product\/odiel-brill-fulbevalo\/","url":"https:\/\/brillancy.hu\/product\/odiel-brill-fulbevalo\/","name":"Odiel brill f\u00fclbeval\u00f3 - Brillancy","isPartOf":{"@id":"https:\/\/brillancy.hu\/#website"},"primaryImageOfPage":{"@id":"https:\/\/brillancy.hu\/product\/odiel-brill-fulbevalo\/#primaryimage"},"image":{"@id":"https:\/\/brillancy.hu\/product\/odiel-brill-fulbevalo\/#primaryimage"},"thumbnailUrl":"https:\/\/brillancy.hu\/wp-content\/uploads\/2025\/04\/Odiel-brill-fulbevalo.jpg","datePublished":"2025-04-22T17:38:12+00:00","dateModified":"2025-04-28T12:24:10+00:00","description":"Modern st\u00edlus\u00fa Odiel brill f\u00fclbeval\u00f3 azoknak, akik szeretik a finom \u00e9s k\u00fcl\u00f6nleges vonalvezet\u00e9s\u0171 \u00e9kszereket. Ov\u00e1lis form\u00e1j\u00fa, de alul \u00e9s fel\u00fcl kiss\u00e9 cs\u00facsos.","breadcrumb":{"@id":"https:\/\/brillancy.hu\/product\/odiel-brill-fulbevalo\/#breadcrumb"},"inLanguage":"en-GB","potentialAction":[{"@type":"ReadAction","target":["https:\/\/brillancy.hu\/product\/odiel-brill-fulbevalo\/"]}]},{"@type":"ImageObject","inLanguage":"en-GB","@id":"https:\/\/brillancy.hu\/product\/odiel-brill-fulbevalo\/#primaryimage","url":"https:\/\/brillancy.hu\/wp-content\/uploads\/2025\/04\/Odiel-brill-fulbevalo.jpg","contentUrl":"https:\/\/brillancy.hu\/wp-content\/uploads\/2025\/04\/Odiel-brill-fulbevalo.jpg","width":640,"height":480,"caption":"14 kar\u00e1tos brill f\u00fclbeval\u00f3"},{"@type":"BreadcrumbList","@id":"https:\/\/brillancy.hu\/product\/odiel-brill-fulbevalo\/#breadcrumb","itemListElement":[{"@type":"ListItem","position":1,"name":"Home","item":"https:\/\/brillancy.hu\/"},{"@type":"ListItem","position":2,"name":"Term\u00e9kek","item":"https:\/\/brillancy.hu\/termekek\/"},{"@type":"ListItem","position":3,"name":"Odiel brill f\u00fclbeval\u00f3"}]},{"@type":"WebSite","@id":"https:\/\/brillancy.hu\/#website","url":"https:\/\/brillancy.hu\/","name":"Brillancy","description":"","potentialAction":[{"@type":"SearchAction","target":{"@type":"EntryPoint","urlTemplate":"https:\/\/brillancy.hu\/?s={search_term_string}"},"query-input":{"@type":"PropertyValueSpecification","valueRequired":true,"valueName":"search_term_string"}}],"inLanguage":"en-GB"}]}},"_links":{"self":[{"href":"https:\/\/brillancy.hu\/en\/wp-json\/wp\/v2\/product\/9902","targetHints":{"allow":["GET"]}}],"collection":[{"href":"https:\/\/brillancy.hu\/en\/wp-json\/wp\/v2\/product"}],"about":[{"href":"https:\/\/brillancy.hu\/en\/wp-json\/wp\/v2\/types\/product"}],"replies":[{"embeddable":true,"href":"https:\/\/brillancy.hu\/en\/wp-json\/wp\/v2\/comments?post=9902"}],"wp:featuredmedia":[{"embeddable":true,"href":"https:\/\/brillancy.hu\/en\/wp-json\/wp\/v2\/media\/9901"}],"wp:attachment":[{"href":"https:\/\/brillancy.hu\/en\/wp-json\/wp\/v2\/media?parent=9902"}],"wp:term":[{"taxonomy":"product_brand","embeddable":true,"href":"https:\/\/brillancy.hu\/en\/wp-json\/wp\/v2\/product_brand?post=9902"},{"taxonomy":"product_cat","embeddable":true,"href":"https:\/\/brillancy.hu\/en\/wp-json\/wp\/v2\/product_cat?post=9902"},{"taxonomy":"product_tag","embeddable":true,"href":"https:\/\/brillancy.hu\/en\/wp-json\/wp\/v2\/product_tag?post=9902"}],"curies":[{"name":"wp","href":"https:\/\/api.w.org\/{rel}","templated":true}]}}