{"id":9899,"date":"2025-04-22T18:13:01","date_gmt":"2025-04-22T17:13:01","guid":{"rendered":"https:\/\/brillancy.hu\/?post_type=product&#038;p=9899"},"modified":"2025-04-28T13:27:13","modified_gmt":"2025-04-28T12:27:13","slug":"velero-brill-fulbevalo","status":"publish","type":"product","link":"https:\/\/brillancy.hu\/en\/product\/velero-brill-fulbevalo\/","title":{"rendered":"Velero brill earrings"},"content":{"rendered":"<p><b>Velero brill earrings<\/b><\/p>\n<div>\n<div><\/div>\n<div><strong>The designer&#039;s recommendation:<\/strong><\/div>\n<\/div>\n<p>This 14-karat gold brill earrings protruding shape and beautiful arc with like a sail that catches the wind. In the middle breakthrough elongated drop shape emerges, which k\u00f6nnyedd\u00e9 and elegant, makes the jewelry. Beautiful glamour borrowed, below many tiny brill located. Aka brilliant cut diamonds. Special and modern wear even in everyday life, whether it&#039;s casual events.<\/p>\n<ul>\n<li><b>Material:<\/b>\u00a0gold<\/li>\n<li><b>Fineness<\/b>: 585 thousandth, 14 carat<\/li>\n<li><b>Gemstone<\/b>: brilliant cut diamond<\/li>\n<\/ul>\n<p>&nbsp;<\/p>\n<p><strong>Eternal life guarantee:<\/strong> the jewelry structure of the material errors and gems<\/p>\n<p>The average production time is 4-6 weeks. If you have any important date for which you want the product, please contact with us by phone +36 30 539 1179 number, or the info@brillancy.hu e-mail address.<\/p>\n<p><strong>Can be ordered in yellow, white or rose gold colors.<\/strong> The jewel to the gift box optional.<\/p>\n<p><strong>I like the Velero brill earrings, but blue or black diamonds did you imagine it?<\/strong> It&#039;s not a problem. We like to give an offer to the expected ideas. Find us confidence on the phone +36 30 539 1179 number, or the info@brillancy.hu e-mail address.<\/p>\n<p><strong>Pay scrap gold<\/strong> Damaged, old, or never used gold hiding at home in the cupboards? Bring it in to us and it will be transferred to you the chosen jewellery price.<\/p>","protected":false},"excerpt":{"rendered":"<p>14-karat gold brill earrings brilliant cut white diamonds with decorated<\/p>","protected":false},"featured_media":9898,"comment_status":"open","ping_status":"closed","template":"","meta":[],"product_brand":[],"product_cat":[21,68],"product_tag":[],"class_list":{"0":"post-9899","1":"product","2":"type-product","3":"status-publish","4":"has-post-thumbnail","6":"product_cat-ekszerek","7":"product_cat-fulbevalo","9":"first","10":"instock","11":"shipping-taxable","12":"product-type-simple"},"yoast_head":"<!-- This site is optimized with the Yoast SEO Premium plugin v27.0 (Yoast SEO v27.0) - https:\/\/yoast.com\/product\/yoast-seo-premium-wordpress\/ -->\n<title>Velero brill f\u00fclbeval\u00f3 - Brillancy<\/title>\n<meta name=\"description\" content=\"A Velero brill f\u00fclbeval\u00f3 kidomborod\u00f3 form\u00e1j\u00e1val \u00e9s sz\u00e9p \u00edveivel olyan ak\u00e1r egy vitorl\u00e1s. K\u00f6z\u00e9pen \u00e1tt\u00f6rt hossz\u00fak\u00e1s csepp alak rajzol\u00f3dik ki.\" \/>\n<meta name=\"robots\" content=\"index, follow, max-snippet:-1, max-image-preview:large, max-video-preview:-1\" \/>\n<link rel=\"canonical\" href=\"https:\/\/brillancy.hu\/en\/product\/velero-brill-fulbevalo\/\" \/>\n<meta property=\"og:locale\" content=\"en_GB\" \/>\n<meta property=\"og:type\" content=\"article\" \/>\n<meta property=\"og:title\" content=\"Velero brill f\u00fclbeval\u00f3\" \/>\n<meta property=\"og:description\" content=\"A Velero brill f\u00fclbeval\u00f3 kidomborod\u00f3 form\u00e1j\u00e1val \u00e9s sz\u00e9p \u00edveivel olyan ak\u00e1r egy vitorl\u00e1s. K\u00f6z\u00e9pen \u00e1tt\u00f6rt hossz\u00fak\u00e1s csepp alak rajzol\u00f3dik ki.\" \/>\n<meta property=\"og:url\" content=\"https:\/\/brillancy.hu\/en\/product\/velero-brill-fulbevalo\/\" \/>\n<meta property=\"og:site_name\" content=\"Brillancy\" \/>\n<meta property=\"article:modified_time\" content=\"2025-04-28T12:27:13+00:00\" \/>\n<meta property=\"og:image\" content=\"https:\/\/brillancy.hu\/wp-content\/uploads\/2025\/04\/Velero-brill-fulbevalo.jpg\" \/>\n\t<meta property=\"og:image:width\" content=\"640\" \/>\n\t<meta property=\"og:image:height\" content=\"480\" \/>\n\t<meta property=\"og:image:type\" content=\"image\/jpeg\" \/>\n<meta name=\"twitter:card\" content=\"summary_large_image\" \/>\n<meta name=\"twitter:label1\" content=\"Estimated reading time\" \/>\n\t<meta name=\"twitter:data1\" content=\"2 minutes\" \/>\n<script type=\"application\/ld+json\" class=\"yoast-schema-graph\">{\"@context\":\"https:\/\/schema.org\",\"@graph\":[{\"@type\":\"WebPage\",\"@id\":\"https:\/\/brillancy.hu\/product\/velero-brill-fulbevalo\/\",\"url\":\"https:\/\/brillancy.hu\/product\/velero-brill-fulbevalo\/\",\"name\":\"Velero brill f\u00fclbeval\u00f3 - Brillancy\",\"isPartOf\":{\"@id\":\"https:\/\/brillancy.hu\/#website\"},\"primaryImageOfPage\":{\"@id\":\"https:\/\/brillancy.hu\/product\/velero-brill-fulbevalo\/#primaryimage\"},\"image\":{\"@id\":\"https:\/\/brillancy.hu\/product\/velero-brill-fulbevalo\/#primaryimage\"},\"thumbnailUrl\":\"https:\/\/brillancy.hu\/wp-content\/uploads\/2025\/04\/Velero-brill-fulbevalo.jpg\",\"datePublished\":\"2025-04-22T17:13:01+00:00\",\"dateModified\":\"2025-04-28T12:27:13+00:00\",\"description\":\"A Velero brill f\u00fclbeval\u00f3 kidomborod\u00f3 form\u00e1j\u00e1val \u00e9s sz\u00e9p \u00edveivel olyan ak\u00e1r egy vitorl\u00e1s. K\u00f6z\u00e9pen \u00e1tt\u00f6rt hossz\u00fak\u00e1s csepp alak rajzol\u00f3dik ki.\",\"breadcrumb\":{\"@id\":\"https:\/\/brillancy.hu\/product\/velero-brill-fulbevalo\/#breadcrumb\"},\"inLanguage\":\"en-GB\",\"potentialAction\":[{\"@type\":\"ReadAction\",\"target\":[\"https:\/\/brillancy.hu\/product\/velero-brill-fulbevalo\/\"]}]},{\"@type\":\"ImageObject\",\"inLanguage\":\"en-GB\",\"@id\":\"https:\/\/brillancy.hu\/product\/velero-brill-fulbevalo\/#primaryimage\",\"url\":\"https:\/\/brillancy.hu\/wp-content\/uploads\/2025\/04\/Velero-brill-fulbevalo.jpg\",\"contentUrl\":\"https:\/\/brillancy.hu\/wp-content\/uploads\/2025\/04\/Velero-brill-fulbevalo.jpg\",\"width\":640,\"height\":480,\"caption\":\"14 kar\u00e1tos arany brill f\u00fclbeval\u00f3\"},{\"@type\":\"BreadcrumbList\",\"@id\":\"https:\/\/brillancy.hu\/product\/velero-brill-fulbevalo\/#breadcrumb\",\"itemListElement\":[{\"@type\":\"ListItem\",\"position\":1,\"name\":\"Home\",\"item\":\"https:\/\/brillancy.hu\/\"},{\"@type\":\"ListItem\",\"position\":2,\"name\":\"Term\u00e9kek\",\"item\":\"https:\/\/brillancy.hu\/termekek\/\"},{\"@type\":\"ListItem\",\"position\":3,\"name\":\"Velero brill f\u00fclbeval\u00f3\"}]},{\"@type\":\"WebSite\",\"@id\":\"https:\/\/brillancy.hu\/#website\",\"url\":\"https:\/\/brillancy.hu\/\",\"name\":\"Brillancy\",\"description\":\"\",\"potentialAction\":[{\"@type\":\"SearchAction\",\"target\":{\"@type\":\"EntryPoint\",\"urlTemplate\":\"https:\/\/brillancy.hu\/?s={search_term_string}\"},\"query-input\":{\"@type\":\"PropertyValueSpecification\",\"valueRequired\":true,\"valueName\":\"search_term_string\"}}],\"inLanguage\":\"en-GB\"}]}<\/script>\n<!-- \/ Yoast SEO Premium plugin. -->","yoast_head_json":{"title":"Velero brill f\u00fclbeval\u00f3 - Brillancy","description":"A Velero brill f\u00fclbeval\u00f3 kidomborod\u00f3 form\u00e1j\u00e1val \u00e9s sz\u00e9p \u00edveivel olyan ak\u00e1r egy vitorl\u00e1s. K\u00f6z\u00e9pen \u00e1tt\u00f6rt hossz\u00fak\u00e1s csepp alak rajzol\u00f3dik ki.","robots":{"index":"index","follow":"follow","max-snippet":"max-snippet:-1","max-image-preview":"max-image-preview:large","max-video-preview":"max-video-preview:-1"},"canonical":"https:\/\/brillancy.hu\/en\/product\/velero-brill-fulbevalo\/","og_locale":"en_GB","og_type":"article","og_title":"Velero brill f\u00fclbeval\u00f3","og_description":"A Velero brill f\u00fclbeval\u00f3 kidomborod\u00f3 form\u00e1j\u00e1val \u00e9s sz\u00e9p \u00edveivel olyan ak\u00e1r egy vitorl\u00e1s. K\u00f6z\u00e9pen \u00e1tt\u00f6rt hossz\u00fak\u00e1s csepp alak rajzol\u00f3dik ki.","og_url":"https:\/\/brillancy.hu\/en\/product\/velero-brill-fulbevalo\/","og_site_name":"Brillancy","article_modified_time":"2025-04-28T12:27:13+00:00","og_image":[{"width":640,"height":480,"url":"https:\/\/brillancy.hu\/wp-content\/uploads\/2025\/04\/Velero-brill-fulbevalo.jpg","type":"image\/jpeg"}],"twitter_card":"summary_large_image","twitter_misc":{"Estimated reading time":"2 minutes"},"schema":{"@context":"https:\/\/schema.org","@graph":[{"@type":"WebPage","@id":"https:\/\/brillancy.hu\/product\/velero-brill-fulbevalo\/","url":"https:\/\/brillancy.hu\/product\/velero-brill-fulbevalo\/","name":"Velero brill f\u00fclbeval\u00f3 - Brillancy","isPartOf":{"@id":"https:\/\/brillancy.hu\/#website"},"primaryImageOfPage":{"@id":"https:\/\/brillancy.hu\/product\/velero-brill-fulbevalo\/#primaryimage"},"image":{"@id":"https:\/\/brillancy.hu\/product\/velero-brill-fulbevalo\/#primaryimage"},"thumbnailUrl":"https:\/\/brillancy.hu\/wp-content\/uploads\/2025\/04\/Velero-brill-fulbevalo.jpg","datePublished":"2025-04-22T17:13:01+00:00","dateModified":"2025-04-28T12:27:13+00:00","description":"A Velero brill f\u00fclbeval\u00f3 kidomborod\u00f3 form\u00e1j\u00e1val \u00e9s sz\u00e9p \u00edveivel olyan ak\u00e1r egy vitorl\u00e1s. K\u00f6z\u00e9pen \u00e1tt\u00f6rt hossz\u00fak\u00e1s csepp alak rajzol\u00f3dik ki.","breadcrumb":{"@id":"https:\/\/brillancy.hu\/product\/velero-brill-fulbevalo\/#breadcrumb"},"inLanguage":"en-GB","potentialAction":[{"@type":"ReadAction","target":["https:\/\/brillancy.hu\/product\/velero-brill-fulbevalo\/"]}]},{"@type":"ImageObject","inLanguage":"en-GB","@id":"https:\/\/brillancy.hu\/product\/velero-brill-fulbevalo\/#primaryimage","url":"https:\/\/brillancy.hu\/wp-content\/uploads\/2025\/04\/Velero-brill-fulbevalo.jpg","contentUrl":"https:\/\/brillancy.hu\/wp-content\/uploads\/2025\/04\/Velero-brill-fulbevalo.jpg","width":640,"height":480,"caption":"14 kar\u00e1tos arany brill f\u00fclbeval\u00f3"},{"@type":"BreadcrumbList","@id":"https:\/\/brillancy.hu\/product\/velero-brill-fulbevalo\/#breadcrumb","itemListElement":[{"@type":"ListItem","position":1,"name":"Home","item":"https:\/\/brillancy.hu\/"},{"@type":"ListItem","position":2,"name":"Term\u00e9kek","item":"https:\/\/brillancy.hu\/termekek\/"},{"@type":"ListItem","position":3,"name":"Velero brill f\u00fclbeval\u00f3"}]},{"@type":"WebSite","@id":"https:\/\/brillancy.hu\/#website","url":"https:\/\/brillancy.hu\/","name":"Brillancy","description":"","potentialAction":[{"@type":"SearchAction","target":{"@type":"EntryPoint","urlTemplate":"https:\/\/brillancy.hu\/?s={search_term_string}"},"query-input":{"@type":"PropertyValueSpecification","valueRequired":true,"valueName":"search_term_string"}}],"inLanguage":"en-GB"}]}},"_links":{"self":[{"href":"https:\/\/brillancy.hu\/en\/wp-json\/wp\/v2\/product\/9899","targetHints":{"allow":["GET"]}}],"collection":[{"href":"https:\/\/brillancy.hu\/en\/wp-json\/wp\/v2\/product"}],"about":[{"href":"https:\/\/brillancy.hu\/en\/wp-json\/wp\/v2\/types\/product"}],"replies":[{"embeddable":true,"href":"https:\/\/brillancy.hu\/en\/wp-json\/wp\/v2\/comments?post=9899"}],"wp:featuredmedia":[{"embeddable":true,"href":"https:\/\/brillancy.hu\/en\/wp-json\/wp\/v2\/media\/9898"}],"wp:attachment":[{"href":"https:\/\/brillancy.hu\/en\/wp-json\/wp\/v2\/media?parent=9899"}],"wp:term":[{"taxonomy":"product_brand","embeddable":true,"href":"https:\/\/brillancy.hu\/en\/wp-json\/wp\/v2\/product_brand?post=9899"},{"taxonomy":"product_cat","embeddable":true,"href":"https:\/\/brillancy.hu\/en\/wp-json\/wp\/v2\/product_cat?post=9899"},{"taxonomy":"product_tag","embeddable":true,"href":"https:\/\/brillancy.hu\/en\/wp-json\/wp\/v2\/product_tag?post=9899"}],"curies":[{"name":"wp","href":"https:\/\/api.w.org\/{rel}","templated":true}]}}