{"id":9849,"date":"2025-04-15T12:43:19","date_gmt":"2025-04-15T11:43:19","guid":{"rendered":"https:\/\/brillancy.hu\/?post_type=product&#038;p=9849"},"modified":"2025-05-06T09:03:23","modified_gmt":"2025-05-06T08:03:23","slug":"ventana-gyemant-fulbevalo","status":"publish","type":"product","link":"https:\/\/brillancy.hu\/en\/product\/ventana-gyemant-fulbevalo\/","title":{"rendered":"Ventana diamond earrings"},"content":{"rendered":"<p><b>Ventana diamond earrings<\/b><\/p>\n<div>\n<div><\/div>\n<div><strong>The designer&#039;s recommendation:<\/strong><\/div>\n<\/div>\n<p>Simply great line-driving characteristics, this charming sparkly and modern jewelry. The rectangular, 14-karat gold diamond earring in the center to break through, thus effortless, comfortable and elegant to wear. Below 21-21 piece of tiny brilliant cut diamond is located very close to each other, so take care of your glow. The brushed surface is slightly clarify that makes the jewelry so that further emphasizing the stones. If polished&#039;d like it better, so we can make it. The choice is Yours!<\/p>\n<ul>\n<li><b>Material:<\/b>\u00a0gold<\/li>\n<li><b>Fineness<\/b>: 585 thousandth, 14 carat<\/li>\n<li><b>Gemstone<\/b>: brilliant cut diamond<\/li>\n<\/ul>\n<p>&nbsp;<\/p>\n<p><strong>Eternal life guarantee:<\/strong> the jewelry structure of the material errors and gems<\/p>\n<p>The average production time of 3-4 weeks. If you have any important date for which you want the product, please contact with us by phone +36 30 539 1179 number, or the info@brillancy.hu e-mail address.<\/p>\n<p><strong>Can be ordered in yellow, white or rose gold colors. The jewel to the gift box optional.<\/strong><\/p>\n<p><strong>I like the square Ventana diamond earrings, but blue or black diamonds did you imagine it?<\/strong> It&#039;s not a problem. We like to give an offer to the expected ideas. Find us confidence on the phone +36 30 539 1179 number, or the info@brillancy.hu e-mail address.<\/p>\n<p><strong>Pay scrap gold<\/strong> Damaged, old, or never used gold hiding at home in the cupboards? Bring it in to us and it will be transferred to you the chosen jewellery price!<\/p>","protected":false},"excerpt":{"rendered":"<p>14 carat diamond earrings brilliant cut white diamonds with decorated<\/p>","protected":false},"featured_media":9933,"comment_status":"open","ping_status":"closed","template":"","meta":[],"product_brand":[],"product_cat":[19,21,68,55],"product_tag":[],"class_list":{"0":"post-9849","1":"product","2":"type-product","3":"status-publish","4":"has-post-thumbnail","6":"product_cat-design-ekszerek","7":"product_cat-ekszerek","8":"product_cat-fulbevalo","9":"product_cat-minimal-design-ekszerek","11":"first","12":"instock","13":"shipping-taxable","14":"product-type-simple"},"yoast_head":"<!-- This site is optimized with the Yoast SEO Premium plugin v27.0 (Yoast SEO v27.0) - https:\/\/yoast.com\/product\/yoast-seo-premium-wordpress\/ -->\n<title>Ventana gy\u00e9m\u00e1nt f\u00fclbeval\u00f3 - Brillancy<\/title>\n<meta name=\"description\" content=\"A n\u00e9gysz\u00f6glet\u0171 Ventana gy\u00e9m\u00e1nt f\u00fclbeval\u00f3 k\u00f6z\u00e9pen \u00e1tt\u00f6rt, ez\u00e1ltal k\u00f6nnyed, k\u00e9nyelmes \u00e9s eleg\u00e1ns viselet. Egyszer\u0171en nagyszer\u0171 vonalvezet\u00e9s jellemzi.\" \/>\n<meta name=\"robots\" content=\"index, follow, max-snippet:-1, max-image-preview:large, max-video-preview:-1\" \/>\n<link rel=\"canonical\" href=\"https:\/\/brillancy.hu\/en\/product\/ventana-gyemant-fulbevalo\/\" \/>\n<meta property=\"og:locale\" content=\"en_GB\" \/>\n<meta property=\"og:type\" content=\"article\" \/>\n<meta property=\"og:title\" content=\"Ventana gy\u00e9m\u00e1nt f\u00fclbeval\u00f3\" \/>\n<meta property=\"og:description\" content=\"A n\u00e9gysz\u00f6glet\u0171 Ventana gy\u00e9m\u00e1nt f\u00fclbeval\u00f3 k\u00f6z\u00e9pen \u00e1tt\u00f6rt, ez\u00e1ltal k\u00f6nnyed, k\u00e9nyelmes \u00e9s eleg\u00e1ns viselet. Egyszer\u0171en nagyszer\u0171 vonalvezet\u00e9s jellemzi.\" \/>\n<meta property=\"og:url\" content=\"https:\/\/brillancy.hu\/en\/product\/ventana-gyemant-fulbevalo\/\" \/>\n<meta property=\"og:site_name\" content=\"Brillancy\" \/>\n<meta property=\"article:modified_time\" content=\"2025-05-06T08:03:23+00:00\" \/>\n<meta property=\"og:image\" content=\"https:\/\/brillancy.hu\/wp-content\/uploads\/2025\/04\/Ventana-gyemant-fulbevalo.jpg\" \/>\n\t<meta property=\"og:image:width\" content=\"640\" \/>\n\t<meta property=\"og:image:height\" content=\"480\" \/>\n\t<meta property=\"og:image:type\" content=\"image\/jpeg\" \/>\n<meta name=\"twitter:card\" content=\"summary_large_image\" \/>\n<meta name=\"twitter:label1\" content=\"Estimated reading time\" \/>\n\t<meta name=\"twitter:data1\" content=\"2 minutes\" \/>\n<script type=\"application\/ld+json\" class=\"yoast-schema-graph\">{\"@context\":\"https:\/\/schema.org\",\"@graph\":[{\"@type\":\"WebPage\",\"@id\":\"https:\/\/brillancy.hu\/product\/ventana-gyemant-fulbevalo\/\",\"url\":\"https:\/\/brillancy.hu\/product\/ventana-gyemant-fulbevalo\/\",\"name\":\"Ventana gy\u00e9m\u00e1nt f\u00fclbeval\u00f3 - Brillancy\",\"isPartOf\":{\"@id\":\"https:\/\/brillancy.hu\/#website\"},\"primaryImageOfPage\":{\"@id\":\"https:\/\/brillancy.hu\/product\/ventana-gyemant-fulbevalo\/#primaryimage\"},\"image\":{\"@id\":\"https:\/\/brillancy.hu\/product\/ventana-gyemant-fulbevalo\/#primaryimage\"},\"thumbnailUrl\":\"https:\/\/brillancy.hu\/wp-content\/uploads\/2025\/04\/Ventana-gyemant-fulbevalo.jpg\",\"datePublished\":\"2025-04-15T11:43:19+00:00\",\"dateModified\":\"2025-05-06T08:03:23+00:00\",\"description\":\"A n\u00e9gysz\u00f6glet\u0171 Ventana gy\u00e9m\u00e1nt f\u00fclbeval\u00f3 k\u00f6z\u00e9pen \u00e1tt\u00f6rt, ez\u00e1ltal k\u00f6nnyed, k\u00e9nyelmes \u00e9s eleg\u00e1ns viselet. Egyszer\u0171en nagyszer\u0171 vonalvezet\u00e9s jellemzi.\",\"breadcrumb\":{\"@id\":\"https:\/\/brillancy.hu\/product\/ventana-gyemant-fulbevalo\/#breadcrumb\"},\"inLanguage\":\"en-GB\",\"potentialAction\":[{\"@type\":\"ReadAction\",\"target\":[\"https:\/\/brillancy.hu\/product\/ventana-gyemant-fulbevalo\/\"]}]},{\"@type\":\"ImageObject\",\"inLanguage\":\"en-GB\",\"@id\":\"https:\/\/brillancy.hu\/product\/ventana-gyemant-fulbevalo\/#primaryimage\",\"url\":\"https:\/\/brillancy.hu\/wp-content\/uploads\/2025\/04\/Ventana-gyemant-fulbevalo.jpg\",\"contentUrl\":\"https:\/\/brillancy.hu\/wp-content\/uploads\/2025\/04\/Ventana-gyemant-fulbevalo.jpg\",\"width\":640,\"height\":480,\"caption\":\"14 kar\u00e1tos arany f\u00fclbeval\u00f3 brili\u00e1ns csiszol\u00e1s\u00fa gy\u00e9m\u00e1ntokkal\"},{\"@type\":\"BreadcrumbList\",\"@id\":\"https:\/\/brillancy.hu\/product\/ventana-gyemant-fulbevalo\/#breadcrumb\",\"itemListElement\":[{\"@type\":\"ListItem\",\"position\":1,\"name\":\"Home\",\"item\":\"https:\/\/brillancy.hu\/\"},{\"@type\":\"ListItem\",\"position\":2,\"name\":\"Term\u00e9kek\",\"item\":\"https:\/\/brillancy.hu\/termekek\/\"},{\"@type\":\"ListItem\",\"position\":3,\"name\":\"Ventana gy\u00e9m\u00e1nt f\u00fclbeval\u00f3\"}]},{\"@type\":\"WebSite\",\"@id\":\"https:\/\/brillancy.hu\/#website\",\"url\":\"https:\/\/brillancy.hu\/\",\"name\":\"Brillancy\",\"description\":\"\",\"potentialAction\":[{\"@type\":\"SearchAction\",\"target\":{\"@type\":\"EntryPoint\",\"urlTemplate\":\"https:\/\/brillancy.hu\/?s={search_term_string}\"},\"query-input\":{\"@type\":\"PropertyValueSpecification\",\"valueRequired\":true,\"valueName\":\"search_term_string\"}}],\"inLanguage\":\"en-GB\"}]}<\/script>\n<!-- \/ Yoast SEO Premium plugin. -->","yoast_head_json":{"title":"Ventana gy\u00e9m\u00e1nt f\u00fclbeval\u00f3 - Brillancy","description":"A n\u00e9gysz\u00f6glet\u0171 Ventana gy\u00e9m\u00e1nt f\u00fclbeval\u00f3 k\u00f6z\u00e9pen \u00e1tt\u00f6rt, ez\u00e1ltal k\u00f6nnyed, k\u00e9nyelmes \u00e9s eleg\u00e1ns viselet. Egyszer\u0171en nagyszer\u0171 vonalvezet\u00e9s jellemzi.","robots":{"index":"index","follow":"follow","max-snippet":"max-snippet:-1","max-image-preview":"max-image-preview:large","max-video-preview":"max-video-preview:-1"},"canonical":"https:\/\/brillancy.hu\/en\/product\/ventana-gyemant-fulbevalo\/","og_locale":"en_GB","og_type":"article","og_title":"Ventana gy\u00e9m\u00e1nt f\u00fclbeval\u00f3","og_description":"A n\u00e9gysz\u00f6glet\u0171 Ventana gy\u00e9m\u00e1nt f\u00fclbeval\u00f3 k\u00f6z\u00e9pen \u00e1tt\u00f6rt, ez\u00e1ltal k\u00f6nnyed, k\u00e9nyelmes \u00e9s eleg\u00e1ns viselet. Egyszer\u0171en nagyszer\u0171 vonalvezet\u00e9s jellemzi.","og_url":"https:\/\/brillancy.hu\/en\/product\/ventana-gyemant-fulbevalo\/","og_site_name":"Brillancy","article_modified_time":"2025-05-06T08:03:23+00:00","og_image":[{"width":640,"height":480,"url":"https:\/\/brillancy.hu\/wp-content\/uploads\/2025\/04\/Ventana-gyemant-fulbevalo.jpg","type":"image\/jpeg"}],"twitter_card":"summary_large_image","twitter_misc":{"Estimated reading time":"2 minutes"},"schema":{"@context":"https:\/\/schema.org","@graph":[{"@type":"WebPage","@id":"https:\/\/brillancy.hu\/product\/ventana-gyemant-fulbevalo\/","url":"https:\/\/brillancy.hu\/product\/ventana-gyemant-fulbevalo\/","name":"Ventana gy\u00e9m\u00e1nt f\u00fclbeval\u00f3 - Brillancy","isPartOf":{"@id":"https:\/\/brillancy.hu\/#website"},"primaryImageOfPage":{"@id":"https:\/\/brillancy.hu\/product\/ventana-gyemant-fulbevalo\/#primaryimage"},"image":{"@id":"https:\/\/brillancy.hu\/product\/ventana-gyemant-fulbevalo\/#primaryimage"},"thumbnailUrl":"https:\/\/brillancy.hu\/wp-content\/uploads\/2025\/04\/Ventana-gyemant-fulbevalo.jpg","datePublished":"2025-04-15T11:43:19+00:00","dateModified":"2025-05-06T08:03:23+00:00","description":"A n\u00e9gysz\u00f6glet\u0171 Ventana gy\u00e9m\u00e1nt f\u00fclbeval\u00f3 k\u00f6z\u00e9pen \u00e1tt\u00f6rt, ez\u00e1ltal k\u00f6nnyed, k\u00e9nyelmes \u00e9s eleg\u00e1ns viselet. Egyszer\u0171en nagyszer\u0171 vonalvezet\u00e9s jellemzi.","breadcrumb":{"@id":"https:\/\/brillancy.hu\/product\/ventana-gyemant-fulbevalo\/#breadcrumb"},"inLanguage":"en-GB","potentialAction":[{"@type":"ReadAction","target":["https:\/\/brillancy.hu\/product\/ventana-gyemant-fulbevalo\/"]}]},{"@type":"ImageObject","inLanguage":"en-GB","@id":"https:\/\/brillancy.hu\/product\/ventana-gyemant-fulbevalo\/#primaryimage","url":"https:\/\/brillancy.hu\/wp-content\/uploads\/2025\/04\/Ventana-gyemant-fulbevalo.jpg","contentUrl":"https:\/\/brillancy.hu\/wp-content\/uploads\/2025\/04\/Ventana-gyemant-fulbevalo.jpg","width":640,"height":480,"caption":"14 kar\u00e1tos arany f\u00fclbeval\u00f3 brili\u00e1ns csiszol\u00e1s\u00fa gy\u00e9m\u00e1ntokkal"},{"@type":"BreadcrumbList","@id":"https:\/\/brillancy.hu\/product\/ventana-gyemant-fulbevalo\/#breadcrumb","itemListElement":[{"@type":"ListItem","position":1,"name":"Home","item":"https:\/\/brillancy.hu\/"},{"@type":"ListItem","position":2,"name":"Term\u00e9kek","item":"https:\/\/brillancy.hu\/termekek\/"},{"@type":"ListItem","position":3,"name":"Ventana gy\u00e9m\u00e1nt f\u00fclbeval\u00f3"}]},{"@type":"WebSite","@id":"https:\/\/brillancy.hu\/#website","url":"https:\/\/brillancy.hu\/","name":"Brillancy","description":"","potentialAction":[{"@type":"SearchAction","target":{"@type":"EntryPoint","urlTemplate":"https:\/\/brillancy.hu\/?s={search_term_string}"},"query-input":{"@type":"PropertyValueSpecification","valueRequired":true,"valueName":"search_term_string"}}],"inLanguage":"en-GB"}]}},"_links":{"self":[{"href":"https:\/\/brillancy.hu\/en\/wp-json\/wp\/v2\/product\/9849","targetHints":{"allow":["GET"]}}],"collection":[{"href":"https:\/\/brillancy.hu\/en\/wp-json\/wp\/v2\/product"}],"about":[{"href":"https:\/\/brillancy.hu\/en\/wp-json\/wp\/v2\/types\/product"}],"replies":[{"embeddable":true,"href":"https:\/\/brillancy.hu\/en\/wp-json\/wp\/v2\/comments?post=9849"}],"wp:featuredmedia":[{"embeddable":true,"href":"https:\/\/brillancy.hu\/en\/wp-json\/wp\/v2\/media\/9933"}],"wp:attachment":[{"href":"https:\/\/brillancy.hu\/en\/wp-json\/wp\/v2\/media?parent=9849"}],"wp:term":[{"taxonomy":"product_brand","embeddable":true,"href":"https:\/\/brillancy.hu\/en\/wp-json\/wp\/v2\/product_brand?post=9849"},{"taxonomy":"product_cat","embeddable":true,"href":"https:\/\/brillancy.hu\/en\/wp-json\/wp\/v2\/product_cat?post=9849"},{"taxonomy":"product_tag","embeddable":true,"href":"https:\/\/brillancy.hu\/en\/wp-json\/wp\/v2\/product_tag?post=9849"}],"curies":[{"name":"wp","href":"https:\/\/api.w.org\/{rel}","templated":true}]}}