{"id":9821,"date":"2025-04-09T19:31:41","date_gmt":"2025-04-09T18:31:41","guid":{"rendered":"https:\/\/brillancy.hu\/?post_type=product&#038;p=9821"},"modified":"2025-10-17T10:56:12","modified_gmt":"2025-10-17T09:56:12","slug":"formentor-vilagitorony-ezust-talizman","status":"publish","type":"product","link":"https:\/\/brillancy.hu\/en\/product\/formentor-vilagitorony-ezust-talizman\/","title":{"rendered":"Formentor vil\u00e1g\u00edt\u00f3torony ez\u00fcst talizm\u00e1n"},"content":{"rendered":"<p><b>Formentor vil\u00e1g\u00edt\u00f3torony ez\u00fcst talizm\u00e1n<\/b><\/p>\n<p>Beautiful lighthouse shape 925 thousandth made of silver jewelry. Close to admire and amazing details we can discover it. One of the most beautiful detail below, waves in the sea of depiction. Workmanship, precise machining characteristics. Special way around the building.<\/p>\n<p>Maga a vil\u00e1g\u00edt\u00f3torony nem egy gyakori szimb\u00f3lum. Kiemelkedve a t\u00e1jb\u00f3l, az \u00e9g fel\u00e9 t\u00f6rve a hit \u00e9s rem\u00e9ny jelk\u00e9pe. Fontos mondanival\u00f3j\u00e1val ez a vil\u00e1g\u00edt\u00f3torony ez\u00fcst talizm\u00e1n szerencs\u00e9t hoz visel\u0151j\u00e9nek. T\u00f6k\u00e9letes kieg\u00e9sz\u00edt\u0151 jelent\u0151s esem\u00e9nyeken \u00e9s h\u00e9tk\u00f6znapokban is er\u0151t adhat. Ak\u00e1r saj\u00e1t magadnak vagy aj\u00e1nd\u00e9knak is nagyszer\u0171 v\u00e1laszt\u00e1s.<\/p>\n<ul>\n<li><b>Material:<\/b>\u00a0silver<\/li>\n<li><b>Fineness<\/b>: 925 parts per thousand of<\/li>\n<li><b>Surface treatment<\/b>: rhodium with coated<\/li>\n<\/ul>\n<p>&nbsp;<\/p>\n<p><strong>Eternal life guarantee:<\/strong> az \u00e9kszer fel\u00e9p\u00edt\u00e9s\u00e9re, az anyaghib\u00e1kra.<\/p>\n<p>The average production time 4-8 weeks. If you have any important date for which you want the product, please contact with us by phone +36 30 539 1179 number, or the info@brillancy.hu e-mail address.<\/p>\n<p>The chain is not included with the product, but if you want to add, we&#039;re happy to help match you choose.<\/p>\n<p>Tetszik ez a vil\u00e1g\u00edt\u00f3torony ez\u00fcst talizm\u00e1n, de aranyb\u00f3l k\u00e9pzelted el? N\u00e1lunk ez nem gond. Sz\u00edvesen adunk aj\u00e1nlatot a meg\u00e1lmodott \u00f6tleteidre. Keress minket bizalommal telefonon a +36 30 539 1179 sz\u00e1mon, vagy az info@brillancy.hu e-mail c\u00edmen!<\/p>","protected":false},"excerpt":{"rendered":"<p>925 parts per thousand is made of silver lighthouse depicting the charm rhodium plated<\/p>","protected":false},"featured_media":9809,"comment_status":"open","ping_status":"closed","template":"","meta":[],"product_brand":[],"product_cat":[20,63],"product_tag":[],"class_list":{"0":"post-9821","1":"product","2":"type-product","3":"status-publish","4":"has-post-thumbnail","6":"product_cat-talizmanok","7":"product_cat-vitorlas","9":"first","10":"instock","11":"shipping-taxable","12":"purchasable","13":"product-type-simple"},"yoast_head":"<!-- This site is optimized with the Yoast SEO Premium plugin v27.0 (Yoast SEO v27.0) - https:\/\/yoast.com\/product\/yoast-seo-premium-wordpress\/ -->\n<title>Formentor vil\u00e1g\u00edt\u00f3torony ez\u00fcst talizm\u00e1n - Brillancy<\/title>\n<meta name=\"description\" content=\"Formentor vil\u00e1g\u00edt\u00f3torony ez\u00fcst talizm\u00e1n: Mesesz\u00e9p vil\u00e1g\u00edt\u00f3tornyot \u00e1br\u00e1zol\u00f3 925 ezrel\u00e9kes ez\u00fcst talizm\u00e1n, r\u00f3diumbevonattal.\" \/>\n<meta name=\"robots\" content=\"index, follow, max-snippet:-1, max-image-preview:large, max-video-preview:-1\" \/>\n<link rel=\"canonical\" href=\"https:\/\/brillancy.hu\/en\/product\/formentor-vilagitorony-ezust-talizman\/\" \/>\n<meta property=\"og:locale\" content=\"en_GB\" \/>\n<meta property=\"og:type\" content=\"article\" \/>\n<meta property=\"og:title\" content=\"Formentor vil\u00e1g\u00edt\u00f3torony ez\u00fcst talizm\u00e1n\" \/>\n<meta property=\"og:description\" content=\"Formentor vil\u00e1g\u00edt\u00f3torony ez\u00fcst talizm\u00e1n: Mesesz\u00e9p vil\u00e1g\u00edt\u00f3tornyot \u00e1br\u00e1zol\u00f3 925 ezrel\u00e9kes ez\u00fcst talizm\u00e1n, r\u00f3diumbevonattal.\" \/>\n<meta property=\"og:url\" content=\"https:\/\/brillancy.hu\/en\/product\/formentor-vilagitorony-ezust-talizman\/\" \/>\n<meta property=\"og:site_name\" content=\"Brillancy\" \/>\n<meta property=\"article:modified_time\" content=\"2025-10-17T09:56:12+00:00\" \/>\n<meta property=\"og:image\" content=\"https:\/\/brillancy.hu\/wp-content\/uploads\/2025\/04\/Formentor-ezust-talizman.jpg\" \/>\n\t<meta property=\"og:image:width\" content=\"640\" \/>\n\t<meta property=\"og:image:height\" content=\"480\" \/>\n\t<meta property=\"og:image:type\" content=\"image\/jpeg\" \/>\n<meta name=\"twitter:card\" content=\"summary_large_image\" \/>\n<meta name=\"twitter:label1\" content=\"Estimated reading time\" \/>\n\t<meta name=\"twitter:data1\" content=\"2 minutes\" \/>\n<script type=\"application\/ld+json\" class=\"yoast-schema-graph\">{\"@context\":\"https:\/\/schema.org\",\"@graph\":[{\"@type\":\"WebPage\",\"@id\":\"https:\/\/brillancy.hu\/product\/formentor-vilagitorony-ezust-talizman\/\",\"url\":\"https:\/\/brillancy.hu\/product\/formentor-vilagitorony-ezust-talizman\/\",\"name\":\"Formentor vil\u00e1g\u00edt\u00f3torony ez\u00fcst talizm\u00e1n - Brillancy\",\"isPartOf\":{\"@id\":\"https:\/\/brillancy.hu\/#website\"},\"primaryImageOfPage\":{\"@id\":\"https:\/\/brillancy.hu\/product\/formentor-vilagitorony-ezust-talizman\/#primaryimage\"},\"image\":{\"@id\":\"https:\/\/brillancy.hu\/product\/formentor-vilagitorony-ezust-talizman\/#primaryimage\"},\"thumbnailUrl\":\"https:\/\/brillancy.hu\/wp-content\/uploads\/2025\/04\/Formentor-ezust-talizman.jpg\",\"datePublished\":\"2025-04-09T18:31:41+00:00\",\"dateModified\":\"2025-10-17T09:56:12+00:00\",\"description\":\"Formentor vil\u00e1g\u00edt\u00f3torony ez\u00fcst talizm\u00e1n: Mesesz\u00e9p vil\u00e1g\u00edt\u00f3tornyot \u00e1br\u00e1zol\u00f3 925 ezrel\u00e9kes ez\u00fcst talizm\u00e1n, r\u00f3diumbevonattal.\",\"breadcrumb\":{\"@id\":\"https:\/\/brillancy.hu\/product\/formentor-vilagitorony-ezust-talizman\/#breadcrumb\"},\"inLanguage\":\"en-GB\",\"potentialAction\":[{\"@type\":\"ReadAction\",\"target\":[\"https:\/\/brillancy.hu\/product\/formentor-vilagitorony-ezust-talizman\/\"]}]},{\"@type\":\"ImageObject\",\"inLanguage\":\"en-GB\",\"@id\":\"https:\/\/brillancy.hu\/product\/formentor-vilagitorony-ezust-talizman\/#primaryimage\",\"url\":\"https:\/\/brillancy.hu\/wp-content\/uploads\/2025\/04\/Formentor-ezust-talizman.jpg\",\"contentUrl\":\"https:\/\/brillancy.hu\/wp-content\/uploads\/2025\/04\/Formentor-ezust-talizman.jpg\",\"width\":640,\"height\":480,\"caption\":\"925 ezrel\u00e9kes ez\u00fcst talizm\u00e1n\"},{\"@type\":\"BreadcrumbList\",\"@id\":\"https:\/\/brillancy.hu\/product\/formentor-vilagitorony-ezust-talizman\/#breadcrumb\",\"itemListElement\":[{\"@type\":\"ListItem\",\"position\":1,\"name\":\"Home\",\"item\":\"https:\/\/brillancy.hu\/\"},{\"@type\":\"ListItem\",\"position\":2,\"name\":\"Term\u00e9kek\",\"item\":\"https:\/\/brillancy.hu\/termekek\/\"},{\"@type\":\"ListItem\",\"position\":3,\"name\":\"Formentor vil\u00e1g\u00edt\u00f3torony ez\u00fcst talizm\u00e1n\"}]},{\"@type\":\"WebSite\",\"@id\":\"https:\/\/brillancy.hu\/#website\",\"url\":\"https:\/\/brillancy.hu\/\",\"name\":\"Brillancy\",\"description\":\"\",\"potentialAction\":[{\"@type\":\"SearchAction\",\"target\":{\"@type\":\"EntryPoint\",\"urlTemplate\":\"https:\/\/brillancy.hu\/?s={search_term_string}\"},\"query-input\":{\"@type\":\"PropertyValueSpecification\",\"valueRequired\":true,\"valueName\":\"search_term_string\"}}],\"inLanguage\":\"en-GB\"}]}<\/script>\n<!-- \/ Yoast SEO Premium plugin. -->","yoast_head_json":{"title":"Formentor vil\u00e1g\u00edt\u00f3torony ez\u00fcst talizm\u00e1n - Brillancy","description":"Formentor vil\u00e1g\u00edt\u00f3torony ez\u00fcst talizm\u00e1n: Mesesz\u00e9p vil\u00e1g\u00edt\u00f3tornyot \u00e1br\u00e1zol\u00f3 925 ezrel\u00e9kes ez\u00fcst talizm\u00e1n, r\u00f3diumbevonattal.","robots":{"index":"index","follow":"follow","max-snippet":"max-snippet:-1","max-image-preview":"max-image-preview:large","max-video-preview":"max-video-preview:-1"},"canonical":"https:\/\/brillancy.hu\/en\/product\/formentor-vilagitorony-ezust-talizman\/","og_locale":"en_GB","og_type":"article","og_title":"Formentor vil\u00e1g\u00edt\u00f3torony ez\u00fcst talizm\u00e1n","og_description":"Formentor vil\u00e1g\u00edt\u00f3torony ez\u00fcst talizm\u00e1n: Mesesz\u00e9p vil\u00e1g\u00edt\u00f3tornyot \u00e1br\u00e1zol\u00f3 925 ezrel\u00e9kes ez\u00fcst talizm\u00e1n, r\u00f3diumbevonattal.","og_url":"https:\/\/brillancy.hu\/en\/product\/formentor-vilagitorony-ezust-talizman\/","og_site_name":"Brillancy","article_modified_time":"2025-10-17T09:56:12+00:00","og_image":[{"width":640,"height":480,"url":"https:\/\/brillancy.hu\/wp-content\/uploads\/2025\/04\/Formentor-ezust-talizman.jpg","type":"image\/jpeg"}],"twitter_card":"summary_large_image","twitter_misc":{"Estimated reading time":"2 minutes"},"schema":{"@context":"https:\/\/schema.org","@graph":[{"@type":"WebPage","@id":"https:\/\/brillancy.hu\/product\/formentor-vilagitorony-ezust-talizman\/","url":"https:\/\/brillancy.hu\/product\/formentor-vilagitorony-ezust-talizman\/","name":"Formentor vil\u00e1g\u00edt\u00f3torony ez\u00fcst talizm\u00e1n - Brillancy","isPartOf":{"@id":"https:\/\/brillancy.hu\/#website"},"primaryImageOfPage":{"@id":"https:\/\/brillancy.hu\/product\/formentor-vilagitorony-ezust-talizman\/#primaryimage"},"image":{"@id":"https:\/\/brillancy.hu\/product\/formentor-vilagitorony-ezust-talizman\/#primaryimage"},"thumbnailUrl":"https:\/\/brillancy.hu\/wp-content\/uploads\/2025\/04\/Formentor-ezust-talizman.jpg","datePublished":"2025-04-09T18:31:41+00:00","dateModified":"2025-10-17T09:56:12+00:00","description":"Formentor vil\u00e1g\u00edt\u00f3torony ez\u00fcst talizm\u00e1n: Mesesz\u00e9p vil\u00e1g\u00edt\u00f3tornyot \u00e1br\u00e1zol\u00f3 925 ezrel\u00e9kes ez\u00fcst talizm\u00e1n, r\u00f3diumbevonattal.","breadcrumb":{"@id":"https:\/\/brillancy.hu\/product\/formentor-vilagitorony-ezust-talizman\/#breadcrumb"},"inLanguage":"en-GB","potentialAction":[{"@type":"ReadAction","target":["https:\/\/brillancy.hu\/product\/formentor-vilagitorony-ezust-talizman\/"]}]},{"@type":"ImageObject","inLanguage":"en-GB","@id":"https:\/\/brillancy.hu\/product\/formentor-vilagitorony-ezust-talizman\/#primaryimage","url":"https:\/\/brillancy.hu\/wp-content\/uploads\/2025\/04\/Formentor-ezust-talizman.jpg","contentUrl":"https:\/\/brillancy.hu\/wp-content\/uploads\/2025\/04\/Formentor-ezust-talizman.jpg","width":640,"height":480,"caption":"925 ezrel\u00e9kes ez\u00fcst talizm\u00e1n"},{"@type":"BreadcrumbList","@id":"https:\/\/brillancy.hu\/product\/formentor-vilagitorony-ezust-talizman\/#breadcrumb","itemListElement":[{"@type":"ListItem","position":1,"name":"Home","item":"https:\/\/brillancy.hu\/"},{"@type":"ListItem","position":2,"name":"Term\u00e9kek","item":"https:\/\/brillancy.hu\/termekek\/"},{"@type":"ListItem","position":3,"name":"Formentor vil\u00e1g\u00edt\u00f3torony ez\u00fcst talizm\u00e1n"}]},{"@type":"WebSite","@id":"https:\/\/brillancy.hu\/#website","url":"https:\/\/brillancy.hu\/","name":"Brillancy","description":"","potentialAction":[{"@type":"SearchAction","target":{"@type":"EntryPoint","urlTemplate":"https:\/\/brillancy.hu\/?s={search_term_string}"},"query-input":{"@type":"PropertyValueSpecification","valueRequired":true,"valueName":"search_term_string"}}],"inLanguage":"en-GB"}]}},"_links":{"self":[{"href":"https:\/\/brillancy.hu\/en\/wp-json\/wp\/v2\/product\/9821","targetHints":{"allow":["GET"]}}],"collection":[{"href":"https:\/\/brillancy.hu\/en\/wp-json\/wp\/v2\/product"}],"about":[{"href":"https:\/\/brillancy.hu\/en\/wp-json\/wp\/v2\/types\/product"}],"replies":[{"embeddable":true,"href":"https:\/\/brillancy.hu\/en\/wp-json\/wp\/v2\/comments?post=9821"}],"wp:featuredmedia":[{"embeddable":true,"href":"https:\/\/brillancy.hu\/en\/wp-json\/wp\/v2\/media\/9809"}],"wp:attachment":[{"href":"https:\/\/brillancy.hu\/en\/wp-json\/wp\/v2\/media?parent=9821"}],"wp:term":[{"taxonomy":"product_brand","embeddable":true,"href":"https:\/\/brillancy.hu\/en\/wp-json\/wp\/v2\/product_brand?post=9821"},{"taxonomy":"product_cat","embeddable":true,"href":"https:\/\/brillancy.hu\/en\/wp-json\/wp\/v2\/product_cat?post=9821"},{"taxonomy":"product_tag","embeddable":true,"href":"https:\/\/brillancy.hu\/en\/wp-json\/wp\/v2\/product_tag?post=9821"}],"curies":[{"name":"wp","href":"https:\/\/api.w.org\/{rel}","templated":true}]}}