{"id":9818,"date":"2025-04-09T17:30:21","date_gmt":"2025-04-09T16:30:21","guid":{"rendered":"https:\/\/brillancy.hu\/?post_type=product&#038;p=9818"},"modified":"2025-10-17T10:56:12","modified_gmt":"2025-10-17T09:56:12","slug":"knight-of-hope-ezust-vitorlas-talizman","status":"publish","type":"product","link":"https:\/\/brillancy.hu\/en\/product\/knight-of-hope-ezust-vitorlas-talizman\/","title":{"rendered":"Knight of hope silver sailboat charm"},"content":{"rendered":"<p><b>Knight of hope silver sailboat charm<\/b><\/p>\n<p>&nbsp;<\/p>\n<p><b>The designer&#039;s recommendation:<\/b><\/p>\n<p>The journey, sailing and the sea for fans of we designed this 925 thousandth made of silver talisman. Dignity radiant appearance, eye-catching details and convex forms are characteristics of. The rhodium coating shinier makes the polished surface, and more valuable and more durable jewelry.<\/p>\n<p>The sailing of the happy, healthy journey symbolizes the sea of life. Or yourself looking for a lucky piece, up to a surprise for the person you love, a friend or a family, this is the silver sailboat charm is a great choice!<\/p>\n<ul>\n<li><b>Material:<\/b>\u00a0silver<\/li>\n<li><b>Fineness<\/b>: 925 parts per thousand of<\/li>\n<li><b>Surface treatment<\/b>: rhodium with coated<\/li>\n<\/ul>\n<p>&nbsp;<\/p>\n<p>Eternal life guarantee: the jewelry you can build, the material errors.<\/p>\n<p>The average production time 4-8 weeks. If you have any important date for which you want the product, please contact with us by phone +36 30 539 1179 number, or the info@brillancy.hu e-mail address.<\/p>\n<p>The chain is not included with the product, but if you want to add, we&#039;re happy to help match you choose.<\/p>\n<p>I like the silver sailboat charm, but gold did you imagine it? It&#039;s not a problem. We like to give an offer to the expected ideas. Find us confidence on the phone +36 30 539 1179 number, or the info@brillancy.hu e-mail address.<\/p>","protected":false},"excerpt":{"rendered":"<p>925 parts per thousand is made of silver sailboat charm rhodium plated<\/p>","protected":false},"featured_media":9810,"comment_status":"open","ping_status":"closed","template":"","meta":[],"product_brand":[],"product_cat":[20,63],"product_tag":[],"class_list":{"0":"post-9818","1":"product","2":"type-product","3":"status-publish","4":"has-post-thumbnail","6":"product_cat-talizmanok","7":"product_cat-vitorlas","9":"first","10":"instock","11":"shipping-taxable","12":"purchasable","13":"product-type-simple"},"yoast_head":"<!-- This site is optimized with the Yoast SEO Premium plugin v27.0 (Yoast SEO v27.0) - https:\/\/yoast.com\/product\/yoast-seo-premium-wordpress\/ -->\n<title>Knight of hope ez\u00fcst vitorl\u00e1s talizm\u00e1n - Brillancy<\/title>\n<meta name=\"description\" content=\"A vitorl\u00e1s a boldog, eg\u00e9szs\u00e9ges utaz\u00e1st szimboliz\u00e1lja az \u00e9let tenger\u00e9n, ez\u00e9rt ez az ez\u00fcst vitorl\u00e1s talizm\u00e1n nagyszer\u0171 v\u00e1laszt\u00e1s magadnak vagy aj\u00e1nd\u00e9knak.\" \/>\n<meta name=\"robots\" content=\"index, follow, max-snippet:-1, max-image-preview:large, max-video-preview:-1\" \/>\n<link rel=\"canonical\" href=\"https:\/\/brillancy.hu\/en\/product\/knight-of-hope-ezust-vitorlas-talizman\/\" \/>\n<meta property=\"og:locale\" content=\"en_GB\" \/>\n<meta property=\"og:type\" content=\"article\" \/>\n<meta property=\"og:title\" content=\"Knight of hope ez\u00fcst vitorl\u00e1s talizm\u00e1n\" \/>\n<meta property=\"og:description\" content=\"A vitorl\u00e1s a boldog, eg\u00e9szs\u00e9ges utaz\u00e1st szimboliz\u00e1lja az \u00e9let tenger\u00e9n, ez\u00e9rt ez az ez\u00fcst vitorl\u00e1s talizm\u00e1n nagyszer\u0171 v\u00e1laszt\u00e1s magadnak vagy aj\u00e1nd\u00e9knak.\" \/>\n<meta property=\"og:url\" content=\"https:\/\/brillancy.hu\/en\/product\/knight-of-hope-ezust-vitorlas-talizman\/\" \/>\n<meta property=\"og:site_name\" content=\"Brillancy\" \/>\n<meta property=\"article:modified_time\" content=\"2025-10-17T09:56:12+00:00\" \/>\n<meta property=\"og:image\" content=\"https:\/\/brillancy.hu\/wp-content\/uploads\/2025\/04\/Knight-of-hope-ezust-vitorlas-talizman.jpg\" \/>\n\t<meta property=\"og:image:width\" content=\"640\" \/>\n\t<meta property=\"og:image:height\" content=\"480\" \/>\n\t<meta property=\"og:image:type\" content=\"image\/jpeg\" \/>\n<meta name=\"twitter:card\" content=\"summary_large_image\" \/>\n<meta name=\"twitter:label1\" content=\"Estimated reading time\" \/>\n\t<meta name=\"twitter:data1\" content=\"2 minutes\" \/>\n<script type=\"application\/ld+json\" class=\"yoast-schema-graph\">{\"@context\":\"https:\/\/schema.org\",\"@graph\":[{\"@type\":\"WebPage\",\"@id\":\"https:\/\/brillancy.hu\/product\/knight-of-hope-ezust-vitorlas-talizman\/\",\"url\":\"https:\/\/brillancy.hu\/product\/knight-of-hope-ezust-vitorlas-talizman\/\",\"name\":\"Knight of hope ez\u00fcst vitorl\u00e1s talizm\u00e1n - Brillancy\",\"isPartOf\":{\"@id\":\"https:\/\/brillancy.hu\/#website\"},\"primaryImageOfPage\":{\"@id\":\"https:\/\/brillancy.hu\/product\/knight-of-hope-ezust-vitorlas-talizman\/#primaryimage\"},\"image\":{\"@id\":\"https:\/\/brillancy.hu\/product\/knight-of-hope-ezust-vitorlas-talizman\/#primaryimage\"},\"thumbnailUrl\":\"https:\/\/brillancy.hu\/wp-content\/uploads\/2025\/04\/Knight-of-hope-ezust-vitorlas-talizman.jpg\",\"datePublished\":\"2025-04-09T16:30:21+00:00\",\"dateModified\":\"2025-10-17T09:56:12+00:00\",\"description\":\"A vitorl\u00e1s a boldog, eg\u00e9szs\u00e9ges utaz\u00e1st szimboliz\u00e1lja az \u00e9let tenger\u00e9n, ez\u00e9rt ez az ez\u00fcst vitorl\u00e1s talizm\u00e1n nagyszer\u0171 v\u00e1laszt\u00e1s magadnak vagy aj\u00e1nd\u00e9knak.\",\"breadcrumb\":{\"@id\":\"https:\/\/brillancy.hu\/product\/knight-of-hope-ezust-vitorlas-talizman\/#breadcrumb\"},\"inLanguage\":\"en-GB\",\"potentialAction\":[{\"@type\":\"ReadAction\",\"target\":[\"https:\/\/brillancy.hu\/product\/knight-of-hope-ezust-vitorlas-talizman\/\"]}]},{\"@type\":\"ImageObject\",\"inLanguage\":\"en-GB\",\"@id\":\"https:\/\/brillancy.hu\/product\/knight-of-hope-ezust-vitorlas-talizman\/#primaryimage\",\"url\":\"https:\/\/brillancy.hu\/wp-content\/uploads\/2025\/04\/Knight-of-hope-ezust-vitorlas-talizman.jpg\",\"contentUrl\":\"https:\/\/brillancy.hu\/wp-content\/uploads\/2025\/04\/Knight-of-hope-ezust-vitorlas-talizman.jpg\",\"width\":640,\"height\":480,\"caption\":\"925 ezrel\u00e9kes ez\u00fcst vitorl\u00e1s talizm\u00e1n\"},{\"@type\":\"BreadcrumbList\",\"@id\":\"https:\/\/brillancy.hu\/product\/knight-of-hope-ezust-vitorlas-talizman\/#breadcrumb\",\"itemListElement\":[{\"@type\":\"ListItem\",\"position\":1,\"name\":\"Home\",\"item\":\"https:\/\/brillancy.hu\/\"},{\"@type\":\"ListItem\",\"position\":2,\"name\":\"Term\u00e9kek\",\"item\":\"https:\/\/brillancy.hu\/termekek\/\"},{\"@type\":\"ListItem\",\"position\":3,\"name\":\"Knight of hope ez\u00fcst vitorl\u00e1s talizm\u00e1n\"}]},{\"@type\":\"WebSite\",\"@id\":\"https:\/\/brillancy.hu\/#website\",\"url\":\"https:\/\/brillancy.hu\/\",\"name\":\"Brillancy\",\"description\":\"\",\"potentialAction\":[{\"@type\":\"SearchAction\",\"target\":{\"@type\":\"EntryPoint\",\"urlTemplate\":\"https:\/\/brillancy.hu\/?s={search_term_string}\"},\"query-input\":{\"@type\":\"PropertyValueSpecification\",\"valueRequired\":true,\"valueName\":\"search_term_string\"}}],\"inLanguage\":\"en-GB\"}]}<\/script>\n<!-- \/ Yoast SEO Premium plugin. -->","yoast_head_json":{"title":"Knight of hope ez\u00fcst vitorl\u00e1s talizm\u00e1n - Brillancy","description":"A vitorl\u00e1s a boldog, eg\u00e9szs\u00e9ges utaz\u00e1st szimboliz\u00e1lja az \u00e9let tenger\u00e9n, ez\u00e9rt ez az ez\u00fcst vitorl\u00e1s talizm\u00e1n nagyszer\u0171 v\u00e1laszt\u00e1s magadnak vagy aj\u00e1nd\u00e9knak.","robots":{"index":"index","follow":"follow","max-snippet":"max-snippet:-1","max-image-preview":"max-image-preview:large","max-video-preview":"max-video-preview:-1"},"canonical":"https:\/\/brillancy.hu\/en\/product\/knight-of-hope-ezust-vitorlas-talizman\/","og_locale":"en_GB","og_type":"article","og_title":"Knight of hope ez\u00fcst vitorl\u00e1s talizm\u00e1n","og_description":"A vitorl\u00e1s a boldog, eg\u00e9szs\u00e9ges utaz\u00e1st szimboliz\u00e1lja az \u00e9let tenger\u00e9n, ez\u00e9rt ez az ez\u00fcst vitorl\u00e1s talizm\u00e1n nagyszer\u0171 v\u00e1laszt\u00e1s magadnak vagy aj\u00e1nd\u00e9knak.","og_url":"https:\/\/brillancy.hu\/en\/product\/knight-of-hope-ezust-vitorlas-talizman\/","og_site_name":"Brillancy","article_modified_time":"2025-10-17T09:56:12+00:00","og_image":[{"width":640,"height":480,"url":"https:\/\/brillancy.hu\/wp-content\/uploads\/2025\/04\/Knight-of-hope-ezust-vitorlas-talizman.jpg","type":"image\/jpeg"}],"twitter_card":"summary_large_image","twitter_misc":{"Estimated reading time":"2 minutes"},"schema":{"@context":"https:\/\/schema.org","@graph":[{"@type":"WebPage","@id":"https:\/\/brillancy.hu\/product\/knight-of-hope-ezust-vitorlas-talizman\/","url":"https:\/\/brillancy.hu\/product\/knight-of-hope-ezust-vitorlas-talizman\/","name":"Knight of hope ez\u00fcst vitorl\u00e1s talizm\u00e1n - Brillancy","isPartOf":{"@id":"https:\/\/brillancy.hu\/#website"},"primaryImageOfPage":{"@id":"https:\/\/brillancy.hu\/product\/knight-of-hope-ezust-vitorlas-talizman\/#primaryimage"},"image":{"@id":"https:\/\/brillancy.hu\/product\/knight-of-hope-ezust-vitorlas-talizman\/#primaryimage"},"thumbnailUrl":"https:\/\/brillancy.hu\/wp-content\/uploads\/2025\/04\/Knight-of-hope-ezust-vitorlas-talizman.jpg","datePublished":"2025-04-09T16:30:21+00:00","dateModified":"2025-10-17T09:56:12+00:00","description":"A vitorl\u00e1s a boldog, eg\u00e9szs\u00e9ges utaz\u00e1st szimboliz\u00e1lja az \u00e9let tenger\u00e9n, ez\u00e9rt ez az ez\u00fcst vitorl\u00e1s talizm\u00e1n nagyszer\u0171 v\u00e1laszt\u00e1s magadnak vagy aj\u00e1nd\u00e9knak.","breadcrumb":{"@id":"https:\/\/brillancy.hu\/product\/knight-of-hope-ezust-vitorlas-talizman\/#breadcrumb"},"inLanguage":"en-GB","potentialAction":[{"@type":"ReadAction","target":["https:\/\/brillancy.hu\/product\/knight-of-hope-ezust-vitorlas-talizman\/"]}]},{"@type":"ImageObject","inLanguage":"en-GB","@id":"https:\/\/brillancy.hu\/product\/knight-of-hope-ezust-vitorlas-talizman\/#primaryimage","url":"https:\/\/brillancy.hu\/wp-content\/uploads\/2025\/04\/Knight-of-hope-ezust-vitorlas-talizman.jpg","contentUrl":"https:\/\/brillancy.hu\/wp-content\/uploads\/2025\/04\/Knight-of-hope-ezust-vitorlas-talizman.jpg","width":640,"height":480,"caption":"925 ezrel\u00e9kes ez\u00fcst vitorl\u00e1s talizm\u00e1n"},{"@type":"BreadcrumbList","@id":"https:\/\/brillancy.hu\/product\/knight-of-hope-ezust-vitorlas-talizman\/#breadcrumb","itemListElement":[{"@type":"ListItem","position":1,"name":"Home","item":"https:\/\/brillancy.hu\/"},{"@type":"ListItem","position":2,"name":"Term\u00e9kek","item":"https:\/\/brillancy.hu\/termekek\/"},{"@type":"ListItem","position":3,"name":"Knight of hope ez\u00fcst vitorl\u00e1s talizm\u00e1n"}]},{"@type":"WebSite","@id":"https:\/\/brillancy.hu\/#website","url":"https:\/\/brillancy.hu\/","name":"Brillancy","description":"","potentialAction":[{"@type":"SearchAction","target":{"@type":"EntryPoint","urlTemplate":"https:\/\/brillancy.hu\/?s={search_term_string}"},"query-input":{"@type":"PropertyValueSpecification","valueRequired":true,"valueName":"search_term_string"}}],"inLanguage":"en-GB"}]}},"_links":{"self":[{"href":"https:\/\/brillancy.hu\/en\/wp-json\/wp\/v2\/product\/9818","targetHints":{"allow":["GET"]}}],"collection":[{"href":"https:\/\/brillancy.hu\/en\/wp-json\/wp\/v2\/product"}],"about":[{"href":"https:\/\/brillancy.hu\/en\/wp-json\/wp\/v2\/types\/product"}],"replies":[{"embeddable":true,"href":"https:\/\/brillancy.hu\/en\/wp-json\/wp\/v2\/comments?post=9818"}],"wp:featuredmedia":[{"embeddable":true,"href":"https:\/\/brillancy.hu\/en\/wp-json\/wp\/v2\/media\/9810"}],"wp:attachment":[{"href":"https:\/\/brillancy.hu\/en\/wp-json\/wp\/v2\/media?parent=9818"}],"wp:term":[{"taxonomy":"product_brand","embeddable":true,"href":"https:\/\/brillancy.hu\/en\/wp-json\/wp\/v2\/product_brand?post=9818"},{"taxonomy":"product_cat","embeddable":true,"href":"https:\/\/brillancy.hu\/en\/wp-json\/wp\/v2\/product_cat?post=9818"},{"taxonomy":"product_tag","embeddable":true,"href":"https:\/\/brillancy.hu\/en\/wp-json\/wp\/v2\/product_tag?post=9818"}],"curies":[{"name":"wp","href":"https:\/\/api.w.org\/{rel}","templated":true}]}}