{"id":9794,"date":"2025-04-07T18:31:41","date_gmt":"2025-04-07T17:31:41","guid":{"rendered":"https:\/\/brillancy.hu\/?post_type=product&#038;p=9794"},"modified":"2025-10-17T10:56:12","modified_gmt":"2025-10-17T09:56:12","slug":"erik-ezust-harcos-talizman","status":"publish","type":"product","link":"https:\/\/brillancy.hu\/en\/product\/erik-ezust-harcos-talizman\/","title":{"rendered":"Erik silver warrior charm"},"content":{"rendered":"<p><b>Erik silver warrior charm<\/b><\/p>\n<p>&nbsp;<\/p>\n<p><b>The designer&#039;s recommendation:<\/b><\/p>\n<p>A strong viking warrior shows that not every day a silver talisman. The vikings medieval scandinavian traders, sailors and warriors, who, in the 8. and 11. century between conqueror and commercial exploration sites have been launched in Europe and across the Atlantic. History is full of exciting events and legends.<\/p>\n<p>The rhodium layer, 925 parts per thousand of silver warrior charm beautifully crafted details is carrying, like the viking muscle, hair, beard, suit and the shield. This manual cizell\u00e1l\u00e1snak due. The jewelry is basically circle, which the viking hanging out axe to break it. This composition did they accentuate the small decorated equipped with a gun, and more dynamic view.<\/p>\n<ul>\n<li><b>Material:<\/b>\u00a0silver<\/li>\n<li><b>Fineness<\/b>: 925 parts per thousand of<\/li>\n<li><b>Surface treatment<\/b>: rhodium with coated<\/li>\n<\/ul>\n<p>&nbsp;<\/p>\n<p>Eternal life guarantee: the jewelry you can build, the material errors.<\/p>\n<p>The average production time 4-8 weeks. If you have any important date for which you want the product, please contact with us by phone +36 30 539 1179 number, or the info@brillancy.hu e-mail address.<\/p>\n<p>The chain is not included with the product, but if you want to add, we&#039;re happy to help match you choose.<\/p>\n<p>I like the silver warrior charm, but gold did you imagine it? It&#039;s not a problem. We like to give an offer to the expected ideas. Find us confidence on the phone +36 30 539 1179 number, or the info@brillancy.hu e-mail address.<\/p>","protected":false},"excerpt":{"rendered":"<p>925 parts per thousand is made of silver warrior charm rhodium plated<\/p>","protected":false},"featured_media":9791,"comment_status":"open","ping_status":"closed","template":"","meta":[],"product_brand":[],"product_cat":[59,20],"product_tag":[],"class_list":{"0":"post-9794","1":"product","2":"type-product","3":"status-publish","4":"has-post-thumbnail","6":"product_cat-harcos","7":"product_cat-talizmanok","9":"first","10":"instock","11":"shipping-taxable","12":"purchasable","13":"product-type-simple"},"yoast_head":"<!-- This site is optimized with the Yoast SEO Premium plugin v27.0 (Yoast SEO v27.0) - https:\/\/yoast.com\/product\/yoast-seo-premium-wordpress\/ -->\n<title>Erik ez\u00fcst harcos talizm\u00e1n - Brillancy<\/title>\n<meta name=\"description\" content=\"Az 925 ezrel\u00e9kes ez\u00fcst harcos talizm\u00e1n gy\u00f6ny\u00f6r\u0171en kidolgozott r\u00e9szleteket hordoz mag\u00e1n, \u00fagy mint a viking izomzata, haja, szak\u00e1lla, az \u00f6lt\u00f6z\u00e9ke \u00e9s a pajzsa.\" \/>\n<meta name=\"robots\" content=\"index, follow, max-snippet:-1, max-image-preview:large, max-video-preview:-1\" \/>\n<link rel=\"canonical\" href=\"https:\/\/brillancy.hu\/en\/product\/erik-ezust-harcos-talizman\/\" \/>\n<meta property=\"og:locale\" content=\"en_GB\" \/>\n<meta property=\"og:type\" content=\"article\" \/>\n<meta property=\"og:title\" content=\"Erik ez\u00fcst harcos talizm\u00e1n\" \/>\n<meta property=\"og:description\" content=\"Az 925 ezrel\u00e9kes ez\u00fcst harcos talizm\u00e1n gy\u00f6ny\u00f6r\u0171en kidolgozott r\u00e9szleteket hordoz mag\u00e1n, \u00fagy mint a viking izomzata, haja, szak\u00e1lla, az \u00f6lt\u00f6z\u00e9ke \u00e9s a pajzsa.\" \/>\n<meta property=\"og:url\" content=\"https:\/\/brillancy.hu\/en\/product\/erik-ezust-harcos-talizman\/\" \/>\n<meta property=\"og:site_name\" content=\"Brillancy\" \/>\n<meta property=\"article:modified_time\" content=\"2025-10-17T09:56:12+00:00\" \/>\n<meta property=\"og:image\" content=\"https:\/\/brillancy.hu\/wp-content\/uploads\/2025\/04\/Erik-ezust-harcos-talizman.jpg\" \/>\n\t<meta property=\"og:image:width\" content=\"640\" \/>\n\t<meta property=\"og:image:height\" content=\"480\" \/>\n\t<meta property=\"og:image:type\" content=\"image\/jpeg\" \/>\n<meta name=\"twitter:card\" content=\"summary_large_image\" \/>\n<meta name=\"twitter:label1\" content=\"Estimated reading time\" \/>\n\t<meta name=\"twitter:data1\" content=\"2 minutes\" \/>\n<script type=\"application\/ld+json\" class=\"yoast-schema-graph\">{\"@context\":\"https:\/\/schema.org\",\"@graph\":[{\"@type\":\"WebPage\",\"@id\":\"https:\/\/brillancy.hu\/product\/erik-ezust-harcos-talizman\/\",\"url\":\"https:\/\/brillancy.hu\/product\/erik-ezust-harcos-talizman\/\",\"name\":\"Erik ez\u00fcst harcos talizm\u00e1n - Brillancy\",\"isPartOf\":{\"@id\":\"https:\/\/brillancy.hu\/#website\"},\"primaryImageOfPage\":{\"@id\":\"https:\/\/brillancy.hu\/product\/erik-ezust-harcos-talizman\/#primaryimage\"},\"image\":{\"@id\":\"https:\/\/brillancy.hu\/product\/erik-ezust-harcos-talizman\/#primaryimage\"},\"thumbnailUrl\":\"https:\/\/brillancy.hu\/wp-content\/uploads\/2025\/04\/Erik-ezust-harcos-talizman.jpg\",\"datePublished\":\"2025-04-07T17:31:41+00:00\",\"dateModified\":\"2025-10-17T09:56:12+00:00\",\"description\":\"Az 925 ezrel\u00e9kes ez\u00fcst harcos talizm\u00e1n gy\u00f6ny\u00f6r\u0171en kidolgozott r\u00e9szleteket hordoz mag\u00e1n, \u00fagy mint a viking izomzata, haja, szak\u00e1lla, az \u00f6lt\u00f6z\u00e9ke \u00e9s a pajzsa.\",\"breadcrumb\":{\"@id\":\"https:\/\/brillancy.hu\/product\/erik-ezust-harcos-talizman\/#breadcrumb\"},\"inLanguage\":\"en-GB\",\"potentialAction\":[{\"@type\":\"ReadAction\",\"target\":[\"https:\/\/brillancy.hu\/product\/erik-ezust-harcos-talizman\/\"]}]},{\"@type\":\"ImageObject\",\"inLanguage\":\"en-GB\",\"@id\":\"https:\/\/brillancy.hu\/product\/erik-ezust-harcos-talizman\/#primaryimage\",\"url\":\"https:\/\/brillancy.hu\/wp-content\/uploads\/2025\/04\/Erik-ezust-harcos-talizman.jpg\",\"contentUrl\":\"https:\/\/brillancy.hu\/wp-content\/uploads\/2025\/04\/Erik-ezust-harcos-talizman.jpg\",\"width\":640,\"height\":480,\"caption\":\"925 ezrel\u00e9kes ez\u00fcst harcos talizm\u00e1n\"},{\"@type\":\"BreadcrumbList\",\"@id\":\"https:\/\/brillancy.hu\/product\/erik-ezust-harcos-talizman\/#breadcrumb\",\"itemListElement\":[{\"@type\":\"ListItem\",\"position\":1,\"name\":\"Home\",\"item\":\"https:\/\/brillancy.hu\/\"},{\"@type\":\"ListItem\",\"position\":2,\"name\":\"Term\u00e9kek\",\"item\":\"https:\/\/brillancy.hu\/termekek\/\"},{\"@type\":\"ListItem\",\"position\":3,\"name\":\"Erik ez\u00fcst harcos talizm\u00e1n\"}]},{\"@type\":\"WebSite\",\"@id\":\"https:\/\/brillancy.hu\/#website\",\"url\":\"https:\/\/brillancy.hu\/\",\"name\":\"Brillancy\",\"description\":\"\",\"potentialAction\":[{\"@type\":\"SearchAction\",\"target\":{\"@type\":\"EntryPoint\",\"urlTemplate\":\"https:\/\/brillancy.hu\/?s={search_term_string}\"},\"query-input\":{\"@type\":\"PropertyValueSpecification\",\"valueRequired\":true,\"valueName\":\"search_term_string\"}}],\"inLanguage\":\"en-GB\"}]}<\/script>\n<!-- \/ Yoast SEO Premium plugin. -->","yoast_head_json":{"title":"Erik ez\u00fcst harcos talizm\u00e1n - Brillancy","description":"Az 925 ezrel\u00e9kes ez\u00fcst harcos talizm\u00e1n gy\u00f6ny\u00f6r\u0171en kidolgozott r\u00e9szleteket hordoz mag\u00e1n, \u00fagy mint a viking izomzata, haja, szak\u00e1lla, az \u00f6lt\u00f6z\u00e9ke \u00e9s a pajzsa.","robots":{"index":"index","follow":"follow","max-snippet":"max-snippet:-1","max-image-preview":"max-image-preview:large","max-video-preview":"max-video-preview:-1"},"canonical":"https:\/\/brillancy.hu\/en\/product\/erik-ezust-harcos-talizman\/","og_locale":"en_GB","og_type":"article","og_title":"Erik ez\u00fcst harcos talizm\u00e1n","og_description":"Az 925 ezrel\u00e9kes ez\u00fcst harcos talizm\u00e1n gy\u00f6ny\u00f6r\u0171en kidolgozott r\u00e9szleteket hordoz mag\u00e1n, \u00fagy mint a viking izomzata, haja, szak\u00e1lla, az \u00f6lt\u00f6z\u00e9ke \u00e9s a pajzsa.","og_url":"https:\/\/brillancy.hu\/en\/product\/erik-ezust-harcos-talizman\/","og_site_name":"Brillancy","article_modified_time":"2025-10-17T09:56:12+00:00","og_image":[{"width":640,"height":480,"url":"https:\/\/brillancy.hu\/wp-content\/uploads\/2025\/04\/Erik-ezust-harcos-talizman.jpg","type":"image\/jpeg"}],"twitter_card":"summary_large_image","twitter_misc":{"Estimated reading time":"2 minutes"},"schema":{"@context":"https:\/\/schema.org","@graph":[{"@type":"WebPage","@id":"https:\/\/brillancy.hu\/product\/erik-ezust-harcos-talizman\/","url":"https:\/\/brillancy.hu\/product\/erik-ezust-harcos-talizman\/","name":"Erik ez\u00fcst harcos talizm\u00e1n - Brillancy","isPartOf":{"@id":"https:\/\/brillancy.hu\/#website"},"primaryImageOfPage":{"@id":"https:\/\/brillancy.hu\/product\/erik-ezust-harcos-talizman\/#primaryimage"},"image":{"@id":"https:\/\/brillancy.hu\/product\/erik-ezust-harcos-talizman\/#primaryimage"},"thumbnailUrl":"https:\/\/brillancy.hu\/wp-content\/uploads\/2025\/04\/Erik-ezust-harcos-talizman.jpg","datePublished":"2025-04-07T17:31:41+00:00","dateModified":"2025-10-17T09:56:12+00:00","description":"Az 925 ezrel\u00e9kes ez\u00fcst harcos talizm\u00e1n gy\u00f6ny\u00f6r\u0171en kidolgozott r\u00e9szleteket hordoz mag\u00e1n, \u00fagy mint a viking izomzata, haja, szak\u00e1lla, az \u00f6lt\u00f6z\u00e9ke \u00e9s a pajzsa.","breadcrumb":{"@id":"https:\/\/brillancy.hu\/product\/erik-ezust-harcos-talizman\/#breadcrumb"},"inLanguage":"en-GB","potentialAction":[{"@type":"ReadAction","target":["https:\/\/brillancy.hu\/product\/erik-ezust-harcos-talizman\/"]}]},{"@type":"ImageObject","inLanguage":"en-GB","@id":"https:\/\/brillancy.hu\/product\/erik-ezust-harcos-talizman\/#primaryimage","url":"https:\/\/brillancy.hu\/wp-content\/uploads\/2025\/04\/Erik-ezust-harcos-talizman.jpg","contentUrl":"https:\/\/brillancy.hu\/wp-content\/uploads\/2025\/04\/Erik-ezust-harcos-talizman.jpg","width":640,"height":480,"caption":"925 ezrel\u00e9kes ez\u00fcst harcos talizm\u00e1n"},{"@type":"BreadcrumbList","@id":"https:\/\/brillancy.hu\/product\/erik-ezust-harcos-talizman\/#breadcrumb","itemListElement":[{"@type":"ListItem","position":1,"name":"Home","item":"https:\/\/brillancy.hu\/"},{"@type":"ListItem","position":2,"name":"Term\u00e9kek","item":"https:\/\/brillancy.hu\/termekek\/"},{"@type":"ListItem","position":3,"name":"Erik ez\u00fcst harcos talizm\u00e1n"}]},{"@type":"WebSite","@id":"https:\/\/brillancy.hu\/#website","url":"https:\/\/brillancy.hu\/","name":"Brillancy","description":"","potentialAction":[{"@type":"SearchAction","target":{"@type":"EntryPoint","urlTemplate":"https:\/\/brillancy.hu\/?s={search_term_string}"},"query-input":{"@type":"PropertyValueSpecification","valueRequired":true,"valueName":"search_term_string"}}],"inLanguage":"en-GB"}]}},"_links":{"self":[{"href":"https:\/\/brillancy.hu\/en\/wp-json\/wp\/v2\/product\/9794","targetHints":{"allow":["GET"]}}],"collection":[{"href":"https:\/\/brillancy.hu\/en\/wp-json\/wp\/v2\/product"}],"about":[{"href":"https:\/\/brillancy.hu\/en\/wp-json\/wp\/v2\/types\/product"}],"replies":[{"embeddable":true,"href":"https:\/\/brillancy.hu\/en\/wp-json\/wp\/v2\/comments?post=9794"}],"wp:featuredmedia":[{"embeddable":true,"href":"https:\/\/brillancy.hu\/en\/wp-json\/wp\/v2\/media\/9791"}],"wp:attachment":[{"href":"https:\/\/brillancy.hu\/en\/wp-json\/wp\/v2\/media?parent=9794"}],"wp:term":[{"taxonomy":"product_brand","embeddable":true,"href":"https:\/\/brillancy.hu\/en\/wp-json\/wp\/v2\/product_brand?post=9794"},{"taxonomy":"product_cat","embeddable":true,"href":"https:\/\/brillancy.hu\/en\/wp-json\/wp\/v2\/product_cat?post=9794"},{"taxonomy":"product_tag","embeddable":true,"href":"https:\/\/brillancy.hu\/en\/wp-json\/wp\/v2\/product_tag?post=9794"}],"curies":[{"name":"wp","href":"https:\/\/api.w.org\/{rel}","templated":true}]}}