{"id":9774,"date":"2025-04-04T19:21:17","date_gmt":"2025-04-04T18:21:17","guid":{"rendered":"https:\/\/brillancy.hu\/?post_type=product&#038;p=9774"},"modified":"2025-10-17T10:56:12","modified_gmt":"2025-10-17T09:56:12","slug":"safety-ezust-motoros-talizman","status":"publish","type":"product","link":"https:\/\/brillancy.hu\/en\/product\/safety-ezust-motoros-talizman\/","title":{"rendered":"Safety silver motorcycle charm"},"content":{"rendered":"<p><b>Safety silver motorcycle charm<\/b><\/p>\n<p>&nbsp;<\/p>\n<p><b>The designer&#039;s recommendation:<\/b><\/p>\n<p>The motorcycles most important equipment is the helmet. What this safe and cool objects on a quality, handmade pendant as our dream.<\/p>\n<p>This 925 parts per thousand is fine is a silver motorcycle charm is a great complement to those whose life is one of passion for riding a motorcycle. The helmet is a high light of the polishing and rhodium plating care. The rhodium is a precious platinaf\u00e9m, which is more durable and makes the silver jewelry.<\/p>\n<ul>\n<li><b>Material:<\/b>\u00a0silver<\/li>\n<li><b>Fineness<\/b>: 925 parts per thousand of<\/li>\n<li><b>Surface treatment<\/b>: rhodium with coated<\/li>\n<\/ul>\n<p>Eternal life guarantee: the jewelry you can build, the material errors.<\/p>\n<p>The average production time is 2-8 weeks. If you have any important date for which you want the product, please contact with us by phone +36 30 539 1179 number, or the info@brillancy.hu e-mail address.<\/p>\n<p>The chain is not included with the product, but if you want to add, we&#039;re happy to help match you choose.<\/p>\n<p>I like that silver motorcycle charm, but gold did you imagine it? It&#039;s not a problem. We like to give an offer to the expected ideas. Find us confidence on the phone +36 30 539 1179 number, or the info@brillancy.hu e-mail address.<\/p>","protected":false},"excerpt":{"rendered":"<p>925 parts per thousand is made of silver motorcycle charm rhodium plated<\/p>","protected":false},"featured_media":9773,"comment_status":"open","ping_status":"closed","template":"","meta":[],"product_brand":[],"product_cat":[58,20],"product_tag":[],"class_list":{"0":"post-9774","1":"product","2":"type-product","3":"status-publish","4":"has-post-thumbnail","6":"product_cat-motoros-talizmanok","7":"product_cat-talizmanok","9":"first","10":"instock","11":"shipping-taxable","12":"purchasable","13":"product-type-simple"},"yoast_head":"<!-- This site is optimized with the Yoast SEO Premium plugin v27.0 (Yoast SEO v27.4) - https:\/\/yoast.com\/product\/yoast-seo-premium-wordpress\/ -->\n<title>Safety ez\u00fcst motoros talizm\u00e1n - Brillancy<\/title>\n<meta name=\"description\" content=\"Ez a 925 ezrel\u00e9kes finoms\u00e1g\u00fa ez\u00fcst motoros talizm\u00e1n remek kieg\u00e9sz\u00edt\u0151je lehet mindenkinek, akinek az \u00e9lete fontos r\u00e9sze a motoroz\u00e1s.\" \/>\n<meta name=\"robots\" content=\"index, follow, max-snippet:-1, max-image-preview:large, max-video-preview:-1\" \/>\n<link rel=\"canonical\" href=\"https:\/\/brillancy.hu\/en\/product\/safety-ezust-motoros-talizman\/\" \/>\n<meta property=\"og:locale\" content=\"en_GB\" \/>\n<meta property=\"og:type\" content=\"article\" \/>\n<meta property=\"og:title\" content=\"Safety ez\u00fcst motoros talizm\u00e1n\" \/>\n<meta property=\"og:description\" content=\"Ez a 925 ezrel\u00e9kes finoms\u00e1g\u00fa ez\u00fcst motoros talizm\u00e1n remek kieg\u00e9sz\u00edt\u0151je lehet mindenkinek, akinek az \u00e9lete fontos r\u00e9sze a motoroz\u00e1s.\" \/>\n<meta property=\"og:url\" content=\"https:\/\/brillancy.hu\/en\/product\/safety-ezust-motoros-talizman\/\" \/>\n<meta property=\"og:site_name\" content=\"Brillancy\" \/>\n<meta property=\"article:modified_time\" content=\"2025-10-17T09:56:12+00:00\" \/>\n<meta property=\"og:image\" content=\"https:\/\/brillancy.hu\/wp-content\/uploads\/2025\/04\/Safety-ezust-motoros-talizman.jpg\" \/>\n\t<meta property=\"og:image:width\" content=\"640\" \/>\n\t<meta property=\"og:image:height\" content=\"480\" \/>\n\t<meta property=\"og:image:type\" content=\"image\/jpeg\" \/>\n<meta name=\"twitter:card\" content=\"summary_large_image\" \/>\n<meta name=\"twitter:label1\" content=\"Estimated reading time\" \/>\n\t<meta name=\"twitter:data1\" content=\"2 minutes\" \/>\n<script type=\"application\/ld+json\" class=\"yoast-schema-graph\">{\"@context\":\"https:\\\/\\\/schema.org\",\"@graph\":[{\"@type\":\"WebPage\",\"@id\":\"https:\\\/\\\/brillancy.hu\\\/product\\\/safety-ezust-motoros-talizman\\\/\",\"url\":\"https:\\\/\\\/brillancy.hu\\\/product\\\/safety-ezust-motoros-talizman\\\/\",\"name\":\"Safety ez\u00fcst motoros talizm\u00e1n - Brillancy\",\"isPartOf\":{\"@id\":\"https:\\\/\\\/brillancy.hu\\\/#website\"},\"primaryImageOfPage\":{\"@id\":\"https:\\\/\\\/brillancy.hu\\\/product\\\/safety-ezust-motoros-talizman\\\/#primaryimage\"},\"image\":{\"@id\":\"https:\\\/\\\/brillancy.hu\\\/product\\\/safety-ezust-motoros-talizman\\\/#primaryimage\"},\"thumbnailUrl\":\"https:\\\/\\\/brillancy.hu\\\/wp-content\\\/uploads\\\/2025\\\/04\\\/Safety-ezust-motoros-talizman.jpg\",\"datePublished\":\"2025-04-04T18:21:17+00:00\",\"dateModified\":\"2025-10-17T09:56:12+00:00\",\"description\":\"Ez a 925 ezrel\u00e9kes finoms\u00e1g\u00fa ez\u00fcst motoros talizm\u00e1n remek kieg\u00e9sz\u00edt\u0151je lehet mindenkinek, akinek az \u00e9lete fontos r\u00e9sze a motoroz\u00e1s.\",\"breadcrumb\":{\"@id\":\"https:\\\/\\\/brillancy.hu\\\/product\\\/safety-ezust-motoros-talizman\\\/#breadcrumb\"},\"inLanguage\":\"en-GB\",\"potentialAction\":[{\"@type\":\"ReadAction\",\"target\":[\"https:\\\/\\\/brillancy.hu\\\/product\\\/safety-ezust-motoros-talizman\\\/\"]}]},{\"@type\":\"ImageObject\",\"inLanguage\":\"en-GB\",\"@id\":\"https:\\\/\\\/brillancy.hu\\\/product\\\/safety-ezust-motoros-talizman\\\/#primaryimage\",\"url\":\"https:\\\/\\\/brillancy.hu\\\/wp-content\\\/uploads\\\/2025\\\/04\\\/Safety-ezust-motoros-talizman.jpg\",\"contentUrl\":\"https:\\\/\\\/brillancy.hu\\\/wp-content\\\/uploads\\\/2025\\\/04\\\/Safety-ezust-motoros-talizman.jpg\",\"width\":640,\"height\":480,\"caption\":\"925 ezrel\u00e9kes motoros talizm\u00e1n\"},{\"@type\":\"BreadcrumbList\",\"@id\":\"https:\\\/\\\/brillancy.hu\\\/product\\\/safety-ezust-motoros-talizman\\\/#breadcrumb\",\"itemListElement\":[{\"@type\":\"ListItem\",\"position\":1,\"name\":\"Home\",\"item\":\"https:\\\/\\\/brillancy.hu\\\/\"},{\"@type\":\"ListItem\",\"position\":2,\"name\":\"Term\u00e9kek\",\"item\":\"https:\\\/\\\/brillancy.hu\\\/termekek\\\/\"},{\"@type\":\"ListItem\",\"position\":3,\"name\":\"Safety ez\u00fcst motoros talizm\u00e1n\"}]},{\"@type\":\"WebSite\",\"@id\":\"https:\\\/\\\/brillancy.hu\\\/#website\",\"url\":\"https:\\\/\\\/brillancy.hu\\\/\",\"name\":\"Brillancy\",\"description\":\"\",\"potentialAction\":[{\"@type\":\"SearchAction\",\"target\":{\"@type\":\"EntryPoint\",\"urlTemplate\":\"https:\\\/\\\/brillancy.hu\\\/?s={search_term_string}\"},\"query-input\":{\"@type\":\"PropertyValueSpecification\",\"valueRequired\":true,\"valueName\":\"search_term_string\"}}],\"inLanguage\":\"en-GB\"}]}<\/script>\n<!-- \/ Yoast SEO Premium plugin. -->","yoast_head_json":{"title":"Safety ez\u00fcst motoros talizm\u00e1n - Brillancy","description":"Ez a 925 ezrel\u00e9kes finoms\u00e1g\u00fa ez\u00fcst motoros talizm\u00e1n remek kieg\u00e9sz\u00edt\u0151je lehet mindenkinek, akinek az \u00e9lete fontos r\u00e9sze a motoroz\u00e1s.","robots":{"index":"index","follow":"follow","max-snippet":"max-snippet:-1","max-image-preview":"max-image-preview:large","max-video-preview":"max-video-preview:-1"},"canonical":"https:\/\/brillancy.hu\/en\/product\/safety-ezust-motoros-talizman\/","og_locale":"en_GB","og_type":"article","og_title":"Safety ez\u00fcst motoros talizm\u00e1n","og_description":"Ez a 925 ezrel\u00e9kes finoms\u00e1g\u00fa ez\u00fcst motoros talizm\u00e1n remek kieg\u00e9sz\u00edt\u0151je lehet mindenkinek, akinek az \u00e9lete fontos r\u00e9sze a motoroz\u00e1s.","og_url":"https:\/\/brillancy.hu\/en\/product\/safety-ezust-motoros-talizman\/","og_site_name":"Brillancy","article_modified_time":"2025-10-17T09:56:12+00:00","og_image":[{"width":640,"height":480,"url":"https:\/\/brillancy.hu\/wp-content\/uploads\/2025\/04\/Safety-ezust-motoros-talizman.jpg","type":"image\/jpeg"}],"twitter_card":"summary_large_image","twitter_misc":{"Estimated reading time":"2 minutes"},"schema":{"@context":"https:\/\/schema.org","@graph":[{"@type":"WebPage","@id":"https:\/\/brillancy.hu\/product\/safety-ezust-motoros-talizman\/","url":"https:\/\/brillancy.hu\/product\/safety-ezust-motoros-talizman\/","name":"Safety ez\u00fcst motoros talizm\u00e1n - Brillancy","isPartOf":{"@id":"https:\/\/brillancy.hu\/#website"},"primaryImageOfPage":{"@id":"https:\/\/brillancy.hu\/product\/safety-ezust-motoros-talizman\/#primaryimage"},"image":{"@id":"https:\/\/brillancy.hu\/product\/safety-ezust-motoros-talizman\/#primaryimage"},"thumbnailUrl":"https:\/\/brillancy.hu\/wp-content\/uploads\/2025\/04\/Safety-ezust-motoros-talizman.jpg","datePublished":"2025-04-04T18:21:17+00:00","dateModified":"2025-10-17T09:56:12+00:00","description":"Ez a 925 ezrel\u00e9kes finoms\u00e1g\u00fa ez\u00fcst motoros talizm\u00e1n remek kieg\u00e9sz\u00edt\u0151je lehet mindenkinek, akinek az \u00e9lete fontos r\u00e9sze a motoroz\u00e1s.","breadcrumb":{"@id":"https:\/\/brillancy.hu\/product\/safety-ezust-motoros-talizman\/#breadcrumb"},"inLanguage":"en-GB","potentialAction":[{"@type":"ReadAction","target":["https:\/\/brillancy.hu\/product\/safety-ezust-motoros-talizman\/"]}]},{"@type":"ImageObject","inLanguage":"en-GB","@id":"https:\/\/brillancy.hu\/product\/safety-ezust-motoros-talizman\/#primaryimage","url":"https:\/\/brillancy.hu\/wp-content\/uploads\/2025\/04\/Safety-ezust-motoros-talizman.jpg","contentUrl":"https:\/\/brillancy.hu\/wp-content\/uploads\/2025\/04\/Safety-ezust-motoros-talizman.jpg","width":640,"height":480,"caption":"925 ezrel\u00e9kes motoros talizm\u00e1n"},{"@type":"BreadcrumbList","@id":"https:\/\/brillancy.hu\/product\/safety-ezust-motoros-talizman\/#breadcrumb","itemListElement":[{"@type":"ListItem","position":1,"name":"Home","item":"https:\/\/brillancy.hu\/"},{"@type":"ListItem","position":2,"name":"Term\u00e9kek","item":"https:\/\/brillancy.hu\/termekek\/"},{"@type":"ListItem","position":3,"name":"Safety ez\u00fcst motoros talizm\u00e1n"}]},{"@type":"WebSite","@id":"https:\/\/brillancy.hu\/#website","url":"https:\/\/brillancy.hu\/","name":"Brillancy","description":"","potentialAction":[{"@type":"SearchAction","target":{"@type":"EntryPoint","urlTemplate":"https:\/\/brillancy.hu\/?s={search_term_string}"},"query-input":{"@type":"PropertyValueSpecification","valueRequired":true,"valueName":"search_term_string"}}],"inLanguage":"en-GB"}]}},"_links":{"self":[{"href":"https:\/\/brillancy.hu\/en\/wp-json\/wp\/v2\/product\/9774","targetHints":{"allow":["GET"]}}],"collection":[{"href":"https:\/\/brillancy.hu\/en\/wp-json\/wp\/v2\/product"}],"about":[{"href":"https:\/\/brillancy.hu\/en\/wp-json\/wp\/v2\/types\/product"}],"replies":[{"embeddable":true,"href":"https:\/\/brillancy.hu\/en\/wp-json\/wp\/v2\/comments?post=9774"}],"wp:featuredmedia":[{"embeddable":true,"href":"https:\/\/brillancy.hu\/en\/wp-json\/wp\/v2\/media\/9773"}],"wp:attachment":[{"href":"https:\/\/brillancy.hu\/en\/wp-json\/wp\/v2\/media?parent=9774"}],"wp:term":[{"taxonomy":"product_brand","embeddable":true,"href":"https:\/\/brillancy.hu\/en\/wp-json\/wp\/v2\/product_brand?post=9774"},{"taxonomy":"product_cat","embeddable":true,"href":"https:\/\/brillancy.hu\/en\/wp-json\/wp\/v2\/product_cat?post=9774"},{"taxonomy":"product_tag","embeddable":true,"href":"https:\/\/brillancy.hu\/en\/wp-json\/wp\/v2\/product_tag?post=9774"}],"curies":[{"name":"wp","href":"https:\/\/api.w.org\/{rel}","templated":true}]}}