{"id":9769,"date":"2025-04-04T18:08:18","date_gmt":"2025-04-04T17:08:18","guid":{"rendered":"https:\/\/brillancy.hu\/?post_type=product&#038;p=9769"},"modified":"2025-10-17T10:56:12","modified_gmt":"2025-10-17T09:56:12","slug":"cruz-arany-kereszt-talizman","status":"publish","type":"product","link":"https:\/\/brillancy.hu\/en\/product\/cruz-arany-kereszt-talizman\/","title":{"rendered":"Cruz gold cross charm"},"content":{"rendered":"<p><b>Cruz gold cross charm<\/b><\/p>\n<div>\n<div><\/div>\n<div><strong>The designer&#039;s recommendation:<\/strong><\/div>\n<\/div>\n<p>Beautifully decorated, 14 karat gold cross pendant for those who want this symbol, a special form of wear. The cross is known worldwide symbol, which is primarily religious and cultural significance is outstanding.<\/p>\n<p>The well-crafted, curved forms that the gold cross charm a wonderful sight. The christian religion, the white and the blue color plays an important role, therefore, white and blue brilliant cut diamonds made them even more beautiful. A total of 5 blue and 8 pcs white diamond the jewelry in.<\/p>\n<ul>\n<li><b>Material:<\/b>\u00a0gold<\/li>\n<li><b>Fineness<\/b>: 585 thousandth, 14 carat<\/li>\n<li><b>Gemstone<\/b>: brilliant cut diamond<\/li>\n<\/ul>\n<p>&nbsp;<\/p>\n<p>Eternal life guarantee: the jewelry you can build, the material errors and gems<\/p>\n<p>The average production time is 4-6 weeks. If you have any important date for which you want the product, please contact with us by phone +36 30 539 1179 number, or the info@brillancy.hu e-mail address.<\/p>\n<p>Can be ordered in yellow, white or rose gold colors. The jewel to the gift box optional.<\/p>\n<p>The chain is not included with the product, but if you want to add, we&#039;re happy to help match you choose.<\/p>\n<p>I like that the gold cross charm, but a different color diamonds did you imagine it? It&#039;s not a problem. We like to give an offer to the expected ideas. Find us confidence on the phone +36 30 539 1179 number, or the info@brillancy.hu e-mail address.<\/p>\n<p>Pay broken with gold! Damaged, old, or never used gold hiding at home in the cupboards? Bring it in to us and it will be transferred to you the chosen jewellery price!<\/p>","protected":false},"excerpt":{"rendered":"<p>14 karat gold cross talisman brilliant cut blue and white diamonds decorated.<\/p>","protected":false},"featured_media":9771,"comment_status":"open","ping_status":"closed","template":"","meta":[],"product_brand":[],"product_cat":[62,20],"product_tag":[],"class_list":{"0":"post-9769","1":"product","2":"type-product","3":"status-publish","4":"has-post-thumbnail","6":"product_cat-szimbolumok","7":"product_cat-talizmanok","9":"first","10":"instock","11":"shipping-taxable","12":"purchasable","13":"product-type-simple"},"yoast_head":"<!-- This site is optimized with the Yoast SEO Premium plugin v27.0 (Yoast SEO v27.0) - https:\/\/yoast.com\/product\/yoast-seo-premium-wordpress\/ -->\n<title>Cruz arany kereszt talizm\u00e1n - Brillancy<\/title>\n<meta name=\"description\" content=\"Gy\u00f6ny\u00f6r\u0171en d\u00edsz\u00edtett, 14 kar\u00e1tos arany kereszt talizm\u00e1n azoknak, akik szeretn\u00e9k ezt a jelk\u00e9pet k\u00fcl\u00f6nleges form\u00e1ban viselni.\" \/>\n<meta name=\"robots\" content=\"index, follow, max-snippet:-1, max-image-preview:large, max-video-preview:-1\" \/>\n<link rel=\"canonical\" href=\"https:\/\/brillancy.hu\/en\/product\/cruz-arany-kereszt-talizman\/\" \/>\n<meta property=\"og:locale\" content=\"en_GB\" \/>\n<meta property=\"og:type\" content=\"article\" \/>\n<meta property=\"og:title\" content=\"Cruz arany kereszt talizm\u00e1n\" \/>\n<meta property=\"og:description\" content=\"Gy\u00f6ny\u00f6r\u0171en d\u00edsz\u00edtett, 14 kar\u00e1tos arany kereszt talizm\u00e1n azoknak, akik szeretn\u00e9k ezt a jelk\u00e9pet k\u00fcl\u00f6nleges form\u00e1ban viselni.\" \/>\n<meta property=\"og:url\" content=\"https:\/\/brillancy.hu\/en\/product\/cruz-arany-kereszt-talizman\/\" \/>\n<meta property=\"og:site_name\" content=\"Brillancy\" \/>\n<meta property=\"article:modified_time\" content=\"2025-10-17T09:56:12+00:00\" \/>\n<meta property=\"og:image\" content=\"https:\/\/brillancy.hu\/wp-content\/uploads\/2025\/04\/Cruz-arany-kereszt-talizman.jpg\" \/>\n\t<meta property=\"og:image:width\" content=\"640\" \/>\n\t<meta property=\"og:image:height\" content=\"480\" \/>\n\t<meta property=\"og:image:type\" content=\"image\/jpeg\" \/>\n<meta name=\"twitter:card\" content=\"summary_large_image\" \/>\n<meta name=\"twitter:label1\" content=\"Estimated reading time\" \/>\n\t<meta name=\"twitter:data1\" content=\"2 minutes\" \/>\n<script type=\"application\/ld+json\" class=\"yoast-schema-graph\">{\"@context\":\"https:\/\/schema.org\",\"@graph\":[{\"@type\":\"WebPage\",\"@id\":\"https:\/\/brillancy.hu\/product\/cruz-arany-kereszt-talizman\/\",\"url\":\"https:\/\/brillancy.hu\/product\/cruz-arany-kereszt-talizman\/\",\"name\":\"Cruz arany kereszt talizm\u00e1n - Brillancy\",\"isPartOf\":{\"@id\":\"https:\/\/brillancy.hu\/#website\"},\"primaryImageOfPage\":{\"@id\":\"https:\/\/brillancy.hu\/product\/cruz-arany-kereszt-talizman\/#primaryimage\"},\"image\":{\"@id\":\"https:\/\/brillancy.hu\/product\/cruz-arany-kereszt-talizman\/#primaryimage\"},\"thumbnailUrl\":\"https:\/\/brillancy.hu\/wp-content\/uploads\/2025\/04\/Cruz-arany-kereszt-talizman.jpg\",\"datePublished\":\"2025-04-04T17:08:18+00:00\",\"dateModified\":\"2025-10-17T09:56:12+00:00\",\"description\":\"Gy\u00f6ny\u00f6r\u0171en d\u00edsz\u00edtett, 14 kar\u00e1tos arany kereszt talizm\u00e1n azoknak, akik szeretn\u00e9k ezt a jelk\u00e9pet k\u00fcl\u00f6nleges form\u00e1ban viselni.\",\"breadcrumb\":{\"@id\":\"https:\/\/brillancy.hu\/product\/cruz-arany-kereszt-talizman\/#breadcrumb\"},\"inLanguage\":\"en-GB\",\"potentialAction\":[{\"@type\":\"ReadAction\",\"target\":[\"https:\/\/brillancy.hu\/product\/cruz-arany-kereszt-talizman\/\"]}]},{\"@type\":\"ImageObject\",\"inLanguage\":\"en-GB\",\"@id\":\"https:\/\/brillancy.hu\/product\/cruz-arany-kereszt-talizman\/#primaryimage\",\"url\":\"https:\/\/brillancy.hu\/wp-content\/uploads\/2025\/04\/Cruz-arany-kereszt-talizman.jpg\",\"contentUrl\":\"https:\/\/brillancy.hu\/wp-content\/uploads\/2025\/04\/Cruz-arany-kereszt-talizman.jpg\",\"width\":640,\"height\":480,\"caption\":\"14 kar\u00e1tos arany kereszt talizm\u00e1n k\u00e9k \u00e9s feh\u00e9r brili\u00e1ns csiszol\u00e1s\u00fa gy\u00e9m\u00e1ntokkal\"},{\"@type\":\"BreadcrumbList\",\"@id\":\"https:\/\/brillancy.hu\/product\/cruz-arany-kereszt-talizman\/#breadcrumb\",\"itemListElement\":[{\"@type\":\"ListItem\",\"position\":1,\"name\":\"Home\",\"item\":\"https:\/\/brillancy.hu\/\"},{\"@type\":\"ListItem\",\"position\":2,\"name\":\"Term\u00e9kek\",\"item\":\"https:\/\/brillancy.hu\/termekek\/\"},{\"@type\":\"ListItem\",\"position\":3,\"name\":\"Cruz arany kereszt talizm\u00e1n\"}]},{\"@type\":\"WebSite\",\"@id\":\"https:\/\/brillancy.hu\/#website\",\"url\":\"https:\/\/brillancy.hu\/\",\"name\":\"Brillancy\",\"description\":\"\",\"potentialAction\":[{\"@type\":\"SearchAction\",\"target\":{\"@type\":\"EntryPoint\",\"urlTemplate\":\"https:\/\/brillancy.hu\/?s={search_term_string}\"},\"query-input\":{\"@type\":\"PropertyValueSpecification\",\"valueRequired\":true,\"valueName\":\"search_term_string\"}}],\"inLanguage\":\"en-GB\"}]}<\/script>\n<!-- \/ Yoast SEO Premium plugin. -->","yoast_head_json":{"title":"Cruz arany kereszt talizm\u00e1n - Brillancy","description":"Gy\u00f6ny\u00f6r\u0171en d\u00edsz\u00edtett, 14 kar\u00e1tos arany kereszt talizm\u00e1n azoknak, akik szeretn\u00e9k ezt a jelk\u00e9pet k\u00fcl\u00f6nleges form\u00e1ban viselni.","robots":{"index":"index","follow":"follow","max-snippet":"max-snippet:-1","max-image-preview":"max-image-preview:large","max-video-preview":"max-video-preview:-1"},"canonical":"https:\/\/brillancy.hu\/en\/product\/cruz-arany-kereszt-talizman\/","og_locale":"en_GB","og_type":"article","og_title":"Cruz arany kereszt talizm\u00e1n","og_description":"Gy\u00f6ny\u00f6r\u0171en d\u00edsz\u00edtett, 14 kar\u00e1tos arany kereszt talizm\u00e1n azoknak, akik szeretn\u00e9k ezt a jelk\u00e9pet k\u00fcl\u00f6nleges form\u00e1ban viselni.","og_url":"https:\/\/brillancy.hu\/en\/product\/cruz-arany-kereszt-talizman\/","og_site_name":"Brillancy","article_modified_time":"2025-10-17T09:56:12+00:00","og_image":[{"width":640,"height":480,"url":"https:\/\/brillancy.hu\/wp-content\/uploads\/2025\/04\/Cruz-arany-kereszt-talizman.jpg","type":"image\/jpeg"}],"twitter_card":"summary_large_image","twitter_misc":{"Estimated reading time":"2 minutes"},"schema":{"@context":"https:\/\/schema.org","@graph":[{"@type":"WebPage","@id":"https:\/\/brillancy.hu\/product\/cruz-arany-kereszt-talizman\/","url":"https:\/\/brillancy.hu\/product\/cruz-arany-kereszt-talizman\/","name":"Cruz arany kereszt talizm\u00e1n - Brillancy","isPartOf":{"@id":"https:\/\/brillancy.hu\/#website"},"primaryImageOfPage":{"@id":"https:\/\/brillancy.hu\/product\/cruz-arany-kereszt-talizman\/#primaryimage"},"image":{"@id":"https:\/\/brillancy.hu\/product\/cruz-arany-kereszt-talizman\/#primaryimage"},"thumbnailUrl":"https:\/\/brillancy.hu\/wp-content\/uploads\/2025\/04\/Cruz-arany-kereszt-talizman.jpg","datePublished":"2025-04-04T17:08:18+00:00","dateModified":"2025-10-17T09:56:12+00:00","description":"Gy\u00f6ny\u00f6r\u0171en d\u00edsz\u00edtett, 14 kar\u00e1tos arany kereszt talizm\u00e1n azoknak, akik szeretn\u00e9k ezt a jelk\u00e9pet k\u00fcl\u00f6nleges form\u00e1ban viselni.","breadcrumb":{"@id":"https:\/\/brillancy.hu\/product\/cruz-arany-kereszt-talizman\/#breadcrumb"},"inLanguage":"en-GB","potentialAction":[{"@type":"ReadAction","target":["https:\/\/brillancy.hu\/product\/cruz-arany-kereszt-talizman\/"]}]},{"@type":"ImageObject","inLanguage":"en-GB","@id":"https:\/\/brillancy.hu\/product\/cruz-arany-kereszt-talizman\/#primaryimage","url":"https:\/\/brillancy.hu\/wp-content\/uploads\/2025\/04\/Cruz-arany-kereszt-talizman.jpg","contentUrl":"https:\/\/brillancy.hu\/wp-content\/uploads\/2025\/04\/Cruz-arany-kereszt-talizman.jpg","width":640,"height":480,"caption":"14 kar\u00e1tos arany kereszt talizm\u00e1n k\u00e9k \u00e9s feh\u00e9r brili\u00e1ns csiszol\u00e1s\u00fa gy\u00e9m\u00e1ntokkal"},{"@type":"BreadcrumbList","@id":"https:\/\/brillancy.hu\/product\/cruz-arany-kereszt-talizman\/#breadcrumb","itemListElement":[{"@type":"ListItem","position":1,"name":"Home","item":"https:\/\/brillancy.hu\/"},{"@type":"ListItem","position":2,"name":"Term\u00e9kek","item":"https:\/\/brillancy.hu\/termekek\/"},{"@type":"ListItem","position":3,"name":"Cruz arany kereszt talizm\u00e1n"}]},{"@type":"WebSite","@id":"https:\/\/brillancy.hu\/#website","url":"https:\/\/brillancy.hu\/","name":"Brillancy","description":"","potentialAction":[{"@type":"SearchAction","target":{"@type":"EntryPoint","urlTemplate":"https:\/\/brillancy.hu\/?s={search_term_string}"},"query-input":{"@type":"PropertyValueSpecification","valueRequired":true,"valueName":"search_term_string"}}],"inLanguage":"en-GB"}]}},"_links":{"self":[{"href":"https:\/\/brillancy.hu\/en\/wp-json\/wp\/v2\/product\/9769","targetHints":{"allow":["GET"]}}],"collection":[{"href":"https:\/\/brillancy.hu\/en\/wp-json\/wp\/v2\/product"}],"about":[{"href":"https:\/\/brillancy.hu\/en\/wp-json\/wp\/v2\/types\/product"}],"replies":[{"embeddable":true,"href":"https:\/\/brillancy.hu\/en\/wp-json\/wp\/v2\/comments?post=9769"}],"wp:featuredmedia":[{"embeddable":true,"href":"https:\/\/brillancy.hu\/en\/wp-json\/wp\/v2\/media\/9771"}],"wp:attachment":[{"href":"https:\/\/brillancy.hu\/en\/wp-json\/wp\/v2\/media?parent=9769"}],"wp:term":[{"taxonomy":"product_brand","embeddable":true,"href":"https:\/\/brillancy.hu\/en\/wp-json\/wp\/v2\/product_brand?post=9769"},{"taxonomy":"product_cat","embeddable":true,"href":"https:\/\/brillancy.hu\/en\/wp-json\/wp\/v2\/product_cat?post=9769"},{"taxonomy":"product_tag","embeddable":true,"href":"https:\/\/brillancy.hu\/en\/wp-json\/wp\/v2\/product_tag?post=9769"}],"curies":[{"name":"wp","href":"https:\/\/api.w.org\/{rel}","templated":true}]}}