{"id":9716,"date":"2025-04-01T17:08:00","date_gmt":"2025-04-01T16:08:00","guid":{"rendered":"https:\/\/brillancy.hu\/?post_type=product&#038;p=9716"},"modified":"2025-10-17T10:56:12","modified_gmt":"2025-10-17T09:56:12","slug":"fluffy-ezust-kutyas-talizman","status":"publish","type":"product","link":"https:\/\/brillancy.hu\/en\/product\/fluffy-ezust-kutyas-talizman\/","title":{"rendered":"Fluffy silver dog charm"},"content":{"rendered":"<p><b>Fluffy silver dog charm<\/b><\/p>\n<p>The small dog lovers we found out this cute charm. This charming four-legged around your neck, wear as a loyal partner. Fun makes the day-to-day. Owners great gift!<\/p>\n<p>True-to-life visualization and the fine machining is an important aspect for us was because he&#039;s a really quality silver dog charm was to create the goal. 925 parts per thousand is made of silver and rhodium layer, we have involved in. The rhodium is a precious platinaf\u00e9m, which is even more beautiful charm jewelry.<\/p>\n<ul>\n<li><b>Material:<\/b>\u00a0silver<\/li>\n<li><b>Fineness<\/b>: 925 parts per thousand of<\/li>\n<li><b>Surface treatment<\/b>: rhodium with coated<\/li>\n<\/ul>\n<p>Eternal life guarantee: the jewelry you can build, the material errors.<\/p>\n<p>The average production time is 2-8 weeks. If you have any important date for which you want the product, please contact with us by phone +36 30 539 1179 number, or the info@brillancy.hu e-mail address.<\/p>\n<p>The chain is not included with the product, but if you want to add, we&#039;re happy to help match you choose.<\/p>\n<p>Tetszik a Fluffy ez\u00fcst kuty\u00e1s talizm\u00e1n, de aranyb\u00f3l k\u00e9pzelted el? N\u00e1lunk ez nem gond. Sz\u00edvesen adunk aj\u00e1nlatot a meg\u00e1lmodott \u00f6tleteidre. Keress minket bizalommal tele<\/p>","protected":false},"excerpt":{"rendered":"<p>925 parts per thousand is made of silver dog charm rhodium plated<\/p>","protected":false},"featured_media":9703,"comment_status":"open","ping_status":"closed","template":"","meta":[],"product_brand":[],"product_cat":[125,20],"product_tag":[],"class_list":{"0":"post-9716","1":"product","2":"type-product","3":"status-publish","4":"has-post-thumbnail","6":"product_cat-allatos","7":"product_cat-talizmanok","9":"first","10":"instock","11":"shipping-taxable","12":"purchasable","13":"product-type-simple"},"yoast_head":"<!-- This site is optimized with the Yoast SEO Premium plugin v27.0 (Yoast SEO v27.0) - https:\/\/yoast.com\/product\/yoast-seo-premium-wordpress\/ -->\n<title>Fluffy ez\u00fcst kuty\u00e1s talizm\u00e1n - Brillancy<\/title>\n<meta name=\"description\" content=\"Fluffy ez\u00fcst kuty\u00e1s talizm\u00e1n: A kistest\u0171 kuty\u00e1k kedvel\u0151inek \u00e9leth\u0171 \u00e1br\u00e1zol\u00e1ssal, magas min\u0151s\u00e9gben megalkotott 925 ezrel\u00e9kes finoms\u00e1g\u00fa ez\u00fcst kuty\u00e1s talizm\u00e1n.\" \/>\n<meta name=\"robots\" content=\"index, follow, max-snippet:-1, max-image-preview:large, max-video-preview:-1\" \/>\n<link rel=\"canonical\" href=\"https:\/\/brillancy.hu\/en\/product\/fluffy-ezust-kutyas-talizman\/\" \/>\n<meta property=\"og:locale\" content=\"en_GB\" \/>\n<meta property=\"og:type\" content=\"article\" \/>\n<meta property=\"og:title\" content=\"Fluffy ez\u00fcst kuty\u00e1s talizm\u00e1n\" \/>\n<meta property=\"og:description\" content=\"Fluffy ez\u00fcst kuty\u00e1s talizm\u00e1n: A kistest\u0171 kuty\u00e1k kedvel\u0151inek \u00e9leth\u0171 \u00e1br\u00e1zol\u00e1ssal, magas min\u0151s\u00e9gben megalkotott 925 ezrel\u00e9kes finoms\u00e1g\u00fa ez\u00fcst kuty\u00e1s talizm\u00e1n.\" \/>\n<meta property=\"og:url\" content=\"https:\/\/brillancy.hu\/en\/product\/fluffy-ezust-kutyas-talizman\/\" \/>\n<meta property=\"og:site_name\" content=\"Brillancy\" \/>\n<meta property=\"article:modified_time\" content=\"2025-10-17T09:56:12+00:00\" \/>\n<meta property=\"og:image\" content=\"https:\/\/brillancy.hu\/wp-content\/uploads\/2025\/04\/Fluffy-ezust-kutyas-talizman.jpg\" \/>\n\t<meta property=\"og:image:width\" content=\"640\" \/>\n\t<meta property=\"og:image:height\" content=\"480\" \/>\n\t<meta property=\"og:image:type\" content=\"image\/jpeg\" \/>\n<meta name=\"twitter:card\" content=\"summary_large_image\" \/>\n<meta name=\"twitter:label1\" content=\"Estimated reading time\" \/>\n\t<meta name=\"twitter:data1\" content=\"2 minutes\" \/>\n<script type=\"application\/ld+json\" class=\"yoast-schema-graph\">{\"@context\":\"https:\/\/schema.org\",\"@graph\":[{\"@type\":\"WebPage\",\"@id\":\"https:\/\/brillancy.hu\/product\/fluffy-ezust-kutyas-talizman\/\",\"url\":\"https:\/\/brillancy.hu\/product\/fluffy-ezust-kutyas-talizman\/\",\"name\":\"Fluffy ez\u00fcst kuty\u00e1s talizm\u00e1n - Brillancy\",\"isPartOf\":{\"@id\":\"https:\/\/brillancy.hu\/#website\"},\"primaryImageOfPage\":{\"@id\":\"https:\/\/brillancy.hu\/product\/fluffy-ezust-kutyas-talizman\/#primaryimage\"},\"image\":{\"@id\":\"https:\/\/brillancy.hu\/product\/fluffy-ezust-kutyas-talizman\/#primaryimage\"},\"thumbnailUrl\":\"https:\/\/brillancy.hu\/wp-content\/uploads\/2025\/04\/Fluffy-ezust-kutyas-talizman.jpg\",\"datePublished\":\"2025-04-01T16:08:00+00:00\",\"dateModified\":\"2025-10-17T09:56:12+00:00\",\"description\":\"Fluffy ez\u00fcst kuty\u00e1s talizm\u00e1n: A kistest\u0171 kuty\u00e1k kedvel\u0151inek \u00e9leth\u0171 \u00e1br\u00e1zol\u00e1ssal, magas min\u0151s\u00e9gben megalkotott 925 ezrel\u00e9kes finoms\u00e1g\u00fa ez\u00fcst kuty\u00e1s talizm\u00e1n.\",\"breadcrumb\":{\"@id\":\"https:\/\/brillancy.hu\/product\/fluffy-ezust-kutyas-talizman\/#breadcrumb\"},\"inLanguage\":\"en-GB\",\"potentialAction\":[{\"@type\":\"ReadAction\",\"target\":[\"https:\/\/brillancy.hu\/product\/fluffy-ezust-kutyas-talizman\/\"]}]},{\"@type\":\"ImageObject\",\"inLanguage\":\"en-GB\",\"@id\":\"https:\/\/brillancy.hu\/product\/fluffy-ezust-kutyas-talizman\/#primaryimage\",\"url\":\"https:\/\/brillancy.hu\/wp-content\/uploads\/2025\/04\/Fluffy-ezust-kutyas-talizman.jpg\",\"contentUrl\":\"https:\/\/brillancy.hu\/wp-content\/uploads\/2025\/04\/Fluffy-ezust-kutyas-talizman.jpg\",\"width\":640,\"height\":480,\"caption\":\"925 ezrel\u00e9kes finoms\u00e1g\u00fa ez\u00fcst kuty\u00e1s talizm\u00e1n\"},{\"@type\":\"BreadcrumbList\",\"@id\":\"https:\/\/brillancy.hu\/product\/fluffy-ezust-kutyas-talizman\/#breadcrumb\",\"itemListElement\":[{\"@type\":\"ListItem\",\"position\":1,\"name\":\"Home\",\"item\":\"https:\/\/brillancy.hu\/\"},{\"@type\":\"ListItem\",\"position\":2,\"name\":\"Term\u00e9kek\",\"item\":\"https:\/\/brillancy.hu\/termekek\/\"},{\"@type\":\"ListItem\",\"position\":3,\"name\":\"Fluffy ez\u00fcst kuty\u00e1s talizm\u00e1n\"}]},{\"@type\":\"WebSite\",\"@id\":\"https:\/\/brillancy.hu\/#website\",\"url\":\"https:\/\/brillancy.hu\/\",\"name\":\"Brillancy\",\"description\":\"\",\"potentialAction\":[{\"@type\":\"SearchAction\",\"target\":{\"@type\":\"EntryPoint\",\"urlTemplate\":\"https:\/\/brillancy.hu\/?s={search_term_string}\"},\"query-input\":{\"@type\":\"PropertyValueSpecification\",\"valueRequired\":true,\"valueName\":\"search_term_string\"}}],\"inLanguage\":\"en-GB\"}]}<\/script>\n<!-- \/ Yoast SEO Premium plugin. -->","yoast_head_json":{"title":"Fluffy ez\u00fcst kuty\u00e1s talizm\u00e1n - Brillancy","description":"Fluffy ez\u00fcst kuty\u00e1s talizm\u00e1n: A kistest\u0171 kuty\u00e1k kedvel\u0151inek \u00e9leth\u0171 \u00e1br\u00e1zol\u00e1ssal, magas min\u0151s\u00e9gben megalkotott 925 ezrel\u00e9kes finoms\u00e1g\u00fa ez\u00fcst kuty\u00e1s talizm\u00e1n.","robots":{"index":"index","follow":"follow","max-snippet":"max-snippet:-1","max-image-preview":"max-image-preview:large","max-video-preview":"max-video-preview:-1"},"canonical":"https:\/\/brillancy.hu\/en\/product\/fluffy-ezust-kutyas-talizman\/","og_locale":"en_GB","og_type":"article","og_title":"Fluffy ez\u00fcst kuty\u00e1s talizm\u00e1n","og_description":"Fluffy ez\u00fcst kuty\u00e1s talizm\u00e1n: A kistest\u0171 kuty\u00e1k kedvel\u0151inek \u00e9leth\u0171 \u00e1br\u00e1zol\u00e1ssal, magas min\u0151s\u00e9gben megalkotott 925 ezrel\u00e9kes finoms\u00e1g\u00fa ez\u00fcst kuty\u00e1s talizm\u00e1n.","og_url":"https:\/\/brillancy.hu\/en\/product\/fluffy-ezust-kutyas-talizman\/","og_site_name":"Brillancy","article_modified_time":"2025-10-17T09:56:12+00:00","og_image":[{"width":640,"height":480,"url":"https:\/\/brillancy.hu\/wp-content\/uploads\/2025\/04\/Fluffy-ezust-kutyas-talizman.jpg","type":"image\/jpeg"}],"twitter_card":"summary_large_image","twitter_misc":{"Estimated reading time":"2 minutes"},"schema":{"@context":"https:\/\/schema.org","@graph":[{"@type":"WebPage","@id":"https:\/\/brillancy.hu\/product\/fluffy-ezust-kutyas-talizman\/","url":"https:\/\/brillancy.hu\/product\/fluffy-ezust-kutyas-talizman\/","name":"Fluffy ez\u00fcst kuty\u00e1s talizm\u00e1n - Brillancy","isPartOf":{"@id":"https:\/\/brillancy.hu\/#website"},"primaryImageOfPage":{"@id":"https:\/\/brillancy.hu\/product\/fluffy-ezust-kutyas-talizman\/#primaryimage"},"image":{"@id":"https:\/\/brillancy.hu\/product\/fluffy-ezust-kutyas-talizman\/#primaryimage"},"thumbnailUrl":"https:\/\/brillancy.hu\/wp-content\/uploads\/2025\/04\/Fluffy-ezust-kutyas-talizman.jpg","datePublished":"2025-04-01T16:08:00+00:00","dateModified":"2025-10-17T09:56:12+00:00","description":"Fluffy ez\u00fcst kuty\u00e1s talizm\u00e1n: A kistest\u0171 kuty\u00e1k kedvel\u0151inek \u00e9leth\u0171 \u00e1br\u00e1zol\u00e1ssal, magas min\u0151s\u00e9gben megalkotott 925 ezrel\u00e9kes finoms\u00e1g\u00fa ez\u00fcst kuty\u00e1s talizm\u00e1n.","breadcrumb":{"@id":"https:\/\/brillancy.hu\/product\/fluffy-ezust-kutyas-talizman\/#breadcrumb"},"inLanguage":"en-GB","potentialAction":[{"@type":"ReadAction","target":["https:\/\/brillancy.hu\/product\/fluffy-ezust-kutyas-talizman\/"]}]},{"@type":"ImageObject","inLanguage":"en-GB","@id":"https:\/\/brillancy.hu\/product\/fluffy-ezust-kutyas-talizman\/#primaryimage","url":"https:\/\/brillancy.hu\/wp-content\/uploads\/2025\/04\/Fluffy-ezust-kutyas-talizman.jpg","contentUrl":"https:\/\/brillancy.hu\/wp-content\/uploads\/2025\/04\/Fluffy-ezust-kutyas-talizman.jpg","width":640,"height":480,"caption":"925 ezrel\u00e9kes finoms\u00e1g\u00fa ez\u00fcst kuty\u00e1s talizm\u00e1n"},{"@type":"BreadcrumbList","@id":"https:\/\/brillancy.hu\/product\/fluffy-ezust-kutyas-talizman\/#breadcrumb","itemListElement":[{"@type":"ListItem","position":1,"name":"Home","item":"https:\/\/brillancy.hu\/"},{"@type":"ListItem","position":2,"name":"Term\u00e9kek","item":"https:\/\/brillancy.hu\/termekek\/"},{"@type":"ListItem","position":3,"name":"Fluffy ez\u00fcst kuty\u00e1s talizm\u00e1n"}]},{"@type":"WebSite","@id":"https:\/\/brillancy.hu\/#website","url":"https:\/\/brillancy.hu\/","name":"Brillancy","description":"","potentialAction":[{"@type":"SearchAction","target":{"@type":"EntryPoint","urlTemplate":"https:\/\/brillancy.hu\/?s={search_term_string}"},"query-input":{"@type":"PropertyValueSpecification","valueRequired":true,"valueName":"search_term_string"}}],"inLanguage":"en-GB"}]}},"_links":{"self":[{"href":"https:\/\/brillancy.hu\/en\/wp-json\/wp\/v2\/product\/9716","targetHints":{"allow":["GET"]}}],"collection":[{"href":"https:\/\/brillancy.hu\/en\/wp-json\/wp\/v2\/product"}],"about":[{"href":"https:\/\/brillancy.hu\/en\/wp-json\/wp\/v2\/types\/product"}],"replies":[{"embeddable":true,"href":"https:\/\/brillancy.hu\/en\/wp-json\/wp\/v2\/comments?post=9716"}],"wp:featuredmedia":[{"embeddable":true,"href":"https:\/\/brillancy.hu\/en\/wp-json\/wp\/v2\/media\/9703"}],"wp:attachment":[{"href":"https:\/\/brillancy.hu\/en\/wp-json\/wp\/v2\/media?parent=9716"}],"wp:term":[{"taxonomy":"product_brand","embeddable":true,"href":"https:\/\/brillancy.hu\/en\/wp-json\/wp\/v2\/product_brand?post=9716"},{"taxonomy":"product_cat","embeddable":true,"href":"https:\/\/brillancy.hu\/en\/wp-json\/wp\/v2\/product_cat?post=9716"},{"taxonomy":"product_tag","embeddable":true,"href":"https:\/\/brillancy.hu\/en\/wp-json\/wp\/v2\/product_tag?post=9716"}],"curies":[{"name":"wp","href":"https:\/\/api.w.org\/{rel}","templated":true}]}}