{"id":9647,"date":"2025-03-28T20:14:03","date_gmt":"2025-03-28T19:14:03","guid":{"rendered":"https:\/\/brillancy.hu\/?post_type=product&#038;p=9647"},"modified":"2025-10-17T10:56:12","modified_gmt":"2025-10-17T09:56:12","slug":"testa-11-arany-iranytu-talizman","status":"publish","type":"product","link":"https:\/\/brillancy.hu\/en\/product\/testa-11-arany-iranytu-talizman\/","title":{"rendered":"Testa-11 gold compass charm"},"content":{"rendered":"<p><b>Testa-11 gold compass charm<\/b><\/p>\n<p>&nbsp;<\/p>\n<p><b>The designer&#039;s recommendation:<\/b><\/p>\n<p>An eye-catching piece can make yours with this 14-karat gold charm for the wearer. This jewelry is like a treasure map, the elongated, rectangular form and the scattered glittering blue diamonds thanks to you.<\/p>\n<p>In the middle of the star motif is home to the largest brilliant cut blue diamonds. Around irregular layout and smaller, but different sizes are located. The gems are irregular, player location and the star is a regular of the contrast of exciting sight. Curious by nature thereof, discover those seeking the perfect choice. The journey, sailing enthusiasts, we recommend the Testa golden compass talisman our collection!<\/p>\n<ul>\n<li><b>Material:<\/b>\u00a0gold<\/li>\n<li><b>Fineness<\/b>: 585 thousandth, 14 carat<\/li>\n<li><b>Gemstone<\/b>: brilliant cut blue diamonds<\/li>\n<\/ul>\n<p>&nbsp;<\/p>\n<p>Eternal life guarantee: the jewelry you can build, the material errors and gems<\/p>\n<p>The average production time is 2-8 weeks. If you have any important date for which you want the product, please contact with us by phone +36 30 539 1179 number, or the info@brillancy.hu e-mail address.<\/p>\n<p>The Testa collection pieces can be ordered in yellow, white or rose gold colors. The jewel to the gift box optional.<\/p>\n<p>The chain is not included with the product, but if you want to add, we&#039;re happy to help match you choose.<\/p>\n<p>I like this gold compass charm, but white or black diamonds did you imagine it? It&#039;s not a problem. We like to give an offer to the expected ideas. Find us confidence on the phone +36 30 539 1179 number, or the info@brillancy.hu e-mail address.<\/p>\n<p>Pay broken with gold! Damaged, old, or never used gold hiding at home in the cupboards? Bring it in to us and it will be transferred to you the chosen jewellery price!<\/p>","protected":false},"excerpt":{"rendered":"<p>14-karat gold compass talisman brilliant cut blue diamonds decorated. The travel and sailing lovers!<\/p>","protected":false},"featured_media":9646,"comment_status":"open","ping_status":"closed","template":"","meta":[],"product_brand":[],"product_cat":[20,63],"product_tag":[],"class_list":{"0":"post-9647","1":"product","2":"type-product","3":"status-publish","4":"has-post-thumbnail","6":"product_cat-talizmanok","7":"product_cat-vitorlas","9":"first","10":"instock","11":"shipping-taxable","12":"purchasable","13":"product-type-simple"},"yoast_head":"<!-- This site is optimized with the Yoast SEO Premium plugin v27.0 (Yoast SEO v27.0) - https:\/\/yoast.com\/product\/yoast-seo-premium-wordpress\/ -->\n<title>Testa-11 arany ir\u00e1nyt\u0171 talizm\u00e1n - Brillancy<\/title>\n<meta name=\"description\" content=\"Ez az arany ir\u00e1nyt\u0171 talizm\u00e1n olyan, ak\u00e1r egy kincses t\u00e9rk\u00e9p, a hossz\u00fak\u00e1s, t\u00e9glalap form\u00e1j\u00e1val \u00e9s az elsz\u00f3rtan elhelyezked\u0151 csillog\u00f3 k\u00e9k gy\u00e9m\u00e1ntoknak k\u00f6sz\u00f6nhet\u0151en.\" \/>\n<meta name=\"robots\" content=\"index, follow, max-snippet:-1, max-image-preview:large, max-video-preview:-1\" \/>\n<link rel=\"canonical\" href=\"https:\/\/brillancy.hu\/en\/product\/testa-11-arany-iranytu-talizman\/\" \/>\n<meta property=\"og:locale\" content=\"en_GB\" \/>\n<meta property=\"og:type\" content=\"article\" \/>\n<meta property=\"og:title\" content=\"Testa-11 arany ir\u00e1nyt\u0171 talizm\u00e1n\" \/>\n<meta property=\"og:description\" content=\"Ez az arany ir\u00e1nyt\u0171 talizm\u00e1n olyan, ak\u00e1r egy kincses t\u00e9rk\u00e9p, a hossz\u00fak\u00e1s, t\u00e9glalap form\u00e1j\u00e1val \u00e9s az elsz\u00f3rtan elhelyezked\u0151 csillog\u00f3 k\u00e9k gy\u00e9m\u00e1ntoknak k\u00f6sz\u00f6nhet\u0151en.\" \/>\n<meta property=\"og:url\" content=\"https:\/\/brillancy.hu\/en\/product\/testa-11-arany-iranytu-talizman\/\" \/>\n<meta property=\"og:site_name\" content=\"Brillancy\" \/>\n<meta property=\"article:modified_time\" content=\"2025-10-17T09:56:12+00:00\" \/>\n<meta property=\"og:image\" content=\"https:\/\/brillancy.hu\/wp-content\/uploads\/2025\/03\/Testa-11-arany-iranytu-talizman.jpg\" \/>\n\t<meta property=\"og:image:width\" content=\"640\" \/>\n\t<meta property=\"og:image:height\" content=\"480\" \/>\n\t<meta property=\"og:image:type\" content=\"image\/jpeg\" \/>\n<meta name=\"twitter:card\" content=\"summary_large_image\" \/>\n<meta name=\"twitter:label1\" content=\"Estimated reading time\" \/>\n\t<meta name=\"twitter:data1\" content=\"2 minutes\" \/>\n<script type=\"application\/ld+json\" class=\"yoast-schema-graph\">{\"@context\":\"https:\/\/schema.org\",\"@graph\":[{\"@type\":\"WebPage\",\"@id\":\"https:\/\/brillancy.hu\/product\/testa-11-arany-iranytu-talizman\/\",\"url\":\"https:\/\/brillancy.hu\/product\/testa-11-arany-iranytu-talizman\/\",\"name\":\"Testa-11 arany ir\u00e1nyt\u0171 talizm\u00e1n - Brillancy\",\"isPartOf\":{\"@id\":\"https:\/\/brillancy.hu\/#website\"},\"primaryImageOfPage\":{\"@id\":\"https:\/\/brillancy.hu\/product\/testa-11-arany-iranytu-talizman\/#primaryimage\"},\"image\":{\"@id\":\"https:\/\/brillancy.hu\/product\/testa-11-arany-iranytu-talizman\/#primaryimage\"},\"thumbnailUrl\":\"https:\/\/brillancy.hu\/wp-content\/uploads\/2025\/03\/Testa-11-arany-iranytu-talizman.jpg\",\"datePublished\":\"2025-03-28T19:14:03+00:00\",\"dateModified\":\"2025-10-17T09:56:12+00:00\",\"description\":\"Ez az arany ir\u00e1nyt\u0171 talizm\u00e1n olyan, ak\u00e1r egy kincses t\u00e9rk\u00e9p, a hossz\u00fak\u00e1s, t\u00e9glalap form\u00e1j\u00e1val \u00e9s az elsz\u00f3rtan elhelyezked\u0151 csillog\u00f3 k\u00e9k gy\u00e9m\u00e1ntoknak k\u00f6sz\u00f6nhet\u0151en.\",\"breadcrumb\":{\"@id\":\"https:\/\/brillancy.hu\/product\/testa-11-arany-iranytu-talizman\/#breadcrumb\"},\"inLanguage\":\"en-GB\",\"potentialAction\":[{\"@type\":\"ReadAction\",\"target\":[\"https:\/\/brillancy.hu\/product\/testa-11-arany-iranytu-talizman\/\"]}]},{\"@type\":\"ImageObject\",\"inLanguage\":\"en-GB\",\"@id\":\"https:\/\/brillancy.hu\/product\/testa-11-arany-iranytu-talizman\/#primaryimage\",\"url\":\"https:\/\/brillancy.hu\/wp-content\/uploads\/2025\/03\/Testa-11-arany-iranytu-talizman.jpg\",\"contentUrl\":\"https:\/\/brillancy.hu\/wp-content\/uploads\/2025\/03\/Testa-11-arany-iranytu-talizman.jpg\",\"width\":640,\"height\":480,\"caption\":\"14 kar\u00e1tos ir\u00e1nyt\u0171 talizm\u00e1n brili\u00e1ns csiszol\u00e1s\u00fa k\u00e9k gy\u00e9m\u00e1ntokkal\"},{\"@type\":\"BreadcrumbList\",\"@id\":\"https:\/\/brillancy.hu\/product\/testa-11-arany-iranytu-talizman\/#breadcrumb\",\"itemListElement\":[{\"@type\":\"ListItem\",\"position\":1,\"name\":\"Home\",\"item\":\"https:\/\/brillancy.hu\/\"},{\"@type\":\"ListItem\",\"position\":2,\"name\":\"Term\u00e9kek\",\"item\":\"https:\/\/brillancy.hu\/termekek\/\"},{\"@type\":\"ListItem\",\"position\":3,\"name\":\"Testa-11 arany ir\u00e1nyt\u0171 talizm\u00e1n\"}]},{\"@type\":\"WebSite\",\"@id\":\"https:\/\/brillancy.hu\/#website\",\"url\":\"https:\/\/brillancy.hu\/\",\"name\":\"Brillancy\",\"description\":\"\",\"potentialAction\":[{\"@type\":\"SearchAction\",\"target\":{\"@type\":\"EntryPoint\",\"urlTemplate\":\"https:\/\/brillancy.hu\/?s={search_term_string}\"},\"query-input\":{\"@type\":\"PropertyValueSpecification\",\"valueRequired\":true,\"valueName\":\"search_term_string\"}}],\"inLanguage\":\"en-GB\"}]}<\/script>\n<!-- \/ Yoast SEO Premium plugin. -->","yoast_head_json":{"title":"Testa-11 arany ir\u00e1nyt\u0171 talizm\u00e1n - Brillancy","description":"Ez az arany ir\u00e1nyt\u0171 talizm\u00e1n olyan, ak\u00e1r egy kincses t\u00e9rk\u00e9p, a hossz\u00fak\u00e1s, t\u00e9glalap form\u00e1j\u00e1val \u00e9s az elsz\u00f3rtan elhelyezked\u0151 csillog\u00f3 k\u00e9k gy\u00e9m\u00e1ntoknak k\u00f6sz\u00f6nhet\u0151en.","robots":{"index":"index","follow":"follow","max-snippet":"max-snippet:-1","max-image-preview":"max-image-preview:large","max-video-preview":"max-video-preview:-1"},"canonical":"https:\/\/brillancy.hu\/en\/product\/testa-11-arany-iranytu-talizman\/","og_locale":"en_GB","og_type":"article","og_title":"Testa-11 arany ir\u00e1nyt\u0171 talizm\u00e1n","og_description":"Ez az arany ir\u00e1nyt\u0171 talizm\u00e1n olyan, ak\u00e1r egy kincses t\u00e9rk\u00e9p, a hossz\u00fak\u00e1s, t\u00e9glalap form\u00e1j\u00e1val \u00e9s az elsz\u00f3rtan elhelyezked\u0151 csillog\u00f3 k\u00e9k gy\u00e9m\u00e1ntoknak k\u00f6sz\u00f6nhet\u0151en.","og_url":"https:\/\/brillancy.hu\/en\/product\/testa-11-arany-iranytu-talizman\/","og_site_name":"Brillancy","article_modified_time":"2025-10-17T09:56:12+00:00","og_image":[{"width":640,"height":480,"url":"https:\/\/brillancy.hu\/wp-content\/uploads\/2025\/03\/Testa-11-arany-iranytu-talizman.jpg","type":"image\/jpeg"}],"twitter_card":"summary_large_image","twitter_misc":{"Estimated reading time":"2 minutes"},"schema":{"@context":"https:\/\/schema.org","@graph":[{"@type":"WebPage","@id":"https:\/\/brillancy.hu\/product\/testa-11-arany-iranytu-talizman\/","url":"https:\/\/brillancy.hu\/product\/testa-11-arany-iranytu-talizman\/","name":"Testa-11 arany ir\u00e1nyt\u0171 talizm\u00e1n - Brillancy","isPartOf":{"@id":"https:\/\/brillancy.hu\/#website"},"primaryImageOfPage":{"@id":"https:\/\/brillancy.hu\/product\/testa-11-arany-iranytu-talizman\/#primaryimage"},"image":{"@id":"https:\/\/brillancy.hu\/product\/testa-11-arany-iranytu-talizman\/#primaryimage"},"thumbnailUrl":"https:\/\/brillancy.hu\/wp-content\/uploads\/2025\/03\/Testa-11-arany-iranytu-talizman.jpg","datePublished":"2025-03-28T19:14:03+00:00","dateModified":"2025-10-17T09:56:12+00:00","description":"Ez az arany ir\u00e1nyt\u0171 talizm\u00e1n olyan, ak\u00e1r egy kincses t\u00e9rk\u00e9p, a hossz\u00fak\u00e1s, t\u00e9glalap form\u00e1j\u00e1val \u00e9s az elsz\u00f3rtan elhelyezked\u0151 csillog\u00f3 k\u00e9k gy\u00e9m\u00e1ntoknak k\u00f6sz\u00f6nhet\u0151en.","breadcrumb":{"@id":"https:\/\/brillancy.hu\/product\/testa-11-arany-iranytu-talizman\/#breadcrumb"},"inLanguage":"en-GB","potentialAction":[{"@type":"ReadAction","target":["https:\/\/brillancy.hu\/product\/testa-11-arany-iranytu-talizman\/"]}]},{"@type":"ImageObject","inLanguage":"en-GB","@id":"https:\/\/brillancy.hu\/product\/testa-11-arany-iranytu-talizman\/#primaryimage","url":"https:\/\/brillancy.hu\/wp-content\/uploads\/2025\/03\/Testa-11-arany-iranytu-talizman.jpg","contentUrl":"https:\/\/brillancy.hu\/wp-content\/uploads\/2025\/03\/Testa-11-arany-iranytu-talizman.jpg","width":640,"height":480,"caption":"14 kar\u00e1tos ir\u00e1nyt\u0171 talizm\u00e1n brili\u00e1ns csiszol\u00e1s\u00fa k\u00e9k gy\u00e9m\u00e1ntokkal"},{"@type":"BreadcrumbList","@id":"https:\/\/brillancy.hu\/product\/testa-11-arany-iranytu-talizman\/#breadcrumb","itemListElement":[{"@type":"ListItem","position":1,"name":"Home","item":"https:\/\/brillancy.hu\/"},{"@type":"ListItem","position":2,"name":"Term\u00e9kek","item":"https:\/\/brillancy.hu\/termekek\/"},{"@type":"ListItem","position":3,"name":"Testa-11 arany ir\u00e1nyt\u0171 talizm\u00e1n"}]},{"@type":"WebSite","@id":"https:\/\/brillancy.hu\/#website","url":"https:\/\/brillancy.hu\/","name":"Brillancy","description":"","potentialAction":[{"@type":"SearchAction","target":{"@type":"EntryPoint","urlTemplate":"https:\/\/brillancy.hu\/?s={search_term_string}"},"query-input":{"@type":"PropertyValueSpecification","valueRequired":true,"valueName":"search_term_string"}}],"inLanguage":"en-GB"}]}},"_links":{"self":[{"href":"https:\/\/brillancy.hu\/en\/wp-json\/wp\/v2\/product\/9647","targetHints":{"allow":["GET"]}}],"collection":[{"href":"https:\/\/brillancy.hu\/en\/wp-json\/wp\/v2\/product"}],"about":[{"href":"https:\/\/brillancy.hu\/en\/wp-json\/wp\/v2\/types\/product"}],"replies":[{"embeddable":true,"href":"https:\/\/brillancy.hu\/en\/wp-json\/wp\/v2\/comments?post=9647"}],"wp:featuredmedia":[{"embeddable":true,"href":"https:\/\/brillancy.hu\/en\/wp-json\/wp\/v2\/media\/9646"}],"wp:attachment":[{"href":"https:\/\/brillancy.hu\/en\/wp-json\/wp\/v2\/media?parent=9647"}],"wp:term":[{"taxonomy":"product_brand","embeddable":true,"href":"https:\/\/brillancy.hu\/en\/wp-json\/wp\/v2\/product_brand?post=9647"},{"taxonomy":"product_cat","embeddable":true,"href":"https:\/\/brillancy.hu\/en\/wp-json\/wp\/v2\/product_cat?post=9647"},{"taxonomy":"product_tag","embeddable":true,"href":"https:\/\/brillancy.hu\/en\/wp-json\/wp\/v2\/product_tag?post=9647"}],"curies":[{"name":"wp","href":"https:\/\/api.w.org\/{rel}","templated":true}]}}