{"id":9612,"date":"2025-03-26T20:15:52","date_gmt":"2025-03-26T19:15:52","guid":{"rendered":"https:\/\/brillancy.hu\/?post_type=product&#038;p=9612"},"modified":"2026-03-27T21:04:56","modified_gmt":"2026-03-27T20:04:56","slug":"testa-3-arany-iranytu-talizman","status":"publish","type":"product","link":"https:\/\/brillancy.hu\/en\/product\/testa-3-arany-iranytu-talizman\/","title":{"rendered":"Testa-3 golden compass talisman"},"content":{"rendered":"<div><strong>Testa-3 golden compass talisman<\/strong><\/div>\n<div><\/div>\n<div><\/div>\n<div><strong>The designer&#039;s recommendation:<\/strong><\/div>\n<p>Not round, but square shapes are emphasized by this gold compass charm on. That&#039;s what makes it distinctive and modern piece. Decisiveness suggest, however, the fabulous, brilliant cut blue diamond I&#039;m a little joy and glamour take the talisman guise of.<\/p>\n<p>A total of 9 pieces of diamond in the middle. The star formation in 1, and an additional 8 round which the directions indicated. The noble materials such as 14-carat gold and the sea a color summoner gems perfect pair. The journey, sailing enthusiasts, we recommend the Testa golden compass talisman our collection!<\/p>\n<ul>\n<li style=\"font-weight: 400\"><b>Material:<\/b><span style=\"font-weight: 400\"> gold<\/span><\/li>\n<li style=\"font-weight: 400\"><b>Fineness<\/b><span style=\"font-weight: 400\">: 585 thousandth, 14 carat<\/span><\/li>\n<li style=\"font-weight: 400\"><b>Gemstone<\/b><span style=\"font-weight: 400\">: brilliant cut blue diamonds<\/span><\/li>\n<\/ul>\n<p>&nbsp;<\/p>\n<p><span style=\"font-weight: 400\">Eternal life guarantee: the jewelry you can build, the material errors and gems<\/span><\/p>\n<p>The average production time is 2-8 weeks. If you have any important date for which you want the product, please contact with us by phone +36 30 539 1179 number, or the info@brillancy.hu e-mail address.<\/p>\n<p>The Testa collection pieces can be ordered in yellow, white or rose gold colors. The jewel to the gift box optional.<\/p>\n<p>The chain is not included with the product, but if you want to add, we&#039;re happy to help match you choose.<\/p>\n<p>I like this gold compass charm, but white or black diamonds did you imagine it? It&#039;s not a problem. We like to give an offer to the expected ideas. Find us confidence on the phone +36 30 539 1179 number, or the info@brillancy.hu e-mail address.<\/p>\n<p>Pay broken with gold! Damaged, old, or never used gold hiding at home in the cupboards? Bring it in to us and it will be transferred to you the chosen jewellery price!<\/p>","protected":false},"excerpt":{"rendered":"<p>14-karat gold compass talisman 9 pieces of brilliant cut blue diamond decorated. The travel and sailing lovers!<\/p>","protected":false},"featured_media":9611,"comment_status":"open","ping_status":"closed","template":"","meta":[],"product_brand":[],"product_cat":[20,63],"product_tag":[],"class_list":{"0":"post-9612","1":"product","2":"type-product","3":"status-publish","4":"has-post-thumbnail","6":"product_cat-talizmanok","7":"product_cat-vitorlas","9":"first","10":"instock","11":"shipping-taxable","12":"purchasable","13":"product-type-simple"},"yoast_head":"<!-- This site is optimized with the Yoast SEO Premium plugin v27.0 (Yoast SEO v27.0) - https:\/\/yoast.com\/product\/yoast-seo-premium-wordpress\/ -->\n<title>Testa-3 arany ir\u00e1nyt\u0171 talizm\u00e1n - Brillancy<\/title>\n<meta name=\"description\" content=\"Sz\u00f6gletes formavil\u00e1g\u00fa, karakteres megjelen\u00e9s\u0171, 14 kar\u00e1tos arany ir\u00e1nyt\u0171 talizm\u00e1n brili\u00e1ns csiszol\u00e1s\u00fa k\u00e9k gy\u00e9m\u00e1ntokkal d\u00edsz\u00edtve.\" \/>\n<meta name=\"robots\" content=\"index, follow, max-snippet:-1, max-image-preview:large, max-video-preview:-1\" \/>\n<link rel=\"canonical\" href=\"https:\/\/brillancy.hu\/en\/product\/testa-3-arany-iranytu-talizman\/\" \/>\n<meta property=\"og:locale\" content=\"en_GB\" \/>\n<meta property=\"og:type\" content=\"article\" \/>\n<meta property=\"og:title\" content=\"Testa-3 arany ir\u00e1nyt\u0171 talizm\u00e1n\" \/>\n<meta property=\"og:description\" content=\"Sz\u00f6gletes formavil\u00e1g\u00fa, karakteres megjelen\u00e9s\u0171, 14 kar\u00e1tos arany ir\u00e1nyt\u0171 talizm\u00e1n brili\u00e1ns csiszol\u00e1s\u00fa k\u00e9k gy\u00e9m\u00e1ntokkal d\u00edsz\u00edtve.\" \/>\n<meta property=\"og:url\" content=\"https:\/\/brillancy.hu\/en\/product\/testa-3-arany-iranytu-talizman\/\" \/>\n<meta property=\"og:site_name\" content=\"Brillancy\" \/>\n<meta property=\"article:modified_time\" content=\"2026-03-27T20:04:56+00:00\" \/>\n<meta property=\"og:image\" content=\"https:\/\/brillancy.hu\/wp-content\/uploads\/2025\/03\/Testa-3-arany-iranytu-talizman.jpg\" \/>\n\t<meta property=\"og:image:width\" content=\"640\" \/>\n\t<meta property=\"og:image:height\" content=\"480\" \/>\n\t<meta property=\"og:image:type\" content=\"image\/jpeg\" \/>\n<meta name=\"twitter:card\" content=\"summary_large_image\" \/>\n<meta name=\"twitter:label1\" content=\"Estimated reading time\" \/>\n\t<meta name=\"twitter:data1\" content=\"2 minutes\" \/>\n<script type=\"application\/ld+json\" class=\"yoast-schema-graph\">{\"@context\":\"https:\/\/schema.org\",\"@graph\":[{\"@type\":\"WebPage\",\"@id\":\"https:\/\/brillancy.hu\/product\/testa-3-arany-iranytu-talizman\/\",\"url\":\"https:\/\/brillancy.hu\/product\/testa-3-arany-iranytu-talizman\/\",\"name\":\"Testa-3 arany ir\u00e1nyt\u0171 talizm\u00e1n - Brillancy\",\"isPartOf\":{\"@id\":\"https:\/\/brillancy.hu\/#website\"},\"primaryImageOfPage\":{\"@id\":\"https:\/\/brillancy.hu\/product\/testa-3-arany-iranytu-talizman\/#primaryimage\"},\"image\":{\"@id\":\"https:\/\/brillancy.hu\/product\/testa-3-arany-iranytu-talizman\/#primaryimage\"},\"thumbnailUrl\":\"https:\/\/brillancy.hu\/wp-content\/uploads\/2025\/03\/Testa-3-arany-iranytu-talizman.jpg\",\"datePublished\":\"2025-03-26T19:15:52+00:00\",\"dateModified\":\"2026-03-27T20:04:56+00:00\",\"description\":\"Sz\u00f6gletes formavil\u00e1g\u00fa, karakteres megjelen\u00e9s\u0171, 14 kar\u00e1tos arany ir\u00e1nyt\u0171 talizm\u00e1n brili\u00e1ns csiszol\u00e1s\u00fa k\u00e9k gy\u00e9m\u00e1ntokkal d\u00edsz\u00edtve.\",\"breadcrumb\":{\"@id\":\"https:\/\/brillancy.hu\/product\/testa-3-arany-iranytu-talizman\/#breadcrumb\"},\"inLanguage\":\"en-GB\",\"potentialAction\":[{\"@type\":\"ReadAction\",\"target\":[\"https:\/\/brillancy.hu\/product\/testa-3-arany-iranytu-talizman\/\"]}]},{\"@type\":\"ImageObject\",\"inLanguage\":\"en-GB\",\"@id\":\"https:\/\/brillancy.hu\/product\/testa-3-arany-iranytu-talizman\/#primaryimage\",\"url\":\"https:\/\/brillancy.hu\/wp-content\/uploads\/2025\/03\/Testa-3-arany-iranytu-talizman.jpg\",\"contentUrl\":\"https:\/\/brillancy.hu\/wp-content\/uploads\/2025\/03\/Testa-3-arany-iranytu-talizman.jpg\",\"width\":640,\"height\":480,\"caption\":\"14 kar\u00e1tos arany ir\u00e1nyt\u0171 talizm\u00e1n brili\u00e1ns csiszol\u00e1s\u00fa k\u00e9k gy\u00e9m\u00e1ntokkal\"},{\"@type\":\"BreadcrumbList\",\"@id\":\"https:\/\/brillancy.hu\/product\/testa-3-arany-iranytu-talizman\/#breadcrumb\",\"itemListElement\":[{\"@type\":\"ListItem\",\"position\":1,\"name\":\"Home\",\"item\":\"https:\/\/brillancy.hu\/\"},{\"@type\":\"ListItem\",\"position\":2,\"name\":\"Term\u00e9kek\",\"item\":\"https:\/\/brillancy.hu\/termekek\/\"},{\"@type\":\"ListItem\",\"position\":3,\"name\":\"Testa-3 arany ir\u00e1nyt\u0171 talizm\u00e1n\"}]},{\"@type\":\"WebSite\",\"@id\":\"https:\/\/brillancy.hu\/#website\",\"url\":\"https:\/\/brillancy.hu\/\",\"name\":\"Brillancy\",\"description\":\"\",\"potentialAction\":[{\"@type\":\"SearchAction\",\"target\":{\"@type\":\"EntryPoint\",\"urlTemplate\":\"https:\/\/brillancy.hu\/?s={search_term_string}\"},\"query-input\":{\"@type\":\"PropertyValueSpecification\",\"valueRequired\":true,\"valueName\":\"search_term_string\"}}],\"inLanguage\":\"en-GB\"}]}<\/script>\n<!-- \/ Yoast SEO Premium plugin. -->","yoast_head_json":{"title":"Testa-3 arany ir\u00e1nyt\u0171 talizm\u00e1n - Brillancy","description":"Sz\u00f6gletes formavil\u00e1g\u00fa, karakteres megjelen\u00e9s\u0171, 14 kar\u00e1tos arany ir\u00e1nyt\u0171 talizm\u00e1n brili\u00e1ns csiszol\u00e1s\u00fa k\u00e9k gy\u00e9m\u00e1ntokkal d\u00edsz\u00edtve.","robots":{"index":"index","follow":"follow","max-snippet":"max-snippet:-1","max-image-preview":"max-image-preview:large","max-video-preview":"max-video-preview:-1"},"canonical":"https:\/\/brillancy.hu\/en\/product\/testa-3-arany-iranytu-talizman\/","og_locale":"en_GB","og_type":"article","og_title":"Testa-3 arany ir\u00e1nyt\u0171 talizm\u00e1n","og_description":"Sz\u00f6gletes formavil\u00e1g\u00fa, karakteres megjelen\u00e9s\u0171, 14 kar\u00e1tos arany ir\u00e1nyt\u0171 talizm\u00e1n brili\u00e1ns csiszol\u00e1s\u00fa k\u00e9k gy\u00e9m\u00e1ntokkal d\u00edsz\u00edtve.","og_url":"https:\/\/brillancy.hu\/en\/product\/testa-3-arany-iranytu-talizman\/","og_site_name":"Brillancy","article_modified_time":"2026-03-27T20:04:56+00:00","og_image":[{"width":640,"height":480,"url":"https:\/\/brillancy.hu\/wp-content\/uploads\/2025\/03\/Testa-3-arany-iranytu-talizman.jpg","type":"image\/jpeg"}],"twitter_card":"summary_large_image","twitter_misc":{"Estimated reading time":"2 minutes"},"schema":{"@context":"https:\/\/schema.org","@graph":[{"@type":"WebPage","@id":"https:\/\/brillancy.hu\/product\/testa-3-arany-iranytu-talizman\/","url":"https:\/\/brillancy.hu\/product\/testa-3-arany-iranytu-talizman\/","name":"Testa-3 arany ir\u00e1nyt\u0171 talizm\u00e1n - Brillancy","isPartOf":{"@id":"https:\/\/brillancy.hu\/#website"},"primaryImageOfPage":{"@id":"https:\/\/brillancy.hu\/product\/testa-3-arany-iranytu-talizman\/#primaryimage"},"image":{"@id":"https:\/\/brillancy.hu\/product\/testa-3-arany-iranytu-talizman\/#primaryimage"},"thumbnailUrl":"https:\/\/brillancy.hu\/wp-content\/uploads\/2025\/03\/Testa-3-arany-iranytu-talizman.jpg","datePublished":"2025-03-26T19:15:52+00:00","dateModified":"2026-03-27T20:04:56+00:00","description":"Sz\u00f6gletes formavil\u00e1g\u00fa, karakteres megjelen\u00e9s\u0171, 14 kar\u00e1tos arany ir\u00e1nyt\u0171 talizm\u00e1n brili\u00e1ns csiszol\u00e1s\u00fa k\u00e9k gy\u00e9m\u00e1ntokkal d\u00edsz\u00edtve.","breadcrumb":{"@id":"https:\/\/brillancy.hu\/product\/testa-3-arany-iranytu-talizman\/#breadcrumb"},"inLanguage":"en-GB","potentialAction":[{"@type":"ReadAction","target":["https:\/\/brillancy.hu\/product\/testa-3-arany-iranytu-talizman\/"]}]},{"@type":"ImageObject","inLanguage":"en-GB","@id":"https:\/\/brillancy.hu\/product\/testa-3-arany-iranytu-talizman\/#primaryimage","url":"https:\/\/brillancy.hu\/wp-content\/uploads\/2025\/03\/Testa-3-arany-iranytu-talizman.jpg","contentUrl":"https:\/\/brillancy.hu\/wp-content\/uploads\/2025\/03\/Testa-3-arany-iranytu-talizman.jpg","width":640,"height":480,"caption":"14 kar\u00e1tos arany ir\u00e1nyt\u0171 talizm\u00e1n brili\u00e1ns csiszol\u00e1s\u00fa k\u00e9k gy\u00e9m\u00e1ntokkal"},{"@type":"BreadcrumbList","@id":"https:\/\/brillancy.hu\/product\/testa-3-arany-iranytu-talizman\/#breadcrumb","itemListElement":[{"@type":"ListItem","position":1,"name":"Home","item":"https:\/\/brillancy.hu\/"},{"@type":"ListItem","position":2,"name":"Term\u00e9kek","item":"https:\/\/brillancy.hu\/termekek\/"},{"@type":"ListItem","position":3,"name":"Testa-3 arany ir\u00e1nyt\u0171 talizm\u00e1n"}]},{"@type":"WebSite","@id":"https:\/\/brillancy.hu\/#website","url":"https:\/\/brillancy.hu\/","name":"Brillancy","description":"","potentialAction":[{"@type":"SearchAction","target":{"@type":"EntryPoint","urlTemplate":"https:\/\/brillancy.hu\/?s={search_term_string}"},"query-input":{"@type":"PropertyValueSpecification","valueRequired":true,"valueName":"search_term_string"}}],"inLanguage":"en-GB"}]}},"_links":{"self":[{"href":"https:\/\/brillancy.hu\/en\/wp-json\/wp\/v2\/product\/9612","targetHints":{"allow":["GET"]}}],"collection":[{"href":"https:\/\/brillancy.hu\/en\/wp-json\/wp\/v2\/product"}],"about":[{"href":"https:\/\/brillancy.hu\/en\/wp-json\/wp\/v2\/types\/product"}],"replies":[{"embeddable":true,"href":"https:\/\/brillancy.hu\/en\/wp-json\/wp\/v2\/comments?post=9612"}],"wp:featuredmedia":[{"embeddable":true,"href":"https:\/\/brillancy.hu\/en\/wp-json\/wp\/v2\/media\/9611"}],"wp:attachment":[{"href":"https:\/\/brillancy.hu\/en\/wp-json\/wp\/v2\/media?parent=9612"}],"wp:term":[{"taxonomy":"product_brand","embeddable":true,"href":"https:\/\/brillancy.hu\/en\/wp-json\/wp\/v2\/product_brand?post=9612"},{"taxonomy":"product_cat","embeddable":true,"href":"https:\/\/brillancy.hu\/en\/wp-json\/wp\/v2\/product_cat?post=9612"},{"taxonomy":"product_tag","embeddable":true,"href":"https:\/\/brillancy.hu\/en\/wp-json\/wp\/v2\/product_tag?post=9612"}],"curies":[{"name":"wp","href":"https:\/\/api.w.org\/{rel}","templated":true}]}}