{"id":8605,"date":"2025-01-31T18:40:50","date_gmt":"2025-01-31T17:40:50","guid":{"rendered":"https:\/\/brillancy.hu\/?post_type=product&#038;p=8605"},"modified":"2026-04-21T09:24:56","modified_gmt":"2026-04-21T08:24:56","slug":"imagine-2-feherarany-karikagyuru","status":"publish","type":"product","link":"https:\/\/brillancy.hu\/en\/product\/imagine-2-feherarany-karikagyuru\/","title":{"rendered":"Imagine-2 white gold wedding ring"},"content":{"rendered":"<p><strong>Imagine-2 white gold wedding ring<\/strong><\/p>\n<p>Brushed surface <strong>14 carat white gold wedding ring couple<\/strong>which special appearance imparts on the surface of wave-line carving. The female pairs, to place the decoration is in line to sit <strong>The 3 pieces of brilliant cut white natural diamond<\/strong>which one, but the amazing glow the ring.<\/p>\n<p><strong>Diamonds diameter:<\/strong> 2pcs 1,1 mm, 1 pcs 1.4 mm<\/p>\n<div class=\"description\">\n<p><strong>Ring width:<\/strong> 4 mm<\/p>\n<p><strong>Ring material thickness:<\/strong> 1.3 mm<\/p>\n<h3>Sz\u00e1m\u00edttasd be r\u00e9gi t\u00f6rtaranyadat!<\/h3>\n<p><strong>Fenntarthat\u00f3 arany \u2013 k\u00f6z\u00f6s \u00e9rt\u00e9k\u00fcnk<\/strong><\/p>\n<p>Sz\u00e1munkra az \u00e9kszer nemcsak sz\u00e9ps\u00e9g, hanem felel\u0151ss\u00e9g is.<br \/>\nEz\u00e9rt \u00f6r\u00f6mmel besz\u00e1m\u00edtjuk r\u00e9gi, megunt vagy s\u00e9r\u00fclt arany \u00e9kszereidet egy \u00faj darab elk\u00e9sz\u00edt\u00e9sekor.<\/p>\n<p><b>Ezzel egyszerre nyersz Te \u00e9s a k\u00f6rnyezet is<\/b>:<br \/>\n\u2013 cs\u00f6kken az \u00faj b\u00e1ny\u00e1szatb\u00f3l sz\u00e1rmaz\u00f3 arany ir\u00e1nti ig\u00e9ny,<br \/>\n\u2013<b> kisebb \u00f6kol\u00f3giai l\u00e1bnyom<\/b>mal k\u00e9sz\u00fcl el az \u00e9kszered,<br \/>\n\u2013 \u00e9s <b>kedvez\u0151bb \u00e1r<\/b>on juthatsz egy teljesen \u00faj, szem\u00e9lyre szabott darabhoz.<\/p>\n<p><b>\u00cdgy a r\u00e9gi eml\u00e9kek nem vesznek el \u2014 \u00e1talakulnak, \u00e9s egy \u00faj t\u00f6rt\u00e9net r\u00e9sz\u00e9v\u00e9 v\u00e1lnak.<\/b><\/p>\n<p><strong>Yellow, white or ros\u00e9 in color order. A claim may be requested whether or not polished or different matt surfaces.<\/strong><\/p>\n<ul>\n<li><strong>Material<\/strong>: gold<\/li>\n<li><strong>Fineness<\/strong>: 585 thousandth, 14 carat<\/li>\n<li><strong>Gemstone: <\/strong>brilliant cut natural diamonds<\/li>\n<\/ul>\n<p><strong>Eternal life guarantee:<\/strong> material defects<\/p>\n<p><strong>Free renewal:<\/strong> We undertake the ring a couple of free scratch-free sales of five times and the purchase within five years!<\/p>\n<p><strong>The rings gift box optional.<\/strong><\/p>\n<p><strong>Like the jewelry, but different quality diamonds, or colorful gems did you imagine it? It&#039;s not a problem. We like to give you an offer to the expected ideas. Find us confidence on the phone +36 30 539 1179 number, or the <\/strong><a href=\"mailto:info@brillancy.hu\"><strong>info@brillancy.hu<\/strong><\/a><strong> e-mail address.<\/strong><\/p>\n<\/div>","protected":false},"excerpt":{"rendered":"<p>Imagine hand-made wedding ring collection.<\/p>\n<p>Modern chic, which restrained the weekdays and a worthy ornament for the holidays!<\/p>","protected":false},"featured_media":11366,"comment_status":"closed","ping_status":"closed","template":"","meta":[],"product_brand":[],"product_cat":[119,51,18],"product_tag":[],"class_list":{"0":"post-8605","1":"product","2":"type-product","3":"status-publish","4":"has-post-thumbnail","6":"product_cat-egyszinu","7":"product_cat-imagine","8":"product_cat-karikagyuru","10":"first","11":"instock","12":"purchasable","13":"product-type-simple"},"yoast_head":"<!-- This site is optimized with the Yoast SEO Premium plugin v27.0 (Yoast SEO v27.0) - https:\/\/yoast.com\/product\/yoast-seo-premium-wordpress\/ -->\n<title>Imagine-2 Feh\u00e9rarany karikagy\u0171r\u0171 - Brillancy<\/title>\n<meta name=\"description\" content=\"Imagine-2 Feh\u00e9rarany karikagy\u0171r\u0171 - Sz\u00e1lcsiszolt fel\u00fclet\u0171 14 kar\u00e1tos feh\u00e9rarany karikagy\u0171r\u0171 p\u00e1r, melynek k\u00fcl\u00f6nleges megjelen\u00e9st k...\" \/>\n<meta name=\"robots\" content=\"index, follow, max-snippet:-1, max-image-preview:large, max-video-preview:-1\" \/>\n<link rel=\"canonical\" href=\"https:\/\/brillancy.hu\/en\/product\/imagine-2-feherarany-karikagyuru\/\" \/>\n<meta property=\"og:locale\" content=\"en_GB\" \/>\n<meta property=\"og:type\" content=\"article\" \/>\n<meta property=\"og:title\" content=\"Imagine-2 Feh\u00e9rarany karikagy\u0171r\u0171\" \/>\n<meta property=\"og:description\" content=\"Imagine-2 Feh\u00e9rarany karikagy\u0171r\u0171 - Sz\u00e1lcsiszolt fel\u00fclet\u0171 14 kar\u00e1tos feh\u00e9rarany karikagy\u0171r\u0171 p\u00e1r, melynek k\u00fcl\u00f6nleges megjelen\u00e9st k...\" \/>\n<meta property=\"og:url\" content=\"https:\/\/brillancy.hu\/en\/product\/imagine-2-feherarany-karikagyuru\/\" \/>\n<meta property=\"og:site_name\" content=\"Brillancy\" \/>\n<meta property=\"article:modified_time\" content=\"2026-04-21T08:24:56+00:00\" \/>\n<meta property=\"og:image\" content=\"https:\/\/brillancy.hu\/wp-content\/uploads\/2025\/01\/imagine-2.png\" \/>\n\t<meta property=\"og:image:width\" content=\"1024\" \/>\n\t<meta property=\"og:image:height\" content=\"1024\" \/>\n\t<meta property=\"og:image:type\" content=\"image\/png\" \/>\n<meta name=\"twitter:card\" content=\"summary_large_image\" \/>\n<meta name=\"twitter:label1\" content=\"Estimated reading time\" \/>\n\t<meta name=\"twitter:data1\" content=\"2 minutes\" \/>\n<script type=\"application\/ld+json\" class=\"yoast-schema-graph\">{\"@context\":\"https:\/\/schema.org\",\"@graph\":[{\"@type\":\"WebPage\",\"@id\":\"https:\/\/brillancy.hu\/product\/imagine-2-feherarany-karikagyuru\/\",\"url\":\"https:\/\/brillancy.hu\/product\/imagine-2-feherarany-karikagyuru\/\",\"name\":\"Imagine-2 Feh\u00e9rarany karikagy\u0171r\u0171 - Brillancy\",\"isPartOf\":{\"@id\":\"https:\/\/brillancy.hu\/#website\"},\"primaryImageOfPage\":{\"@id\":\"https:\/\/brillancy.hu\/product\/imagine-2-feherarany-karikagyuru\/#primaryimage\"},\"image\":{\"@id\":\"https:\/\/brillancy.hu\/product\/imagine-2-feherarany-karikagyuru\/#primaryimage\"},\"thumbnailUrl\":\"https:\/\/brillancy.hu\/wp-content\/uploads\/2025\/01\/imagine-2.png\",\"datePublished\":\"2025-01-31T17:40:50+00:00\",\"dateModified\":\"2026-04-21T08:24:56+00:00\",\"description\":\"Imagine-2 Feh\u00e9rarany karikagy\u0171r\u0171 - Sz\u00e1lcsiszolt fel\u00fclet\u0171 14 kar\u00e1tos feh\u00e9rarany karikagy\u0171r\u0171 p\u00e1r, melynek k\u00fcl\u00f6nleges megjelen\u00e9st k...\",\"breadcrumb\":{\"@id\":\"https:\/\/brillancy.hu\/product\/imagine-2-feherarany-karikagyuru\/#breadcrumb\"},\"inLanguage\":\"en-GB\",\"potentialAction\":[{\"@type\":\"ReadAction\",\"target\":[\"https:\/\/brillancy.hu\/product\/imagine-2-feherarany-karikagyuru\/\"]}]},{\"@type\":\"ImageObject\",\"inLanguage\":\"en-GB\",\"@id\":\"https:\/\/brillancy.hu\/product\/imagine-2-feherarany-karikagyuru\/#primaryimage\",\"url\":\"https:\/\/brillancy.hu\/wp-content\/uploads\/2025\/01\/imagine-2.png\",\"contentUrl\":\"https:\/\/brillancy.hu\/wp-content\/uploads\/2025\/01\/imagine-2.png\",\"width\":1024,\"height\":1024,\"caption\":\"Imagine-2 Feh\u00e9rarany karikagy\u0171r\u0171\"},{\"@type\":\"BreadcrumbList\",\"@id\":\"https:\/\/brillancy.hu\/product\/imagine-2-feherarany-karikagyuru\/#breadcrumb\",\"itemListElement\":[{\"@type\":\"ListItem\",\"position\":1,\"name\":\"Home\",\"item\":\"https:\/\/brillancy.hu\/\"},{\"@type\":\"ListItem\",\"position\":2,\"name\":\"Term\u00e9kek\",\"item\":\"https:\/\/brillancy.hu\/termekek\/\"},{\"@type\":\"ListItem\",\"position\":3,\"name\":\"Imagine-2 Feh\u00e9rarany karikagy\u0171r\u0171\"}]},{\"@type\":\"WebSite\",\"@id\":\"https:\/\/brillancy.hu\/#website\",\"url\":\"https:\/\/brillancy.hu\/\",\"name\":\"Brillancy\",\"description\":\"\",\"potentialAction\":[{\"@type\":\"SearchAction\",\"target\":{\"@type\":\"EntryPoint\",\"urlTemplate\":\"https:\/\/brillancy.hu\/?s={search_term_string}\"},\"query-input\":{\"@type\":\"PropertyValueSpecification\",\"valueRequired\":true,\"valueName\":\"search_term_string\"}}],\"inLanguage\":\"en-GB\"}]}<\/script>\n<!-- \/ Yoast SEO Premium plugin. -->","yoast_head_json":{"title":"Imagine-2 Feh\u00e9rarany karikagy\u0171r\u0171 - Brillancy","description":"Imagine-2 Feh\u00e9rarany karikagy\u0171r\u0171 - Sz\u00e1lcsiszolt fel\u00fclet\u0171 14 kar\u00e1tos feh\u00e9rarany karikagy\u0171r\u0171 p\u00e1r, melynek k\u00fcl\u00f6nleges megjelen\u00e9st k...","robots":{"index":"index","follow":"follow","max-snippet":"max-snippet:-1","max-image-preview":"max-image-preview:large","max-video-preview":"max-video-preview:-1"},"canonical":"https:\/\/brillancy.hu\/en\/product\/imagine-2-feherarany-karikagyuru\/","og_locale":"en_GB","og_type":"article","og_title":"Imagine-2 Feh\u00e9rarany karikagy\u0171r\u0171","og_description":"Imagine-2 Feh\u00e9rarany karikagy\u0171r\u0171 - Sz\u00e1lcsiszolt fel\u00fclet\u0171 14 kar\u00e1tos feh\u00e9rarany karikagy\u0171r\u0171 p\u00e1r, melynek k\u00fcl\u00f6nleges megjelen\u00e9st k...","og_url":"https:\/\/brillancy.hu\/en\/product\/imagine-2-feherarany-karikagyuru\/","og_site_name":"Brillancy","article_modified_time":"2026-04-21T08:24:56+00:00","og_image":[{"width":1024,"height":1024,"url":"https:\/\/brillancy.hu\/wp-content\/uploads\/2025\/01\/imagine-2.png","type":"image\/png"}],"twitter_card":"summary_large_image","twitter_misc":{"Estimated reading time":"2 minutes"},"schema":{"@context":"https:\/\/schema.org","@graph":[{"@type":"WebPage","@id":"https:\/\/brillancy.hu\/product\/imagine-2-feherarany-karikagyuru\/","url":"https:\/\/brillancy.hu\/product\/imagine-2-feherarany-karikagyuru\/","name":"Imagine-2 Feh\u00e9rarany karikagy\u0171r\u0171 - Brillancy","isPartOf":{"@id":"https:\/\/brillancy.hu\/#website"},"primaryImageOfPage":{"@id":"https:\/\/brillancy.hu\/product\/imagine-2-feherarany-karikagyuru\/#primaryimage"},"image":{"@id":"https:\/\/brillancy.hu\/product\/imagine-2-feherarany-karikagyuru\/#primaryimage"},"thumbnailUrl":"https:\/\/brillancy.hu\/wp-content\/uploads\/2025\/01\/imagine-2.png","datePublished":"2025-01-31T17:40:50+00:00","dateModified":"2026-04-21T08:24:56+00:00","description":"Imagine-2 Feh\u00e9rarany karikagy\u0171r\u0171 - Sz\u00e1lcsiszolt fel\u00fclet\u0171 14 kar\u00e1tos feh\u00e9rarany karikagy\u0171r\u0171 p\u00e1r, melynek k\u00fcl\u00f6nleges megjelen\u00e9st k...","breadcrumb":{"@id":"https:\/\/brillancy.hu\/product\/imagine-2-feherarany-karikagyuru\/#breadcrumb"},"inLanguage":"en-GB","potentialAction":[{"@type":"ReadAction","target":["https:\/\/brillancy.hu\/product\/imagine-2-feherarany-karikagyuru\/"]}]},{"@type":"ImageObject","inLanguage":"en-GB","@id":"https:\/\/brillancy.hu\/product\/imagine-2-feherarany-karikagyuru\/#primaryimage","url":"https:\/\/brillancy.hu\/wp-content\/uploads\/2025\/01\/imagine-2.png","contentUrl":"https:\/\/brillancy.hu\/wp-content\/uploads\/2025\/01\/imagine-2.png","width":1024,"height":1024,"caption":"Imagine-2 Feh\u00e9rarany karikagy\u0171r\u0171"},{"@type":"BreadcrumbList","@id":"https:\/\/brillancy.hu\/product\/imagine-2-feherarany-karikagyuru\/#breadcrumb","itemListElement":[{"@type":"ListItem","position":1,"name":"Home","item":"https:\/\/brillancy.hu\/"},{"@type":"ListItem","position":2,"name":"Term\u00e9kek","item":"https:\/\/brillancy.hu\/termekek\/"},{"@type":"ListItem","position":3,"name":"Imagine-2 Feh\u00e9rarany karikagy\u0171r\u0171"}]},{"@type":"WebSite","@id":"https:\/\/brillancy.hu\/#website","url":"https:\/\/brillancy.hu\/","name":"Brillancy","description":"","potentialAction":[{"@type":"SearchAction","target":{"@type":"EntryPoint","urlTemplate":"https:\/\/brillancy.hu\/?s={search_term_string}"},"query-input":{"@type":"PropertyValueSpecification","valueRequired":true,"valueName":"search_term_string"}}],"inLanguage":"en-GB"}]}},"_links":{"self":[{"href":"https:\/\/brillancy.hu\/en\/wp-json\/wp\/v2\/product\/8605","targetHints":{"allow":["GET"]}}],"collection":[{"href":"https:\/\/brillancy.hu\/en\/wp-json\/wp\/v2\/product"}],"about":[{"href":"https:\/\/brillancy.hu\/en\/wp-json\/wp\/v2\/types\/product"}],"replies":[{"embeddable":true,"href":"https:\/\/brillancy.hu\/en\/wp-json\/wp\/v2\/comments?post=8605"}],"wp:featuredmedia":[{"embeddable":true,"href":"https:\/\/brillancy.hu\/en\/wp-json\/wp\/v2\/media\/11366"}],"wp:attachment":[{"href":"https:\/\/brillancy.hu\/en\/wp-json\/wp\/v2\/media?parent=8605"}],"wp:term":[{"taxonomy":"product_brand","embeddable":true,"href":"https:\/\/brillancy.hu\/en\/wp-json\/wp\/v2\/product_brand?post=8605"},{"taxonomy":"product_cat","embeddable":true,"href":"https:\/\/brillancy.hu\/en\/wp-json\/wp\/v2\/product_cat?post=8605"},{"taxonomy":"product_tag","embeddable":true,"href":"https:\/\/brillancy.hu\/en\/wp-json\/wp\/v2\/product_tag?post=8605"}],"curies":[{"name":"wp","href":"https:\/\/api.w.org\/{rel}","templated":true}]}}