{"id":8552,"date":"2025-01-31T18:40:29","date_gmt":"2025-01-31T17:40:29","guid":{"rendered":"https:\/\/brillancy.hu\/?post_type=product&#038;p=8552"},"modified":"2026-04-08T16:43:47","modified_gmt":"2026-04-08T15:43:47","slug":"forever-5-egyedi-karikagyuru-klasszikus-karikagyuru","status":"publish","type":"product","link":"https:\/\/brillancy.hu\/en\/product\/forever-5-egyedi-karikagyuru-klasszikus-karikagyuru\/","title":{"rendered":"ForEver-5 Unique wedding ring \u2013 Classic wedding ring"},"content":{"rendered":"<p><strong>ForEver-5 Unique wedding ring<\/strong><\/p>\n<p>Charming beauty <strong>14 karat gold wedding ring couple<\/strong>. The man ring is classic and never gets old simple beauty. The women&#039;s ring is unique in that the circumferential, 1 mm in diameter diamonds only from a certain angle they look like. This is simultaneously playful and mysterious effect, like the ladies in general. The tiny diamonds careful manual work will be included for.<\/p>\n<ul>\n<li><b>Material:<\/b>\u00a0gold<\/li>\n<li><b>Fineness<\/b>: 585 thousandth, 14 carat<\/li>\n<li><b>Gemstone<\/b>: brilliant cut white diamonds<\/li>\n<\/ul>\n<h3>Sz\u00e1m\u00edttasd be r\u00e9gi t\u00f6rtaranyadat!<\/h3>\n<p><strong>Fenntarthat\u00f3 arany \u2013 k\u00f6z\u00f6s \u00e9rt\u00e9k\u00fcnk<\/strong><\/p>\n<p>Sz\u00e1munkra az \u00e9kszer nemcsak sz\u00e9ps\u00e9g, hanem felel\u0151ss\u00e9g is.<br \/>\nEz\u00e9rt \u00f6r\u00f6mmel besz\u00e1m\u00edtjuk r\u00e9gi, megunt vagy s\u00e9r\u00fclt arany \u00e9kszereidet egy \u00faj darab elk\u00e9sz\u00edt\u00e9sekor.<\/p>\n<p><b>Ezzel egyszerre nyersz Te \u00e9s a k\u00f6rnyezet is<\/b>:<br \/>\n\u2013 cs\u00f6kken az \u00faj b\u00e1ny\u00e1szatb\u00f3l sz\u00e1rmaz\u00f3 arany ir\u00e1nti ig\u00e9ny,<br \/>\n\u2013<b> kisebb \u00f6kol\u00f3giai l\u00e1bnyom<\/b>mal k\u00e9sz\u00fcl el az \u00e9kszered,<br \/>\n\u2013 \u00e9s <b>kedvez\u0151bb \u00e1r<\/b>on juthatsz egy teljesen \u00faj, szem\u00e9lyre szabott darabhoz.<\/p>\n<p><b>\u00cdgy a r\u00e9gi eml\u00e9kek nem vesznek el \u2014 \u00e1talakulnak, \u00e9s egy \u00faj t\u00f6rt\u00e9net r\u00e9sz\u00e9v\u00e9 v\u00e1lnak.<\/b><\/p>\n<p><strong>Yellow, white or ros\u00e9 in color order. May be requested whether or not polished or different matt surfaces.<\/strong><\/p>\n<p>The rings parameters of demand can be changed.<\/p>\n<ul>\n<li><strong>Women&#039;s wedding ring, the diamond in:\u00a0<\/strong>1 mm diameter in the round<\/li>\n<li><strong>Women&#039;s ring width: <\/strong>5 mm<\/li>\n<li><strong>Women&#039;s hoop ring material thickness:<\/strong> 2 mm<\/li>\n<li><strong>Men&#039;s ring width:<\/strong> 4 mm<\/li>\n<li><strong>Men&#039;s wedding ring material thickness:<\/strong> 1.5 mm<\/li>\n<\/ul>\n<p><strong>Eternal life guarantee:<\/strong>\u00a0the jewelry structure of the material errors and gems<\/p>\n<p><strong>Free renewal:<\/strong>\u00a0We take the we have prepared hoop rings free scratch-free sales of and purification of five times (once a year) the purchase within five years.<\/p>\n<p>The average production time 30 working days. If a shorter time period would you like the hoop rings, coordinate with us on the phone +36 30 539 1179 number, or the info@brillancy.hu e-mail address.<\/p>\n<p><strong>The rings gift box optional.<\/strong><\/p>\n<p><strong>If you have a different width, or other surfaces dream of the rings, what we are going to achieve!\u00a0<\/strong><strong>Find us confidence on the phone +36 30 539 1179 number, or the info@brillancy.hu e-mail address.<\/strong><\/p>","protected":false},"excerpt":{"rendered":"<p>ForEver classic ring collection.<\/p>\n<p>Traditional beauty with a twist.<\/p>\n<p>&nbsp;<\/p>","protected":false},"featured_media":10817,"comment_status":"closed","ping_status":"closed","template":"","meta":[],"product_brand":[],"product_cat":[119,50,18],"product_tag":[],"class_list":{"0":"post-8552","1":"product","2":"type-product","3":"status-publish","4":"has-post-thumbnail","6":"product_cat-egyszinu","7":"product_cat-forever","8":"product_cat-karikagyuru","10":"first","11":"instock","12":"purchasable","13":"product-type-simple"},"yoast_head":"<!-- This site is optimized with the Yoast SEO Premium plugin v27.0 (Yoast SEO v27.0) - https:\/\/yoast.com\/product\/yoast-seo-premium-wordpress\/ -->\n<title>ForEver-5 Egyedi karikagy\u0171r\u0171 \u2013 Klasszikus karikagy\u0171r\u0171 - Brillancy<\/title>\n<meta name=\"description\" content=\"ForEver-5 Egyedi karikagy\u0171r\u0171 \u2013 Klasszikus karikagy\u0171r\u0171 - Elb\u0171v\u00f6l\u0151 sz\u00e9ps\u00e9g\u0171 14 kar\u00e1tos feh\u00e9rarany karikagy\u0171r\u0171 p\u00e1r. A f\u00e9rfi...\" \/>\n<meta name=\"robots\" content=\"index, follow, max-snippet:-1, max-image-preview:large, max-video-preview:-1\" \/>\n<link rel=\"canonical\" href=\"https:\/\/brillancy.hu\/en\/product\/forever-5-egyedi-karikagyuru-klasszikus-karikagyuru\/\" \/>\n<meta property=\"og:locale\" content=\"en_GB\" \/>\n<meta property=\"og:type\" content=\"article\" \/>\n<meta property=\"og:title\" content=\"ForEver-5 Egyedi karikagy\u0171r\u0171 \u2013 Klasszikus karikagy\u0171r\u0171\" \/>\n<meta property=\"og:description\" content=\"ForEver-5 Egyedi karikagy\u0171r\u0171 \u2013 Klasszikus karikagy\u0171r\u0171 - Elb\u0171v\u00f6l\u0151 sz\u00e9ps\u00e9g\u0171 14 kar\u00e1tos feh\u00e9rarany karikagy\u0171r\u0171 p\u00e1r. A f\u00e9rfi...\" \/>\n<meta property=\"og:url\" content=\"https:\/\/brillancy.hu\/en\/product\/forever-5-egyedi-karikagyuru-klasszikus-karikagyuru\/\" \/>\n<meta property=\"og:site_name\" content=\"Brillancy\" \/>\n<meta property=\"article:modified_time\" content=\"2026-04-08T15:43:47+00:00\" \/>\n<meta property=\"og:image\" content=\"https:\/\/brillancy.hu\/wp-content\/uploads\/2025\/06\/20250620_1413_Elegant-Diamond-Rings_remix_01jy6m1qz5f0taet6zqad6x953.png\" \/>\n\t<meta property=\"og:image:width\" content=\"1024\" \/>\n\t<meta property=\"og:image:height\" content=\"1024\" \/>\n\t<meta property=\"og:image:type\" content=\"image\/png\" \/>\n<meta name=\"twitter:card\" content=\"summary_large_image\" \/>\n<meta name=\"twitter:label1\" content=\"Estimated reading time\" \/>\n\t<meta name=\"twitter:data1\" content=\"2 minutes\" \/>\n<script type=\"application\/ld+json\" class=\"yoast-schema-graph\">{\"@context\":\"https:\/\/schema.org\",\"@graph\":[{\"@type\":\"WebPage\",\"@id\":\"https:\/\/brillancy.hu\/product\/forever-5-egyedi-karikagyuru-klasszikus-karikagyuru\/\",\"url\":\"https:\/\/brillancy.hu\/product\/forever-5-egyedi-karikagyuru-klasszikus-karikagyuru\/\",\"name\":\"ForEver-5 Egyedi karikagy\u0171r\u0171 \u2013 Klasszikus karikagy\u0171r\u0171 - Brillancy\",\"isPartOf\":{\"@id\":\"https:\/\/brillancy.hu\/#website\"},\"primaryImageOfPage\":{\"@id\":\"https:\/\/brillancy.hu\/product\/forever-5-egyedi-karikagyuru-klasszikus-karikagyuru\/#primaryimage\"},\"image\":{\"@id\":\"https:\/\/brillancy.hu\/product\/forever-5-egyedi-karikagyuru-klasszikus-karikagyuru\/#primaryimage\"},\"thumbnailUrl\":\"https:\/\/brillancy.hu\/wp-content\/uploads\/2025\/06\/20250620_1413_Elegant-Diamond-Rings_remix_01jy6m1qz5f0taet6zqad6x953.png\",\"datePublished\":\"2025-01-31T17:40:29+00:00\",\"dateModified\":\"2026-04-08T15:43:47+00:00\",\"description\":\"ForEver-5 Egyedi karikagy\u0171r\u0171 \u2013 Klasszikus karikagy\u0171r\u0171 - Elb\u0171v\u00f6l\u0151 sz\u00e9ps\u00e9g\u0171 14 kar\u00e1tos feh\u00e9rarany karikagy\u0171r\u0171 p\u00e1r. A f\u00e9rfi...\",\"breadcrumb\":{\"@id\":\"https:\/\/brillancy.hu\/product\/forever-5-egyedi-karikagyuru-klasszikus-karikagyuru\/#breadcrumb\"},\"inLanguage\":\"en-GB\",\"potentialAction\":[{\"@type\":\"ReadAction\",\"target\":[\"https:\/\/brillancy.hu\/product\/forever-5-egyedi-karikagyuru-klasszikus-karikagyuru\/\"]}]},{\"@type\":\"ImageObject\",\"inLanguage\":\"en-GB\",\"@id\":\"https:\/\/brillancy.hu\/product\/forever-5-egyedi-karikagyuru-klasszikus-karikagyuru\/#primaryimage\",\"url\":\"https:\/\/brillancy.hu\/wp-content\/uploads\/2025\/06\/20250620_1413_Elegant-Diamond-Rings_remix_01jy6m1qz5f0taet6zqad6x953.png\",\"contentUrl\":\"https:\/\/brillancy.hu\/wp-content\/uploads\/2025\/06\/20250620_1413_Elegant-Diamond-Rings_remix_01jy6m1qz5f0taet6zqad6x953.png\",\"width\":1024,\"height\":1024,\"caption\":\"Forever-5 egyedi karikagy\u0171r\u0171 14 kar\u00e1tos aranyb\u00f3l brili\u00e1ns csiszol\u00e1s\u00fa gy\u00e9m\u00e1ntokkal\"},{\"@type\":\"BreadcrumbList\",\"@id\":\"https:\/\/brillancy.hu\/product\/forever-5-egyedi-karikagyuru-klasszikus-karikagyuru\/#breadcrumb\",\"itemListElement\":[{\"@type\":\"ListItem\",\"position\":1,\"name\":\"Home\",\"item\":\"https:\/\/brillancy.hu\/\"},{\"@type\":\"ListItem\",\"position\":2,\"name\":\"Term\u00e9kek\",\"item\":\"https:\/\/brillancy.hu\/termekek\/\"},{\"@type\":\"ListItem\",\"position\":3,\"name\":\"ForEver-5 Egyedi karikagy\u0171r\u0171 \u2013 Klasszikus karikagy\u0171r\u0171\"}]},{\"@type\":\"WebSite\",\"@id\":\"https:\/\/brillancy.hu\/#website\",\"url\":\"https:\/\/brillancy.hu\/\",\"name\":\"Brillancy\",\"description\":\"\",\"potentialAction\":[{\"@type\":\"SearchAction\",\"target\":{\"@type\":\"EntryPoint\",\"urlTemplate\":\"https:\/\/brillancy.hu\/?s={search_term_string}\"},\"query-input\":{\"@type\":\"PropertyValueSpecification\",\"valueRequired\":true,\"valueName\":\"search_term_string\"}}],\"inLanguage\":\"en-GB\"}]}<\/script>\n<!-- \/ Yoast SEO Premium plugin. -->","yoast_head_json":{"title":"ForEver-5 Egyedi karikagy\u0171r\u0171 \u2013 Klasszikus karikagy\u0171r\u0171 - Brillancy","description":"ForEver-5 Egyedi karikagy\u0171r\u0171 \u2013 Klasszikus karikagy\u0171r\u0171 - Elb\u0171v\u00f6l\u0151 sz\u00e9ps\u00e9g\u0171 14 kar\u00e1tos feh\u00e9rarany karikagy\u0171r\u0171 p\u00e1r. A f\u00e9rfi...","robots":{"index":"index","follow":"follow","max-snippet":"max-snippet:-1","max-image-preview":"max-image-preview:large","max-video-preview":"max-video-preview:-1"},"canonical":"https:\/\/brillancy.hu\/en\/product\/forever-5-egyedi-karikagyuru-klasszikus-karikagyuru\/","og_locale":"en_GB","og_type":"article","og_title":"ForEver-5 Egyedi karikagy\u0171r\u0171 \u2013 Klasszikus karikagy\u0171r\u0171","og_description":"ForEver-5 Egyedi karikagy\u0171r\u0171 \u2013 Klasszikus karikagy\u0171r\u0171 - Elb\u0171v\u00f6l\u0151 sz\u00e9ps\u00e9g\u0171 14 kar\u00e1tos feh\u00e9rarany karikagy\u0171r\u0171 p\u00e1r. A f\u00e9rfi...","og_url":"https:\/\/brillancy.hu\/en\/product\/forever-5-egyedi-karikagyuru-klasszikus-karikagyuru\/","og_site_name":"Brillancy","article_modified_time":"2026-04-08T15:43:47+00:00","og_image":[{"width":1024,"height":1024,"url":"https:\/\/brillancy.hu\/wp-content\/uploads\/2025\/06\/20250620_1413_Elegant-Diamond-Rings_remix_01jy6m1qz5f0taet6zqad6x953.png","type":"image\/png"}],"twitter_card":"summary_large_image","twitter_misc":{"Estimated reading time":"2 minutes"},"schema":{"@context":"https:\/\/schema.org","@graph":[{"@type":"WebPage","@id":"https:\/\/brillancy.hu\/product\/forever-5-egyedi-karikagyuru-klasszikus-karikagyuru\/","url":"https:\/\/brillancy.hu\/product\/forever-5-egyedi-karikagyuru-klasszikus-karikagyuru\/","name":"ForEver-5 Egyedi karikagy\u0171r\u0171 \u2013 Klasszikus karikagy\u0171r\u0171 - Brillancy","isPartOf":{"@id":"https:\/\/brillancy.hu\/#website"},"primaryImageOfPage":{"@id":"https:\/\/brillancy.hu\/product\/forever-5-egyedi-karikagyuru-klasszikus-karikagyuru\/#primaryimage"},"image":{"@id":"https:\/\/brillancy.hu\/product\/forever-5-egyedi-karikagyuru-klasszikus-karikagyuru\/#primaryimage"},"thumbnailUrl":"https:\/\/brillancy.hu\/wp-content\/uploads\/2025\/06\/20250620_1413_Elegant-Diamond-Rings_remix_01jy6m1qz5f0taet6zqad6x953.png","datePublished":"2025-01-31T17:40:29+00:00","dateModified":"2026-04-08T15:43:47+00:00","description":"ForEver-5 Egyedi karikagy\u0171r\u0171 \u2013 Klasszikus karikagy\u0171r\u0171 - Elb\u0171v\u00f6l\u0151 sz\u00e9ps\u00e9g\u0171 14 kar\u00e1tos feh\u00e9rarany karikagy\u0171r\u0171 p\u00e1r. A f\u00e9rfi...","breadcrumb":{"@id":"https:\/\/brillancy.hu\/product\/forever-5-egyedi-karikagyuru-klasszikus-karikagyuru\/#breadcrumb"},"inLanguage":"en-GB","potentialAction":[{"@type":"ReadAction","target":["https:\/\/brillancy.hu\/product\/forever-5-egyedi-karikagyuru-klasszikus-karikagyuru\/"]}]},{"@type":"ImageObject","inLanguage":"en-GB","@id":"https:\/\/brillancy.hu\/product\/forever-5-egyedi-karikagyuru-klasszikus-karikagyuru\/#primaryimage","url":"https:\/\/brillancy.hu\/wp-content\/uploads\/2025\/06\/20250620_1413_Elegant-Diamond-Rings_remix_01jy6m1qz5f0taet6zqad6x953.png","contentUrl":"https:\/\/brillancy.hu\/wp-content\/uploads\/2025\/06\/20250620_1413_Elegant-Diamond-Rings_remix_01jy6m1qz5f0taet6zqad6x953.png","width":1024,"height":1024,"caption":"Forever-5 egyedi karikagy\u0171r\u0171 14 kar\u00e1tos aranyb\u00f3l brili\u00e1ns csiszol\u00e1s\u00fa gy\u00e9m\u00e1ntokkal"},{"@type":"BreadcrumbList","@id":"https:\/\/brillancy.hu\/product\/forever-5-egyedi-karikagyuru-klasszikus-karikagyuru\/#breadcrumb","itemListElement":[{"@type":"ListItem","position":1,"name":"Home","item":"https:\/\/brillancy.hu\/"},{"@type":"ListItem","position":2,"name":"Term\u00e9kek","item":"https:\/\/brillancy.hu\/termekek\/"},{"@type":"ListItem","position":3,"name":"ForEver-5 Egyedi karikagy\u0171r\u0171 \u2013 Klasszikus karikagy\u0171r\u0171"}]},{"@type":"WebSite","@id":"https:\/\/brillancy.hu\/#website","url":"https:\/\/brillancy.hu\/","name":"Brillancy","description":"","potentialAction":[{"@type":"SearchAction","target":{"@type":"EntryPoint","urlTemplate":"https:\/\/brillancy.hu\/?s={search_term_string}"},"query-input":{"@type":"PropertyValueSpecification","valueRequired":true,"valueName":"search_term_string"}}],"inLanguage":"en-GB"}]}},"_links":{"self":[{"href":"https:\/\/brillancy.hu\/en\/wp-json\/wp\/v2\/product\/8552","targetHints":{"allow":["GET"]}}],"collection":[{"href":"https:\/\/brillancy.hu\/en\/wp-json\/wp\/v2\/product"}],"about":[{"href":"https:\/\/brillancy.hu\/en\/wp-json\/wp\/v2\/types\/product"}],"replies":[{"embeddable":true,"href":"https:\/\/brillancy.hu\/en\/wp-json\/wp\/v2\/comments?post=8552"}],"wp:featuredmedia":[{"embeddable":true,"href":"https:\/\/brillancy.hu\/en\/wp-json\/wp\/v2\/media\/10817"}],"wp:attachment":[{"href":"https:\/\/brillancy.hu\/en\/wp-json\/wp\/v2\/media?parent=8552"}],"wp:term":[{"taxonomy":"product_brand","embeddable":true,"href":"https:\/\/brillancy.hu\/en\/wp-json\/wp\/v2\/product_brand?post=8552"},{"taxonomy":"product_cat","embeddable":true,"href":"https:\/\/brillancy.hu\/en\/wp-json\/wp\/v2\/product_cat?post=8552"},{"taxonomy":"product_tag","embeddable":true,"href":"https:\/\/brillancy.hu\/en\/wp-json\/wp\/v2\/product_tag?post=8552"}],"curies":[{"name":"wp","href":"https:\/\/api.w.org\/{rel}","templated":true}]}}