{"id":8547,"date":"2025-01-31T18:40:29","date_gmt":"2025-01-31T17:40:29","guid":{"rendered":"https:\/\/brillancy.hu\/?post_type=product&#038;p=8547"},"modified":"2026-04-21T09:24:57","modified_gmt":"2026-04-21T08:24:57","slug":"eternity-13-jegygyuru-kulonleges-karikagyuru","status":"publish","type":"product","link":"https:\/\/brillancy.hu\/en\/product\/eternity-13-jegygyuru-kulonleges-karikagyuru\/","title":{"rendered":"Eternity-13 engagement ring, Special ring"},"content":{"rendered":"<p><strong>Eternity-13 engagement ring, Special ring<\/strong><\/p>\n<p><strong>The designer&#039;s recommendation:<\/strong><\/p>\n<p>Sleek appearance, with a slightly convex <strong>14 karat gold wedding ring couple<\/strong>which two surfaces meet to make it special. The polished and brushed surface with an elegant, thin tongue by. This creates the unity of the two rings between. The wedding ring female pair 5 pieces of 1.2 mm in diameter, brilliant cut natural diamond makes the stars shine.<\/p>\n<div class=\"description\">\n<ul>\n<li><b>Material:<\/b>\u00a0gold<\/li>\n<li><b>Fineness<\/b>: 585 thousandth, 14 carat<\/li>\n<li><b>Gemstone<\/b>: brilliant cut white diamonds<\/li>\n<\/ul>\n<p>&nbsp;<\/p>\n<p><strong>Yellow, white or ros\u00e9 in color order. May be requested whether or not polished or different matt surfaces.<\/strong><\/p>\n<p>The rings parameters of demand can be changed.<\/p>\n<ul>\n<li><strong>Women&#039;s hoop ring in diamonds:<\/strong> 5 pcs of 1.2 mm diameter<\/li>\n<li><strong>Wedding ring couple width:\u00a0<\/strong>3,6 mm<\/li>\n<li><strong>Wedding ring couple material thickness:<\/strong> 1.3 mm<\/li>\n<\/ul>\n<h3>Sz\u00e1m\u00edttasd be r\u00e9gi t\u00f6rtaranyadat!<\/h3>\n<p><strong>Fenntarthat\u00f3 arany \u2013 k\u00f6z\u00f6s \u00e9rt\u00e9k\u00fcnk<\/strong><\/p>\n<p>Sz\u00e1munkra az \u00e9kszer nemcsak sz\u00e9ps\u00e9g, hanem felel\u0151ss\u00e9g is.<br \/>\nEz\u00e9rt \u00f6r\u00f6mmel besz\u00e1m\u00edtjuk r\u00e9gi, megunt vagy s\u00e9r\u00fclt arany \u00e9kszereidet egy \u00faj darab elk\u00e9sz\u00edt\u00e9sekor.<\/p>\n<p><b>Ezzel egyszerre nyersz Te \u00e9s a k\u00f6rnyezet is<\/b>:<br \/>\n\u2013 cs\u00f6kken az \u00faj b\u00e1ny\u00e1szatb\u00f3l sz\u00e1rmaz\u00f3 arany ir\u00e1nti ig\u00e9ny,<br \/>\n\u2013<b> kisebb \u00f6kol\u00f3giai l\u00e1bnyom<\/b>mal k\u00e9sz\u00fcl el az \u00e9kszered,<br \/>\n\u2013 \u00e9s <b>kedvez\u0151bb \u00e1r<\/b>on juthatsz egy teljesen \u00faj, szem\u00e9lyre szabott darabhoz.<\/p>\n<p><b>\u00cdgy a r\u00e9gi eml\u00e9kek nem vesznek el \u2014 \u00e1talakulnak, \u00e9s egy \u00faj t\u00f6rt\u00e9net r\u00e9sz\u00e9v\u00e9 v\u00e1lnak.<\/b><\/p>\n<p><strong>Eternal life guarantee:<\/strong>\u00a0the jewelry structure of the material errors and gems<\/p>\n<p><strong>Free renewal:<\/strong>\u00a0We take the we have prepared hoop rings free scratch-free sales of and purification of five times (once a year) the purchase within five years.<\/p>\n<p>The average production time 30 working days. If a shorter time period would you like the hoop rings, coordinate with us on the phone +36 30 539 1179 number, or the info@brillancy.hu e-mail address.<\/p>\n<p><strong>The rings gift box optional.<\/strong><\/p>\n<p><strong>If you have a different width, or other surfaces dream of the rings, what we are going to achieve!\u00a0<\/strong><strong>Find us confidence on the phone +36 30 539 1179 number, or the info@brillancy.hu e-mail address.<\/strong><\/p>\n<\/div>","protected":false},"excerpt":{"rendered":"<p>Eternity wedding ring collection \u2013 handmade special wedding ring pair.<\/p>\n<p>Modern design world, captivating look!<\/p>","protected":false},"featured_media":10853,"comment_status":"closed","ping_status":"closed","template":"","meta":[],"product_brand":[],"product_cat":[119,49,18],"product_tag":[],"class_list":{"0":"post-8547","1":"product","2":"type-product","3":"status-publish","4":"has-post-thumbnail","6":"product_cat-egyszinu","7":"product_cat-eternity","8":"product_cat-karikagyuru","10":"first","11":"instock","12":"purchasable","13":"product-type-simple"},"yoast_head":"<!-- This site is optimized with the Yoast SEO Premium plugin v27.0 (Yoast SEO v27.4) - https:\/\/yoast.com\/product\/yoast-seo-premium-wordpress\/ -->\n<title>Eternity-13 Jegygy\u0171r\u0171 \u2013 K\u00fcl\u00f6nleges karikagy\u0171r\u0171 - Brillancy<\/title>\n<meta name=\"description\" content=\"Eternity-13 Jegygy\u0171r\u0171 \u2013 K\u00fcl\u00f6nleges karikagy\u0171r\u0171: Letisztult megjelen\u00e9s\u0171, 14 kar\u00e1tos arany karikagy\u0171r\u0171 p\u00e1r, melyet k\u00e9t fel\u00fclet tal\u00e1lkoz\u00e1sa tesz k\u00fcl\u00f6nlegess\u00e9.\" \/>\n<meta name=\"robots\" content=\"index, follow, max-snippet:-1, max-image-preview:large, max-video-preview:-1\" \/>\n<link rel=\"canonical\" href=\"https:\/\/brillancy.hu\/en\/product\/eternity-13-jegygyuru-kulonleges-karikagyuru\/\" \/>\n<meta property=\"og:locale\" content=\"en_GB\" \/>\n<meta property=\"og:type\" content=\"article\" \/>\n<meta property=\"og:title\" content=\"Eternity-13 Jegygy\u0171r\u0171 \u2013 K\u00fcl\u00f6nleges karikagy\u0171r\u0171\" \/>\n<meta property=\"og:description\" content=\"Eternity-13 Jegygy\u0171r\u0171 \u2013 K\u00fcl\u00f6nleges karikagy\u0171r\u0171: Letisztult megjelen\u00e9s\u0171, 14 kar\u00e1tos arany karikagy\u0171r\u0171 p\u00e1r, melyet k\u00e9t fel\u00fclet tal\u00e1lkoz\u00e1sa tesz k\u00fcl\u00f6nlegess\u00e9.\" \/>\n<meta property=\"og:url\" content=\"https:\/\/brillancy.hu\/en\/product\/eternity-13-jegygyuru-kulonleges-karikagyuru\/\" \/>\n<meta property=\"og:site_name\" content=\"Brillancy\" \/>\n<meta property=\"article:modified_time\" content=\"2026-04-21T08:24:57+00:00\" \/>\n<meta property=\"og:image\" content=\"https:\/\/brillancy.hu\/wp-content\/uploads\/2025\/06\/etrnity13.png\" \/>\n\t<meta property=\"og:image:width\" content=\"1024\" \/>\n\t<meta property=\"og:image:height\" content=\"1024\" \/>\n\t<meta property=\"og:image:type\" content=\"image\/png\" \/>\n<meta name=\"twitter:card\" content=\"summary_large_image\" \/>\n<meta name=\"twitter:label1\" content=\"Estimated reading time\" \/>\n\t<meta name=\"twitter:data1\" content=\"2 minutes\" \/>\n<script type=\"application\/ld+json\" class=\"yoast-schema-graph\">{\"@context\":\"https:\\\/\\\/schema.org\",\"@graph\":[{\"@type\":\"WebPage\",\"@id\":\"https:\\\/\\\/brillancy.hu\\\/product\\\/eternity-13-jegygyuru-kulonleges-karikagyuru\\\/\",\"url\":\"https:\\\/\\\/brillancy.hu\\\/product\\\/eternity-13-jegygyuru-kulonleges-karikagyuru\\\/\",\"name\":\"Eternity-13 Jegygy\u0171r\u0171 \u2013 K\u00fcl\u00f6nleges karikagy\u0171r\u0171 - Brillancy\",\"isPartOf\":{\"@id\":\"https:\\\/\\\/brillancy.hu\\\/#website\"},\"primaryImageOfPage\":{\"@id\":\"https:\\\/\\\/brillancy.hu\\\/product\\\/eternity-13-jegygyuru-kulonleges-karikagyuru\\\/#primaryimage\"},\"image\":{\"@id\":\"https:\\\/\\\/brillancy.hu\\\/product\\\/eternity-13-jegygyuru-kulonleges-karikagyuru\\\/#primaryimage\"},\"thumbnailUrl\":\"https:\\\/\\\/brillancy.hu\\\/wp-content\\\/uploads\\\/2025\\\/06\\\/etrnity13.png\",\"datePublished\":\"2025-01-31T17:40:29+00:00\",\"dateModified\":\"2026-04-21T08:24:57+00:00\",\"description\":\"Eternity-13 Jegygy\u0171r\u0171 \u2013 K\u00fcl\u00f6nleges karikagy\u0171r\u0171: Letisztult megjelen\u00e9s\u0171, 14 kar\u00e1tos arany karikagy\u0171r\u0171 p\u00e1r, melyet k\u00e9t fel\u00fclet tal\u00e1lkoz\u00e1sa tesz k\u00fcl\u00f6nlegess\u00e9.\",\"breadcrumb\":{\"@id\":\"https:\\\/\\\/brillancy.hu\\\/product\\\/eternity-13-jegygyuru-kulonleges-karikagyuru\\\/#breadcrumb\"},\"inLanguage\":\"en-GB\",\"potentialAction\":[{\"@type\":\"ReadAction\",\"target\":[\"https:\\\/\\\/brillancy.hu\\\/product\\\/eternity-13-jegygyuru-kulonleges-karikagyuru\\\/\"]}]},{\"@type\":\"ImageObject\",\"inLanguage\":\"en-GB\",\"@id\":\"https:\\\/\\\/brillancy.hu\\\/product\\\/eternity-13-jegygyuru-kulonleges-karikagyuru\\\/#primaryimage\",\"url\":\"https:\\\/\\\/brillancy.hu\\\/wp-content\\\/uploads\\\/2025\\\/06\\\/etrnity13.png\",\"contentUrl\":\"https:\\\/\\\/brillancy.hu\\\/wp-content\\\/uploads\\\/2025\\\/06\\\/etrnity13.png\",\"width\":1024,\"height\":1024,\"caption\":\"Eternity-13Jegygy\u0171r\u0171 \u2013 K\u00fcl\u00f6nleges karikagy\u0171r\u0171\"},{\"@type\":\"BreadcrumbList\",\"@id\":\"https:\\\/\\\/brillancy.hu\\\/product\\\/eternity-13-jegygyuru-kulonleges-karikagyuru\\\/#breadcrumb\",\"itemListElement\":[{\"@type\":\"ListItem\",\"position\":1,\"name\":\"Home\",\"item\":\"https:\\\/\\\/brillancy.hu\\\/\"},{\"@type\":\"ListItem\",\"position\":2,\"name\":\"Term\u00e9kek\",\"item\":\"https:\\\/\\\/brillancy.hu\\\/termekek\\\/\"},{\"@type\":\"ListItem\",\"position\":3,\"name\":\"Eternity-13 Jegygy\u0171r\u0171 \u2013 K\u00fcl\u00f6nleges karikagy\u0171r\u0171\"}]},{\"@type\":\"WebSite\",\"@id\":\"https:\\\/\\\/brillancy.hu\\\/#website\",\"url\":\"https:\\\/\\\/brillancy.hu\\\/\",\"name\":\"Brillancy\",\"description\":\"\",\"potentialAction\":[{\"@type\":\"SearchAction\",\"target\":{\"@type\":\"EntryPoint\",\"urlTemplate\":\"https:\\\/\\\/brillancy.hu\\\/?s={search_term_string}\"},\"query-input\":{\"@type\":\"PropertyValueSpecification\",\"valueRequired\":true,\"valueName\":\"search_term_string\"}}],\"inLanguage\":\"en-GB\"}]}<\/script>\n<!-- \/ Yoast SEO Premium plugin. -->","yoast_head_json":{"title":"Eternity-13 Jegygy\u0171r\u0171 \u2013 K\u00fcl\u00f6nleges karikagy\u0171r\u0171 - Brillancy","description":"Eternity-13 Jegygy\u0171r\u0171 \u2013 K\u00fcl\u00f6nleges karikagy\u0171r\u0171: Letisztult megjelen\u00e9s\u0171, 14 kar\u00e1tos arany karikagy\u0171r\u0171 p\u00e1r, melyet k\u00e9t fel\u00fclet tal\u00e1lkoz\u00e1sa tesz k\u00fcl\u00f6nlegess\u00e9.","robots":{"index":"index","follow":"follow","max-snippet":"max-snippet:-1","max-image-preview":"max-image-preview:large","max-video-preview":"max-video-preview:-1"},"canonical":"https:\/\/brillancy.hu\/en\/product\/eternity-13-jegygyuru-kulonleges-karikagyuru\/","og_locale":"en_GB","og_type":"article","og_title":"Eternity-13 Jegygy\u0171r\u0171 \u2013 K\u00fcl\u00f6nleges karikagy\u0171r\u0171","og_description":"Eternity-13 Jegygy\u0171r\u0171 \u2013 K\u00fcl\u00f6nleges karikagy\u0171r\u0171: Letisztult megjelen\u00e9s\u0171, 14 kar\u00e1tos arany karikagy\u0171r\u0171 p\u00e1r, melyet k\u00e9t fel\u00fclet tal\u00e1lkoz\u00e1sa tesz k\u00fcl\u00f6nlegess\u00e9.","og_url":"https:\/\/brillancy.hu\/en\/product\/eternity-13-jegygyuru-kulonleges-karikagyuru\/","og_site_name":"Brillancy","article_modified_time":"2026-04-21T08:24:57+00:00","og_image":[{"width":1024,"height":1024,"url":"https:\/\/brillancy.hu\/wp-content\/uploads\/2025\/06\/etrnity13.png","type":"image\/png"}],"twitter_card":"summary_large_image","twitter_misc":{"Estimated reading time":"2 minutes"},"schema":{"@context":"https:\/\/schema.org","@graph":[{"@type":"WebPage","@id":"https:\/\/brillancy.hu\/product\/eternity-13-jegygyuru-kulonleges-karikagyuru\/","url":"https:\/\/brillancy.hu\/product\/eternity-13-jegygyuru-kulonleges-karikagyuru\/","name":"Eternity-13 Jegygy\u0171r\u0171 \u2013 K\u00fcl\u00f6nleges karikagy\u0171r\u0171 - Brillancy","isPartOf":{"@id":"https:\/\/brillancy.hu\/#website"},"primaryImageOfPage":{"@id":"https:\/\/brillancy.hu\/product\/eternity-13-jegygyuru-kulonleges-karikagyuru\/#primaryimage"},"image":{"@id":"https:\/\/brillancy.hu\/product\/eternity-13-jegygyuru-kulonleges-karikagyuru\/#primaryimage"},"thumbnailUrl":"https:\/\/brillancy.hu\/wp-content\/uploads\/2025\/06\/etrnity13.png","datePublished":"2025-01-31T17:40:29+00:00","dateModified":"2026-04-21T08:24:57+00:00","description":"Eternity-13 Jegygy\u0171r\u0171 \u2013 K\u00fcl\u00f6nleges karikagy\u0171r\u0171: Letisztult megjelen\u00e9s\u0171, 14 kar\u00e1tos arany karikagy\u0171r\u0171 p\u00e1r, melyet k\u00e9t fel\u00fclet tal\u00e1lkoz\u00e1sa tesz k\u00fcl\u00f6nlegess\u00e9.","breadcrumb":{"@id":"https:\/\/brillancy.hu\/product\/eternity-13-jegygyuru-kulonleges-karikagyuru\/#breadcrumb"},"inLanguage":"en-GB","potentialAction":[{"@type":"ReadAction","target":["https:\/\/brillancy.hu\/product\/eternity-13-jegygyuru-kulonleges-karikagyuru\/"]}]},{"@type":"ImageObject","inLanguage":"en-GB","@id":"https:\/\/brillancy.hu\/product\/eternity-13-jegygyuru-kulonleges-karikagyuru\/#primaryimage","url":"https:\/\/brillancy.hu\/wp-content\/uploads\/2025\/06\/etrnity13.png","contentUrl":"https:\/\/brillancy.hu\/wp-content\/uploads\/2025\/06\/etrnity13.png","width":1024,"height":1024,"caption":"Eternity-13Jegygy\u0171r\u0171 \u2013 K\u00fcl\u00f6nleges karikagy\u0171r\u0171"},{"@type":"BreadcrumbList","@id":"https:\/\/brillancy.hu\/product\/eternity-13-jegygyuru-kulonleges-karikagyuru\/#breadcrumb","itemListElement":[{"@type":"ListItem","position":1,"name":"Home","item":"https:\/\/brillancy.hu\/"},{"@type":"ListItem","position":2,"name":"Term\u00e9kek","item":"https:\/\/brillancy.hu\/termekek\/"},{"@type":"ListItem","position":3,"name":"Eternity-13 Jegygy\u0171r\u0171 \u2013 K\u00fcl\u00f6nleges karikagy\u0171r\u0171"}]},{"@type":"WebSite","@id":"https:\/\/brillancy.hu\/#website","url":"https:\/\/brillancy.hu\/","name":"Brillancy","description":"","potentialAction":[{"@type":"SearchAction","target":{"@type":"EntryPoint","urlTemplate":"https:\/\/brillancy.hu\/?s={search_term_string}"},"query-input":{"@type":"PropertyValueSpecification","valueRequired":true,"valueName":"search_term_string"}}],"inLanguage":"en-GB"}]}},"_links":{"self":[{"href":"https:\/\/brillancy.hu\/en\/wp-json\/wp\/v2\/product\/8547","targetHints":{"allow":["GET"]}}],"collection":[{"href":"https:\/\/brillancy.hu\/en\/wp-json\/wp\/v2\/product"}],"about":[{"href":"https:\/\/brillancy.hu\/en\/wp-json\/wp\/v2\/types\/product"}],"replies":[{"embeddable":true,"href":"https:\/\/brillancy.hu\/en\/wp-json\/wp\/v2\/comments?post=8547"}],"wp:featuredmedia":[{"embeddable":true,"href":"https:\/\/brillancy.hu\/en\/wp-json\/wp\/v2\/media\/10853"}],"wp:attachment":[{"href":"https:\/\/brillancy.hu\/en\/wp-json\/wp\/v2\/media?parent=8547"}],"wp:term":[{"taxonomy":"product_brand","embeddable":true,"href":"https:\/\/brillancy.hu\/en\/wp-json\/wp\/v2\/product_brand?post=8547"},{"taxonomy":"product_cat","embeddable":true,"href":"https:\/\/brillancy.hu\/en\/wp-json\/wp\/v2\/product_cat?post=8547"},{"taxonomy":"product_tag","embeddable":true,"href":"https:\/\/brillancy.hu\/en\/wp-json\/wp\/v2\/product_tag?post=8547"}],"curies":[{"name":"wp","href":"https:\/\/api.w.org\/{rel}","templated":true}]}}