{"id":8490,"date":"2025-01-31T18:40:07","date_gmt":"2025-01-31T17:40:07","guid":{"rendered":"https:\/\/brillancy.hu\/?post_type=product&#038;p=8490"},"modified":"2026-04-21T09:24:57","modified_gmt":"2026-04-21T08:24:57","slug":"dream-11-jegygyuru-ketszinu-karikagyuru","status":"publish","type":"product","link":"https:\/\/brillancy.hu\/en\/product\/dream-11-jegygyuru-ketszinu-karikagyuru\/","title":{"rendered":"Dream-11 wedding ring \u2013 two-tone wedding ring"},"content":{"rendered":"<p><strong>Dream-11 wedding ring \u2013 two-tone wedding ring<\/strong><\/p>\n<p>Nowadays more and more popular, the two-faced ring. Not accidentally, as exciting effect, when two shades meet, and the effect can be enhanced by different surface treatment with. Thus, the cold \u2013 warm colors more pronounced, you can. Symbolic meaning can such a ring a few, since the union of two people it represents.<\/p>\n<p>Wedding ring couple width: 5 mm (on Demand, on request narrow further or wider, too.)<\/p>\n<p>Wedding ring couple material thickness: 1,3 mm<\/p>\n<ul>\n<li><strong>Fineness:<\/strong> 585 thousandth, 14 carat<\/li>\n<li><strong>Gemstone:<\/strong> brilliant cut natural diamonds<\/li>\n<li><strong>Eternal life guarantee:<\/strong>\u00a0material errors and gemstones.<\/li>\n<li><strong>Free renewal:<\/strong>\u00a0We take the rings free scratch-free sales of five times and one time the jewel complete renovation of the purchase, within five years!<\/li>\n<\/ul>\n<h3>Sz\u00e1m\u00edttasd be r\u00e9gi t\u00f6rtaranyadat!<\/h3>\n<p><strong>Fenntarthat\u00f3 arany \u2013 k\u00f6z\u00f6s \u00e9rt\u00e9k\u00fcnk<\/strong><\/p>\n<p>Sz\u00e1munkra az \u00e9kszer nemcsak sz\u00e9ps\u00e9g, hanem felel\u0151ss\u00e9g is.<br \/>\nEz\u00e9rt \u00f6r\u00f6mmel besz\u00e1m\u00edtjuk r\u00e9gi, megunt vagy s\u00e9r\u00fclt arany \u00e9kszereidet egy \u00faj darab elk\u00e9sz\u00edt\u00e9sekor.<\/p>\n<p><b>Ezzel egyszerre nyersz Te \u00e9s a k\u00f6rnyezet is<\/b>:<br \/>\n\u2013 cs\u00f6kken az \u00faj b\u00e1ny\u00e1szatb\u00f3l sz\u00e1rmaz\u00f3 arany ir\u00e1nti ig\u00e9ny,<br \/>\n\u2013<b> kisebb \u00f6kol\u00f3giai l\u00e1bnyom<\/b>mal k\u00e9sz\u00fcl el az \u00e9kszered,<br \/>\n\u2013 \u00e9s <b>kedvez\u0151bb \u00e1r<\/b>on juthatsz egy teljesen \u00faj, szem\u00e9lyre szabott darabhoz.<\/p>\n<p><b>\u00cdgy a r\u00e9gi eml\u00e9kek nem vesznek el \u2014 \u00e1talakulnak, \u00e9s egy \u00faj t\u00f6rt\u00e9net r\u00e9sz\u00e9v\u00e9 v\u00e1lnak.<\/b><\/p>\n<p><strong>The rings gift box optional.<\/strong><\/p>\n<p><strong>Like the jewelry, but different quality diamonds, or colorful gems did you imagine it? It&#039;s not a problem. We like to give you an offer to the expected ideas. Find us confidence on the phone +36 30 539 1179 number, or the <\/strong><a href=\"mailto:info@brillancy.hu\"><strong>info@brillancy.hu<\/strong><\/a><strong> e-mail address.<\/strong><\/p>","protected":false},"excerpt":{"rendered":"<p>Dream-11 wedding ring \u2013 two-tone wedding ring<\/p>","protected":false},"featured_media":10783,"comment_status":"closed","ping_status":"closed","template":"","meta":[],"product_brand":[],"product_cat":[48,18,120],"product_tag":[],"class_list":{"0":"post-8490","1":"product","2":"type-product","3":"status-publish","4":"has-post-thumbnail","6":"product_cat-dream","7":"product_cat-karikagyuru","8":"product_cat-tobbszinu","10":"first","11":"instock","12":"purchasable","13":"product-type-simple"},"yoast_head":"<!-- This site is optimized with the Yoast SEO Premium plugin v27.0 (Yoast SEO v27.4) - https:\/\/yoast.com\/product\/yoast-seo-premium-wordpress\/ -->\n<title>Dream-11 Jegygy\u0171r\u0171 \u2013 K\u00e9tsz\u00edn\u0171 karikagy\u0171r\u0171 - Brillancy<\/title>\n<meta name=\"description\" content=\"Dream-11 Jegygy\u0171r\u0171 \u2013 K\u00e9tsz\u00edn\u0171 karikagy\u0171r\u0171: Egyre n\u00e9pszer\u0171bb a k\u00e9tsz\u00edn\u0171 karikagy\u0171r\u0171. Nem v\u00e9letlen\u00fcl, hiszen izgalmasan hat, amikor k\u00e9t \u00e1rnyalat tal\u00e1lkozik\" \/>\n<meta name=\"robots\" content=\"index, follow, max-snippet:-1, max-image-preview:large, max-video-preview:-1\" \/>\n<link rel=\"canonical\" href=\"https:\/\/brillancy.hu\/en\/product\/dream-11-jegygyuru-ketszinu-karikagyuru\/\" \/>\n<meta property=\"og:locale\" content=\"en_GB\" \/>\n<meta property=\"og:type\" content=\"article\" \/>\n<meta property=\"og:title\" content=\"Dream-11 Jegygy\u0171r\u0171 \u2013 K\u00e9tsz\u00edn\u0171 karikagy\u0171r\u0171\" \/>\n<meta property=\"og:description\" content=\"Dream-11 Jegygy\u0171r\u0171 \u2013 K\u00e9tsz\u00edn\u0171 karikagy\u0171r\u0171: Egyre n\u00e9pszer\u0171bb a k\u00e9tsz\u00edn\u0171 karikagy\u0171r\u0171. Nem v\u00e9letlen\u00fcl, hiszen izgalmasan hat, amikor k\u00e9t \u00e1rnyalat tal\u00e1lkozik\" \/>\n<meta property=\"og:url\" content=\"https:\/\/brillancy.hu\/en\/product\/dream-11-jegygyuru-ketszinu-karikagyuru\/\" \/>\n<meta property=\"og:site_name\" content=\"Brillancy\" \/>\n<meta property=\"article:modified_time\" content=\"2026-04-21T08:24:57+00:00\" \/>\n<meta property=\"og:image\" content=\"https:\/\/brillancy.hu\/wp-content\/uploads\/2025\/06\/dream11.png\" \/>\n\t<meta property=\"og:image:width\" content=\"1024\" \/>\n\t<meta property=\"og:image:height\" content=\"1024\" \/>\n\t<meta property=\"og:image:type\" content=\"image\/png\" \/>\n<meta name=\"twitter:card\" content=\"summary_large_image\" \/>\n<meta name=\"twitter:label1\" content=\"Estimated reading time\" \/>\n\t<meta name=\"twitter:data1\" content=\"2 minutes\" \/>\n<script type=\"application\/ld+json\" class=\"yoast-schema-graph\">{\"@context\":\"https:\\\/\\\/schema.org\",\"@graph\":[{\"@type\":\"WebPage\",\"@id\":\"https:\\\/\\\/brillancy.hu\\\/product\\\/dream-11-jegygyuru-ketszinu-karikagyuru\\\/\",\"url\":\"https:\\\/\\\/brillancy.hu\\\/product\\\/dream-11-jegygyuru-ketszinu-karikagyuru\\\/\",\"name\":\"Dream-11 Jegygy\u0171r\u0171 \u2013 K\u00e9tsz\u00edn\u0171 karikagy\u0171r\u0171 - Brillancy\",\"isPartOf\":{\"@id\":\"https:\\\/\\\/brillancy.hu\\\/#website\"},\"primaryImageOfPage\":{\"@id\":\"https:\\\/\\\/brillancy.hu\\\/product\\\/dream-11-jegygyuru-ketszinu-karikagyuru\\\/#primaryimage\"},\"image\":{\"@id\":\"https:\\\/\\\/brillancy.hu\\\/product\\\/dream-11-jegygyuru-ketszinu-karikagyuru\\\/#primaryimage\"},\"thumbnailUrl\":\"https:\\\/\\\/brillancy.hu\\\/wp-content\\\/uploads\\\/2025\\\/06\\\/dream11.png\",\"datePublished\":\"2025-01-31T17:40:07+00:00\",\"dateModified\":\"2026-04-21T08:24:57+00:00\",\"description\":\"Dream-11 Jegygy\u0171r\u0171 \u2013 K\u00e9tsz\u00edn\u0171 karikagy\u0171r\u0171: Egyre n\u00e9pszer\u0171bb a k\u00e9tsz\u00edn\u0171 karikagy\u0171r\u0171. Nem v\u00e9letlen\u00fcl, hiszen izgalmasan hat, amikor k\u00e9t \u00e1rnyalat tal\u00e1lkozik\",\"breadcrumb\":{\"@id\":\"https:\\\/\\\/brillancy.hu\\\/product\\\/dream-11-jegygyuru-ketszinu-karikagyuru\\\/#breadcrumb\"},\"inLanguage\":\"en-GB\",\"potentialAction\":[{\"@type\":\"ReadAction\",\"target\":[\"https:\\\/\\\/brillancy.hu\\\/product\\\/dream-11-jegygyuru-ketszinu-karikagyuru\\\/\"]}]},{\"@type\":\"ImageObject\",\"inLanguage\":\"en-GB\",\"@id\":\"https:\\\/\\\/brillancy.hu\\\/product\\\/dream-11-jegygyuru-ketszinu-karikagyuru\\\/#primaryimage\",\"url\":\"https:\\\/\\\/brillancy.hu\\\/wp-content\\\/uploads\\\/2025\\\/06\\\/dream11.png\",\"contentUrl\":\"https:\\\/\\\/brillancy.hu\\\/wp-content\\\/uploads\\\/2025\\\/06\\\/dream11.png\",\"width\":1024,\"height\":1024,\"caption\":\"Dream-11 Jegygy\u0171r\u0171 \u2013 K\u00e9tsz\u00edn\u0171 karikagy\u0171r\u0171\"},{\"@type\":\"BreadcrumbList\",\"@id\":\"https:\\\/\\\/brillancy.hu\\\/product\\\/dream-11-jegygyuru-ketszinu-karikagyuru\\\/#breadcrumb\",\"itemListElement\":[{\"@type\":\"ListItem\",\"position\":1,\"name\":\"Home\",\"item\":\"https:\\\/\\\/brillancy.hu\\\/\"},{\"@type\":\"ListItem\",\"position\":2,\"name\":\"Term\u00e9kek\",\"item\":\"https:\\\/\\\/brillancy.hu\\\/termekek\\\/\"},{\"@type\":\"ListItem\",\"position\":3,\"name\":\"Dream-11 Jegygy\u0171r\u0171 \u2013 K\u00e9tsz\u00edn\u0171 karikagy\u0171r\u0171\"}]},{\"@type\":\"WebSite\",\"@id\":\"https:\\\/\\\/brillancy.hu\\\/#website\",\"url\":\"https:\\\/\\\/brillancy.hu\\\/\",\"name\":\"Brillancy\",\"description\":\"\",\"potentialAction\":[{\"@type\":\"SearchAction\",\"target\":{\"@type\":\"EntryPoint\",\"urlTemplate\":\"https:\\\/\\\/brillancy.hu\\\/?s={search_term_string}\"},\"query-input\":{\"@type\":\"PropertyValueSpecification\",\"valueRequired\":true,\"valueName\":\"search_term_string\"}}],\"inLanguage\":\"en-GB\"}]}<\/script>\n<!-- \/ Yoast SEO Premium plugin. -->","yoast_head_json":{"title":"Dream-11 Jegygy\u0171r\u0171 \u2013 K\u00e9tsz\u00edn\u0171 karikagy\u0171r\u0171 - Brillancy","description":"Dream-11 Jegygy\u0171r\u0171 \u2013 K\u00e9tsz\u00edn\u0171 karikagy\u0171r\u0171: Egyre n\u00e9pszer\u0171bb a k\u00e9tsz\u00edn\u0171 karikagy\u0171r\u0171. Nem v\u00e9letlen\u00fcl, hiszen izgalmasan hat, amikor k\u00e9t \u00e1rnyalat tal\u00e1lkozik","robots":{"index":"index","follow":"follow","max-snippet":"max-snippet:-1","max-image-preview":"max-image-preview:large","max-video-preview":"max-video-preview:-1"},"canonical":"https:\/\/brillancy.hu\/en\/product\/dream-11-jegygyuru-ketszinu-karikagyuru\/","og_locale":"en_GB","og_type":"article","og_title":"Dream-11 Jegygy\u0171r\u0171 \u2013 K\u00e9tsz\u00edn\u0171 karikagy\u0171r\u0171","og_description":"Dream-11 Jegygy\u0171r\u0171 \u2013 K\u00e9tsz\u00edn\u0171 karikagy\u0171r\u0171: Egyre n\u00e9pszer\u0171bb a k\u00e9tsz\u00edn\u0171 karikagy\u0171r\u0171. Nem v\u00e9letlen\u00fcl, hiszen izgalmasan hat, amikor k\u00e9t \u00e1rnyalat tal\u00e1lkozik","og_url":"https:\/\/brillancy.hu\/en\/product\/dream-11-jegygyuru-ketszinu-karikagyuru\/","og_site_name":"Brillancy","article_modified_time":"2026-04-21T08:24:57+00:00","og_image":[{"width":1024,"height":1024,"url":"https:\/\/brillancy.hu\/wp-content\/uploads\/2025\/06\/dream11.png","type":"image\/png"}],"twitter_card":"summary_large_image","twitter_misc":{"Estimated reading time":"2 minutes"},"schema":{"@context":"https:\/\/schema.org","@graph":[{"@type":"WebPage","@id":"https:\/\/brillancy.hu\/product\/dream-11-jegygyuru-ketszinu-karikagyuru\/","url":"https:\/\/brillancy.hu\/product\/dream-11-jegygyuru-ketszinu-karikagyuru\/","name":"Dream-11 Jegygy\u0171r\u0171 \u2013 K\u00e9tsz\u00edn\u0171 karikagy\u0171r\u0171 - Brillancy","isPartOf":{"@id":"https:\/\/brillancy.hu\/#website"},"primaryImageOfPage":{"@id":"https:\/\/brillancy.hu\/product\/dream-11-jegygyuru-ketszinu-karikagyuru\/#primaryimage"},"image":{"@id":"https:\/\/brillancy.hu\/product\/dream-11-jegygyuru-ketszinu-karikagyuru\/#primaryimage"},"thumbnailUrl":"https:\/\/brillancy.hu\/wp-content\/uploads\/2025\/06\/dream11.png","datePublished":"2025-01-31T17:40:07+00:00","dateModified":"2026-04-21T08:24:57+00:00","description":"Dream-11 Jegygy\u0171r\u0171 \u2013 K\u00e9tsz\u00edn\u0171 karikagy\u0171r\u0171: Egyre n\u00e9pszer\u0171bb a k\u00e9tsz\u00edn\u0171 karikagy\u0171r\u0171. Nem v\u00e9letlen\u00fcl, hiszen izgalmasan hat, amikor k\u00e9t \u00e1rnyalat tal\u00e1lkozik","breadcrumb":{"@id":"https:\/\/brillancy.hu\/product\/dream-11-jegygyuru-ketszinu-karikagyuru\/#breadcrumb"},"inLanguage":"en-GB","potentialAction":[{"@type":"ReadAction","target":["https:\/\/brillancy.hu\/product\/dream-11-jegygyuru-ketszinu-karikagyuru\/"]}]},{"@type":"ImageObject","inLanguage":"en-GB","@id":"https:\/\/brillancy.hu\/product\/dream-11-jegygyuru-ketszinu-karikagyuru\/#primaryimage","url":"https:\/\/brillancy.hu\/wp-content\/uploads\/2025\/06\/dream11.png","contentUrl":"https:\/\/brillancy.hu\/wp-content\/uploads\/2025\/06\/dream11.png","width":1024,"height":1024,"caption":"Dream-11 Jegygy\u0171r\u0171 \u2013 K\u00e9tsz\u00edn\u0171 karikagy\u0171r\u0171"},{"@type":"BreadcrumbList","@id":"https:\/\/brillancy.hu\/product\/dream-11-jegygyuru-ketszinu-karikagyuru\/#breadcrumb","itemListElement":[{"@type":"ListItem","position":1,"name":"Home","item":"https:\/\/brillancy.hu\/"},{"@type":"ListItem","position":2,"name":"Term\u00e9kek","item":"https:\/\/brillancy.hu\/termekek\/"},{"@type":"ListItem","position":3,"name":"Dream-11 Jegygy\u0171r\u0171 \u2013 K\u00e9tsz\u00edn\u0171 karikagy\u0171r\u0171"}]},{"@type":"WebSite","@id":"https:\/\/brillancy.hu\/#website","url":"https:\/\/brillancy.hu\/","name":"Brillancy","description":"","potentialAction":[{"@type":"SearchAction","target":{"@type":"EntryPoint","urlTemplate":"https:\/\/brillancy.hu\/?s={search_term_string}"},"query-input":{"@type":"PropertyValueSpecification","valueRequired":true,"valueName":"search_term_string"}}],"inLanguage":"en-GB"}]}},"_links":{"self":[{"href":"https:\/\/brillancy.hu\/en\/wp-json\/wp\/v2\/product\/8490","targetHints":{"allow":["GET"]}}],"collection":[{"href":"https:\/\/brillancy.hu\/en\/wp-json\/wp\/v2\/product"}],"about":[{"href":"https:\/\/brillancy.hu\/en\/wp-json\/wp\/v2\/types\/product"}],"replies":[{"embeddable":true,"href":"https:\/\/brillancy.hu\/en\/wp-json\/wp\/v2\/comments?post=8490"}],"wp:featuredmedia":[{"embeddable":true,"href":"https:\/\/brillancy.hu\/en\/wp-json\/wp\/v2\/media\/10783"}],"wp:attachment":[{"href":"https:\/\/brillancy.hu\/en\/wp-json\/wp\/v2\/media?parent=8490"}],"wp:term":[{"taxonomy":"product_brand","embeddable":true,"href":"https:\/\/brillancy.hu\/en\/wp-json\/wp\/v2\/product_brand?post=8490"},{"taxonomy":"product_cat","embeddable":true,"href":"https:\/\/brillancy.hu\/en\/wp-json\/wp\/v2\/product_cat?post=8490"},{"taxonomy":"product_tag","embeddable":true,"href":"https:\/\/brillancy.hu\/en\/wp-json\/wp\/v2\/product_tag?post=8490"}],"curies":[{"name":"wp","href":"https:\/\/api.w.org\/{rel}","templated":true}]}}