{"id":8482,"date":"2025-01-31T18:40:07","date_gmt":"2025-01-31T17:40:07","guid":{"rendered":"https:\/\/brillancy.hu\/?post_type=product&#038;p=8482"},"modified":"2025-10-17T10:56:14","modified_gmt":"2025-10-17T09:56:14","slug":"peruggia-sarga-arany-gyemant-medal","status":"publish","type":"product","link":"https:\/\/brillancy.hu\/en\/product\/peruggia-sarga-arany-gyemant-medal\/","title":{"rendered":"Peruggia Yellow Gold Diamond Pendant"},"content":{"rendered":"<p><strong>Peruggia yellow gold diamond pendant<\/strong><\/p>\n<p>Delightful yellow gold diamond pendant. Impressive, character, clean lines of a world of jewelry is a miracle. Sparkling diamond and the gold is a fantastic combination. Just wear either every day or special occasions. The pendant is a teardrop shaped, G-VS1 pure natural diamonds can be found. The diamond pendant is simply can be ordered in our webshop, or you personally in our store. The pendant with gift box optional. All \u00e9kszer\u00fcnkh\u00f6z quality certificate and certificate shall be provided which guarantee the jewelry and gems quality.<\/p>\n<ul>\n<li>Material: 14 carat gold<\/li>\n<li>Fineness: 585 thousandth<\/li>\n<li>Gemstone: natural diamonds<\/li>\n<li>Eternal life guarantee: material errors and gems<\/li>\n<\/ul>\n<p>If any other colors, or other stone you pictured your jewelry, let us know, and we will implement it! brillancyekszer@gmail.com<br \/>\nThe average preparation time is 15-25 working days. The medallion gift box optional.<br \/>\nPay broken with gold! Damaged, old, or never used gold hiding at home in the cupboards? Bring it in to us and get a discount, trade-in you, the selected ring price.<br \/>\nLike the jewelry, but other gems did you imagine it? It&#039;s not a problem. We like to give you an offer to the expected ideas. Find us with confidence!<\/p>","protected":false},"excerpt":{"rendered":"<p><strong>Peruggia yellow gold diamond pendant<\/strong><\/p>\n<p>Delightful yellow gold diamond pendant. Impressive, character, clean lines of a world of jewelry is a miracle. Sparkling diamond and the gold is a fantastic combination.<\/p>","protected":false},"featured_media":10696,"comment_status":"closed","ping_status":"closed","template":"","meta":[],"product_brand":[],"product_cat":[69,21,67],"product_tag":[],"class_list":{"0":"post-8482","1":"product","2":"type-product","3":"status-publish","4":"has-post-thumbnail","6":"product_cat-dragakoves-ekszerek","7":"product_cat-ekszerek","8":"product_cat-medalok","10":"first","11":"instock","12":"purchasable","13":"product-type-simple"},"yoast_head":"<!-- This site is optimized with the Yoast SEO Premium plugin v27.0 (Yoast SEO v27.0) - https:\/\/yoast.com\/product\/yoast-seo-premium-wordpress\/ -->\n<title>Peruggia S\u00e1rga Arany Gy\u00e9m\u00e1nt Med\u00e1l - Brillancy<\/title>\n<meta name=\"description\" content=\"Peruggia S\u00e1rga Arany Gy\u00e9m\u00e1nt Med\u00e1l - Elragad\u00f3 design med\u00e1l. letisztult formavil\u00e1g\u00fa \u00e9kszercsoda. T\u00fcnd\u00f6kl\u0151 gy\u00e9m\u00e1nt, \u00e9s az arany fantasztikus kombin\u00e1ci\u00f3ja.\" \/>\n<meta name=\"robots\" content=\"index, follow, max-snippet:-1, max-image-preview:large, max-video-preview:-1\" \/>\n<link rel=\"canonical\" href=\"https:\/\/brillancy.hu\/en\/product\/peruggia-sarga-arany-gyemant-medal\/\" \/>\n<meta property=\"og:locale\" content=\"en_GB\" \/>\n<meta property=\"og:type\" content=\"article\" \/>\n<meta property=\"og:title\" content=\"Peruggia S\u00e1rga Arany Gy\u00e9m\u00e1nt Med\u00e1l\" \/>\n<meta property=\"og:description\" content=\"Peruggia S\u00e1rga Arany Gy\u00e9m\u00e1nt Med\u00e1l - Elragad\u00f3 design med\u00e1l. letisztult formavil\u00e1g\u00fa \u00e9kszercsoda. T\u00fcnd\u00f6kl\u0151 gy\u00e9m\u00e1nt, \u00e9s az arany fantasztikus kombin\u00e1ci\u00f3ja.\" \/>\n<meta property=\"og:url\" content=\"https:\/\/brillancy.hu\/en\/product\/peruggia-sarga-arany-gyemant-medal\/\" \/>\n<meta property=\"og:site_name\" content=\"Brillancy\" \/>\n<meta property=\"article:modified_time\" content=\"2025-10-17T09:56:14+00:00\" \/>\n<meta property=\"og:image\" content=\"https:\/\/brillancy.hu\/wp-content\/uploads\/2025\/06\/20250617_1727_Elegant-Diamond-Necklace_remix_01jxz7z7tsfjeag1vh1wqef58m-1.png\" \/>\n\t<meta property=\"og:image:width\" content=\"1024\" \/>\n\t<meta property=\"og:image:height\" content=\"1024\" \/>\n\t<meta property=\"og:image:type\" content=\"image\/png\" \/>\n<meta name=\"twitter:card\" content=\"summary_large_image\" \/>\n<meta name=\"twitter:label1\" content=\"Estimated reading time\" \/>\n\t<meta name=\"twitter:data1\" content=\"2 minutes\" \/>\n<script type=\"application\/ld+json\" class=\"yoast-schema-graph\">{\"@context\":\"https:\/\/schema.org\",\"@graph\":[{\"@type\":\"WebPage\",\"@id\":\"https:\/\/brillancy.hu\/product\/peruggia-sarga-arany-gyemant-medal\/\",\"url\":\"https:\/\/brillancy.hu\/product\/peruggia-sarga-arany-gyemant-medal\/\",\"name\":\"Peruggia S\u00e1rga Arany Gy\u00e9m\u00e1nt Med\u00e1l - Brillancy\",\"isPartOf\":{\"@id\":\"https:\/\/brillancy.hu\/#website\"},\"primaryImageOfPage\":{\"@id\":\"https:\/\/brillancy.hu\/product\/peruggia-sarga-arany-gyemant-medal\/#primaryimage\"},\"image\":{\"@id\":\"https:\/\/brillancy.hu\/product\/peruggia-sarga-arany-gyemant-medal\/#primaryimage\"},\"thumbnailUrl\":\"https:\/\/brillancy.hu\/wp-content\/uploads\/2025\/06\/20250617_1727_Elegant-Diamond-Necklace_remix_01jxz7z7tsfjeag1vh1wqef58m-1.png\",\"datePublished\":\"2025-01-31T17:40:07+00:00\",\"dateModified\":\"2025-10-17T09:56:14+00:00\",\"description\":\"Peruggia S\u00e1rga Arany Gy\u00e9m\u00e1nt Med\u00e1l - Elragad\u00f3 design med\u00e1l. letisztult formavil\u00e1g\u00fa \u00e9kszercsoda. T\u00fcnd\u00f6kl\u0151 gy\u00e9m\u00e1nt, \u00e9s az arany fantasztikus kombin\u00e1ci\u00f3ja.\",\"breadcrumb\":{\"@id\":\"https:\/\/brillancy.hu\/product\/peruggia-sarga-arany-gyemant-medal\/#breadcrumb\"},\"inLanguage\":\"en-GB\",\"potentialAction\":[{\"@type\":\"ReadAction\",\"target\":[\"https:\/\/brillancy.hu\/product\/peruggia-sarga-arany-gyemant-medal\/\"]}]},{\"@type\":\"ImageObject\",\"inLanguage\":\"en-GB\",\"@id\":\"https:\/\/brillancy.hu\/product\/peruggia-sarga-arany-gyemant-medal\/#primaryimage\",\"url\":\"https:\/\/brillancy.hu\/wp-content\/uploads\/2025\/06\/20250617_1727_Elegant-Diamond-Necklace_remix_01jxz7z7tsfjeag1vh1wqef58m-1.png\",\"contentUrl\":\"https:\/\/brillancy.hu\/wp-content\/uploads\/2025\/06\/20250617_1727_Elegant-Diamond-Necklace_remix_01jxz7z7tsfjeag1vh1wqef58m-1.png\",\"width\":1024,\"height\":1024,\"caption\":\"Peruggia S\u00e1rga Arany Gy\u00e9m\u00e1nt Med\u00e1l\"},{\"@type\":\"BreadcrumbList\",\"@id\":\"https:\/\/brillancy.hu\/product\/peruggia-sarga-arany-gyemant-medal\/#breadcrumb\",\"itemListElement\":[{\"@type\":\"ListItem\",\"position\":1,\"name\":\"Home\",\"item\":\"https:\/\/brillancy.hu\/\"},{\"@type\":\"ListItem\",\"position\":2,\"name\":\"Term\u00e9kek\",\"item\":\"https:\/\/brillancy.hu\/termekek\/\"},{\"@type\":\"ListItem\",\"position\":3,\"name\":\"Peruggia S\u00e1rga Arany Gy\u00e9m\u00e1nt Med\u00e1l\"}]},{\"@type\":\"WebSite\",\"@id\":\"https:\/\/brillancy.hu\/#website\",\"url\":\"https:\/\/brillancy.hu\/\",\"name\":\"Brillancy\",\"description\":\"\",\"potentialAction\":[{\"@type\":\"SearchAction\",\"target\":{\"@type\":\"EntryPoint\",\"urlTemplate\":\"https:\/\/brillancy.hu\/?s={search_term_string}\"},\"query-input\":{\"@type\":\"PropertyValueSpecification\",\"valueRequired\":true,\"valueName\":\"search_term_string\"}}],\"inLanguage\":\"en-GB\"}]}<\/script>\n<!-- \/ Yoast SEO Premium plugin. -->","yoast_head_json":{"title":"Peruggia S\u00e1rga Arany Gy\u00e9m\u00e1nt Med\u00e1l - Brillancy","description":"Peruggia S\u00e1rga Arany Gy\u00e9m\u00e1nt Med\u00e1l - Elragad\u00f3 design med\u00e1l. letisztult formavil\u00e1g\u00fa \u00e9kszercsoda. T\u00fcnd\u00f6kl\u0151 gy\u00e9m\u00e1nt, \u00e9s az arany fantasztikus kombin\u00e1ci\u00f3ja.","robots":{"index":"index","follow":"follow","max-snippet":"max-snippet:-1","max-image-preview":"max-image-preview:large","max-video-preview":"max-video-preview:-1"},"canonical":"https:\/\/brillancy.hu\/en\/product\/peruggia-sarga-arany-gyemant-medal\/","og_locale":"en_GB","og_type":"article","og_title":"Peruggia S\u00e1rga Arany Gy\u00e9m\u00e1nt Med\u00e1l","og_description":"Peruggia S\u00e1rga Arany Gy\u00e9m\u00e1nt Med\u00e1l - Elragad\u00f3 design med\u00e1l. letisztult formavil\u00e1g\u00fa \u00e9kszercsoda. T\u00fcnd\u00f6kl\u0151 gy\u00e9m\u00e1nt, \u00e9s az arany fantasztikus kombin\u00e1ci\u00f3ja.","og_url":"https:\/\/brillancy.hu\/en\/product\/peruggia-sarga-arany-gyemant-medal\/","og_site_name":"Brillancy","article_modified_time":"2025-10-17T09:56:14+00:00","og_image":[{"width":1024,"height":1024,"url":"https:\/\/brillancy.hu\/wp-content\/uploads\/2025\/06\/20250617_1727_Elegant-Diamond-Necklace_remix_01jxz7z7tsfjeag1vh1wqef58m-1.png","type":"image\/png"}],"twitter_card":"summary_large_image","twitter_misc":{"Estimated reading time":"2 minutes"},"schema":{"@context":"https:\/\/schema.org","@graph":[{"@type":"WebPage","@id":"https:\/\/brillancy.hu\/product\/peruggia-sarga-arany-gyemant-medal\/","url":"https:\/\/brillancy.hu\/product\/peruggia-sarga-arany-gyemant-medal\/","name":"Peruggia S\u00e1rga Arany Gy\u00e9m\u00e1nt Med\u00e1l - Brillancy","isPartOf":{"@id":"https:\/\/brillancy.hu\/#website"},"primaryImageOfPage":{"@id":"https:\/\/brillancy.hu\/product\/peruggia-sarga-arany-gyemant-medal\/#primaryimage"},"image":{"@id":"https:\/\/brillancy.hu\/product\/peruggia-sarga-arany-gyemant-medal\/#primaryimage"},"thumbnailUrl":"https:\/\/brillancy.hu\/wp-content\/uploads\/2025\/06\/20250617_1727_Elegant-Diamond-Necklace_remix_01jxz7z7tsfjeag1vh1wqef58m-1.png","datePublished":"2025-01-31T17:40:07+00:00","dateModified":"2025-10-17T09:56:14+00:00","description":"Peruggia S\u00e1rga Arany Gy\u00e9m\u00e1nt Med\u00e1l - Elragad\u00f3 design med\u00e1l. letisztult formavil\u00e1g\u00fa \u00e9kszercsoda. T\u00fcnd\u00f6kl\u0151 gy\u00e9m\u00e1nt, \u00e9s az arany fantasztikus kombin\u00e1ci\u00f3ja.","breadcrumb":{"@id":"https:\/\/brillancy.hu\/product\/peruggia-sarga-arany-gyemant-medal\/#breadcrumb"},"inLanguage":"en-GB","potentialAction":[{"@type":"ReadAction","target":["https:\/\/brillancy.hu\/product\/peruggia-sarga-arany-gyemant-medal\/"]}]},{"@type":"ImageObject","inLanguage":"en-GB","@id":"https:\/\/brillancy.hu\/product\/peruggia-sarga-arany-gyemant-medal\/#primaryimage","url":"https:\/\/brillancy.hu\/wp-content\/uploads\/2025\/06\/20250617_1727_Elegant-Diamond-Necklace_remix_01jxz7z7tsfjeag1vh1wqef58m-1.png","contentUrl":"https:\/\/brillancy.hu\/wp-content\/uploads\/2025\/06\/20250617_1727_Elegant-Diamond-Necklace_remix_01jxz7z7tsfjeag1vh1wqef58m-1.png","width":1024,"height":1024,"caption":"Peruggia S\u00e1rga Arany Gy\u00e9m\u00e1nt Med\u00e1l"},{"@type":"BreadcrumbList","@id":"https:\/\/brillancy.hu\/product\/peruggia-sarga-arany-gyemant-medal\/#breadcrumb","itemListElement":[{"@type":"ListItem","position":1,"name":"Home","item":"https:\/\/brillancy.hu\/"},{"@type":"ListItem","position":2,"name":"Term\u00e9kek","item":"https:\/\/brillancy.hu\/termekek\/"},{"@type":"ListItem","position":3,"name":"Peruggia S\u00e1rga Arany Gy\u00e9m\u00e1nt Med\u00e1l"}]},{"@type":"WebSite","@id":"https:\/\/brillancy.hu\/#website","url":"https:\/\/brillancy.hu\/","name":"Brillancy","description":"","potentialAction":[{"@type":"SearchAction","target":{"@type":"EntryPoint","urlTemplate":"https:\/\/brillancy.hu\/?s={search_term_string}"},"query-input":{"@type":"PropertyValueSpecification","valueRequired":true,"valueName":"search_term_string"}}],"inLanguage":"en-GB"}]}},"_links":{"self":[{"href":"https:\/\/brillancy.hu\/en\/wp-json\/wp\/v2\/product\/8482","targetHints":{"allow":["GET"]}}],"collection":[{"href":"https:\/\/brillancy.hu\/en\/wp-json\/wp\/v2\/product"}],"about":[{"href":"https:\/\/brillancy.hu\/en\/wp-json\/wp\/v2\/types\/product"}],"replies":[{"embeddable":true,"href":"https:\/\/brillancy.hu\/en\/wp-json\/wp\/v2\/comments?post=8482"}],"wp:featuredmedia":[{"embeddable":true,"href":"https:\/\/brillancy.hu\/en\/wp-json\/wp\/v2\/media\/10696"}],"wp:attachment":[{"href":"https:\/\/brillancy.hu\/en\/wp-json\/wp\/v2\/media?parent=8482"}],"wp:term":[{"taxonomy":"product_brand","embeddable":true,"href":"https:\/\/brillancy.hu\/en\/wp-json\/wp\/v2\/product_brand?post=8482"},{"taxonomy":"product_cat","embeddable":true,"href":"https:\/\/brillancy.hu\/en\/wp-json\/wp\/v2\/product_cat?post=8482"},{"taxonomy":"product_tag","embeddable":true,"href":"https:\/\/brillancy.hu\/en\/wp-json\/wp\/v2\/product_tag?post=8482"}],"curies":[{"name":"wp","href":"https:\/\/api.w.org\/{rel}","templated":true}]}}