{"id":8443,"date":"2025-01-31T18:39:47","date_gmt":"2025-01-31T17:39:47","guid":{"rendered":"https:\/\/brillancy.hu\/?post_type=product&#038;p=8443"},"modified":"2025-10-17T10:56:14","modified_gmt":"2025-10-17T09:56:14","slug":"nautica-sarga-arany-gyemant-medal","status":"publish","type":"product","link":"https:\/\/brillancy.hu\/en\/product\/nautica-sarga-arany-gyemant-medal\/","title":{"rendered":"Nautica Yellow Gold Diamond Pendant"},"content":{"rendered":"<p><strong>Nautica yellow gold diamond pendant<\/strong><\/p>\n<p>Stunning yellow gold pendant, sparkling with diamonds, the most favorite guy of. Soft, elegant form world with everyone fascinated by this fabulous jewelry poem. The sailing times lmeseinek planned.<br \/>\nThe pendant in a nave of cut, G color, VS1 purity of a diamond is. Allure romance style, soft lines, and the amazing included diamond t\u00fcnd\u00f6k\u00f6l\u00e9s\u00e9nek to thank for that.<\/p>\n<p>Those ladies are the perfect choice for who want to stand out and femininity to stress with this exceptional jewelry with wonder. Can be worn up to everyday or special occasions. The jewelry our side in every case, quality certificate and certificate is also added, it guarantees your jewelry to our quality of manufactory in we&#039;re up to.<\/p>\n<ul>\n<li>Material: gold<\/li>\n<li>Fineness: 585 thousandth, 14 carat<\/li>\n<li>Gemstone: nave was cut natural diamond<\/li>\n<li>The average preparation time 15 to 20 working days. The medallion gift box optional. Eternal life guarantee.<\/li>\n<\/ul>\n<p>How you can save? If you have time you arrive showroom, a 5% discount on the order jewelry price.<br \/>\nPay broken with gold! Damaged, old, or never used gold hiding at home in the cupboards? Bring it in to us and get a discount, trade-in you, the selected ring price.<br \/>\nLike the jewelry, but different quality diamonds, or colorful gems did you imagine it? It&#039;s not a problem. We like to give you an offer to the expected ideas. Find us with confidence!<\/p>","protected":false},"excerpt":{"rendered":"<p><strong>Nautica yellow gold diamond pendant<\/strong><\/p>\n<p>Stunning yellow gold pendant, sparkling with diamonds, the most favorite guy of. Soft, elegant form world with everyone fascinated by this fabulous jewelry poem. The sailing times lmeseinek planned.<\/p>","protected":false},"featured_media":10697,"comment_status":"closed","ping_status":"closed","template":"","meta":[],"product_brand":[],"product_cat":[69,21,67],"product_tag":[],"class_list":{"0":"post-8443","1":"product","2":"type-product","3":"status-publish","4":"has-post-thumbnail","6":"product_cat-dragakoves-ekszerek","7":"product_cat-ekszerek","8":"product_cat-medalok","10":"first","11":"instock","12":"purchasable","13":"product-type-simple"},"yoast_head":"<!-- This site is optimized with the Yoast SEO Premium plugin v27.0 (Yoast SEO v27.0) - https:\/\/yoast.com\/product\/yoast-seo-premium-wordpress\/ -->\n<title>Nautica S\u00e1rga Arany Gy\u00e9m\u00e1nt Med\u00e1l - Brillancy<\/title>\n<meta name=\"description\" content=\"Nautica S\u00e1rga Arany Gy\u00e9m\u00e1nt Med\u00e1l - L\u00e1gy, eleg\u00e1ns formavil\u00e1g\u00e1val mindenkit elb\u0171v\u00f6l ez a mes\u00e9s \u00e9kszerk\u00f6ltem\u00e9ny. A vitorl\u00e1z\u00e1s szerlmeseinek tervezve.\" \/>\n<meta name=\"robots\" content=\"index, follow, max-snippet:-1, max-image-preview:large, max-video-preview:-1\" \/>\n<link rel=\"canonical\" href=\"https:\/\/brillancy.hu\/en\/product\/nautica-sarga-arany-gyemant-medal\/\" \/>\n<meta property=\"og:locale\" content=\"en_GB\" \/>\n<meta property=\"og:type\" content=\"article\" \/>\n<meta property=\"og:title\" content=\"Nautica S\u00e1rga Arany Gy\u00e9m\u00e1nt Med\u00e1l\" \/>\n<meta property=\"og:description\" content=\"Nautica S\u00e1rga Arany Gy\u00e9m\u00e1nt Med\u00e1l - L\u00e1gy, eleg\u00e1ns formavil\u00e1g\u00e1val mindenkit elb\u0171v\u00f6l ez a mes\u00e9s \u00e9kszerk\u00f6ltem\u00e9ny. A vitorl\u00e1z\u00e1s szerlmeseinek tervezve.\" \/>\n<meta property=\"og:url\" content=\"https:\/\/brillancy.hu\/en\/product\/nautica-sarga-arany-gyemant-medal\/\" \/>\n<meta property=\"og:site_name\" content=\"Brillancy\" \/>\n<meta property=\"article:modified_time\" content=\"2025-10-17T09:56:14+00:00\" \/>\n<meta property=\"og:image\" content=\"https:\/\/brillancy.hu\/wp-content\/uploads\/2025\/06\/20250617_1731_Elegant-Diamond-Necklace_remix_01jxz85xfpek8a071c3hhdgv6p-1.png\" \/>\n\t<meta property=\"og:image:width\" content=\"1024\" \/>\n\t<meta property=\"og:image:height\" content=\"1024\" \/>\n\t<meta property=\"og:image:type\" content=\"image\/png\" \/>\n<meta name=\"twitter:card\" content=\"summary_large_image\" \/>\n<meta name=\"twitter:label1\" content=\"Estimated reading time\" \/>\n\t<meta name=\"twitter:data1\" content=\"2 minutes\" \/>\n<script type=\"application\/ld+json\" class=\"yoast-schema-graph\">{\"@context\":\"https:\/\/schema.org\",\"@graph\":[{\"@type\":\"WebPage\",\"@id\":\"https:\/\/brillancy.hu\/product\/nautica-sarga-arany-gyemant-medal\/\",\"url\":\"https:\/\/brillancy.hu\/product\/nautica-sarga-arany-gyemant-medal\/\",\"name\":\"Nautica S\u00e1rga Arany Gy\u00e9m\u00e1nt Med\u00e1l - Brillancy\",\"isPartOf\":{\"@id\":\"https:\/\/brillancy.hu\/#website\"},\"primaryImageOfPage\":{\"@id\":\"https:\/\/brillancy.hu\/product\/nautica-sarga-arany-gyemant-medal\/#primaryimage\"},\"image\":{\"@id\":\"https:\/\/brillancy.hu\/product\/nautica-sarga-arany-gyemant-medal\/#primaryimage\"},\"thumbnailUrl\":\"https:\/\/brillancy.hu\/wp-content\/uploads\/2025\/06\/20250617_1731_Elegant-Diamond-Necklace_remix_01jxz85xfpek8a071c3hhdgv6p-1.png\",\"datePublished\":\"2025-01-31T17:39:47+00:00\",\"dateModified\":\"2025-10-17T09:56:14+00:00\",\"description\":\"Nautica S\u00e1rga Arany Gy\u00e9m\u00e1nt Med\u00e1l - L\u00e1gy, eleg\u00e1ns formavil\u00e1g\u00e1val mindenkit elb\u0171v\u00f6l ez a mes\u00e9s \u00e9kszerk\u00f6ltem\u00e9ny. A vitorl\u00e1z\u00e1s szerlmeseinek tervezve.\",\"breadcrumb\":{\"@id\":\"https:\/\/brillancy.hu\/product\/nautica-sarga-arany-gyemant-medal\/#breadcrumb\"},\"inLanguage\":\"en-GB\",\"potentialAction\":[{\"@type\":\"ReadAction\",\"target\":[\"https:\/\/brillancy.hu\/product\/nautica-sarga-arany-gyemant-medal\/\"]}]},{\"@type\":\"ImageObject\",\"inLanguage\":\"en-GB\",\"@id\":\"https:\/\/brillancy.hu\/product\/nautica-sarga-arany-gyemant-medal\/#primaryimage\",\"url\":\"https:\/\/brillancy.hu\/wp-content\/uploads\/2025\/06\/20250617_1731_Elegant-Diamond-Necklace_remix_01jxz85xfpek8a071c3hhdgv6p-1.png\",\"contentUrl\":\"https:\/\/brillancy.hu\/wp-content\/uploads\/2025\/06\/20250617_1731_Elegant-Diamond-Necklace_remix_01jxz85xfpek8a071c3hhdgv6p-1.png\",\"width\":1024,\"height\":1024,\"caption\":\"Nautica S\u00e1rga Arany Gy\u00e9m\u00e1nt Med\u00e1l\"},{\"@type\":\"BreadcrumbList\",\"@id\":\"https:\/\/brillancy.hu\/product\/nautica-sarga-arany-gyemant-medal\/#breadcrumb\",\"itemListElement\":[{\"@type\":\"ListItem\",\"position\":1,\"name\":\"Home\",\"item\":\"https:\/\/brillancy.hu\/\"},{\"@type\":\"ListItem\",\"position\":2,\"name\":\"Term\u00e9kek\",\"item\":\"https:\/\/brillancy.hu\/termekek\/\"},{\"@type\":\"ListItem\",\"position\":3,\"name\":\"Nautica S\u00e1rga Arany Gy\u00e9m\u00e1nt Med\u00e1l\"}]},{\"@type\":\"WebSite\",\"@id\":\"https:\/\/brillancy.hu\/#website\",\"url\":\"https:\/\/brillancy.hu\/\",\"name\":\"Brillancy\",\"description\":\"\",\"potentialAction\":[{\"@type\":\"SearchAction\",\"target\":{\"@type\":\"EntryPoint\",\"urlTemplate\":\"https:\/\/brillancy.hu\/?s={search_term_string}\"},\"query-input\":{\"@type\":\"PropertyValueSpecification\",\"valueRequired\":true,\"valueName\":\"search_term_string\"}}],\"inLanguage\":\"en-GB\"}]}<\/script>\n<!-- \/ Yoast SEO Premium plugin. -->","yoast_head_json":{"title":"Nautica S\u00e1rga Arany Gy\u00e9m\u00e1nt Med\u00e1l - Brillancy","description":"Nautica S\u00e1rga Arany Gy\u00e9m\u00e1nt Med\u00e1l - L\u00e1gy, eleg\u00e1ns formavil\u00e1g\u00e1val mindenkit elb\u0171v\u00f6l ez a mes\u00e9s \u00e9kszerk\u00f6ltem\u00e9ny. A vitorl\u00e1z\u00e1s szerlmeseinek tervezve.","robots":{"index":"index","follow":"follow","max-snippet":"max-snippet:-1","max-image-preview":"max-image-preview:large","max-video-preview":"max-video-preview:-1"},"canonical":"https:\/\/brillancy.hu\/en\/product\/nautica-sarga-arany-gyemant-medal\/","og_locale":"en_GB","og_type":"article","og_title":"Nautica S\u00e1rga Arany Gy\u00e9m\u00e1nt Med\u00e1l","og_description":"Nautica S\u00e1rga Arany Gy\u00e9m\u00e1nt Med\u00e1l - L\u00e1gy, eleg\u00e1ns formavil\u00e1g\u00e1val mindenkit elb\u0171v\u00f6l ez a mes\u00e9s \u00e9kszerk\u00f6ltem\u00e9ny. A vitorl\u00e1z\u00e1s szerlmeseinek tervezve.","og_url":"https:\/\/brillancy.hu\/en\/product\/nautica-sarga-arany-gyemant-medal\/","og_site_name":"Brillancy","article_modified_time":"2025-10-17T09:56:14+00:00","og_image":[{"width":1024,"height":1024,"url":"https:\/\/brillancy.hu\/wp-content\/uploads\/2025\/06\/20250617_1731_Elegant-Diamond-Necklace_remix_01jxz85xfpek8a071c3hhdgv6p-1.png","type":"image\/png"}],"twitter_card":"summary_large_image","twitter_misc":{"Estimated reading time":"2 minutes"},"schema":{"@context":"https:\/\/schema.org","@graph":[{"@type":"WebPage","@id":"https:\/\/brillancy.hu\/product\/nautica-sarga-arany-gyemant-medal\/","url":"https:\/\/brillancy.hu\/product\/nautica-sarga-arany-gyemant-medal\/","name":"Nautica S\u00e1rga Arany Gy\u00e9m\u00e1nt Med\u00e1l - Brillancy","isPartOf":{"@id":"https:\/\/brillancy.hu\/#website"},"primaryImageOfPage":{"@id":"https:\/\/brillancy.hu\/product\/nautica-sarga-arany-gyemant-medal\/#primaryimage"},"image":{"@id":"https:\/\/brillancy.hu\/product\/nautica-sarga-arany-gyemant-medal\/#primaryimage"},"thumbnailUrl":"https:\/\/brillancy.hu\/wp-content\/uploads\/2025\/06\/20250617_1731_Elegant-Diamond-Necklace_remix_01jxz85xfpek8a071c3hhdgv6p-1.png","datePublished":"2025-01-31T17:39:47+00:00","dateModified":"2025-10-17T09:56:14+00:00","description":"Nautica S\u00e1rga Arany Gy\u00e9m\u00e1nt Med\u00e1l - L\u00e1gy, eleg\u00e1ns formavil\u00e1g\u00e1val mindenkit elb\u0171v\u00f6l ez a mes\u00e9s \u00e9kszerk\u00f6ltem\u00e9ny. A vitorl\u00e1z\u00e1s szerlmeseinek tervezve.","breadcrumb":{"@id":"https:\/\/brillancy.hu\/product\/nautica-sarga-arany-gyemant-medal\/#breadcrumb"},"inLanguage":"en-GB","potentialAction":[{"@type":"ReadAction","target":["https:\/\/brillancy.hu\/product\/nautica-sarga-arany-gyemant-medal\/"]}]},{"@type":"ImageObject","inLanguage":"en-GB","@id":"https:\/\/brillancy.hu\/product\/nautica-sarga-arany-gyemant-medal\/#primaryimage","url":"https:\/\/brillancy.hu\/wp-content\/uploads\/2025\/06\/20250617_1731_Elegant-Diamond-Necklace_remix_01jxz85xfpek8a071c3hhdgv6p-1.png","contentUrl":"https:\/\/brillancy.hu\/wp-content\/uploads\/2025\/06\/20250617_1731_Elegant-Diamond-Necklace_remix_01jxz85xfpek8a071c3hhdgv6p-1.png","width":1024,"height":1024,"caption":"Nautica S\u00e1rga Arany Gy\u00e9m\u00e1nt Med\u00e1l"},{"@type":"BreadcrumbList","@id":"https:\/\/brillancy.hu\/product\/nautica-sarga-arany-gyemant-medal\/#breadcrumb","itemListElement":[{"@type":"ListItem","position":1,"name":"Home","item":"https:\/\/brillancy.hu\/"},{"@type":"ListItem","position":2,"name":"Term\u00e9kek","item":"https:\/\/brillancy.hu\/termekek\/"},{"@type":"ListItem","position":3,"name":"Nautica S\u00e1rga Arany Gy\u00e9m\u00e1nt Med\u00e1l"}]},{"@type":"WebSite","@id":"https:\/\/brillancy.hu\/#website","url":"https:\/\/brillancy.hu\/","name":"Brillancy","description":"","potentialAction":[{"@type":"SearchAction","target":{"@type":"EntryPoint","urlTemplate":"https:\/\/brillancy.hu\/?s={search_term_string}"},"query-input":{"@type":"PropertyValueSpecification","valueRequired":true,"valueName":"search_term_string"}}],"inLanguage":"en-GB"}]}},"_links":{"self":[{"href":"https:\/\/brillancy.hu\/en\/wp-json\/wp\/v2\/product\/8443","targetHints":{"allow":["GET"]}}],"collection":[{"href":"https:\/\/brillancy.hu\/en\/wp-json\/wp\/v2\/product"}],"about":[{"href":"https:\/\/brillancy.hu\/en\/wp-json\/wp\/v2\/types\/product"}],"replies":[{"embeddable":true,"href":"https:\/\/brillancy.hu\/en\/wp-json\/wp\/v2\/comments?post=8443"}],"wp:featuredmedia":[{"embeddable":true,"href":"https:\/\/brillancy.hu\/en\/wp-json\/wp\/v2\/media\/10697"}],"wp:attachment":[{"href":"https:\/\/brillancy.hu\/en\/wp-json\/wp\/v2\/media?parent=8443"}],"wp:term":[{"taxonomy":"product_brand","embeddable":true,"href":"https:\/\/brillancy.hu\/en\/wp-json\/wp\/v2\/product_brand?post=8443"},{"taxonomy":"product_cat","embeddable":true,"href":"https:\/\/brillancy.hu\/en\/wp-json\/wp\/v2\/product_cat?post=8443"},{"taxonomy":"product_tag","embeddable":true,"href":"https:\/\/brillancy.hu\/en\/wp-json\/wp\/v2\/product_tag?post=8443"}],"curies":[{"name":"wp","href":"https:\/\/api.w.org\/{rel}","templated":true}]}}