{"id":8349,"date":"2025-01-31T18:39:04","date_gmt":"2025-01-31T17:39:04","guid":{"rendered":"https:\/\/brillancy.hu\/?post_type=product&#038;p=8349"},"modified":"2025-10-17T10:56:14","modified_gmt":"2025-10-17T09:56:14","slug":"shadow-roze-arany-gyemant-medal","status":"publish","type":"product","link":"https:\/\/brillancy.hu\/en\/product\/shadow-roze-arany-gyemant-medal\/","title":{"rendered":"Shadow Rose Gold Diamond Pendant"},"content":{"rendered":"<p>Modern, elegant design, the art deco style, r<strong>oze rara event diamond meda<\/strong>l, which is an amazing cushion cut diamonds decorate. Sophisticated design, comfortable to wear insurer jewelry wonders. Imposing appearance, the gold and the diamond is gorgeous his shining. The diamond pendant is simply can be ordered in our webshop, or you personally in our store. In case of orders preparation time: 15-20 working days. The pendant with gift box optional.<br \/>\nThe jewelry on our side in any case <strong>quality certificate and certificate of<\/strong> we give, it guarantees your jewelry to our quality of manufactory in we&#039;re up to.<\/p>\n<ul>\n<li>Material: gold<\/li>\n<li>Fineness: 585 thousandth, 14-carat (any color of gold can be ordered)<\/li>\n<li>Gemstone: natural diamonds<\/li>\n<li>Eternal life guarantee: material errors and gems<\/li>\n<li>How you can save? If you have time you arrive showroom, a 5% discount on the order jewelry price.<br \/>\nPay broken with gold! Damaged, old, or never used gold hiding at home in the cupboards? Bring it in to us and get a discount, trade-in you, the selected ring price.<br \/>\nLike the jewelry, but other gems did you imagine it? It&#039;s not a problem. We like to give you an offer to the expected ideas. Find us with confidence!<\/li>\n<\/ul>","protected":false},"excerpt":{"rendered":"<p>Modern, elegant design, the art deco style, r<strong>oze rara event diamond meda<\/strong>l, which is an amazing cushion cut diamonds decorate.<\/p>","protected":false},"featured_media":8408,"comment_status":"closed","ping_status":"closed","template":"","meta":[],"product_brand":[],"product_cat":[69,21,67],"product_tag":[],"class_list":{"0":"post-8349","1":"product","2":"type-product","3":"status-publish","4":"has-post-thumbnail","6":"product_cat-dragakoves-ekszerek","7":"product_cat-ekszerek","8":"product_cat-medalok","10":"first","11":"instock","12":"purchasable","13":"product-type-simple"},"yoast_head":"<!-- This site is optimized with the Yoast SEO Premium plugin v27.0 (Yoast SEO v27.4) - https:\/\/yoast.com\/product\/yoast-seo-premium-wordpress\/ -->\n<title>Shadow Roz\u00e9 Arany Gy\u00e9m\u00e1nt Med\u00e1l - Brillancy<\/title>\n<meta name=\"description\" content=\"Shadow Roz\u00e9 Arany Gy\u00e9m\u00e1nt Med\u00e1l - shadow roz\u00e9 arany gy\u00e9m\u00e1nt med\u00e1l Modern, eleg\u00e1ns kialak\u00edt\u00e1s\u00fa art deco st\u00edlus\u00fa roz\u00e9 rarany gy\u00e9...\" \/>\n<meta name=\"robots\" content=\"index, follow, max-snippet:-1, max-image-preview:large, max-video-preview:-1\" \/>\n<link rel=\"canonical\" href=\"https:\/\/brillancy.hu\/en\/product\/shadow-roze-arany-gyemant-medal\/\" \/>\n<meta property=\"og:locale\" content=\"en_GB\" \/>\n<meta property=\"og:type\" content=\"article\" \/>\n<meta property=\"og:title\" content=\"Shadow Roz\u00e9 Arany Gy\u00e9m\u00e1nt Med\u00e1l\" \/>\n<meta property=\"og:description\" content=\"Shadow Roz\u00e9 Arany Gy\u00e9m\u00e1nt Med\u00e1l - shadow roz\u00e9 arany gy\u00e9m\u00e1nt med\u00e1l Modern, eleg\u00e1ns kialak\u00edt\u00e1s\u00fa art deco st\u00edlus\u00fa roz\u00e9 rarany gy\u00e9...\" \/>\n<meta property=\"og:url\" content=\"https:\/\/brillancy.hu\/en\/product\/shadow-roze-arany-gyemant-medal\/\" \/>\n<meta property=\"og:site_name\" content=\"Brillancy\" \/>\n<meta property=\"article:modified_time\" content=\"2025-10-17T09:56:14+00:00\" \/>\n<meta property=\"og:image\" content=\"https:\/\/brillancy.hu\/wp-content\/uploads\/2025\/01\/shadow-roze-arany-gyemant-medal.jpg\" \/>\n\t<meta property=\"og:image:width\" content=\"640\" \/>\n\t<meta property=\"og:image:height\" content=\"480\" \/>\n\t<meta property=\"og:image:type\" content=\"image\/jpeg\" \/>\n<meta name=\"twitter:card\" content=\"summary_large_image\" \/>\n<meta name=\"twitter:label1\" content=\"Estimated reading time\" \/>\n\t<meta name=\"twitter:data1\" content=\"2 minutes\" \/>\n<script type=\"application\/ld+json\" class=\"yoast-schema-graph\">{\"@context\":\"https:\\\/\\\/schema.org\",\"@graph\":[{\"@type\":\"WebPage\",\"@id\":\"https:\\\/\\\/brillancy.hu\\\/product\\\/shadow-roze-arany-gyemant-medal\\\/\",\"url\":\"https:\\\/\\\/brillancy.hu\\\/product\\\/shadow-roze-arany-gyemant-medal\\\/\",\"name\":\"Shadow Roz\u00e9 Arany Gy\u00e9m\u00e1nt Med\u00e1l - Brillancy\",\"isPartOf\":{\"@id\":\"https:\\\/\\\/brillancy.hu\\\/#website\"},\"primaryImageOfPage\":{\"@id\":\"https:\\\/\\\/brillancy.hu\\\/product\\\/shadow-roze-arany-gyemant-medal\\\/#primaryimage\"},\"image\":{\"@id\":\"https:\\\/\\\/brillancy.hu\\\/product\\\/shadow-roze-arany-gyemant-medal\\\/#primaryimage\"},\"thumbnailUrl\":\"https:\\\/\\\/brillancy.hu\\\/wp-content\\\/uploads\\\/2025\\\/01\\\/shadow-roze-arany-gyemant-medal.jpg\",\"datePublished\":\"2025-01-31T17:39:04+00:00\",\"dateModified\":\"2025-10-17T09:56:14+00:00\",\"description\":\"Shadow Roz\u00e9 Arany Gy\u00e9m\u00e1nt Med\u00e1l - shadow roz\u00e9 arany gy\u00e9m\u00e1nt med\u00e1l Modern, eleg\u00e1ns kialak\u00edt\u00e1s\u00fa art deco st\u00edlus\u00fa roz\u00e9 rarany gy\u00e9...\",\"breadcrumb\":{\"@id\":\"https:\\\/\\\/brillancy.hu\\\/product\\\/shadow-roze-arany-gyemant-medal\\\/#breadcrumb\"},\"inLanguage\":\"en-GB\",\"potentialAction\":[{\"@type\":\"ReadAction\",\"target\":[\"https:\\\/\\\/brillancy.hu\\\/product\\\/shadow-roze-arany-gyemant-medal\\\/\"]}]},{\"@type\":\"ImageObject\",\"inLanguage\":\"en-GB\",\"@id\":\"https:\\\/\\\/brillancy.hu\\\/product\\\/shadow-roze-arany-gyemant-medal\\\/#primaryimage\",\"url\":\"https:\\\/\\\/brillancy.hu\\\/wp-content\\\/uploads\\\/2025\\\/01\\\/shadow-roze-arany-gyemant-medal.jpg\",\"contentUrl\":\"https:\\\/\\\/brillancy.hu\\\/wp-content\\\/uploads\\\/2025\\\/01\\\/shadow-roze-arany-gyemant-medal.jpg\",\"width\":640,\"height\":480,\"caption\":\"Shadow Roz\u00e9 Arany Gy\u00e9m\u00e1nt Med\u00e1l\"},{\"@type\":\"BreadcrumbList\",\"@id\":\"https:\\\/\\\/brillancy.hu\\\/product\\\/shadow-roze-arany-gyemant-medal\\\/#breadcrumb\",\"itemListElement\":[{\"@type\":\"ListItem\",\"position\":1,\"name\":\"Home\",\"item\":\"https:\\\/\\\/brillancy.hu\\\/\"},{\"@type\":\"ListItem\",\"position\":2,\"name\":\"Term\u00e9kek\",\"item\":\"https:\\\/\\\/brillancy.hu\\\/termekek\\\/\"},{\"@type\":\"ListItem\",\"position\":3,\"name\":\"Shadow Roz\u00e9 Arany Gy\u00e9m\u00e1nt Med\u00e1l\"}]},{\"@type\":\"WebSite\",\"@id\":\"https:\\\/\\\/brillancy.hu\\\/#website\",\"url\":\"https:\\\/\\\/brillancy.hu\\\/\",\"name\":\"Brillancy\",\"description\":\"\",\"potentialAction\":[{\"@type\":\"SearchAction\",\"target\":{\"@type\":\"EntryPoint\",\"urlTemplate\":\"https:\\\/\\\/brillancy.hu\\\/?s={search_term_string}\"},\"query-input\":{\"@type\":\"PropertyValueSpecification\",\"valueRequired\":true,\"valueName\":\"search_term_string\"}}],\"inLanguage\":\"en-GB\"}]}<\/script>\n<!-- \/ Yoast SEO Premium plugin. -->","yoast_head_json":{"title":"Shadow Roz\u00e9 Arany Gy\u00e9m\u00e1nt Med\u00e1l - Brillancy","description":"Shadow Roz\u00e9 Arany Gy\u00e9m\u00e1nt Med\u00e1l - shadow roz\u00e9 arany gy\u00e9m\u00e1nt med\u00e1l Modern, eleg\u00e1ns kialak\u00edt\u00e1s\u00fa art deco st\u00edlus\u00fa roz\u00e9 rarany gy\u00e9...","robots":{"index":"index","follow":"follow","max-snippet":"max-snippet:-1","max-image-preview":"max-image-preview:large","max-video-preview":"max-video-preview:-1"},"canonical":"https:\/\/brillancy.hu\/en\/product\/shadow-roze-arany-gyemant-medal\/","og_locale":"en_GB","og_type":"article","og_title":"Shadow Roz\u00e9 Arany Gy\u00e9m\u00e1nt Med\u00e1l","og_description":"Shadow Roz\u00e9 Arany Gy\u00e9m\u00e1nt Med\u00e1l - shadow roz\u00e9 arany gy\u00e9m\u00e1nt med\u00e1l Modern, eleg\u00e1ns kialak\u00edt\u00e1s\u00fa art deco st\u00edlus\u00fa roz\u00e9 rarany gy\u00e9...","og_url":"https:\/\/brillancy.hu\/en\/product\/shadow-roze-arany-gyemant-medal\/","og_site_name":"Brillancy","article_modified_time":"2025-10-17T09:56:14+00:00","og_image":[{"width":640,"height":480,"url":"https:\/\/brillancy.hu\/wp-content\/uploads\/2025\/01\/shadow-roze-arany-gyemant-medal.jpg","type":"image\/jpeg"}],"twitter_card":"summary_large_image","twitter_misc":{"Estimated reading time":"2 minutes"},"schema":{"@context":"https:\/\/schema.org","@graph":[{"@type":"WebPage","@id":"https:\/\/brillancy.hu\/product\/shadow-roze-arany-gyemant-medal\/","url":"https:\/\/brillancy.hu\/product\/shadow-roze-arany-gyemant-medal\/","name":"Shadow Roz\u00e9 Arany Gy\u00e9m\u00e1nt Med\u00e1l - Brillancy","isPartOf":{"@id":"https:\/\/brillancy.hu\/#website"},"primaryImageOfPage":{"@id":"https:\/\/brillancy.hu\/product\/shadow-roze-arany-gyemant-medal\/#primaryimage"},"image":{"@id":"https:\/\/brillancy.hu\/product\/shadow-roze-arany-gyemant-medal\/#primaryimage"},"thumbnailUrl":"https:\/\/brillancy.hu\/wp-content\/uploads\/2025\/01\/shadow-roze-arany-gyemant-medal.jpg","datePublished":"2025-01-31T17:39:04+00:00","dateModified":"2025-10-17T09:56:14+00:00","description":"Shadow Roz\u00e9 Arany Gy\u00e9m\u00e1nt Med\u00e1l - shadow roz\u00e9 arany gy\u00e9m\u00e1nt med\u00e1l Modern, eleg\u00e1ns kialak\u00edt\u00e1s\u00fa art deco st\u00edlus\u00fa roz\u00e9 rarany gy\u00e9...","breadcrumb":{"@id":"https:\/\/brillancy.hu\/product\/shadow-roze-arany-gyemant-medal\/#breadcrumb"},"inLanguage":"en-GB","potentialAction":[{"@type":"ReadAction","target":["https:\/\/brillancy.hu\/product\/shadow-roze-arany-gyemant-medal\/"]}]},{"@type":"ImageObject","inLanguage":"en-GB","@id":"https:\/\/brillancy.hu\/product\/shadow-roze-arany-gyemant-medal\/#primaryimage","url":"https:\/\/brillancy.hu\/wp-content\/uploads\/2025\/01\/shadow-roze-arany-gyemant-medal.jpg","contentUrl":"https:\/\/brillancy.hu\/wp-content\/uploads\/2025\/01\/shadow-roze-arany-gyemant-medal.jpg","width":640,"height":480,"caption":"Shadow Roz\u00e9 Arany Gy\u00e9m\u00e1nt Med\u00e1l"},{"@type":"BreadcrumbList","@id":"https:\/\/brillancy.hu\/product\/shadow-roze-arany-gyemant-medal\/#breadcrumb","itemListElement":[{"@type":"ListItem","position":1,"name":"Home","item":"https:\/\/brillancy.hu\/"},{"@type":"ListItem","position":2,"name":"Term\u00e9kek","item":"https:\/\/brillancy.hu\/termekek\/"},{"@type":"ListItem","position":3,"name":"Shadow Roz\u00e9 Arany Gy\u00e9m\u00e1nt Med\u00e1l"}]},{"@type":"WebSite","@id":"https:\/\/brillancy.hu\/#website","url":"https:\/\/brillancy.hu\/","name":"Brillancy","description":"","potentialAction":[{"@type":"SearchAction","target":{"@type":"EntryPoint","urlTemplate":"https:\/\/brillancy.hu\/?s={search_term_string}"},"query-input":{"@type":"PropertyValueSpecification","valueRequired":true,"valueName":"search_term_string"}}],"inLanguage":"en-GB"}]}},"_links":{"self":[{"href":"https:\/\/brillancy.hu\/en\/wp-json\/wp\/v2\/product\/8349","targetHints":{"allow":["GET"]}}],"collection":[{"href":"https:\/\/brillancy.hu\/en\/wp-json\/wp\/v2\/product"}],"about":[{"href":"https:\/\/brillancy.hu\/en\/wp-json\/wp\/v2\/types\/product"}],"replies":[{"embeddable":true,"href":"https:\/\/brillancy.hu\/en\/wp-json\/wp\/v2\/comments?post=8349"}],"wp:featuredmedia":[{"embeddable":true,"href":"https:\/\/brillancy.hu\/en\/wp-json\/wp\/v2\/media\/8408"}],"wp:attachment":[{"href":"https:\/\/brillancy.hu\/en\/wp-json\/wp\/v2\/media?parent=8349"}],"wp:term":[{"taxonomy":"product_brand","embeddable":true,"href":"https:\/\/brillancy.hu\/en\/wp-json\/wp\/v2\/product_brand?post=8349"},{"taxonomy":"product_cat","embeddable":true,"href":"https:\/\/brillancy.hu\/en\/wp-json\/wp\/v2\/product_cat?post=8349"},{"taxonomy":"product_tag","embeddable":true,"href":"https:\/\/brillancy.hu\/en\/wp-json\/wp\/v2\/product_tag?post=8349"}],"curies":[{"name":"wp","href":"https:\/\/api.w.org\/{rel}","templated":true}]}}