{"id":8340,"date":"2025-01-31T18:39:03","date_gmt":"2025-01-31T17:39:03","guid":{"rendered":"https:\/\/brillancy.hu\/?post_type=product&#038;p=8340"},"modified":"2025-10-17T10:56:14","modified_gmt":"2025-10-17T09:56:14","slug":"lucky-roze-arany-gyemant-medal","status":"publish","type":"product","link":"https:\/\/brillancy.hu\/en\/product\/lucky-roze-arany-gyemant-medal\/","title":{"rendered":"Lucky Rose Gold Diamond Pendant"},"content":{"rendered":"<p><strong>lucky rose gold diamond pendant<\/strong><\/p>\n<p>Charming rose gold diamond pendant. Impressive, character, flower-shaped jewelry is a miracle. Sparkling diamond and gold great combination. Just wear either every day or special occasions. The pendant in a round brilliant cut G VS1 pure natural diamonds can be found. The diamond pendant is simply can be ordered in our webshop, or you personally in our store. The pendant with gift box optional<\/p>\n<ul>\n<li>Material: 14 carat gold<\/li>\n<li>Fineness: 585 thousandth<\/li>\n<li>Gemstone: natural diamonds<\/li>\n<li>Eternal life guarantee: material errors and gems<\/li>\n<\/ul>\n<p>If any other colors, or other stone you pictured your jewelry, let us know, and we will implement it! brillancyekszer@gmail.com<br \/>\nThe average preparation time is 15-25 working days. The medallion gift box optional.<br \/>\nPay broken with gold! Damaged, old, or never used gold hiding at home in the cupboards? Bring it in to us and get a discount, trade-in you, the selected ring price.<br \/>\nLike the jewelry, but other gems did you imagine it? It&#039;s not a problem. We like to give you an offer to the expected ideas. Find us with confidence!<\/p>","protected":false},"excerpt":{"rendered":"<p>Lucky Rose Gold Diamond Pendant<\/p>\n<p>Charming rose gold diamond pendant. Impressive, character, flower-shaped jewelry is a miracle. Sparkling diamond and gold great combination. Just wear either every day or special occasions.<\/p>","protected":false},"featured_media":10737,"comment_status":"closed","ping_status":"closed","template":"","meta":[],"product_brand":[],"product_cat":[69,21,67],"product_tag":[],"class_list":{"0":"post-8340","1":"product","2":"type-product","3":"status-publish","4":"has-post-thumbnail","6":"product_cat-dragakoves-ekszerek","7":"product_cat-ekszerek","8":"product_cat-medalok","10":"first","11":"instock","12":"purchasable","13":"product-type-simple"},"yoast_head":"<!-- This site is optimized with the Yoast SEO Premium plugin v27.0 (Yoast SEO v27.4) - https:\/\/yoast.com\/product\/yoast-seo-premium-wordpress\/ -->\n<title>Lucky Roz\u00e9 Arany Gy\u00e9m\u00e1nt Med\u00e1l - Brillancy<\/title>\n<meta name=\"description\" content=\"Lucky Roz\u00e9 Arany Gy\u00e9m\u00e1nt Med\u00e1l. Elragad\u00f3 roz\u00e9 arany gy\u00e9m\u00e1nt med\u00e1l. Impoz\u00e1ns, karakteres \u00e9kszercsoda. T\u00fcnd\u00f6kl\u0151 gy\u00e9m\u00e1nt, \u00e9s az arany pomp\u00e1s kombin\u00e1ci\u00f3ja\" \/>\n<meta name=\"robots\" content=\"index, follow, max-snippet:-1, max-image-preview:large, max-video-preview:-1\" \/>\n<link rel=\"canonical\" href=\"https:\/\/brillancy.hu\/en\/product\/lucky-roze-arany-gyemant-medal\/\" \/>\n<meta property=\"og:locale\" content=\"en_GB\" \/>\n<meta property=\"og:type\" content=\"article\" \/>\n<meta property=\"og:title\" content=\"Lucky Roz\u00e9 Arany Gy\u00e9m\u00e1nt Med\u00e1l\" \/>\n<meta property=\"og:description\" content=\"Lucky Roz\u00e9 Arany Gy\u00e9m\u00e1nt Med\u00e1l. Elragad\u00f3 roz\u00e9 arany gy\u00e9m\u00e1nt med\u00e1l. Impoz\u00e1ns, karakteres \u00e9kszercsoda. T\u00fcnd\u00f6kl\u0151 gy\u00e9m\u00e1nt, \u00e9s az arany pomp\u00e1s kombin\u00e1ci\u00f3ja\" \/>\n<meta property=\"og:url\" content=\"https:\/\/brillancy.hu\/en\/product\/lucky-roze-arany-gyemant-medal\/\" \/>\n<meta property=\"og:site_name\" content=\"Brillancy\" \/>\n<meta property=\"article:modified_time\" content=\"2025-10-17T09:56:14+00:00\" \/>\n<meta property=\"og:image\" content=\"https:\/\/brillancy.hu\/wp-content\/uploads\/2025\/06\/20250619_1136_Elegant-Diamond-Pendant_remix_01jy3rmnd5fjh9yj2pae8b5443-683x1024.png\" \/>\n\t<meta property=\"og:image:width\" content=\"683\" \/>\n\t<meta property=\"og:image:height\" content=\"1024\" \/>\n\t<meta property=\"og:image:type\" content=\"image\/png\" \/>\n<meta name=\"twitter:card\" content=\"summary_large_image\" \/>\n<meta name=\"twitter:label1\" content=\"Estimated reading time\" \/>\n\t<meta name=\"twitter:data1\" content=\"2 minutes\" \/>\n<script type=\"application\/ld+json\" class=\"yoast-schema-graph\">{\"@context\":\"https:\\\/\\\/schema.org\",\"@graph\":[{\"@type\":\"WebPage\",\"@id\":\"https:\\\/\\\/brillancy.hu\\\/product\\\/lucky-roze-arany-gyemant-medal\\\/\",\"url\":\"https:\\\/\\\/brillancy.hu\\\/product\\\/lucky-roze-arany-gyemant-medal\\\/\",\"name\":\"Lucky Roz\u00e9 Arany Gy\u00e9m\u00e1nt Med\u00e1l - Brillancy\",\"isPartOf\":{\"@id\":\"https:\\\/\\\/brillancy.hu\\\/#website\"},\"primaryImageOfPage\":{\"@id\":\"https:\\\/\\\/brillancy.hu\\\/product\\\/lucky-roze-arany-gyemant-medal\\\/#primaryimage\"},\"image\":{\"@id\":\"https:\\\/\\\/brillancy.hu\\\/product\\\/lucky-roze-arany-gyemant-medal\\\/#primaryimage\"},\"thumbnailUrl\":\"https:\\\/\\\/brillancy.hu\\\/wp-content\\\/uploads\\\/2025\\\/06\\\/20250619_1136_Elegant-Diamond-Pendant_remix_01jy3rmnd5fjh9yj2pae8b5443.png\",\"datePublished\":\"2025-01-31T17:39:03+00:00\",\"dateModified\":\"2025-10-17T09:56:14+00:00\",\"description\":\"Lucky Roz\u00e9 Arany Gy\u00e9m\u00e1nt Med\u00e1l. Elragad\u00f3 roz\u00e9 arany gy\u00e9m\u00e1nt med\u00e1l. Impoz\u00e1ns, karakteres \u00e9kszercsoda. T\u00fcnd\u00f6kl\u0151 gy\u00e9m\u00e1nt, \u00e9s az arany pomp\u00e1s kombin\u00e1ci\u00f3ja\",\"breadcrumb\":{\"@id\":\"https:\\\/\\\/brillancy.hu\\\/product\\\/lucky-roze-arany-gyemant-medal\\\/#breadcrumb\"},\"inLanguage\":\"en-GB\",\"potentialAction\":[{\"@type\":\"ReadAction\",\"target\":[\"https:\\\/\\\/brillancy.hu\\\/product\\\/lucky-roze-arany-gyemant-medal\\\/\"]}]},{\"@type\":\"ImageObject\",\"inLanguage\":\"en-GB\",\"@id\":\"https:\\\/\\\/brillancy.hu\\\/product\\\/lucky-roze-arany-gyemant-medal\\\/#primaryimage\",\"url\":\"https:\\\/\\\/brillancy.hu\\\/wp-content\\\/uploads\\\/2025\\\/06\\\/20250619_1136_Elegant-Diamond-Pendant_remix_01jy3rmnd5fjh9yj2pae8b5443.png\",\"contentUrl\":\"https:\\\/\\\/brillancy.hu\\\/wp-content\\\/uploads\\\/2025\\\/06\\\/20250619_1136_Elegant-Diamond-Pendant_remix_01jy3rmnd5fjh9yj2pae8b5443.png\",\"width\":1024,\"height\":1536,\"caption\":\"Lucky Roz\u00e9 Arany Gy\u00e9m\u00e1nt Med\u00e1l\"},{\"@type\":\"BreadcrumbList\",\"@id\":\"https:\\\/\\\/brillancy.hu\\\/product\\\/lucky-roze-arany-gyemant-medal\\\/#breadcrumb\",\"itemListElement\":[{\"@type\":\"ListItem\",\"position\":1,\"name\":\"Home\",\"item\":\"https:\\\/\\\/brillancy.hu\\\/\"},{\"@type\":\"ListItem\",\"position\":2,\"name\":\"Term\u00e9kek\",\"item\":\"https:\\\/\\\/brillancy.hu\\\/termekek\\\/\"},{\"@type\":\"ListItem\",\"position\":3,\"name\":\"Lucky Roz\u00e9 Arany Gy\u00e9m\u00e1nt Med\u00e1l\"}]},{\"@type\":\"WebSite\",\"@id\":\"https:\\\/\\\/brillancy.hu\\\/#website\",\"url\":\"https:\\\/\\\/brillancy.hu\\\/\",\"name\":\"Brillancy\",\"description\":\"\",\"potentialAction\":[{\"@type\":\"SearchAction\",\"target\":{\"@type\":\"EntryPoint\",\"urlTemplate\":\"https:\\\/\\\/brillancy.hu\\\/?s={search_term_string}\"},\"query-input\":{\"@type\":\"PropertyValueSpecification\",\"valueRequired\":true,\"valueName\":\"search_term_string\"}}],\"inLanguage\":\"en-GB\"}]}<\/script>\n<!-- \/ Yoast SEO Premium plugin. -->","yoast_head_json":{"title":"Lucky Roz\u00e9 Arany Gy\u00e9m\u00e1nt Med\u00e1l - Brillancy","description":"Lucky Roz\u00e9 Arany Gy\u00e9m\u00e1nt Med\u00e1l. Elragad\u00f3 roz\u00e9 arany gy\u00e9m\u00e1nt med\u00e1l. Impoz\u00e1ns, karakteres \u00e9kszercsoda. T\u00fcnd\u00f6kl\u0151 gy\u00e9m\u00e1nt, \u00e9s az arany pomp\u00e1s kombin\u00e1ci\u00f3ja","robots":{"index":"index","follow":"follow","max-snippet":"max-snippet:-1","max-image-preview":"max-image-preview:large","max-video-preview":"max-video-preview:-1"},"canonical":"https:\/\/brillancy.hu\/en\/product\/lucky-roze-arany-gyemant-medal\/","og_locale":"en_GB","og_type":"article","og_title":"Lucky Roz\u00e9 Arany Gy\u00e9m\u00e1nt Med\u00e1l","og_description":"Lucky Roz\u00e9 Arany Gy\u00e9m\u00e1nt Med\u00e1l. Elragad\u00f3 roz\u00e9 arany gy\u00e9m\u00e1nt med\u00e1l. Impoz\u00e1ns, karakteres \u00e9kszercsoda. T\u00fcnd\u00f6kl\u0151 gy\u00e9m\u00e1nt, \u00e9s az arany pomp\u00e1s kombin\u00e1ci\u00f3ja","og_url":"https:\/\/brillancy.hu\/en\/product\/lucky-roze-arany-gyemant-medal\/","og_site_name":"Brillancy","article_modified_time":"2025-10-17T09:56:14+00:00","og_image":[{"width":683,"height":1024,"url":"https:\/\/brillancy.hu\/wp-content\/uploads\/2025\/06\/20250619_1136_Elegant-Diamond-Pendant_remix_01jy3rmnd5fjh9yj2pae8b5443-683x1024.png","type":"image\/png"}],"twitter_card":"summary_large_image","twitter_misc":{"Estimated reading time":"2 minutes"},"schema":{"@context":"https:\/\/schema.org","@graph":[{"@type":"WebPage","@id":"https:\/\/brillancy.hu\/product\/lucky-roze-arany-gyemant-medal\/","url":"https:\/\/brillancy.hu\/product\/lucky-roze-arany-gyemant-medal\/","name":"Lucky Roz\u00e9 Arany Gy\u00e9m\u00e1nt Med\u00e1l - Brillancy","isPartOf":{"@id":"https:\/\/brillancy.hu\/#website"},"primaryImageOfPage":{"@id":"https:\/\/brillancy.hu\/product\/lucky-roze-arany-gyemant-medal\/#primaryimage"},"image":{"@id":"https:\/\/brillancy.hu\/product\/lucky-roze-arany-gyemant-medal\/#primaryimage"},"thumbnailUrl":"https:\/\/brillancy.hu\/wp-content\/uploads\/2025\/06\/20250619_1136_Elegant-Diamond-Pendant_remix_01jy3rmnd5fjh9yj2pae8b5443.png","datePublished":"2025-01-31T17:39:03+00:00","dateModified":"2025-10-17T09:56:14+00:00","description":"Lucky Roz\u00e9 Arany Gy\u00e9m\u00e1nt Med\u00e1l. Elragad\u00f3 roz\u00e9 arany gy\u00e9m\u00e1nt med\u00e1l. Impoz\u00e1ns, karakteres \u00e9kszercsoda. T\u00fcnd\u00f6kl\u0151 gy\u00e9m\u00e1nt, \u00e9s az arany pomp\u00e1s kombin\u00e1ci\u00f3ja","breadcrumb":{"@id":"https:\/\/brillancy.hu\/product\/lucky-roze-arany-gyemant-medal\/#breadcrumb"},"inLanguage":"en-GB","potentialAction":[{"@type":"ReadAction","target":["https:\/\/brillancy.hu\/product\/lucky-roze-arany-gyemant-medal\/"]}]},{"@type":"ImageObject","inLanguage":"en-GB","@id":"https:\/\/brillancy.hu\/product\/lucky-roze-arany-gyemant-medal\/#primaryimage","url":"https:\/\/brillancy.hu\/wp-content\/uploads\/2025\/06\/20250619_1136_Elegant-Diamond-Pendant_remix_01jy3rmnd5fjh9yj2pae8b5443.png","contentUrl":"https:\/\/brillancy.hu\/wp-content\/uploads\/2025\/06\/20250619_1136_Elegant-Diamond-Pendant_remix_01jy3rmnd5fjh9yj2pae8b5443.png","width":1024,"height":1536,"caption":"Lucky Roz\u00e9 Arany Gy\u00e9m\u00e1nt Med\u00e1l"},{"@type":"BreadcrumbList","@id":"https:\/\/brillancy.hu\/product\/lucky-roze-arany-gyemant-medal\/#breadcrumb","itemListElement":[{"@type":"ListItem","position":1,"name":"Home","item":"https:\/\/brillancy.hu\/"},{"@type":"ListItem","position":2,"name":"Term\u00e9kek","item":"https:\/\/brillancy.hu\/termekek\/"},{"@type":"ListItem","position":3,"name":"Lucky Roz\u00e9 Arany Gy\u00e9m\u00e1nt Med\u00e1l"}]},{"@type":"WebSite","@id":"https:\/\/brillancy.hu\/#website","url":"https:\/\/brillancy.hu\/","name":"Brillancy","description":"","potentialAction":[{"@type":"SearchAction","target":{"@type":"EntryPoint","urlTemplate":"https:\/\/brillancy.hu\/?s={search_term_string}"},"query-input":{"@type":"PropertyValueSpecification","valueRequired":true,"valueName":"search_term_string"}}],"inLanguage":"en-GB"}]}},"_links":{"self":[{"href":"https:\/\/brillancy.hu\/en\/wp-json\/wp\/v2\/product\/8340","targetHints":{"allow":["GET"]}}],"collection":[{"href":"https:\/\/brillancy.hu\/en\/wp-json\/wp\/v2\/product"}],"about":[{"href":"https:\/\/brillancy.hu\/en\/wp-json\/wp\/v2\/types\/product"}],"replies":[{"embeddable":true,"href":"https:\/\/brillancy.hu\/en\/wp-json\/wp\/v2\/comments?post=8340"}],"wp:featuredmedia":[{"embeddable":true,"href":"https:\/\/brillancy.hu\/en\/wp-json\/wp\/v2\/media\/10737"}],"wp:attachment":[{"href":"https:\/\/brillancy.hu\/en\/wp-json\/wp\/v2\/media?parent=8340"}],"wp:term":[{"taxonomy":"product_brand","embeddable":true,"href":"https:\/\/brillancy.hu\/en\/wp-json\/wp\/v2\/product_brand?post=8340"},{"taxonomy":"product_cat","embeddable":true,"href":"https:\/\/brillancy.hu\/en\/wp-json\/wp\/v2\/product_cat?post=8340"},{"taxonomy":"product_tag","embeddable":true,"href":"https:\/\/brillancy.hu\/en\/wp-json\/wp\/v2\/product_tag?post=8340"}],"curies":[{"name":"wp","href":"https:\/\/api.w.org\/{rel}","templated":true}]}}