{"id":8337,"date":"2025-01-31T18:39:03","date_gmt":"2025-01-31T17:39:03","guid":{"rendered":"https:\/\/brillancy.hu\/?post_type=product&#038;p=8337"},"modified":"2025-10-17T10:56:14","modified_gmt":"2025-10-17T09:56:14","slug":"nairobi-roze-arany-gyemant-medal-topazzal","status":"publish","type":"product","link":"https:\/\/brillancy.hu\/en\/product\/nairobi-roze-arany-gyemant-medal-topazzal\/","title":{"rendered":"Nairobi Ros\u00e9 Gold Diamond Pendant Topaz With"},"content":{"rendered":"<p><strong>nairobi ros\u00e9 gold topaz pendant<\/strong><\/p>\n<p>Elegant appearance topaz diamond pendant. The diamond, the rose gold and the topaz band harmony. Lightness, elegance characteristics of this fantastic topaz and decorated with diamond pendant. Just wear this daring, cool pieces like jeans or kosztumh\u00f6z. The pendant in a round brilliant cut natural diamond and two pieces of custom cut topaz. The gems own gems manufactory in sand, so each piece is unique and of the highest quality reflecting. The diamond pendant is simply can be ordered in our webshop, or you personally in our store. The pendant with gift box optional.<br \/>\nAll \u00e9kszer\u00fcnkh\u00f6z quality certificate is provided, as well as certificate, which guarantee the gemstones and the jewelry quality.<\/p>\n<ul>\n<li>Material: 14 karat white gold<\/li>\n<li>Fineness: 585 thousandth<\/li>\n<li>Gemstone: natural diamond, topaz<\/li>\n<li>Eternal life guarantee: material errors and gems<\/li>\n<\/ul>\n<p>If any other colors, or other stone you pictured your jewelry, let us know, and we will implement it! brillancyekszer@gmail.com<br \/>\nThe average preparation time is 15-25 working days. The medallion gift box optional.<br \/>\nPay broken with gold! Damaged, old, or never used gold hiding at home in the cupboards? Bring it in to us and get a discount, trade-in you, the selected ring price.<br \/>\nLike the jewelry, but other gems did you imagine it? It&#039;s not a problem. We like to give you an offer to the expected ideas. Find us with confidence!<\/p>","protected":false},"excerpt":{"rendered":"<p><strong>nairobi ros\u00e9 gold topaz pendant<\/strong><\/p>\n<p>Elegant appearance topaz diamond pendant. The diamond, the rose gold and the topaz band harmony. Lightness, elegance characteristics of this fantastic topaz and decorated with diamond pendant.<\/p>","protected":false},"featured_media":8396,"comment_status":"closed","ping_status":"closed","template":"","meta":[],"product_brand":[],"product_cat":[69,21,67],"product_tag":[],"class_list":{"0":"post-8337","1":"product","2":"type-product","3":"status-publish","4":"has-post-thumbnail","6":"product_cat-dragakoves-ekszerek","7":"product_cat-ekszerek","8":"product_cat-medalok","10":"first","11":"instock","12":"purchasable","13":"product-type-simple"},"yoast_head":"<!-- This site is optimized with the Yoast SEO Premium plugin v27.0 (Yoast SEO v27.4) - https:\/\/yoast.com\/product\/yoast-seo-premium-wordpress\/ -->\n<title>Nairobi Roz\u00e9 Arany Gy\u00e9m\u00e1nt Med\u00e1l Top\u00e1zzal - Brillancy<\/title>\n<meta name=\"description\" content=\"Nairobi Roz\u00e9 Arany Gy\u00e9m\u00e1nt Med\u00e1l Top\u00e1zzal - Eleg\u00e1ns megjelen\u00e9s\u0171 top\u00e1z, gy\u00e9m\u00e1nt med\u00e1l. A gy\u00e9m\u00e1nt, a roz\u00e9 arany \u00e9s a top\u00e1z egy\u00fcttes harm\u00f3ni\u00e1ja.\" \/>\n<meta name=\"robots\" content=\"index, follow, max-snippet:-1, max-image-preview:large, max-video-preview:-1\" \/>\n<link rel=\"canonical\" href=\"https:\/\/brillancy.hu\/en\/product\/nairobi-roze-arany-gyemant-medal-topazzal\/\" \/>\n<meta property=\"og:locale\" content=\"en_GB\" \/>\n<meta property=\"og:type\" content=\"article\" \/>\n<meta property=\"og:title\" content=\"Nairobi Roz\u00e9 Arany Gy\u00e9m\u00e1nt Med\u00e1l Top\u00e1zzal\" \/>\n<meta property=\"og:description\" content=\"Nairobi Roz\u00e9 Arany Gy\u00e9m\u00e1nt Med\u00e1l Top\u00e1zzal - Eleg\u00e1ns megjelen\u00e9s\u0171 top\u00e1z, gy\u00e9m\u00e1nt med\u00e1l. A gy\u00e9m\u00e1nt, a roz\u00e9 arany \u00e9s a top\u00e1z egy\u00fcttes harm\u00f3ni\u00e1ja.\" \/>\n<meta property=\"og:url\" content=\"https:\/\/brillancy.hu\/en\/product\/nairobi-roze-arany-gyemant-medal-topazzal\/\" \/>\n<meta property=\"og:site_name\" content=\"Brillancy\" \/>\n<meta property=\"article:modified_time\" content=\"2025-10-17T09:56:14+00:00\" \/>\n<meta property=\"og:image\" content=\"https:\/\/brillancy.hu\/wp-content\/uploads\/2025\/01\/nairobi-roze-arany-gyemant-medal-topazzal.jpg\" \/>\n\t<meta property=\"og:image:width\" content=\"640\" \/>\n\t<meta property=\"og:image:height\" content=\"480\" \/>\n\t<meta property=\"og:image:type\" content=\"image\/jpeg\" \/>\n<meta name=\"twitter:card\" content=\"summary_large_image\" \/>\n<meta name=\"twitter:label1\" content=\"Estimated reading time\" \/>\n\t<meta name=\"twitter:data1\" content=\"2 minutes\" \/>\n<script type=\"application\/ld+json\" class=\"yoast-schema-graph\">{\"@context\":\"https:\\\/\\\/schema.org\",\"@graph\":[{\"@type\":\"WebPage\",\"@id\":\"https:\\\/\\\/brillancy.hu\\\/product\\\/nairobi-roze-arany-gyemant-medal-topazzal\\\/\",\"url\":\"https:\\\/\\\/brillancy.hu\\\/product\\\/nairobi-roze-arany-gyemant-medal-topazzal\\\/\",\"name\":\"Nairobi Roz\u00e9 Arany Gy\u00e9m\u00e1nt Med\u00e1l Top\u00e1zzal - Brillancy\",\"isPartOf\":{\"@id\":\"https:\\\/\\\/brillancy.hu\\\/#website\"},\"primaryImageOfPage\":{\"@id\":\"https:\\\/\\\/brillancy.hu\\\/product\\\/nairobi-roze-arany-gyemant-medal-topazzal\\\/#primaryimage\"},\"image\":{\"@id\":\"https:\\\/\\\/brillancy.hu\\\/product\\\/nairobi-roze-arany-gyemant-medal-topazzal\\\/#primaryimage\"},\"thumbnailUrl\":\"https:\\\/\\\/brillancy.hu\\\/wp-content\\\/uploads\\\/2025\\\/01\\\/nairobi-roze-arany-gyemant-medal-topazzal.jpg\",\"datePublished\":\"2025-01-31T17:39:03+00:00\",\"dateModified\":\"2025-10-17T09:56:14+00:00\",\"description\":\"Nairobi Roz\u00e9 Arany Gy\u00e9m\u00e1nt Med\u00e1l Top\u00e1zzal - Eleg\u00e1ns megjelen\u00e9s\u0171 top\u00e1z, gy\u00e9m\u00e1nt med\u00e1l. A gy\u00e9m\u00e1nt, a roz\u00e9 arany \u00e9s a top\u00e1z egy\u00fcttes harm\u00f3ni\u00e1ja.\",\"breadcrumb\":{\"@id\":\"https:\\\/\\\/brillancy.hu\\\/product\\\/nairobi-roze-arany-gyemant-medal-topazzal\\\/#breadcrumb\"},\"inLanguage\":\"en-GB\",\"potentialAction\":[{\"@type\":\"ReadAction\",\"target\":[\"https:\\\/\\\/brillancy.hu\\\/product\\\/nairobi-roze-arany-gyemant-medal-topazzal\\\/\"]}]},{\"@type\":\"ImageObject\",\"inLanguage\":\"en-GB\",\"@id\":\"https:\\\/\\\/brillancy.hu\\\/product\\\/nairobi-roze-arany-gyemant-medal-topazzal\\\/#primaryimage\",\"url\":\"https:\\\/\\\/brillancy.hu\\\/wp-content\\\/uploads\\\/2025\\\/01\\\/nairobi-roze-arany-gyemant-medal-topazzal.jpg\",\"contentUrl\":\"https:\\\/\\\/brillancy.hu\\\/wp-content\\\/uploads\\\/2025\\\/01\\\/nairobi-roze-arany-gyemant-medal-topazzal.jpg\",\"width\":640,\"height\":480,\"caption\":\"Nairobi Roz\u00e9 Arany Gy\u00e9m\u00e1nt Med\u00e1l Top\u00e1zzal\"},{\"@type\":\"BreadcrumbList\",\"@id\":\"https:\\\/\\\/brillancy.hu\\\/product\\\/nairobi-roze-arany-gyemant-medal-topazzal\\\/#breadcrumb\",\"itemListElement\":[{\"@type\":\"ListItem\",\"position\":1,\"name\":\"Home\",\"item\":\"https:\\\/\\\/brillancy.hu\\\/\"},{\"@type\":\"ListItem\",\"position\":2,\"name\":\"Term\u00e9kek\",\"item\":\"https:\\\/\\\/brillancy.hu\\\/termekek\\\/\"},{\"@type\":\"ListItem\",\"position\":3,\"name\":\"Nairobi Roz\u00e9 Arany Gy\u00e9m\u00e1nt Med\u00e1l Top\u00e1zzal\"}]},{\"@type\":\"WebSite\",\"@id\":\"https:\\\/\\\/brillancy.hu\\\/#website\",\"url\":\"https:\\\/\\\/brillancy.hu\\\/\",\"name\":\"Brillancy\",\"description\":\"\",\"potentialAction\":[{\"@type\":\"SearchAction\",\"target\":{\"@type\":\"EntryPoint\",\"urlTemplate\":\"https:\\\/\\\/brillancy.hu\\\/?s={search_term_string}\"},\"query-input\":{\"@type\":\"PropertyValueSpecification\",\"valueRequired\":true,\"valueName\":\"search_term_string\"}}],\"inLanguage\":\"en-GB\"}]}<\/script>\n<!-- \/ Yoast SEO Premium plugin. -->","yoast_head_json":{"title":"Nairobi Roz\u00e9 Arany Gy\u00e9m\u00e1nt Med\u00e1l Top\u00e1zzal - Brillancy","description":"Nairobi Roz\u00e9 Arany Gy\u00e9m\u00e1nt Med\u00e1l Top\u00e1zzal - Eleg\u00e1ns megjelen\u00e9s\u0171 top\u00e1z, gy\u00e9m\u00e1nt med\u00e1l. A gy\u00e9m\u00e1nt, a roz\u00e9 arany \u00e9s a top\u00e1z egy\u00fcttes harm\u00f3ni\u00e1ja.","robots":{"index":"index","follow":"follow","max-snippet":"max-snippet:-1","max-image-preview":"max-image-preview:large","max-video-preview":"max-video-preview:-1"},"canonical":"https:\/\/brillancy.hu\/en\/product\/nairobi-roze-arany-gyemant-medal-topazzal\/","og_locale":"en_GB","og_type":"article","og_title":"Nairobi Roz\u00e9 Arany Gy\u00e9m\u00e1nt Med\u00e1l Top\u00e1zzal","og_description":"Nairobi Roz\u00e9 Arany Gy\u00e9m\u00e1nt Med\u00e1l Top\u00e1zzal - Eleg\u00e1ns megjelen\u00e9s\u0171 top\u00e1z, gy\u00e9m\u00e1nt med\u00e1l. A gy\u00e9m\u00e1nt, a roz\u00e9 arany \u00e9s a top\u00e1z egy\u00fcttes harm\u00f3ni\u00e1ja.","og_url":"https:\/\/brillancy.hu\/en\/product\/nairobi-roze-arany-gyemant-medal-topazzal\/","og_site_name":"Brillancy","article_modified_time":"2025-10-17T09:56:14+00:00","og_image":[{"width":640,"height":480,"url":"https:\/\/brillancy.hu\/wp-content\/uploads\/2025\/01\/nairobi-roze-arany-gyemant-medal-topazzal.jpg","type":"image\/jpeg"}],"twitter_card":"summary_large_image","twitter_misc":{"Estimated reading time":"2 minutes"},"schema":{"@context":"https:\/\/schema.org","@graph":[{"@type":"WebPage","@id":"https:\/\/brillancy.hu\/product\/nairobi-roze-arany-gyemant-medal-topazzal\/","url":"https:\/\/brillancy.hu\/product\/nairobi-roze-arany-gyemant-medal-topazzal\/","name":"Nairobi Roz\u00e9 Arany Gy\u00e9m\u00e1nt Med\u00e1l Top\u00e1zzal - Brillancy","isPartOf":{"@id":"https:\/\/brillancy.hu\/#website"},"primaryImageOfPage":{"@id":"https:\/\/brillancy.hu\/product\/nairobi-roze-arany-gyemant-medal-topazzal\/#primaryimage"},"image":{"@id":"https:\/\/brillancy.hu\/product\/nairobi-roze-arany-gyemant-medal-topazzal\/#primaryimage"},"thumbnailUrl":"https:\/\/brillancy.hu\/wp-content\/uploads\/2025\/01\/nairobi-roze-arany-gyemant-medal-topazzal.jpg","datePublished":"2025-01-31T17:39:03+00:00","dateModified":"2025-10-17T09:56:14+00:00","description":"Nairobi Roz\u00e9 Arany Gy\u00e9m\u00e1nt Med\u00e1l Top\u00e1zzal - Eleg\u00e1ns megjelen\u00e9s\u0171 top\u00e1z, gy\u00e9m\u00e1nt med\u00e1l. A gy\u00e9m\u00e1nt, a roz\u00e9 arany \u00e9s a top\u00e1z egy\u00fcttes harm\u00f3ni\u00e1ja.","breadcrumb":{"@id":"https:\/\/brillancy.hu\/product\/nairobi-roze-arany-gyemant-medal-topazzal\/#breadcrumb"},"inLanguage":"en-GB","potentialAction":[{"@type":"ReadAction","target":["https:\/\/brillancy.hu\/product\/nairobi-roze-arany-gyemant-medal-topazzal\/"]}]},{"@type":"ImageObject","inLanguage":"en-GB","@id":"https:\/\/brillancy.hu\/product\/nairobi-roze-arany-gyemant-medal-topazzal\/#primaryimage","url":"https:\/\/brillancy.hu\/wp-content\/uploads\/2025\/01\/nairobi-roze-arany-gyemant-medal-topazzal.jpg","contentUrl":"https:\/\/brillancy.hu\/wp-content\/uploads\/2025\/01\/nairobi-roze-arany-gyemant-medal-topazzal.jpg","width":640,"height":480,"caption":"Nairobi Roz\u00e9 Arany Gy\u00e9m\u00e1nt Med\u00e1l Top\u00e1zzal"},{"@type":"BreadcrumbList","@id":"https:\/\/brillancy.hu\/product\/nairobi-roze-arany-gyemant-medal-topazzal\/#breadcrumb","itemListElement":[{"@type":"ListItem","position":1,"name":"Home","item":"https:\/\/brillancy.hu\/"},{"@type":"ListItem","position":2,"name":"Term\u00e9kek","item":"https:\/\/brillancy.hu\/termekek\/"},{"@type":"ListItem","position":3,"name":"Nairobi Roz\u00e9 Arany Gy\u00e9m\u00e1nt Med\u00e1l Top\u00e1zzal"}]},{"@type":"WebSite","@id":"https:\/\/brillancy.hu\/#website","url":"https:\/\/brillancy.hu\/","name":"Brillancy","description":"","potentialAction":[{"@type":"SearchAction","target":{"@type":"EntryPoint","urlTemplate":"https:\/\/brillancy.hu\/?s={search_term_string}"},"query-input":{"@type":"PropertyValueSpecification","valueRequired":true,"valueName":"search_term_string"}}],"inLanguage":"en-GB"}]}},"_links":{"self":[{"href":"https:\/\/brillancy.hu\/en\/wp-json\/wp\/v2\/product\/8337","targetHints":{"allow":["GET"]}}],"collection":[{"href":"https:\/\/brillancy.hu\/en\/wp-json\/wp\/v2\/product"}],"about":[{"href":"https:\/\/brillancy.hu\/en\/wp-json\/wp\/v2\/types\/product"}],"replies":[{"embeddable":true,"href":"https:\/\/brillancy.hu\/en\/wp-json\/wp\/v2\/comments?post=8337"}],"wp:featuredmedia":[{"embeddable":true,"href":"https:\/\/brillancy.hu\/en\/wp-json\/wp\/v2\/media\/8396"}],"wp:attachment":[{"href":"https:\/\/brillancy.hu\/en\/wp-json\/wp\/v2\/media?parent=8337"}],"wp:term":[{"taxonomy":"product_brand","embeddable":true,"href":"https:\/\/brillancy.hu\/en\/wp-json\/wp\/v2\/product_brand?post=8337"},{"taxonomy":"product_cat","embeddable":true,"href":"https:\/\/brillancy.hu\/en\/wp-json\/wp\/v2\/product_cat?post=8337"},{"taxonomy":"product_tag","embeddable":true,"href":"https:\/\/brillancy.hu\/en\/wp-json\/wp\/v2\/product_tag?post=8337"}],"curies":[{"name":"wp","href":"https:\/\/api.w.org\/{rel}","templated":true}]}}