{"id":8299,"date":"2025-01-31T18:38:42","date_gmt":"2025-01-31T17:38:42","guid":{"rendered":"https:\/\/brillancy.hu\/?post_type=product&#038;p=8299"},"modified":"2025-10-17T10:56:14","modified_gmt":"2025-10-17T09:56:14","slug":"aprilia-roze-arany-kek-gyemant-medal","status":"publish","type":"product","link":"https:\/\/brillancy.hu\/en\/product\/aprilia-roze-arany-kek-gyemant-medal\/","title":{"rendered":"Aprilia Ros\u00e9 Gold Blue Diamond Pendant"},"content":{"rendered":"<p><strong>Aprilia Ros\u00e9 Gold Blue Diamond Pendant<\/strong><\/p>\n<p>Sparkling ros\u00e9 gold diamond pendant, which has a curved, sophisticated form, world of astonished everyone. The pendant includes 12 pieces of brilliant cut, G (Top Wesselton) color, VS1 pure white color diamond and 2 piece beautiful blue diamond. For those ladies who are discreet, yet special jewelry they want, and who are comfortable to wear is also important. This lovely diamond pendant is the perfect choice if you want each and every day even more magical to do.<\/p>\n<ul>\n<li>Material: gold<\/li>\n<li>Fineness: 585 thousandth, 14 carat<\/li>\n<li>Precious stones: brilliant cut natural diamonds<\/li>\n<li>Eternal life guarantee: material errors and gems<\/li>\n<li>The average preparation time is 10-15 working days. The medallion gift box optional.<br \/>\nHow you can save? If you have time you arrive showroom, a 5% discount on the order jewelry price.<br \/>\nPay broken with gold! Damaged, old, or never used gold hiding at home in the cupboards? Bring it in to us and get a discount, trade-in you, the selected ring price.<br \/>\nLike the jewelry, but different quality diamonds, or colorful gems did you imagine it? It&#039;s not a problem. We like to give you an offer to the expected ideas. Find us with confidence!<\/li>\n<\/ul>","protected":false},"excerpt":{"rendered":"<p>Aprilia Ros\u00e9 Gold Blue Diamond Pendant \u2013 sparkling ros\u00e9 gold diamond pendant, which has a curved, sophisticated form, world of astonished everyone.<\/p>","protected":false},"featured_media":10673,"comment_status":"closed","ping_status":"closed","template":"","meta":[],"product_brand":[],"product_cat":[69,21,67],"product_tag":[],"class_list":{"0":"post-8299","1":"product","2":"type-product","3":"status-publish","4":"has-post-thumbnail","6":"product_cat-dragakoves-ekszerek","7":"product_cat-ekszerek","8":"product_cat-medalok","10":"first","11":"instock","12":"purchasable","13":"product-type-simple"},"yoast_head":"<!-- This site is optimized with the Yoast SEO Premium plugin v27.0 (Yoast SEO v27.0) - https:\/\/yoast.com\/product\/yoast-seo-premium-wordpress\/ -->\n<title>Aprilia Roz\u00e9 Arany K\u00e9k Gy\u00e9m\u00e1nt Med\u00e1l - Brillancy<\/title>\n<meta name=\"description\" content=\"Aprilia Roz\u00e9 Arany K\u00e9k Gy\u00e9m\u00e1nt Med\u00e1l - a t\u00fcnd\u00f6kl\u0151 roz\u00e9 arany gy\u00e9m\u00e1nt med\u00e1l, melynek \u00edvelt, kifinomult formavil\u00e1ga mindenkit elk\u00e1pr\u00e1ztat.\" \/>\n<meta name=\"robots\" content=\"index, follow, max-snippet:-1, max-image-preview:large, max-video-preview:-1\" \/>\n<link rel=\"canonical\" href=\"https:\/\/brillancy.hu\/en\/product\/aprilia-roze-arany-kek-gyemant-medal\/\" \/>\n<meta property=\"og:locale\" content=\"en_GB\" \/>\n<meta property=\"og:type\" content=\"article\" \/>\n<meta property=\"og:title\" content=\"Aprilia Roz\u00e9 Arany K\u00e9k Gy\u00e9m\u00e1nt Med\u00e1l\" \/>\n<meta property=\"og:description\" content=\"Aprilia Roz\u00e9 Arany K\u00e9k Gy\u00e9m\u00e1nt Med\u00e1l - a t\u00fcnd\u00f6kl\u0151 roz\u00e9 arany gy\u00e9m\u00e1nt med\u00e1l, melynek \u00edvelt, kifinomult formavil\u00e1ga mindenkit elk\u00e1pr\u00e1ztat.\" \/>\n<meta property=\"og:url\" content=\"https:\/\/brillancy.hu\/en\/product\/aprilia-roze-arany-kek-gyemant-medal\/\" \/>\n<meta property=\"og:site_name\" content=\"Brillancy\" \/>\n<meta property=\"article:modified_time\" content=\"2025-10-17T09:56:14+00:00\" \/>\n<meta property=\"og:image\" content=\"https:\/\/brillancy.hu\/wp-content\/uploads\/2025\/06\/20250617_1715_Elegant-Diamond-Pendant_remix_01jxz79fkxf7rvk7kyse9s5eep.png\" \/>\n\t<meta property=\"og:image:width\" content=\"1024\" \/>\n\t<meta property=\"og:image:height\" content=\"1024\" \/>\n\t<meta property=\"og:image:type\" content=\"image\/png\" \/>\n<meta name=\"twitter:card\" content=\"summary_large_image\" \/>\n<meta name=\"twitter:label1\" content=\"Estimated reading time\" \/>\n\t<meta name=\"twitter:data1\" content=\"3 minutes\" \/>\n<script type=\"application\/ld+json\" class=\"yoast-schema-graph\">{\"@context\":\"https:\/\/schema.org\",\"@graph\":[{\"@type\":\"WebPage\",\"@id\":\"https:\/\/brillancy.hu\/product\/aprilia-roze-arany-kek-gyemant-medal\/\",\"url\":\"https:\/\/brillancy.hu\/product\/aprilia-roze-arany-kek-gyemant-medal\/\",\"name\":\"Aprilia Roz\u00e9 Arany K\u00e9k Gy\u00e9m\u00e1nt Med\u00e1l - Brillancy\",\"isPartOf\":{\"@id\":\"https:\/\/brillancy.hu\/#website\"},\"primaryImageOfPage\":{\"@id\":\"https:\/\/brillancy.hu\/product\/aprilia-roze-arany-kek-gyemant-medal\/#primaryimage\"},\"image\":{\"@id\":\"https:\/\/brillancy.hu\/product\/aprilia-roze-arany-kek-gyemant-medal\/#primaryimage\"},\"thumbnailUrl\":\"https:\/\/brillancy.hu\/wp-content\/uploads\/2025\/06\/20250617_1715_Elegant-Diamond-Pendant_remix_01jxz79fkxf7rvk7kyse9s5eep.png\",\"datePublished\":\"2025-01-31T17:38:42+00:00\",\"dateModified\":\"2025-10-17T09:56:14+00:00\",\"description\":\"Aprilia Roz\u00e9 Arany K\u00e9k Gy\u00e9m\u00e1nt Med\u00e1l - a t\u00fcnd\u00f6kl\u0151 roz\u00e9 arany gy\u00e9m\u00e1nt med\u00e1l, melynek \u00edvelt, kifinomult formavil\u00e1ga mindenkit elk\u00e1pr\u00e1ztat.\",\"breadcrumb\":{\"@id\":\"https:\/\/brillancy.hu\/product\/aprilia-roze-arany-kek-gyemant-medal\/#breadcrumb\"},\"inLanguage\":\"en-GB\",\"potentialAction\":[{\"@type\":\"ReadAction\",\"target\":[\"https:\/\/brillancy.hu\/product\/aprilia-roze-arany-kek-gyemant-medal\/\"]}]},{\"@type\":\"ImageObject\",\"inLanguage\":\"en-GB\",\"@id\":\"https:\/\/brillancy.hu\/product\/aprilia-roze-arany-kek-gyemant-medal\/#primaryimage\",\"url\":\"https:\/\/brillancy.hu\/wp-content\/uploads\/2025\/06\/20250617_1715_Elegant-Diamond-Pendant_remix_01jxz79fkxf7rvk7kyse9s5eep.png\",\"contentUrl\":\"https:\/\/brillancy.hu\/wp-content\/uploads\/2025\/06\/20250617_1715_Elegant-Diamond-Pendant_remix_01jxz79fkxf7rvk7kyse9s5eep.png\",\"width\":1024,\"height\":1024,\"caption\":\"Aprilia Roz\u00e9 Arany K\u00e9k Gy\u00e9m\u00e1nt Med\u00e1l\"},{\"@type\":\"BreadcrumbList\",\"@id\":\"https:\/\/brillancy.hu\/product\/aprilia-roze-arany-kek-gyemant-medal\/#breadcrumb\",\"itemListElement\":[{\"@type\":\"ListItem\",\"position\":1,\"name\":\"Home\",\"item\":\"https:\/\/brillancy.hu\/\"},{\"@type\":\"ListItem\",\"position\":2,\"name\":\"Term\u00e9kek\",\"item\":\"https:\/\/brillancy.hu\/termekek\/\"},{\"@type\":\"ListItem\",\"position\":3,\"name\":\"Aprilia Roz\u00e9 Arany K\u00e9k Gy\u00e9m\u00e1nt Med\u00e1l\"}]},{\"@type\":\"WebSite\",\"@id\":\"https:\/\/brillancy.hu\/#website\",\"url\":\"https:\/\/brillancy.hu\/\",\"name\":\"Brillancy\",\"description\":\"\",\"potentialAction\":[{\"@type\":\"SearchAction\",\"target\":{\"@type\":\"EntryPoint\",\"urlTemplate\":\"https:\/\/brillancy.hu\/?s={search_term_string}\"},\"query-input\":{\"@type\":\"PropertyValueSpecification\",\"valueRequired\":true,\"valueName\":\"search_term_string\"}}],\"inLanguage\":\"en-GB\"}]}<\/script>\n<!-- \/ Yoast SEO Premium plugin. -->","yoast_head_json":{"title":"Aprilia Roz\u00e9 Arany K\u00e9k Gy\u00e9m\u00e1nt Med\u00e1l - Brillancy","description":"Aprilia Roz\u00e9 Arany K\u00e9k Gy\u00e9m\u00e1nt Med\u00e1l - a t\u00fcnd\u00f6kl\u0151 roz\u00e9 arany gy\u00e9m\u00e1nt med\u00e1l, melynek \u00edvelt, kifinomult formavil\u00e1ga mindenkit elk\u00e1pr\u00e1ztat.","robots":{"index":"index","follow":"follow","max-snippet":"max-snippet:-1","max-image-preview":"max-image-preview:large","max-video-preview":"max-video-preview:-1"},"canonical":"https:\/\/brillancy.hu\/en\/product\/aprilia-roze-arany-kek-gyemant-medal\/","og_locale":"en_GB","og_type":"article","og_title":"Aprilia Roz\u00e9 Arany K\u00e9k Gy\u00e9m\u00e1nt Med\u00e1l","og_description":"Aprilia Roz\u00e9 Arany K\u00e9k Gy\u00e9m\u00e1nt Med\u00e1l - a t\u00fcnd\u00f6kl\u0151 roz\u00e9 arany gy\u00e9m\u00e1nt med\u00e1l, melynek \u00edvelt, kifinomult formavil\u00e1ga mindenkit elk\u00e1pr\u00e1ztat.","og_url":"https:\/\/brillancy.hu\/en\/product\/aprilia-roze-arany-kek-gyemant-medal\/","og_site_name":"Brillancy","article_modified_time":"2025-10-17T09:56:14+00:00","og_image":[{"width":1024,"height":1024,"url":"https:\/\/brillancy.hu\/wp-content\/uploads\/2025\/06\/20250617_1715_Elegant-Diamond-Pendant_remix_01jxz79fkxf7rvk7kyse9s5eep.png","type":"image\/png"}],"twitter_card":"summary_large_image","twitter_misc":{"Estimated reading time":"3 minutes"},"schema":{"@context":"https:\/\/schema.org","@graph":[{"@type":"WebPage","@id":"https:\/\/brillancy.hu\/product\/aprilia-roze-arany-kek-gyemant-medal\/","url":"https:\/\/brillancy.hu\/product\/aprilia-roze-arany-kek-gyemant-medal\/","name":"Aprilia Roz\u00e9 Arany K\u00e9k Gy\u00e9m\u00e1nt Med\u00e1l - Brillancy","isPartOf":{"@id":"https:\/\/brillancy.hu\/#website"},"primaryImageOfPage":{"@id":"https:\/\/brillancy.hu\/product\/aprilia-roze-arany-kek-gyemant-medal\/#primaryimage"},"image":{"@id":"https:\/\/brillancy.hu\/product\/aprilia-roze-arany-kek-gyemant-medal\/#primaryimage"},"thumbnailUrl":"https:\/\/brillancy.hu\/wp-content\/uploads\/2025\/06\/20250617_1715_Elegant-Diamond-Pendant_remix_01jxz79fkxf7rvk7kyse9s5eep.png","datePublished":"2025-01-31T17:38:42+00:00","dateModified":"2025-10-17T09:56:14+00:00","description":"Aprilia Roz\u00e9 Arany K\u00e9k Gy\u00e9m\u00e1nt Med\u00e1l - a t\u00fcnd\u00f6kl\u0151 roz\u00e9 arany gy\u00e9m\u00e1nt med\u00e1l, melynek \u00edvelt, kifinomult formavil\u00e1ga mindenkit elk\u00e1pr\u00e1ztat.","breadcrumb":{"@id":"https:\/\/brillancy.hu\/product\/aprilia-roze-arany-kek-gyemant-medal\/#breadcrumb"},"inLanguage":"en-GB","potentialAction":[{"@type":"ReadAction","target":["https:\/\/brillancy.hu\/product\/aprilia-roze-arany-kek-gyemant-medal\/"]}]},{"@type":"ImageObject","inLanguage":"en-GB","@id":"https:\/\/brillancy.hu\/product\/aprilia-roze-arany-kek-gyemant-medal\/#primaryimage","url":"https:\/\/brillancy.hu\/wp-content\/uploads\/2025\/06\/20250617_1715_Elegant-Diamond-Pendant_remix_01jxz79fkxf7rvk7kyse9s5eep.png","contentUrl":"https:\/\/brillancy.hu\/wp-content\/uploads\/2025\/06\/20250617_1715_Elegant-Diamond-Pendant_remix_01jxz79fkxf7rvk7kyse9s5eep.png","width":1024,"height":1024,"caption":"Aprilia Roz\u00e9 Arany K\u00e9k Gy\u00e9m\u00e1nt Med\u00e1l"},{"@type":"BreadcrumbList","@id":"https:\/\/brillancy.hu\/product\/aprilia-roze-arany-kek-gyemant-medal\/#breadcrumb","itemListElement":[{"@type":"ListItem","position":1,"name":"Home","item":"https:\/\/brillancy.hu\/"},{"@type":"ListItem","position":2,"name":"Term\u00e9kek","item":"https:\/\/brillancy.hu\/termekek\/"},{"@type":"ListItem","position":3,"name":"Aprilia Roz\u00e9 Arany K\u00e9k Gy\u00e9m\u00e1nt Med\u00e1l"}]},{"@type":"WebSite","@id":"https:\/\/brillancy.hu\/#website","url":"https:\/\/brillancy.hu\/","name":"Brillancy","description":"","potentialAction":[{"@type":"SearchAction","target":{"@type":"EntryPoint","urlTemplate":"https:\/\/brillancy.hu\/?s={search_term_string}"},"query-input":{"@type":"PropertyValueSpecification","valueRequired":true,"valueName":"search_term_string"}}],"inLanguage":"en-GB"}]}},"_links":{"self":[{"href":"https:\/\/brillancy.hu\/en\/wp-json\/wp\/v2\/product\/8299","targetHints":{"allow":["GET"]}}],"collection":[{"href":"https:\/\/brillancy.hu\/en\/wp-json\/wp\/v2\/product"}],"about":[{"href":"https:\/\/brillancy.hu\/en\/wp-json\/wp\/v2\/types\/product"}],"replies":[{"embeddable":true,"href":"https:\/\/brillancy.hu\/en\/wp-json\/wp\/v2\/comments?post=8299"}],"wp:featuredmedia":[{"embeddable":true,"href":"https:\/\/brillancy.hu\/en\/wp-json\/wp\/v2\/media\/10673"}],"wp:attachment":[{"href":"https:\/\/brillancy.hu\/en\/wp-json\/wp\/v2\/media?parent=8299"}],"wp:term":[{"taxonomy":"product_brand","embeddable":true,"href":"https:\/\/brillancy.hu\/en\/wp-json\/wp\/v2\/product_brand?post=8299"},{"taxonomy":"product_cat","embeddable":true,"href":"https:\/\/brillancy.hu\/en\/wp-json\/wp\/v2\/product_cat?post=8299"},{"taxonomy":"product_tag","embeddable":true,"href":"https:\/\/brillancy.hu\/en\/wp-json\/wp\/v2\/product_tag?post=8299"}],"curies":[{"name":"wp","href":"https:\/\/api.w.org\/{rel}","templated":true}]}}