{"id":8297,"date":"2025-01-31T18:38:42","date_gmt":"2025-01-31T17:38:42","guid":{"rendered":"https:\/\/brillancy.hu\/?post_type=product&#038;p=8297"},"modified":"2025-11-02T14:22:46","modified_gmt":"2025-11-02T13:22:46","slug":"lora-dual-gyemant-medal","status":"publish","type":"product","link":"https:\/\/brillancy.hu\/en\/product\/lora-dual-gyemant-medal\/","title":{"rendered":"Lora Dual diamond pendant"},"content":{"rendered":"<p><strong>Lora Dual<\/strong><strong>\u00a0gy\u00e9m\u00e1nt med\u00e1l<\/strong><\/p>\n<p>Two brilliant cut natural diamond studded, special <strong>14-karat gold diamond pendant<\/strong>. Thin lines are arm in arm, where a 1.5 mm diameter smaller diamonds shine, then split open and, finally, a four-claw mount with connected back together, which in the larger size, 2,5 mm diameter diamond area. The Lora pendants k\u00e9tk\u00f6ves piece of a little extra glamour ad.<\/p>\n<ul>\n<li><strong>Material:<\/strong>\u00a0gold<\/li>\n<li><strong>Fineness<\/strong>: 585 thousandth, 14 carat<\/li>\n<li><strong>Gemstone<\/strong>: brilliant cut natural diamonds<\/li>\n<li><strong>Ring material:<\/strong>\u00a0gold<\/li>\n<li><strong>Fineness<\/strong>: 585 thousandth, 14 carat<\/li>\n<li><strong>Gemstone<\/strong>: brilliant cut natural diamonds<\/li>\n<\/ul>\n<p><strong>Eternal life guarantee:<\/strong>\u00a0the jewelry structure of the material errors and gems<\/p>\n<p><strong>I like this diamond pendant, but a different size diamonds, or colorful gems did you imagine it? It&#039;s not a problem. We like to give an offer to the expected ideas. Find us confidence on the phone +36 30 539 1179 number, or the\u00a0<\/strong><a href=\"mailto:info@brillancy.hu\"><strong>info@brillancy.hu<\/strong><\/a><strong>\u00a0e-mail address.<\/strong><\/p>","protected":false},"excerpt":{"rendered":"<p>Lora Dual\u00a0gy\u00e9m\u00e1nt med\u00e1l K\u00e9t brili\u00e1ns csiszol\u00e1s\u00fa, term\u00e9szetes gy\u00e9m\u00e1nttal d\u00edsz\u00edtett, k\u00fcl\u00f6nleges 14 kar\u00e1tos arany gy\u00e9m\u00e1nt med\u00e1l. V\u00e9kony vonalai \u00f6ssze\u00f6lelkeznek, ahol egy 1,5 mm \u00e1tm\u00e9r\u0151j\u0171 kisebb gy\u00e9m\u00e1nt ragyog, majd sz\u00e9tny\u00edlnak \u00e9s v\u00e9g\u00fcl egy n\u00e9gykarmos foglalatn\u00e1l kapcsol\u00f3dnak \u00fajra \u00f6ssze, melyben a nagyobb m\u00e9ret\u0171, 2,5 mm \u00e1tm\u00e9r\u0151j\u0171 gy\u00e9m\u00e1nt kapott helyet. A Lora med\u00e1lok k\u00e9tk\u00f6ves darabja, mely egy kis plusz [&hellip;]<\/p>\n","protected":false},"featured_media":12057,"comment_status":"open","ping_status":"closed","template":"","meta":[],"product_brand":[],"product_cat":[69,21,67],"product_tag":[],"class_list":{"0":"post-8297","1":"product","2":"type-product","3":"status-publish","4":"has-post-thumbnail","6":"product_cat-dragakoves-ekszerek","7":"product_cat-ekszerek","8":"product_cat-medalok","10":"first","11":"instock","12":"shipping-taxable","13":"purchasable","14":"product-type-simple"},"yoast_head":"<!-- This site is optimized with the Yoast SEO Premium plugin v27.0 (Yoast SEO v27.0) - https:\/\/yoast.com\/product\/yoast-seo-premium-wordpress\/ -->\n<title>Lora Dual gy\u00e9m\u00e1nt med\u00e1l - Brillancy<\/title>\n<meta name=\"description\" content=\"Lora Dual gy\u00e9m\u00e1nt med\u00e1l - A tervez\u0151 aj\u00e1nl\u00e1sa: Lora Dual\u00a0gy\u00e9m\u00e1nt med\u00e1l: K\u00e9t brili\u00e1ns csiszol\u00e1s\u00fa, term\u00e9szetes gy\u00e9m\u00e1nttal d\u00ed...\" \/>\n<meta name=\"robots\" content=\"index, follow, max-snippet:-1, max-image-preview:large, max-video-preview:-1\" \/>\n<link rel=\"canonical\" href=\"https:\/\/brillancy.hu\/en\/product\/lora-dual-gyemant-medal\/\" \/>\n<meta property=\"og:locale\" content=\"en_GB\" \/>\n<meta property=\"og:type\" content=\"article\" \/>\n<meta property=\"og:title\" content=\"Lora Dual gy\u00e9m\u00e1nt med\u00e1l\" \/>\n<meta property=\"og:description\" content=\"Lora Dual gy\u00e9m\u00e1nt med\u00e1l - A tervez\u0151 aj\u00e1nl\u00e1sa: Lora Dual\u00a0gy\u00e9m\u00e1nt med\u00e1l: K\u00e9t brili\u00e1ns csiszol\u00e1s\u00fa, term\u00e9szetes gy\u00e9m\u00e1nttal d\u00ed...\" \/>\n<meta property=\"og:url\" content=\"https:\/\/brillancy.hu\/en\/product\/lora-dual-gyemant-medal\/\" \/>\n<meta property=\"og:site_name\" content=\"Brillancy\" \/>\n<meta property=\"article:modified_time\" content=\"2025-11-02T13:22:46+00:00\" \/>\n<meta property=\"og:image\" content=\"https:\/\/brillancy.hu\/wp-content\/uploads\/2025\/01\/20251006_1502_Elegans-Gyemant-Medal_remix_01k6wsrz79fcta4qt0p2e1735k.png\" \/>\n\t<meta property=\"og:image:width\" content=\"1024\" \/>\n\t<meta property=\"og:image:height\" content=\"1024\" \/>\n\t<meta property=\"og:image:type\" content=\"image\/png\" \/>\n<meta name=\"twitter:card\" content=\"summary_large_image\" \/>\n<meta name=\"twitter:label1\" content=\"Estimated reading time\" \/>\n\t<meta name=\"twitter:data1\" content=\"1 minute\" \/>\n<script type=\"application\/ld+json\" class=\"yoast-schema-graph\">{\"@context\":\"https:\/\/schema.org\",\"@graph\":[{\"@type\":\"WebPage\",\"@id\":\"https:\/\/brillancy.hu\/product\/lora-dual-gyemant-medal\/\",\"url\":\"https:\/\/brillancy.hu\/product\/lora-dual-gyemant-medal\/\",\"name\":\"Lora Dual gy\u00e9m\u00e1nt med\u00e1l - Brillancy\",\"isPartOf\":{\"@id\":\"https:\/\/brillancy.hu\/#website\"},\"primaryImageOfPage\":{\"@id\":\"https:\/\/brillancy.hu\/product\/lora-dual-gyemant-medal\/#primaryimage\"},\"image\":{\"@id\":\"https:\/\/brillancy.hu\/product\/lora-dual-gyemant-medal\/#primaryimage\"},\"thumbnailUrl\":\"https:\/\/brillancy.hu\/wp-content\/uploads\/2025\/01\/20251006_1502_Elegans-Gyemant-Medal_remix_01k6wsrz79fcta4qt0p2e1735k.png\",\"datePublished\":\"2025-01-31T17:38:42+00:00\",\"dateModified\":\"2025-11-02T13:22:46+00:00\",\"description\":\"Lora Dual gy\u00e9m\u00e1nt med\u00e1l - A tervez\u0151 aj\u00e1nl\u00e1sa: Lora Dual\u00a0gy\u00e9m\u00e1nt med\u00e1l: K\u00e9t brili\u00e1ns csiszol\u00e1s\u00fa, term\u00e9szetes gy\u00e9m\u00e1nttal d\u00ed...\",\"breadcrumb\":{\"@id\":\"https:\/\/brillancy.hu\/product\/lora-dual-gyemant-medal\/#breadcrumb\"},\"inLanguage\":\"en-GB\",\"potentialAction\":[{\"@type\":\"ReadAction\",\"target\":[\"https:\/\/brillancy.hu\/product\/lora-dual-gyemant-medal\/\"]}]},{\"@type\":\"ImageObject\",\"inLanguage\":\"en-GB\",\"@id\":\"https:\/\/brillancy.hu\/product\/lora-dual-gyemant-medal\/#primaryimage\",\"url\":\"https:\/\/brillancy.hu\/wp-content\/uploads\/2025\/01\/20251006_1502_Elegans-Gyemant-Medal_remix_01k6wsrz79fcta4qt0p2e1735k.png\",\"contentUrl\":\"https:\/\/brillancy.hu\/wp-content\/uploads\/2025\/01\/20251006_1502_Elegans-Gyemant-Medal_remix_01k6wsrz79fcta4qt0p2e1735k.png\",\"width\":1024,\"height\":1024,\"caption\":\"Lora Dual gy\u00e9m\u00e1nt med\u00e1l\"},{\"@type\":\"BreadcrumbList\",\"@id\":\"https:\/\/brillancy.hu\/product\/lora-dual-gyemant-medal\/#breadcrumb\",\"itemListElement\":[{\"@type\":\"ListItem\",\"position\":1,\"name\":\"Home\",\"item\":\"https:\/\/brillancy.hu\/\"},{\"@type\":\"ListItem\",\"position\":2,\"name\":\"Term\u00e9kek\",\"item\":\"https:\/\/brillancy.hu\/termekek\/\"},{\"@type\":\"ListItem\",\"position\":3,\"name\":\"Lora Dual gy\u00e9m\u00e1nt med\u00e1l\"}]},{\"@type\":\"WebSite\",\"@id\":\"https:\/\/brillancy.hu\/#website\",\"url\":\"https:\/\/brillancy.hu\/\",\"name\":\"Brillancy\",\"description\":\"\",\"potentialAction\":[{\"@type\":\"SearchAction\",\"target\":{\"@type\":\"EntryPoint\",\"urlTemplate\":\"https:\/\/brillancy.hu\/?s={search_term_string}\"},\"query-input\":{\"@type\":\"PropertyValueSpecification\",\"valueRequired\":true,\"valueName\":\"search_term_string\"}}],\"inLanguage\":\"en-GB\"}]}<\/script>\n<!-- \/ Yoast SEO Premium plugin. -->","yoast_head_json":{"title":"Lora Dual gy\u00e9m\u00e1nt med\u00e1l - Brillancy","description":"Lora Dual gy\u00e9m\u00e1nt med\u00e1l - A tervez\u0151 aj\u00e1nl\u00e1sa: Lora Dual\u00a0gy\u00e9m\u00e1nt med\u00e1l: K\u00e9t brili\u00e1ns csiszol\u00e1s\u00fa, term\u00e9szetes gy\u00e9m\u00e1nttal d\u00ed...","robots":{"index":"index","follow":"follow","max-snippet":"max-snippet:-1","max-image-preview":"max-image-preview:large","max-video-preview":"max-video-preview:-1"},"canonical":"https:\/\/brillancy.hu\/en\/product\/lora-dual-gyemant-medal\/","og_locale":"en_GB","og_type":"article","og_title":"Lora Dual gy\u00e9m\u00e1nt med\u00e1l","og_description":"Lora Dual gy\u00e9m\u00e1nt med\u00e1l - A tervez\u0151 aj\u00e1nl\u00e1sa: Lora Dual\u00a0gy\u00e9m\u00e1nt med\u00e1l: K\u00e9t brili\u00e1ns csiszol\u00e1s\u00fa, term\u00e9szetes gy\u00e9m\u00e1nttal d\u00ed...","og_url":"https:\/\/brillancy.hu\/en\/product\/lora-dual-gyemant-medal\/","og_site_name":"Brillancy","article_modified_time":"2025-11-02T13:22:46+00:00","og_image":[{"width":1024,"height":1024,"url":"https:\/\/brillancy.hu\/wp-content\/uploads\/2025\/01\/20251006_1502_Elegans-Gyemant-Medal_remix_01k6wsrz79fcta4qt0p2e1735k.png","type":"image\/png"}],"twitter_card":"summary_large_image","twitter_misc":{"Estimated reading time":"1 minute"},"schema":{"@context":"https:\/\/schema.org","@graph":[{"@type":"WebPage","@id":"https:\/\/brillancy.hu\/product\/lora-dual-gyemant-medal\/","url":"https:\/\/brillancy.hu\/product\/lora-dual-gyemant-medal\/","name":"Lora Dual gy\u00e9m\u00e1nt med\u00e1l - Brillancy","isPartOf":{"@id":"https:\/\/brillancy.hu\/#website"},"primaryImageOfPage":{"@id":"https:\/\/brillancy.hu\/product\/lora-dual-gyemant-medal\/#primaryimage"},"image":{"@id":"https:\/\/brillancy.hu\/product\/lora-dual-gyemant-medal\/#primaryimage"},"thumbnailUrl":"https:\/\/brillancy.hu\/wp-content\/uploads\/2025\/01\/20251006_1502_Elegans-Gyemant-Medal_remix_01k6wsrz79fcta4qt0p2e1735k.png","datePublished":"2025-01-31T17:38:42+00:00","dateModified":"2025-11-02T13:22:46+00:00","description":"Lora Dual gy\u00e9m\u00e1nt med\u00e1l - A tervez\u0151 aj\u00e1nl\u00e1sa: Lora Dual\u00a0gy\u00e9m\u00e1nt med\u00e1l: K\u00e9t brili\u00e1ns csiszol\u00e1s\u00fa, term\u00e9szetes gy\u00e9m\u00e1nttal d\u00ed...","breadcrumb":{"@id":"https:\/\/brillancy.hu\/product\/lora-dual-gyemant-medal\/#breadcrumb"},"inLanguage":"en-GB","potentialAction":[{"@type":"ReadAction","target":["https:\/\/brillancy.hu\/product\/lora-dual-gyemant-medal\/"]}]},{"@type":"ImageObject","inLanguage":"en-GB","@id":"https:\/\/brillancy.hu\/product\/lora-dual-gyemant-medal\/#primaryimage","url":"https:\/\/brillancy.hu\/wp-content\/uploads\/2025\/01\/20251006_1502_Elegans-Gyemant-Medal_remix_01k6wsrz79fcta4qt0p2e1735k.png","contentUrl":"https:\/\/brillancy.hu\/wp-content\/uploads\/2025\/01\/20251006_1502_Elegans-Gyemant-Medal_remix_01k6wsrz79fcta4qt0p2e1735k.png","width":1024,"height":1024,"caption":"Lora Dual gy\u00e9m\u00e1nt med\u00e1l"},{"@type":"BreadcrumbList","@id":"https:\/\/brillancy.hu\/product\/lora-dual-gyemant-medal\/#breadcrumb","itemListElement":[{"@type":"ListItem","position":1,"name":"Home","item":"https:\/\/brillancy.hu\/"},{"@type":"ListItem","position":2,"name":"Term\u00e9kek","item":"https:\/\/brillancy.hu\/termekek\/"},{"@type":"ListItem","position":3,"name":"Lora Dual gy\u00e9m\u00e1nt med\u00e1l"}]},{"@type":"WebSite","@id":"https:\/\/brillancy.hu\/#website","url":"https:\/\/brillancy.hu\/","name":"Brillancy","description":"","potentialAction":[{"@type":"SearchAction","target":{"@type":"EntryPoint","urlTemplate":"https:\/\/brillancy.hu\/?s={search_term_string}"},"query-input":{"@type":"PropertyValueSpecification","valueRequired":true,"valueName":"search_term_string"}}],"inLanguage":"en-GB"}]}},"_links":{"self":[{"href":"https:\/\/brillancy.hu\/en\/wp-json\/wp\/v2\/product\/8297","targetHints":{"allow":["GET"]}}],"collection":[{"href":"https:\/\/brillancy.hu\/en\/wp-json\/wp\/v2\/product"}],"about":[{"href":"https:\/\/brillancy.hu\/en\/wp-json\/wp\/v2\/types\/product"}],"replies":[{"embeddable":true,"href":"https:\/\/brillancy.hu\/en\/wp-json\/wp\/v2\/comments?post=8297"}],"wp:featuredmedia":[{"embeddable":true,"href":"https:\/\/brillancy.hu\/en\/wp-json\/wp\/v2\/media\/12057"}],"wp:attachment":[{"href":"https:\/\/brillancy.hu\/en\/wp-json\/wp\/v2\/media?parent=8297"}],"wp:term":[{"taxonomy":"product_brand","embeddable":true,"href":"https:\/\/brillancy.hu\/en\/wp-json\/wp\/v2\/product_brand?post=8297"},{"taxonomy":"product_cat","embeddable":true,"href":"https:\/\/brillancy.hu\/en\/wp-json\/wp\/v2\/product_cat?post=8297"},{"taxonomy":"product_tag","embeddable":true,"href":"https:\/\/brillancy.hu\/en\/wp-json\/wp\/v2\/product_tag?post=8297"}],"curies":[{"name":"wp","href":"https:\/\/api.w.org\/{rel}","templated":true}]}}