{"id":8296,"date":"2025-01-31T18:38:42","date_gmt":"2025-01-31T17:38:42","guid":{"rendered":"https:\/\/brillancy.hu\/?post_type=product&#038;p=8296"},"modified":"2025-11-02T14:28:33","modified_gmt":"2025-11-02T13:28:33","slug":"lora-twist-gyemant-medal","status":"publish","type":"product","link":"https:\/\/brillancy.hu\/en\/product\/lora-twist-gyemant-medal\/","title":{"rendered":"Lora Twist diamond pendant"},"content":{"rendered":"<p><strong>Lora Twist diamond pendant:<\/strong><\/p>\n<p>With a little twist seasoned, beautiful <strong>14-karat gold diamond pendant<\/strong>. A thin line of playful, crossed by arriving at the four-claw slot, in which a<strong>\u00a0brilliant cut, 2.5 mm diameter 0,06 ct of white diamonds<\/strong> take a seat. The Lora collection of shiny piece is the perfect accessory for the everyday.<\/p>\n<ul>\n<li><strong>Material:<\/strong>\u00a0gold<\/li>\n<li><strong>Fineness<\/strong>: 585 thousandth, 14 carat<\/li>\n<li><strong>Gemstone<\/strong>: brilliant cut natural diamonds<\/li>\n<li><strong>Ring material:<\/strong>\u00a0gold<\/li>\n<li><strong>Fineness<\/strong>: 585 thousandth, 14 carat<\/li>\n<li><strong>Gemstone<\/strong>: brilliant cut natural diamonds<\/li>\n<li><strong>Eternal life guarantee:<\/strong>\u00a0the jewelry structure of the material errors and gems<\/li>\n<\/ul>\n<p><strong>I like this diamond pendant, but a different size diamonds, or colorful gems did you imagine it? It&#039;s not a problem. We like to give an offer to the expected ideas. Find us confidence on the phone +36 30 539 1179 number, or the\u00a0<\/strong><a href=\"mailto:info@brillancy.hu\"><strong>info@brillancy.hu<\/strong><\/a><strong>\u00a0e-mail address.<\/strong><\/p>","protected":false},"excerpt":{"rendered":"<p>The designer&#039;s recommendation: Lora Twist diamond pendant: with A little twist seasoned, gorgeous 14-karat gold<\/p>","protected":false},"featured_media":10760,"comment_status":"open","ping_status":"closed","template":"","meta":[],"product_brand":[],"product_cat":[69,21,67],"product_tag":[],"class_list":{"0":"post-8296","1":"product","2":"type-product","3":"status-publish","4":"has-post-thumbnail","6":"product_cat-dragakoves-ekszerek","7":"product_cat-ekszerek","8":"product_cat-medalok","10":"first","11":"instock","12":"shipping-taxable","13":"purchasable","14":"product-type-simple"},"yoast_head":"<!-- This site is optimized with the Yoast SEO Premium plugin v27.0 (Yoast SEO v27.0) - https:\/\/yoast.com\/product\/yoast-seo-premium-wordpress\/ -->\n<title>Lora Twist gy\u00e9m\u00e1nt med\u00e1l - Brillancy<\/title>\n<meta name=\"description\" content=\"Lora Twist gy\u00e9m\u00e1nt med\u00e1l - \u00a0A tervez\u0151 aj\u00e1nl\u00e1sa: Lora Twist gy\u00e9m\u00e1nt med\u00e1l: Egy kis csavarral f\u0171szerezett, mesesz\u00e9p 14 kar\u00e1tos arany\" \/>\n<meta name=\"robots\" content=\"index, follow, max-snippet:-1, max-image-preview:large, max-video-preview:-1\" \/>\n<link rel=\"canonical\" href=\"https:\/\/brillancy.hu\/en\/product\/lora-twist-gyemant-medal\/\" \/>\n<meta property=\"og:locale\" content=\"en_GB\" \/>\n<meta property=\"og:type\" content=\"article\" \/>\n<meta property=\"og:title\" content=\"Lora Twist gy\u00e9m\u00e1nt med\u00e1l\" \/>\n<meta property=\"og:description\" content=\"Lora Twist gy\u00e9m\u00e1nt med\u00e1l - \u00a0A tervez\u0151 aj\u00e1nl\u00e1sa: Lora Twist gy\u00e9m\u00e1nt med\u00e1l: Egy kis csavarral f\u0171szerezett, mesesz\u00e9p 14 kar\u00e1tos arany\" \/>\n<meta property=\"og:url\" content=\"https:\/\/brillancy.hu\/en\/product\/lora-twist-gyemant-medal\/\" \/>\n<meta property=\"og:site_name\" content=\"Brillancy\" \/>\n<meta property=\"article:modified_time\" content=\"2025-11-02T13:28:33+00:00\" \/>\n<meta property=\"og:image\" content=\"https:\/\/brillancy.hu\/wp-content\/uploads\/2025\/01\/20250619_1607_Elegant-Diamond-Pendant_remix_01jy4870wdftsr415cntp109qy.png\" \/>\n\t<meta property=\"og:image:width\" content=\"1024\" \/>\n\t<meta property=\"og:image:height\" content=\"1024\" \/>\n\t<meta property=\"og:image:type\" content=\"image\/png\" \/>\n<meta name=\"twitter:card\" content=\"summary_large_image\" \/>\n<meta name=\"twitter:label1\" content=\"Estimated reading time\" \/>\n\t<meta name=\"twitter:data1\" content=\"1 minute\" \/>\n<script type=\"application\/ld+json\" class=\"yoast-schema-graph\">{\"@context\":\"https:\/\/schema.org\",\"@graph\":[{\"@type\":\"WebPage\",\"@id\":\"https:\/\/brillancy.hu\/product\/lora-twist-gyemant-medal\/\",\"url\":\"https:\/\/brillancy.hu\/product\/lora-twist-gyemant-medal\/\",\"name\":\"Lora Twist gy\u00e9m\u00e1nt med\u00e1l - Brillancy\",\"isPartOf\":{\"@id\":\"https:\/\/brillancy.hu\/#website\"},\"primaryImageOfPage\":{\"@id\":\"https:\/\/brillancy.hu\/product\/lora-twist-gyemant-medal\/#primaryimage\"},\"image\":{\"@id\":\"https:\/\/brillancy.hu\/product\/lora-twist-gyemant-medal\/#primaryimage\"},\"thumbnailUrl\":\"https:\/\/brillancy.hu\/wp-content\/uploads\/2025\/01\/20250619_1607_Elegant-Diamond-Pendant_remix_01jy4870wdftsr415cntp109qy.png\",\"datePublished\":\"2025-01-31T17:38:42+00:00\",\"dateModified\":\"2025-11-02T13:28:33+00:00\",\"description\":\"Lora Twist gy\u00e9m\u00e1nt med\u00e1l - \u00a0A tervez\u0151 aj\u00e1nl\u00e1sa: Lora Twist gy\u00e9m\u00e1nt med\u00e1l: Egy kis csavarral f\u0171szerezett, mesesz\u00e9p 14 kar\u00e1tos arany\",\"breadcrumb\":{\"@id\":\"https:\/\/brillancy.hu\/product\/lora-twist-gyemant-medal\/#breadcrumb\"},\"inLanguage\":\"en-GB\",\"potentialAction\":[{\"@type\":\"ReadAction\",\"target\":[\"https:\/\/brillancy.hu\/product\/lora-twist-gyemant-medal\/\"]}]},{\"@type\":\"ImageObject\",\"inLanguage\":\"en-GB\",\"@id\":\"https:\/\/brillancy.hu\/product\/lora-twist-gyemant-medal\/#primaryimage\",\"url\":\"https:\/\/brillancy.hu\/wp-content\/uploads\/2025\/01\/20250619_1607_Elegant-Diamond-Pendant_remix_01jy4870wdftsr415cntp109qy.png\",\"contentUrl\":\"https:\/\/brillancy.hu\/wp-content\/uploads\/2025\/01\/20250619_1607_Elegant-Diamond-Pendant_remix_01jy4870wdftsr415cntp109qy.png\",\"width\":1024,\"height\":1024,\"caption\":\"Lora Twist gy\u00e9m\u00e1nt med\u00e1l\"},{\"@type\":\"BreadcrumbList\",\"@id\":\"https:\/\/brillancy.hu\/product\/lora-twist-gyemant-medal\/#breadcrumb\",\"itemListElement\":[{\"@type\":\"ListItem\",\"position\":1,\"name\":\"Home\",\"item\":\"https:\/\/brillancy.hu\/\"},{\"@type\":\"ListItem\",\"position\":2,\"name\":\"Term\u00e9kek\",\"item\":\"https:\/\/brillancy.hu\/termekek\/\"},{\"@type\":\"ListItem\",\"position\":3,\"name\":\"Lora Twist gy\u00e9m\u00e1nt med\u00e1l\"}]},{\"@type\":\"WebSite\",\"@id\":\"https:\/\/brillancy.hu\/#website\",\"url\":\"https:\/\/brillancy.hu\/\",\"name\":\"Brillancy\",\"description\":\"\",\"potentialAction\":[{\"@type\":\"SearchAction\",\"target\":{\"@type\":\"EntryPoint\",\"urlTemplate\":\"https:\/\/brillancy.hu\/?s={search_term_string}\"},\"query-input\":{\"@type\":\"PropertyValueSpecification\",\"valueRequired\":true,\"valueName\":\"search_term_string\"}}],\"inLanguage\":\"en-GB\"}]}<\/script>\n<!-- \/ Yoast SEO Premium plugin. -->","yoast_head_json":{"title":"Lora Twist gy\u00e9m\u00e1nt med\u00e1l - Brillancy","description":"Lora Twist gy\u00e9m\u00e1nt med\u00e1l - \u00a0A tervez\u0151 aj\u00e1nl\u00e1sa: Lora Twist gy\u00e9m\u00e1nt med\u00e1l: Egy kis csavarral f\u0171szerezett, mesesz\u00e9p 14 kar\u00e1tos arany","robots":{"index":"index","follow":"follow","max-snippet":"max-snippet:-1","max-image-preview":"max-image-preview:large","max-video-preview":"max-video-preview:-1"},"canonical":"https:\/\/brillancy.hu\/en\/product\/lora-twist-gyemant-medal\/","og_locale":"en_GB","og_type":"article","og_title":"Lora Twist gy\u00e9m\u00e1nt med\u00e1l","og_description":"Lora Twist gy\u00e9m\u00e1nt med\u00e1l - \u00a0A tervez\u0151 aj\u00e1nl\u00e1sa: Lora Twist gy\u00e9m\u00e1nt med\u00e1l: Egy kis csavarral f\u0171szerezett, mesesz\u00e9p 14 kar\u00e1tos arany","og_url":"https:\/\/brillancy.hu\/en\/product\/lora-twist-gyemant-medal\/","og_site_name":"Brillancy","article_modified_time":"2025-11-02T13:28:33+00:00","og_image":[{"width":1024,"height":1024,"url":"https:\/\/brillancy.hu\/wp-content\/uploads\/2025\/01\/20250619_1607_Elegant-Diamond-Pendant_remix_01jy4870wdftsr415cntp109qy.png","type":"image\/png"}],"twitter_card":"summary_large_image","twitter_misc":{"Estimated reading time":"1 minute"},"schema":{"@context":"https:\/\/schema.org","@graph":[{"@type":"WebPage","@id":"https:\/\/brillancy.hu\/product\/lora-twist-gyemant-medal\/","url":"https:\/\/brillancy.hu\/product\/lora-twist-gyemant-medal\/","name":"Lora Twist gy\u00e9m\u00e1nt med\u00e1l - Brillancy","isPartOf":{"@id":"https:\/\/brillancy.hu\/#website"},"primaryImageOfPage":{"@id":"https:\/\/brillancy.hu\/product\/lora-twist-gyemant-medal\/#primaryimage"},"image":{"@id":"https:\/\/brillancy.hu\/product\/lora-twist-gyemant-medal\/#primaryimage"},"thumbnailUrl":"https:\/\/brillancy.hu\/wp-content\/uploads\/2025\/01\/20250619_1607_Elegant-Diamond-Pendant_remix_01jy4870wdftsr415cntp109qy.png","datePublished":"2025-01-31T17:38:42+00:00","dateModified":"2025-11-02T13:28:33+00:00","description":"Lora Twist gy\u00e9m\u00e1nt med\u00e1l - \u00a0A tervez\u0151 aj\u00e1nl\u00e1sa: Lora Twist gy\u00e9m\u00e1nt med\u00e1l: Egy kis csavarral f\u0171szerezett, mesesz\u00e9p 14 kar\u00e1tos arany","breadcrumb":{"@id":"https:\/\/brillancy.hu\/product\/lora-twist-gyemant-medal\/#breadcrumb"},"inLanguage":"en-GB","potentialAction":[{"@type":"ReadAction","target":["https:\/\/brillancy.hu\/product\/lora-twist-gyemant-medal\/"]}]},{"@type":"ImageObject","inLanguage":"en-GB","@id":"https:\/\/brillancy.hu\/product\/lora-twist-gyemant-medal\/#primaryimage","url":"https:\/\/brillancy.hu\/wp-content\/uploads\/2025\/01\/20250619_1607_Elegant-Diamond-Pendant_remix_01jy4870wdftsr415cntp109qy.png","contentUrl":"https:\/\/brillancy.hu\/wp-content\/uploads\/2025\/01\/20250619_1607_Elegant-Diamond-Pendant_remix_01jy4870wdftsr415cntp109qy.png","width":1024,"height":1024,"caption":"Lora Twist gy\u00e9m\u00e1nt med\u00e1l"},{"@type":"BreadcrumbList","@id":"https:\/\/brillancy.hu\/product\/lora-twist-gyemant-medal\/#breadcrumb","itemListElement":[{"@type":"ListItem","position":1,"name":"Home","item":"https:\/\/brillancy.hu\/"},{"@type":"ListItem","position":2,"name":"Term\u00e9kek","item":"https:\/\/brillancy.hu\/termekek\/"},{"@type":"ListItem","position":3,"name":"Lora Twist gy\u00e9m\u00e1nt med\u00e1l"}]},{"@type":"WebSite","@id":"https:\/\/brillancy.hu\/#website","url":"https:\/\/brillancy.hu\/","name":"Brillancy","description":"","potentialAction":[{"@type":"SearchAction","target":{"@type":"EntryPoint","urlTemplate":"https:\/\/brillancy.hu\/?s={search_term_string}"},"query-input":{"@type":"PropertyValueSpecification","valueRequired":true,"valueName":"search_term_string"}}],"inLanguage":"en-GB"}]}},"_links":{"self":[{"href":"https:\/\/brillancy.hu\/en\/wp-json\/wp\/v2\/product\/8296","targetHints":{"allow":["GET"]}}],"collection":[{"href":"https:\/\/brillancy.hu\/en\/wp-json\/wp\/v2\/product"}],"about":[{"href":"https:\/\/brillancy.hu\/en\/wp-json\/wp\/v2\/types\/product"}],"replies":[{"embeddable":true,"href":"https:\/\/brillancy.hu\/en\/wp-json\/wp\/v2\/comments?post=8296"}],"wp:featuredmedia":[{"embeddable":true,"href":"https:\/\/brillancy.hu\/en\/wp-json\/wp\/v2\/media\/10760"}],"wp:attachment":[{"href":"https:\/\/brillancy.hu\/en\/wp-json\/wp\/v2\/media?parent=8296"}],"wp:term":[{"taxonomy":"product_brand","embeddable":true,"href":"https:\/\/brillancy.hu\/en\/wp-json\/wp\/v2\/product_brand?post=8296"},{"taxonomy":"product_cat","embeddable":true,"href":"https:\/\/brillancy.hu\/en\/wp-json\/wp\/v2\/product_cat?post=8296"},{"taxonomy":"product_tag","embeddable":true,"href":"https:\/\/brillancy.hu\/en\/wp-json\/wp\/v2\/product_tag?post=8296"}],"curies":[{"name":"wp","href":"https:\/\/api.w.org\/{rel}","templated":true}]}}