{"id":8293,"date":"2025-01-31T18:38:42","date_gmt":"2025-01-31T17:38:42","guid":{"rendered":"https:\/\/brillancy.hu\/?post_type=product&#038;p=8293"},"modified":"2026-02-06T09:09:40","modified_gmt":"2026-02-06T08:09:40","slug":"coco-gyemant-medal","status":"publish","type":"product","link":"https:\/\/brillancy.hu\/en\/product\/coco-gyemant-medal\/","title":{"rendered":"Coco diamond pendant"},"content":{"rendered":"<p><strong>Coco diamond pendant<\/strong><\/p>\n<p><strong>Special needs, to a wave we have the brilliant cut, 3 mm diameter 0,10 ct of brilliant diamonds.<\/strong>\u00a0This slot will contribute to the gems in the two sides, while the other two sides more light to increase the diamond&#039;s amazing sparkle. Beauty and attractiveness of the delicious curves, and the proportions of the perfect harmony of lies. We recommend it to those who are in harmony for a jewel in love with the nature-inspired shapes and something more than exceptional they want.<\/p>\n<ul>\n<li><strong>pendant material:<\/strong>\u00a0gold<\/li>\n<li><strong>Fineness<\/strong>: 585 thousandth, 14 carat<\/li>\n<li><strong>Gemstone<\/strong>: brilliant cut natural diamonds<\/li>\n<li><strong>Eternal life guarantee:<\/strong>\u00a0the jewelry structure of the material errors and gems<\/li>\n<\/ul>\n<p><strong>I like this diamond pendant, but a different size diamonds, or colorful gems did you imagine it? It&#039;s not a problem. We like to give an offer to the expected ideas. Find us confidence on the phone +36 30 539 1179 number, or the\u00a0<\/strong><a href=\"mailto:info@brillancy.hu\"><strong>info@brillancy.hu<\/strong><\/a><strong>\u00a0e-mail address.<\/strong><\/p>","protected":false},"excerpt":{"rendered":"<p>Coco diamond pendant \u2013 special needs, to a wave we have the brilliant cut, 3 mm diameter 0,10 ct of brilliant diamonds.<\/p>","protected":false},"featured_media":12063,"comment_status":"open","ping_status":"closed","template":"","meta":[],"product_brand":[],"product_cat":[69,21,67],"product_tag":[],"class_list":{"0":"post-8293","1":"product","2":"type-product","3":"status-publish","4":"has-post-thumbnail","6":"product_cat-dragakoves-ekszerek","7":"product_cat-ekszerek","8":"product_cat-medalok","10":"first","11":"instock","12":"shipping-taxable","13":"purchasable","14":"product-type-simple"},"yoast_head":"<!-- This site is optimized with the Yoast SEO Premium plugin v27.0 (Yoast SEO v27.0) - https:\/\/yoast.com\/product\/yoast-seo-premium-wordpress\/ -->\n<title>Coco gy\u00e9m\u00e1nt med\u00e1l - Brillancy<\/title>\n<meta name=\"description\" content=\"Coco gy\u00e9m\u00e1nt med\u00e1l - K\u00fcl\u00f6nlegess\u00e9ge, hogy egy hull\u00e1mba foglaltuk a brili\u00e1ns csiszol\u00e1s\u00fa, 3 mm \u00e1tm\u00e9r\u0151j\u0171, 0,10 ct-os ragyog\u00f3 gy\u00e9m\u00e1ntot.\" \/>\n<meta name=\"robots\" content=\"index, follow, max-snippet:-1, max-image-preview:large, max-video-preview:-1\" \/>\n<link rel=\"canonical\" href=\"https:\/\/brillancy.hu\/en\/product\/coco-gyemant-medal\/\" \/>\n<meta property=\"og:locale\" content=\"en_GB\" \/>\n<meta property=\"og:type\" content=\"article\" \/>\n<meta property=\"og:title\" content=\"Coco gy\u00e9m\u00e1nt med\u00e1l\" \/>\n<meta property=\"og:description\" content=\"Coco gy\u00e9m\u00e1nt med\u00e1l - K\u00fcl\u00f6nlegess\u00e9ge, hogy egy hull\u00e1mba foglaltuk a brili\u00e1ns csiszol\u00e1s\u00fa, 3 mm \u00e1tm\u00e9r\u0151j\u0171, 0,10 ct-os ragyog\u00f3 gy\u00e9m\u00e1ntot.\" \/>\n<meta property=\"og:url\" content=\"https:\/\/brillancy.hu\/en\/product\/coco-gyemant-medal\/\" \/>\n<meta property=\"og:site_name\" content=\"Brillancy\" \/>\n<meta property=\"article:modified_time\" content=\"2026-02-06T08:09:40+00:00\" \/>\n<meta property=\"og:image\" content=\"https:\/\/brillancy.hu\/wp-content\/uploads\/2025\/01\/20251006_1823_Elegans-Nyaklanc-Viselese_remix_01k6x59e66f18bmqm66sfnvp6t-1.png\" \/>\n\t<meta property=\"og:image:width\" content=\"1024\" \/>\n\t<meta property=\"og:image:height\" content=\"1024\" \/>\n\t<meta property=\"og:image:type\" content=\"image\/png\" \/>\n<meta name=\"twitter:card\" content=\"summary_large_image\" \/>\n<meta name=\"twitter:label1\" content=\"Estimated reading time\" \/>\n\t<meta name=\"twitter:data1\" content=\"1 minute\" \/>\n<script type=\"application\/ld+json\" class=\"yoast-schema-graph\">{\"@context\":\"https:\/\/schema.org\",\"@graph\":[{\"@type\":\"WebPage\",\"@id\":\"https:\/\/brillancy.hu\/product\/coco-gyemant-medal\/\",\"url\":\"https:\/\/brillancy.hu\/product\/coco-gyemant-medal\/\",\"name\":\"Coco gy\u00e9m\u00e1nt med\u00e1l - Brillancy\",\"isPartOf\":{\"@id\":\"https:\/\/brillancy.hu\/#website\"},\"primaryImageOfPage\":{\"@id\":\"https:\/\/brillancy.hu\/product\/coco-gyemant-medal\/#primaryimage\"},\"image\":{\"@id\":\"https:\/\/brillancy.hu\/product\/coco-gyemant-medal\/#primaryimage\"},\"thumbnailUrl\":\"https:\/\/brillancy.hu\/wp-content\/uploads\/2025\/01\/20251006_1823_Elegans-Nyaklanc-Viselese_remix_01k6x59e66f18bmqm66sfnvp6t-1.png\",\"datePublished\":\"2025-01-31T17:38:42+00:00\",\"dateModified\":\"2026-02-06T08:09:40+00:00\",\"description\":\"Coco gy\u00e9m\u00e1nt med\u00e1l - K\u00fcl\u00f6nlegess\u00e9ge, hogy egy hull\u00e1mba foglaltuk a brili\u00e1ns csiszol\u00e1s\u00fa, 3 mm \u00e1tm\u00e9r\u0151j\u0171, 0,10 ct-os ragyog\u00f3 gy\u00e9m\u00e1ntot.\",\"breadcrumb\":{\"@id\":\"https:\/\/brillancy.hu\/product\/coco-gyemant-medal\/#breadcrumb\"},\"inLanguage\":\"en-GB\",\"potentialAction\":[{\"@type\":\"ReadAction\",\"target\":[\"https:\/\/brillancy.hu\/product\/coco-gyemant-medal\/\"]}]},{\"@type\":\"ImageObject\",\"inLanguage\":\"en-GB\",\"@id\":\"https:\/\/brillancy.hu\/product\/coco-gyemant-medal\/#primaryimage\",\"url\":\"https:\/\/brillancy.hu\/wp-content\/uploads\/2025\/01\/20251006_1823_Elegans-Nyaklanc-Viselese_remix_01k6x59e66f18bmqm66sfnvp6t-1.png\",\"contentUrl\":\"https:\/\/brillancy.hu\/wp-content\/uploads\/2025\/01\/20251006_1823_Elegans-Nyaklanc-Viselese_remix_01k6x59e66f18bmqm66sfnvp6t-1.png\",\"width\":1024,\"height\":1024,\"caption\":\"Coco gy\u00e9m\u00e1nt med\u00e1l\"},{\"@type\":\"BreadcrumbList\",\"@id\":\"https:\/\/brillancy.hu\/product\/coco-gyemant-medal\/#breadcrumb\",\"itemListElement\":[{\"@type\":\"ListItem\",\"position\":1,\"name\":\"Home\",\"item\":\"https:\/\/brillancy.hu\/\"},{\"@type\":\"ListItem\",\"position\":2,\"name\":\"Term\u00e9kek\",\"item\":\"https:\/\/brillancy.hu\/termekek\/\"},{\"@type\":\"ListItem\",\"position\":3,\"name\":\"Coco gy\u00e9m\u00e1nt med\u00e1l\"}]},{\"@type\":\"WebSite\",\"@id\":\"https:\/\/brillancy.hu\/#website\",\"url\":\"https:\/\/brillancy.hu\/\",\"name\":\"Brillancy\",\"description\":\"\",\"potentialAction\":[{\"@type\":\"SearchAction\",\"target\":{\"@type\":\"EntryPoint\",\"urlTemplate\":\"https:\/\/brillancy.hu\/?s={search_term_string}\"},\"query-input\":{\"@type\":\"PropertyValueSpecification\",\"valueRequired\":true,\"valueName\":\"search_term_string\"}}],\"inLanguage\":\"en-GB\"}]}<\/script>\n<!-- \/ Yoast SEO Premium plugin. -->","yoast_head_json":{"title":"Coco gy\u00e9m\u00e1nt med\u00e1l - Brillancy","description":"Coco gy\u00e9m\u00e1nt med\u00e1l - K\u00fcl\u00f6nlegess\u00e9ge, hogy egy hull\u00e1mba foglaltuk a brili\u00e1ns csiszol\u00e1s\u00fa, 3 mm \u00e1tm\u00e9r\u0151j\u0171, 0,10 ct-os ragyog\u00f3 gy\u00e9m\u00e1ntot.","robots":{"index":"index","follow":"follow","max-snippet":"max-snippet:-1","max-image-preview":"max-image-preview:large","max-video-preview":"max-video-preview:-1"},"canonical":"https:\/\/brillancy.hu\/en\/product\/coco-gyemant-medal\/","og_locale":"en_GB","og_type":"article","og_title":"Coco gy\u00e9m\u00e1nt med\u00e1l","og_description":"Coco gy\u00e9m\u00e1nt med\u00e1l - K\u00fcl\u00f6nlegess\u00e9ge, hogy egy hull\u00e1mba foglaltuk a brili\u00e1ns csiszol\u00e1s\u00fa, 3 mm \u00e1tm\u00e9r\u0151j\u0171, 0,10 ct-os ragyog\u00f3 gy\u00e9m\u00e1ntot.","og_url":"https:\/\/brillancy.hu\/en\/product\/coco-gyemant-medal\/","og_site_name":"Brillancy","article_modified_time":"2026-02-06T08:09:40+00:00","og_image":[{"width":1024,"height":1024,"url":"https:\/\/brillancy.hu\/wp-content\/uploads\/2025\/01\/20251006_1823_Elegans-Nyaklanc-Viselese_remix_01k6x59e66f18bmqm66sfnvp6t-1.png","type":"image\/png"}],"twitter_card":"summary_large_image","twitter_misc":{"Estimated reading time":"1 minute"},"schema":{"@context":"https:\/\/schema.org","@graph":[{"@type":"WebPage","@id":"https:\/\/brillancy.hu\/product\/coco-gyemant-medal\/","url":"https:\/\/brillancy.hu\/product\/coco-gyemant-medal\/","name":"Coco gy\u00e9m\u00e1nt med\u00e1l - Brillancy","isPartOf":{"@id":"https:\/\/brillancy.hu\/#website"},"primaryImageOfPage":{"@id":"https:\/\/brillancy.hu\/product\/coco-gyemant-medal\/#primaryimage"},"image":{"@id":"https:\/\/brillancy.hu\/product\/coco-gyemant-medal\/#primaryimage"},"thumbnailUrl":"https:\/\/brillancy.hu\/wp-content\/uploads\/2025\/01\/20251006_1823_Elegans-Nyaklanc-Viselese_remix_01k6x59e66f18bmqm66sfnvp6t-1.png","datePublished":"2025-01-31T17:38:42+00:00","dateModified":"2026-02-06T08:09:40+00:00","description":"Coco gy\u00e9m\u00e1nt med\u00e1l - K\u00fcl\u00f6nlegess\u00e9ge, hogy egy hull\u00e1mba foglaltuk a brili\u00e1ns csiszol\u00e1s\u00fa, 3 mm \u00e1tm\u00e9r\u0151j\u0171, 0,10 ct-os ragyog\u00f3 gy\u00e9m\u00e1ntot.","breadcrumb":{"@id":"https:\/\/brillancy.hu\/product\/coco-gyemant-medal\/#breadcrumb"},"inLanguage":"en-GB","potentialAction":[{"@type":"ReadAction","target":["https:\/\/brillancy.hu\/product\/coco-gyemant-medal\/"]}]},{"@type":"ImageObject","inLanguage":"en-GB","@id":"https:\/\/brillancy.hu\/product\/coco-gyemant-medal\/#primaryimage","url":"https:\/\/brillancy.hu\/wp-content\/uploads\/2025\/01\/20251006_1823_Elegans-Nyaklanc-Viselese_remix_01k6x59e66f18bmqm66sfnvp6t-1.png","contentUrl":"https:\/\/brillancy.hu\/wp-content\/uploads\/2025\/01\/20251006_1823_Elegans-Nyaklanc-Viselese_remix_01k6x59e66f18bmqm66sfnvp6t-1.png","width":1024,"height":1024,"caption":"Coco gy\u00e9m\u00e1nt med\u00e1l"},{"@type":"BreadcrumbList","@id":"https:\/\/brillancy.hu\/product\/coco-gyemant-medal\/#breadcrumb","itemListElement":[{"@type":"ListItem","position":1,"name":"Home","item":"https:\/\/brillancy.hu\/"},{"@type":"ListItem","position":2,"name":"Term\u00e9kek","item":"https:\/\/brillancy.hu\/termekek\/"},{"@type":"ListItem","position":3,"name":"Coco gy\u00e9m\u00e1nt med\u00e1l"}]},{"@type":"WebSite","@id":"https:\/\/brillancy.hu\/#website","url":"https:\/\/brillancy.hu\/","name":"Brillancy","description":"","potentialAction":[{"@type":"SearchAction","target":{"@type":"EntryPoint","urlTemplate":"https:\/\/brillancy.hu\/?s={search_term_string}"},"query-input":{"@type":"PropertyValueSpecification","valueRequired":true,"valueName":"search_term_string"}}],"inLanguage":"en-GB"}]}},"_links":{"self":[{"href":"https:\/\/brillancy.hu\/en\/wp-json\/wp\/v2\/product\/8293","targetHints":{"allow":["GET"]}}],"collection":[{"href":"https:\/\/brillancy.hu\/en\/wp-json\/wp\/v2\/product"}],"about":[{"href":"https:\/\/brillancy.hu\/en\/wp-json\/wp\/v2\/types\/product"}],"replies":[{"embeddable":true,"href":"https:\/\/brillancy.hu\/en\/wp-json\/wp\/v2\/comments?post=8293"}],"wp:featuredmedia":[{"embeddable":true,"href":"https:\/\/brillancy.hu\/en\/wp-json\/wp\/v2\/media\/12063"}],"wp:attachment":[{"href":"https:\/\/brillancy.hu\/en\/wp-json\/wp\/v2\/media?parent=8293"}],"wp:term":[{"taxonomy":"product_brand","embeddable":true,"href":"https:\/\/brillancy.hu\/en\/wp-json\/wp\/v2\/product_brand?post=8293"},{"taxonomy":"product_cat","embeddable":true,"href":"https:\/\/brillancy.hu\/en\/wp-json\/wp\/v2\/product_cat?post=8293"},{"taxonomy":"product_tag","embeddable":true,"href":"https:\/\/brillancy.hu\/en\/wp-json\/wp\/v2\/product_tag?post=8293"}],"curies":[{"name":"wp","href":"https:\/\/api.w.org\/{rel}","templated":true}]}}