{"id":8290,"date":"2025-01-31T18:38:42","date_gmt":"2025-01-31T17:38:42","guid":{"rendered":"https:\/\/brillancy.hu\/?post_type=product&#038;p=8290"},"modified":"2025-10-27T19:41:10","modified_gmt":"2025-10-27T18:41:10","slug":"mila-mini-gyemant-medal","status":"publish","type":"product","link":"https:\/\/brillancy.hu\/en\/product\/mila-mini-gyemant-medal\/","title":{"rendered":"Mila Mini diamond pendant"},"content":{"rendered":"","protected":true},"excerpt":{"rendered":"","protected":true},"featured_media":12112,"comment_status":"open","ping_status":"closed","template":"","meta":[],"product_brand":[],"product_cat":[69,21,67],"product_tag":[],"class_list":{"0":"post-8290","1":"product","2":"type-product","3":"status-publish","4":"post-password-required","6":"product_cat-dragakoves-ekszerek","7":"product_cat-ekszerek","8":"product_cat-medalok","10":"first","11":"instock","12":"shipping-taxable","13":"purchasable","14":"product-type-simple"},"yoast_head":"<!-- This site is optimized with the Yoast SEO Premium plugin v27.0 (Yoast SEO v27.0) - https:\/\/yoast.com\/product\/yoast-seo-premium-wordpress\/ -->\n<title>Mila Mini gy\u00e9m\u00e1nt med\u00e1l - Brillancy<\/title>\n<meta name=\"description\" content=\"Mila Mini gy\u00e9m\u00e1nt med\u00e1l:\u00a0Elragad\u00f3an b\u00e1jos megjelen\u00e9s\u0171\u00a014 kar\u00e1tos arany gy\u00e9m\u00e1nt med\u00e1l. A l\u00e1gy \u00edv\u0171, finom vonalalak az egyik oldalr\u00f3l fel\u00fcl..\" \/>\n<meta name=\"robots\" content=\"index, follow, max-snippet:-1, max-image-preview:large, max-video-preview:-1\" \/>\n<link rel=\"canonical\" href=\"https:\/\/brillancy.hu\/en\/product\/mila-mini-gyemant-medal\/\" \/>\n<meta property=\"og:locale\" content=\"en_GB\" \/>\n<meta property=\"og:type\" content=\"article\" \/>\n<meta property=\"og:title\" content=\"Mila Mini gy\u00e9m\u00e1nt med\u00e1l\" \/>\n<meta property=\"og:description\" content=\"Mila Mini gy\u00e9m\u00e1nt med\u00e1l:\u00a0Elragad\u00f3an b\u00e1jos megjelen\u00e9s\u0171\u00a014 kar\u00e1tos arany gy\u00e9m\u00e1nt med\u00e1l. A l\u00e1gy \u00edv\u0171, finom vonalalak az egyik oldalr\u00f3l fel\u00fcl..\" \/>\n<meta property=\"og:url\" content=\"https:\/\/brillancy.hu\/en\/product\/mila-mini-gyemant-medal\/\" \/>\n<meta property=\"og:site_name\" content=\"Brillancy\" \/>\n<meta property=\"article:modified_time\" content=\"2025-10-27T18:41:10+00:00\" \/>\n<meta name=\"twitter:card\" content=\"summary_large_image\" \/>\n<meta name=\"twitter:label1\" content=\"Estimated reading time\" \/>\n\t<meta name=\"twitter:data1\" content=\"2 minutes\" \/>\n<script type=\"application\/ld+json\" class=\"yoast-schema-graph\">{\"@context\":\"https:\/\/schema.org\",\"@graph\":[{\"@type\":\"WebPage\",\"@id\":\"https:\/\/brillancy.hu\/product\/mila-mini-gyemant-medal\/\",\"url\":\"https:\/\/brillancy.hu\/product\/mila-mini-gyemant-medal\/\",\"name\":\"Mila Mini gy\u00e9m\u00e1nt med\u00e1l - Brillancy\",\"isPartOf\":{\"@id\":\"https:\/\/brillancy.hu\/#website\"},\"datePublished\":\"2025-01-31T17:38:42+00:00\",\"dateModified\":\"2025-10-27T18:41:10+00:00\",\"breadcrumb\":{\"@id\":\"https:\/\/brillancy.hu\/product\/mila-mini-gyemant-medal\/#breadcrumb\"},\"inLanguage\":\"en-GB\"},{\"@type\":\"WebSite\",\"@id\":\"https:\/\/brillancy.hu\/#website\",\"url\":\"https:\/\/brillancy.hu\/\",\"name\":\"Brillancy\",\"description\":\"\",\"potentialAction\":[{\"@type\":\"SearchAction\",\"target\":{\"@type\":\"EntryPoint\",\"urlTemplate\":\"https:\/\/brillancy.hu\/?s={search_term_string}\"},\"query-input\":{\"@type\":\"PropertyValueSpecification\",\"valueRequired\":true,\"valueName\":\"search_term_string\"}}],\"inLanguage\":\"en-GB\"}]}<\/script>\n<!-- \/ Yoast SEO Premium plugin. -->","yoast_head_json":{"title":"Mila Mini gy\u00e9m\u00e1nt med\u00e1l - Brillancy","description":"Mila Mini gy\u00e9m\u00e1nt med\u00e1l:\u00a0Elragad\u00f3an b\u00e1jos megjelen\u00e9s\u0171\u00a014 kar\u00e1tos arany gy\u00e9m\u00e1nt med\u00e1l. A l\u00e1gy \u00edv\u0171, finom vonalalak az egyik oldalr\u00f3l fel\u00fcl..","robots":{"index":"index","follow":"follow","max-snippet":"max-snippet:-1","max-image-preview":"max-image-preview:large","max-video-preview":"max-video-preview:-1"},"canonical":"https:\/\/brillancy.hu\/en\/product\/mila-mini-gyemant-medal\/","og_locale":"en_GB","og_type":"article","og_title":"Mila Mini gy\u00e9m\u00e1nt med\u00e1l","og_description":"Mila Mini gy\u00e9m\u00e1nt med\u00e1l:\u00a0Elragad\u00f3an b\u00e1jos megjelen\u00e9s\u0171\u00a014 kar\u00e1tos arany gy\u00e9m\u00e1nt med\u00e1l. A l\u00e1gy \u00edv\u0171, finom vonalalak az egyik oldalr\u00f3l fel\u00fcl..","og_url":"https:\/\/brillancy.hu\/en\/product\/mila-mini-gyemant-medal\/","og_site_name":"Brillancy","article_modified_time":"2025-10-27T18:41:10+00:00","twitter_card":"summary_large_image","twitter_misc":{"Estimated reading time":"2 minutes"},"schema":{"@context":"https:\/\/schema.org","@graph":[{"@type":"WebPage","@id":"https:\/\/brillancy.hu\/product\/mila-mini-gyemant-medal\/","url":"https:\/\/brillancy.hu\/product\/mila-mini-gyemant-medal\/","name":"Mila Mini gy\u00e9m\u00e1nt med\u00e1l - Brillancy","isPartOf":{"@id":"https:\/\/brillancy.hu\/#website"},"datePublished":"2025-01-31T17:38:42+00:00","dateModified":"2025-10-27T18:41:10+00:00","breadcrumb":{"@id":"https:\/\/brillancy.hu\/product\/mila-mini-gyemant-medal\/#breadcrumb"},"inLanguage":"en-GB"},{"@type":"WebSite","@id":"https:\/\/brillancy.hu\/#website","url":"https:\/\/brillancy.hu\/","name":"Brillancy","description":"","potentialAction":[{"@type":"SearchAction","target":{"@type":"EntryPoint","urlTemplate":"https:\/\/brillancy.hu\/?s={search_term_string}"},"query-input":{"@type":"PropertyValueSpecification","valueRequired":true,"valueName":"search_term_string"}}],"inLanguage":"en-GB"}]}},"_links":{"self":[{"href":"https:\/\/brillancy.hu\/en\/wp-json\/wp\/v2\/product\/8290","targetHints":{"allow":["GET"]}}],"collection":[{"href":"https:\/\/brillancy.hu\/en\/wp-json\/wp\/v2\/product"}],"about":[{"href":"https:\/\/brillancy.hu\/en\/wp-json\/wp\/v2\/types\/product"}],"replies":[{"embeddable":true,"href":"https:\/\/brillancy.hu\/en\/wp-json\/wp\/v2\/comments?post=8290"}],"wp:featuredmedia":[{"embeddable":true,"href":"https:\/\/brillancy.hu\/en\/wp-json\/wp\/v2\/media\/12112"}],"wp:attachment":[{"href":"https:\/\/brillancy.hu\/en\/wp-json\/wp\/v2\/media?parent=8290"}],"wp:term":[{"taxonomy":"product_brand","embeddable":true,"href":"https:\/\/brillancy.hu\/en\/wp-json\/wp\/v2\/product_brand?post=8290"},{"taxonomy":"product_cat","embeddable":true,"href":"https:\/\/brillancy.hu\/en\/wp-json\/wp\/v2\/product_cat?post=8290"},{"taxonomy":"product_tag","embeddable":true,"href":"https:\/\/brillancy.hu\/en\/wp-json\/wp\/v2\/product_tag?post=8290"}],"curies":[{"name":"wp","href":"https:\/\/api.w.org\/{rel}","templated":true}]}}