{"id":8289,"date":"2025-01-31T18:38:42","date_gmt":"2025-01-31T17:38:42","guid":{"rendered":"https:\/\/brillancy.hu\/?post_type=product&#038;p=8289"},"modified":"2025-10-17T10:56:14","modified_gmt":"2025-10-17T09:56:14","slug":"freya-deluxe-gyemant-medal","status":"publish","type":"product","link":"https:\/\/brillancy.hu\/en\/product\/freya-deluxe-gyemant-medal\/","title":{"rendered":"Freya Deluxe diamond pendant"},"content":{"rendered":"<p><strong>Freya Deluxe diamond pendant<\/strong><\/p>\n<p>Charming beauty, 14-karat gold diamond pendant. Tiny diamond decorated with soft and wavy lines in the eye of the flower-shaped slot lead, which is also a gorgeous glow the <strong>brilliant cut natural diamonds.<\/strong> The gems total weight of 0,124 ct. Reviewed 6 x 1 mm in diameter, below 1 db 1,9 mm, 6 x 1,4 mm diameter area. This diamond pendant is a perfect match for Freya diamond ring, but, in itself, stop the location.<\/p>\n<ul>\n<li><strong>Material:<\/strong>\u00a0gold<\/li>\n<li><strong>Fineness<\/strong>: 585 thousandth, 14 carat<\/li>\n<li><strong>Gemstone<\/strong>: brilliant cut natural diamonds<\/li>\n<li><strong>Eternal life guarantee:<\/strong>\u00a0the jewelry structure of the material errors and gems<\/li>\n<\/ul>\n<p><strong>I like this diamond pendant, but a different size diamonds, or colorful gems did you imagine it? It&#039;s not a problem. We like to give an offer to the expected ideas. Find us confidence on the phone +36 30 539 1179 number, or the\u00a0<\/strong><a href=\"mailto:info@brillancy.hu\"><strong>info@brillancy.hu<\/strong><\/a><strong>\u00a0e-mail address.<\/strong><\/p>","protected":false},"excerpt":{"rendered":"<p>Charming beauty, 14-karat gold diamond pendant. Tiny diamond decorated with soft and wavy lines in the eye of the flower-shaped slot lead, which is also a gorgeous glow the <strong>brilliant cut natural diamonds.<\/strong><\/p>","protected":false},"featured_media":8325,"comment_status":"open","ping_status":"closed","template":"","meta":[],"product_brand":[],"product_cat":[69,21,67],"product_tag":[],"class_list":{"0":"post-8289","1":"product","2":"type-product","3":"status-publish","4":"has-post-thumbnail","6":"product_cat-dragakoves-ekszerek","7":"product_cat-ekszerek","8":"product_cat-medalok","10":"first","11":"instock","12":"shipping-taxable","13":"purchasable","14":"product-type-simple"},"yoast_head":"<!-- This site is optimized with the Yoast SEO Premium plugin v27.0 (Yoast SEO v27.0) - https:\/\/yoast.com\/product\/yoast-seo-premium-wordpress\/ -->\n<title>Freya Deluxe gy\u00e9m\u00e1nt med\u00e1l - Brillancy<\/title>\n<meta name=\"description\" content=\"Elb\u0171v\u00f6l\u0151 sz\u00e9ps\u00e9g\u0171, 14 kar\u00e1tos aranyb\u00f3l k\u00e9sz\u00fclt gy\u00e9m\u00e1nt med\u00e1l. Apr\u00f3 gy\u00e9m\u00e1ntokkal d\u00edsz\u00edtett l\u00e1gyan hull\u00e1mz\u00f3 vonalai a szemet a vir\u00e1g form\u00e1j\u00fa foglalatra vezeti\" \/>\n<meta name=\"robots\" content=\"index, follow, max-snippet:-1, max-image-preview:large, max-video-preview:-1\" \/>\n<link rel=\"canonical\" href=\"https:\/\/brillancy.hu\/en\/product\/freya-deluxe-gyemant-medal\/\" \/>\n<meta property=\"og:locale\" content=\"en_GB\" \/>\n<meta property=\"og:type\" content=\"article\" \/>\n<meta property=\"og:title\" content=\"Freya Deluxe gy\u00e9m\u00e1nt med\u00e1l\" \/>\n<meta property=\"og:description\" content=\"Elb\u0171v\u00f6l\u0151 sz\u00e9ps\u00e9g\u0171, 14 kar\u00e1tos aranyb\u00f3l k\u00e9sz\u00fclt gy\u00e9m\u00e1nt med\u00e1l. Apr\u00f3 gy\u00e9m\u00e1ntokkal d\u00edsz\u00edtett l\u00e1gyan hull\u00e1mz\u00f3 vonalai a szemet a vir\u00e1g form\u00e1j\u00fa foglalatra vezeti\" \/>\n<meta property=\"og:url\" content=\"https:\/\/brillancy.hu\/en\/product\/freya-deluxe-gyemant-medal\/\" \/>\n<meta property=\"og:site_name\" content=\"Brillancy\" \/>\n<meta property=\"article:modified_time\" content=\"2025-10-17T09:56:14+00:00\" \/>\n<meta property=\"og:image\" content=\"https:\/\/brillancy.hu\/wp-content\/uploads\/2025\/01\/Freya_Deluxe_gyemant_medal_1-1.jpg\" \/>\n\t<meta property=\"og:image:width\" content=\"640\" \/>\n\t<meta property=\"og:image:height\" content=\"480\" \/>\n\t<meta property=\"og:image:type\" content=\"image\/jpeg\" \/>\n<meta name=\"twitter:card\" content=\"summary_large_image\" \/>\n<meta name=\"twitter:label1\" content=\"Estimated reading time\" \/>\n\t<meta name=\"twitter:data1\" content=\"2 minutes\" \/>\n<script type=\"application\/ld+json\" class=\"yoast-schema-graph\">{\"@context\":\"https:\/\/schema.org\",\"@graph\":[{\"@type\":\"WebPage\",\"@id\":\"https:\/\/brillancy.hu\/product\/freya-deluxe-gyemant-medal\/\",\"url\":\"https:\/\/brillancy.hu\/product\/freya-deluxe-gyemant-medal\/\",\"name\":\"Freya Deluxe gy\u00e9m\u00e1nt med\u00e1l - Brillancy\",\"isPartOf\":{\"@id\":\"https:\/\/brillancy.hu\/#website\"},\"primaryImageOfPage\":{\"@id\":\"https:\/\/brillancy.hu\/product\/freya-deluxe-gyemant-medal\/#primaryimage\"},\"image\":{\"@id\":\"https:\/\/brillancy.hu\/product\/freya-deluxe-gyemant-medal\/#primaryimage\"},\"thumbnailUrl\":\"https:\/\/brillancy.hu\/wp-content\/uploads\/2025\/01\/Freya_Deluxe_gyemant_medal_1-1.jpg\",\"datePublished\":\"2025-01-31T17:38:42+00:00\",\"dateModified\":\"2025-10-17T09:56:14+00:00\",\"description\":\"Elb\u0171v\u00f6l\u0151 sz\u00e9ps\u00e9g\u0171, 14 kar\u00e1tos aranyb\u00f3l k\u00e9sz\u00fclt gy\u00e9m\u00e1nt med\u00e1l. Apr\u00f3 gy\u00e9m\u00e1ntokkal d\u00edsz\u00edtett l\u00e1gyan hull\u00e1mz\u00f3 vonalai a szemet a vir\u00e1g form\u00e1j\u00fa foglalatra vezeti\",\"breadcrumb\":{\"@id\":\"https:\/\/brillancy.hu\/product\/freya-deluxe-gyemant-medal\/#breadcrumb\"},\"inLanguage\":\"en-GB\",\"potentialAction\":[{\"@type\":\"ReadAction\",\"target\":[\"https:\/\/brillancy.hu\/product\/freya-deluxe-gyemant-medal\/\"]}]},{\"@type\":\"ImageObject\",\"inLanguage\":\"en-GB\",\"@id\":\"https:\/\/brillancy.hu\/product\/freya-deluxe-gyemant-medal\/#primaryimage\",\"url\":\"https:\/\/brillancy.hu\/wp-content\/uploads\/2025\/01\/Freya_Deluxe_gyemant_medal_1-1.jpg\",\"contentUrl\":\"https:\/\/brillancy.hu\/wp-content\/uploads\/2025\/01\/Freya_Deluxe_gyemant_medal_1-1.jpg\",\"width\":640,\"height\":480,\"caption\":\"Freya Deluxe gy\u00e9m\u00e1nt med\u00e1l\"},{\"@type\":\"BreadcrumbList\",\"@id\":\"https:\/\/brillancy.hu\/product\/freya-deluxe-gyemant-medal\/#breadcrumb\",\"itemListElement\":[{\"@type\":\"ListItem\",\"position\":1,\"name\":\"Home\",\"item\":\"https:\/\/brillancy.hu\/\"},{\"@type\":\"ListItem\",\"position\":2,\"name\":\"Term\u00e9kek\",\"item\":\"https:\/\/brillancy.hu\/termekek\/\"},{\"@type\":\"ListItem\",\"position\":3,\"name\":\"Freya Deluxe gy\u00e9m\u00e1nt med\u00e1l\"}]},{\"@type\":\"WebSite\",\"@id\":\"https:\/\/brillancy.hu\/#website\",\"url\":\"https:\/\/brillancy.hu\/\",\"name\":\"Brillancy\",\"description\":\"\",\"potentialAction\":[{\"@type\":\"SearchAction\",\"target\":{\"@type\":\"EntryPoint\",\"urlTemplate\":\"https:\/\/brillancy.hu\/?s={search_term_string}\"},\"query-input\":{\"@type\":\"PropertyValueSpecification\",\"valueRequired\":true,\"valueName\":\"search_term_string\"}}],\"inLanguage\":\"en-GB\"}]}<\/script>\n<!-- \/ Yoast SEO Premium plugin. -->","yoast_head_json":{"title":"Freya Deluxe gy\u00e9m\u00e1nt med\u00e1l - Brillancy","description":"Elb\u0171v\u00f6l\u0151 sz\u00e9ps\u00e9g\u0171, 14 kar\u00e1tos aranyb\u00f3l k\u00e9sz\u00fclt gy\u00e9m\u00e1nt med\u00e1l. Apr\u00f3 gy\u00e9m\u00e1ntokkal d\u00edsz\u00edtett l\u00e1gyan hull\u00e1mz\u00f3 vonalai a szemet a vir\u00e1g form\u00e1j\u00fa foglalatra vezeti","robots":{"index":"index","follow":"follow","max-snippet":"max-snippet:-1","max-image-preview":"max-image-preview:large","max-video-preview":"max-video-preview:-1"},"canonical":"https:\/\/brillancy.hu\/en\/product\/freya-deluxe-gyemant-medal\/","og_locale":"en_GB","og_type":"article","og_title":"Freya Deluxe gy\u00e9m\u00e1nt med\u00e1l","og_description":"Elb\u0171v\u00f6l\u0151 sz\u00e9ps\u00e9g\u0171, 14 kar\u00e1tos aranyb\u00f3l k\u00e9sz\u00fclt gy\u00e9m\u00e1nt med\u00e1l. Apr\u00f3 gy\u00e9m\u00e1ntokkal d\u00edsz\u00edtett l\u00e1gyan hull\u00e1mz\u00f3 vonalai a szemet a vir\u00e1g form\u00e1j\u00fa foglalatra vezeti","og_url":"https:\/\/brillancy.hu\/en\/product\/freya-deluxe-gyemant-medal\/","og_site_name":"Brillancy","article_modified_time":"2025-10-17T09:56:14+00:00","og_image":[{"width":640,"height":480,"url":"https:\/\/brillancy.hu\/wp-content\/uploads\/2025\/01\/Freya_Deluxe_gyemant_medal_1-1.jpg","type":"image\/jpeg"}],"twitter_card":"summary_large_image","twitter_misc":{"Estimated reading time":"2 minutes"},"schema":{"@context":"https:\/\/schema.org","@graph":[{"@type":"WebPage","@id":"https:\/\/brillancy.hu\/product\/freya-deluxe-gyemant-medal\/","url":"https:\/\/brillancy.hu\/product\/freya-deluxe-gyemant-medal\/","name":"Freya Deluxe gy\u00e9m\u00e1nt med\u00e1l - Brillancy","isPartOf":{"@id":"https:\/\/brillancy.hu\/#website"},"primaryImageOfPage":{"@id":"https:\/\/brillancy.hu\/product\/freya-deluxe-gyemant-medal\/#primaryimage"},"image":{"@id":"https:\/\/brillancy.hu\/product\/freya-deluxe-gyemant-medal\/#primaryimage"},"thumbnailUrl":"https:\/\/brillancy.hu\/wp-content\/uploads\/2025\/01\/Freya_Deluxe_gyemant_medal_1-1.jpg","datePublished":"2025-01-31T17:38:42+00:00","dateModified":"2025-10-17T09:56:14+00:00","description":"Elb\u0171v\u00f6l\u0151 sz\u00e9ps\u00e9g\u0171, 14 kar\u00e1tos aranyb\u00f3l k\u00e9sz\u00fclt gy\u00e9m\u00e1nt med\u00e1l. Apr\u00f3 gy\u00e9m\u00e1ntokkal d\u00edsz\u00edtett l\u00e1gyan hull\u00e1mz\u00f3 vonalai a szemet a vir\u00e1g form\u00e1j\u00fa foglalatra vezeti","breadcrumb":{"@id":"https:\/\/brillancy.hu\/product\/freya-deluxe-gyemant-medal\/#breadcrumb"},"inLanguage":"en-GB","potentialAction":[{"@type":"ReadAction","target":["https:\/\/brillancy.hu\/product\/freya-deluxe-gyemant-medal\/"]}]},{"@type":"ImageObject","inLanguage":"en-GB","@id":"https:\/\/brillancy.hu\/product\/freya-deluxe-gyemant-medal\/#primaryimage","url":"https:\/\/brillancy.hu\/wp-content\/uploads\/2025\/01\/Freya_Deluxe_gyemant_medal_1-1.jpg","contentUrl":"https:\/\/brillancy.hu\/wp-content\/uploads\/2025\/01\/Freya_Deluxe_gyemant_medal_1-1.jpg","width":640,"height":480,"caption":"Freya Deluxe gy\u00e9m\u00e1nt med\u00e1l"},{"@type":"BreadcrumbList","@id":"https:\/\/brillancy.hu\/product\/freya-deluxe-gyemant-medal\/#breadcrumb","itemListElement":[{"@type":"ListItem","position":1,"name":"Home","item":"https:\/\/brillancy.hu\/"},{"@type":"ListItem","position":2,"name":"Term\u00e9kek","item":"https:\/\/brillancy.hu\/termekek\/"},{"@type":"ListItem","position":3,"name":"Freya Deluxe gy\u00e9m\u00e1nt med\u00e1l"}]},{"@type":"WebSite","@id":"https:\/\/brillancy.hu\/#website","url":"https:\/\/brillancy.hu\/","name":"Brillancy","description":"","potentialAction":[{"@type":"SearchAction","target":{"@type":"EntryPoint","urlTemplate":"https:\/\/brillancy.hu\/?s={search_term_string}"},"query-input":{"@type":"PropertyValueSpecification","valueRequired":true,"valueName":"search_term_string"}}],"inLanguage":"en-GB"}]}},"_links":{"self":[{"href":"https:\/\/brillancy.hu\/en\/wp-json\/wp\/v2\/product\/8289","targetHints":{"allow":["GET"]}}],"collection":[{"href":"https:\/\/brillancy.hu\/en\/wp-json\/wp\/v2\/product"}],"about":[{"href":"https:\/\/brillancy.hu\/en\/wp-json\/wp\/v2\/types\/product"}],"replies":[{"embeddable":true,"href":"https:\/\/brillancy.hu\/en\/wp-json\/wp\/v2\/comments?post=8289"}],"wp:featuredmedia":[{"embeddable":true,"href":"https:\/\/brillancy.hu\/en\/wp-json\/wp\/v2\/media\/8325"}],"wp:attachment":[{"href":"https:\/\/brillancy.hu\/en\/wp-json\/wp\/v2\/media?parent=8289"}],"wp:term":[{"taxonomy":"product_brand","embeddable":true,"href":"https:\/\/brillancy.hu\/en\/wp-json\/wp\/v2\/product_brand?post=8289"},{"taxonomy":"product_cat","embeddable":true,"href":"https:\/\/brillancy.hu\/en\/wp-json\/wp\/v2\/product_cat?post=8289"},{"taxonomy":"product_tag","embeddable":true,"href":"https:\/\/brillancy.hu\/en\/wp-json\/wp\/v2\/product_tag?post=8289"}],"curies":[{"name":"wp","href":"https:\/\/api.w.org\/{rel}","templated":true}]}}