{"id":8288,"date":"2025-01-31T18:38:42","date_gmt":"2025-01-31T17:38:42","guid":{"rendered":"https:\/\/brillancy.hu\/?post_type=product&#038;p=8288"},"modified":"2025-10-17T10:56:14","modified_gmt":"2025-10-17T09:56:14","slug":"freya-gyemant-medal","status":"publish","type":"product","link":"https:\/\/brillancy.hu\/en\/product\/freya-gyemant-medal\/","title":{"rendered":"Freya diamond pendant"},"content":{"rendered":"<p><strong>The designer&#039;s recommendation:<\/strong><\/p>\n<p><strong>Freya diamond pendant:<\/strong> Soft lines nicely leading the eye to the flower-shaped slot, which in dazzling shining the <strong>natural diamonds.<\/strong> <strong>All diamonds brilliant cut, total weight, we 0,10 ct: k<\/strong><strong>\u00f6z\u00e9pen a 1.9 mm diameter, 0,028 ct-os and around 6 of 1.4 mm in diameter, 0,012 ct-os location<\/strong>. This diamond pendant is the simple, pure beauty, a tiny adorable in this big world.<\/p>\n<ul>\n<li><strong>Material:<\/strong>\u00a0gold<\/li>\n<li><strong>Fineness<\/strong>: 585 thousandth, 14 carat<\/li>\n<li><strong>Gemstone<\/strong>: brilliant cut natural diamonds<\/li>\n<\/ul>\n<p><strong>Eternal life guarantee:<\/strong>\u00a0the jewelry structure of the material errors and gems<\/p>\n<p><strong>I like this diamond pendant, but a different size diamonds, or colorful gems did you imagine it? It&#039;s not a problem. We like to give an offer to the expected ideas. Find us confidence on the phone +36 30 539 1179 number, or the <\/strong><a href=\"mailto:info@brillancy.hu\"><strong>info@brillancy.hu<\/strong><\/a><strong>\u00a0e-mail address.<\/strong><\/p>","protected":false},"excerpt":{"rendered":"<p>A tervez\u0151 aj\u00e1nl\u00e1sa: Freya gy\u00e9m\u00e1nt med\u00e1l: L\u00e1gy vonalai sz\u00e9pen vezetik a szemet a vir\u00e1g form\u00e1j\u00fa foglalatra, melyben k\u00e1pr\u00e1zatosan ragyognak a term\u00e9szetes gy\u00e9m\u00e1ntok. Mindegyik gy\u00e9m\u00e1nt brili\u00e1ns csiszol\u00e1s\u00fa, \u00f6sszt\u00f6meg\u00fck 0,10 ct: k\u00f6z\u00e9pen egy 1,9 mm \u00e1tm\u00e9r\u0151j\u0171, 0,028 ct-os \u00e9s k\u00f6r\u00fcl\u00f6tte 6 darab 1,4 mm \u00e1tm\u00e9r\u0151j\u0171, 0,012 ct-os kapott helyet. Ez a gy\u00e9m\u00e1nt med\u00e1l maga az egyszer\u0171, tiszta [&hellip;]<\/p>\n","protected":false},"featured_media":10724,"comment_status":"open","ping_status":"closed","template":"","meta":[],"product_brand":[],"product_cat":[69,21,67],"product_tag":[],"class_list":{"0":"post-8288","1":"product","2":"type-product","3":"status-publish","4":"has-post-thumbnail","6":"product_cat-dragakoves-ekszerek","7":"product_cat-ekszerek","8":"product_cat-medalok","10":"first","11":"instock","12":"shipping-taxable","13":"purchasable","14":"product-type-simple"},"yoast_head":"<!-- This site is optimized with the Yoast SEO Premium plugin v27.0 (Yoast SEO v27.0) - https:\/\/yoast.com\/product\/yoast-seo-premium-wordpress\/ -->\n<title>Freya gy\u00e9m\u00e1nt med\u00e1l - Brillancy<\/title>\n<meta name=\"description\" content=\"Freya gy\u00e9m\u00e1nt med\u00e1l - A tervez\u0151 aj\u00e1nl\u00e1sa: Freya gy\u00e9m\u00e1nt med\u00e1l: L\u00e1gy vonalai sz\u00e9pen vezetik a szemet a vir\u00e1g form\u00e1j\u00fa foglalatr...\" \/>\n<meta name=\"robots\" content=\"index, follow, max-snippet:-1, max-image-preview:large, max-video-preview:-1\" \/>\n<link rel=\"canonical\" href=\"https:\/\/brillancy.hu\/en\/product\/freya-gyemant-medal\/\" \/>\n<meta property=\"og:locale\" content=\"en_GB\" \/>\n<meta property=\"og:type\" content=\"article\" \/>\n<meta property=\"og:title\" content=\"Freya gy\u00e9m\u00e1nt med\u00e1l\" \/>\n<meta property=\"og:description\" content=\"Freya gy\u00e9m\u00e1nt med\u00e1l - A tervez\u0151 aj\u00e1nl\u00e1sa: Freya gy\u00e9m\u00e1nt med\u00e1l: L\u00e1gy vonalai sz\u00e9pen vezetik a szemet a vir\u00e1g form\u00e1j\u00fa foglalatr...\" \/>\n<meta property=\"og:url\" content=\"https:\/\/brillancy.hu\/en\/product\/freya-gyemant-medal\/\" \/>\n<meta property=\"og:site_name\" content=\"Brillancy\" \/>\n<meta property=\"article:modified_time\" content=\"2025-10-17T09:56:14+00:00\" \/>\n<meta property=\"og:image\" content=\"https:\/\/brillancy.hu\/wp-content\/uploads\/2025\/06\/20250619_0940_Elegant-Diamond-Pendant_remix_01jy3j0zp0e6vr5g39dfek5ke6-683x1024.png\" \/>\n\t<meta property=\"og:image:width\" content=\"683\" \/>\n\t<meta property=\"og:image:height\" content=\"1024\" \/>\n\t<meta property=\"og:image:type\" content=\"image\/png\" \/>\n<meta name=\"twitter:card\" content=\"summary_large_image\" \/>\n<meta name=\"twitter:label1\" content=\"Estimated reading time\" \/>\n\t<meta name=\"twitter:data1\" content=\"2 minutes\" \/>\n<script type=\"application\/ld+json\" class=\"yoast-schema-graph\">{\"@context\":\"https:\/\/schema.org\",\"@graph\":[{\"@type\":\"WebPage\",\"@id\":\"https:\/\/brillancy.hu\/product\/freya-gyemant-medal\/\",\"url\":\"https:\/\/brillancy.hu\/product\/freya-gyemant-medal\/\",\"name\":\"Freya gy\u00e9m\u00e1nt med\u00e1l - Brillancy\",\"isPartOf\":{\"@id\":\"https:\/\/brillancy.hu\/#website\"},\"primaryImageOfPage\":{\"@id\":\"https:\/\/brillancy.hu\/product\/freya-gyemant-medal\/#primaryimage\"},\"image\":{\"@id\":\"https:\/\/brillancy.hu\/product\/freya-gyemant-medal\/#primaryimage\"},\"thumbnailUrl\":\"https:\/\/brillancy.hu\/wp-content\/uploads\/2025\/06\/20250619_0940_Elegant-Diamond-Pendant_remix_01jy3j0zp0e6vr5g39dfek5ke6.png\",\"datePublished\":\"2025-01-31T17:38:42+00:00\",\"dateModified\":\"2025-10-17T09:56:14+00:00\",\"description\":\"Freya gy\u00e9m\u00e1nt med\u00e1l - A tervez\u0151 aj\u00e1nl\u00e1sa: Freya gy\u00e9m\u00e1nt med\u00e1l: L\u00e1gy vonalai sz\u00e9pen vezetik a szemet a vir\u00e1g form\u00e1j\u00fa foglalatr...\",\"breadcrumb\":{\"@id\":\"https:\/\/brillancy.hu\/product\/freya-gyemant-medal\/#breadcrumb\"},\"inLanguage\":\"en-GB\",\"potentialAction\":[{\"@type\":\"ReadAction\",\"target\":[\"https:\/\/brillancy.hu\/product\/freya-gyemant-medal\/\"]}]},{\"@type\":\"ImageObject\",\"inLanguage\":\"en-GB\",\"@id\":\"https:\/\/brillancy.hu\/product\/freya-gyemant-medal\/#primaryimage\",\"url\":\"https:\/\/brillancy.hu\/wp-content\/uploads\/2025\/06\/20250619_0940_Elegant-Diamond-Pendant_remix_01jy3j0zp0e6vr5g39dfek5ke6.png\",\"contentUrl\":\"https:\/\/brillancy.hu\/wp-content\/uploads\/2025\/06\/20250619_0940_Elegant-Diamond-Pendant_remix_01jy3j0zp0e6vr5g39dfek5ke6.png\",\"width\":1024,\"height\":1536,\"caption\":\"Freya gy\u00e9m\u00e1nt med\u00e1l\"},{\"@type\":\"BreadcrumbList\",\"@id\":\"https:\/\/brillancy.hu\/product\/freya-gyemant-medal\/#breadcrumb\",\"itemListElement\":[{\"@type\":\"ListItem\",\"position\":1,\"name\":\"Home\",\"item\":\"https:\/\/brillancy.hu\/\"},{\"@type\":\"ListItem\",\"position\":2,\"name\":\"Term\u00e9kek\",\"item\":\"https:\/\/brillancy.hu\/termekek\/\"},{\"@type\":\"ListItem\",\"position\":3,\"name\":\"Freya gy\u00e9m\u00e1nt med\u00e1l\"}]},{\"@type\":\"WebSite\",\"@id\":\"https:\/\/brillancy.hu\/#website\",\"url\":\"https:\/\/brillancy.hu\/\",\"name\":\"Brillancy\",\"description\":\"\",\"potentialAction\":[{\"@type\":\"SearchAction\",\"target\":{\"@type\":\"EntryPoint\",\"urlTemplate\":\"https:\/\/brillancy.hu\/?s={search_term_string}\"},\"query-input\":{\"@type\":\"PropertyValueSpecification\",\"valueRequired\":true,\"valueName\":\"search_term_string\"}}],\"inLanguage\":\"en-GB\"}]}<\/script>\n<!-- \/ Yoast SEO Premium plugin. -->","yoast_head_json":{"title":"Freya gy\u00e9m\u00e1nt med\u00e1l - Brillancy","description":"Freya gy\u00e9m\u00e1nt med\u00e1l - A tervez\u0151 aj\u00e1nl\u00e1sa: Freya gy\u00e9m\u00e1nt med\u00e1l: L\u00e1gy vonalai sz\u00e9pen vezetik a szemet a vir\u00e1g form\u00e1j\u00fa foglalatr...","robots":{"index":"index","follow":"follow","max-snippet":"max-snippet:-1","max-image-preview":"max-image-preview:large","max-video-preview":"max-video-preview:-1"},"canonical":"https:\/\/brillancy.hu\/en\/product\/freya-gyemant-medal\/","og_locale":"en_GB","og_type":"article","og_title":"Freya gy\u00e9m\u00e1nt med\u00e1l","og_description":"Freya gy\u00e9m\u00e1nt med\u00e1l - A tervez\u0151 aj\u00e1nl\u00e1sa: Freya gy\u00e9m\u00e1nt med\u00e1l: L\u00e1gy vonalai sz\u00e9pen vezetik a szemet a vir\u00e1g form\u00e1j\u00fa foglalatr...","og_url":"https:\/\/brillancy.hu\/en\/product\/freya-gyemant-medal\/","og_site_name":"Brillancy","article_modified_time":"2025-10-17T09:56:14+00:00","og_image":[{"width":683,"height":1024,"url":"https:\/\/brillancy.hu\/wp-content\/uploads\/2025\/06\/20250619_0940_Elegant-Diamond-Pendant_remix_01jy3j0zp0e6vr5g39dfek5ke6-683x1024.png","type":"image\/png"}],"twitter_card":"summary_large_image","twitter_misc":{"Estimated reading time":"2 minutes"},"schema":{"@context":"https:\/\/schema.org","@graph":[{"@type":"WebPage","@id":"https:\/\/brillancy.hu\/product\/freya-gyemant-medal\/","url":"https:\/\/brillancy.hu\/product\/freya-gyemant-medal\/","name":"Freya gy\u00e9m\u00e1nt med\u00e1l - Brillancy","isPartOf":{"@id":"https:\/\/brillancy.hu\/#website"},"primaryImageOfPage":{"@id":"https:\/\/brillancy.hu\/product\/freya-gyemant-medal\/#primaryimage"},"image":{"@id":"https:\/\/brillancy.hu\/product\/freya-gyemant-medal\/#primaryimage"},"thumbnailUrl":"https:\/\/brillancy.hu\/wp-content\/uploads\/2025\/06\/20250619_0940_Elegant-Diamond-Pendant_remix_01jy3j0zp0e6vr5g39dfek5ke6.png","datePublished":"2025-01-31T17:38:42+00:00","dateModified":"2025-10-17T09:56:14+00:00","description":"Freya gy\u00e9m\u00e1nt med\u00e1l - A tervez\u0151 aj\u00e1nl\u00e1sa: Freya gy\u00e9m\u00e1nt med\u00e1l: L\u00e1gy vonalai sz\u00e9pen vezetik a szemet a vir\u00e1g form\u00e1j\u00fa foglalatr...","breadcrumb":{"@id":"https:\/\/brillancy.hu\/product\/freya-gyemant-medal\/#breadcrumb"},"inLanguage":"en-GB","potentialAction":[{"@type":"ReadAction","target":["https:\/\/brillancy.hu\/product\/freya-gyemant-medal\/"]}]},{"@type":"ImageObject","inLanguage":"en-GB","@id":"https:\/\/brillancy.hu\/product\/freya-gyemant-medal\/#primaryimage","url":"https:\/\/brillancy.hu\/wp-content\/uploads\/2025\/06\/20250619_0940_Elegant-Diamond-Pendant_remix_01jy3j0zp0e6vr5g39dfek5ke6.png","contentUrl":"https:\/\/brillancy.hu\/wp-content\/uploads\/2025\/06\/20250619_0940_Elegant-Diamond-Pendant_remix_01jy3j0zp0e6vr5g39dfek5ke6.png","width":1024,"height":1536,"caption":"Freya gy\u00e9m\u00e1nt med\u00e1l"},{"@type":"BreadcrumbList","@id":"https:\/\/brillancy.hu\/product\/freya-gyemant-medal\/#breadcrumb","itemListElement":[{"@type":"ListItem","position":1,"name":"Home","item":"https:\/\/brillancy.hu\/"},{"@type":"ListItem","position":2,"name":"Term\u00e9kek","item":"https:\/\/brillancy.hu\/termekek\/"},{"@type":"ListItem","position":3,"name":"Freya gy\u00e9m\u00e1nt med\u00e1l"}]},{"@type":"WebSite","@id":"https:\/\/brillancy.hu\/#website","url":"https:\/\/brillancy.hu\/","name":"Brillancy","description":"","potentialAction":[{"@type":"SearchAction","target":{"@type":"EntryPoint","urlTemplate":"https:\/\/brillancy.hu\/?s={search_term_string}"},"query-input":{"@type":"PropertyValueSpecification","valueRequired":true,"valueName":"search_term_string"}}],"inLanguage":"en-GB"}]}},"_links":{"self":[{"href":"https:\/\/brillancy.hu\/en\/wp-json\/wp\/v2\/product\/8288","targetHints":{"allow":["GET"]}}],"collection":[{"href":"https:\/\/brillancy.hu\/en\/wp-json\/wp\/v2\/product"}],"about":[{"href":"https:\/\/brillancy.hu\/en\/wp-json\/wp\/v2\/types\/product"}],"replies":[{"embeddable":true,"href":"https:\/\/brillancy.hu\/en\/wp-json\/wp\/v2\/comments?post=8288"}],"wp:featuredmedia":[{"embeddable":true,"href":"https:\/\/brillancy.hu\/en\/wp-json\/wp\/v2\/media\/10724"}],"wp:attachment":[{"href":"https:\/\/brillancy.hu\/en\/wp-json\/wp\/v2\/media?parent=8288"}],"wp:term":[{"taxonomy":"product_brand","embeddable":true,"href":"https:\/\/brillancy.hu\/en\/wp-json\/wp\/v2\/product_brand?post=8288"},{"taxonomy":"product_cat","embeddable":true,"href":"https:\/\/brillancy.hu\/en\/wp-json\/wp\/v2\/product_cat?post=8288"},{"taxonomy":"product_tag","embeddable":true,"href":"https:\/\/brillancy.hu\/en\/wp-json\/wp\/v2\/product_tag?post=8288"}],"curies":[{"name":"wp","href":"https:\/\/api.w.org\/{rel}","templated":true}]}}