{"id":8287,"date":"2025-01-31T18:38:41","date_gmt":"2025-01-31T17:38:41","guid":{"rendered":"https:\/\/brillancy.hu\/?post_type=product&#038;p=8287"},"modified":"2025-10-17T10:56:14","modified_gmt":"2025-10-17T09:56:14","slug":"anabelle-gyemant-medal","status":"publish","type":"product","link":"https:\/\/brillancy.hu\/en\/product\/anabelle-gyemant-medal\/","title":{"rendered":"Anabelle diamond pendant"},"content":{"rendered":"<p><strong>Anabelle diamond pendant<\/strong><\/p>\n<p>Stunning 14 karat gold pendant.<strong> Open, gently curved lines of the hatkarmos socket you connected, in which a 0,17 ct-os, 3.5 mm \u00e1tm\u00e9t\u0151j\u0171, brilliant cut, natural diamonds<\/strong>\u00a0location.\u00a0<strong>The two diagonally located closely adjacent to each other slot has a total of 25 pieces of 1 mm diameter tiny diamond further enhance the central gemstone<\/strong>\u00a0<strong>amazing glow.<\/strong>\u00a0<strong>Allure romance style, soft lines, and the total 0,27 ct weight diamond t\u00fcnd\u00f6k\u00f6l\u00e9s\u00e9nek to thank for that.<\/strong>\u00a0Those ladies are the perfect choice for who want to stand out and femininity to stress with this exceptional jewelry with wonder.<\/p>\n<ul>\n<li><strong>Material:<\/strong>\u00a0gold<\/li>\n<li><strong>Fineness<\/strong>: 585 thousandth, 14 carat<\/li>\n<li><strong>Gemstone<\/strong>: brilliant cut natural diamonds<\/li>\n<\/ul>\n<p><strong>Eternal life guarantee:<\/strong>\u00a0the jewelry structure of the material errors and gems<\/p>\n<p><strong>I like this diamond pendant, but larger diamonds, or colorful gems did you imagine it? It&#039;s not a problem. We like to give an offer to the expected ideas. Find us confidence on the phone +36 30 539 1179 number, or the <\/strong><a href=\"mailto:info@brillancy.hu\"><strong>info@brillancy.hu<\/strong><\/a><strong>\u00a0e-mail address.<\/strong><\/p>","protected":false},"excerpt":{"rendered":"<p>Lora Twist diamond pendant \u2013 <strong>\u00a0Open, gently curved lines of the hatkarmos socket you connected,<\/strong><\/p>","protected":false},"featured_media":10716,"comment_status":"open","ping_status":"closed","template":"","meta":[],"product_brand":[],"product_cat":[69,21,67],"product_tag":[],"class_list":{"0":"post-8287","1":"product","2":"type-product","3":"status-publish","4":"has-post-thumbnail","6":"product_cat-dragakoves-ekszerek","7":"product_cat-ekszerek","8":"product_cat-medalok","10":"first","11":"instock","12":"shipping-taxable","13":"purchasable","14":"product-type-simple"},"yoast_head":"<!-- This site is optimized with the Yoast SEO Premium plugin v27.0 (Yoast SEO v27.0) - https:\/\/yoast.com\/product\/yoast-seo-premium-wordpress\/ -->\n<title>Anabelle gy\u00e9m\u00e1nt med\u00e1l - Brillancy<\/title>\n<meta name=\"description\" content=\"Anabelle gy\u00e9m\u00e1nt med\u00e1l - Leny\u0171g\u00f6z\u0151 14 kar\u00e1tos med\u00e1l. Sz\u00e9tny\u00edl\u00f3, finoman \u00edvelt vonalai a hatkarmos foglalatn\u00e1l kapcsol\u00f3dik \u00f6ssze,\" \/>\n<meta name=\"robots\" content=\"index, follow, max-snippet:-1, max-image-preview:large, max-video-preview:-1\" \/>\n<link rel=\"canonical\" href=\"https:\/\/brillancy.hu\/en\/product\/anabelle-gyemant-medal\/\" \/>\n<meta property=\"og:locale\" content=\"en_GB\" \/>\n<meta property=\"og:type\" content=\"article\" \/>\n<meta property=\"og:title\" content=\"Anabelle gy\u00e9m\u00e1nt med\u00e1l\" \/>\n<meta property=\"og:description\" content=\"Anabelle gy\u00e9m\u00e1nt med\u00e1l - Leny\u0171g\u00f6z\u0151 14 kar\u00e1tos med\u00e1l. Sz\u00e9tny\u00edl\u00f3, finoman \u00edvelt vonalai a hatkarmos foglalatn\u00e1l kapcsol\u00f3dik \u00f6ssze,\" \/>\n<meta property=\"og:url\" content=\"https:\/\/brillancy.hu\/en\/product\/anabelle-gyemant-medal\/\" \/>\n<meta property=\"og:site_name\" content=\"Brillancy\" \/>\n<meta property=\"article:modified_time\" content=\"2025-10-17T09:56:14+00:00\" \/>\n<meta property=\"og:image\" content=\"https:\/\/brillancy.hu\/wp-content\/uploads\/2025\/06\/20250619_0925_Elegant-Diamond-Pendant_remix_01jy3h5ye2fmd8sxzrtp3z910k-683x1024.png\" \/>\n\t<meta property=\"og:image:width\" content=\"683\" \/>\n\t<meta property=\"og:image:height\" content=\"1024\" \/>\n\t<meta property=\"og:image:type\" content=\"image\/png\" \/>\n<meta name=\"twitter:card\" content=\"summary_large_image\" \/>\n<meta name=\"twitter:label1\" content=\"Estimated reading time\" \/>\n\t<meta name=\"twitter:data1\" content=\"2 minutes\" \/>\n<script type=\"application\/ld+json\" class=\"yoast-schema-graph\">{\"@context\":\"https:\/\/schema.org\",\"@graph\":[{\"@type\":\"WebPage\",\"@id\":\"https:\/\/brillancy.hu\/product\/anabelle-gyemant-medal\/\",\"url\":\"https:\/\/brillancy.hu\/product\/anabelle-gyemant-medal\/\",\"name\":\"Anabelle gy\u00e9m\u00e1nt med\u00e1l - Brillancy\",\"isPartOf\":{\"@id\":\"https:\/\/brillancy.hu\/#website\"},\"primaryImageOfPage\":{\"@id\":\"https:\/\/brillancy.hu\/product\/anabelle-gyemant-medal\/#primaryimage\"},\"image\":{\"@id\":\"https:\/\/brillancy.hu\/product\/anabelle-gyemant-medal\/#primaryimage\"},\"thumbnailUrl\":\"https:\/\/brillancy.hu\/wp-content\/uploads\/2025\/06\/20250619_0925_Elegant-Diamond-Pendant_remix_01jy3h5ye2fmd8sxzrtp3z910k.png\",\"datePublished\":\"2025-01-31T17:38:41+00:00\",\"dateModified\":\"2025-10-17T09:56:14+00:00\",\"description\":\"Anabelle gy\u00e9m\u00e1nt med\u00e1l - Leny\u0171g\u00f6z\u0151 14 kar\u00e1tos med\u00e1l. Sz\u00e9tny\u00edl\u00f3, finoman \u00edvelt vonalai a hatkarmos foglalatn\u00e1l kapcsol\u00f3dik \u00f6ssze,\",\"breadcrumb\":{\"@id\":\"https:\/\/brillancy.hu\/product\/anabelle-gyemant-medal\/#breadcrumb\"},\"inLanguage\":\"en-GB\",\"potentialAction\":[{\"@type\":\"ReadAction\",\"target\":[\"https:\/\/brillancy.hu\/product\/anabelle-gyemant-medal\/\"]}]},{\"@type\":\"ImageObject\",\"inLanguage\":\"en-GB\",\"@id\":\"https:\/\/brillancy.hu\/product\/anabelle-gyemant-medal\/#primaryimage\",\"url\":\"https:\/\/brillancy.hu\/wp-content\/uploads\/2025\/06\/20250619_0925_Elegant-Diamond-Pendant_remix_01jy3h5ye2fmd8sxzrtp3z910k.png\",\"contentUrl\":\"https:\/\/brillancy.hu\/wp-content\/uploads\/2025\/06\/20250619_0925_Elegant-Diamond-Pendant_remix_01jy3h5ye2fmd8sxzrtp3z910k.png\",\"width\":1024,\"height\":1536,\"caption\":\"Anabelle gy\u00e9m\u00e1nt med\u00e1l\"},{\"@type\":\"BreadcrumbList\",\"@id\":\"https:\/\/brillancy.hu\/product\/anabelle-gyemant-medal\/#breadcrumb\",\"itemListElement\":[{\"@type\":\"ListItem\",\"position\":1,\"name\":\"Home\",\"item\":\"https:\/\/brillancy.hu\/\"},{\"@type\":\"ListItem\",\"position\":2,\"name\":\"Term\u00e9kek\",\"item\":\"https:\/\/brillancy.hu\/termekek\/\"},{\"@type\":\"ListItem\",\"position\":3,\"name\":\"Anabelle gy\u00e9m\u00e1nt med\u00e1l\"}]},{\"@type\":\"WebSite\",\"@id\":\"https:\/\/brillancy.hu\/#website\",\"url\":\"https:\/\/brillancy.hu\/\",\"name\":\"Brillancy\",\"description\":\"\",\"potentialAction\":[{\"@type\":\"SearchAction\",\"target\":{\"@type\":\"EntryPoint\",\"urlTemplate\":\"https:\/\/brillancy.hu\/?s={search_term_string}\"},\"query-input\":{\"@type\":\"PropertyValueSpecification\",\"valueRequired\":true,\"valueName\":\"search_term_string\"}}],\"inLanguage\":\"en-GB\"}]}<\/script>\n<!-- \/ Yoast SEO Premium plugin. -->","yoast_head_json":{"title":"Anabelle gy\u00e9m\u00e1nt med\u00e1l - Brillancy","description":"Anabelle gy\u00e9m\u00e1nt med\u00e1l - Leny\u0171g\u00f6z\u0151 14 kar\u00e1tos med\u00e1l. Sz\u00e9tny\u00edl\u00f3, finoman \u00edvelt vonalai a hatkarmos foglalatn\u00e1l kapcsol\u00f3dik \u00f6ssze,","robots":{"index":"index","follow":"follow","max-snippet":"max-snippet:-1","max-image-preview":"max-image-preview:large","max-video-preview":"max-video-preview:-1"},"canonical":"https:\/\/brillancy.hu\/en\/product\/anabelle-gyemant-medal\/","og_locale":"en_GB","og_type":"article","og_title":"Anabelle gy\u00e9m\u00e1nt med\u00e1l","og_description":"Anabelle gy\u00e9m\u00e1nt med\u00e1l - Leny\u0171g\u00f6z\u0151 14 kar\u00e1tos med\u00e1l. Sz\u00e9tny\u00edl\u00f3, finoman \u00edvelt vonalai a hatkarmos foglalatn\u00e1l kapcsol\u00f3dik \u00f6ssze,","og_url":"https:\/\/brillancy.hu\/en\/product\/anabelle-gyemant-medal\/","og_site_name":"Brillancy","article_modified_time":"2025-10-17T09:56:14+00:00","og_image":[{"width":683,"height":1024,"url":"https:\/\/brillancy.hu\/wp-content\/uploads\/2025\/06\/20250619_0925_Elegant-Diamond-Pendant_remix_01jy3h5ye2fmd8sxzrtp3z910k-683x1024.png","type":"image\/png"}],"twitter_card":"summary_large_image","twitter_misc":{"Estimated reading time":"2 minutes"},"schema":{"@context":"https:\/\/schema.org","@graph":[{"@type":"WebPage","@id":"https:\/\/brillancy.hu\/product\/anabelle-gyemant-medal\/","url":"https:\/\/brillancy.hu\/product\/anabelle-gyemant-medal\/","name":"Anabelle gy\u00e9m\u00e1nt med\u00e1l - Brillancy","isPartOf":{"@id":"https:\/\/brillancy.hu\/#website"},"primaryImageOfPage":{"@id":"https:\/\/brillancy.hu\/product\/anabelle-gyemant-medal\/#primaryimage"},"image":{"@id":"https:\/\/brillancy.hu\/product\/anabelle-gyemant-medal\/#primaryimage"},"thumbnailUrl":"https:\/\/brillancy.hu\/wp-content\/uploads\/2025\/06\/20250619_0925_Elegant-Diamond-Pendant_remix_01jy3h5ye2fmd8sxzrtp3z910k.png","datePublished":"2025-01-31T17:38:41+00:00","dateModified":"2025-10-17T09:56:14+00:00","description":"Anabelle gy\u00e9m\u00e1nt med\u00e1l - Leny\u0171g\u00f6z\u0151 14 kar\u00e1tos med\u00e1l. Sz\u00e9tny\u00edl\u00f3, finoman \u00edvelt vonalai a hatkarmos foglalatn\u00e1l kapcsol\u00f3dik \u00f6ssze,","breadcrumb":{"@id":"https:\/\/brillancy.hu\/product\/anabelle-gyemant-medal\/#breadcrumb"},"inLanguage":"en-GB","potentialAction":[{"@type":"ReadAction","target":["https:\/\/brillancy.hu\/product\/anabelle-gyemant-medal\/"]}]},{"@type":"ImageObject","inLanguage":"en-GB","@id":"https:\/\/brillancy.hu\/product\/anabelle-gyemant-medal\/#primaryimage","url":"https:\/\/brillancy.hu\/wp-content\/uploads\/2025\/06\/20250619_0925_Elegant-Diamond-Pendant_remix_01jy3h5ye2fmd8sxzrtp3z910k.png","contentUrl":"https:\/\/brillancy.hu\/wp-content\/uploads\/2025\/06\/20250619_0925_Elegant-Diamond-Pendant_remix_01jy3h5ye2fmd8sxzrtp3z910k.png","width":1024,"height":1536,"caption":"Anabelle gy\u00e9m\u00e1nt med\u00e1l"},{"@type":"BreadcrumbList","@id":"https:\/\/brillancy.hu\/product\/anabelle-gyemant-medal\/#breadcrumb","itemListElement":[{"@type":"ListItem","position":1,"name":"Home","item":"https:\/\/brillancy.hu\/"},{"@type":"ListItem","position":2,"name":"Term\u00e9kek","item":"https:\/\/brillancy.hu\/termekek\/"},{"@type":"ListItem","position":3,"name":"Anabelle gy\u00e9m\u00e1nt med\u00e1l"}]},{"@type":"WebSite","@id":"https:\/\/brillancy.hu\/#website","url":"https:\/\/brillancy.hu\/","name":"Brillancy","description":"","potentialAction":[{"@type":"SearchAction","target":{"@type":"EntryPoint","urlTemplate":"https:\/\/brillancy.hu\/?s={search_term_string}"},"query-input":{"@type":"PropertyValueSpecification","valueRequired":true,"valueName":"search_term_string"}}],"inLanguage":"en-GB"}]}},"_links":{"self":[{"href":"https:\/\/brillancy.hu\/en\/wp-json\/wp\/v2\/product\/8287","targetHints":{"allow":["GET"]}}],"collection":[{"href":"https:\/\/brillancy.hu\/en\/wp-json\/wp\/v2\/product"}],"about":[{"href":"https:\/\/brillancy.hu\/en\/wp-json\/wp\/v2\/types\/product"}],"replies":[{"embeddable":true,"href":"https:\/\/brillancy.hu\/en\/wp-json\/wp\/v2\/comments?post=8287"}],"wp:featuredmedia":[{"embeddable":true,"href":"https:\/\/brillancy.hu\/en\/wp-json\/wp\/v2\/media\/10716"}],"wp:attachment":[{"href":"https:\/\/brillancy.hu\/en\/wp-json\/wp\/v2\/media?parent=8287"}],"wp:term":[{"taxonomy":"product_brand","embeddable":true,"href":"https:\/\/brillancy.hu\/en\/wp-json\/wp\/v2\/product_brand?post=8287"},{"taxonomy":"product_cat","embeddable":true,"href":"https:\/\/brillancy.hu\/en\/wp-json\/wp\/v2\/product_cat?post=8287"},{"taxonomy":"product_tag","embeddable":true,"href":"https:\/\/brillancy.hu\/en\/wp-json\/wp\/v2\/product_tag?post=8287"}],"curies":[{"name":"wp","href":"https:\/\/api.w.org\/{rel}","templated":true}]}}