{"id":8285,"date":"2025-01-31T18:38:41","date_gmt":"2025-01-31T17:38:41","guid":{"rendered":"https:\/\/brillancy.hu\/?post_type=product&#038;p=8285"},"modified":"2025-10-17T10:56:14","modified_gmt":"2025-10-17T09:56:14","slug":"cassiopeia-feherarany-kek-gyemant-medal","status":"publish","type":"product","link":"https:\/\/brillancy.hu\/en\/product\/cassiopeia-feherarany-kek-gyemant-medal\/","title":{"rendered":"Cassiopeia The White Gold Blue Diamond Pendant"},"content":{"rendered":"<p><strong>Cassiopeia the white gold blue diamond pendant:<\/strong><\/p>\n<p>Character decorative diamond pendant for those who have a very special jewelry for a miracle desire. If you like the square shape, this white gold diamond medallion you found out. The white gold pendant is a brilliant princess cut blue diamonds embrace involved, which is magical, makes this gorgeous jewelry. We offer every lady for fans of princess diamonds, the clean lines of design and the white gold is an elegant color for. This impressive jewelry wonder, the most popular guy friends, comfortable to wear for everyday life and for special occasions alike.<\/p>\n<ul>\n<li>Material: 14 carat gold<\/li>\n<li>Fineness: 585 thousandth<\/li>\n<li>Gemstone: Natural diamonds<\/li>\n<li>Eternal life guarantee: material errors and gems<\/li>\n<li>All \u00e9kszer\u00fcnkh\u00f6z quality certificate and certificate we have, which guarantees the jewelry and gems quality and originality of. If any other colors, or other stone you pictured your jewelry, let us know, and we will implement it! brillancyekszer@gmail.com<\/li>\n<li>The average preparation time is 10-15 working days. The medallion gift box optional.<br \/>\nHow you can save? If you have time you arrive showroom, a 5% discount on the order jewelry price.<br \/>\nPay broken with gold! Damaged, old, or never used gold hiding at home in the cupboards? Bring it in to us and get a discount, trade-in you, the selected ring price.<br \/>\nLike the jewelry, but other gems did you imagine it? It&#039;s not a problem. We like to give you an offer to the expected ideas. Find us with confidence!<\/li>\n<\/ul>","protected":false},"excerpt":{"rendered":"<p>Cassiopeia feh\u00e9rarany k\u00e9k gy\u00e9m\u00e1nt med\u00e1l: Karakteres, dekorat\u00edv gy\u00e9m\u00e1nt med\u00e1l azoknak, akik egy igaz\u00e1n k\u00fcl\u00f6nleges \u00e9kszercsod\u00e1ra v\u00e1gynak. Ha tetszenek a sz\u00f6gletes form\u00e1k, ezt a feh\u00e9rarany gy\u00e9m\u00e1nt med\u00e1lt Neked tal\u00e1ltuk ki. A feh\u00e9rarany med\u00e1l egy ragyog\u00f3 princess csiszol\u00e1s\u00fa k\u00e9k gy\u00e9m\u00e1ntot \u00f6lel k\u00f6zre, mely var\u00e1zslatoss\u00e1 teszi ezt a gy\u00f6ny\u00f6r\u0171 \u00e9kszert. Aj\u00e1nljuk minden olyan h\u00f6lgy sz\u00e1m\u00e1ra, aki rajong a [&hellip;]<\/p>\n","protected":false},"featured_media":10669,"comment_status":"closed","ping_status":"closed","template":"","meta":[],"product_brand":[],"product_cat":[69,21,67],"product_tag":[],"class_list":{"0":"post-8285","1":"product","2":"type-product","3":"status-publish","4":"has-post-thumbnail","6":"product_cat-dragakoves-ekszerek","7":"product_cat-ekszerek","8":"product_cat-medalok","10":"first","11":"instock","12":"purchasable","13":"product-type-simple"},"yoast_head":"<!-- This site is optimized with the Yoast SEO Premium plugin v27.0 (Yoast SEO v27.0) - https:\/\/yoast.com\/product\/yoast-seo-premium-wordpress\/ -->\n<title>Cassiopeia Feh\u00e9rarany K\u00e9k Gy\u00e9m\u00e1nt Med\u00e1l - Brillancy<\/title>\n<meta name=\"description\" content=\"Cassiopeia Feh\u00e9rarany K\u00e9k Gy\u00e9m\u00e1nt Med\u00e1l - Cassiopeia feh\u00e9rarany k\u00e9k gy\u00e9m\u00e1nt med\u00e1l: Karakteres, dekorat\u00edv gy\u00e9m\u00e1nt med\u00e1l azoknak,...\" \/>\n<meta name=\"robots\" content=\"index, follow, max-snippet:-1, max-image-preview:large, max-video-preview:-1\" \/>\n<link rel=\"canonical\" href=\"https:\/\/brillancy.hu\/en\/product\/cassiopeia-feherarany-kek-gyemant-medal\/\" \/>\n<meta property=\"og:locale\" content=\"en_GB\" \/>\n<meta property=\"og:type\" content=\"article\" \/>\n<meta property=\"og:title\" content=\"Cassiopeia Feh\u00e9rarany K\u00e9k Gy\u00e9m\u00e1nt Med\u00e1l\" \/>\n<meta property=\"og:description\" content=\"Cassiopeia Feh\u00e9rarany K\u00e9k Gy\u00e9m\u00e1nt Med\u00e1l - Cassiopeia feh\u00e9rarany k\u00e9k gy\u00e9m\u00e1nt med\u00e1l: Karakteres, dekorat\u00edv gy\u00e9m\u00e1nt med\u00e1l azoknak,...\" \/>\n<meta property=\"og:url\" content=\"https:\/\/brillancy.hu\/en\/product\/cassiopeia-feherarany-kek-gyemant-medal\/\" \/>\n<meta property=\"og:site_name\" content=\"Brillancy\" \/>\n<meta property=\"article:modified_time\" content=\"2025-10-17T09:56:14+00:00\" \/>\n<meta property=\"og:image\" content=\"https:\/\/brillancy.hu\/wp-content\/uploads\/2025\/06\/20250617_1710_Elegant-Blue-Pendant_remix_01jxz7062tf0fa14bwd5xmt8cd.png\" \/>\n\t<meta property=\"og:image:width\" content=\"1024\" \/>\n\t<meta property=\"og:image:height\" content=\"1024\" \/>\n\t<meta property=\"og:image:type\" content=\"image\/png\" \/>\n<meta name=\"twitter:card\" content=\"summary_large_image\" \/>\n<meta name=\"twitter:label1\" content=\"Estimated reading time\" \/>\n\t<meta name=\"twitter:data1\" content=\"2 minutes\" \/>\n<script type=\"application\/ld+json\" class=\"yoast-schema-graph\">{\"@context\":\"https:\/\/schema.org\",\"@graph\":[{\"@type\":\"WebPage\",\"@id\":\"https:\/\/brillancy.hu\/product\/cassiopeia-feherarany-kek-gyemant-medal\/\",\"url\":\"https:\/\/brillancy.hu\/product\/cassiopeia-feherarany-kek-gyemant-medal\/\",\"name\":\"Cassiopeia Feh\u00e9rarany K\u00e9k Gy\u00e9m\u00e1nt Med\u00e1l - Brillancy\",\"isPartOf\":{\"@id\":\"https:\/\/brillancy.hu\/#website\"},\"primaryImageOfPage\":{\"@id\":\"https:\/\/brillancy.hu\/product\/cassiopeia-feherarany-kek-gyemant-medal\/#primaryimage\"},\"image\":{\"@id\":\"https:\/\/brillancy.hu\/product\/cassiopeia-feherarany-kek-gyemant-medal\/#primaryimage\"},\"thumbnailUrl\":\"https:\/\/brillancy.hu\/wp-content\/uploads\/2025\/06\/20250617_1710_Elegant-Blue-Pendant_remix_01jxz7062tf0fa14bwd5xmt8cd.png\",\"datePublished\":\"2025-01-31T17:38:41+00:00\",\"dateModified\":\"2025-10-17T09:56:14+00:00\",\"description\":\"Cassiopeia Feh\u00e9rarany K\u00e9k Gy\u00e9m\u00e1nt Med\u00e1l - Cassiopeia feh\u00e9rarany k\u00e9k gy\u00e9m\u00e1nt med\u00e1l: Karakteres, dekorat\u00edv gy\u00e9m\u00e1nt med\u00e1l azoknak,...\",\"breadcrumb\":{\"@id\":\"https:\/\/brillancy.hu\/product\/cassiopeia-feherarany-kek-gyemant-medal\/#breadcrumb\"},\"inLanguage\":\"en-GB\",\"potentialAction\":[{\"@type\":\"ReadAction\",\"target\":[\"https:\/\/brillancy.hu\/product\/cassiopeia-feherarany-kek-gyemant-medal\/\"]}]},{\"@type\":\"ImageObject\",\"inLanguage\":\"en-GB\",\"@id\":\"https:\/\/brillancy.hu\/product\/cassiopeia-feherarany-kek-gyemant-medal\/#primaryimage\",\"url\":\"https:\/\/brillancy.hu\/wp-content\/uploads\/2025\/06\/20250617_1710_Elegant-Blue-Pendant_remix_01jxz7062tf0fa14bwd5xmt8cd.png\",\"contentUrl\":\"https:\/\/brillancy.hu\/wp-content\/uploads\/2025\/06\/20250617_1710_Elegant-Blue-Pendant_remix_01jxz7062tf0fa14bwd5xmt8cd.png\",\"width\":1024,\"height\":1024,\"caption\":\"Cassiopeia feh\u00e9rarany k\u00e9k gy\u00e9m\u00e1nt med\u00e1l:\"},{\"@type\":\"BreadcrumbList\",\"@id\":\"https:\/\/brillancy.hu\/product\/cassiopeia-feherarany-kek-gyemant-medal\/#breadcrumb\",\"itemListElement\":[{\"@type\":\"ListItem\",\"position\":1,\"name\":\"Home\",\"item\":\"https:\/\/brillancy.hu\/\"},{\"@type\":\"ListItem\",\"position\":2,\"name\":\"Term\u00e9kek\",\"item\":\"https:\/\/brillancy.hu\/termekek\/\"},{\"@type\":\"ListItem\",\"position\":3,\"name\":\"Cassiopeia Feh\u00e9rarany K\u00e9k Gy\u00e9m\u00e1nt Med\u00e1l\"}]},{\"@type\":\"WebSite\",\"@id\":\"https:\/\/brillancy.hu\/#website\",\"url\":\"https:\/\/brillancy.hu\/\",\"name\":\"Brillancy\",\"description\":\"\",\"potentialAction\":[{\"@type\":\"SearchAction\",\"target\":{\"@type\":\"EntryPoint\",\"urlTemplate\":\"https:\/\/brillancy.hu\/?s={search_term_string}\"},\"query-input\":{\"@type\":\"PropertyValueSpecification\",\"valueRequired\":true,\"valueName\":\"search_term_string\"}}],\"inLanguage\":\"en-GB\"}]}<\/script>\n<!-- \/ Yoast SEO Premium plugin. -->","yoast_head_json":{"title":"Cassiopeia Feh\u00e9rarany K\u00e9k Gy\u00e9m\u00e1nt Med\u00e1l - Brillancy","description":"Cassiopeia Feh\u00e9rarany K\u00e9k Gy\u00e9m\u00e1nt Med\u00e1l - Cassiopeia feh\u00e9rarany k\u00e9k gy\u00e9m\u00e1nt med\u00e1l: Karakteres, dekorat\u00edv gy\u00e9m\u00e1nt med\u00e1l azoknak,...","robots":{"index":"index","follow":"follow","max-snippet":"max-snippet:-1","max-image-preview":"max-image-preview:large","max-video-preview":"max-video-preview:-1"},"canonical":"https:\/\/brillancy.hu\/en\/product\/cassiopeia-feherarany-kek-gyemant-medal\/","og_locale":"en_GB","og_type":"article","og_title":"Cassiopeia Feh\u00e9rarany K\u00e9k Gy\u00e9m\u00e1nt Med\u00e1l","og_description":"Cassiopeia Feh\u00e9rarany K\u00e9k Gy\u00e9m\u00e1nt Med\u00e1l - Cassiopeia feh\u00e9rarany k\u00e9k gy\u00e9m\u00e1nt med\u00e1l: Karakteres, dekorat\u00edv gy\u00e9m\u00e1nt med\u00e1l azoknak,...","og_url":"https:\/\/brillancy.hu\/en\/product\/cassiopeia-feherarany-kek-gyemant-medal\/","og_site_name":"Brillancy","article_modified_time":"2025-10-17T09:56:14+00:00","og_image":[{"width":1024,"height":1024,"url":"https:\/\/brillancy.hu\/wp-content\/uploads\/2025\/06\/20250617_1710_Elegant-Blue-Pendant_remix_01jxz7062tf0fa14bwd5xmt8cd.png","type":"image\/png"}],"twitter_card":"summary_large_image","twitter_misc":{"Estimated reading time":"2 minutes"},"schema":{"@context":"https:\/\/schema.org","@graph":[{"@type":"WebPage","@id":"https:\/\/brillancy.hu\/product\/cassiopeia-feherarany-kek-gyemant-medal\/","url":"https:\/\/brillancy.hu\/product\/cassiopeia-feherarany-kek-gyemant-medal\/","name":"Cassiopeia Feh\u00e9rarany K\u00e9k Gy\u00e9m\u00e1nt Med\u00e1l - Brillancy","isPartOf":{"@id":"https:\/\/brillancy.hu\/#website"},"primaryImageOfPage":{"@id":"https:\/\/brillancy.hu\/product\/cassiopeia-feherarany-kek-gyemant-medal\/#primaryimage"},"image":{"@id":"https:\/\/brillancy.hu\/product\/cassiopeia-feherarany-kek-gyemant-medal\/#primaryimage"},"thumbnailUrl":"https:\/\/brillancy.hu\/wp-content\/uploads\/2025\/06\/20250617_1710_Elegant-Blue-Pendant_remix_01jxz7062tf0fa14bwd5xmt8cd.png","datePublished":"2025-01-31T17:38:41+00:00","dateModified":"2025-10-17T09:56:14+00:00","description":"Cassiopeia Feh\u00e9rarany K\u00e9k Gy\u00e9m\u00e1nt Med\u00e1l - Cassiopeia feh\u00e9rarany k\u00e9k gy\u00e9m\u00e1nt med\u00e1l: Karakteres, dekorat\u00edv gy\u00e9m\u00e1nt med\u00e1l azoknak,...","breadcrumb":{"@id":"https:\/\/brillancy.hu\/product\/cassiopeia-feherarany-kek-gyemant-medal\/#breadcrumb"},"inLanguage":"en-GB","potentialAction":[{"@type":"ReadAction","target":["https:\/\/brillancy.hu\/product\/cassiopeia-feherarany-kek-gyemant-medal\/"]}]},{"@type":"ImageObject","inLanguage":"en-GB","@id":"https:\/\/brillancy.hu\/product\/cassiopeia-feherarany-kek-gyemant-medal\/#primaryimage","url":"https:\/\/brillancy.hu\/wp-content\/uploads\/2025\/06\/20250617_1710_Elegant-Blue-Pendant_remix_01jxz7062tf0fa14bwd5xmt8cd.png","contentUrl":"https:\/\/brillancy.hu\/wp-content\/uploads\/2025\/06\/20250617_1710_Elegant-Blue-Pendant_remix_01jxz7062tf0fa14bwd5xmt8cd.png","width":1024,"height":1024,"caption":"Cassiopeia feh\u00e9rarany k\u00e9k gy\u00e9m\u00e1nt med\u00e1l:"},{"@type":"BreadcrumbList","@id":"https:\/\/brillancy.hu\/product\/cassiopeia-feherarany-kek-gyemant-medal\/#breadcrumb","itemListElement":[{"@type":"ListItem","position":1,"name":"Home","item":"https:\/\/brillancy.hu\/"},{"@type":"ListItem","position":2,"name":"Term\u00e9kek","item":"https:\/\/brillancy.hu\/termekek\/"},{"@type":"ListItem","position":3,"name":"Cassiopeia Feh\u00e9rarany K\u00e9k Gy\u00e9m\u00e1nt Med\u00e1l"}]},{"@type":"WebSite","@id":"https:\/\/brillancy.hu\/#website","url":"https:\/\/brillancy.hu\/","name":"Brillancy","description":"","potentialAction":[{"@type":"SearchAction","target":{"@type":"EntryPoint","urlTemplate":"https:\/\/brillancy.hu\/?s={search_term_string}"},"query-input":{"@type":"PropertyValueSpecification","valueRequired":true,"valueName":"search_term_string"}}],"inLanguage":"en-GB"}]}},"_links":{"self":[{"href":"https:\/\/brillancy.hu\/en\/wp-json\/wp\/v2\/product\/8285","targetHints":{"allow":["GET"]}}],"collection":[{"href":"https:\/\/brillancy.hu\/en\/wp-json\/wp\/v2\/product"}],"about":[{"href":"https:\/\/brillancy.hu\/en\/wp-json\/wp\/v2\/types\/product"}],"replies":[{"embeddable":true,"href":"https:\/\/brillancy.hu\/en\/wp-json\/wp\/v2\/comments?post=8285"}],"wp:featuredmedia":[{"embeddable":true,"href":"https:\/\/brillancy.hu\/en\/wp-json\/wp\/v2\/media\/10669"}],"wp:attachment":[{"href":"https:\/\/brillancy.hu\/en\/wp-json\/wp\/v2\/media?parent=8285"}],"wp:term":[{"taxonomy":"product_brand","embeddable":true,"href":"https:\/\/brillancy.hu\/en\/wp-json\/wp\/v2\/product_brand?post=8285"},{"taxonomy":"product_cat","embeddable":true,"href":"https:\/\/brillancy.hu\/en\/wp-json\/wp\/v2\/product_cat?post=8285"},{"taxonomy":"product_tag","embeddable":true,"href":"https:\/\/brillancy.hu\/en\/wp-json\/wp\/v2\/product_tag?post=8285"}],"curies":[{"name":"wp","href":"https:\/\/api.w.org\/{rel}","templated":true}]}}