{"id":8188,"date":"2025-01-31T18:37:59","date_gmt":"2025-01-31T17:37:59","guid":{"rendered":"https:\/\/brillancy.hu\/?post_type=product&#038;p=8188"},"modified":"2025-10-17T10:56:14","modified_gmt":"2025-10-17T09:56:14","slug":"argos-feherarany-kek-gyemant-medal","status":"publish","type":"product","link":"https:\/\/brillancy.hu\/en\/product\/argos-feherarany-kek-gyemant-medal\/","title":{"rendered":"Argos white gold Blue Diamond Pendant"},"content":{"rendered":"<p>Argos white gold Blue Diamond Pendant<\/p>\n<p>T\u00fcnd\u00f6kl\u0151 megjelen\u00e9s\u0171 feh\u00e9rarany k\u00e9k gy\u00e9m\u00e1nt med\u00e1l. Var\u00e1zslatos k\u00e9k gy\u00e9m\u00e1nt, \u00e9s az arany fantasztikus kombin\u00e1ci\u00f3ja. K\u00f6nnyeds\u00e9g, elegancia, letisztults\u00e1g jellemzik ezt a fantasztikus leny\u0171g\u00f6z\u0151 gy\u00e9m\u00e1nt med\u00e1lt. Viseld b\u00e1tran ak\u00e1r h\u00e9tk\u00f6znapokra ak\u00e1r k\u00fcl\u00f6nleges alkalmakra.<\/p>\n<p>A med\u00e1lban kett\u0151 darab kerek brili\u00e1ns csiszol\u00e1s\u00fa k\u00e9k gy\u00e9m\u00e1nt tal\u00e1lhat\u00f3, valamint egy princess csiszol\u00e1s\u00fa gy\u00e9m\u00e1nt. A gy\u00e9m\u00e1nt med\u00e1l egyszer\u0171en megrendelhet\u0151 webshopunkban, vagy szem\u00e9lyesen \u00fczlet\u00fcnkben. A med\u00e1l mell\u00e9 aj\u00e1nd\u00e9k d\u00edszdoboz v\u00e1laszthat.<\/p>\n<ul>\n<li>Material: 14 karat white gold<\/li>\n<li>Fineness: 585 thousandth<\/li>\n<li>Gemstone: natural diamonds<\/li>\n<li>Eternal life guarantee: material errors and gems<\/li>\n<\/ul>\n<p>If any other colors, or other stone you pictured your jewelry, let us know, and we will implement it! brillancyekszer@gmail.com<\/p>\n<p>Az \u00e1tlagos elk\u00e9sz\u00edt\u00e9si id\u0151 4-5 h\u00e9t.<\/p>\n<p>A gift box is available for the pendant.<br \/>\nPay broken with gold! Damaged, old, or never used gold hiding at home in the cupboards? Bring it in to us and get a discount, trade-in you, the selected ring price.<br \/>\nLike the jewelry, but other gems did you imagine it? It&#039;s not a problem. We like to give you an offer to the expected ideas. Find us with confidence!<\/p>","protected":false},"excerpt":{"rendered":"<p>Argos feh\u00e9rarany K\u00e9k Gy\u00e9m\u00e1nt Med\u00e1l &#8211; K\u00f6nnyeds\u00e9g, elegancia, letisztults\u00e1g jellemzik ezt a fantasztikus leny\u0171g\u00f6z\u0151 gy\u00e9m\u00e1nt med\u00e1lt. Viseld b\u00e1tran ak\u00e1r h\u00e9tk\u00f6znapokra ak\u00e1r k\u00fcl\u00f6nleges alkalmakra.<\/p>","protected":false},"featured_media":11866,"comment_status":"closed","ping_status":"closed","template":"","meta":[],"product_brand":[],"product_cat":[69,21,67],"product_tag":[],"class_list":{"0":"post-8188","1":"product","2":"type-product","3":"status-publish","4":"has-post-thumbnail","6":"product_cat-dragakoves-ekszerek","7":"product_cat-ekszerek","8":"product_cat-medalok","10":"first","11":"instock","12":"purchasable","13":"product-type-simple"},"yoast_head":"<!-- This site is optimized with the Yoast SEO Premium plugin v27.0 (Yoast SEO v27.0) - https:\/\/yoast.com\/product\/yoast-seo-premium-wordpress\/ -->\n<title>Argos feh\u00e9rarany K\u00e9k Gy\u00e9m\u00e1nt Med\u00e1l - Brillancy<\/title>\n<meta name=\"description\" content=\"Argos feh\u00e9rarany K\u00e9k Gy\u00e9m\u00e1nt Med\u00e1l - K\u00f6nnyeds\u00e9g, elegancia, letisztults\u00e1g jellemzik ezt a fantasztikus leny\u0171g\u00f6z\u0151 gy\u00e9m\u00e1nt med\u00e1lt.\" \/>\n<meta name=\"robots\" content=\"index, follow, max-snippet:-1, max-image-preview:large, max-video-preview:-1\" \/>\n<link rel=\"canonical\" href=\"https:\/\/brillancy.hu\/en\/product\/argos-feherarany-kek-gyemant-medal\/\" \/>\n<meta property=\"og:locale\" content=\"en_GB\" \/>\n<meta property=\"og:type\" content=\"article\" \/>\n<meta property=\"og:title\" content=\"Argos feh\u00e9rarany K\u00e9k Gy\u00e9m\u00e1nt Med\u00e1l\" \/>\n<meta property=\"og:description\" content=\"Argos feh\u00e9rarany K\u00e9k Gy\u00e9m\u00e1nt Med\u00e1l - K\u00f6nnyeds\u00e9g, elegancia, letisztults\u00e1g jellemzik ezt a fantasztikus leny\u0171g\u00f6z\u0151 gy\u00e9m\u00e1nt med\u00e1lt.\" \/>\n<meta property=\"og:url\" content=\"https:\/\/brillancy.hu\/en\/product\/argos-feherarany-kek-gyemant-medal\/\" \/>\n<meta property=\"og:site_name\" content=\"Brillancy\" \/>\n<meta property=\"article:modified_time\" content=\"2025-10-17T09:56:14+00:00\" \/>\n<meta property=\"og:image\" content=\"https:\/\/brillancy.hu\/wp-content\/uploads\/2025\/01\/argos1-683x1024.png\" \/>\n\t<meta property=\"og:image:width\" content=\"683\" \/>\n\t<meta property=\"og:image:height\" content=\"1024\" \/>\n\t<meta property=\"og:image:type\" content=\"image\/png\" \/>\n<meta name=\"twitter:card\" content=\"summary_large_image\" \/>\n<meta name=\"twitter:label1\" content=\"Estimated reading time\" \/>\n\t<meta name=\"twitter:data1\" content=\"2 minutes\" \/>\n<script type=\"application\/ld+json\" class=\"yoast-schema-graph\">{\"@context\":\"https:\/\/schema.org\",\"@graph\":[{\"@type\":\"WebPage\",\"@id\":\"https:\/\/brillancy.hu\/product\/argos-feherarany-kek-gyemant-medal\/\",\"url\":\"https:\/\/brillancy.hu\/product\/argos-feherarany-kek-gyemant-medal\/\",\"name\":\"Argos feh\u00e9rarany K\u00e9k Gy\u00e9m\u00e1nt Med\u00e1l - Brillancy\",\"isPartOf\":{\"@id\":\"https:\/\/brillancy.hu\/#website\"},\"primaryImageOfPage\":{\"@id\":\"https:\/\/brillancy.hu\/product\/argos-feherarany-kek-gyemant-medal\/#primaryimage\"},\"image\":{\"@id\":\"https:\/\/brillancy.hu\/product\/argos-feherarany-kek-gyemant-medal\/#primaryimage\"},\"thumbnailUrl\":\"https:\/\/brillancy.hu\/wp-content\/uploads\/2025\/01\/argos1.png\",\"datePublished\":\"2025-01-31T17:37:59+00:00\",\"dateModified\":\"2025-10-17T09:56:14+00:00\",\"description\":\"Argos feh\u00e9rarany K\u00e9k Gy\u00e9m\u00e1nt Med\u00e1l - K\u00f6nnyeds\u00e9g, elegancia, letisztults\u00e1g jellemzik ezt a fantasztikus leny\u0171g\u00f6z\u0151 gy\u00e9m\u00e1nt med\u00e1lt.\",\"breadcrumb\":{\"@id\":\"https:\/\/brillancy.hu\/product\/argos-feherarany-kek-gyemant-medal\/#breadcrumb\"},\"inLanguage\":\"en-GB\",\"potentialAction\":[{\"@type\":\"ReadAction\",\"target\":[\"https:\/\/brillancy.hu\/product\/argos-feherarany-kek-gyemant-medal\/\"]}]},{\"@type\":\"ImageObject\",\"inLanguage\":\"en-GB\",\"@id\":\"https:\/\/brillancy.hu\/product\/argos-feherarany-kek-gyemant-medal\/#primaryimage\",\"url\":\"https:\/\/brillancy.hu\/wp-content\/uploads\/2025\/01\/argos1.png\",\"contentUrl\":\"https:\/\/brillancy.hu\/wp-content\/uploads\/2025\/01\/argos1.png\",\"width\":1024,\"height\":1536,\"caption\":\"Argos feh\u00e9rarany K\u00e9k Gy\u00e9m\u00e1nt Med\u00e1l\"},{\"@type\":\"BreadcrumbList\",\"@id\":\"https:\/\/brillancy.hu\/product\/argos-feherarany-kek-gyemant-medal\/#breadcrumb\",\"itemListElement\":[{\"@type\":\"ListItem\",\"position\":1,\"name\":\"Home\",\"item\":\"https:\/\/brillancy.hu\/\"},{\"@type\":\"ListItem\",\"position\":2,\"name\":\"Term\u00e9kek\",\"item\":\"https:\/\/brillancy.hu\/termekek\/\"},{\"@type\":\"ListItem\",\"position\":3,\"name\":\"Argos feh\u00e9rarany K\u00e9k Gy\u00e9m\u00e1nt Med\u00e1l\"}]},{\"@type\":\"WebSite\",\"@id\":\"https:\/\/brillancy.hu\/#website\",\"url\":\"https:\/\/brillancy.hu\/\",\"name\":\"Brillancy\",\"description\":\"\",\"potentialAction\":[{\"@type\":\"SearchAction\",\"target\":{\"@type\":\"EntryPoint\",\"urlTemplate\":\"https:\/\/brillancy.hu\/?s={search_term_string}\"},\"query-input\":{\"@type\":\"PropertyValueSpecification\",\"valueRequired\":true,\"valueName\":\"search_term_string\"}}],\"inLanguage\":\"en-GB\"}]}<\/script>\n<!-- \/ Yoast SEO Premium plugin. -->","yoast_head_json":{"title":"Argos feh\u00e9rarany K\u00e9k Gy\u00e9m\u00e1nt Med\u00e1l - Brillancy","description":"Argos feh\u00e9rarany K\u00e9k Gy\u00e9m\u00e1nt Med\u00e1l - K\u00f6nnyeds\u00e9g, elegancia, letisztults\u00e1g jellemzik ezt a fantasztikus leny\u0171g\u00f6z\u0151 gy\u00e9m\u00e1nt med\u00e1lt.","robots":{"index":"index","follow":"follow","max-snippet":"max-snippet:-1","max-image-preview":"max-image-preview:large","max-video-preview":"max-video-preview:-1"},"canonical":"https:\/\/brillancy.hu\/en\/product\/argos-feherarany-kek-gyemant-medal\/","og_locale":"en_GB","og_type":"article","og_title":"Argos feh\u00e9rarany K\u00e9k Gy\u00e9m\u00e1nt Med\u00e1l","og_description":"Argos feh\u00e9rarany K\u00e9k Gy\u00e9m\u00e1nt Med\u00e1l - K\u00f6nnyeds\u00e9g, elegancia, letisztults\u00e1g jellemzik ezt a fantasztikus leny\u0171g\u00f6z\u0151 gy\u00e9m\u00e1nt med\u00e1lt.","og_url":"https:\/\/brillancy.hu\/en\/product\/argos-feherarany-kek-gyemant-medal\/","og_site_name":"Brillancy","article_modified_time":"2025-10-17T09:56:14+00:00","og_image":[{"width":683,"height":1024,"url":"https:\/\/brillancy.hu\/wp-content\/uploads\/2025\/01\/argos1-683x1024.png","type":"image\/png"}],"twitter_card":"summary_large_image","twitter_misc":{"Estimated reading time":"2 minutes"},"schema":{"@context":"https:\/\/schema.org","@graph":[{"@type":"WebPage","@id":"https:\/\/brillancy.hu\/product\/argos-feherarany-kek-gyemant-medal\/","url":"https:\/\/brillancy.hu\/product\/argos-feherarany-kek-gyemant-medal\/","name":"Argos feh\u00e9rarany K\u00e9k Gy\u00e9m\u00e1nt Med\u00e1l - Brillancy","isPartOf":{"@id":"https:\/\/brillancy.hu\/#website"},"primaryImageOfPage":{"@id":"https:\/\/brillancy.hu\/product\/argos-feherarany-kek-gyemant-medal\/#primaryimage"},"image":{"@id":"https:\/\/brillancy.hu\/product\/argos-feherarany-kek-gyemant-medal\/#primaryimage"},"thumbnailUrl":"https:\/\/brillancy.hu\/wp-content\/uploads\/2025\/01\/argos1.png","datePublished":"2025-01-31T17:37:59+00:00","dateModified":"2025-10-17T09:56:14+00:00","description":"Argos feh\u00e9rarany K\u00e9k Gy\u00e9m\u00e1nt Med\u00e1l - K\u00f6nnyeds\u00e9g, elegancia, letisztults\u00e1g jellemzik ezt a fantasztikus leny\u0171g\u00f6z\u0151 gy\u00e9m\u00e1nt med\u00e1lt.","breadcrumb":{"@id":"https:\/\/brillancy.hu\/product\/argos-feherarany-kek-gyemant-medal\/#breadcrumb"},"inLanguage":"en-GB","potentialAction":[{"@type":"ReadAction","target":["https:\/\/brillancy.hu\/product\/argos-feherarany-kek-gyemant-medal\/"]}]},{"@type":"ImageObject","inLanguage":"en-GB","@id":"https:\/\/brillancy.hu\/product\/argos-feherarany-kek-gyemant-medal\/#primaryimage","url":"https:\/\/brillancy.hu\/wp-content\/uploads\/2025\/01\/argos1.png","contentUrl":"https:\/\/brillancy.hu\/wp-content\/uploads\/2025\/01\/argos1.png","width":1024,"height":1536,"caption":"Argos feh\u00e9rarany K\u00e9k Gy\u00e9m\u00e1nt Med\u00e1l"},{"@type":"BreadcrumbList","@id":"https:\/\/brillancy.hu\/product\/argos-feherarany-kek-gyemant-medal\/#breadcrumb","itemListElement":[{"@type":"ListItem","position":1,"name":"Home","item":"https:\/\/brillancy.hu\/"},{"@type":"ListItem","position":2,"name":"Term\u00e9kek","item":"https:\/\/brillancy.hu\/termekek\/"},{"@type":"ListItem","position":3,"name":"Argos feh\u00e9rarany K\u00e9k Gy\u00e9m\u00e1nt Med\u00e1l"}]},{"@type":"WebSite","@id":"https:\/\/brillancy.hu\/#website","url":"https:\/\/brillancy.hu\/","name":"Brillancy","description":"","potentialAction":[{"@type":"SearchAction","target":{"@type":"EntryPoint","urlTemplate":"https:\/\/brillancy.hu\/?s={search_term_string}"},"query-input":{"@type":"PropertyValueSpecification","valueRequired":true,"valueName":"search_term_string"}}],"inLanguage":"en-GB"}]}},"_links":{"self":[{"href":"https:\/\/brillancy.hu\/en\/wp-json\/wp\/v2\/product\/8188","targetHints":{"allow":["GET"]}}],"collection":[{"href":"https:\/\/brillancy.hu\/en\/wp-json\/wp\/v2\/product"}],"about":[{"href":"https:\/\/brillancy.hu\/en\/wp-json\/wp\/v2\/types\/product"}],"replies":[{"embeddable":true,"href":"https:\/\/brillancy.hu\/en\/wp-json\/wp\/v2\/comments?post=8188"}],"wp:featuredmedia":[{"embeddable":true,"href":"https:\/\/brillancy.hu\/en\/wp-json\/wp\/v2\/media\/11866"}],"wp:attachment":[{"href":"https:\/\/brillancy.hu\/en\/wp-json\/wp\/v2\/media?parent=8188"}],"wp:term":[{"taxonomy":"product_brand","embeddable":true,"href":"https:\/\/brillancy.hu\/en\/wp-json\/wp\/v2\/product_brand?post=8188"},{"taxonomy":"product_cat","embeddable":true,"href":"https:\/\/brillancy.hu\/en\/wp-json\/wp\/v2\/product_cat?post=8188"},{"taxonomy":"product_tag","embeddable":true,"href":"https:\/\/brillancy.hu\/en\/wp-json\/wp\/v2\/product_tag?post=8188"}],"curies":[{"name":"wp","href":"https:\/\/api.w.org\/{rel}","templated":true}]}}