{"id":8181,"date":"2025-01-31T18:37:58","date_gmt":"2025-01-31T17:37:58","guid":{"rendered":"https:\/\/brillancy.hu\/?post_type=product&#038;p=8181"},"modified":"2025-10-17T10:56:14","modified_gmt":"2025-10-17T09:56:14","slug":"acapulco-feherarany-gyemant-medal-rozsaszin-turmalinnal","status":"publish","type":"product","link":"https:\/\/brillancy.hu\/en\/product\/acapulco-feherarany-gyemant-medal-rozsaszin-turmalinnal\/","title":{"rendered":"Acapulco White Gold Diamond Pendant Pink Tourmaline With"},"content":{"rendered":"<p>Acapulco White Gold Diamond Pendant Tourmaline With<\/p>\n<p>Eleg\u00e1ns kialak\u00edt\u00e1s\u00fa, art deco st\u00edlus\u00fa, feh\u00e9rarany gy\u00e9m\u00e1nt med\u00e1l, melyet egy csod\u00e1latos trilion csiszol\u00e1s\u00fa turmalin d\u00edsz\u00edt. A med\u00e1l egy haj\u00f3 vitorl\u00e1j\u00e1ra eml\u00e9keztet\u0151 mot\u00edvummal k\u00e1pr\u00e1ztatja el visel\u0151j\u00e9t. A med\u00e1lban 19 darab kerek brili\u00e1ns csiszol\u00e1s\u00fa term\u00e9szetes gy\u00e9m\u00e1nt tal\u00e1lhat\u00f3, valamint egy h\u00e1romsz\u00f6g csiszol\u00e1s\u00fa G-VS1es tisztas\u00e1g\u00fa term\u00e9szetes gy\u00e9m\u00e1nt.<\/p>\n<p>A gy\u00e9m\u00e1nt med\u00e1l egyszer\u0171en megrendelhet\u0151 webshopunkban, vagy szem\u00e9lyesen \u00fczlet\u00fcnkben. Megrendel\u00e9s eset\u00e9n elk\u00e9sz\u00edt\u00e9si id\u0151: 15-20 munkanap. A med\u00e1l mell\u00e9 aj\u00e1nd\u00e9k d\u00edszdoboz v\u00e1laszthat\u00f3<\/p>\n<ul>\n<li>Material: gold<\/li>\n<li>Fineness: 585 thousandth, 14 carat<\/li>\n<li>Precious stones: Brilliant cut natural diamond, triangle cut natural diamond, tril ion cut natural pink tourmaline<\/li>\n<li>Eternal life guarantee: material errors and gems<\/li>\n<li>The average preparation time is 10-15 working days. The medallion gift box optional.<\/li>\n<li>How can you save? If you arrive at our showroom on time, we will give you a 5% discount on the price of the ordered jewelry. Pay with gold! Do you have damaged, tired or never-used gold lying around in the back of your closet at home? Bring it to us and we will include it in the price of the selected ring at a discount.<br \/>\nLike the jewelry, but other gems did you imagine it? It&#039;s not a problem. We like to give you an offer to the expected ideas. Find us with confidence!<\/li>\n<\/ul>","protected":false},"excerpt":{"rendered":"<p>Acapulco Feh\u00e9rarany Gy\u00e9m\u00e1nt Med\u00e1l R\u00f3zsasz\u00edn Turmalinnal &#8211; Eleg\u00e1ns kialak\u00edt\u00e1s\u00fa, art deco st\u00edlus\u00fa, feh\u00e9rarany gy\u00e9m\u00e1nt med\u00e1l, melyet egy csod\u00e1latos trilion csiszol\u00e1s\u00fa turmalin d\u00edsz\u00edt. A med\u00e1l egy haj\u00f3 vitorl\u00e1j\u00e1ra eml\u00e9keztet\u0151 mot\u00edvummal k\u00e1pr\u00e1ztatja el visel\u0151j\u00e9t. A<\/p>","protected":false},"featured_media":11652,"comment_status":"closed","ping_status":"closed","template":"","meta":[],"product_brand":[],"product_cat":[19,69,21,67,127],"product_tag":[],"class_list":{"0":"post-8181","1":"product","2":"type-product","3":"status-publish","4":"has-post-thumbnail","6":"product_cat-design-ekszerek","7":"product_cat-dragakoves-ekszerek","8":"product_cat-ekszerek","9":"product_cat-medalok","10":"product_cat-neo-deco","12":"first","13":"instock","14":"purchasable","15":"product-type-simple"},"yoast_head":"<!-- This site is optimized with the Yoast SEO Premium plugin v27.0 (Yoast SEO v27.0) - https:\/\/yoast.com\/product\/yoast-seo-premium-wordpress\/ -->\n<title>Acapulco Feh\u00e9rarany Gy\u00e9m\u00e1nt Med\u00e1l R\u00f3zsasz\u00edn Turmalinnal - Brillancy<\/title>\n<meta name=\"description\" content=\"Acapulco Feh\u00e9rarany Gy\u00e9m\u00e1nt Med\u00e1l R\u00f3zsasz\u00edn Turmalinnal - Eleg\u00e1ns kialak\u00edt\u00e1s\u00fa, art deco st\u00edlus\u00fa,gy\u00e9m\u00e1nt med\u00e1l, melyet egy csod\u00e1latos trilion csiszol\u00e1s\u00fa\" \/>\n<meta name=\"robots\" content=\"index, follow, max-snippet:-1, max-image-preview:large, max-video-preview:-1\" \/>\n<link rel=\"canonical\" href=\"https:\/\/brillancy.hu\/en\/product\/acapulco-feherarany-gyemant-medal-rozsaszin-turmalinnal\/\" \/>\n<meta property=\"og:locale\" content=\"en_GB\" \/>\n<meta property=\"og:type\" content=\"article\" \/>\n<meta property=\"og:title\" content=\"Acapulco Feh\u00e9rarany Gy\u00e9m\u00e1nt Med\u00e1l R\u00f3zsasz\u00edn Turmalinnal\" \/>\n<meta property=\"og:description\" content=\"Acapulco Feh\u00e9rarany Gy\u00e9m\u00e1nt Med\u00e1l R\u00f3zsasz\u00edn Turmalinnal - Eleg\u00e1ns kialak\u00edt\u00e1s\u00fa, art deco st\u00edlus\u00fa,gy\u00e9m\u00e1nt med\u00e1l, melyet egy csod\u00e1latos trilion csiszol\u00e1s\u00fa\" \/>\n<meta property=\"og:url\" content=\"https:\/\/brillancy.hu\/en\/product\/acapulco-feherarany-gyemant-medal-rozsaszin-turmalinnal\/\" \/>\n<meta property=\"og:site_name\" content=\"Brillancy\" \/>\n<meta property=\"article:modified_time\" content=\"2025-10-17T09:56:14+00:00\" \/>\n<meta property=\"og:image\" content=\"https:\/\/brillancy.hu\/wp-content\/uploads\/2025\/08\/acapulco.png\" \/>\n\t<meta property=\"og:image:width\" content=\"1024\" \/>\n\t<meta property=\"og:image:height\" content=\"1024\" \/>\n\t<meta property=\"og:image:type\" content=\"image\/png\" \/>\n<meta name=\"twitter:card\" content=\"summary_large_image\" \/>\n<meta name=\"twitter:label1\" content=\"Estimated reading time\" \/>\n\t<meta name=\"twitter:data1\" content=\"2 minutes\" \/>\n<script type=\"application\/ld+json\" class=\"yoast-schema-graph\">{\"@context\":\"https:\/\/schema.org\",\"@graph\":[{\"@type\":\"WebPage\",\"@id\":\"https:\/\/brillancy.hu\/product\/acapulco-feherarany-gyemant-medal-rozsaszin-turmalinnal\/\",\"url\":\"https:\/\/brillancy.hu\/product\/acapulco-feherarany-gyemant-medal-rozsaszin-turmalinnal\/\",\"name\":\"Acapulco Feh\u00e9rarany Gy\u00e9m\u00e1nt Med\u00e1l R\u00f3zsasz\u00edn Turmalinnal - Brillancy\",\"isPartOf\":{\"@id\":\"https:\/\/brillancy.hu\/#website\"},\"primaryImageOfPage\":{\"@id\":\"https:\/\/brillancy.hu\/product\/acapulco-feherarany-gyemant-medal-rozsaszin-turmalinnal\/#primaryimage\"},\"image\":{\"@id\":\"https:\/\/brillancy.hu\/product\/acapulco-feherarany-gyemant-medal-rozsaszin-turmalinnal\/#primaryimage\"},\"thumbnailUrl\":\"https:\/\/brillancy.hu\/wp-content\/uploads\/2025\/08\/acapulco.png\",\"datePublished\":\"2025-01-31T17:37:58+00:00\",\"dateModified\":\"2025-10-17T09:56:14+00:00\",\"description\":\"Acapulco Feh\u00e9rarany Gy\u00e9m\u00e1nt Med\u00e1l R\u00f3zsasz\u00edn Turmalinnal - Eleg\u00e1ns kialak\u00edt\u00e1s\u00fa, art deco st\u00edlus\u00fa,gy\u00e9m\u00e1nt med\u00e1l, melyet egy csod\u00e1latos trilion csiszol\u00e1s\u00fa\",\"breadcrumb\":{\"@id\":\"https:\/\/brillancy.hu\/product\/acapulco-feherarany-gyemant-medal-rozsaszin-turmalinnal\/#breadcrumb\"},\"inLanguage\":\"en-GB\",\"potentialAction\":[{\"@type\":\"ReadAction\",\"target\":[\"https:\/\/brillancy.hu\/product\/acapulco-feherarany-gyemant-medal-rozsaszin-turmalinnal\/\"]}]},{\"@type\":\"ImageObject\",\"inLanguage\":\"en-GB\",\"@id\":\"https:\/\/brillancy.hu\/product\/acapulco-feherarany-gyemant-medal-rozsaszin-turmalinnal\/#primaryimage\",\"url\":\"https:\/\/brillancy.hu\/wp-content\/uploads\/2025\/08\/acapulco.png\",\"contentUrl\":\"https:\/\/brillancy.hu\/wp-content\/uploads\/2025\/08\/acapulco.png\",\"width\":1024,\"height\":1024,\"caption\":\"Acapulco Feh\u00e9rarany Gy\u00e9m\u00e1nt Med\u00e1l R\u00f3zsasz\u00edn Turmalinnal\"},{\"@type\":\"BreadcrumbList\",\"@id\":\"https:\/\/brillancy.hu\/product\/acapulco-feherarany-gyemant-medal-rozsaszin-turmalinnal\/#breadcrumb\",\"itemListElement\":[{\"@type\":\"ListItem\",\"position\":1,\"name\":\"Home\",\"item\":\"https:\/\/brillancy.hu\/\"},{\"@type\":\"ListItem\",\"position\":2,\"name\":\"Term\u00e9kek\",\"item\":\"https:\/\/brillancy.hu\/termekek\/\"},{\"@type\":\"ListItem\",\"position\":3,\"name\":\"Acapulco Feh\u00e9rarany Gy\u00e9m\u00e1nt Med\u00e1l R\u00f3zsasz\u00edn Turmalinnal\"}]},{\"@type\":\"WebSite\",\"@id\":\"https:\/\/brillancy.hu\/#website\",\"url\":\"https:\/\/brillancy.hu\/\",\"name\":\"Brillancy\",\"description\":\"\",\"potentialAction\":[{\"@type\":\"SearchAction\",\"target\":{\"@type\":\"EntryPoint\",\"urlTemplate\":\"https:\/\/brillancy.hu\/?s={search_term_string}\"},\"query-input\":{\"@type\":\"PropertyValueSpecification\",\"valueRequired\":true,\"valueName\":\"search_term_string\"}}],\"inLanguage\":\"en-GB\"}]}<\/script>\n<!-- \/ Yoast SEO Premium plugin. -->","yoast_head_json":{"title":"Acapulco Feh\u00e9rarany Gy\u00e9m\u00e1nt Med\u00e1l R\u00f3zsasz\u00edn Turmalinnal - Brillancy","description":"Acapulco Feh\u00e9rarany Gy\u00e9m\u00e1nt Med\u00e1l R\u00f3zsasz\u00edn Turmalinnal - Eleg\u00e1ns kialak\u00edt\u00e1s\u00fa, art deco st\u00edlus\u00fa,gy\u00e9m\u00e1nt med\u00e1l, melyet egy csod\u00e1latos trilion csiszol\u00e1s\u00fa","robots":{"index":"index","follow":"follow","max-snippet":"max-snippet:-1","max-image-preview":"max-image-preview:large","max-video-preview":"max-video-preview:-1"},"canonical":"https:\/\/brillancy.hu\/en\/product\/acapulco-feherarany-gyemant-medal-rozsaszin-turmalinnal\/","og_locale":"en_GB","og_type":"article","og_title":"Acapulco Feh\u00e9rarany Gy\u00e9m\u00e1nt Med\u00e1l R\u00f3zsasz\u00edn Turmalinnal","og_description":"Acapulco Feh\u00e9rarany Gy\u00e9m\u00e1nt Med\u00e1l R\u00f3zsasz\u00edn Turmalinnal - Eleg\u00e1ns kialak\u00edt\u00e1s\u00fa, art deco st\u00edlus\u00fa,gy\u00e9m\u00e1nt med\u00e1l, melyet egy csod\u00e1latos trilion csiszol\u00e1s\u00fa","og_url":"https:\/\/brillancy.hu\/en\/product\/acapulco-feherarany-gyemant-medal-rozsaszin-turmalinnal\/","og_site_name":"Brillancy","article_modified_time":"2025-10-17T09:56:14+00:00","og_image":[{"width":1024,"height":1024,"url":"https:\/\/brillancy.hu\/wp-content\/uploads\/2025\/08\/acapulco.png","type":"image\/png"}],"twitter_card":"summary_large_image","twitter_misc":{"Estimated reading time":"2 minutes"},"schema":{"@context":"https:\/\/schema.org","@graph":[{"@type":"WebPage","@id":"https:\/\/brillancy.hu\/product\/acapulco-feherarany-gyemant-medal-rozsaszin-turmalinnal\/","url":"https:\/\/brillancy.hu\/product\/acapulco-feherarany-gyemant-medal-rozsaszin-turmalinnal\/","name":"Acapulco Feh\u00e9rarany Gy\u00e9m\u00e1nt Med\u00e1l R\u00f3zsasz\u00edn Turmalinnal - Brillancy","isPartOf":{"@id":"https:\/\/brillancy.hu\/#website"},"primaryImageOfPage":{"@id":"https:\/\/brillancy.hu\/product\/acapulco-feherarany-gyemant-medal-rozsaszin-turmalinnal\/#primaryimage"},"image":{"@id":"https:\/\/brillancy.hu\/product\/acapulco-feherarany-gyemant-medal-rozsaszin-turmalinnal\/#primaryimage"},"thumbnailUrl":"https:\/\/brillancy.hu\/wp-content\/uploads\/2025\/08\/acapulco.png","datePublished":"2025-01-31T17:37:58+00:00","dateModified":"2025-10-17T09:56:14+00:00","description":"Acapulco Feh\u00e9rarany Gy\u00e9m\u00e1nt Med\u00e1l R\u00f3zsasz\u00edn Turmalinnal - Eleg\u00e1ns kialak\u00edt\u00e1s\u00fa, art deco st\u00edlus\u00fa,gy\u00e9m\u00e1nt med\u00e1l, melyet egy csod\u00e1latos trilion csiszol\u00e1s\u00fa","breadcrumb":{"@id":"https:\/\/brillancy.hu\/product\/acapulco-feherarany-gyemant-medal-rozsaszin-turmalinnal\/#breadcrumb"},"inLanguage":"en-GB","potentialAction":[{"@type":"ReadAction","target":["https:\/\/brillancy.hu\/product\/acapulco-feherarany-gyemant-medal-rozsaszin-turmalinnal\/"]}]},{"@type":"ImageObject","inLanguage":"en-GB","@id":"https:\/\/brillancy.hu\/product\/acapulco-feherarany-gyemant-medal-rozsaszin-turmalinnal\/#primaryimage","url":"https:\/\/brillancy.hu\/wp-content\/uploads\/2025\/08\/acapulco.png","contentUrl":"https:\/\/brillancy.hu\/wp-content\/uploads\/2025\/08\/acapulco.png","width":1024,"height":1024,"caption":"Acapulco Feh\u00e9rarany Gy\u00e9m\u00e1nt Med\u00e1l R\u00f3zsasz\u00edn Turmalinnal"},{"@type":"BreadcrumbList","@id":"https:\/\/brillancy.hu\/product\/acapulco-feherarany-gyemant-medal-rozsaszin-turmalinnal\/#breadcrumb","itemListElement":[{"@type":"ListItem","position":1,"name":"Home","item":"https:\/\/brillancy.hu\/"},{"@type":"ListItem","position":2,"name":"Term\u00e9kek","item":"https:\/\/brillancy.hu\/termekek\/"},{"@type":"ListItem","position":3,"name":"Acapulco Feh\u00e9rarany Gy\u00e9m\u00e1nt Med\u00e1l R\u00f3zsasz\u00edn Turmalinnal"}]},{"@type":"WebSite","@id":"https:\/\/brillancy.hu\/#website","url":"https:\/\/brillancy.hu\/","name":"Brillancy","description":"","potentialAction":[{"@type":"SearchAction","target":{"@type":"EntryPoint","urlTemplate":"https:\/\/brillancy.hu\/?s={search_term_string}"},"query-input":{"@type":"PropertyValueSpecification","valueRequired":true,"valueName":"search_term_string"}}],"inLanguage":"en-GB"}]}},"_links":{"self":[{"href":"https:\/\/brillancy.hu\/en\/wp-json\/wp\/v2\/product\/8181","targetHints":{"allow":["GET"]}}],"collection":[{"href":"https:\/\/brillancy.hu\/en\/wp-json\/wp\/v2\/product"}],"about":[{"href":"https:\/\/brillancy.hu\/en\/wp-json\/wp\/v2\/types\/product"}],"replies":[{"embeddable":true,"href":"https:\/\/brillancy.hu\/en\/wp-json\/wp\/v2\/comments?post=8181"}],"wp:featuredmedia":[{"embeddable":true,"href":"https:\/\/brillancy.hu\/en\/wp-json\/wp\/v2\/media\/11652"}],"wp:attachment":[{"href":"https:\/\/brillancy.hu\/en\/wp-json\/wp\/v2\/media?parent=8181"}],"wp:term":[{"taxonomy":"product_brand","embeddable":true,"href":"https:\/\/brillancy.hu\/en\/wp-json\/wp\/v2\/product_brand?post=8181"},{"taxonomy":"product_cat","embeddable":true,"href":"https:\/\/brillancy.hu\/en\/wp-json\/wp\/v2\/product_cat?post=8181"},{"taxonomy":"product_tag","embeddable":true,"href":"https:\/\/brillancy.hu\/en\/wp-json\/wp\/v2\/product_tag?post=8181"}],"curies":[{"name":"wp","href":"https:\/\/api.w.org\/{rel}","templated":true}]}}