{"id":8137,"date":"2025-01-31T18:37:37","date_gmt":"2025-01-31T17:37:37","guid":{"rendered":"https:\/\/brillancy.hu\/?post_type=product&#038;p=8137"},"modified":"2025-10-17T10:56:14","modified_gmt":"2025-10-17T09:56:14","slug":"noir-sarga-arany-eljegyzesi-gyuru","status":"publish","type":"product","link":"https:\/\/brillancy.hu\/en\/product\/noir-sarga-arany-eljegyzesi-gyuru\/","title":{"rendered":"Noir yellow gold jeweled ring"},"content":{"rendered":"<p><strong>Designer&#039;s recommendation:<\/strong><\/p>\n<p><strong>Noir:<\/strong> This fabulous jewelry <strong>14-karat yellow gold<\/strong> the central stone is a <strong>charming beauty black diamond<\/strong>\u00a0which <strong>two single cut white diamonds<\/strong> will be involved. The <strong>central stone 0,59 ct<\/strong>the <strong>white <\/strong><strong>diamonds individually 0,14 ct<\/strong> in weight. The two types of colored gems contrast created with each other. <strong>This yellow gold engagement ring is a splendid choice for beauty lovers.<\/strong><\/p>\n<p><strong>Material:\u00a0<\/strong>gold<\/p>\n<p><strong>Fineness:<\/strong> 585 thousandth, 14 carat<\/p>\n<p><strong>Gemstone:<\/strong> calf and emerald cut diamond<\/p>\n<p>&nbsp;<\/p>","protected":false},"excerpt":{"rendered":"<p>Tervez\u0151 aj\u00e1nl\u00e1sa: Noir: Ez a mes\u00e9s \u00e9kszer 14 kar\u00e1tos s\u00e1rga aranyb\u00f3l k\u00e9sz\u00fcl, a k\u00f6zponti k\u0151 egy elb\u0171v\u00f6l\u0151 sz\u00e9ps\u00e9g\u0171 fekete gy\u00e9m\u00e1nt\u00a0melyet k\u00e9t egyedi csiszol\u00e1s\u00fa feh\u00e9r gy\u00e9m\u00e1nt fog k\u00f6zre. A k\u00f6zponti k\u0151 0,59 ct, a feh\u00e9r gy\u00e9m\u00e1ntok egyenk\u00e9nt 0,14 ct t\u00f6meg\u0171ek. A k\u00e9tf\u00e9le sz\u00edn\u0171 dr\u00e1gak\u0151 kontrasztot alkot egym\u00e1ssal. Ez a s\u00e1rga arany eljegyz\u00e9si gy\u0171r\u0171 pomp\u00e1s v\u00e1laszt\u00e1s a [&hellip;]<\/p>\n","protected":false},"featured_media":8195,"comment_status":"closed","ping_status":"closed","template":"","meta":[],"product_brand":[],"product_cat":[124,21],"product_tag":[],"class_list":{"0":"post-8137","1":"product","2":"type-product","3":"status-publish","4":"has-post-thumbnail","6":"product_cat-dragakoves-gyuruk","7":"product_cat-ekszerek","9":"first","10":"instock","11":"purchasable","12":"product-type-simple"},"yoast_head":"<!-- This site is optimized with the Yoast SEO Premium plugin v27.0 (Yoast SEO v27.0) - https:\/\/yoast.com\/product\/yoast-seo-premium-wordpress\/ -->\n<title>Noir s\u00e1rga arany dr\u00e1gak\u00f6ves gy\u0171r\u0171 - Brillancy<\/title>\n<meta name=\"description\" content=\"Noir s\u00e1rga arany dr\u00e1gak\u00f6ves gy\u0171r\u0171 - Tervez\u0151 aj\u00e1nl\u00e1sa: Noir: Ez a mes\u00e9s \u00e9kszer 14 kar\u00e1tos s\u00e1rga aranyb\u00f3l k\u00e9sz\u00fcl, a k\u00f6zponti ...\" \/>\n<meta name=\"robots\" content=\"index, follow, max-snippet:-1, max-image-preview:large, max-video-preview:-1\" \/>\n<link rel=\"canonical\" href=\"https:\/\/brillancy.hu\/en\/product\/noir-sarga-arany-eljegyzesi-gyuru\/\" \/>\n<meta property=\"og:locale\" content=\"en_GB\" \/>\n<meta property=\"og:type\" content=\"article\" \/>\n<meta property=\"og:title\" content=\"Noir s\u00e1rga arany dr\u00e1gak\u00f6ves gy\u0171r\u0171\" \/>\n<meta property=\"og:description\" content=\"Noir s\u00e1rga arany dr\u00e1gak\u00f6ves gy\u0171r\u0171 - Tervez\u0151 aj\u00e1nl\u00e1sa: Noir: Ez a mes\u00e9s \u00e9kszer 14 kar\u00e1tos s\u00e1rga aranyb\u00f3l k\u00e9sz\u00fcl, a k\u00f6zponti ...\" \/>\n<meta property=\"og:url\" content=\"https:\/\/brillancy.hu\/en\/product\/noir-sarga-arany-eljegyzesi-gyuru\/\" \/>\n<meta property=\"og:site_name\" content=\"Brillancy\" \/>\n<meta property=\"article:modified_time\" content=\"2025-10-17T09:56:14+00:00\" \/>\n<meta property=\"og:image\" content=\"https:\/\/brillancy.hu\/wp-content\/uploads\/2025\/01\/noir01-masolat.jpg\" \/>\n\t<meta property=\"og:image:width\" content=\"640\" \/>\n\t<meta property=\"og:image:height\" content=\"480\" \/>\n\t<meta property=\"og:image:type\" content=\"image\/jpeg\" \/>\n<meta name=\"twitter:card\" content=\"summary_large_image\" \/>\n<meta name=\"twitter:label1\" content=\"Estimated reading time\" \/>\n\t<meta name=\"twitter:data1\" content=\"1 minute\" \/>\n<script type=\"application\/ld+json\" class=\"yoast-schema-graph\">{\"@context\":\"https:\/\/schema.org\",\"@graph\":[{\"@type\":\"WebPage\",\"@id\":\"https:\/\/brillancy.hu\/product\/noir-sarga-arany-eljegyzesi-gyuru\/\",\"url\":\"https:\/\/brillancy.hu\/product\/noir-sarga-arany-eljegyzesi-gyuru\/\",\"name\":\"Noir s\u00e1rga arany dr\u00e1gak\u00f6ves gy\u0171r\u0171 - Brillancy\",\"isPartOf\":{\"@id\":\"https:\/\/brillancy.hu\/#website\"},\"primaryImageOfPage\":{\"@id\":\"https:\/\/brillancy.hu\/product\/noir-sarga-arany-eljegyzesi-gyuru\/#primaryimage\"},\"image\":{\"@id\":\"https:\/\/brillancy.hu\/product\/noir-sarga-arany-eljegyzesi-gyuru\/#primaryimage\"},\"thumbnailUrl\":\"https:\/\/brillancy.hu\/wp-content\/uploads\/2025\/01\/noir01-masolat.jpg\",\"datePublished\":\"2025-01-31T17:37:37+00:00\",\"dateModified\":\"2025-10-17T09:56:14+00:00\",\"description\":\"Noir s\u00e1rga arany dr\u00e1gak\u00f6ves gy\u0171r\u0171 - Tervez\u0151 aj\u00e1nl\u00e1sa: Noir: Ez a mes\u00e9s \u00e9kszer 14 kar\u00e1tos s\u00e1rga aranyb\u00f3l k\u00e9sz\u00fcl, a k\u00f6zponti ...\",\"breadcrumb\":{\"@id\":\"https:\/\/brillancy.hu\/product\/noir-sarga-arany-eljegyzesi-gyuru\/#breadcrumb\"},\"inLanguage\":\"en-GB\",\"potentialAction\":[{\"@type\":\"ReadAction\",\"target\":[\"https:\/\/brillancy.hu\/product\/noir-sarga-arany-eljegyzesi-gyuru\/\"]}]},{\"@type\":\"ImageObject\",\"inLanguage\":\"en-GB\",\"@id\":\"https:\/\/brillancy.hu\/product\/noir-sarga-arany-eljegyzesi-gyuru\/#primaryimage\",\"url\":\"https:\/\/brillancy.hu\/wp-content\/uploads\/2025\/01\/noir01-masolat.jpg\",\"contentUrl\":\"https:\/\/brillancy.hu\/wp-content\/uploads\/2025\/01\/noir01-masolat.jpg\",\"width\":640,\"height\":480,\"caption\":\"Noir s\u00e1rga arany dr\u00e1gak\u00f6ves gy\u0171r\u0171\"},{\"@type\":\"BreadcrumbList\",\"@id\":\"https:\/\/brillancy.hu\/product\/noir-sarga-arany-eljegyzesi-gyuru\/#breadcrumb\",\"itemListElement\":[{\"@type\":\"ListItem\",\"position\":1,\"name\":\"Home\",\"item\":\"https:\/\/brillancy.hu\/\"},{\"@type\":\"ListItem\",\"position\":2,\"name\":\"Term\u00e9kek\",\"item\":\"https:\/\/brillancy.hu\/termekek\/\"},{\"@type\":\"ListItem\",\"position\":3,\"name\":\"Noir s\u00e1rga arany dr\u00e1gak\u00f6ves gy\u0171r\u0171\"}]},{\"@type\":\"WebSite\",\"@id\":\"https:\/\/brillancy.hu\/#website\",\"url\":\"https:\/\/brillancy.hu\/\",\"name\":\"Brillancy\",\"description\":\"\",\"potentialAction\":[{\"@type\":\"SearchAction\",\"target\":{\"@type\":\"EntryPoint\",\"urlTemplate\":\"https:\/\/brillancy.hu\/?s={search_term_string}\"},\"query-input\":{\"@type\":\"PropertyValueSpecification\",\"valueRequired\":true,\"valueName\":\"search_term_string\"}}],\"inLanguage\":\"en-GB\"}]}<\/script>\n<!-- \/ Yoast SEO Premium plugin. -->","yoast_head_json":{"title":"Noir s\u00e1rga arany dr\u00e1gak\u00f6ves gy\u0171r\u0171 - Brillancy","description":"Noir s\u00e1rga arany dr\u00e1gak\u00f6ves gy\u0171r\u0171 - Tervez\u0151 aj\u00e1nl\u00e1sa: Noir: Ez a mes\u00e9s \u00e9kszer 14 kar\u00e1tos s\u00e1rga aranyb\u00f3l k\u00e9sz\u00fcl, a k\u00f6zponti ...","robots":{"index":"index","follow":"follow","max-snippet":"max-snippet:-1","max-image-preview":"max-image-preview:large","max-video-preview":"max-video-preview:-1"},"canonical":"https:\/\/brillancy.hu\/en\/product\/noir-sarga-arany-eljegyzesi-gyuru\/","og_locale":"en_GB","og_type":"article","og_title":"Noir s\u00e1rga arany dr\u00e1gak\u00f6ves gy\u0171r\u0171","og_description":"Noir s\u00e1rga arany dr\u00e1gak\u00f6ves gy\u0171r\u0171 - Tervez\u0151 aj\u00e1nl\u00e1sa: Noir: Ez a mes\u00e9s \u00e9kszer 14 kar\u00e1tos s\u00e1rga aranyb\u00f3l k\u00e9sz\u00fcl, a k\u00f6zponti ...","og_url":"https:\/\/brillancy.hu\/en\/product\/noir-sarga-arany-eljegyzesi-gyuru\/","og_site_name":"Brillancy","article_modified_time":"2025-10-17T09:56:14+00:00","og_image":[{"width":640,"height":480,"url":"https:\/\/brillancy.hu\/wp-content\/uploads\/2025\/01\/noir01-masolat.jpg","type":"image\/jpeg"}],"twitter_card":"summary_large_image","twitter_misc":{"Estimated reading time":"1 minute"},"schema":{"@context":"https:\/\/schema.org","@graph":[{"@type":"WebPage","@id":"https:\/\/brillancy.hu\/product\/noir-sarga-arany-eljegyzesi-gyuru\/","url":"https:\/\/brillancy.hu\/product\/noir-sarga-arany-eljegyzesi-gyuru\/","name":"Noir s\u00e1rga arany dr\u00e1gak\u00f6ves gy\u0171r\u0171 - Brillancy","isPartOf":{"@id":"https:\/\/brillancy.hu\/#website"},"primaryImageOfPage":{"@id":"https:\/\/brillancy.hu\/product\/noir-sarga-arany-eljegyzesi-gyuru\/#primaryimage"},"image":{"@id":"https:\/\/brillancy.hu\/product\/noir-sarga-arany-eljegyzesi-gyuru\/#primaryimage"},"thumbnailUrl":"https:\/\/brillancy.hu\/wp-content\/uploads\/2025\/01\/noir01-masolat.jpg","datePublished":"2025-01-31T17:37:37+00:00","dateModified":"2025-10-17T09:56:14+00:00","description":"Noir s\u00e1rga arany dr\u00e1gak\u00f6ves gy\u0171r\u0171 - Tervez\u0151 aj\u00e1nl\u00e1sa: Noir: Ez a mes\u00e9s \u00e9kszer 14 kar\u00e1tos s\u00e1rga aranyb\u00f3l k\u00e9sz\u00fcl, a k\u00f6zponti ...","breadcrumb":{"@id":"https:\/\/brillancy.hu\/product\/noir-sarga-arany-eljegyzesi-gyuru\/#breadcrumb"},"inLanguage":"en-GB","potentialAction":[{"@type":"ReadAction","target":["https:\/\/brillancy.hu\/product\/noir-sarga-arany-eljegyzesi-gyuru\/"]}]},{"@type":"ImageObject","inLanguage":"en-GB","@id":"https:\/\/brillancy.hu\/product\/noir-sarga-arany-eljegyzesi-gyuru\/#primaryimage","url":"https:\/\/brillancy.hu\/wp-content\/uploads\/2025\/01\/noir01-masolat.jpg","contentUrl":"https:\/\/brillancy.hu\/wp-content\/uploads\/2025\/01\/noir01-masolat.jpg","width":640,"height":480,"caption":"Noir s\u00e1rga arany dr\u00e1gak\u00f6ves gy\u0171r\u0171"},{"@type":"BreadcrumbList","@id":"https:\/\/brillancy.hu\/product\/noir-sarga-arany-eljegyzesi-gyuru\/#breadcrumb","itemListElement":[{"@type":"ListItem","position":1,"name":"Home","item":"https:\/\/brillancy.hu\/"},{"@type":"ListItem","position":2,"name":"Term\u00e9kek","item":"https:\/\/brillancy.hu\/termekek\/"},{"@type":"ListItem","position":3,"name":"Noir s\u00e1rga arany dr\u00e1gak\u00f6ves gy\u0171r\u0171"}]},{"@type":"WebSite","@id":"https:\/\/brillancy.hu\/#website","url":"https:\/\/brillancy.hu\/","name":"Brillancy","description":"","potentialAction":[{"@type":"SearchAction","target":{"@type":"EntryPoint","urlTemplate":"https:\/\/brillancy.hu\/?s={search_term_string}"},"query-input":{"@type":"PropertyValueSpecification","valueRequired":true,"valueName":"search_term_string"}}],"inLanguage":"en-GB"}]}},"_links":{"self":[{"href":"https:\/\/brillancy.hu\/en\/wp-json\/wp\/v2\/product\/8137","targetHints":{"allow":["GET"]}}],"collection":[{"href":"https:\/\/brillancy.hu\/en\/wp-json\/wp\/v2\/product"}],"about":[{"href":"https:\/\/brillancy.hu\/en\/wp-json\/wp\/v2\/types\/product"}],"replies":[{"embeddable":true,"href":"https:\/\/brillancy.hu\/en\/wp-json\/wp\/v2\/comments?post=8137"}],"wp:featuredmedia":[{"embeddable":true,"href":"https:\/\/brillancy.hu\/en\/wp-json\/wp\/v2\/media\/8195"}],"wp:attachment":[{"href":"https:\/\/brillancy.hu\/en\/wp-json\/wp\/v2\/media?parent=8137"}],"wp:term":[{"taxonomy":"product_brand","embeddable":true,"href":"https:\/\/brillancy.hu\/en\/wp-json\/wp\/v2\/product_brand?post=8137"},{"taxonomy":"product_cat","embeddable":true,"href":"https:\/\/brillancy.hu\/en\/wp-json\/wp\/v2\/product_cat?post=8137"},{"taxonomy":"product_tag","embeddable":true,"href":"https:\/\/brillancy.hu\/en\/wp-json\/wp\/v2\/product_tag?post=8137"}],"curies":[{"name":"wp","href":"https:\/\/api.w.org\/{rel}","templated":true}]}}