{"id":8136,"date":"2025-01-31T18:37:37","date_gmt":"2025-01-31T17:37:37","guid":{"rendered":"https:\/\/brillancy.hu\/?post_type=product&#038;p=8136"},"modified":"2025-10-17T10:56:14","modified_gmt":"2025-10-17T09:56:14","slug":"vanille-sarga-arany-eljegyzesi-gyuru","status":"publish","type":"product","link":"https:\/\/brillancy.hu\/en\/product\/vanille-sarga-arany-eljegyzesi-gyuru\/","title":{"rendered":"Vanille yellow gold engagement ring"},"content":{"rendered":"<p><strong>Designer offer:<\/strong><\/p>\n<p><strong>Vanille: <\/strong>Gorgeous chic <strong>14-karat yellow gold<\/strong> <strong>engagement ring<\/strong>. In the middle of a <strong>brilliant cut 5 mm in diameter is 0.47 ct mass emerald<\/strong>around <strong>14 x 1.5 mm in diameter total 0,18 ct mass of white diamond. Stylish yellow gold engagement ring.<\/strong><\/p>\n<p><strong>Material<\/strong>: gold<\/p>\n<p><strong>Fineness<\/strong>: 585 thousandth, 14 carat<\/p>\n<p><strong>Gemstone<\/strong>: brilliant cut diamonds and emerald<\/p>","protected":false},"excerpt":{"rendered":"<p>Tervez\u0151 aj\u00e1nlata: Vanille: K\u00e1pr\u00e1zatosan eleg\u00e1ns 14 kar\u00e1tos s\u00e1rga arany eljegyz\u00e9si gy\u0171r\u0171. K\u00f6z\u00e9pen egy brili\u00e1ns csiszol\u00e1s\u00fa 5 mm \u00e1tm\u00e9r\u0151j\u0171 0,47 ct t\u00f6meg\u0171 smaragd, k\u00f6r\u00fcl\u00f6tte 14 db 1,5 mm \u00e1tm\u00e9r\u0151j\u0171 \u00f6sszesen 0,18 ct t\u00f6meg\u0171 feh\u00e9r gy\u00e9m\u00e1nttal. St\u00edlusos s\u00e1rga arany eljegyz\u00e9si gy\u0171r\u0171. Anyaga:\u00a0arany Finoms\u00e1ga: 585 ezrel\u00e9kes, 14 kar\u00e1tos Dr\u00e1gak\u0151: brili\u00e1ns csiszol\u00e1s\u00fa gy\u00e9m\u00e1nt \u00e9s smaragd<\/p>","protected":false},"featured_media":8194,"comment_status":"closed","ping_status":"closed","template":"","meta":[],"product_brand":[],"product_cat":[124,21],"product_tag":[],"class_list":{"0":"post-8136","1":"product","2":"type-product","3":"status-publish","4":"has-post-thumbnail","6":"product_cat-dragakoves-gyuruk","7":"product_cat-ekszerek","9":"first","10":"instock","11":"purchasable","12":"product-type-simple"},"yoast_head":"<!-- This site is optimized with the Yoast SEO Premium plugin v27.0 (Yoast SEO v27.4) - https:\/\/yoast.com\/product\/yoast-seo-premium-wordpress\/ -->\n<title>Vanille s\u00e1rga arany eljegyz\u00e9si gy\u0171r\u0171 - Brillancy<\/title>\n<meta name=\"robots\" content=\"index, follow, max-snippet:-1, max-image-preview:large, max-video-preview:-1\" \/>\n<link rel=\"canonical\" href=\"https:\/\/brillancy.hu\/en\/product\/vanille-sarga-arany-eljegyzesi-gyuru\/\" \/>\n<meta property=\"og:locale\" content=\"en_GB\" \/>\n<meta property=\"og:type\" content=\"article\" \/>\n<meta property=\"og:title\" content=\"Vanille s\u00e1rga arany eljegyz\u00e9si gy\u0171r\u0171\" \/>\n<meta property=\"og:description\" content=\"Tervez\u0151 aj\u00e1nlata: Vanille: K\u00e1pr\u00e1zatosan eleg\u00e1ns 14 kar\u00e1tos s\u00e1rga arany eljegyz\u00e9si gy\u0171r\u0171. K\u00f6z\u00e9pen egy brili\u00e1ns csiszol\u00e1s\u00fa 5 mm \u00e1tm\u00e9r\u0151j\u0171 0,47 ct t\u00f6meg\u0171 smaragd, k\u00f6r\u00fcl\u00f6tte 14 db 1,5 mm \u00e1tm\u00e9r\u0151j\u0171 \u00f6sszesen 0,18 ct t\u00f6meg\u0171 feh\u00e9r gy\u00e9m\u00e1nttal. St\u00edlusos s\u00e1rga arany eljegyz\u00e9si gy\u0171r\u0171. Anyaga:\u00a0arany Finoms\u00e1ga: 585 ezrel\u00e9kes, 14 kar\u00e1tos Dr\u00e1gak\u0151: brili\u00e1ns csiszol\u00e1s\u00fa gy\u00e9m\u00e1nt \u00e9s smaragd\" \/>\n<meta property=\"og:url\" content=\"https:\/\/brillancy.hu\/en\/product\/vanille-sarga-arany-eljegyzesi-gyuru\/\" \/>\n<meta property=\"og:site_name\" content=\"Brillancy\" \/>\n<meta property=\"article:modified_time\" content=\"2025-10-17T09:56:14+00:00\" \/>\n<meta property=\"og:image\" content=\"https:\/\/brillancy.hu\/wp-content\/uploads\/2025\/01\/Vanille02-masolat.jpg\" \/>\n\t<meta property=\"og:image:width\" content=\"640\" \/>\n\t<meta property=\"og:image:height\" content=\"480\" \/>\n\t<meta property=\"og:image:type\" content=\"image\/jpeg\" \/>\n<meta name=\"twitter:card\" content=\"summary_large_image\" \/>\n<script type=\"application\/ld+json\" class=\"yoast-schema-graph\">{\"@context\":\"https:\\\/\\\/schema.org\",\"@graph\":[{\"@type\":\"WebPage\",\"@id\":\"https:\\\/\\\/brillancy.hu\\\/product\\\/vanille-sarga-arany-eljegyzesi-gyuru\\\/\",\"url\":\"https:\\\/\\\/brillancy.hu\\\/product\\\/vanille-sarga-arany-eljegyzesi-gyuru\\\/\",\"name\":\"Vanille s\u00e1rga arany eljegyz\u00e9si gy\u0171r\u0171 - Brillancy\",\"isPartOf\":{\"@id\":\"https:\\\/\\\/brillancy.hu\\\/#website\"},\"primaryImageOfPage\":{\"@id\":\"https:\\\/\\\/brillancy.hu\\\/product\\\/vanille-sarga-arany-eljegyzesi-gyuru\\\/#primaryimage\"},\"image\":{\"@id\":\"https:\\\/\\\/brillancy.hu\\\/product\\\/vanille-sarga-arany-eljegyzesi-gyuru\\\/#primaryimage\"},\"thumbnailUrl\":\"https:\\\/\\\/brillancy.hu\\\/wp-content\\\/uploads\\\/2025\\\/01\\\/Vanille02-masolat.jpg\",\"datePublished\":\"2025-01-31T17:37:37+00:00\",\"dateModified\":\"2025-10-17T09:56:14+00:00\",\"breadcrumb\":{\"@id\":\"https:\\\/\\\/brillancy.hu\\\/product\\\/vanille-sarga-arany-eljegyzesi-gyuru\\\/#breadcrumb\"},\"inLanguage\":\"en-GB\",\"potentialAction\":[{\"@type\":\"ReadAction\",\"target\":[\"https:\\\/\\\/brillancy.hu\\\/product\\\/vanille-sarga-arany-eljegyzesi-gyuru\\\/\"]}]},{\"@type\":\"ImageObject\",\"inLanguage\":\"en-GB\",\"@id\":\"https:\\\/\\\/brillancy.hu\\\/product\\\/vanille-sarga-arany-eljegyzesi-gyuru\\\/#primaryimage\",\"url\":\"https:\\\/\\\/brillancy.hu\\\/wp-content\\\/uploads\\\/2025\\\/01\\\/Vanille02-masolat.jpg\",\"contentUrl\":\"https:\\\/\\\/brillancy.hu\\\/wp-content\\\/uploads\\\/2025\\\/01\\\/Vanille02-masolat.jpg\",\"width\":640,\"height\":480,\"caption\":\"Vanille s\u00e1rga arany eljegyz\u00e9si gy\u0171r\u0171\"},{\"@type\":\"BreadcrumbList\",\"@id\":\"https:\\\/\\\/brillancy.hu\\\/product\\\/vanille-sarga-arany-eljegyzesi-gyuru\\\/#breadcrumb\",\"itemListElement\":[{\"@type\":\"ListItem\",\"position\":1,\"name\":\"Home\",\"item\":\"https:\\\/\\\/brillancy.hu\\\/\"},{\"@type\":\"ListItem\",\"position\":2,\"name\":\"Term\u00e9kek\",\"item\":\"https:\\\/\\\/brillancy.hu\\\/termekek\\\/\"},{\"@type\":\"ListItem\",\"position\":3,\"name\":\"Vanille s\u00e1rga arany eljegyz\u00e9si gy\u0171r\u0171\"}]},{\"@type\":\"WebSite\",\"@id\":\"https:\\\/\\\/brillancy.hu\\\/#website\",\"url\":\"https:\\\/\\\/brillancy.hu\\\/\",\"name\":\"Brillancy\",\"description\":\"\",\"potentialAction\":[{\"@type\":\"SearchAction\",\"target\":{\"@type\":\"EntryPoint\",\"urlTemplate\":\"https:\\\/\\\/brillancy.hu\\\/?s={search_term_string}\"},\"query-input\":{\"@type\":\"PropertyValueSpecification\",\"valueRequired\":true,\"valueName\":\"search_term_string\"}}],\"inLanguage\":\"en-GB\"}]}<\/script>\n<!-- \/ Yoast SEO Premium plugin. -->","yoast_head_json":{"title":"Vanille s\u00e1rga arany eljegyz\u00e9si gy\u0171r\u0171 - Brillancy","robots":{"index":"index","follow":"follow","max-snippet":"max-snippet:-1","max-image-preview":"max-image-preview:large","max-video-preview":"max-video-preview:-1"},"canonical":"https:\/\/brillancy.hu\/en\/product\/vanille-sarga-arany-eljegyzesi-gyuru\/","og_locale":"en_GB","og_type":"article","og_title":"Vanille s\u00e1rga arany eljegyz\u00e9si gy\u0171r\u0171","og_description":"Tervez\u0151 aj\u00e1nlata: Vanille: K\u00e1pr\u00e1zatosan eleg\u00e1ns 14 kar\u00e1tos s\u00e1rga arany eljegyz\u00e9si gy\u0171r\u0171. K\u00f6z\u00e9pen egy brili\u00e1ns csiszol\u00e1s\u00fa 5 mm \u00e1tm\u00e9r\u0151j\u0171 0,47 ct t\u00f6meg\u0171 smaragd, k\u00f6r\u00fcl\u00f6tte 14 db 1,5 mm \u00e1tm\u00e9r\u0151j\u0171 \u00f6sszesen 0,18 ct t\u00f6meg\u0171 feh\u00e9r gy\u00e9m\u00e1nttal. St\u00edlusos s\u00e1rga arany eljegyz\u00e9si gy\u0171r\u0171. Anyaga:\u00a0arany Finoms\u00e1ga: 585 ezrel\u00e9kes, 14 kar\u00e1tos Dr\u00e1gak\u0151: brili\u00e1ns csiszol\u00e1s\u00fa gy\u00e9m\u00e1nt \u00e9s smaragd","og_url":"https:\/\/brillancy.hu\/en\/product\/vanille-sarga-arany-eljegyzesi-gyuru\/","og_site_name":"Brillancy","article_modified_time":"2025-10-17T09:56:14+00:00","og_image":[{"width":640,"height":480,"url":"https:\/\/brillancy.hu\/wp-content\/uploads\/2025\/01\/Vanille02-masolat.jpg","type":"image\/jpeg"}],"twitter_card":"summary_large_image","schema":{"@context":"https:\/\/schema.org","@graph":[{"@type":"WebPage","@id":"https:\/\/brillancy.hu\/product\/vanille-sarga-arany-eljegyzesi-gyuru\/","url":"https:\/\/brillancy.hu\/product\/vanille-sarga-arany-eljegyzesi-gyuru\/","name":"Vanille s\u00e1rga arany eljegyz\u00e9si gy\u0171r\u0171 - Brillancy","isPartOf":{"@id":"https:\/\/brillancy.hu\/#website"},"primaryImageOfPage":{"@id":"https:\/\/brillancy.hu\/product\/vanille-sarga-arany-eljegyzesi-gyuru\/#primaryimage"},"image":{"@id":"https:\/\/brillancy.hu\/product\/vanille-sarga-arany-eljegyzesi-gyuru\/#primaryimage"},"thumbnailUrl":"https:\/\/brillancy.hu\/wp-content\/uploads\/2025\/01\/Vanille02-masolat.jpg","datePublished":"2025-01-31T17:37:37+00:00","dateModified":"2025-10-17T09:56:14+00:00","breadcrumb":{"@id":"https:\/\/brillancy.hu\/product\/vanille-sarga-arany-eljegyzesi-gyuru\/#breadcrumb"},"inLanguage":"en-GB","potentialAction":[{"@type":"ReadAction","target":["https:\/\/brillancy.hu\/product\/vanille-sarga-arany-eljegyzesi-gyuru\/"]}]},{"@type":"ImageObject","inLanguage":"en-GB","@id":"https:\/\/brillancy.hu\/product\/vanille-sarga-arany-eljegyzesi-gyuru\/#primaryimage","url":"https:\/\/brillancy.hu\/wp-content\/uploads\/2025\/01\/Vanille02-masolat.jpg","contentUrl":"https:\/\/brillancy.hu\/wp-content\/uploads\/2025\/01\/Vanille02-masolat.jpg","width":640,"height":480,"caption":"Vanille s\u00e1rga arany eljegyz\u00e9si gy\u0171r\u0171"},{"@type":"BreadcrumbList","@id":"https:\/\/brillancy.hu\/product\/vanille-sarga-arany-eljegyzesi-gyuru\/#breadcrumb","itemListElement":[{"@type":"ListItem","position":1,"name":"Home","item":"https:\/\/brillancy.hu\/"},{"@type":"ListItem","position":2,"name":"Term\u00e9kek","item":"https:\/\/brillancy.hu\/termekek\/"},{"@type":"ListItem","position":3,"name":"Vanille s\u00e1rga arany eljegyz\u00e9si gy\u0171r\u0171"}]},{"@type":"WebSite","@id":"https:\/\/brillancy.hu\/#website","url":"https:\/\/brillancy.hu\/","name":"Brillancy","description":"","potentialAction":[{"@type":"SearchAction","target":{"@type":"EntryPoint","urlTemplate":"https:\/\/brillancy.hu\/?s={search_term_string}"},"query-input":{"@type":"PropertyValueSpecification","valueRequired":true,"valueName":"search_term_string"}}],"inLanguage":"en-GB"}]}},"_links":{"self":[{"href":"https:\/\/brillancy.hu\/en\/wp-json\/wp\/v2\/product\/8136","targetHints":{"allow":["GET"]}}],"collection":[{"href":"https:\/\/brillancy.hu\/en\/wp-json\/wp\/v2\/product"}],"about":[{"href":"https:\/\/brillancy.hu\/en\/wp-json\/wp\/v2\/types\/product"}],"replies":[{"embeddable":true,"href":"https:\/\/brillancy.hu\/en\/wp-json\/wp\/v2\/comments?post=8136"}],"wp:featuredmedia":[{"embeddable":true,"href":"https:\/\/brillancy.hu\/en\/wp-json\/wp\/v2\/media\/8194"}],"wp:attachment":[{"href":"https:\/\/brillancy.hu\/en\/wp-json\/wp\/v2\/media?parent=8136"}],"wp:term":[{"taxonomy":"product_brand","embeddable":true,"href":"https:\/\/brillancy.hu\/en\/wp-json\/wp\/v2\/product_brand?post=8136"},{"taxonomy":"product_cat","embeddable":true,"href":"https:\/\/brillancy.hu\/en\/wp-json\/wp\/v2\/product_cat?post=8136"},{"taxonomy":"product_tag","embeddable":true,"href":"https:\/\/brillancy.hu\/en\/wp-json\/wp\/v2\/product_tag?post=8136"}],"curies":[{"name":"wp","href":"https:\/\/api.w.org\/{rel}","templated":true}]}}