{"id":8135,"date":"2025-01-31T18:37:37","date_gmt":"2025-01-31T17:37:37","guid":{"rendered":"https:\/\/brillancy.hu\/?post_type=product&#038;p=8135"},"modified":"2025-10-17T10:56:14","modified_gmt":"2025-10-17T09:56:14","slug":"rouge-sarga-arany-eljegyzesi-gyuru","status":"publish","type":"product","link":"https:\/\/brillancy.hu\/en\/product\/rouge-sarga-arany-eljegyzesi-gyuru\/","title":{"rendered":"Rouge yellow gold jeweled ring"},"content":{"rendered":"<p>Rouge yellow gold jeweled ring<\/p>\n<p>Beautiful and spectacular design <strong>14 kar\u00e1tos rubin\u00a0 <\/strong>gy\u0171r\u0171. K\u00f6z\u00e9ppontban egy <strong>oval cut 0,66 ct-inch 5 x 7 mm size beautiful ruby <\/strong>stunning four claw socket. Two sides straddling <strong>2 pieces of brilliant cut, one by one 0,08 ct mass of beautiful white natural diamonds. Captivating beauty of yellow gold engagement ring.<\/strong><\/p>\n<ul>\n<li>A gy\u0171r\u0171 s\u00ednje letisztult egyszer\u0171s\u00e9ggel \u00e9s egys\u00e9ges sz\u00e9less\u00e9ggel fut k\u00f6rbe az ujj k\u00f6r\u00fcl, \u00edgy m\u00e9lt\u00f3n kiemeli a ragyog\u00f3 dr\u00e1gak\u00f6veket. Ez az igaz\u00e1n\u00a0<strong>k\u00fcl\u00f6nleges arany dr\u00e1gak\u00f6ves gy\u0171r\u0171<\/strong>\u00a0azoknak t\u00f6k\u00e9letes v\u00e1laszt\u00e1s, akik szeretn\u00e9k, hogy a sz\u00e9ps\u00e9gen t\u00fal egy fontos \u00fczenetet is hordozzon az \u00e9kszer.\n<ul>\n<li><strong>Material:<\/strong>\u00a0gold<\/li>\n<li><strong>Fineness:<\/strong>\u00a0585 thousandth, 14 carat<\/li>\n<li><strong>Gemstone:<\/strong>\u00a0csepp csiszol\u00e1s\u00fa gy\u00e9m\u00e1nt \u00e9s zaf\u00edr<\/li>\n<\/ul>\n<p><strong>Eternal life guarantee:<\/strong>\u00a0the jewelry structure of the material errors and gems<\/p>\n<p><strong>Free renewal:<\/strong>\u00a0We take your engagement ring free scratch-free sales of and purification of five times (once a year) the purchase within five years.<\/p>\n<p><strong>Free size adjustment:\u00a0<\/strong>If you haven&#039;t found the correct size, we will take the ring free size adjustments.<\/p>\n<p><strong>Gift box:\u00a0<\/strong>The ring is a gift in the box set, and several kinds of colors You can pick out!<\/p>\n<p><strong>Pay scrap gold<\/strong>\u00a0Damaged, old, or never used gold hiding at home in the cupboards? Bring it in to us and high count For the selected engagement ring price.<\/p>\n<p><strong>Tetszik az Alasie arany dr\u00e1gak\u00f6ves gy\u0171r\u0171, de m\u00e1s m\u00e9ret\u0171<\/strong><strong>maybe a different color gems did you imagine it? It&#039;s not a problem. We like to give an offer to the expected ideas. Find us confidence on the phone +36 30 539 1179 number, or the\u00a0<\/strong><a href=\"mailto:info@brillancy.hu\"><strong>info@brillancy.hu<\/strong><\/a><strong>\u00a0e-mail address.<\/strong><\/li>\n<\/ul>","protected":false},"excerpt":{"rendered":"<p>Rouge s\u00e1rga arany dr\u00e1gak\u00f6ves gy\u0171r\u0171\u00a0 &#8211; K\u00f6z\u00e9ppontban egy <strong>oval cut 0,66 ct-inch 5 x 7 mm size beautiful ruby <\/strong>pomp\u00e1zik n\u00e9gykarmos foglalatban.<\/p>","protected":false},"featured_media":11895,"comment_status":"closed","ping_status":"closed","template":"","meta":[],"product_brand":[],"product_cat":[124,21,17,44],"product_tag":[],"class_list":{"0":"post-8135","1":"product","2":"type-product","3":"status-publish","4":"has-post-thumbnail","6":"product_cat-dragakoves-gyuruk","7":"product_cat-ekszerek","8":"product_cat-eljegyzesi-gyuruk","9":"product_cat-rubin","11":"first","12":"instock","13":"purchasable","14":"product-type-simple"},"yoast_head":"<!-- This site is optimized with the Yoast SEO Premium plugin v27.0 (Yoast SEO v27.0) - https:\/\/yoast.com\/product\/yoast-seo-premium-wordpress\/ -->\n<title>Rouge s\u00e1rga arany dr\u00e1gak\u00f6ves gy\u0171r\u0171 - Brillancy<\/title>\n<meta name=\"description\" content=\"Rouge s\u00e1rga arany dr\u00e1gak\u00f6ves gy\u0171r\u0171 - K\u00f6z\u00e9ppontban egy ov\u00e1lis csiszol\u00e1s\u00fa 0,66 ct-os\u00a0 5 x 7 mm nagys\u00e1g\u00fa gy\u00f6ny\u00f6r\u0171 rubin pomp\u00e1zik n\u00e9gykarmos foglalatban.\" \/>\n<meta name=\"robots\" content=\"index, follow, max-snippet:-1, max-image-preview:large, max-video-preview:-1\" \/>\n<link rel=\"canonical\" href=\"https:\/\/brillancy.hu\/en\/product\/rouge-sarga-arany-eljegyzesi-gyuru\/\" \/>\n<meta property=\"og:locale\" content=\"en_GB\" \/>\n<meta property=\"og:type\" content=\"article\" \/>\n<meta property=\"og:title\" content=\"Rouge s\u00e1rga arany dr\u00e1gak\u00f6ves gy\u0171r\u0171\" \/>\n<meta property=\"og:description\" content=\"Rouge s\u00e1rga arany dr\u00e1gak\u00f6ves gy\u0171r\u0171 - K\u00f6z\u00e9ppontban egy ov\u00e1lis csiszol\u00e1s\u00fa 0,66 ct-os\u00a0 5 x 7 mm nagys\u00e1g\u00fa gy\u00f6ny\u00f6r\u0171 rubin pomp\u00e1zik n\u00e9gykarmos foglalatban.\" \/>\n<meta property=\"og:url\" content=\"https:\/\/brillancy.hu\/en\/product\/rouge-sarga-arany-eljegyzesi-gyuru\/\" \/>\n<meta property=\"og:site_name\" content=\"Brillancy\" \/>\n<meta property=\"article:modified_time\" content=\"2025-10-17T09:56:14+00:00\" \/>\n<meta property=\"og:image\" content=\"https:\/\/brillancy.hu\/wp-content\/uploads\/2025\/01\/20250927_2107_Elegans-arany-gyuru_remix_01k66936vne1r925pxqfmx4nd2.png\" \/>\n\t<meta property=\"og:image:width\" content=\"1024\" \/>\n\t<meta property=\"og:image:height\" content=\"1024\" \/>\n\t<meta property=\"og:image:type\" content=\"image\/png\" \/>\n<meta name=\"twitter:card\" content=\"summary_large_image\" \/>\n<meta name=\"twitter:label1\" content=\"Estimated reading time\" \/>\n\t<meta name=\"twitter:data1\" content=\"2 minutes\" \/>\n<script type=\"application\/ld+json\" class=\"yoast-schema-graph\">{\"@context\":\"https:\/\/schema.org\",\"@graph\":[{\"@type\":\"WebPage\",\"@id\":\"https:\/\/brillancy.hu\/product\/rouge-sarga-arany-eljegyzesi-gyuru\/\",\"url\":\"https:\/\/brillancy.hu\/product\/rouge-sarga-arany-eljegyzesi-gyuru\/\",\"name\":\"Rouge s\u00e1rga arany dr\u00e1gak\u00f6ves gy\u0171r\u0171 - Brillancy\",\"isPartOf\":{\"@id\":\"https:\/\/brillancy.hu\/#website\"},\"primaryImageOfPage\":{\"@id\":\"https:\/\/brillancy.hu\/product\/rouge-sarga-arany-eljegyzesi-gyuru\/#primaryimage\"},\"image\":{\"@id\":\"https:\/\/brillancy.hu\/product\/rouge-sarga-arany-eljegyzesi-gyuru\/#primaryimage\"},\"thumbnailUrl\":\"https:\/\/brillancy.hu\/wp-content\/uploads\/2025\/01\/20250927_2107_Elegans-arany-gyuru_remix_01k66936vne1r925pxqfmx4nd2.png\",\"datePublished\":\"2025-01-31T17:37:37+00:00\",\"dateModified\":\"2025-10-17T09:56:14+00:00\",\"description\":\"Rouge s\u00e1rga arany dr\u00e1gak\u00f6ves gy\u0171r\u0171 - K\u00f6z\u00e9ppontban egy ov\u00e1lis csiszol\u00e1s\u00fa 0,66 ct-os\u00a0 5 x 7 mm nagys\u00e1g\u00fa gy\u00f6ny\u00f6r\u0171 rubin pomp\u00e1zik n\u00e9gykarmos foglalatban.\",\"breadcrumb\":{\"@id\":\"https:\/\/brillancy.hu\/product\/rouge-sarga-arany-eljegyzesi-gyuru\/#breadcrumb\"},\"inLanguage\":\"en-GB\",\"potentialAction\":[{\"@type\":\"ReadAction\",\"target\":[\"https:\/\/brillancy.hu\/product\/rouge-sarga-arany-eljegyzesi-gyuru\/\"]}]},{\"@type\":\"ImageObject\",\"inLanguage\":\"en-GB\",\"@id\":\"https:\/\/brillancy.hu\/product\/rouge-sarga-arany-eljegyzesi-gyuru\/#primaryimage\",\"url\":\"https:\/\/brillancy.hu\/wp-content\/uploads\/2025\/01\/20250927_2107_Elegans-arany-gyuru_remix_01k66936vne1r925pxqfmx4nd2.png\",\"contentUrl\":\"https:\/\/brillancy.hu\/wp-content\/uploads\/2025\/01\/20250927_2107_Elegans-arany-gyuru_remix_01k66936vne1r925pxqfmx4nd2.png\",\"width\":1024,\"height\":1024,\"caption\":\"Rouge s\u00e1rga arany dr\u00e1gak\u00f6ves gy\u0171r\u0171\"},{\"@type\":\"BreadcrumbList\",\"@id\":\"https:\/\/brillancy.hu\/product\/rouge-sarga-arany-eljegyzesi-gyuru\/#breadcrumb\",\"itemListElement\":[{\"@type\":\"ListItem\",\"position\":1,\"name\":\"Home\",\"item\":\"https:\/\/brillancy.hu\/\"},{\"@type\":\"ListItem\",\"position\":2,\"name\":\"Term\u00e9kek\",\"item\":\"https:\/\/brillancy.hu\/termekek\/\"},{\"@type\":\"ListItem\",\"position\":3,\"name\":\"Rouge s\u00e1rga arany dr\u00e1gak\u00f6ves gy\u0171r\u0171\"}]},{\"@type\":\"WebSite\",\"@id\":\"https:\/\/brillancy.hu\/#website\",\"url\":\"https:\/\/brillancy.hu\/\",\"name\":\"Brillancy\",\"description\":\"\",\"potentialAction\":[{\"@type\":\"SearchAction\",\"target\":{\"@type\":\"EntryPoint\",\"urlTemplate\":\"https:\/\/brillancy.hu\/?s={search_term_string}\"},\"query-input\":{\"@type\":\"PropertyValueSpecification\",\"valueRequired\":true,\"valueName\":\"search_term_string\"}}],\"inLanguage\":\"en-GB\"}]}<\/script>\n<!-- \/ Yoast SEO Premium plugin. -->","yoast_head_json":{"title":"Rouge s\u00e1rga arany dr\u00e1gak\u00f6ves gy\u0171r\u0171 - Brillancy","description":"Rouge s\u00e1rga arany dr\u00e1gak\u00f6ves gy\u0171r\u0171 - K\u00f6z\u00e9ppontban egy ov\u00e1lis csiszol\u00e1s\u00fa 0,66 ct-os\u00a0 5 x 7 mm nagys\u00e1g\u00fa gy\u00f6ny\u00f6r\u0171 rubin pomp\u00e1zik n\u00e9gykarmos foglalatban.","robots":{"index":"index","follow":"follow","max-snippet":"max-snippet:-1","max-image-preview":"max-image-preview:large","max-video-preview":"max-video-preview:-1"},"canonical":"https:\/\/brillancy.hu\/en\/product\/rouge-sarga-arany-eljegyzesi-gyuru\/","og_locale":"en_GB","og_type":"article","og_title":"Rouge s\u00e1rga arany dr\u00e1gak\u00f6ves gy\u0171r\u0171","og_description":"Rouge s\u00e1rga arany dr\u00e1gak\u00f6ves gy\u0171r\u0171 - K\u00f6z\u00e9ppontban egy ov\u00e1lis csiszol\u00e1s\u00fa 0,66 ct-os\u00a0 5 x 7 mm nagys\u00e1g\u00fa gy\u00f6ny\u00f6r\u0171 rubin pomp\u00e1zik n\u00e9gykarmos foglalatban.","og_url":"https:\/\/brillancy.hu\/en\/product\/rouge-sarga-arany-eljegyzesi-gyuru\/","og_site_name":"Brillancy","article_modified_time":"2025-10-17T09:56:14+00:00","og_image":[{"width":1024,"height":1024,"url":"https:\/\/brillancy.hu\/wp-content\/uploads\/2025\/01\/20250927_2107_Elegans-arany-gyuru_remix_01k66936vne1r925pxqfmx4nd2.png","type":"image\/png"}],"twitter_card":"summary_large_image","twitter_misc":{"Estimated reading time":"2 minutes"},"schema":{"@context":"https:\/\/schema.org","@graph":[{"@type":"WebPage","@id":"https:\/\/brillancy.hu\/product\/rouge-sarga-arany-eljegyzesi-gyuru\/","url":"https:\/\/brillancy.hu\/product\/rouge-sarga-arany-eljegyzesi-gyuru\/","name":"Rouge s\u00e1rga arany dr\u00e1gak\u00f6ves gy\u0171r\u0171 - Brillancy","isPartOf":{"@id":"https:\/\/brillancy.hu\/#website"},"primaryImageOfPage":{"@id":"https:\/\/brillancy.hu\/product\/rouge-sarga-arany-eljegyzesi-gyuru\/#primaryimage"},"image":{"@id":"https:\/\/brillancy.hu\/product\/rouge-sarga-arany-eljegyzesi-gyuru\/#primaryimage"},"thumbnailUrl":"https:\/\/brillancy.hu\/wp-content\/uploads\/2025\/01\/20250927_2107_Elegans-arany-gyuru_remix_01k66936vne1r925pxqfmx4nd2.png","datePublished":"2025-01-31T17:37:37+00:00","dateModified":"2025-10-17T09:56:14+00:00","description":"Rouge s\u00e1rga arany dr\u00e1gak\u00f6ves gy\u0171r\u0171 - K\u00f6z\u00e9ppontban egy ov\u00e1lis csiszol\u00e1s\u00fa 0,66 ct-os\u00a0 5 x 7 mm nagys\u00e1g\u00fa gy\u00f6ny\u00f6r\u0171 rubin pomp\u00e1zik n\u00e9gykarmos foglalatban.","breadcrumb":{"@id":"https:\/\/brillancy.hu\/product\/rouge-sarga-arany-eljegyzesi-gyuru\/#breadcrumb"},"inLanguage":"en-GB","potentialAction":[{"@type":"ReadAction","target":["https:\/\/brillancy.hu\/product\/rouge-sarga-arany-eljegyzesi-gyuru\/"]}]},{"@type":"ImageObject","inLanguage":"en-GB","@id":"https:\/\/brillancy.hu\/product\/rouge-sarga-arany-eljegyzesi-gyuru\/#primaryimage","url":"https:\/\/brillancy.hu\/wp-content\/uploads\/2025\/01\/20250927_2107_Elegans-arany-gyuru_remix_01k66936vne1r925pxqfmx4nd2.png","contentUrl":"https:\/\/brillancy.hu\/wp-content\/uploads\/2025\/01\/20250927_2107_Elegans-arany-gyuru_remix_01k66936vne1r925pxqfmx4nd2.png","width":1024,"height":1024,"caption":"Rouge s\u00e1rga arany dr\u00e1gak\u00f6ves gy\u0171r\u0171"},{"@type":"BreadcrumbList","@id":"https:\/\/brillancy.hu\/product\/rouge-sarga-arany-eljegyzesi-gyuru\/#breadcrumb","itemListElement":[{"@type":"ListItem","position":1,"name":"Home","item":"https:\/\/brillancy.hu\/"},{"@type":"ListItem","position":2,"name":"Term\u00e9kek","item":"https:\/\/brillancy.hu\/termekek\/"},{"@type":"ListItem","position":3,"name":"Rouge s\u00e1rga arany dr\u00e1gak\u00f6ves gy\u0171r\u0171"}]},{"@type":"WebSite","@id":"https:\/\/brillancy.hu\/#website","url":"https:\/\/brillancy.hu\/","name":"Brillancy","description":"","potentialAction":[{"@type":"SearchAction","target":{"@type":"EntryPoint","urlTemplate":"https:\/\/brillancy.hu\/?s={search_term_string}"},"query-input":{"@type":"PropertyValueSpecification","valueRequired":true,"valueName":"search_term_string"}}],"inLanguage":"en-GB"}]}},"_links":{"self":[{"href":"https:\/\/brillancy.hu\/en\/wp-json\/wp\/v2\/product\/8135","targetHints":{"allow":["GET"]}}],"collection":[{"href":"https:\/\/brillancy.hu\/en\/wp-json\/wp\/v2\/product"}],"about":[{"href":"https:\/\/brillancy.hu\/en\/wp-json\/wp\/v2\/types\/product"}],"replies":[{"embeddable":true,"href":"https:\/\/brillancy.hu\/en\/wp-json\/wp\/v2\/comments?post=8135"}],"wp:featuredmedia":[{"embeddable":true,"href":"https:\/\/brillancy.hu\/en\/wp-json\/wp\/v2\/media\/11895"}],"wp:attachment":[{"href":"https:\/\/brillancy.hu\/en\/wp-json\/wp\/v2\/media?parent=8135"}],"wp:term":[{"taxonomy":"product_brand","embeddable":true,"href":"https:\/\/brillancy.hu\/en\/wp-json\/wp\/v2\/product_brand?post=8135"},{"taxonomy":"product_cat","embeddable":true,"href":"https:\/\/brillancy.hu\/en\/wp-json\/wp\/v2\/product_cat?post=8135"},{"taxonomy":"product_tag","embeddable":true,"href":"https:\/\/brillancy.hu\/en\/wp-json\/wp\/v2\/product_tag?post=8135"}],"curies":[{"name":"wp","href":"https:\/\/api.w.org\/{rel}","templated":true}]}}