{"id":8123,"date":"2025-01-31T18:37:37","date_gmt":"2025-01-31T17:37:37","guid":{"rendered":"https:\/\/brillancy.hu\/?post_type=product&#038;p=8123"},"modified":"2026-05-14T10:12:09","modified_gmt":"2026-05-14T09:12:09","slug":"joy-arany-eljegyzesi-gyuru","status":"publish","type":"product","link":"https:\/\/brillancy.hu\/en\/product\/joy-arany-eljegyzesi-gyuru\/","title":{"rendered":"Joy gold engagement ring"},"content":{"rendered":"<p><strong>Joy gold engagement ring<\/strong><\/p>\n<p>Breathtakingly shiny\u00a0<strong>14 karat gold engagement ring, in which emerald and white diamond resplendent.<\/strong>\u00a0The central gem is a\u00a0<strong>oval cut, 5 x 4 mm, 0,30 ct-os emerald<\/strong>. This beautiful green gem on both sides will be involved <strong>1-1 piece of trillion cut, 3 mm<\/strong>\u00a0side length of white,\u00a0<strong>natural diamond<\/strong>. Each 0,075 ct in weight. The ring rail and a total of\u00a0<strong>12 pieces, brilliant cut,<\/strong>\u00a01 mm in diameter, with a small diamond shine. The simple lines of the various cut precious stones game that makes it special.<\/p>\n<ul>\n<li><b>Material:<\/b>\u00a0gold<\/li>\n<li><b>Fineness<\/b>: 585 thousandth, 14 carat<\/li>\n<li><b>Gemstone<\/b>: oval cut emerald, trillion and brilliant cut diamonds<\/li>\n<\/ul>\n<p>&nbsp;<\/p>\n<p><strong>Eternal life guarantee:<\/strong>\u00a0the jewelry structure of the material errors and gems<\/p>\n<p>The average production time is 10-15 working days. If you have any important date for which you want the product, please contact with us by phone +36 30 539 1179 number, or the info@brillancy.hu e-mail address.<\/p>\n<p><strong>Can be ordered in yellow, white or rose gold colors. The jewel to the gift box optional.<\/strong><\/p>\n<p><strong>I like the Joy gold engagement ring, but a different size or color gems did you imagine it?<\/strong>\u00a0It&#039;s not a problem. We like to give an offer to the expected ideas. Find us confidence on the phone +36 30 539 1179 number, or the info@brillancy.hu e-mail address.<\/p>\n<p><strong>Pay scrap gold<\/strong>\u00a0Damaged, old, or never used gold hiding at home in the cupboards? Bring it in to us and it will be transferred to you the chosen jewellery price.<\/p>","protected":false},"excerpt":{"rendered":"<p>14 karat gold engagement ring oval cut smaragddal and trillion and brilliant cut diamonds<\/p>","protected":false},"featured_media":11765,"comment_status":"closed","ping_status":"closed","template":"","meta":[],"product_brand":[],"product_cat":[17,39,26,23,40,37],"product_tag":[],"class_list":{"0":"post-8123","1":"product","2":"type-product","3":"status-publish","4":"has-post-thumbnail","6":"product_cat-eljegyzesi-gyuruk","7":"product_cat-gyemant","8":"product_cat-haromszog","9":"product_cat-ovalis","10":"product_cat-smaragd","11":"product_cat-tobb-koves","13":"first","14":"instock","15":"purchasable","16":"product-type-simple"},"yoast_head":"<!-- This site is optimized with the Yoast SEO Premium plugin v27.0 (Yoast SEO v27.4) - https:\/\/yoast.com\/product\/yoast-seo-premium-wordpress\/ -->\n<title>Joy arany eljegyz\u00e9si gy\u0171r\u0171 - Brillancy<\/title>\n<meta name=\"description\" content=\"A Joy arany eljegyz\u00e9si gy\u0171r\u0171, l\u00e9legzetel\u00e1ll\u00edt\u00f3an csillog\u00f3\u00a014 kar\u00e1tos arany eljegyz\u00e9si gy\u0171r\u0171, melyben smaragd \u00e9s feh\u00e9r gy\u00e9m\u00e1nt pomp\u00e1zik.\" \/>\n<meta name=\"robots\" content=\"index, follow, max-snippet:-1, max-image-preview:large, max-video-preview:-1\" \/>\n<link rel=\"canonical\" href=\"https:\/\/brillancy.hu\/en\/product\/joy-arany-eljegyzesi-gyuru\/\" \/>\n<meta property=\"og:locale\" content=\"en_GB\" \/>\n<meta property=\"og:type\" content=\"article\" \/>\n<meta property=\"og:title\" content=\"Joy arany eljegyz\u00e9si gy\u0171r\u0171\" \/>\n<meta property=\"og:description\" content=\"A Joy arany eljegyz\u00e9si gy\u0171r\u0171, l\u00e9legzetel\u00e1ll\u00edt\u00f3an csillog\u00f3\u00a014 kar\u00e1tos arany eljegyz\u00e9si gy\u0171r\u0171, melyben smaragd \u00e9s feh\u00e9r gy\u00e9m\u00e1nt pomp\u00e1zik.\" \/>\n<meta property=\"og:url\" content=\"https:\/\/brillancy.hu\/en\/product\/joy-arany-eljegyzesi-gyuru\/\" \/>\n<meta property=\"og:site_name\" content=\"Brillancy\" \/>\n<meta property=\"article:modified_time\" content=\"2026-05-14T09:12:09+00:00\" \/>\n<meta property=\"og:image\" content=\"https:\/\/brillancy.hu\/wp-content\/uploads\/2025\/09\/Joy-dragakoves-gyuru.jpg\" \/>\n\t<meta property=\"og:image:width\" content=\"1024\" \/>\n\t<meta property=\"og:image:height\" content=\"1024\" \/>\n\t<meta property=\"og:image:type\" content=\"image\/jpeg\" \/>\n<meta name=\"twitter:card\" content=\"summary_large_image\" \/>\n<meta name=\"twitter:label1\" content=\"Estimated reading time\" \/>\n\t<meta name=\"twitter:data1\" content=\"2 minutes\" \/>\n<script type=\"application\/ld+json\" class=\"yoast-schema-graph\">{\"@context\":\"https:\\\/\\\/schema.org\",\"@graph\":[{\"@type\":\"WebPage\",\"@id\":\"https:\\\/\\\/brillancy.hu\\\/product\\\/joy-arany-eljegyzesi-gyuru\\\/\",\"url\":\"https:\\\/\\\/brillancy.hu\\\/product\\\/joy-arany-eljegyzesi-gyuru\\\/\",\"name\":\"Joy arany eljegyz\u00e9si gy\u0171r\u0171 - Brillancy\",\"isPartOf\":{\"@id\":\"https:\\\/\\\/brillancy.hu\\\/#website\"},\"primaryImageOfPage\":{\"@id\":\"https:\\\/\\\/brillancy.hu\\\/product\\\/joy-arany-eljegyzesi-gyuru\\\/#primaryimage\"},\"image\":{\"@id\":\"https:\\\/\\\/brillancy.hu\\\/product\\\/joy-arany-eljegyzesi-gyuru\\\/#primaryimage\"},\"thumbnailUrl\":\"https:\\\/\\\/brillancy.hu\\\/wp-content\\\/uploads\\\/2025\\\/09\\\/Joy-dragakoves-gyuru.jpg\",\"datePublished\":\"2025-01-31T17:37:37+00:00\",\"dateModified\":\"2026-05-14T09:12:09+00:00\",\"description\":\"A Joy arany eljegyz\u00e9si gy\u0171r\u0171, l\u00e9legzetel\u00e1ll\u00edt\u00f3an csillog\u00f3\u00a014 kar\u00e1tos arany eljegyz\u00e9si gy\u0171r\u0171, melyben smaragd \u00e9s feh\u00e9r gy\u00e9m\u00e1nt pomp\u00e1zik.\",\"breadcrumb\":{\"@id\":\"https:\\\/\\\/brillancy.hu\\\/product\\\/joy-arany-eljegyzesi-gyuru\\\/#breadcrumb\"},\"inLanguage\":\"en-GB\",\"potentialAction\":[{\"@type\":\"ReadAction\",\"target\":[\"https:\\\/\\\/brillancy.hu\\\/product\\\/joy-arany-eljegyzesi-gyuru\\\/\"]}]},{\"@type\":\"ImageObject\",\"inLanguage\":\"en-GB\",\"@id\":\"https:\\\/\\\/brillancy.hu\\\/product\\\/joy-arany-eljegyzesi-gyuru\\\/#primaryimage\",\"url\":\"https:\\\/\\\/brillancy.hu\\\/wp-content\\\/uploads\\\/2025\\\/09\\\/Joy-dragakoves-gyuru.jpg\",\"contentUrl\":\"https:\\\/\\\/brillancy.hu\\\/wp-content\\\/uploads\\\/2025\\\/09\\\/Joy-dragakoves-gyuru.jpg\",\"width\":1024,\"height\":1024,\"caption\":\"Joy arany eljegyz\u00e9si gy\u0171r\u0171\"},{\"@type\":\"BreadcrumbList\",\"@id\":\"https:\\\/\\\/brillancy.hu\\\/product\\\/joy-arany-eljegyzesi-gyuru\\\/#breadcrumb\",\"itemListElement\":[{\"@type\":\"ListItem\",\"position\":1,\"name\":\"Home\",\"item\":\"https:\\\/\\\/brillancy.hu\\\/\"},{\"@type\":\"ListItem\",\"position\":2,\"name\":\"Term\u00e9kek\",\"item\":\"https:\\\/\\\/brillancy.hu\\\/termekek\\\/\"},{\"@type\":\"ListItem\",\"position\":3,\"name\":\"Joy arany eljegyz\u00e9si gy\u0171r\u0171\"}]},{\"@type\":\"WebSite\",\"@id\":\"https:\\\/\\\/brillancy.hu\\\/#website\",\"url\":\"https:\\\/\\\/brillancy.hu\\\/\",\"name\":\"Brillancy\",\"description\":\"\",\"potentialAction\":[{\"@type\":\"SearchAction\",\"target\":{\"@type\":\"EntryPoint\",\"urlTemplate\":\"https:\\\/\\\/brillancy.hu\\\/?s={search_term_string}\"},\"query-input\":{\"@type\":\"PropertyValueSpecification\",\"valueRequired\":true,\"valueName\":\"search_term_string\"}}],\"inLanguage\":\"en-GB\"}]}<\/script>\n<!-- \/ Yoast SEO Premium plugin. -->","yoast_head_json":{"title":"Joy arany eljegyz\u00e9si gy\u0171r\u0171 - Brillancy","description":"A Joy arany eljegyz\u00e9si gy\u0171r\u0171, l\u00e9legzetel\u00e1ll\u00edt\u00f3an csillog\u00f3\u00a014 kar\u00e1tos arany eljegyz\u00e9si gy\u0171r\u0171, melyben smaragd \u00e9s feh\u00e9r gy\u00e9m\u00e1nt pomp\u00e1zik.","robots":{"index":"index","follow":"follow","max-snippet":"max-snippet:-1","max-image-preview":"max-image-preview:large","max-video-preview":"max-video-preview:-1"},"canonical":"https:\/\/brillancy.hu\/en\/product\/joy-arany-eljegyzesi-gyuru\/","og_locale":"en_GB","og_type":"article","og_title":"Joy arany eljegyz\u00e9si gy\u0171r\u0171","og_description":"A Joy arany eljegyz\u00e9si gy\u0171r\u0171, l\u00e9legzetel\u00e1ll\u00edt\u00f3an csillog\u00f3\u00a014 kar\u00e1tos arany eljegyz\u00e9si gy\u0171r\u0171, melyben smaragd \u00e9s feh\u00e9r gy\u00e9m\u00e1nt pomp\u00e1zik.","og_url":"https:\/\/brillancy.hu\/en\/product\/joy-arany-eljegyzesi-gyuru\/","og_site_name":"Brillancy","article_modified_time":"2026-05-14T09:12:09+00:00","og_image":[{"width":1024,"height":1024,"url":"https:\/\/brillancy.hu\/wp-content\/uploads\/2025\/09\/Joy-dragakoves-gyuru.jpg","type":"image\/jpeg"}],"twitter_card":"summary_large_image","twitter_misc":{"Estimated reading time":"2 minutes"},"schema":{"@context":"https:\/\/schema.org","@graph":[{"@type":"WebPage","@id":"https:\/\/brillancy.hu\/product\/joy-arany-eljegyzesi-gyuru\/","url":"https:\/\/brillancy.hu\/product\/joy-arany-eljegyzesi-gyuru\/","name":"Joy arany eljegyz\u00e9si gy\u0171r\u0171 - Brillancy","isPartOf":{"@id":"https:\/\/brillancy.hu\/#website"},"primaryImageOfPage":{"@id":"https:\/\/brillancy.hu\/product\/joy-arany-eljegyzesi-gyuru\/#primaryimage"},"image":{"@id":"https:\/\/brillancy.hu\/product\/joy-arany-eljegyzesi-gyuru\/#primaryimage"},"thumbnailUrl":"https:\/\/brillancy.hu\/wp-content\/uploads\/2025\/09\/Joy-dragakoves-gyuru.jpg","datePublished":"2025-01-31T17:37:37+00:00","dateModified":"2026-05-14T09:12:09+00:00","description":"A Joy arany eljegyz\u00e9si gy\u0171r\u0171, l\u00e9legzetel\u00e1ll\u00edt\u00f3an csillog\u00f3\u00a014 kar\u00e1tos arany eljegyz\u00e9si gy\u0171r\u0171, melyben smaragd \u00e9s feh\u00e9r gy\u00e9m\u00e1nt pomp\u00e1zik.","breadcrumb":{"@id":"https:\/\/brillancy.hu\/product\/joy-arany-eljegyzesi-gyuru\/#breadcrumb"},"inLanguage":"en-GB","potentialAction":[{"@type":"ReadAction","target":["https:\/\/brillancy.hu\/product\/joy-arany-eljegyzesi-gyuru\/"]}]},{"@type":"ImageObject","inLanguage":"en-GB","@id":"https:\/\/brillancy.hu\/product\/joy-arany-eljegyzesi-gyuru\/#primaryimage","url":"https:\/\/brillancy.hu\/wp-content\/uploads\/2025\/09\/Joy-dragakoves-gyuru.jpg","contentUrl":"https:\/\/brillancy.hu\/wp-content\/uploads\/2025\/09\/Joy-dragakoves-gyuru.jpg","width":1024,"height":1024,"caption":"Joy arany eljegyz\u00e9si gy\u0171r\u0171"},{"@type":"BreadcrumbList","@id":"https:\/\/brillancy.hu\/product\/joy-arany-eljegyzesi-gyuru\/#breadcrumb","itemListElement":[{"@type":"ListItem","position":1,"name":"Home","item":"https:\/\/brillancy.hu\/"},{"@type":"ListItem","position":2,"name":"Term\u00e9kek","item":"https:\/\/brillancy.hu\/termekek\/"},{"@type":"ListItem","position":3,"name":"Joy arany eljegyz\u00e9si gy\u0171r\u0171"}]},{"@type":"WebSite","@id":"https:\/\/brillancy.hu\/#website","url":"https:\/\/brillancy.hu\/","name":"Brillancy","description":"","potentialAction":[{"@type":"SearchAction","target":{"@type":"EntryPoint","urlTemplate":"https:\/\/brillancy.hu\/?s={search_term_string}"},"query-input":{"@type":"PropertyValueSpecification","valueRequired":true,"valueName":"search_term_string"}}],"inLanguage":"en-GB"}]}},"_links":{"self":[{"href":"https:\/\/brillancy.hu\/en\/wp-json\/wp\/v2\/product\/8123","targetHints":{"allow":["GET"]}}],"collection":[{"href":"https:\/\/brillancy.hu\/en\/wp-json\/wp\/v2\/product"}],"about":[{"href":"https:\/\/brillancy.hu\/en\/wp-json\/wp\/v2\/types\/product"}],"replies":[{"embeddable":true,"href":"https:\/\/brillancy.hu\/en\/wp-json\/wp\/v2\/comments?post=8123"}],"wp:featuredmedia":[{"embeddable":true,"href":"https:\/\/brillancy.hu\/en\/wp-json\/wp\/v2\/media\/11765"}],"wp:attachment":[{"href":"https:\/\/brillancy.hu\/en\/wp-json\/wp\/v2\/media?parent=8123"}],"wp:term":[{"taxonomy":"product_brand","embeddable":true,"href":"https:\/\/brillancy.hu\/en\/wp-json\/wp\/v2\/product_brand?post=8123"},{"taxonomy":"product_cat","embeddable":true,"href":"https:\/\/brillancy.hu\/en\/wp-json\/wp\/v2\/product_cat?post=8123"},{"taxonomy":"product_tag","embeddable":true,"href":"https:\/\/brillancy.hu\/en\/wp-json\/wp\/v2\/product_tag?post=8123"}],"curies":[{"name":"wp","href":"https:\/\/api.w.org\/{rel}","templated":true}]}}