{"id":8092,"date":"2025-01-31T18:37:17","date_gmt":"2025-01-31T17:37:17","guid":{"rendered":"https:\/\/brillancy.hu\/?post_type=product&#038;p=8092"},"modified":"2025-10-17T10:56:15","modified_gmt":"2025-10-17T09:56:15","slug":"miranda-arany-dragakoves-gyuru","status":"publish","type":"product","link":"https:\/\/brillancy.hu\/en\/product\/miranda-arany-dragakoves-gyuru\/","title":{"rendered":"Miranda arany dr\u00e1gak\u00f6ves gy\u0171r\u0171"},"content":{"rendered":"<p><strong>Miranda arany dr\u00e1gak\u00f6ves gy\u0171r\u0171<\/strong><\/p>\n<p>Magical elegant<strong> 14 kar\u00e1tos aranyb\u00f3l k\u00e9sz\u00fclt dr\u00e1gak\u00f6ves gy\u0171r\u0171<\/strong>. In the middle of a <strong>csepp alak\u00fa, 0,25 ct-os, 5 mm hossz\u00fa csod\u00e1latos rubin <\/strong>pihen. Ragyog\u00f3 kis\u00e9r\u0151kk\u00e9nt k\u00f6r\u00fcl\u00f6tte <strong>14 darab 1,3 mm \u00e1tm\u00e9r\u0151j\u0171, <\/strong>a gy\u0171r\u0171s\u00ednen pedig <strong>10 darab 1,2 mm \u00e1tm\u00e9r\u0151j\u0171 brili\u00e1ns csiszol\u00e1s\u00fa feh\u00e9r gy\u00e9m\u00e1nt<\/strong> teszi teljess\u00e9 a l\u00e1tv\u00e1nyt. Ig\u00e9z\u0151 sz\u00e9ps\u00e9g\u0171 arany dr\u00e1gak\u00f6ves gy\u0171r\u0171, mely t\u00f6k\u00e9letes aj\u00e1nd\u00e9k eljegyz\u00e9sre, \u00e9vfordul\u00f3ra vagy sz\u00fclet\u00e9snapra.<\/p>\n<ul>\n<li><b>Material:<\/b>\u00a0gold<\/li>\n<li><b>Fineness<\/b>: 585 thousandth, 14 carat<\/li>\n<li><b>Gemstone<\/b>: drop cut ruby and brilliant cut diamonds<\/li>\n<\/ul>\n<p>&nbsp;<\/p>\n<p><strong>Eternal life guarantee:<\/strong>\u00a0the jewelry structure of the material errors and gems<\/p>\n<p><strong>Free renewal:<\/strong>\u00a0We take your engagement ring free scratch-free sales of and purification of five times (once a year) the purchase within five years.<\/p>\n<p><strong>Free size adjustment:\u00a0<\/strong>If you haven&#039;t found the correct size, we will take the ring free size adjustments.<\/p>\n<p><strong>Gift box:\u00a0<\/strong>The ring is a gift in the box set, and several kinds of colors You can pick out!<\/p>\n<p><strong>Pay scrap gold<\/strong>\u00a0Damaged, old, or never used gold hiding at home in the cupboards? Bring it in to us and high count For the selected engagement ring price.<\/p>\n<p><strong>Tetszik a Miranda arany dr\u00e1gak\u00f6ves gy\u0171r\u0171, de m\u00e1s m\u00e9ret\u0171<\/strong><strong>maybe a different color gems did you imagine it? It&#039;s not a problem. We like to give an offer to the expected ideas. Find us confidence on the phone +36 30 539 1179 number, or the\u00a0<\/strong><a href=\"mailto:info@brillancy.hu\"><strong>info@brillancy.hu<\/strong><\/a><strong>\u00a0e-mail address.<\/strong><\/p>","protected":false},"excerpt":{"rendered":"<p>Miranda arany dr\u00e1gak\u00f6ves gy\u0171r\u0171 Var\u00e1zslatosan eleg\u00e1ns 14 kar\u00e1tos aranyb\u00f3l k\u00e9sz\u00fclt dr\u00e1gak\u00f6ves gy\u0171r\u0171. K\u00f6z\u00e9pen egy csepp alak\u00fa, 0,25 ct-os, 5 mm hossz\u00fa csod\u00e1latos rubin pihen. Ragyog\u00f3 kis\u00e9r\u0151kk\u00e9nt k\u00f6r\u00fcl\u00f6tte 14 darab 1,3 mm \u00e1tm\u00e9r\u0151j\u0171, a gy\u0171r\u0171s\u00ednen pedig 10 darab 1,2 mm \u00e1tm\u00e9r\u0151j\u0171 brili\u00e1ns csiszol\u00e1s\u00fa feh\u00e9r gy\u00e9m\u00e1nt teszi teljess\u00e9 a l\u00e1tv\u00e1nyt. Ig\u00e9z\u0151 sz\u00e9ps\u00e9g\u0171 arany dr\u00e1gak\u00f6ves gy\u0171r\u0171, mely t\u00f6k\u00e9letes [&hellip;]<\/p>\n","protected":false},"featured_media":11759,"comment_status":"closed","ping_status":"closed","template":"","meta":[],"product_brand":[],"product_cat":[29,124,21,17,44,37],"product_tag":[],"class_list":{"0":"post-8092","1":"product","2":"type-product","3":"status-publish","4":"has-post-thumbnail","6":"product_cat-csepp","7":"product_cat-dragakoves-gyuruk","8":"product_cat-ekszerek","9":"product_cat-eljegyzesi-gyuruk","10":"product_cat-rubin","11":"product_cat-tobb-koves","13":"first","14":"instock","15":"purchasable","16":"product-type-simple"},"yoast_head":"<!-- This site is optimized with the Yoast SEO Premium plugin v27.0 (Yoast SEO v27.4) - https:\/\/yoast.com\/product\/yoast-seo-premium-wordpress\/ -->\n<title>Miranda arany dr\u00e1gak\u00f6ves gy\u0171r\u0171 - Brillancy<\/title>\n<meta name=\"description\" content=\"Miranda arany dr\u00e1gak\u00f6ves gy\u0171r\u0171: Var\u00e1zslatosan eleg\u00e1ns 14 kar\u00e1tos aranyb\u00f3l k\u00e9sz\u00fclt dr\u00e1gak\u00f6ves gy\u0171r\u0171. K\u00f6z\u00e9pen egy csepp alak\u00fa rubin, k\u00f6r\u00fcl\u00f6tte gy\u00e9m\u00e1ntok.\" \/>\n<meta name=\"robots\" content=\"index, follow, max-snippet:-1, max-image-preview:large, max-video-preview:-1\" \/>\n<link rel=\"canonical\" href=\"https:\/\/brillancy.hu\/en\/product\/miranda-arany-dragakoves-gyuru\/\" \/>\n<meta property=\"og:locale\" content=\"en_GB\" \/>\n<meta property=\"og:type\" content=\"article\" \/>\n<meta property=\"og:title\" content=\"Miranda arany dr\u00e1gak\u00f6ves gy\u0171r\u0171\" \/>\n<meta property=\"og:description\" content=\"Miranda arany dr\u00e1gak\u00f6ves gy\u0171r\u0171: Var\u00e1zslatosan eleg\u00e1ns 14 kar\u00e1tos aranyb\u00f3l k\u00e9sz\u00fclt dr\u00e1gak\u00f6ves gy\u0171r\u0171. K\u00f6z\u00e9pen egy csepp alak\u00fa rubin, k\u00f6r\u00fcl\u00f6tte gy\u00e9m\u00e1ntok.\" \/>\n<meta property=\"og:url\" content=\"https:\/\/brillancy.hu\/en\/product\/miranda-arany-dragakoves-gyuru\/\" \/>\n<meta property=\"og:site_name\" content=\"Brillancy\" \/>\n<meta property=\"article:modified_time\" content=\"2025-10-17T09:56:15+00:00\" \/>\n<meta property=\"og:image\" content=\"https:\/\/brillancy.hu\/wp-content\/uploads\/2025\/09\/Miranda.jpg\" \/>\n\t<meta property=\"og:image:width\" content=\"1024\" \/>\n\t<meta property=\"og:image:height\" content=\"1024\" \/>\n\t<meta property=\"og:image:type\" content=\"image\/jpeg\" \/>\n<meta name=\"twitter:card\" content=\"summary_large_image\" \/>\n<meta name=\"twitter:label1\" content=\"Estimated reading time\" \/>\n\t<meta name=\"twitter:data1\" content=\"2 minutes\" \/>\n<script type=\"application\/ld+json\" class=\"yoast-schema-graph\">{\"@context\":\"https:\\\/\\\/schema.org\",\"@graph\":[{\"@type\":\"WebPage\",\"@id\":\"https:\\\/\\\/brillancy.hu\\\/product\\\/miranda-arany-dragakoves-gyuru\\\/\",\"url\":\"https:\\\/\\\/brillancy.hu\\\/product\\\/miranda-arany-dragakoves-gyuru\\\/\",\"name\":\"Miranda arany dr\u00e1gak\u00f6ves gy\u0171r\u0171 - Brillancy\",\"isPartOf\":{\"@id\":\"https:\\\/\\\/brillancy.hu\\\/#website\"},\"primaryImageOfPage\":{\"@id\":\"https:\\\/\\\/brillancy.hu\\\/product\\\/miranda-arany-dragakoves-gyuru\\\/#primaryimage\"},\"image\":{\"@id\":\"https:\\\/\\\/brillancy.hu\\\/product\\\/miranda-arany-dragakoves-gyuru\\\/#primaryimage\"},\"thumbnailUrl\":\"https:\\\/\\\/brillancy.hu\\\/wp-content\\\/uploads\\\/2025\\\/09\\\/Miranda.jpg\",\"datePublished\":\"2025-01-31T17:37:17+00:00\",\"dateModified\":\"2025-10-17T09:56:15+00:00\",\"description\":\"Miranda arany dr\u00e1gak\u00f6ves gy\u0171r\u0171: Var\u00e1zslatosan eleg\u00e1ns 14 kar\u00e1tos aranyb\u00f3l k\u00e9sz\u00fclt dr\u00e1gak\u00f6ves gy\u0171r\u0171. K\u00f6z\u00e9pen egy csepp alak\u00fa rubin, k\u00f6r\u00fcl\u00f6tte gy\u00e9m\u00e1ntok.\",\"breadcrumb\":{\"@id\":\"https:\\\/\\\/brillancy.hu\\\/product\\\/miranda-arany-dragakoves-gyuru\\\/#breadcrumb\"},\"inLanguage\":\"en-GB\",\"potentialAction\":[{\"@type\":\"ReadAction\",\"target\":[\"https:\\\/\\\/brillancy.hu\\\/product\\\/miranda-arany-dragakoves-gyuru\\\/\"]}]},{\"@type\":\"ImageObject\",\"inLanguage\":\"en-GB\",\"@id\":\"https:\\\/\\\/brillancy.hu\\\/product\\\/miranda-arany-dragakoves-gyuru\\\/#primaryimage\",\"url\":\"https:\\\/\\\/brillancy.hu\\\/wp-content\\\/uploads\\\/2025\\\/09\\\/Miranda.jpg\",\"contentUrl\":\"https:\\\/\\\/brillancy.hu\\\/wp-content\\\/uploads\\\/2025\\\/09\\\/Miranda.jpg\",\"width\":1024,\"height\":1024,\"caption\":\"Miranda arany dr\u00e1gak\u00f6ves gy\u0171r\u0171\"},{\"@type\":\"BreadcrumbList\",\"@id\":\"https:\\\/\\\/brillancy.hu\\\/product\\\/miranda-arany-dragakoves-gyuru\\\/#breadcrumb\",\"itemListElement\":[{\"@type\":\"ListItem\",\"position\":1,\"name\":\"Home\",\"item\":\"https:\\\/\\\/brillancy.hu\\\/\"},{\"@type\":\"ListItem\",\"position\":2,\"name\":\"Term\u00e9kek\",\"item\":\"https:\\\/\\\/brillancy.hu\\\/termekek\\\/\"},{\"@type\":\"ListItem\",\"position\":3,\"name\":\"Miranda arany dr\u00e1gak\u00f6ves gy\u0171r\u0171\"}]},{\"@type\":\"WebSite\",\"@id\":\"https:\\\/\\\/brillancy.hu\\\/#website\",\"url\":\"https:\\\/\\\/brillancy.hu\\\/\",\"name\":\"Brillancy\",\"description\":\"\",\"potentialAction\":[{\"@type\":\"SearchAction\",\"target\":{\"@type\":\"EntryPoint\",\"urlTemplate\":\"https:\\\/\\\/brillancy.hu\\\/?s={search_term_string}\"},\"query-input\":{\"@type\":\"PropertyValueSpecification\",\"valueRequired\":true,\"valueName\":\"search_term_string\"}}],\"inLanguage\":\"en-GB\"}]}<\/script>\n<!-- \/ Yoast SEO Premium plugin. -->","yoast_head_json":{"title":"Miranda arany dr\u00e1gak\u00f6ves gy\u0171r\u0171 - Brillancy","description":"Miranda arany dr\u00e1gak\u00f6ves gy\u0171r\u0171: Var\u00e1zslatosan eleg\u00e1ns 14 kar\u00e1tos aranyb\u00f3l k\u00e9sz\u00fclt dr\u00e1gak\u00f6ves gy\u0171r\u0171. K\u00f6z\u00e9pen egy csepp alak\u00fa rubin, k\u00f6r\u00fcl\u00f6tte gy\u00e9m\u00e1ntok.","robots":{"index":"index","follow":"follow","max-snippet":"max-snippet:-1","max-image-preview":"max-image-preview:large","max-video-preview":"max-video-preview:-1"},"canonical":"https:\/\/brillancy.hu\/en\/product\/miranda-arany-dragakoves-gyuru\/","og_locale":"en_GB","og_type":"article","og_title":"Miranda arany dr\u00e1gak\u00f6ves gy\u0171r\u0171","og_description":"Miranda arany dr\u00e1gak\u00f6ves gy\u0171r\u0171: Var\u00e1zslatosan eleg\u00e1ns 14 kar\u00e1tos aranyb\u00f3l k\u00e9sz\u00fclt dr\u00e1gak\u00f6ves gy\u0171r\u0171. K\u00f6z\u00e9pen egy csepp alak\u00fa rubin, k\u00f6r\u00fcl\u00f6tte gy\u00e9m\u00e1ntok.","og_url":"https:\/\/brillancy.hu\/en\/product\/miranda-arany-dragakoves-gyuru\/","og_site_name":"Brillancy","article_modified_time":"2025-10-17T09:56:15+00:00","og_image":[{"width":1024,"height":1024,"url":"https:\/\/brillancy.hu\/wp-content\/uploads\/2025\/09\/Miranda.jpg","type":"image\/jpeg"}],"twitter_card":"summary_large_image","twitter_misc":{"Estimated reading time":"2 minutes"},"schema":{"@context":"https:\/\/schema.org","@graph":[{"@type":"WebPage","@id":"https:\/\/brillancy.hu\/product\/miranda-arany-dragakoves-gyuru\/","url":"https:\/\/brillancy.hu\/product\/miranda-arany-dragakoves-gyuru\/","name":"Miranda arany dr\u00e1gak\u00f6ves gy\u0171r\u0171 - Brillancy","isPartOf":{"@id":"https:\/\/brillancy.hu\/#website"},"primaryImageOfPage":{"@id":"https:\/\/brillancy.hu\/product\/miranda-arany-dragakoves-gyuru\/#primaryimage"},"image":{"@id":"https:\/\/brillancy.hu\/product\/miranda-arany-dragakoves-gyuru\/#primaryimage"},"thumbnailUrl":"https:\/\/brillancy.hu\/wp-content\/uploads\/2025\/09\/Miranda.jpg","datePublished":"2025-01-31T17:37:17+00:00","dateModified":"2025-10-17T09:56:15+00:00","description":"Miranda arany dr\u00e1gak\u00f6ves gy\u0171r\u0171: Var\u00e1zslatosan eleg\u00e1ns 14 kar\u00e1tos aranyb\u00f3l k\u00e9sz\u00fclt dr\u00e1gak\u00f6ves gy\u0171r\u0171. K\u00f6z\u00e9pen egy csepp alak\u00fa rubin, k\u00f6r\u00fcl\u00f6tte gy\u00e9m\u00e1ntok.","breadcrumb":{"@id":"https:\/\/brillancy.hu\/product\/miranda-arany-dragakoves-gyuru\/#breadcrumb"},"inLanguage":"en-GB","potentialAction":[{"@type":"ReadAction","target":["https:\/\/brillancy.hu\/product\/miranda-arany-dragakoves-gyuru\/"]}]},{"@type":"ImageObject","inLanguage":"en-GB","@id":"https:\/\/brillancy.hu\/product\/miranda-arany-dragakoves-gyuru\/#primaryimage","url":"https:\/\/brillancy.hu\/wp-content\/uploads\/2025\/09\/Miranda.jpg","contentUrl":"https:\/\/brillancy.hu\/wp-content\/uploads\/2025\/09\/Miranda.jpg","width":1024,"height":1024,"caption":"Miranda arany dr\u00e1gak\u00f6ves gy\u0171r\u0171"},{"@type":"BreadcrumbList","@id":"https:\/\/brillancy.hu\/product\/miranda-arany-dragakoves-gyuru\/#breadcrumb","itemListElement":[{"@type":"ListItem","position":1,"name":"Home","item":"https:\/\/brillancy.hu\/"},{"@type":"ListItem","position":2,"name":"Term\u00e9kek","item":"https:\/\/brillancy.hu\/termekek\/"},{"@type":"ListItem","position":3,"name":"Miranda arany dr\u00e1gak\u00f6ves gy\u0171r\u0171"}]},{"@type":"WebSite","@id":"https:\/\/brillancy.hu\/#website","url":"https:\/\/brillancy.hu\/","name":"Brillancy","description":"","potentialAction":[{"@type":"SearchAction","target":{"@type":"EntryPoint","urlTemplate":"https:\/\/brillancy.hu\/?s={search_term_string}"},"query-input":{"@type":"PropertyValueSpecification","valueRequired":true,"valueName":"search_term_string"}}],"inLanguage":"en-GB"}]}},"_links":{"self":[{"href":"https:\/\/brillancy.hu\/en\/wp-json\/wp\/v2\/product\/8092","targetHints":{"allow":["GET"]}}],"collection":[{"href":"https:\/\/brillancy.hu\/en\/wp-json\/wp\/v2\/product"}],"about":[{"href":"https:\/\/brillancy.hu\/en\/wp-json\/wp\/v2\/types\/product"}],"replies":[{"embeddable":true,"href":"https:\/\/brillancy.hu\/en\/wp-json\/wp\/v2\/comments?post=8092"}],"wp:featuredmedia":[{"embeddable":true,"href":"https:\/\/brillancy.hu\/en\/wp-json\/wp\/v2\/media\/11759"}],"wp:attachment":[{"href":"https:\/\/brillancy.hu\/en\/wp-json\/wp\/v2\/media?parent=8092"}],"wp:term":[{"taxonomy":"product_brand","embeddable":true,"href":"https:\/\/brillancy.hu\/en\/wp-json\/wp\/v2\/product_brand?post=8092"},{"taxonomy":"product_cat","embeddable":true,"href":"https:\/\/brillancy.hu\/en\/wp-json\/wp\/v2\/product_cat?post=8092"},{"taxonomy":"product_tag","embeddable":true,"href":"https:\/\/brillancy.hu\/en\/wp-json\/wp\/v2\/product_tag?post=8092"}],"curies":[{"name":"wp","href":"https:\/\/api.w.org\/{rel}","templated":true}]}}