{"id":7865,"date":"2025-01-31T18:34:50","date_gmt":"2025-01-31T17:34:50","guid":{"rendered":"https:\/\/brillancy.hu\/?post_type=product&#038;p=7865"},"modified":"2025-10-17T10:56:15","modified_gmt":"2025-10-17T09:56:15","slug":"meredith-roze-arany-eljegyzesi-gyuru","status":"publish","type":"product","link":"https:\/\/brillancy.hu\/en\/product\/meredith-roze-arany-eljegyzesi-gyuru\/","title":{"rendered":"Meredith gold engagement ring"},"content":{"rendered":"<p><strong>Meredith gold engagement ring<\/strong><\/p>\n<p>Shy charming<strong> 14-karat gold<\/strong> engagement ring. Closed slot in a <strong>2 mm<\/strong> diameter <strong>0,03 ct<\/strong> weight <strong>brilliant cut white natural diamond<\/strong> shine. This charming beauty<strong>\u00a0gold engagement ring<\/strong> for those Ladies who are the shine I like.<\/p>\n<ul>\n<li><strong>Material: <\/strong>gold<\/li>\n<li><strong>Fineness:<\/strong> 585 thousandth, 14 carat<\/li>\n<li><strong>Gemstone: <\/strong>brilliant cut diamond<\/li>\n<li><strong>Eternal life guarantee:<\/strong>\u00a0the jewelry structure of the material errors and gems\n<p>Can be ordered in yellow, white or rose gold colors. The jewel to the gift box optional.<\/p>\n<p><strong>I like the diamond ring, but other size diamonds or colored gems did you imagine it?<\/strong>\u00a0It&#039;s not a problem. We like to give an offer to the expected ideas. Find us confidence on the phone +36 30 539 1179 number, or the info@brillancy.hu e-mail address.<\/p>\n<p><strong>Pay scrap gold<\/strong>\u00a0Damaged, old, or never used gold hiding at home in the cupboards? Bring it in to us and it will be transferred to you the chosen jewellery price.<\/li>\n<\/ul>","protected":false},"excerpt":{"rendered":"<p>Meredith gold engagement ring \u2013 Closed socket in a <strong>2 mm<\/strong> diameter <strong>0,03 ct<\/strong> weight <strong>brilliant cut white natural diamond<\/strong> shine. This charming beauty<strong>\u00a0gold engagement ring<\/strong><\/p>","protected":false},"featured_media":7892,"comment_status":"open","ping_status":"closed","template":"","meta":[],"product_brand":[],"product_cat":[35,17,39,22,32],"product_tag":[],"class_list":{"0":"post-7865","1":"product","2":"type-product","3":"status-publish","4":"has-post-thumbnail","6":"product_cat-egykoves","7":"product_cat-eljegyzesi-gyuruk","8":"product_cat-gyemant","9":"product_cat-kerek","10":"product_cat-modern","12":"first","13":"instock","14":"shipping-taxable","15":"purchasable","16":"product-type-simple"},"yoast_head":"<!-- This site is optimized with the Yoast SEO Premium plugin v27.0 (Yoast SEO v27.4) - https:\/\/yoast.com\/product\/yoast-seo-premium-wordpress\/ -->\n<title>Meredith arany eljegyz\u00e9si gy\u0171r\u0171 - Brillancy<\/title>\n<meta name=\"description\" content=\"Meredith arany eljegyz\u00e9si gy\u0171r\u0171 - 2 mm \u00e1tm\u00e9r\u0151j\u0171 brili\u00e1ns csiszol\u00e1s\u00fa feh\u00e9r, term\u00e9szetes gy\u00e9m\u00e1nt t\u00fcnd\u00f6k\u00f6l. Ezt a b\u00e1jos sz\u00e9ps\u00e9g\u0171\u00a0arany eljegyz\u00e9si gy\u0171r\u0171t\" \/>\n<meta name=\"robots\" content=\"index, follow, max-snippet:-1, max-image-preview:large, max-video-preview:-1\" \/>\n<link rel=\"canonical\" href=\"https:\/\/brillancy.hu\/en\/product\/meredith-roze-arany-eljegyzesi-gyuru\/\" \/>\n<meta property=\"og:locale\" content=\"en_GB\" \/>\n<meta property=\"og:type\" content=\"article\" \/>\n<meta property=\"og:title\" content=\"Meredith arany eljegyz\u00e9si gy\u0171r\u0171\" \/>\n<meta property=\"og:description\" content=\"Meredith arany eljegyz\u00e9si gy\u0171r\u0171 - 2 mm \u00e1tm\u00e9r\u0151j\u0171 brili\u00e1ns csiszol\u00e1s\u00fa feh\u00e9r, term\u00e9szetes gy\u00e9m\u00e1nt t\u00fcnd\u00f6k\u00f6l. Ezt a b\u00e1jos sz\u00e9ps\u00e9g\u0171\u00a0arany eljegyz\u00e9si gy\u0171r\u0171t\" \/>\n<meta property=\"og:url\" content=\"https:\/\/brillancy.hu\/en\/product\/meredith-roze-arany-eljegyzesi-gyuru\/\" \/>\n<meta property=\"og:site_name\" content=\"Brillancy\" \/>\n<meta property=\"article:modified_time\" content=\"2025-10-17T09:56:15+00:00\" \/>\n<meta property=\"og:image\" content=\"https:\/\/brillancy.hu\/wp-content\/uploads\/2025\/01\/meredith-0.jpg\" \/>\n\t<meta property=\"og:image:width\" content=\"640\" \/>\n\t<meta property=\"og:image:height\" content=\"480\" \/>\n\t<meta property=\"og:image:type\" content=\"image\/jpeg\" \/>\n<meta name=\"twitter:card\" content=\"summary_large_image\" \/>\n<meta name=\"twitter:label1\" content=\"Estimated reading time\" \/>\n\t<meta name=\"twitter:data1\" content=\"2 minutes\" \/>\n<script type=\"application\/ld+json\" class=\"yoast-schema-graph\">{\"@context\":\"https:\\\/\\\/schema.org\",\"@graph\":[{\"@type\":\"WebPage\",\"@id\":\"https:\\\/\\\/brillancy.hu\\\/product\\\/meredith-roze-arany-eljegyzesi-gyuru\\\/\",\"url\":\"https:\\\/\\\/brillancy.hu\\\/product\\\/meredith-roze-arany-eljegyzesi-gyuru\\\/\",\"name\":\"Meredith arany eljegyz\u00e9si gy\u0171r\u0171 - Brillancy\",\"isPartOf\":{\"@id\":\"https:\\\/\\\/brillancy.hu\\\/#website\"},\"primaryImageOfPage\":{\"@id\":\"https:\\\/\\\/brillancy.hu\\\/product\\\/meredith-roze-arany-eljegyzesi-gyuru\\\/#primaryimage\"},\"image\":{\"@id\":\"https:\\\/\\\/brillancy.hu\\\/product\\\/meredith-roze-arany-eljegyzesi-gyuru\\\/#primaryimage\"},\"thumbnailUrl\":\"https:\\\/\\\/brillancy.hu\\\/wp-content\\\/uploads\\\/2025\\\/01\\\/meredith-0.jpg\",\"datePublished\":\"2025-01-31T17:34:50+00:00\",\"dateModified\":\"2025-10-17T09:56:15+00:00\",\"description\":\"Meredith arany eljegyz\u00e9si gy\u0171r\u0171 - 2 mm \u00e1tm\u00e9r\u0151j\u0171 brili\u00e1ns csiszol\u00e1s\u00fa feh\u00e9r, term\u00e9szetes gy\u00e9m\u00e1nt t\u00fcnd\u00f6k\u00f6l. Ezt a b\u00e1jos sz\u00e9ps\u00e9g\u0171\u00a0arany eljegyz\u00e9si gy\u0171r\u0171t\",\"breadcrumb\":{\"@id\":\"https:\\\/\\\/brillancy.hu\\\/product\\\/meredith-roze-arany-eljegyzesi-gyuru\\\/#breadcrumb\"},\"inLanguage\":\"en-GB\",\"potentialAction\":[{\"@type\":\"ReadAction\",\"target\":[\"https:\\\/\\\/brillancy.hu\\\/product\\\/meredith-roze-arany-eljegyzesi-gyuru\\\/\"]}]},{\"@type\":\"ImageObject\",\"inLanguage\":\"en-GB\",\"@id\":\"https:\\\/\\\/brillancy.hu\\\/product\\\/meredith-roze-arany-eljegyzesi-gyuru\\\/#primaryimage\",\"url\":\"https:\\\/\\\/brillancy.hu\\\/wp-content\\\/uploads\\\/2025\\\/01\\\/meredith-0.jpg\",\"contentUrl\":\"https:\\\/\\\/brillancy.hu\\\/wp-content\\\/uploads\\\/2025\\\/01\\\/meredith-0.jpg\",\"width\":640,\"height\":480,\"caption\":\"Meredith arany eljegyz\u00e9si gy\u0171r\u0171\"},{\"@type\":\"BreadcrumbList\",\"@id\":\"https:\\\/\\\/brillancy.hu\\\/product\\\/meredith-roze-arany-eljegyzesi-gyuru\\\/#breadcrumb\",\"itemListElement\":[{\"@type\":\"ListItem\",\"position\":1,\"name\":\"Home\",\"item\":\"https:\\\/\\\/brillancy.hu\\\/\"},{\"@type\":\"ListItem\",\"position\":2,\"name\":\"Term\u00e9kek\",\"item\":\"https:\\\/\\\/brillancy.hu\\\/termekek\\\/\"},{\"@type\":\"ListItem\",\"position\":3,\"name\":\"Meredith arany eljegyz\u00e9si gy\u0171r\u0171\"}]},{\"@type\":\"WebSite\",\"@id\":\"https:\\\/\\\/brillancy.hu\\\/#website\",\"url\":\"https:\\\/\\\/brillancy.hu\\\/\",\"name\":\"Brillancy\",\"description\":\"\",\"potentialAction\":[{\"@type\":\"SearchAction\",\"target\":{\"@type\":\"EntryPoint\",\"urlTemplate\":\"https:\\\/\\\/brillancy.hu\\\/?s={search_term_string}\"},\"query-input\":{\"@type\":\"PropertyValueSpecification\",\"valueRequired\":true,\"valueName\":\"search_term_string\"}}],\"inLanguage\":\"en-GB\"}]}<\/script>\n<!-- \/ Yoast SEO Premium plugin. -->","yoast_head_json":{"title":"Meredith arany eljegyz\u00e9si gy\u0171r\u0171 - Brillancy","description":"Meredith arany eljegyz\u00e9si gy\u0171r\u0171 - 2 mm \u00e1tm\u00e9r\u0151j\u0171 brili\u00e1ns csiszol\u00e1s\u00fa feh\u00e9r, term\u00e9szetes gy\u00e9m\u00e1nt t\u00fcnd\u00f6k\u00f6l. Ezt a b\u00e1jos sz\u00e9ps\u00e9g\u0171\u00a0arany eljegyz\u00e9si gy\u0171r\u0171t","robots":{"index":"index","follow":"follow","max-snippet":"max-snippet:-1","max-image-preview":"max-image-preview:large","max-video-preview":"max-video-preview:-1"},"canonical":"https:\/\/brillancy.hu\/en\/product\/meredith-roze-arany-eljegyzesi-gyuru\/","og_locale":"en_GB","og_type":"article","og_title":"Meredith arany eljegyz\u00e9si gy\u0171r\u0171","og_description":"Meredith arany eljegyz\u00e9si gy\u0171r\u0171 - 2 mm \u00e1tm\u00e9r\u0151j\u0171 brili\u00e1ns csiszol\u00e1s\u00fa feh\u00e9r, term\u00e9szetes gy\u00e9m\u00e1nt t\u00fcnd\u00f6k\u00f6l. Ezt a b\u00e1jos sz\u00e9ps\u00e9g\u0171\u00a0arany eljegyz\u00e9si gy\u0171r\u0171t","og_url":"https:\/\/brillancy.hu\/en\/product\/meredith-roze-arany-eljegyzesi-gyuru\/","og_site_name":"Brillancy","article_modified_time":"2025-10-17T09:56:15+00:00","og_image":[{"width":640,"height":480,"url":"https:\/\/brillancy.hu\/wp-content\/uploads\/2025\/01\/meredith-0.jpg","type":"image\/jpeg"}],"twitter_card":"summary_large_image","twitter_misc":{"Estimated reading time":"2 minutes"},"schema":{"@context":"https:\/\/schema.org","@graph":[{"@type":"WebPage","@id":"https:\/\/brillancy.hu\/product\/meredith-roze-arany-eljegyzesi-gyuru\/","url":"https:\/\/brillancy.hu\/product\/meredith-roze-arany-eljegyzesi-gyuru\/","name":"Meredith arany eljegyz\u00e9si gy\u0171r\u0171 - Brillancy","isPartOf":{"@id":"https:\/\/brillancy.hu\/#website"},"primaryImageOfPage":{"@id":"https:\/\/brillancy.hu\/product\/meredith-roze-arany-eljegyzesi-gyuru\/#primaryimage"},"image":{"@id":"https:\/\/brillancy.hu\/product\/meredith-roze-arany-eljegyzesi-gyuru\/#primaryimage"},"thumbnailUrl":"https:\/\/brillancy.hu\/wp-content\/uploads\/2025\/01\/meredith-0.jpg","datePublished":"2025-01-31T17:34:50+00:00","dateModified":"2025-10-17T09:56:15+00:00","description":"Meredith arany eljegyz\u00e9si gy\u0171r\u0171 - 2 mm \u00e1tm\u00e9r\u0151j\u0171 brili\u00e1ns csiszol\u00e1s\u00fa feh\u00e9r, term\u00e9szetes gy\u00e9m\u00e1nt t\u00fcnd\u00f6k\u00f6l. Ezt a b\u00e1jos sz\u00e9ps\u00e9g\u0171\u00a0arany eljegyz\u00e9si gy\u0171r\u0171t","breadcrumb":{"@id":"https:\/\/brillancy.hu\/product\/meredith-roze-arany-eljegyzesi-gyuru\/#breadcrumb"},"inLanguage":"en-GB","potentialAction":[{"@type":"ReadAction","target":["https:\/\/brillancy.hu\/product\/meredith-roze-arany-eljegyzesi-gyuru\/"]}]},{"@type":"ImageObject","inLanguage":"en-GB","@id":"https:\/\/brillancy.hu\/product\/meredith-roze-arany-eljegyzesi-gyuru\/#primaryimage","url":"https:\/\/brillancy.hu\/wp-content\/uploads\/2025\/01\/meredith-0.jpg","contentUrl":"https:\/\/brillancy.hu\/wp-content\/uploads\/2025\/01\/meredith-0.jpg","width":640,"height":480,"caption":"Meredith arany eljegyz\u00e9si gy\u0171r\u0171"},{"@type":"BreadcrumbList","@id":"https:\/\/brillancy.hu\/product\/meredith-roze-arany-eljegyzesi-gyuru\/#breadcrumb","itemListElement":[{"@type":"ListItem","position":1,"name":"Home","item":"https:\/\/brillancy.hu\/"},{"@type":"ListItem","position":2,"name":"Term\u00e9kek","item":"https:\/\/brillancy.hu\/termekek\/"},{"@type":"ListItem","position":3,"name":"Meredith arany eljegyz\u00e9si gy\u0171r\u0171"}]},{"@type":"WebSite","@id":"https:\/\/brillancy.hu\/#website","url":"https:\/\/brillancy.hu\/","name":"Brillancy","description":"","potentialAction":[{"@type":"SearchAction","target":{"@type":"EntryPoint","urlTemplate":"https:\/\/brillancy.hu\/?s={search_term_string}"},"query-input":{"@type":"PropertyValueSpecification","valueRequired":true,"valueName":"search_term_string"}}],"inLanguage":"en-GB"}]}},"_links":{"self":[{"href":"https:\/\/brillancy.hu\/en\/wp-json\/wp\/v2\/product\/7865","targetHints":{"allow":["GET"]}}],"collection":[{"href":"https:\/\/brillancy.hu\/en\/wp-json\/wp\/v2\/product"}],"about":[{"href":"https:\/\/brillancy.hu\/en\/wp-json\/wp\/v2\/types\/product"}],"replies":[{"embeddable":true,"href":"https:\/\/brillancy.hu\/en\/wp-json\/wp\/v2\/comments?post=7865"}],"wp:featuredmedia":[{"embeddable":true,"href":"https:\/\/brillancy.hu\/en\/wp-json\/wp\/v2\/media\/7892"}],"wp:attachment":[{"href":"https:\/\/brillancy.hu\/en\/wp-json\/wp\/v2\/media?parent=7865"}],"wp:term":[{"taxonomy":"product_brand","embeddable":true,"href":"https:\/\/brillancy.hu\/en\/wp-json\/wp\/v2\/product_brand?post=7865"},{"taxonomy":"product_cat","embeddable":true,"href":"https:\/\/brillancy.hu\/en\/wp-json\/wp\/v2\/product_cat?post=7865"},{"taxonomy":"product_tag","embeddable":true,"href":"https:\/\/brillancy.hu\/en\/wp-json\/wp\/v2\/product_tag?post=7865"}],"curies":[{"name":"wp","href":"https:\/\/api.w.org\/{rel}","templated":true}]}}