{"id":7853,"date":"2025-01-31T18:34:49","date_gmt":"2025-01-31T17:34:49","guid":{"rendered":"https:\/\/brillancy.hu\/?post_type=product&#038;p=7853"},"modified":"2025-10-17T10:56:15","modified_gmt":"2025-10-17T09:56:15","slug":"couronne-roze-arany-eljegyzesi-gyuru","status":"publish","type":"product","link":"https:\/\/brillancy.hu\/en\/product\/couronne-roze-arany-eljegyzesi-gyuru\/","title":{"rendered":"Couronne gold ring"},"content":{"rendered":"<p><strong>Couronne gold ring<\/strong><\/p>\n<p>K\u00fcl\u00f6nleges brill gy\u0171r\u0171, melynek elrendez\u00e9sben <strong>5 pieces<\/strong> amazing <strong>white diamond<\/strong> gondoskodik a szipork\u00e1z\u00e1sr\u00f3l. \u00a0Z\u00e1rt foglalat gondoskodik a dr\u00e1gak\u00f6vek biztons\u00e1g\u00e1r\u00f3l. <strong>This is the unforgettable 14-karat gold, diamond engagement ring, guaranteed all eyes on you for the patch.<\/strong><\/p>\n<p>For any occasion, anniversary, birthday recommend.<\/p>\n<ul>\n<li><strong>Material:<\/strong> gold -any color can be ordered<\/li>\n<li><strong>Fineness:<\/strong> 585 thousandth, 14 carat<\/li>\n<li><strong>Gemstone:<\/strong> oval and brilliant cut diamonds<\/li>\n<\/ul>\n<ul>\n<li><strong>Free renewal:<\/strong>\u00a0We take the we have prepared brill ring free scratch-free sales of and purification of five times (once a year) the purchase within five years.<\/li>\n<li><strong>Free size adjustment:\u00a0<\/strong>If you haven&#039;t found the correct size, we will take the ring free size adjustments.<\/li>\n<li><strong>Gift box:\u00a0<\/strong>The ring is a gift in the box set, and several kinds of colors You can pick out!<\/li>\n<\/ul>\n<p><strong>Pay scrap gold<\/strong>\u00a0Damaged, old, or never used gold hiding at home in the cupboards? Bring it in to us and high count For the selected brill ring price.<\/p>\n<p><strong>I like the brill ring, but larger diamonds, or colorful gems did you imagine it? It&#039;s not a problem. We like to give an offer to the expected ideas. Find us confidence on the phone +36 30 539 1179 number, or the\u00a0<\/strong><a href=\"mailto:info@brillancy.hu\"><strong>info@brillancy.hu<\/strong><\/a><strong>\u00a0e-mail address.<\/strong><\/p>\n<p>&nbsp;<\/p>","protected":false},"excerpt":{"rendered":"<p><strong>Couronn\u00e9 arany gy\u0171r\u0171 &#8211; Ez a felejthetetlen 14 kar\u00e1tos arany gy\u00e9m\u00e1nt eljegyz\u00e9si gy\u0171r\u0171 garant\u00e1ltan minden szemet mag\u00e1ra tapaszt.<\/strong><\/p>","protected":false},"featured_media":11548,"comment_status":"closed","ping_status":"closed","template":"","meta":[],"product_brand":[],"product_cat":[17,39,34,32,23,37],"product_tag":[],"class_list":{"0":"post-7853","1":"product","2":"type-product","3":"status-publish","4":"has-post-thumbnail","6":"product_cat-eljegyzesi-gyuruk","7":"product_cat-gyemant","8":"product_cat-kreativ","9":"product_cat-modern","10":"product_cat-ovalis","11":"product_cat-tobb-koves","13":"first","14":"instock","15":"purchasable","16":"product-type-simple"},"yoast_head":"<!-- This site is optimized with the Yoast SEO Premium plugin v27.0 (Yoast SEO v27.0) - https:\/\/yoast.com\/product\/yoast-seo-premium-wordpress\/ -->\n<title>Couronn\u00e9 arany gy\u0171r\u0171 - Brillancy<\/title>\n<meta name=\"description\" content=\"Couronn\u00e9 arany gy\u0171r\u0171 - Ez a felejthetetlen 14 kar\u00e1tos arany gy\u00e9m\u00e1nt eljegyz\u00e9si gy\u0171r\u0171 garant\u00e1ltan minden szemet mag\u00e1ra tapaszt.\" \/>\n<meta name=\"robots\" content=\"index, follow, max-snippet:-1, max-image-preview:large, max-video-preview:-1\" \/>\n<link rel=\"canonical\" href=\"https:\/\/brillancy.hu\/en\/product\/couronne-roze-arany-eljegyzesi-gyuru\/\" \/>\n<meta property=\"og:locale\" content=\"en_GB\" \/>\n<meta property=\"og:type\" content=\"article\" \/>\n<meta property=\"og:title\" content=\"Couronn\u00e9 arany gy\u0171r\u0171\" \/>\n<meta property=\"og:description\" content=\"Couronn\u00e9 arany gy\u0171r\u0171 - Ez a felejthetetlen 14 kar\u00e1tos arany gy\u00e9m\u00e1nt eljegyz\u00e9si gy\u0171r\u0171 garant\u00e1ltan minden szemet mag\u00e1ra tapaszt.\" \/>\n<meta property=\"og:url\" content=\"https:\/\/brillancy.hu\/en\/product\/couronne-roze-arany-eljegyzesi-gyuru\/\" \/>\n<meta property=\"og:site_name\" content=\"Brillancy\" \/>\n<meta property=\"article:modified_time\" content=\"2025-10-17T09:56:15+00:00\" \/>\n<meta property=\"og:image\" content=\"https:\/\/brillancy.hu\/wp-content\/uploads\/2025\/01\/courone.png\" \/>\n\t<meta property=\"og:image:width\" content=\"1024\" \/>\n\t<meta property=\"og:image:height\" content=\"1024\" \/>\n\t<meta property=\"og:image:type\" content=\"image\/png\" \/>\n<meta name=\"twitter:card\" content=\"summary_large_image\" \/>\n<meta name=\"twitter:label1\" content=\"Estimated reading time\" \/>\n\t<meta name=\"twitter:data1\" content=\"2 minutes\" \/>\n<script type=\"application\/ld+json\" class=\"yoast-schema-graph\">{\"@context\":\"https:\/\/schema.org\",\"@graph\":[{\"@type\":\"WebPage\",\"@id\":\"https:\/\/brillancy.hu\/product\/couronne-roze-arany-eljegyzesi-gyuru\/\",\"url\":\"https:\/\/brillancy.hu\/product\/couronne-roze-arany-eljegyzesi-gyuru\/\",\"name\":\"Couronn\u00e9 arany gy\u0171r\u0171 - Brillancy\",\"isPartOf\":{\"@id\":\"https:\/\/brillancy.hu\/#website\"},\"primaryImageOfPage\":{\"@id\":\"https:\/\/brillancy.hu\/product\/couronne-roze-arany-eljegyzesi-gyuru\/#primaryimage\"},\"image\":{\"@id\":\"https:\/\/brillancy.hu\/product\/couronne-roze-arany-eljegyzesi-gyuru\/#primaryimage\"},\"thumbnailUrl\":\"https:\/\/brillancy.hu\/wp-content\/uploads\/2025\/01\/courone.png\",\"datePublished\":\"2025-01-31T17:34:49+00:00\",\"dateModified\":\"2025-10-17T09:56:15+00:00\",\"description\":\"Couronn\u00e9 arany gy\u0171r\u0171 - Ez a felejthetetlen 14 kar\u00e1tos arany gy\u00e9m\u00e1nt eljegyz\u00e9si gy\u0171r\u0171 garant\u00e1ltan minden szemet mag\u00e1ra tapaszt.\",\"breadcrumb\":{\"@id\":\"https:\/\/brillancy.hu\/product\/couronne-roze-arany-eljegyzesi-gyuru\/#breadcrumb\"},\"inLanguage\":\"en-GB\",\"potentialAction\":[{\"@type\":\"ReadAction\",\"target\":[\"https:\/\/brillancy.hu\/product\/couronne-roze-arany-eljegyzesi-gyuru\/\"]}]},{\"@type\":\"ImageObject\",\"inLanguage\":\"en-GB\",\"@id\":\"https:\/\/brillancy.hu\/product\/couronne-roze-arany-eljegyzesi-gyuru\/#primaryimage\",\"url\":\"https:\/\/brillancy.hu\/wp-content\/uploads\/2025\/01\/courone.png\",\"contentUrl\":\"https:\/\/brillancy.hu\/wp-content\/uploads\/2025\/01\/courone.png\",\"width\":1024,\"height\":1024,\"caption\":\"Couronn\u00e9 arany gy\u0171r\u0171\"},{\"@type\":\"BreadcrumbList\",\"@id\":\"https:\/\/brillancy.hu\/product\/couronne-roze-arany-eljegyzesi-gyuru\/#breadcrumb\",\"itemListElement\":[{\"@type\":\"ListItem\",\"position\":1,\"name\":\"Home\",\"item\":\"https:\/\/brillancy.hu\/\"},{\"@type\":\"ListItem\",\"position\":2,\"name\":\"Term\u00e9kek\",\"item\":\"https:\/\/brillancy.hu\/termekek\/\"},{\"@type\":\"ListItem\",\"position\":3,\"name\":\"Couronn\u00e9 arany gy\u0171r\u0171\"}]},{\"@type\":\"WebSite\",\"@id\":\"https:\/\/brillancy.hu\/#website\",\"url\":\"https:\/\/brillancy.hu\/\",\"name\":\"Brillancy\",\"description\":\"\",\"potentialAction\":[{\"@type\":\"SearchAction\",\"target\":{\"@type\":\"EntryPoint\",\"urlTemplate\":\"https:\/\/brillancy.hu\/?s={search_term_string}\"},\"query-input\":{\"@type\":\"PropertyValueSpecification\",\"valueRequired\":true,\"valueName\":\"search_term_string\"}}],\"inLanguage\":\"en-GB\"}]}<\/script>\n<!-- \/ Yoast SEO Premium plugin. -->","yoast_head_json":{"title":"Couronn\u00e9 arany gy\u0171r\u0171 - Brillancy","description":"Couronn\u00e9 arany gy\u0171r\u0171 - Ez a felejthetetlen 14 kar\u00e1tos arany gy\u00e9m\u00e1nt eljegyz\u00e9si gy\u0171r\u0171 garant\u00e1ltan minden szemet mag\u00e1ra tapaszt.","robots":{"index":"index","follow":"follow","max-snippet":"max-snippet:-1","max-image-preview":"max-image-preview:large","max-video-preview":"max-video-preview:-1"},"canonical":"https:\/\/brillancy.hu\/en\/product\/couronne-roze-arany-eljegyzesi-gyuru\/","og_locale":"en_GB","og_type":"article","og_title":"Couronn\u00e9 arany gy\u0171r\u0171","og_description":"Couronn\u00e9 arany gy\u0171r\u0171 - Ez a felejthetetlen 14 kar\u00e1tos arany gy\u00e9m\u00e1nt eljegyz\u00e9si gy\u0171r\u0171 garant\u00e1ltan minden szemet mag\u00e1ra tapaszt.","og_url":"https:\/\/brillancy.hu\/en\/product\/couronne-roze-arany-eljegyzesi-gyuru\/","og_site_name":"Brillancy","article_modified_time":"2025-10-17T09:56:15+00:00","og_image":[{"width":1024,"height":1024,"url":"https:\/\/brillancy.hu\/wp-content\/uploads\/2025\/01\/courone.png","type":"image\/png"}],"twitter_card":"summary_large_image","twitter_misc":{"Estimated reading time":"2 minutes"},"schema":{"@context":"https:\/\/schema.org","@graph":[{"@type":"WebPage","@id":"https:\/\/brillancy.hu\/product\/couronne-roze-arany-eljegyzesi-gyuru\/","url":"https:\/\/brillancy.hu\/product\/couronne-roze-arany-eljegyzesi-gyuru\/","name":"Couronn\u00e9 arany gy\u0171r\u0171 - Brillancy","isPartOf":{"@id":"https:\/\/brillancy.hu\/#website"},"primaryImageOfPage":{"@id":"https:\/\/brillancy.hu\/product\/couronne-roze-arany-eljegyzesi-gyuru\/#primaryimage"},"image":{"@id":"https:\/\/brillancy.hu\/product\/couronne-roze-arany-eljegyzesi-gyuru\/#primaryimage"},"thumbnailUrl":"https:\/\/brillancy.hu\/wp-content\/uploads\/2025\/01\/courone.png","datePublished":"2025-01-31T17:34:49+00:00","dateModified":"2025-10-17T09:56:15+00:00","description":"Couronn\u00e9 arany gy\u0171r\u0171 - Ez a felejthetetlen 14 kar\u00e1tos arany gy\u00e9m\u00e1nt eljegyz\u00e9si gy\u0171r\u0171 garant\u00e1ltan minden szemet mag\u00e1ra tapaszt.","breadcrumb":{"@id":"https:\/\/brillancy.hu\/product\/couronne-roze-arany-eljegyzesi-gyuru\/#breadcrumb"},"inLanguage":"en-GB","potentialAction":[{"@type":"ReadAction","target":["https:\/\/brillancy.hu\/product\/couronne-roze-arany-eljegyzesi-gyuru\/"]}]},{"@type":"ImageObject","inLanguage":"en-GB","@id":"https:\/\/brillancy.hu\/product\/couronne-roze-arany-eljegyzesi-gyuru\/#primaryimage","url":"https:\/\/brillancy.hu\/wp-content\/uploads\/2025\/01\/courone.png","contentUrl":"https:\/\/brillancy.hu\/wp-content\/uploads\/2025\/01\/courone.png","width":1024,"height":1024,"caption":"Couronn\u00e9 arany gy\u0171r\u0171"},{"@type":"BreadcrumbList","@id":"https:\/\/brillancy.hu\/product\/couronne-roze-arany-eljegyzesi-gyuru\/#breadcrumb","itemListElement":[{"@type":"ListItem","position":1,"name":"Home","item":"https:\/\/brillancy.hu\/"},{"@type":"ListItem","position":2,"name":"Term\u00e9kek","item":"https:\/\/brillancy.hu\/termekek\/"},{"@type":"ListItem","position":3,"name":"Couronn\u00e9 arany gy\u0171r\u0171"}]},{"@type":"WebSite","@id":"https:\/\/brillancy.hu\/#website","url":"https:\/\/brillancy.hu\/","name":"Brillancy","description":"","potentialAction":[{"@type":"SearchAction","target":{"@type":"EntryPoint","urlTemplate":"https:\/\/brillancy.hu\/?s={search_term_string}"},"query-input":{"@type":"PropertyValueSpecification","valueRequired":true,"valueName":"search_term_string"}}],"inLanguage":"en-GB"}]}},"_links":{"self":[{"href":"https:\/\/brillancy.hu\/en\/wp-json\/wp\/v2\/product\/7853","targetHints":{"allow":["GET"]}}],"collection":[{"href":"https:\/\/brillancy.hu\/en\/wp-json\/wp\/v2\/product"}],"about":[{"href":"https:\/\/brillancy.hu\/en\/wp-json\/wp\/v2\/types\/product"}],"replies":[{"embeddable":true,"href":"https:\/\/brillancy.hu\/en\/wp-json\/wp\/v2\/comments?post=7853"}],"wp:featuredmedia":[{"embeddable":true,"href":"https:\/\/brillancy.hu\/en\/wp-json\/wp\/v2\/media\/11548"}],"wp:attachment":[{"href":"https:\/\/brillancy.hu\/en\/wp-json\/wp\/v2\/media?parent=7853"}],"wp:term":[{"taxonomy":"product_brand","embeddable":true,"href":"https:\/\/brillancy.hu\/en\/wp-json\/wp\/v2\/product_brand?post=7853"},{"taxonomy":"product_cat","embeddable":true,"href":"https:\/\/brillancy.hu\/en\/wp-json\/wp\/v2\/product_cat?post=7853"},{"taxonomy":"product_tag","embeddable":true,"href":"https:\/\/brillancy.hu\/en\/wp-json\/wp\/v2\/product_tag?post=7853"}],"curies":[{"name":"wp","href":"https:\/\/api.w.org\/{rel}","templated":true}]}}