{"id":7819,"date":"2025-01-31T18:34:29","date_gmt":"2025-01-31T17:34:29","guid":{"rendered":"https:\/\/brillancy.hu\/?post_type=product&#038;p=7819"},"modified":"2025-11-10T17:27:47","modified_gmt":"2025-11-10T16:27:47","slug":"ariel-gyemant-eljegyzesi-gyuru","status":"publish","type":"product","link":"https:\/\/brillancy.hu\/en\/product\/ariel-gyemant-eljegyzesi-gyuru\/","title":{"rendered":"Ariel diamond engagement ring"},"content":{"rendered":"<p><strong>Ariel diamond engagement ring<\/strong><\/p>\n<p><strong>Designer&#039;s recommendation:<\/strong><\/p>\n<p>Dazzling beauty <strong>14-karat gold diamond<\/strong> <strong>engagement ring<\/strong>which elements of a <strong>0,50 ct<\/strong> <strong>mass, oval<\/strong> <strong>cut,<\/strong> <b>white<\/b> \u00a0<strong>natural<\/strong> <strong>diamond<\/strong>. The four-claw slot in sparkling gems to 6.5 mm long and 4.5 mm wide. The usual placement against here in the oval diamond is the longest side of the ring rail parallel. With this small change, the greater effect is achieved. A modern, fresh appearance to the jewelry. This is the engagement ring is a brilliant choice to last a lifetime!<\/p>\n<ul>\n<li><b>Material:<\/b>\u00a0gold<\/li>\n<li><b>Fineness<\/b>: 585 thousandth, 14 carat<\/li>\n<li><b>Gemstone<\/b>: oval cut diamond<\/li>\n<\/ul>\n<p>&nbsp;<\/p>\n<p><strong>Eternal life guarantee:<\/strong>\u00a0the jewelry structure of the material errors and gems<\/p>\n<p>The average production time is 10-15 working days. If you have any important date for which you want the product, please contact with us by phone +36 30 539 1179 number, or the info@brillancy.hu e-mail address.<\/p>\n<p><strong>Can be ordered in yellow, white or rose gold colors. The jewel to the gift box optional.<\/strong><\/p>\n<p><strong>I like the Ariel diamond engagement ring, but other size diamonds or colored gems did you imagine it?<\/strong>\u00a0It&#039;s not a problem. We like to give an offer to the expected ideas. Find us confidence on the phone +36 30 539 1179 number, or the info@brillancy.hu e-mail address.<\/p>\n<p><strong>Pay scrap gold<\/strong>\u00a0Damaged, old, or never used gold hiding at home in the cupboards? Bring it in to us and it will be transferred to you the chosen jewellery price.<\/p>","protected":false},"excerpt":{"rendered":"<p>Ariel gy\u00e9m\u00e1nt eljegyz\u00e9si gy\u0171r\u0171 Tervez\u0151 aj\u00e1nl\u00e1sa: K\u00e1pr\u00e1zatos sz\u00e9ps\u00e9g\u0171 14 kar\u00e1tos aranyb\u00f3l k\u00e9sz\u00fclt gy\u00e9m\u00e1nt eljegyz\u00e9si gy\u0171r\u0171, melynek \u00e9ke egy 0,50 ct t\u00f6meg\u0171, ov\u00e1lis csiszol\u00e1s\u00fa, feh\u00e9r, \u00a0term\u00e9szetes gy\u00e9m\u00e1nt. A n\u00e9gykarmos foglalatban t\u00fcnd\u00f6kl\u0151 dr\u00e1gak\u0151 6,5 mm hossz\u00fa \u00e9s 4,5 mm sz\u00e9les. A megszokott elhelyez\u00e9ssel szemben, itt az ov\u00e1lis gy\u00e9m\u00e1nt hosszabbik oldala a gy\u0171r\u0171s\u00ednnel p\u00e1rhuzamos. Ezzel a kis v\u00e1ltoztat\u00e1ssal, [&hellip;]<\/p>\n","protected":false},"featured_media":7850,"comment_status":"closed","ping_status":"closed","template":"","meta":[],"product_brand":[],"product_cat":[35,17,39,32,23],"product_tag":[],"class_list":{"0":"post-7819","1":"product","2":"type-product","3":"status-publish","4":"has-post-thumbnail","6":"product_cat-egykoves","7":"product_cat-eljegyzesi-gyuruk","8":"product_cat-gyemant","9":"product_cat-modern","10":"product_cat-ovalis","12":"first","13":"instock","14":"purchasable","15":"product-type-variable"},"yoast_head":"<!-- This site is optimized with the Yoast SEO Premium plugin v27.0 (Yoast SEO v27.0) - https:\/\/yoast.com\/product\/yoast-seo-premium-wordpress\/ -->\n<title>Ariel gy\u00e9m\u00e1nt eljegyz\u00e9si gy\u0171r\u0171 - Brillancy<\/title>\n<meta name=\"description\" content=\"Ariel roz\u00e9 arany eljegyz\u00e9si gy\u0171r\u0171 - Tervez\u0151 aj\u00e1nl\u00e1sa: Ariel: K\u00e1pr\u00e1zatos sz\u00e9ps\u00e9g\u0171 14 kar\u00e1tos roz\u00e9 arany eljegyz\u00e9si gy\u0171r\u0171, m...\" \/>\n<meta name=\"robots\" content=\"index, follow, max-snippet:-1, max-image-preview:large, max-video-preview:-1\" \/>\n<link rel=\"canonical\" href=\"https:\/\/brillancy.hu\/en\/product\/ariel-gyemant-eljegyzesi-gyuru\/\" \/>\n<meta property=\"og:locale\" content=\"en_GB\" \/>\n<meta property=\"og:type\" content=\"article\" \/>\n<meta property=\"og:title\" content=\"Ariel gy\u00e9m\u00e1nt eljegyz\u00e9si gy\u0171r\u0171\" \/>\n<meta property=\"og:description\" content=\"Ariel roz\u00e9 arany eljegyz\u00e9si gy\u0171r\u0171 - Tervez\u0151 aj\u00e1nl\u00e1sa: Ariel: K\u00e1pr\u00e1zatos sz\u00e9ps\u00e9g\u0171 14 kar\u00e1tos roz\u00e9 arany eljegyz\u00e9si gy\u0171r\u0171, m...\" \/>\n<meta property=\"og:url\" content=\"https:\/\/brillancy.hu\/en\/product\/ariel-gyemant-eljegyzesi-gyuru\/\" \/>\n<meta property=\"og:site_name\" content=\"Brillancy\" \/>\n<meta property=\"article:modified_time\" content=\"2025-11-10T16:27:47+00:00\" \/>\n<meta property=\"og:image\" content=\"https:\/\/brillancy.hu\/wp-content\/uploads\/2025\/01\/ariel3-.jpg\" \/>\n\t<meta property=\"og:image:width\" content=\"640\" \/>\n\t<meta property=\"og:image:height\" content=\"480\" \/>\n\t<meta property=\"og:image:type\" content=\"image\/jpeg\" \/>\n<meta name=\"twitter:card\" content=\"summary_large_image\" \/>\n<meta name=\"twitter:label1\" content=\"Estimated reading time\" \/>\n\t<meta name=\"twitter:data1\" content=\"2 minutes\" \/>\n<script type=\"application\/ld+json\" class=\"yoast-schema-graph\">{\"@context\":\"https:\/\/schema.org\",\"@graph\":[{\"@type\":\"WebPage\",\"@id\":\"https:\/\/brillancy.hu\/product\/ariel-gyemant-eljegyzesi-gyuru\/\",\"url\":\"https:\/\/brillancy.hu\/product\/ariel-gyemant-eljegyzesi-gyuru\/\",\"name\":\"Ariel gy\u00e9m\u00e1nt eljegyz\u00e9si gy\u0171r\u0171 - Brillancy\",\"isPartOf\":{\"@id\":\"https:\/\/brillancy.hu\/#website\"},\"primaryImageOfPage\":{\"@id\":\"https:\/\/brillancy.hu\/product\/ariel-gyemant-eljegyzesi-gyuru\/#primaryimage\"},\"image\":{\"@id\":\"https:\/\/brillancy.hu\/product\/ariel-gyemant-eljegyzesi-gyuru\/#primaryimage\"},\"thumbnailUrl\":\"https:\/\/brillancy.hu\/wp-content\/uploads\/2025\/01\/ariel3-.jpg\",\"datePublished\":\"2025-01-31T17:34:29+00:00\",\"dateModified\":\"2025-11-10T16:27:47+00:00\",\"description\":\"Ariel roz\u00e9 arany eljegyz\u00e9si gy\u0171r\u0171 - Tervez\u0151 aj\u00e1nl\u00e1sa: Ariel: K\u00e1pr\u00e1zatos sz\u00e9ps\u00e9g\u0171 14 kar\u00e1tos roz\u00e9 arany eljegyz\u00e9si gy\u0171r\u0171, m...\",\"breadcrumb\":{\"@id\":\"https:\/\/brillancy.hu\/product\/ariel-gyemant-eljegyzesi-gyuru\/#breadcrumb\"},\"inLanguage\":\"en-GB\",\"potentialAction\":[{\"@type\":\"ReadAction\",\"target\":[\"https:\/\/brillancy.hu\/product\/ariel-gyemant-eljegyzesi-gyuru\/\"]}]},{\"@type\":\"ImageObject\",\"inLanguage\":\"en-GB\",\"@id\":\"https:\/\/brillancy.hu\/product\/ariel-gyemant-eljegyzesi-gyuru\/#primaryimage\",\"url\":\"https:\/\/brillancy.hu\/wp-content\/uploads\/2025\/01\/ariel3-.jpg\",\"contentUrl\":\"https:\/\/brillancy.hu\/wp-content\/uploads\/2025\/01\/ariel3-.jpg\",\"width\":640,\"height\":480,\"caption\":\"Ariel roz\u00e9 arany eljegyz\u00e9si gy\u0171r\u0171\"},{\"@type\":\"BreadcrumbList\",\"@id\":\"https:\/\/brillancy.hu\/product\/ariel-gyemant-eljegyzesi-gyuru\/#breadcrumb\",\"itemListElement\":[{\"@type\":\"ListItem\",\"position\":1,\"name\":\"Home\",\"item\":\"https:\/\/brillancy.hu\/\"},{\"@type\":\"ListItem\",\"position\":2,\"name\":\"Term\u00e9kek\",\"item\":\"https:\/\/brillancy.hu\/termekek\/\"},{\"@type\":\"ListItem\",\"position\":3,\"name\":\"Ariel gy\u00e9m\u00e1nt eljegyz\u00e9si gy\u0171r\u0171\"}]},{\"@type\":\"WebSite\",\"@id\":\"https:\/\/brillancy.hu\/#website\",\"url\":\"https:\/\/brillancy.hu\/\",\"name\":\"Brillancy\",\"description\":\"\",\"potentialAction\":[{\"@type\":\"SearchAction\",\"target\":{\"@type\":\"EntryPoint\",\"urlTemplate\":\"https:\/\/brillancy.hu\/?s={search_term_string}\"},\"query-input\":{\"@type\":\"PropertyValueSpecification\",\"valueRequired\":true,\"valueName\":\"search_term_string\"}}],\"inLanguage\":\"en-GB\"}]}<\/script>\n<!-- \/ Yoast SEO Premium plugin. -->","yoast_head_json":{"title":"Ariel gy\u00e9m\u00e1nt eljegyz\u00e9si gy\u0171r\u0171 - Brillancy","description":"Ariel roz\u00e9 arany eljegyz\u00e9si gy\u0171r\u0171 - Tervez\u0151 aj\u00e1nl\u00e1sa: Ariel: K\u00e1pr\u00e1zatos sz\u00e9ps\u00e9g\u0171 14 kar\u00e1tos roz\u00e9 arany eljegyz\u00e9si gy\u0171r\u0171, m...","robots":{"index":"index","follow":"follow","max-snippet":"max-snippet:-1","max-image-preview":"max-image-preview:large","max-video-preview":"max-video-preview:-1"},"canonical":"https:\/\/brillancy.hu\/en\/product\/ariel-gyemant-eljegyzesi-gyuru\/","og_locale":"en_GB","og_type":"article","og_title":"Ariel gy\u00e9m\u00e1nt eljegyz\u00e9si gy\u0171r\u0171","og_description":"Ariel roz\u00e9 arany eljegyz\u00e9si gy\u0171r\u0171 - Tervez\u0151 aj\u00e1nl\u00e1sa: Ariel: K\u00e1pr\u00e1zatos sz\u00e9ps\u00e9g\u0171 14 kar\u00e1tos roz\u00e9 arany eljegyz\u00e9si gy\u0171r\u0171, m...","og_url":"https:\/\/brillancy.hu\/en\/product\/ariel-gyemant-eljegyzesi-gyuru\/","og_site_name":"Brillancy","article_modified_time":"2025-11-10T16:27:47+00:00","og_image":[{"width":640,"height":480,"url":"https:\/\/brillancy.hu\/wp-content\/uploads\/2025\/01\/ariel3-.jpg","type":"image\/jpeg"}],"twitter_card":"summary_large_image","twitter_misc":{"Estimated reading time":"2 minutes"},"schema":{"@context":"https:\/\/schema.org","@graph":[{"@type":"WebPage","@id":"https:\/\/brillancy.hu\/product\/ariel-gyemant-eljegyzesi-gyuru\/","url":"https:\/\/brillancy.hu\/product\/ariel-gyemant-eljegyzesi-gyuru\/","name":"Ariel gy\u00e9m\u00e1nt eljegyz\u00e9si gy\u0171r\u0171 - Brillancy","isPartOf":{"@id":"https:\/\/brillancy.hu\/#website"},"primaryImageOfPage":{"@id":"https:\/\/brillancy.hu\/product\/ariel-gyemant-eljegyzesi-gyuru\/#primaryimage"},"image":{"@id":"https:\/\/brillancy.hu\/product\/ariel-gyemant-eljegyzesi-gyuru\/#primaryimage"},"thumbnailUrl":"https:\/\/brillancy.hu\/wp-content\/uploads\/2025\/01\/ariel3-.jpg","datePublished":"2025-01-31T17:34:29+00:00","dateModified":"2025-11-10T16:27:47+00:00","description":"Ariel roz\u00e9 arany eljegyz\u00e9si gy\u0171r\u0171 - Tervez\u0151 aj\u00e1nl\u00e1sa: Ariel: K\u00e1pr\u00e1zatos sz\u00e9ps\u00e9g\u0171 14 kar\u00e1tos roz\u00e9 arany eljegyz\u00e9si gy\u0171r\u0171, m...","breadcrumb":{"@id":"https:\/\/brillancy.hu\/product\/ariel-gyemant-eljegyzesi-gyuru\/#breadcrumb"},"inLanguage":"en-GB","potentialAction":[{"@type":"ReadAction","target":["https:\/\/brillancy.hu\/product\/ariel-gyemant-eljegyzesi-gyuru\/"]}]},{"@type":"ImageObject","inLanguage":"en-GB","@id":"https:\/\/brillancy.hu\/product\/ariel-gyemant-eljegyzesi-gyuru\/#primaryimage","url":"https:\/\/brillancy.hu\/wp-content\/uploads\/2025\/01\/ariel3-.jpg","contentUrl":"https:\/\/brillancy.hu\/wp-content\/uploads\/2025\/01\/ariel3-.jpg","width":640,"height":480,"caption":"Ariel roz\u00e9 arany eljegyz\u00e9si gy\u0171r\u0171"},{"@type":"BreadcrumbList","@id":"https:\/\/brillancy.hu\/product\/ariel-gyemant-eljegyzesi-gyuru\/#breadcrumb","itemListElement":[{"@type":"ListItem","position":1,"name":"Home","item":"https:\/\/brillancy.hu\/"},{"@type":"ListItem","position":2,"name":"Term\u00e9kek","item":"https:\/\/brillancy.hu\/termekek\/"},{"@type":"ListItem","position":3,"name":"Ariel gy\u00e9m\u00e1nt eljegyz\u00e9si gy\u0171r\u0171"}]},{"@type":"WebSite","@id":"https:\/\/brillancy.hu\/#website","url":"https:\/\/brillancy.hu\/","name":"Brillancy","description":"","potentialAction":[{"@type":"SearchAction","target":{"@type":"EntryPoint","urlTemplate":"https:\/\/brillancy.hu\/?s={search_term_string}"},"query-input":{"@type":"PropertyValueSpecification","valueRequired":true,"valueName":"search_term_string"}}],"inLanguage":"en-GB"}]}},"_links":{"self":[{"href":"https:\/\/brillancy.hu\/en\/wp-json\/wp\/v2\/product\/7819","targetHints":{"allow":["GET"]}}],"collection":[{"href":"https:\/\/brillancy.hu\/en\/wp-json\/wp\/v2\/product"}],"about":[{"href":"https:\/\/brillancy.hu\/en\/wp-json\/wp\/v2\/types\/product"}],"replies":[{"embeddable":true,"href":"https:\/\/brillancy.hu\/en\/wp-json\/wp\/v2\/comments?post=7819"}],"wp:featuredmedia":[{"embeddable":true,"href":"https:\/\/brillancy.hu\/en\/wp-json\/wp\/v2\/media\/7850"}],"wp:attachment":[{"href":"https:\/\/brillancy.hu\/en\/wp-json\/wp\/v2\/media?parent=7819"}],"wp:term":[{"taxonomy":"product_brand","embeddable":true,"href":"https:\/\/brillancy.hu\/en\/wp-json\/wp\/v2\/product_brand?post=7819"},{"taxonomy":"product_cat","embeddable":true,"href":"https:\/\/brillancy.hu\/en\/wp-json\/wp\/v2\/product_cat?post=7819"},{"taxonomy":"product_tag","embeddable":true,"href":"https:\/\/brillancy.hu\/en\/wp-json\/wp\/v2\/product_tag?post=7819"}],"curies":[{"name":"wp","href":"https:\/\/api.w.org\/{rel}","templated":true}]}}