{"id":7809,"date":"2025-01-31T18:34:28","date_gmt":"2025-01-31T17:34:28","guid":{"rendered":"https:\/\/brillancy.hu\/?post_type=product&#038;p=7809"},"modified":"2025-10-17T10:56:15","modified_gmt":"2025-10-17T09:56:15","slug":"fabiana-arany-eljegyzesi-gyuru","status":"publish","type":"product","link":"https:\/\/brillancy.hu\/en\/product\/fabiana-arany-eljegyzesi-gyuru\/","title":{"rendered":"Fabiana gold engagement ring"},"content":{"rendered":"<p><strong>Fabiana gold engagement ring<\/strong><\/p>\n<p><strong>Designer&#039;s recommendation:<\/strong><\/p>\n<p>Solid, minimalist jewelry as a dream version of this <strong>14 karat gold engagement ring <\/strong>in which at the same time, we smuggled a bright special, too. The traditional brilliant cut diamond instead of a rarer\u00a0 <strong>navette cut, 3.5 mm long, 0,07 ct weight diamond<\/strong> in a clean, closed slot. The socket is barely rising out of the gy\u0171r\u0171s\u00edn levels of it, so very comfortable to wear and provides. The graceful, thin line weight, elegant engagement ring, highly recommend for those who is a beauty looking for you.<\/p>\n<ul>\n<li><b>Material:<\/b>\u00a0gold<\/li>\n<li><b>Fineness<\/b><strong>:<\/strong>\u00a0585 thousandth, 14 carat<\/li>\n<li><b>Gemstone<\/b><strong>:<\/strong>\u00a0navette \/ marquise cut diamond<\/li>\n<\/ul>\n<p>&nbsp;<\/p>\n<p><strong>Eternal life guarantee:<\/strong>\u00a0the jewelry structure of the material errors and gems<\/p>\n<p>The average production time is 10-15 working days. If you have any important date for which you want the product, please contact with us by phone +36 30 539 1179 number, or the info@brillancy.hu e-mail address.<\/p>\n<p><strong>Can be ordered in yellow, white or rose gold colors. The jewel to the gift box optional.<\/strong><\/p>\n<p><strong>I like the Fabiana gold engagement ring, but other size diamonds or colored gems did you imagine it?<\/strong>\u00a0It&#039;s not a problem. We like to give an offer to the expected ideas. Find us confidence on the phone +36 30 539 1179 number, or the info@brillancy.hu e-mail address.<\/p>\n<p><strong>Pay scrap gold<\/strong>\u00a0Damaged, old, or never used gold hiding at home in the cupboards? Bring it in to us and it will be transferred to you the chosen jewellery price.<\/p>","protected":false},"excerpt":{"rendered":"<p>A thin, clean lines of 14 carat gold engagement ring with navette cut diamond<\/p>","protected":false},"featured_media":11351,"comment_status":"closed","ping_status":"closed","template":"","meta":[],"product_brand":[],"product_cat":[35,17,39,32,27],"product_tag":[],"class_list":{"0":"post-7809","1":"product","2":"type-product","3":"status-publish","4":"has-post-thumbnail","6":"product_cat-egykoves","7":"product_cat-eljegyzesi-gyuruk","8":"product_cat-gyemant","9":"product_cat-modern","10":"product_cat-navette","12":"first","13":"instock","14":"purchasable","15":"product-type-simple"},"yoast_head":"<!-- This site is optimized with the Yoast SEO Premium plugin v27.0 (Yoast SEO v27.0) - https:\/\/yoast.com\/product\/yoast-seo-premium-wordpress\/ -->\n<title>Fabiana arany eljegyz\u00e9si gy\u0171r\u0171 - Brillancy<\/title>\n<meta name=\"description\" content=\"Fabiana arany eljegyz\u00e9si gy\u0171r\u0171: Szolid \u00e9kszerk\u00e9nt \u00e1lmodtuk meg ezt az arany eljegyz\u00e9si gy\u0171r\u0171t, melybe ugyanakkor csemp\u00e9szt\u00fcnk egy k\u00fcl\u00f6nlegess\u00e9get is.\" \/>\n<meta name=\"robots\" content=\"index, follow, max-snippet:-1, max-image-preview:large, max-video-preview:-1\" \/>\n<link rel=\"canonical\" href=\"https:\/\/brillancy.hu\/en\/product\/fabiana-arany-eljegyzesi-gyuru\/\" \/>\n<meta property=\"og:locale\" content=\"en_GB\" \/>\n<meta property=\"og:type\" content=\"article\" \/>\n<meta property=\"og:title\" content=\"Fabiana arany eljegyz\u00e9si gy\u0171r\u0171\" \/>\n<meta property=\"og:description\" content=\"Fabiana arany eljegyz\u00e9si gy\u0171r\u0171: Szolid \u00e9kszerk\u00e9nt \u00e1lmodtuk meg ezt az arany eljegyz\u00e9si gy\u0171r\u0171t, melybe ugyanakkor csemp\u00e9szt\u00fcnk egy k\u00fcl\u00f6nlegess\u00e9get is.\" \/>\n<meta property=\"og:url\" content=\"https:\/\/brillancy.hu\/en\/product\/fabiana-arany-eljegyzesi-gyuru\/\" \/>\n<meta property=\"og:site_name\" content=\"Brillancy\" \/>\n<meta property=\"article:modified_time\" content=\"2025-10-17T09:56:15+00:00\" \/>\n<meta property=\"og:image\" content=\"https:\/\/brillancy.hu\/wp-content\/uploads\/2025\/01\/20250718_1840_Elegant-Shimmering-Ring_remix_01k0f6exf1fezbykd7hn6mgtqq.png\" \/>\n\t<meta property=\"og:image:width\" content=\"1024\" \/>\n\t<meta property=\"og:image:height\" content=\"1024\" \/>\n\t<meta property=\"og:image:type\" content=\"image\/png\" \/>\n<meta name=\"twitter:card\" content=\"summary_large_image\" \/>\n<meta name=\"twitter:label1\" content=\"Estimated reading time\" \/>\n\t<meta name=\"twitter:data1\" content=\"2 minutes\" \/>\n<script type=\"application\/ld+json\" class=\"yoast-schema-graph\">{\"@context\":\"https:\/\/schema.org\",\"@graph\":[{\"@type\":\"WebPage\",\"@id\":\"https:\/\/brillancy.hu\/product\/fabiana-arany-eljegyzesi-gyuru\/\",\"url\":\"https:\/\/brillancy.hu\/product\/fabiana-arany-eljegyzesi-gyuru\/\",\"name\":\"Fabiana arany eljegyz\u00e9si gy\u0171r\u0171 - Brillancy\",\"isPartOf\":{\"@id\":\"https:\/\/brillancy.hu\/#website\"},\"primaryImageOfPage\":{\"@id\":\"https:\/\/brillancy.hu\/product\/fabiana-arany-eljegyzesi-gyuru\/#primaryimage\"},\"image\":{\"@id\":\"https:\/\/brillancy.hu\/product\/fabiana-arany-eljegyzesi-gyuru\/#primaryimage\"},\"thumbnailUrl\":\"https:\/\/brillancy.hu\/wp-content\/uploads\/2025\/01\/20250718_1840_Elegant-Shimmering-Ring_remix_01k0f6exf1fezbykd7hn6mgtqq.png\",\"datePublished\":\"2025-01-31T17:34:28+00:00\",\"dateModified\":\"2025-10-17T09:56:15+00:00\",\"description\":\"Fabiana arany eljegyz\u00e9si gy\u0171r\u0171: Szolid \u00e9kszerk\u00e9nt \u00e1lmodtuk meg ezt az arany eljegyz\u00e9si gy\u0171r\u0171t, melybe ugyanakkor csemp\u00e9szt\u00fcnk egy k\u00fcl\u00f6nlegess\u00e9get is.\",\"breadcrumb\":{\"@id\":\"https:\/\/brillancy.hu\/product\/fabiana-arany-eljegyzesi-gyuru\/#breadcrumb\"},\"inLanguage\":\"en-GB\",\"potentialAction\":[{\"@type\":\"ReadAction\",\"target\":[\"https:\/\/brillancy.hu\/product\/fabiana-arany-eljegyzesi-gyuru\/\"]}]},{\"@type\":\"ImageObject\",\"inLanguage\":\"en-GB\",\"@id\":\"https:\/\/brillancy.hu\/product\/fabiana-arany-eljegyzesi-gyuru\/#primaryimage\",\"url\":\"https:\/\/brillancy.hu\/wp-content\/uploads\/2025\/01\/20250718_1840_Elegant-Shimmering-Ring_remix_01k0f6exf1fezbykd7hn6mgtqq.png\",\"contentUrl\":\"https:\/\/brillancy.hu\/wp-content\/uploads\/2025\/01\/20250718_1840_Elegant-Shimmering-Ring_remix_01k0f6exf1fezbykd7hn6mgtqq.png\",\"width\":1024,\"height\":1024,\"caption\":\"Fabiana arany eljegyz\u00e9si gy\u0171r\u0171\"},{\"@type\":\"BreadcrumbList\",\"@id\":\"https:\/\/brillancy.hu\/product\/fabiana-arany-eljegyzesi-gyuru\/#breadcrumb\",\"itemListElement\":[{\"@type\":\"ListItem\",\"position\":1,\"name\":\"Home\",\"item\":\"https:\/\/brillancy.hu\/\"},{\"@type\":\"ListItem\",\"position\":2,\"name\":\"Term\u00e9kek\",\"item\":\"https:\/\/brillancy.hu\/termekek\/\"},{\"@type\":\"ListItem\",\"position\":3,\"name\":\"Fabiana arany eljegyz\u00e9si gy\u0171r\u0171\"}]},{\"@type\":\"WebSite\",\"@id\":\"https:\/\/brillancy.hu\/#website\",\"url\":\"https:\/\/brillancy.hu\/\",\"name\":\"Brillancy\",\"description\":\"\",\"potentialAction\":[{\"@type\":\"SearchAction\",\"target\":{\"@type\":\"EntryPoint\",\"urlTemplate\":\"https:\/\/brillancy.hu\/?s={search_term_string}\"},\"query-input\":{\"@type\":\"PropertyValueSpecification\",\"valueRequired\":true,\"valueName\":\"search_term_string\"}}],\"inLanguage\":\"en-GB\"}]}<\/script>\n<!-- \/ Yoast SEO Premium plugin. -->","yoast_head_json":{"title":"Fabiana arany eljegyz\u00e9si gy\u0171r\u0171 - Brillancy","description":"Fabiana arany eljegyz\u00e9si gy\u0171r\u0171: Szolid \u00e9kszerk\u00e9nt \u00e1lmodtuk meg ezt az arany eljegyz\u00e9si gy\u0171r\u0171t, melybe ugyanakkor csemp\u00e9szt\u00fcnk egy k\u00fcl\u00f6nlegess\u00e9get is.","robots":{"index":"index","follow":"follow","max-snippet":"max-snippet:-1","max-image-preview":"max-image-preview:large","max-video-preview":"max-video-preview:-1"},"canonical":"https:\/\/brillancy.hu\/en\/product\/fabiana-arany-eljegyzesi-gyuru\/","og_locale":"en_GB","og_type":"article","og_title":"Fabiana arany eljegyz\u00e9si gy\u0171r\u0171","og_description":"Fabiana arany eljegyz\u00e9si gy\u0171r\u0171: Szolid \u00e9kszerk\u00e9nt \u00e1lmodtuk meg ezt az arany eljegyz\u00e9si gy\u0171r\u0171t, melybe ugyanakkor csemp\u00e9szt\u00fcnk egy k\u00fcl\u00f6nlegess\u00e9get is.","og_url":"https:\/\/brillancy.hu\/en\/product\/fabiana-arany-eljegyzesi-gyuru\/","og_site_name":"Brillancy","article_modified_time":"2025-10-17T09:56:15+00:00","og_image":[{"width":1024,"height":1024,"url":"https:\/\/brillancy.hu\/wp-content\/uploads\/2025\/01\/20250718_1840_Elegant-Shimmering-Ring_remix_01k0f6exf1fezbykd7hn6mgtqq.png","type":"image\/png"}],"twitter_card":"summary_large_image","twitter_misc":{"Estimated reading time":"2 minutes"},"schema":{"@context":"https:\/\/schema.org","@graph":[{"@type":"WebPage","@id":"https:\/\/brillancy.hu\/product\/fabiana-arany-eljegyzesi-gyuru\/","url":"https:\/\/brillancy.hu\/product\/fabiana-arany-eljegyzesi-gyuru\/","name":"Fabiana arany eljegyz\u00e9si gy\u0171r\u0171 - Brillancy","isPartOf":{"@id":"https:\/\/brillancy.hu\/#website"},"primaryImageOfPage":{"@id":"https:\/\/brillancy.hu\/product\/fabiana-arany-eljegyzesi-gyuru\/#primaryimage"},"image":{"@id":"https:\/\/brillancy.hu\/product\/fabiana-arany-eljegyzesi-gyuru\/#primaryimage"},"thumbnailUrl":"https:\/\/brillancy.hu\/wp-content\/uploads\/2025\/01\/20250718_1840_Elegant-Shimmering-Ring_remix_01k0f6exf1fezbykd7hn6mgtqq.png","datePublished":"2025-01-31T17:34:28+00:00","dateModified":"2025-10-17T09:56:15+00:00","description":"Fabiana arany eljegyz\u00e9si gy\u0171r\u0171: Szolid \u00e9kszerk\u00e9nt \u00e1lmodtuk meg ezt az arany eljegyz\u00e9si gy\u0171r\u0171t, melybe ugyanakkor csemp\u00e9szt\u00fcnk egy k\u00fcl\u00f6nlegess\u00e9get is.","breadcrumb":{"@id":"https:\/\/brillancy.hu\/product\/fabiana-arany-eljegyzesi-gyuru\/#breadcrumb"},"inLanguage":"en-GB","potentialAction":[{"@type":"ReadAction","target":["https:\/\/brillancy.hu\/product\/fabiana-arany-eljegyzesi-gyuru\/"]}]},{"@type":"ImageObject","inLanguage":"en-GB","@id":"https:\/\/brillancy.hu\/product\/fabiana-arany-eljegyzesi-gyuru\/#primaryimage","url":"https:\/\/brillancy.hu\/wp-content\/uploads\/2025\/01\/20250718_1840_Elegant-Shimmering-Ring_remix_01k0f6exf1fezbykd7hn6mgtqq.png","contentUrl":"https:\/\/brillancy.hu\/wp-content\/uploads\/2025\/01\/20250718_1840_Elegant-Shimmering-Ring_remix_01k0f6exf1fezbykd7hn6mgtqq.png","width":1024,"height":1024,"caption":"Fabiana arany eljegyz\u00e9si gy\u0171r\u0171"},{"@type":"BreadcrumbList","@id":"https:\/\/brillancy.hu\/product\/fabiana-arany-eljegyzesi-gyuru\/#breadcrumb","itemListElement":[{"@type":"ListItem","position":1,"name":"Home","item":"https:\/\/brillancy.hu\/"},{"@type":"ListItem","position":2,"name":"Term\u00e9kek","item":"https:\/\/brillancy.hu\/termekek\/"},{"@type":"ListItem","position":3,"name":"Fabiana arany eljegyz\u00e9si gy\u0171r\u0171"}]},{"@type":"WebSite","@id":"https:\/\/brillancy.hu\/#website","url":"https:\/\/brillancy.hu\/","name":"Brillancy","description":"","potentialAction":[{"@type":"SearchAction","target":{"@type":"EntryPoint","urlTemplate":"https:\/\/brillancy.hu\/?s={search_term_string}"},"query-input":{"@type":"PropertyValueSpecification","valueRequired":true,"valueName":"search_term_string"}}],"inLanguage":"en-GB"}]}},"_links":{"self":[{"href":"https:\/\/brillancy.hu\/en\/wp-json\/wp\/v2\/product\/7809","targetHints":{"allow":["GET"]}}],"collection":[{"href":"https:\/\/brillancy.hu\/en\/wp-json\/wp\/v2\/product"}],"about":[{"href":"https:\/\/brillancy.hu\/en\/wp-json\/wp\/v2\/types\/product"}],"replies":[{"embeddable":true,"href":"https:\/\/brillancy.hu\/en\/wp-json\/wp\/v2\/comments?post=7809"}],"wp:featuredmedia":[{"embeddable":true,"href":"https:\/\/brillancy.hu\/en\/wp-json\/wp\/v2\/media\/11351"}],"wp:attachment":[{"href":"https:\/\/brillancy.hu\/en\/wp-json\/wp\/v2\/media?parent=7809"}],"wp:term":[{"taxonomy":"product_brand","embeddable":true,"href":"https:\/\/brillancy.hu\/en\/wp-json\/wp\/v2\/product_brand?post=7809"},{"taxonomy":"product_cat","embeddable":true,"href":"https:\/\/brillancy.hu\/en\/wp-json\/wp\/v2\/product_cat?post=7809"},{"taxonomy":"product_tag","embeddable":true,"href":"https:\/\/brillancy.hu\/en\/wp-json\/wp\/v2\/product_tag?post=7809"}],"curies":[{"name":"wp","href":"https:\/\/api.w.org\/{rel}","templated":true}]}}