{"id":7807,"date":"2025-01-31T18:34:28","date_gmt":"2025-01-31T17:34:28","guid":{"rendered":"https:\/\/brillancy.hu\/?post_type=product&#038;p=7807"},"modified":"2025-10-17T10:56:15","modified_gmt":"2025-10-17T09:56:15","slug":"mariana-gyemant-gyuru","status":"publish","type":"product","link":"https:\/\/brillancy.hu\/en\/product\/mariana-gyemant-gyuru\/","title":{"rendered":"Mariana diamond ring"},"content":{"rendered":"<p><strong>Mariana diamond ring<\/strong><\/p>\n<p><strong>Designer&#039;s recommendation:<\/strong><\/p>\n<p>Cheerful, charming,\u00a0<strong>14-karat gold<\/strong>\u00a0<strong>engagement ring<\/strong>that fabulous color composition in 5 pieces gemstone jeweled us. The high points located in the biggest,<strong> what a dazzling, brilliant cut, 3.5 mm in diameter, blue diamond<\/strong>. The playful located less<strong>\u00a02 mm diameter<\/strong>\u00a0<strong>stone also brilliant cut which from 2 pieces of equally blue diamond, 2 piece<\/strong> <strong>white diamond<\/strong>. The gold is called the button slot in the overwatch holding the stones. Beyond that, it&#039;s a safe slot, the stones round of and accentuate do. We recommend it for those who have a modern design world with a colorful ring comfortable wearing them.<\/p>\n<ul>\n<li><b>Material:<\/b>\u00a0gold<\/li>\n<li><b>Fineness<\/b>: 585 thousandth, 14 carat<\/li>\n<li><b>Gemstone<\/b>: brilliant cut diamond<\/li>\n<\/ul>\n<p>&nbsp;<\/p>\n<p><strong>Eternal life guarantee:<\/strong>\u00a0the jewelry structure of the material errors and gems<\/p>\n<p>The average production time is 10-15 working days. If you have any important date for which you want the product, please contact with us by phone +36 30 539 1179 number, or the info@brillancy.hu e-mail address.<\/p>\n<p><strong>Can be ordered in yellow, white or rose gold colors. The jewel to the gift box optional.<\/strong><\/p>\n<p><strong>I like the Mariana diamond ring, but a larger or different color gems did you imagine it?<\/strong>\u00a0It&#039;s not a problem. We like to give an offer to the expected ideas. Find us confidence on the phone +36 30 539 1179 number, or the info@brillancy.hu e-mail address.<\/p>\n<p><strong>Pay scrap gold<\/strong>\u00a0Damaged, old, or never used gold hiding at home in the cupboards? Bring it in to us and it will be transferred to you the chosen jewellery price.<\/p>","protected":false},"excerpt":{"rendered":"<p>Hand made, unique, 14-karat gold diamond ring, brilliant cut blue and white diamonds<\/p>","protected":false},"featured_media":10310,"comment_status":"closed","ping_status":"closed","template":"","meta":[],"product_brand":[],"product_cat":[124,21,17,39,22,32,37],"product_tag":[],"class_list":{"0":"post-7807","1":"product","2":"type-product","3":"status-publish","4":"has-post-thumbnail","6":"product_cat-dragakoves-gyuruk","7":"product_cat-ekszerek","8":"product_cat-eljegyzesi-gyuruk","9":"product_cat-gyemant","10":"product_cat-kerek","11":"product_cat-modern","12":"product_cat-tobb-koves","14":"first","15":"instock","16":"purchasable","17":"product-type-simple"},"yoast_head":"<!-- This site is optimized with the Yoast SEO Premium plugin v27.0 (Yoast SEO v27.0) - https:\/\/yoast.com\/product\/yoast-seo-premium-wordpress\/ -->\n<title>Mariana gy\u00e9m\u00e1nt gy\u0171r\u0171 - Brillancy<\/title>\n<meta name=\"description\" content=\"A Mariana gy\u00e9m\u00e1nt gy\u0171r\u0171 egy vid\u00e1m, b\u0171b\u00e1jos,\u00a014 kar\u00e1tos arany\u00a0eljegyz\u00e9si gy\u0171r\u0171, melyet mes\u00e9s sz\u00ednkompoz\u00edci\u00f3ban 5 darab dr\u00e1gak\u0151 \u00e9kes\u00edt.\" \/>\n<meta name=\"robots\" content=\"index, follow, max-snippet:-1, max-image-preview:large, max-video-preview:-1\" \/>\n<link rel=\"canonical\" href=\"https:\/\/brillancy.hu\/en\/product\/mariana-gyemant-gyuru\/\" \/>\n<meta property=\"og:locale\" content=\"en_GB\" \/>\n<meta property=\"og:type\" content=\"article\" \/>\n<meta property=\"og:title\" content=\"Mariana gy\u00e9m\u00e1nt gy\u0171r\u0171\" \/>\n<meta property=\"og:description\" content=\"A Mariana gy\u00e9m\u00e1nt gy\u0171r\u0171 egy vid\u00e1m, b\u0171b\u00e1jos,\u00a014 kar\u00e1tos arany\u00a0eljegyz\u00e9si gy\u0171r\u0171, melyet mes\u00e9s sz\u00ednkompoz\u00edci\u00f3ban 5 darab dr\u00e1gak\u0151 \u00e9kes\u00edt.\" \/>\n<meta property=\"og:url\" content=\"https:\/\/brillancy.hu\/en\/product\/mariana-gyemant-gyuru\/\" \/>\n<meta property=\"og:site_name\" content=\"Brillancy\" \/>\n<meta property=\"article:modified_time\" content=\"2025-10-17T09:56:15+00:00\" \/>\n<meta property=\"og:image\" content=\"https:\/\/brillancy.hu\/wp-content\/uploads\/2025\/05\/Mariana-gyemant-gyuru.jpg\" \/>\n\t<meta property=\"og:image:width\" content=\"640\" \/>\n\t<meta property=\"og:image:height\" content=\"480\" \/>\n\t<meta property=\"og:image:type\" content=\"image\/jpeg\" \/>\n<meta name=\"twitter:card\" content=\"summary_large_image\" \/>\n<meta name=\"twitter:label1\" content=\"Estimated reading time\" \/>\n\t<meta name=\"twitter:data1\" content=\"2 minutes\" \/>\n<script type=\"application\/ld+json\" class=\"yoast-schema-graph\">{\"@context\":\"https:\/\/schema.org\",\"@graph\":[{\"@type\":\"WebPage\",\"@id\":\"https:\/\/brillancy.hu\/product\/mariana-gyemant-gyuru\/\",\"url\":\"https:\/\/brillancy.hu\/product\/mariana-gyemant-gyuru\/\",\"name\":\"Mariana gy\u00e9m\u00e1nt gy\u0171r\u0171 - Brillancy\",\"isPartOf\":{\"@id\":\"https:\/\/brillancy.hu\/#website\"},\"primaryImageOfPage\":{\"@id\":\"https:\/\/brillancy.hu\/product\/mariana-gyemant-gyuru\/#primaryimage\"},\"image\":{\"@id\":\"https:\/\/brillancy.hu\/product\/mariana-gyemant-gyuru\/#primaryimage\"},\"thumbnailUrl\":\"https:\/\/brillancy.hu\/wp-content\/uploads\/2025\/05\/Mariana-gyemant-gyuru.jpg\",\"datePublished\":\"2025-01-31T17:34:28+00:00\",\"dateModified\":\"2025-10-17T09:56:15+00:00\",\"description\":\"A Mariana gy\u00e9m\u00e1nt gy\u0171r\u0171 egy vid\u00e1m, b\u0171b\u00e1jos,\u00a014 kar\u00e1tos arany\u00a0eljegyz\u00e9si gy\u0171r\u0171, melyet mes\u00e9s sz\u00ednkompoz\u00edci\u00f3ban 5 darab dr\u00e1gak\u0151 \u00e9kes\u00edt.\",\"breadcrumb\":{\"@id\":\"https:\/\/brillancy.hu\/product\/mariana-gyemant-gyuru\/#breadcrumb\"},\"inLanguage\":\"en-GB\",\"potentialAction\":[{\"@type\":\"ReadAction\",\"target\":[\"https:\/\/brillancy.hu\/product\/mariana-gyemant-gyuru\/\"]}]},{\"@type\":\"ImageObject\",\"inLanguage\":\"en-GB\",\"@id\":\"https:\/\/brillancy.hu\/product\/mariana-gyemant-gyuru\/#primaryimage\",\"url\":\"https:\/\/brillancy.hu\/wp-content\/uploads\/2025\/05\/Mariana-gyemant-gyuru.jpg\",\"contentUrl\":\"https:\/\/brillancy.hu\/wp-content\/uploads\/2025\/05\/Mariana-gyemant-gyuru.jpg\",\"width\":640,\"height\":480,\"caption\":\"14 kar\u00e1tos arany gy\u00e9m\u00e1nt gy\u0171r\u0171 k\u00e9k \u00e9s feh\u00e9r brili\u00e1ns csiszol\u00e1s\u00fa gy\u00e9m\u00e1ntokkal\"},{\"@type\":\"BreadcrumbList\",\"@id\":\"https:\/\/brillancy.hu\/product\/mariana-gyemant-gyuru\/#breadcrumb\",\"itemListElement\":[{\"@type\":\"ListItem\",\"position\":1,\"name\":\"Home\",\"item\":\"https:\/\/brillancy.hu\/\"},{\"@type\":\"ListItem\",\"position\":2,\"name\":\"Term\u00e9kek\",\"item\":\"https:\/\/brillancy.hu\/termekek\/\"},{\"@type\":\"ListItem\",\"position\":3,\"name\":\"Mariana gy\u00e9m\u00e1nt gy\u0171r\u0171\"}]},{\"@type\":\"WebSite\",\"@id\":\"https:\/\/brillancy.hu\/#website\",\"url\":\"https:\/\/brillancy.hu\/\",\"name\":\"Brillancy\",\"description\":\"\",\"potentialAction\":[{\"@type\":\"SearchAction\",\"target\":{\"@type\":\"EntryPoint\",\"urlTemplate\":\"https:\/\/brillancy.hu\/?s={search_term_string}\"},\"query-input\":{\"@type\":\"PropertyValueSpecification\",\"valueRequired\":true,\"valueName\":\"search_term_string\"}}],\"inLanguage\":\"en-GB\"}]}<\/script>\n<!-- \/ Yoast SEO Premium plugin. -->","yoast_head_json":{"title":"Mariana gy\u00e9m\u00e1nt gy\u0171r\u0171 - Brillancy","description":"A Mariana gy\u00e9m\u00e1nt gy\u0171r\u0171 egy vid\u00e1m, b\u0171b\u00e1jos,\u00a014 kar\u00e1tos arany\u00a0eljegyz\u00e9si gy\u0171r\u0171, melyet mes\u00e9s sz\u00ednkompoz\u00edci\u00f3ban 5 darab dr\u00e1gak\u0151 \u00e9kes\u00edt.","robots":{"index":"index","follow":"follow","max-snippet":"max-snippet:-1","max-image-preview":"max-image-preview:large","max-video-preview":"max-video-preview:-1"},"canonical":"https:\/\/brillancy.hu\/en\/product\/mariana-gyemant-gyuru\/","og_locale":"en_GB","og_type":"article","og_title":"Mariana gy\u00e9m\u00e1nt gy\u0171r\u0171","og_description":"A Mariana gy\u00e9m\u00e1nt gy\u0171r\u0171 egy vid\u00e1m, b\u0171b\u00e1jos,\u00a014 kar\u00e1tos arany\u00a0eljegyz\u00e9si gy\u0171r\u0171, melyet mes\u00e9s sz\u00ednkompoz\u00edci\u00f3ban 5 darab dr\u00e1gak\u0151 \u00e9kes\u00edt.","og_url":"https:\/\/brillancy.hu\/en\/product\/mariana-gyemant-gyuru\/","og_site_name":"Brillancy","article_modified_time":"2025-10-17T09:56:15+00:00","og_image":[{"width":640,"height":480,"url":"https:\/\/brillancy.hu\/wp-content\/uploads\/2025\/05\/Mariana-gyemant-gyuru.jpg","type":"image\/jpeg"}],"twitter_card":"summary_large_image","twitter_misc":{"Estimated reading time":"2 minutes"},"schema":{"@context":"https:\/\/schema.org","@graph":[{"@type":"WebPage","@id":"https:\/\/brillancy.hu\/product\/mariana-gyemant-gyuru\/","url":"https:\/\/brillancy.hu\/product\/mariana-gyemant-gyuru\/","name":"Mariana gy\u00e9m\u00e1nt gy\u0171r\u0171 - Brillancy","isPartOf":{"@id":"https:\/\/brillancy.hu\/#website"},"primaryImageOfPage":{"@id":"https:\/\/brillancy.hu\/product\/mariana-gyemant-gyuru\/#primaryimage"},"image":{"@id":"https:\/\/brillancy.hu\/product\/mariana-gyemant-gyuru\/#primaryimage"},"thumbnailUrl":"https:\/\/brillancy.hu\/wp-content\/uploads\/2025\/05\/Mariana-gyemant-gyuru.jpg","datePublished":"2025-01-31T17:34:28+00:00","dateModified":"2025-10-17T09:56:15+00:00","description":"A Mariana gy\u00e9m\u00e1nt gy\u0171r\u0171 egy vid\u00e1m, b\u0171b\u00e1jos,\u00a014 kar\u00e1tos arany\u00a0eljegyz\u00e9si gy\u0171r\u0171, melyet mes\u00e9s sz\u00ednkompoz\u00edci\u00f3ban 5 darab dr\u00e1gak\u0151 \u00e9kes\u00edt.","breadcrumb":{"@id":"https:\/\/brillancy.hu\/product\/mariana-gyemant-gyuru\/#breadcrumb"},"inLanguage":"en-GB","potentialAction":[{"@type":"ReadAction","target":["https:\/\/brillancy.hu\/product\/mariana-gyemant-gyuru\/"]}]},{"@type":"ImageObject","inLanguage":"en-GB","@id":"https:\/\/brillancy.hu\/product\/mariana-gyemant-gyuru\/#primaryimage","url":"https:\/\/brillancy.hu\/wp-content\/uploads\/2025\/05\/Mariana-gyemant-gyuru.jpg","contentUrl":"https:\/\/brillancy.hu\/wp-content\/uploads\/2025\/05\/Mariana-gyemant-gyuru.jpg","width":640,"height":480,"caption":"14 kar\u00e1tos arany gy\u00e9m\u00e1nt gy\u0171r\u0171 k\u00e9k \u00e9s feh\u00e9r brili\u00e1ns csiszol\u00e1s\u00fa gy\u00e9m\u00e1ntokkal"},{"@type":"BreadcrumbList","@id":"https:\/\/brillancy.hu\/product\/mariana-gyemant-gyuru\/#breadcrumb","itemListElement":[{"@type":"ListItem","position":1,"name":"Home","item":"https:\/\/brillancy.hu\/"},{"@type":"ListItem","position":2,"name":"Term\u00e9kek","item":"https:\/\/brillancy.hu\/termekek\/"},{"@type":"ListItem","position":3,"name":"Mariana gy\u00e9m\u00e1nt gy\u0171r\u0171"}]},{"@type":"WebSite","@id":"https:\/\/brillancy.hu\/#website","url":"https:\/\/brillancy.hu\/","name":"Brillancy","description":"","potentialAction":[{"@type":"SearchAction","target":{"@type":"EntryPoint","urlTemplate":"https:\/\/brillancy.hu\/?s={search_term_string}"},"query-input":{"@type":"PropertyValueSpecification","valueRequired":true,"valueName":"search_term_string"}}],"inLanguage":"en-GB"}]}},"_links":{"self":[{"href":"https:\/\/brillancy.hu\/en\/wp-json\/wp\/v2\/product\/7807","targetHints":{"allow":["GET"]}}],"collection":[{"href":"https:\/\/brillancy.hu\/en\/wp-json\/wp\/v2\/product"}],"about":[{"href":"https:\/\/brillancy.hu\/en\/wp-json\/wp\/v2\/types\/product"}],"replies":[{"embeddable":true,"href":"https:\/\/brillancy.hu\/en\/wp-json\/wp\/v2\/comments?post=7807"}],"wp:featuredmedia":[{"embeddable":true,"href":"https:\/\/brillancy.hu\/en\/wp-json\/wp\/v2\/media\/10310"}],"wp:attachment":[{"href":"https:\/\/brillancy.hu\/en\/wp-json\/wp\/v2\/media?parent=7807"}],"wp:term":[{"taxonomy":"product_brand","embeddable":true,"href":"https:\/\/brillancy.hu\/en\/wp-json\/wp\/v2\/product_brand?post=7807"},{"taxonomy":"product_cat","embeddable":true,"href":"https:\/\/brillancy.hu\/en\/wp-json\/wp\/v2\/product_cat?post=7807"},{"taxonomy":"product_tag","embeddable":true,"href":"https:\/\/brillancy.hu\/en\/wp-json\/wp\/v2\/product_tag?post=7807"}],"curies":[{"name":"wp","href":"https:\/\/api.w.org\/{rel}","templated":true}]}}