{"id":7565,"date":"2025-01-31T18:32:00","date_gmt":"2025-01-31T17:32:00","guid":{"rendered":"https:\/\/brillancy.hu\/?post_type=product&#038;p=7565"},"modified":"2025-11-10T16:27:32","modified_gmt":"2025-11-10T15:27:32","slug":"genevive-arany-eljegyzesi-gyuru","status":"publish","type":"product","link":"https:\/\/brillancy.hu\/en\/product\/genevive-arany-eljegyzesi-gyuru\/","title":{"rendered":"Genevive gold engagement ring"},"content":{"rendered":"<p><strong>Genevive gold engagement ring<\/strong><\/p>\n<p>Dreamy\u00a0<strong>14-karat gold<\/strong> eljegyz\u00e9si gy\u0171r\u0171 term\u00e9szetes gy\u00e9m\u00e1ntokkal. A k\u00f6zponti dr\u00e1gak\u0151 egy var\u00e1zslatos <strong>diamond<\/strong>, mely sz\u00f6gletes,\u00a0<strong>princess sanding<\/strong>sal h\u00f3d\u00edt.\u00a0<strong>Oldalainak hossza 2,5 mm, t\u00f6mege 0,08 ct<\/strong>. Mellette\u00a0<strong>1-1\u00a0darab 2 mm-es \u00e9s 1-1 darab 1,8 mm-es brili\u00e1ns csiszol\u00e1s\u00fa gy\u00e9m\u00e1nt<\/strong> teszi m\u00e9g ragyog\u00f3bb\u00e1 a l\u00e1tv\u00e1nyt. A gy\u0171r\u0171s\u00edn egyszer\u0171s\u00e9ge remek\u00fcl kihangs\u00falyozza a\u00a0 gy\u00e9m\u00e1ntokat, illetve a sz\u00f6gletes \u00e9s a kerek form\u00e1k egy\u00fcttes jelenl\u00e9te is mag\u00e1val ragad\u00f3. K\u00fcl\u00f6nleges, \u00f6t dr\u00e1gak\u0151vel d\u00edsz\u00edtett eljegyz\u00e9si gy\u0171r\u0171 a Brillancy Magyar K\u00e9zm\u0171ves \u00c9kszermanufakt\u00fara m\u0171hely\u00e9b\u0151l.<\/p>\n<ul>\n<li><strong>Material:<\/strong>\u00a0gold<\/li>\n<li><strong>Fineness<\/strong>: 585 thousandth, 14 carat<\/li>\n<li><strong>Gemstone<\/strong>: princess and brilliant cut diamonds<\/li>\n<\/ul>\n<p>&nbsp;<\/p>\n<p><strong>Eternal life guarantee:<\/strong>\u00a0the jewelry structure of the material errors and gems<\/p>\n<p><strong>Free renewal:<\/strong> V\u00e1llaljuk az \u00e1ltalunk k\u00e9sz\u00edtett gy\u0171r\u0171 ingyenes karcmentes\u00edt\u00e9s\u00e9t \u00e9s tiszt\u00edt\u00e1s\u00e1t \u00f6t alkalommal (\u00e9vente egyszer) a v\u00e1s\u00e1rl\u00e1st\u00f3l sz\u00e1m\u00edtott \u00f6t \u00e9ven bel\u00fcl.<\/p>\n<p><strong>Free size adjustment:\u00a0<\/strong>If you can't find the right size, we will adjust it for you free of charge.<\/p>\n<p><strong>Gift box:\u00a0<\/strong>We will give you a gift box with the ring, which you can choose from several colors!<\/p>\n<p><strong>Pay scrap gold<\/strong>\u00a0S\u00e9r\u00fclt, megunt vagy sosem haszn\u00e1lt arany lapul otthon a szekr\u00e9ny m\u00e9ly\u00e9n? Hozd be hozz\u00e1nk \u00e9s besz\u00e1m\u00edtjuk a kiv\u00e1lasztott \u00e9kszer \u00e1r\u00e1ba.<\/p>\n<p><strong>Tetszik a Genevive arany eljegyz\u00e9si gy\u0171r\u0171, de m\u00e1s m\u00e9ret\u0171, esetleg m\u00e1s sz\u00edn\u0171 dr\u00e1gak\u0151vel k\u00e9pzelted el? N\u00e1lunk ez nem gond. Sz\u00edvesen adunk aj\u00e1nlatot a meg\u00e1lmodott \u00f6tleteidre. Keress minket bizalommal telefonon a +36 30 539 1179 sz\u00e1mon, vagy az <\/strong><a href=\"mailto:info@brillancy.hu\"><strong>info@brillancy.hu<\/strong><\/a><strong>\u00a0e-mail address.<\/strong><\/p>","protected":false},"excerpt":{"rendered":"<p>14 karat gold engagement ring with princess and brilliant cut diamonds<\/p>","protected":false},"featured_media":11528,"comment_status":"open","ping_status":"closed","template":"","meta":[],"product_brand":[],"product_cat":[17,39,32,24,37],"product_tag":[],"class_list":{"0":"post-7565","1":"product","2":"type-product","3":"status-publish","4":"has-post-thumbnail","6":"product_cat-eljegyzesi-gyuruk","7":"product_cat-gyemant","8":"product_cat-modern","9":"product_cat-szogletes-princess","10":"product_cat-tobb-koves","12":"first","13":"instock","14":"shipping-taxable","15":"purchasable","16":"product-type-simple"},"yoast_head":"<!-- This site is optimized with the Yoast SEO Premium plugin v27.0 (Yoast SEO v27.0) - https:\/\/yoast.com\/product\/yoast-seo-premium-wordpress\/ -->\n<title>Genevive arany eljegyz\u00e9si gy\u0171r\u0171 - Brillancy<\/title>\n<meta name=\"description\" content=\"\u00c1lomsz\u00e9p 14 kar\u00e1tos arany eljegyz\u00e9si gy\u0171r\u0171 term\u00e9szetes gy\u00e9m\u00e1ntokkal. Mag\u00e1val ragad\u00f3 eljegyz\u00e9si gy\u0171r\u0171 Brillancy \u00c9kszermanufakt\u00fara m\u0171hely\u00e9b\u0151l.\" \/>\n<meta name=\"robots\" content=\"index, follow, max-snippet:-1, max-image-preview:large, max-video-preview:-1\" \/>\n<link rel=\"canonical\" href=\"https:\/\/brillancy.hu\/en\/product\/genevive-arany-eljegyzesi-gyuru\/\" \/>\n<meta property=\"og:locale\" content=\"en_GB\" \/>\n<meta property=\"og:type\" content=\"article\" \/>\n<meta property=\"og:title\" content=\"Genevive arany eljegyz\u00e9si gy\u0171r\u0171\" \/>\n<meta property=\"og:description\" content=\"\u00c1lomsz\u00e9p 14 kar\u00e1tos arany eljegyz\u00e9si gy\u0171r\u0171 term\u00e9szetes gy\u00e9m\u00e1ntokkal. Mag\u00e1val ragad\u00f3 eljegyz\u00e9si gy\u0171r\u0171 Brillancy \u00c9kszermanufakt\u00fara m\u0171hely\u00e9b\u0151l.\" \/>\n<meta property=\"og:url\" content=\"https:\/\/brillancy.hu\/en\/product\/genevive-arany-eljegyzesi-gyuru\/\" \/>\n<meta property=\"og:site_name\" content=\"Brillancy\" \/>\n<meta property=\"article:modified_time\" content=\"2025-11-10T15:27:32+00:00\" \/>\n<meta property=\"og:image\" content=\"https:\/\/brillancy.hu\/wp-content\/uploads\/2025\/01\/genevive1.png\" \/>\n\t<meta property=\"og:image:width\" content=\"1024\" \/>\n\t<meta property=\"og:image:height\" content=\"1024\" \/>\n\t<meta property=\"og:image:type\" content=\"image\/png\" \/>\n<meta name=\"twitter:card\" content=\"summary_large_image\" \/>\n<meta name=\"twitter:label1\" content=\"Estimated reading time\" \/>\n\t<meta name=\"twitter:data1\" content=\"2 minutes\" \/>\n<script type=\"application\/ld+json\" class=\"yoast-schema-graph\">{\"@context\":\"https:\/\/schema.org\",\"@graph\":[{\"@type\":\"WebPage\",\"@id\":\"https:\/\/brillancy.hu\/product\/genevive-arany-eljegyzesi-gyuru\/\",\"url\":\"https:\/\/brillancy.hu\/product\/genevive-arany-eljegyzesi-gyuru\/\",\"name\":\"Genevive arany eljegyz\u00e9si gy\u0171r\u0171 - Brillancy\",\"isPartOf\":{\"@id\":\"https:\/\/brillancy.hu\/#website\"},\"primaryImageOfPage\":{\"@id\":\"https:\/\/brillancy.hu\/product\/genevive-arany-eljegyzesi-gyuru\/#primaryimage\"},\"image\":{\"@id\":\"https:\/\/brillancy.hu\/product\/genevive-arany-eljegyzesi-gyuru\/#primaryimage\"},\"thumbnailUrl\":\"https:\/\/brillancy.hu\/wp-content\/uploads\/2025\/01\/genevive1.png\",\"datePublished\":\"2025-01-31T17:32:00+00:00\",\"dateModified\":\"2025-11-10T15:27:32+00:00\",\"description\":\"\u00c1lomsz\u00e9p 14 kar\u00e1tos arany eljegyz\u00e9si gy\u0171r\u0171 term\u00e9szetes gy\u00e9m\u00e1ntokkal. Mag\u00e1val ragad\u00f3 eljegyz\u00e9si gy\u0171r\u0171 Brillancy \u00c9kszermanufakt\u00fara m\u0171hely\u00e9b\u0151l.\",\"breadcrumb\":{\"@id\":\"https:\/\/brillancy.hu\/product\/genevive-arany-eljegyzesi-gyuru\/#breadcrumb\"},\"inLanguage\":\"en-GB\",\"potentialAction\":[{\"@type\":\"ReadAction\",\"target\":[\"https:\/\/brillancy.hu\/product\/genevive-arany-eljegyzesi-gyuru\/\"]}]},{\"@type\":\"ImageObject\",\"inLanguage\":\"en-GB\",\"@id\":\"https:\/\/brillancy.hu\/product\/genevive-arany-eljegyzesi-gyuru\/#primaryimage\",\"url\":\"https:\/\/brillancy.hu\/wp-content\/uploads\/2025\/01\/genevive1.png\",\"contentUrl\":\"https:\/\/brillancy.hu\/wp-content\/uploads\/2025\/01\/genevive1.png\",\"width\":1024,\"height\":1024,\"caption\":\"Genevive arany eljegyz\u00e9si gy\u0171r\u0171\"},{\"@type\":\"BreadcrumbList\",\"@id\":\"https:\/\/brillancy.hu\/product\/genevive-arany-eljegyzesi-gyuru\/#breadcrumb\",\"itemListElement\":[{\"@type\":\"ListItem\",\"position\":1,\"name\":\"Home\",\"item\":\"https:\/\/brillancy.hu\/\"},{\"@type\":\"ListItem\",\"position\":2,\"name\":\"Term\u00e9kek\",\"item\":\"https:\/\/brillancy.hu\/termekek\/\"},{\"@type\":\"ListItem\",\"position\":3,\"name\":\"Genevive arany eljegyz\u00e9si gy\u0171r\u0171\"}]},{\"@type\":\"WebSite\",\"@id\":\"https:\/\/brillancy.hu\/#website\",\"url\":\"https:\/\/brillancy.hu\/\",\"name\":\"Brillancy\",\"description\":\"\",\"potentialAction\":[{\"@type\":\"SearchAction\",\"target\":{\"@type\":\"EntryPoint\",\"urlTemplate\":\"https:\/\/brillancy.hu\/?s={search_term_string}\"},\"query-input\":{\"@type\":\"PropertyValueSpecification\",\"valueRequired\":true,\"valueName\":\"search_term_string\"}}],\"inLanguage\":\"en-GB\"}]}<\/script>\n<!-- \/ Yoast SEO Premium plugin. -->","yoast_head_json":{"title":"Genevive arany eljegyz\u00e9si gy\u0171r\u0171 - Brillancy","description":"\u00c1lomsz\u00e9p 14 kar\u00e1tos arany eljegyz\u00e9si gy\u0171r\u0171 term\u00e9szetes gy\u00e9m\u00e1ntokkal. Mag\u00e1val ragad\u00f3 eljegyz\u00e9si gy\u0171r\u0171 Brillancy \u00c9kszermanufakt\u00fara m\u0171hely\u00e9b\u0151l.","robots":{"index":"index","follow":"follow","max-snippet":"max-snippet:-1","max-image-preview":"max-image-preview:large","max-video-preview":"max-video-preview:-1"},"canonical":"https:\/\/brillancy.hu\/en\/product\/genevive-arany-eljegyzesi-gyuru\/","og_locale":"en_GB","og_type":"article","og_title":"Genevive arany eljegyz\u00e9si gy\u0171r\u0171","og_description":"\u00c1lomsz\u00e9p 14 kar\u00e1tos arany eljegyz\u00e9si gy\u0171r\u0171 term\u00e9szetes gy\u00e9m\u00e1ntokkal. Mag\u00e1val ragad\u00f3 eljegyz\u00e9si gy\u0171r\u0171 Brillancy \u00c9kszermanufakt\u00fara m\u0171hely\u00e9b\u0151l.","og_url":"https:\/\/brillancy.hu\/en\/product\/genevive-arany-eljegyzesi-gyuru\/","og_site_name":"Brillancy","article_modified_time":"2025-11-10T15:27:32+00:00","og_image":[{"width":1024,"height":1024,"url":"https:\/\/brillancy.hu\/wp-content\/uploads\/2025\/01\/genevive1.png","type":"image\/png"}],"twitter_card":"summary_large_image","twitter_misc":{"Estimated reading time":"2 minutes"},"schema":{"@context":"https:\/\/schema.org","@graph":[{"@type":"WebPage","@id":"https:\/\/brillancy.hu\/product\/genevive-arany-eljegyzesi-gyuru\/","url":"https:\/\/brillancy.hu\/product\/genevive-arany-eljegyzesi-gyuru\/","name":"Genevive arany eljegyz\u00e9si gy\u0171r\u0171 - Brillancy","isPartOf":{"@id":"https:\/\/brillancy.hu\/#website"},"primaryImageOfPage":{"@id":"https:\/\/brillancy.hu\/product\/genevive-arany-eljegyzesi-gyuru\/#primaryimage"},"image":{"@id":"https:\/\/brillancy.hu\/product\/genevive-arany-eljegyzesi-gyuru\/#primaryimage"},"thumbnailUrl":"https:\/\/brillancy.hu\/wp-content\/uploads\/2025\/01\/genevive1.png","datePublished":"2025-01-31T17:32:00+00:00","dateModified":"2025-11-10T15:27:32+00:00","description":"\u00c1lomsz\u00e9p 14 kar\u00e1tos arany eljegyz\u00e9si gy\u0171r\u0171 term\u00e9szetes gy\u00e9m\u00e1ntokkal. Mag\u00e1val ragad\u00f3 eljegyz\u00e9si gy\u0171r\u0171 Brillancy \u00c9kszermanufakt\u00fara m\u0171hely\u00e9b\u0151l.","breadcrumb":{"@id":"https:\/\/brillancy.hu\/product\/genevive-arany-eljegyzesi-gyuru\/#breadcrumb"},"inLanguage":"en-GB","potentialAction":[{"@type":"ReadAction","target":["https:\/\/brillancy.hu\/product\/genevive-arany-eljegyzesi-gyuru\/"]}]},{"@type":"ImageObject","inLanguage":"en-GB","@id":"https:\/\/brillancy.hu\/product\/genevive-arany-eljegyzesi-gyuru\/#primaryimage","url":"https:\/\/brillancy.hu\/wp-content\/uploads\/2025\/01\/genevive1.png","contentUrl":"https:\/\/brillancy.hu\/wp-content\/uploads\/2025\/01\/genevive1.png","width":1024,"height":1024,"caption":"Genevive arany eljegyz\u00e9si gy\u0171r\u0171"},{"@type":"BreadcrumbList","@id":"https:\/\/brillancy.hu\/product\/genevive-arany-eljegyzesi-gyuru\/#breadcrumb","itemListElement":[{"@type":"ListItem","position":1,"name":"Home","item":"https:\/\/brillancy.hu\/"},{"@type":"ListItem","position":2,"name":"Term\u00e9kek","item":"https:\/\/brillancy.hu\/termekek\/"},{"@type":"ListItem","position":3,"name":"Genevive arany eljegyz\u00e9si gy\u0171r\u0171"}]},{"@type":"WebSite","@id":"https:\/\/brillancy.hu\/#website","url":"https:\/\/brillancy.hu\/","name":"Brillancy","description":"","potentialAction":[{"@type":"SearchAction","target":{"@type":"EntryPoint","urlTemplate":"https:\/\/brillancy.hu\/?s={search_term_string}"},"query-input":{"@type":"PropertyValueSpecification","valueRequired":true,"valueName":"search_term_string"}}],"inLanguage":"en-GB"}]}},"_links":{"self":[{"href":"https:\/\/brillancy.hu\/en\/wp-json\/wp\/v2\/product\/7565","targetHints":{"allow":["GET"]}}],"collection":[{"href":"https:\/\/brillancy.hu\/en\/wp-json\/wp\/v2\/product"}],"about":[{"href":"https:\/\/brillancy.hu\/en\/wp-json\/wp\/v2\/types\/product"}],"replies":[{"embeddable":true,"href":"https:\/\/brillancy.hu\/en\/wp-json\/wp\/v2\/comments?post=7565"}],"wp:featuredmedia":[{"embeddable":true,"href":"https:\/\/brillancy.hu\/en\/wp-json\/wp\/v2\/media\/11528"}],"wp:attachment":[{"href":"https:\/\/brillancy.hu\/en\/wp-json\/wp\/v2\/media?parent=7565"}],"wp:term":[{"taxonomy":"product_brand","embeddable":true,"href":"https:\/\/brillancy.hu\/en\/wp-json\/wp\/v2\/product_brand?post=7565"},{"taxonomy":"product_cat","embeddable":true,"href":"https:\/\/brillancy.hu\/en\/wp-json\/wp\/v2\/product_cat?post=7565"},{"taxonomy":"product_tag","embeddable":true,"href":"https:\/\/brillancy.hu\/en\/wp-json\/wp\/v2\/product_tag?post=7565"}],"curies":[{"name":"wp","href":"https:\/\/api.w.org\/{rel}","templated":true}]}}