{"id":7561,"date":"2025-01-31T18:32:00","date_gmt":"2025-01-31T17:32:00","guid":{"rendered":"https:\/\/brillancy.hu\/?post_type=product&#038;p=7561"},"modified":"2025-10-17T10:56:15","modified_gmt":"2025-10-17T09:56:15","slug":"alida-feherarany-eljegyzesi-gyuru","status":"publish","type":"product","link":"https:\/\/brillancy.hu\/en\/product\/alida-feherarany-eljegyzesi-gyuru\/","title":{"rendered":"Alida white gold engagement ring"},"content":{"rendered":"<p>Alida white gold engagement ring<\/p>\n<p>Magically beautiful <strong>14 karat white gold<\/strong> <strong>engagement<\/strong> <strong>ring<\/strong> <strong>natural diamonds<\/strong>. The sleek design gy\u0171r\u0171s\u00edn uniform running around, this symmetry breaks <strong>organic layout 6 x brilliant cut white diamonds<\/strong>. The diamonds diameter, in descending order: <strong>3,8 mm \u2013 2.5 mm \u2013 2,2 mm \u2013 1,7 mm \u2013 1,3 mm 1,3 mm. Beautiful, natural effect of the white gold engagement ring the Brillance of Hungarian Craft jewelry manufactory workshop from.<\/strong><\/p>\n<ul>\n<li><strong>Material: <\/strong>gold<\/li>\n<li><strong>Fineness:<\/strong> 585 thousandth, 14 carat<\/li>\n<li><strong>Gemstone:<\/strong> brilliant cut diamond<\/li>\n<li><strong>Gemstones weighing a total of: <\/strong>0,34 ct<\/li>\n<\/ul>","protected":false},"excerpt":{"rendered":"<p>Alida white gold engagement ring<\/p>\n<p>Magically beautiful <strong>14 karat white gold<\/strong> diamond <strong>ring<\/strong> <strong>natural diamonds<\/strong>.<\/p>","protected":false},"featured_media":7591,"comment_status":"open","ping_status":"closed","template":"","meta":[],"product_brand":[],"product_cat":[17,39,22,34,37],"product_tag":[],"class_list":{"0":"post-7561","1":"product","2":"type-product","3":"status-publish","4":"has-post-thumbnail","6":"product_cat-eljegyzesi-gyuruk","7":"product_cat-gyemant","8":"product_cat-kerek","9":"product_cat-kreativ","10":"product_cat-tobb-koves","12":"first","13":"instock","14":"shipping-taxable","15":"purchasable","16":"product-type-simple"},"yoast_head":"<!-- This site is optimized with the Yoast SEO Premium plugin v27.0 (Yoast SEO v27.0) - https:\/\/yoast.com\/product\/yoast-seo-premium-wordpress\/ -->\n<title>Alida feh\u00e9rarany eljegyz\u00e9si gy\u0171r\u0171 - Brillancy<\/title>\n<meta name=\"description\" content=\"Alida feh\u00e9rarany eljegyz\u00e9si gy\u0171r\u0171. Var\u00e1zslatosan sz\u00e9p 14 kar\u00e1tos feh\u00e9rarany eljegyz\u00e9si gy\u0171r\u0171 term\u00e9szetes gy\u00e9m\u00e1ntokkal. A letisztult tervez\u00e9s\u0171 gy\u0171r\u0171s\u00edn\" \/>\n<meta name=\"robots\" content=\"index, follow, max-snippet:-1, max-image-preview:large, max-video-preview:-1\" \/>\n<link rel=\"canonical\" href=\"https:\/\/brillancy.hu\/en\/product\/alida-feherarany-eljegyzesi-gyuru\/\" \/>\n<meta property=\"og:locale\" content=\"en_GB\" \/>\n<meta property=\"og:type\" content=\"article\" \/>\n<meta property=\"og:title\" content=\"Alida feh\u00e9rarany eljegyz\u00e9si gy\u0171r\u0171\" \/>\n<meta property=\"og:description\" content=\"Alida feh\u00e9rarany eljegyz\u00e9si gy\u0171r\u0171. Var\u00e1zslatosan sz\u00e9p 14 kar\u00e1tos feh\u00e9rarany eljegyz\u00e9si gy\u0171r\u0171 term\u00e9szetes gy\u00e9m\u00e1ntokkal. A letisztult tervez\u00e9s\u0171 gy\u0171r\u0171s\u00edn\" \/>\n<meta property=\"og:url\" content=\"https:\/\/brillancy.hu\/en\/product\/alida-feherarany-eljegyzesi-gyuru\/\" \/>\n<meta property=\"og:site_name\" content=\"Brillancy\" \/>\n<meta property=\"article:modified_time\" content=\"2025-10-17T09:56:15+00:00\" \/>\n<meta property=\"og:image\" content=\"https:\/\/brillancy.hu\/wp-content\/uploads\/2025\/01\/alida-0.jpg\" \/>\n\t<meta property=\"og:image:width\" content=\"640\" \/>\n\t<meta property=\"og:image:height\" content=\"480\" \/>\n\t<meta property=\"og:image:type\" content=\"image\/jpeg\" \/>\n<meta name=\"twitter:card\" content=\"summary_large_image\" \/>\n<meta name=\"twitter:label1\" content=\"Estimated reading time\" \/>\n\t<meta name=\"twitter:data1\" content=\"1 minute\" \/>\n<script type=\"application\/ld+json\" class=\"yoast-schema-graph\">{\"@context\":\"https:\/\/schema.org\",\"@graph\":[{\"@type\":\"WebPage\",\"@id\":\"https:\/\/brillancy.hu\/product\/alida-feherarany-eljegyzesi-gyuru\/\",\"url\":\"https:\/\/brillancy.hu\/product\/alida-feherarany-eljegyzesi-gyuru\/\",\"name\":\"Alida feh\u00e9rarany eljegyz\u00e9si gy\u0171r\u0171 - Brillancy\",\"isPartOf\":{\"@id\":\"https:\/\/brillancy.hu\/#website\"},\"primaryImageOfPage\":{\"@id\":\"https:\/\/brillancy.hu\/product\/alida-feherarany-eljegyzesi-gyuru\/#primaryimage\"},\"image\":{\"@id\":\"https:\/\/brillancy.hu\/product\/alida-feherarany-eljegyzesi-gyuru\/#primaryimage\"},\"thumbnailUrl\":\"https:\/\/brillancy.hu\/wp-content\/uploads\/2025\/01\/alida-0.jpg\",\"datePublished\":\"2025-01-31T17:32:00+00:00\",\"dateModified\":\"2025-10-17T09:56:15+00:00\",\"description\":\"Alida feh\u00e9rarany eljegyz\u00e9si gy\u0171r\u0171. Var\u00e1zslatosan sz\u00e9p 14 kar\u00e1tos feh\u00e9rarany eljegyz\u00e9si gy\u0171r\u0171 term\u00e9szetes gy\u00e9m\u00e1ntokkal. A letisztult tervez\u00e9s\u0171 gy\u0171r\u0171s\u00edn\",\"breadcrumb\":{\"@id\":\"https:\/\/brillancy.hu\/product\/alida-feherarany-eljegyzesi-gyuru\/#breadcrumb\"},\"inLanguage\":\"en-GB\",\"potentialAction\":[{\"@type\":\"ReadAction\",\"target\":[\"https:\/\/brillancy.hu\/product\/alida-feherarany-eljegyzesi-gyuru\/\"]}]},{\"@type\":\"ImageObject\",\"inLanguage\":\"en-GB\",\"@id\":\"https:\/\/brillancy.hu\/product\/alida-feherarany-eljegyzesi-gyuru\/#primaryimage\",\"url\":\"https:\/\/brillancy.hu\/wp-content\/uploads\/2025\/01\/alida-0.jpg\",\"contentUrl\":\"https:\/\/brillancy.hu\/wp-content\/uploads\/2025\/01\/alida-0.jpg\",\"width\":640,\"height\":480,\"caption\":\"Alida feh\u00e9rarany eljegyz\u00e9si gy\u0171r\u0171\"},{\"@type\":\"BreadcrumbList\",\"@id\":\"https:\/\/brillancy.hu\/product\/alida-feherarany-eljegyzesi-gyuru\/#breadcrumb\",\"itemListElement\":[{\"@type\":\"ListItem\",\"position\":1,\"name\":\"Home\",\"item\":\"https:\/\/brillancy.hu\/\"},{\"@type\":\"ListItem\",\"position\":2,\"name\":\"Term\u00e9kek\",\"item\":\"https:\/\/brillancy.hu\/termekek\/\"},{\"@type\":\"ListItem\",\"position\":3,\"name\":\"Alida feh\u00e9rarany eljegyz\u00e9si gy\u0171r\u0171\"}]},{\"@type\":\"WebSite\",\"@id\":\"https:\/\/brillancy.hu\/#website\",\"url\":\"https:\/\/brillancy.hu\/\",\"name\":\"Brillancy\",\"description\":\"\",\"potentialAction\":[{\"@type\":\"SearchAction\",\"target\":{\"@type\":\"EntryPoint\",\"urlTemplate\":\"https:\/\/brillancy.hu\/?s={search_term_string}\"},\"query-input\":{\"@type\":\"PropertyValueSpecification\",\"valueRequired\":true,\"valueName\":\"search_term_string\"}}],\"inLanguage\":\"en-GB\"}]}<\/script>\n<!-- \/ Yoast SEO Premium plugin. -->","yoast_head_json":{"title":"Alida feh\u00e9rarany eljegyz\u00e9si gy\u0171r\u0171 - Brillancy","description":"Alida feh\u00e9rarany eljegyz\u00e9si gy\u0171r\u0171. Var\u00e1zslatosan sz\u00e9p 14 kar\u00e1tos feh\u00e9rarany eljegyz\u00e9si gy\u0171r\u0171 term\u00e9szetes gy\u00e9m\u00e1ntokkal. A letisztult tervez\u00e9s\u0171 gy\u0171r\u0171s\u00edn","robots":{"index":"index","follow":"follow","max-snippet":"max-snippet:-1","max-image-preview":"max-image-preview:large","max-video-preview":"max-video-preview:-1"},"canonical":"https:\/\/brillancy.hu\/en\/product\/alida-feherarany-eljegyzesi-gyuru\/","og_locale":"en_GB","og_type":"article","og_title":"Alida feh\u00e9rarany eljegyz\u00e9si gy\u0171r\u0171","og_description":"Alida feh\u00e9rarany eljegyz\u00e9si gy\u0171r\u0171. Var\u00e1zslatosan sz\u00e9p 14 kar\u00e1tos feh\u00e9rarany eljegyz\u00e9si gy\u0171r\u0171 term\u00e9szetes gy\u00e9m\u00e1ntokkal. A letisztult tervez\u00e9s\u0171 gy\u0171r\u0171s\u00edn","og_url":"https:\/\/brillancy.hu\/en\/product\/alida-feherarany-eljegyzesi-gyuru\/","og_site_name":"Brillancy","article_modified_time":"2025-10-17T09:56:15+00:00","og_image":[{"width":640,"height":480,"url":"https:\/\/brillancy.hu\/wp-content\/uploads\/2025\/01\/alida-0.jpg","type":"image\/jpeg"}],"twitter_card":"summary_large_image","twitter_misc":{"Estimated reading time":"1 minute"},"schema":{"@context":"https:\/\/schema.org","@graph":[{"@type":"WebPage","@id":"https:\/\/brillancy.hu\/product\/alida-feherarany-eljegyzesi-gyuru\/","url":"https:\/\/brillancy.hu\/product\/alida-feherarany-eljegyzesi-gyuru\/","name":"Alida feh\u00e9rarany eljegyz\u00e9si gy\u0171r\u0171 - Brillancy","isPartOf":{"@id":"https:\/\/brillancy.hu\/#website"},"primaryImageOfPage":{"@id":"https:\/\/brillancy.hu\/product\/alida-feherarany-eljegyzesi-gyuru\/#primaryimage"},"image":{"@id":"https:\/\/brillancy.hu\/product\/alida-feherarany-eljegyzesi-gyuru\/#primaryimage"},"thumbnailUrl":"https:\/\/brillancy.hu\/wp-content\/uploads\/2025\/01\/alida-0.jpg","datePublished":"2025-01-31T17:32:00+00:00","dateModified":"2025-10-17T09:56:15+00:00","description":"Alida feh\u00e9rarany eljegyz\u00e9si gy\u0171r\u0171. Var\u00e1zslatosan sz\u00e9p 14 kar\u00e1tos feh\u00e9rarany eljegyz\u00e9si gy\u0171r\u0171 term\u00e9szetes gy\u00e9m\u00e1ntokkal. A letisztult tervez\u00e9s\u0171 gy\u0171r\u0171s\u00edn","breadcrumb":{"@id":"https:\/\/brillancy.hu\/product\/alida-feherarany-eljegyzesi-gyuru\/#breadcrumb"},"inLanguage":"en-GB","potentialAction":[{"@type":"ReadAction","target":["https:\/\/brillancy.hu\/product\/alida-feherarany-eljegyzesi-gyuru\/"]}]},{"@type":"ImageObject","inLanguage":"en-GB","@id":"https:\/\/brillancy.hu\/product\/alida-feherarany-eljegyzesi-gyuru\/#primaryimage","url":"https:\/\/brillancy.hu\/wp-content\/uploads\/2025\/01\/alida-0.jpg","contentUrl":"https:\/\/brillancy.hu\/wp-content\/uploads\/2025\/01\/alida-0.jpg","width":640,"height":480,"caption":"Alida feh\u00e9rarany eljegyz\u00e9si gy\u0171r\u0171"},{"@type":"BreadcrumbList","@id":"https:\/\/brillancy.hu\/product\/alida-feherarany-eljegyzesi-gyuru\/#breadcrumb","itemListElement":[{"@type":"ListItem","position":1,"name":"Home","item":"https:\/\/brillancy.hu\/"},{"@type":"ListItem","position":2,"name":"Term\u00e9kek","item":"https:\/\/brillancy.hu\/termekek\/"},{"@type":"ListItem","position":3,"name":"Alida feh\u00e9rarany eljegyz\u00e9si gy\u0171r\u0171"}]},{"@type":"WebSite","@id":"https:\/\/brillancy.hu\/#website","url":"https:\/\/brillancy.hu\/","name":"Brillancy","description":"","potentialAction":[{"@type":"SearchAction","target":{"@type":"EntryPoint","urlTemplate":"https:\/\/brillancy.hu\/?s={search_term_string}"},"query-input":{"@type":"PropertyValueSpecification","valueRequired":true,"valueName":"search_term_string"}}],"inLanguage":"en-GB"}]}},"_links":{"self":[{"href":"https:\/\/brillancy.hu\/en\/wp-json\/wp\/v2\/product\/7561","targetHints":{"allow":["GET"]}}],"collection":[{"href":"https:\/\/brillancy.hu\/en\/wp-json\/wp\/v2\/product"}],"about":[{"href":"https:\/\/brillancy.hu\/en\/wp-json\/wp\/v2\/types\/product"}],"replies":[{"embeddable":true,"href":"https:\/\/brillancy.hu\/en\/wp-json\/wp\/v2\/comments?post=7561"}],"wp:featuredmedia":[{"embeddable":true,"href":"https:\/\/brillancy.hu\/en\/wp-json\/wp\/v2\/media\/7591"}],"wp:attachment":[{"href":"https:\/\/brillancy.hu\/en\/wp-json\/wp\/v2\/media?parent=7561"}],"wp:term":[{"taxonomy":"product_brand","embeddable":true,"href":"https:\/\/brillancy.hu\/en\/wp-json\/wp\/v2\/product_brand?post=7561"},{"taxonomy":"product_cat","embeddable":true,"href":"https:\/\/brillancy.hu\/en\/wp-json\/wp\/v2\/product_cat?post=7561"},{"taxonomy":"product_tag","embeddable":true,"href":"https:\/\/brillancy.hu\/en\/wp-json\/wp\/v2\/product_tag?post=7561"}],"curies":[{"name":"wp","href":"https:\/\/api.w.org\/{rel}","templated":true}]}}