{"id":7556,"date":"2025-01-31T18:32:00","date_gmt":"2025-01-31T17:32:00","guid":{"rendered":"https:\/\/brillancy.hu\/?post_type=product&#038;p=7556"},"modified":"2025-10-17T10:56:15","modified_gmt":"2025-10-17T09:56:15","slug":"violette-feherarany-eljegyzesi-gyuru","status":"publish","type":"product","link":"https:\/\/brillancy.hu\/en\/product\/violette-feherarany-eljegyzesi-gyuru\/","title":{"rendered":"Violette white gold and jeweled ring"},"content":{"rendered":"<p>Violette white gold and jeweled ring<\/p>\n<p><strong>Violette: <\/strong>Beautiful and spectacular design <strong>14 karat white gold<\/strong> jeweled ring. Focus a <strong>oval cut 0,66 ct-inch 5 x 7 mm size beautiful indigo thickness<\/strong> pomp\u00e1zik n\u00e9gykarmos foglalatban.<\/p>\n<p>K\u00e9t oldalr\u00f3l k\u00f6zrefogja <strong>2 pieces of brilliant cut, one by one 0,08 ct mass of beautiful white natural diamonds. Captivating beauty of white gold and jeweled ring.<\/strong><\/p>\n<ul>\n<li><strong>Material<\/strong>: gold<\/li>\n<li><strong>Fineness<\/strong>: 585 thousandth, 14 carat<\/li>\n<li><strong>Gemstone<\/strong>: brilliant cut diamond and oval-cut indigo thickness<\/li>\n<\/ul>\n<ul>\n<li><strong>Eternal life guarantee:<\/strong>\u00a0the jewelry structure of the material errors and gems<\/li>\n<li><strong>Free renewal:<\/strong>\u00a0We take your engagement ring free scratch-free sales of and purification of five times (once a year) the purchase within five years.<\/li>\n<\/ul>\n<p><strong>Gift box:\u00a0<\/strong>The ring is a gift in the box set, and several kinds of colors You can pick out!<\/p>\n<p><strong>Pay scrap gold<\/strong>\u00a0Damaged, old, or never used gold hiding at home in the cupboards? Bring it in to us and high count For the selected engagement ring price.<\/p>","protected":false},"excerpt":{"rendered":"<p>Violette feh\u00e9rarany dr\u00e1gak\u00f6ves gy\u0171r\u0171 &#8211; K\u00e1pr\u00e1zatosan sz\u00e9p \u00e9s l\u00e1tv\u00e1nyos kialak\u00edt\u00e1s\u00fa <strong>14 karat white gold<\/strong> jeweled ring. Focus a <strong>ov\u00e1lis csiszol\u00e1s\u00fa 0,66 ct-os\u00a0 \u00a0indigolit&#8230;<\/strong><\/p>","protected":false},"featured_media":11618,"comment_status":"closed","ping_status":"closed","template":"","meta":[],"product_brand":[],"product_cat":[124,21],"product_tag":[],"class_list":{"0":"post-7556","1":"product","2":"type-product","3":"status-publish","4":"has-post-thumbnail","6":"product_cat-dragakoves-gyuruk","7":"product_cat-ekszerek","9":"first","10":"instock","11":"purchasable","12":"product-type-simple"},"yoast_head":"<!-- This site is optimized with the Yoast SEO Premium plugin v27.0 (Yoast SEO v27.0) - https:\/\/yoast.com\/product\/yoast-seo-premium-wordpress\/ -->\n<title>Violette feh\u00e9rarany dr\u00e1gak\u00f6ves gy\u0171r\u0171 - Brillancy<\/title>\n<meta name=\"description\" content=\"Violette feh\u00e9rarany dr\u00e1gak\u00f6ves gy\u0171r\u0171 - Tervez\u0151 aj\u00e1nl\u00e1sa: Violette: K\u00e1pr\u00e1zatosan sz\u00e9p \u00e9s l\u00e1tv\u00e1nyos kialak\u00edt\u00e1s\u00fa 14 kar\u00e1tos ...\" \/>\n<meta name=\"robots\" content=\"index, follow, max-snippet:-1, max-image-preview:large, max-video-preview:-1\" \/>\n<link rel=\"canonical\" href=\"https:\/\/brillancy.hu\/en\/product\/violette-feherarany-eljegyzesi-gyuru\/\" \/>\n<meta property=\"og:locale\" content=\"en_GB\" \/>\n<meta property=\"og:type\" content=\"article\" \/>\n<meta property=\"og:title\" content=\"Violette feh\u00e9rarany dr\u00e1gak\u00f6ves gy\u0171r\u0171\" \/>\n<meta property=\"og:description\" content=\"Violette feh\u00e9rarany dr\u00e1gak\u00f6ves gy\u0171r\u0171 - Tervez\u0151 aj\u00e1nl\u00e1sa: Violette: K\u00e1pr\u00e1zatosan sz\u00e9p \u00e9s l\u00e1tv\u00e1nyos kialak\u00edt\u00e1s\u00fa 14 kar\u00e1tos ...\" \/>\n<meta property=\"og:url\" content=\"https:\/\/brillancy.hu\/en\/product\/violette-feherarany-eljegyzesi-gyuru\/\" \/>\n<meta property=\"og:site_name\" content=\"Brillancy\" \/>\n<meta property=\"article:modified_time\" content=\"2025-10-17T09:56:15+00:00\" \/>\n<meta property=\"og:image\" content=\"https:\/\/brillancy.hu\/wp-content\/uploads\/2025\/01\/violette.png\" \/>\n\t<meta property=\"og:image:width\" content=\"1024\" \/>\n\t<meta property=\"og:image:height\" content=\"1024\" \/>\n\t<meta property=\"og:image:type\" content=\"image\/png\" \/>\n<meta name=\"twitter:card\" content=\"summary_large_image\" \/>\n<meta name=\"twitter:label1\" content=\"Estimated reading time\" \/>\n\t<meta name=\"twitter:data1\" content=\"1 minute\" \/>\n<script type=\"application\/ld+json\" class=\"yoast-schema-graph\">{\"@context\":\"https:\/\/schema.org\",\"@graph\":[{\"@type\":\"WebPage\",\"@id\":\"https:\/\/brillancy.hu\/product\/violette-feherarany-eljegyzesi-gyuru\/\",\"url\":\"https:\/\/brillancy.hu\/product\/violette-feherarany-eljegyzesi-gyuru\/\",\"name\":\"Violette feh\u00e9rarany dr\u00e1gak\u00f6ves gy\u0171r\u0171 - Brillancy\",\"isPartOf\":{\"@id\":\"https:\/\/brillancy.hu\/#website\"},\"primaryImageOfPage\":{\"@id\":\"https:\/\/brillancy.hu\/product\/violette-feherarany-eljegyzesi-gyuru\/#primaryimage\"},\"image\":{\"@id\":\"https:\/\/brillancy.hu\/product\/violette-feherarany-eljegyzesi-gyuru\/#primaryimage\"},\"thumbnailUrl\":\"https:\/\/brillancy.hu\/wp-content\/uploads\/2025\/01\/violette.png\",\"datePublished\":\"2025-01-31T17:32:00+00:00\",\"dateModified\":\"2025-10-17T09:56:15+00:00\",\"description\":\"Violette feh\u00e9rarany dr\u00e1gak\u00f6ves gy\u0171r\u0171 - Tervez\u0151 aj\u00e1nl\u00e1sa: Violette: K\u00e1pr\u00e1zatosan sz\u00e9p \u00e9s l\u00e1tv\u00e1nyos kialak\u00edt\u00e1s\u00fa 14 kar\u00e1tos ...\",\"breadcrumb\":{\"@id\":\"https:\/\/brillancy.hu\/product\/violette-feherarany-eljegyzesi-gyuru\/#breadcrumb\"},\"inLanguage\":\"en-GB\",\"potentialAction\":[{\"@type\":\"ReadAction\",\"target\":[\"https:\/\/brillancy.hu\/product\/violette-feherarany-eljegyzesi-gyuru\/\"]}]},{\"@type\":\"ImageObject\",\"inLanguage\":\"en-GB\",\"@id\":\"https:\/\/brillancy.hu\/product\/violette-feherarany-eljegyzesi-gyuru\/#primaryimage\",\"url\":\"https:\/\/brillancy.hu\/wp-content\/uploads\/2025\/01\/violette.png\",\"contentUrl\":\"https:\/\/brillancy.hu\/wp-content\/uploads\/2025\/01\/violette.png\",\"width\":1024,\"height\":1024,\"caption\":\"Violette feh\u00e9rarany dr\u00e1gak\u00f6ves gy\u0171r\u0171\"},{\"@type\":\"BreadcrumbList\",\"@id\":\"https:\/\/brillancy.hu\/product\/violette-feherarany-eljegyzesi-gyuru\/#breadcrumb\",\"itemListElement\":[{\"@type\":\"ListItem\",\"position\":1,\"name\":\"Home\",\"item\":\"https:\/\/brillancy.hu\/\"},{\"@type\":\"ListItem\",\"position\":2,\"name\":\"Term\u00e9kek\",\"item\":\"https:\/\/brillancy.hu\/termekek\/\"},{\"@type\":\"ListItem\",\"position\":3,\"name\":\"Violette feh\u00e9rarany dr\u00e1gak\u00f6ves gy\u0171r\u0171\"}]},{\"@type\":\"WebSite\",\"@id\":\"https:\/\/brillancy.hu\/#website\",\"url\":\"https:\/\/brillancy.hu\/\",\"name\":\"Brillancy\",\"description\":\"\",\"potentialAction\":[{\"@type\":\"SearchAction\",\"target\":{\"@type\":\"EntryPoint\",\"urlTemplate\":\"https:\/\/brillancy.hu\/?s={search_term_string}\"},\"query-input\":{\"@type\":\"PropertyValueSpecification\",\"valueRequired\":true,\"valueName\":\"search_term_string\"}}],\"inLanguage\":\"en-GB\"}]}<\/script>\n<!-- \/ Yoast SEO Premium plugin. -->","yoast_head_json":{"title":"Violette feh\u00e9rarany dr\u00e1gak\u00f6ves gy\u0171r\u0171 - Brillancy","description":"Violette feh\u00e9rarany dr\u00e1gak\u00f6ves gy\u0171r\u0171 - Tervez\u0151 aj\u00e1nl\u00e1sa: Violette: K\u00e1pr\u00e1zatosan sz\u00e9p \u00e9s l\u00e1tv\u00e1nyos kialak\u00edt\u00e1s\u00fa 14 kar\u00e1tos ...","robots":{"index":"index","follow":"follow","max-snippet":"max-snippet:-1","max-image-preview":"max-image-preview:large","max-video-preview":"max-video-preview:-1"},"canonical":"https:\/\/brillancy.hu\/en\/product\/violette-feherarany-eljegyzesi-gyuru\/","og_locale":"en_GB","og_type":"article","og_title":"Violette feh\u00e9rarany dr\u00e1gak\u00f6ves gy\u0171r\u0171","og_description":"Violette feh\u00e9rarany dr\u00e1gak\u00f6ves gy\u0171r\u0171 - Tervez\u0151 aj\u00e1nl\u00e1sa: Violette: K\u00e1pr\u00e1zatosan sz\u00e9p \u00e9s l\u00e1tv\u00e1nyos kialak\u00edt\u00e1s\u00fa 14 kar\u00e1tos ...","og_url":"https:\/\/brillancy.hu\/en\/product\/violette-feherarany-eljegyzesi-gyuru\/","og_site_name":"Brillancy","article_modified_time":"2025-10-17T09:56:15+00:00","og_image":[{"width":1024,"height":1024,"url":"https:\/\/brillancy.hu\/wp-content\/uploads\/2025\/01\/violette.png","type":"image\/png"}],"twitter_card":"summary_large_image","twitter_misc":{"Estimated reading time":"1 minute"},"schema":{"@context":"https:\/\/schema.org","@graph":[{"@type":"WebPage","@id":"https:\/\/brillancy.hu\/product\/violette-feherarany-eljegyzesi-gyuru\/","url":"https:\/\/brillancy.hu\/product\/violette-feherarany-eljegyzesi-gyuru\/","name":"Violette feh\u00e9rarany dr\u00e1gak\u00f6ves gy\u0171r\u0171 - Brillancy","isPartOf":{"@id":"https:\/\/brillancy.hu\/#website"},"primaryImageOfPage":{"@id":"https:\/\/brillancy.hu\/product\/violette-feherarany-eljegyzesi-gyuru\/#primaryimage"},"image":{"@id":"https:\/\/brillancy.hu\/product\/violette-feherarany-eljegyzesi-gyuru\/#primaryimage"},"thumbnailUrl":"https:\/\/brillancy.hu\/wp-content\/uploads\/2025\/01\/violette.png","datePublished":"2025-01-31T17:32:00+00:00","dateModified":"2025-10-17T09:56:15+00:00","description":"Violette feh\u00e9rarany dr\u00e1gak\u00f6ves gy\u0171r\u0171 - Tervez\u0151 aj\u00e1nl\u00e1sa: Violette: K\u00e1pr\u00e1zatosan sz\u00e9p \u00e9s l\u00e1tv\u00e1nyos kialak\u00edt\u00e1s\u00fa 14 kar\u00e1tos ...","breadcrumb":{"@id":"https:\/\/brillancy.hu\/product\/violette-feherarany-eljegyzesi-gyuru\/#breadcrumb"},"inLanguage":"en-GB","potentialAction":[{"@type":"ReadAction","target":["https:\/\/brillancy.hu\/product\/violette-feherarany-eljegyzesi-gyuru\/"]}]},{"@type":"ImageObject","inLanguage":"en-GB","@id":"https:\/\/brillancy.hu\/product\/violette-feherarany-eljegyzesi-gyuru\/#primaryimage","url":"https:\/\/brillancy.hu\/wp-content\/uploads\/2025\/01\/violette.png","contentUrl":"https:\/\/brillancy.hu\/wp-content\/uploads\/2025\/01\/violette.png","width":1024,"height":1024,"caption":"Violette feh\u00e9rarany dr\u00e1gak\u00f6ves gy\u0171r\u0171"},{"@type":"BreadcrumbList","@id":"https:\/\/brillancy.hu\/product\/violette-feherarany-eljegyzesi-gyuru\/#breadcrumb","itemListElement":[{"@type":"ListItem","position":1,"name":"Home","item":"https:\/\/brillancy.hu\/"},{"@type":"ListItem","position":2,"name":"Term\u00e9kek","item":"https:\/\/brillancy.hu\/termekek\/"},{"@type":"ListItem","position":3,"name":"Violette feh\u00e9rarany dr\u00e1gak\u00f6ves gy\u0171r\u0171"}]},{"@type":"WebSite","@id":"https:\/\/brillancy.hu\/#website","url":"https:\/\/brillancy.hu\/","name":"Brillancy","description":"","potentialAction":[{"@type":"SearchAction","target":{"@type":"EntryPoint","urlTemplate":"https:\/\/brillancy.hu\/?s={search_term_string}"},"query-input":{"@type":"PropertyValueSpecification","valueRequired":true,"valueName":"search_term_string"}}],"inLanguage":"en-GB"}]}},"_links":{"self":[{"href":"https:\/\/brillancy.hu\/en\/wp-json\/wp\/v2\/product\/7556","targetHints":{"allow":["GET"]}}],"collection":[{"href":"https:\/\/brillancy.hu\/en\/wp-json\/wp\/v2\/product"}],"about":[{"href":"https:\/\/brillancy.hu\/en\/wp-json\/wp\/v2\/types\/product"}],"replies":[{"embeddable":true,"href":"https:\/\/brillancy.hu\/en\/wp-json\/wp\/v2\/comments?post=7556"}],"wp:featuredmedia":[{"embeddable":true,"href":"https:\/\/brillancy.hu\/en\/wp-json\/wp\/v2\/media\/11618"}],"wp:attachment":[{"href":"https:\/\/brillancy.hu\/en\/wp-json\/wp\/v2\/media?parent=7556"}],"wp:term":[{"taxonomy":"product_brand","embeddable":true,"href":"https:\/\/brillancy.hu\/en\/wp-json\/wp\/v2\/product_brand?post=7556"},{"taxonomy":"product_cat","embeddable":true,"href":"https:\/\/brillancy.hu\/en\/wp-json\/wp\/v2\/product_cat?post=7556"},{"taxonomy":"product_tag","embeddable":true,"href":"https:\/\/brillancy.hu\/en\/wp-json\/wp\/v2\/product_tag?post=7556"}],"curies":[{"name":"wp","href":"https:\/\/api.w.org\/{rel}","templated":true}]}}