{"id":7516,"date":"2025-01-31T18:31:39","date_gmt":"2025-01-31T17:31:39","guid":{"rendered":"https:\/\/brillancy.hu\/?post_type=product&#038;p=7516"},"modified":"2025-10-17T10:56:15","modified_gmt":"2025-10-17T09:56:15","slug":"alasie-arany-eljegyzesi-gyuru","status":"publish","type":"product","link":"https:\/\/brillancy.hu\/en\/product\/alasie-arany-eljegyzesi-gyuru\/","title":{"rendered":"Alasie arany dr\u00e1gak\u00f6ves gy\u0171r\u0171"},"content":{"rendered":"<p><strong>Alasie arany dr\u00e1gak\u00f6ves gy\u0171r\u0171<\/strong><\/p>\n<p>A v\u00e9gtelen. Mind a tudom\u00e1ny mind a m\u0171v\u00e9szet t\u00f6bb ezer \u00e9ve igyekszik le\u00edrni \u00e9s meg\u00e9rteni mit jelent val\u00f3j\u00e1ban. Ez a gy\u0171r\u0171 a szeretet hat\u00e1rtalans\u00e1g\u00e1t \u00e9s \u00f6r\u00f6kk\u00e9val\u00f3s\u00e1g\u00e1t h\u00edvatott jelk\u00e9pezni. A v\u00e9gtelen szimb\u00f3lum <strong>egy csepp form\u00e1j\u00fa<\/strong> <strong>white diamond and a blue sapphire<\/strong> \u00f6lel k\u00f6rbe, melyeknek t\u00f6mege egyenk\u00e9nt\u00a0<strong>0,09 ct<\/strong>. A gy\u0171r\u0171 s\u00ednje letisztult egyszer\u0171s\u00e9ggel \u00e9s egys\u00e9ges sz\u00e9less\u00e9ggel fut k\u00f6rbe az ujj k\u00f6r\u00fcl, \u00edgy m\u00e9lt\u00f3n kiemeli a ragyog\u00f3 dr\u00e1gak\u00f6veket. Ez az igaz\u00e1n <strong>k\u00fcl\u00f6nleges arany dr\u00e1gak\u00f6ves gy\u0171r\u0171<\/strong> azoknak t\u00f6k\u00e9letes v\u00e1laszt\u00e1s, akik szeretn\u00e9k, hogy a sz\u00e9ps\u00e9gen t\u00fal egy fontos \u00fczenetet is hordozzon az \u00e9kszer.<\/p>\n<ul>\n<li><strong>Material:<\/strong>\u00a0gold<\/li>\n<li><strong>Fineness:<\/strong> 585 thousandth, 14 carat<\/li>\n<li><strong>Gemstone:<\/strong> csepp csiszol\u00e1s\u00fa gy\u00e9m\u00e1nt \u00e9s zaf\u00edr<\/li>\n<\/ul>\n<p><strong>Eternal life guarantee:<\/strong>\u00a0the jewelry structure of the material errors and gems<\/p>\n<p><strong>Free renewal:<\/strong>\u00a0We take your engagement ring free scratch-free sales of and purification of five times (once a year) the purchase within five years.<\/p>\n<p><strong>Free size adjustment:\u00a0<\/strong>If you haven&#039;t found the correct size, we will take the ring free size adjustments.<\/p>\n<p><strong>Gift box:\u00a0<\/strong>The ring is a gift in the box set, and several kinds of colors You can pick out!<\/p>\n<p><strong>Pay scrap gold<\/strong>\u00a0Damaged, old, or never used gold hiding at home in the cupboards? Bring it in to us and high count For the selected engagement ring price.<\/p>\n<p><strong>Tetszik az Alasie arany dr\u00e1gak\u00f6ves gy\u0171r\u0171, de m\u00e1s m\u00e9ret\u0171<\/strong><strong>maybe a different color gems did you imagine it? It&#039;s not a problem. We like to give an offer to the expected ideas. Find us confidence on the phone +36 30 539 1179 number, or the\u00a0<\/strong><a href=\"mailto:info@brillancy.hu\"><strong>info@brillancy.hu<\/strong><\/a><strong>\u00a0e-mail address.<\/strong><\/p>","protected":false},"excerpt":{"rendered":"<p>14 kar\u00e1tos aranyb\u00f3l k\u00e9sz\u00fclt dr\u00e1gak\u00f6ves gy\u0171r\u0171 feh\u00e9r gy\u00e9m\u00e1nttal \u00e9s k\u00e9k zaf\u00edrral<\/p>","protected":false},"featured_media":11069,"comment_status":"closed","ping_status":"closed","template":"","meta":[],"product_brand":[],"product_cat":[29,124,21,17,39,34,42],"product_tag":[],"class_list":{"0":"post-7516","1":"product","2":"type-product","3":"status-publish","4":"has-post-thumbnail","6":"product_cat-csepp","7":"product_cat-dragakoves-gyuruk","8":"product_cat-ekszerek","9":"product_cat-eljegyzesi-gyuruk","10":"product_cat-gyemant","11":"product_cat-kreativ","12":"product_cat-zafir","14":"first","15":"instock","16":"purchasable","17":"product-type-simple"},"yoast_head":"<!-- This site is optimized with the Yoast SEO Premium plugin v27.0 (Yoast SEO v27.4) - https:\/\/yoast.com\/product\/yoast-seo-premium-wordpress\/ -->\n<title>Alasie arany dr\u00e1gak\u00f6ves gy\u0171r\u0171 - Brillancy<\/title>\n<meta name=\"description\" content=\"Alasie arany dr\u00e1gak\u00f6ves gy\u0171r\u0171: A v\u00e9gtelen szimb\u00f3lum egy csepp form\u00e1j\u00fa feh\u00e9r gy\u00e9m\u00e1ntot \u00e9s egy k\u00e9k zaf\u00edrt \u00f6lel k\u00f6rbe, melyeknek t\u00f6mege egyenk\u00e9nt\u00a00,09 ct.\" \/>\n<meta name=\"robots\" content=\"index, follow, max-snippet:-1, max-image-preview:large, max-video-preview:-1\" \/>\n<link rel=\"canonical\" href=\"https:\/\/brillancy.hu\/en\/product\/alasie-arany-eljegyzesi-gyuru\/\" \/>\n<meta property=\"og:locale\" content=\"en_GB\" \/>\n<meta property=\"og:type\" content=\"article\" \/>\n<meta property=\"og:title\" content=\"Alasie arany dr\u00e1gak\u00f6ves gy\u0171r\u0171\" \/>\n<meta property=\"og:description\" content=\"Alasie arany dr\u00e1gak\u00f6ves gy\u0171r\u0171: A v\u00e9gtelen szimb\u00f3lum egy csepp form\u00e1j\u00fa feh\u00e9r gy\u00e9m\u00e1ntot \u00e9s egy k\u00e9k zaf\u00edrt \u00f6lel k\u00f6rbe, melyeknek t\u00f6mege egyenk\u00e9nt\u00a00,09 ct.\" \/>\n<meta property=\"og:url\" content=\"https:\/\/brillancy.hu\/en\/product\/alasie-arany-eljegyzesi-gyuru\/\" \/>\n<meta property=\"og:site_name\" content=\"Brillancy\" \/>\n<meta property=\"article:modified_time\" content=\"2025-10-17T09:56:15+00:00\" \/>\n<meta property=\"og:image\" content=\"https:\/\/brillancy.hu\/wp-content\/uploads\/2025\/06\/20250612_1936_Realistic-Gemstone-Ring_remix_01jxjkb61sfj39fvhwdzgz2mj6-683x1024.png\" \/>\n\t<meta property=\"og:image:width\" content=\"683\" \/>\n\t<meta property=\"og:image:height\" content=\"1024\" \/>\n\t<meta property=\"og:image:type\" content=\"image\/png\" \/>\n<meta name=\"twitter:card\" content=\"summary_large_image\" \/>\n<meta name=\"twitter:label1\" content=\"Estimated reading time\" \/>\n\t<meta name=\"twitter:data1\" content=\"2 minutes\" \/>\n<script type=\"application\/ld+json\" class=\"yoast-schema-graph\">{\"@context\":\"https:\\\/\\\/schema.org\",\"@graph\":[{\"@type\":\"WebPage\",\"@id\":\"https:\\\/\\\/brillancy.hu\\\/product\\\/alasie-arany-eljegyzesi-gyuru\\\/\",\"url\":\"https:\\\/\\\/brillancy.hu\\\/product\\\/alasie-arany-eljegyzesi-gyuru\\\/\",\"name\":\"Alasie arany dr\u00e1gak\u00f6ves gy\u0171r\u0171 - Brillancy\",\"isPartOf\":{\"@id\":\"https:\\\/\\\/brillancy.hu\\\/#website\"},\"primaryImageOfPage\":{\"@id\":\"https:\\\/\\\/brillancy.hu\\\/product\\\/alasie-arany-eljegyzesi-gyuru\\\/#primaryimage\"},\"image\":{\"@id\":\"https:\\\/\\\/brillancy.hu\\\/product\\\/alasie-arany-eljegyzesi-gyuru\\\/#primaryimage\"},\"thumbnailUrl\":\"https:\\\/\\\/brillancy.hu\\\/wp-content\\\/uploads\\\/2025\\\/06\\\/20250612_1936_Realistic-Gemstone-Ring_remix_01jxjkb61sfj39fvhwdzgz2mj6.png\",\"datePublished\":\"2025-01-31T17:31:39+00:00\",\"dateModified\":\"2025-10-17T09:56:15+00:00\",\"description\":\"Alasie arany dr\u00e1gak\u00f6ves gy\u0171r\u0171: A v\u00e9gtelen szimb\u00f3lum egy csepp form\u00e1j\u00fa feh\u00e9r gy\u00e9m\u00e1ntot \u00e9s egy k\u00e9k zaf\u00edrt \u00f6lel k\u00f6rbe, melyeknek t\u00f6mege egyenk\u00e9nt\u00a00,09 ct.\",\"breadcrumb\":{\"@id\":\"https:\\\/\\\/brillancy.hu\\\/product\\\/alasie-arany-eljegyzesi-gyuru\\\/#breadcrumb\"},\"inLanguage\":\"en-GB\",\"potentialAction\":[{\"@type\":\"ReadAction\",\"target\":[\"https:\\\/\\\/brillancy.hu\\\/product\\\/alasie-arany-eljegyzesi-gyuru\\\/\"]}]},{\"@type\":\"ImageObject\",\"inLanguage\":\"en-GB\",\"@id\":\"https:\\\/\\\/brillancy.hu\\\/product\\\/alasie-arany-eljegyzesi-gyuru\\\/#primaryimage\",\"url\":\"https:\\\/\\\/brillancy.hu\\\/wp-content\\\/uploads\\\/2025\\\/06\\\/20250612_1936_Realistic-Gemstone-Ring_remix_01jxjkb61sfj39fvhwdzgz2mj6.png\",\"contentUrl\":\"https:\\\/\\\/brillancy.hu\\\/wp-content\\\/uploads\\\/2025\\\/06\\\/20250612_1936_Realistic-Gemstone-Ring_remix_01jxjkb61sfj39fvhwdzgz2mj6.png\",\"width\":1024,\"height\":1536,\"caption\":\"Alasie feh\u00e9rarany dr\u00e1gak\u00f6ves gy\u0171r\u0171\"},{\"@type\":\"BreadcrumbList\",\"@id\":\"https:\\\/\\\/brillancy.hu\\\/product\\\/alasie-arany-eljegyzesi-gyuru\\\/#breadcrumb\",\"itemListElement\":[{\"@type\":\"ListItem\",\"position\":1,\"name\":\"Home\",\"item\":\"https:\\\/\\\/brillancy.hu\\\/\"},{\"@type\":\"ListItem\",\"position\":2,\"name\":\"Term\u00e9kek\",\"item\":\"https:\\\/\\\/brillancy.hu\\\/termekek\\\/\"},{\"@type\":\"ListItem\",\"position\":3,\"name\":\"Alasie arany dr\u00e1gak\u00f6ves gy\u0171r\u0171\"}]},{\"@type\":\"WebSite\",\"@id\":\"https:\\\/\\\/brillancy.hu\\\/#website\",\"url\":\"https:\\\/\\\/brillancy.hu\\\/\",\"name\":\"Brillancy\",\"description\":\"\",\"potentialAction\":[{\"@type\":\"SearchAction\",\"target\":{\"@type\":\"EntryPoint\",\"urlTemplate\":\"https:\\\/\\\/brillancy.hu\\\/?s={search_term_string}\"},\"query-input\":{\"@type\":\"PropertyValueSpecification\",\"valueRequired\":true,\"valueName\":\"search_term_string\"}}],\"inLanguage\":\"en-GB\"}]}<\/script>\n<!-- \/ Yoast SEO Premium plugin. -->","yoast_head_json":{"title":"Alasie arany dr\u00e1gak\u00f6ves gy\u0171r\u0171 - Brillancy","description":"Alasie arany dr\u00e1gak\u00f6ves gy\u0171r\u0171: A v\u00e9gtelen szimb\u00f3lum egy csepp form\u00e1j\u00fa feh\u00e9r gy\u00e9m\u00e1ntot \u00e9s egy k\u00e9k zaf\u00edrt \u00f6lel k\u00f6rbe, melyeknek t\u00f6mege egyenk\u00e9nt\u00a00,09 ct.","robots":{"index":"index","follow":"follow","max-snippet":"max-snippet:-1","max-image-preview":"max-image-preview:large","max-video-preview":"max-video-preview:-1"},"canonical":"https:\/\/brillancy.hu\/en\/product\/alasie-arany-eljegyzesi-gyuru\/","og_locale":"en_GB","og_type":"article","og_title":"Alasie arany dr\u00e1gak\u00f6ves gy\u0171r\u0171","og_description":"Alasie arany dr\u00e1gak\u00f6ves gy\u0171r\u0171: A v\u00e9gtelen szimb\u00f3lum egy csepp form\u00e1j\u00fa feh\u00e9r gy\u00e9m\u00e1ntot \u00e9s egy k\u00e9k zaf\u00edrt \u00f6lel k\u00f6rbe, melyeknek t\u00f6mege egyenk\u00e9nt\u00a00,09 ct.","og_url":"https:\/\/brillancy.hu\/en\/product\/alasie-arany-eljegyzesi-gyuru\/","og_site_name":"Brillancy","article_modified_time":"2025-10-17T09:56:15+00:00","og_image":[{"width":683,"height":1024,"url":"https:\/\/brillancy.hu\/wp-content\/uploads\/2025\/06\/20250612_1936_Realistic-Gemstone-Ring_remix_01jxjkb61sfj39fvhwdzgz2mj6-683x1024.png","type":"image\/png"}],"twitter_card":"summary_large_image","twitter_misc":{"Estimated reading time":"2 minutes"},"schema":{"@context":"https:\/\/schema.org","@graph":[{"@type":"WebPage","@id":"https:\/\/brillancy.hu\/product\/alasie-arany-eljegyzesi-gyuru\/","url":"https:\/\/brillancy.hu\/product\/alasie-arany-eljegyzesi-gyuru\/","name":"Alasie arany dr\u00e1gak\u00f6ves gy\u0171r\u0171 - Brillancy","isPartOf":{"@id":"https:\/\/brillancy.hu\/#website"},"primaryImageOfPage":{"@id":"https:\/\/brillancy.hu\/product\/alasie-arany-eljegyzesi-gyuru\/#primaryimage"},"image":{"@id":"https:\/\/brillancy.hu\/product\/alasie-arany-eljegyzesi-gyuru\/#primaryimage"},"thumbnailUrl":"https:\/\/brillancy.hu\/wp-content\/uploads\/2025\/06\/20250612_1936_Realistic-Gemstone-Ring_remix_01jxjkb61sfj39fvhwdzgz2mj6.png","datePublished":"2025-01-31T17:31:39+00:00","dateModified":"2025-10-17T09:56:15+00:00","description":"Alasie arany dr\u00e1gak\u00f6ves gy\u0171r\u0171: A v\u00e9gtelen szimb\u00f3lum egy csepp form\u00e1j\u00fa feh\u00e9r gy\u00e9m\u00e1ntot \u00e9s egy k\u00e9k zaf\u00edrt \u00f6lel k\u00f6rbe, melyeknek t\u00f6mege egyenk\u00e9nt\u00a00,09 ct.","breadcrumb":{"@id":"https:\/\/brillancy.hu\/product\/alasie-arany-eljegyzesi-gyuru\/#breadcrumb"},"inLanguage":"en-GB","potentialAction":[{"@type":"ReadAction","target":["https:\/\/brillancy.hu\/product\/alasie-arany-eljegyzesi-gyuru\/"]}]},{"@type":"ImageObject","inLanguage":"en-GB","@id":"https:\/\/brillancy.hu\/product\/alasie-arany-eljegyzesi-gyuru\/#primaryimage","url":"https:\/\/brillancy.hu\/wp-content\/uploads\/2025\/06\/20250612_1936_Realistic-Gemstone-Ring_remix_01jxjkb61sfj39fvhwdzgz2mj6.png","contentUrl":"https:\/\/brillancy.hu\/wp-content\/uploads\/2025\/06\/20250612_1936_Realistic-Gemstone-Ring_remix_01jxjkb61sfj39fvhwdzgz2mj6.png","width":1024,"height":1536,"caption":"Alasie feh\u00e9rarany dr\u00e1gak\u00f6ves gy\u0171r\u0171"},{"@type":"BreadcrumbList","@id":"https:\/\/brillancy.hu\/product\/alasie-arany-eljegyzesi-gyuru\/#breadcrumb","itemListElement":[{"@type":"ListItem","position":1,"name":"Home","item":"https:\/\/brillancy.hu\/"},{"@type":"ListItem","position":2,"name":"Term\u00e9kek","item":"https:\/\/brillancy.hu\/termekek\/"},{"@type":"ListItem","position":3,"name":"Alasie arany dr\u00e1gak\u00f6ves gy\u0171r\u0171"}]},{"@type":"WebSite","@id":"https:\/\/brillancy.hu\/#website","url":"https:\/\/brillancy.hu\/","name":"Brillancy","description":"","potentialAction":[{"@type":"SearchAction","target":{"@type":"EntryPoint","urlTemplate":"https:\/\/brillancy.hu\/?s={search_term_string}"},"query-input":{"@type":"PropertyValueSpecification","valueRequired":true,"valueName":"search_term_string"}}],"inLanguage":"en-GB"}]}},"_links":{"self":[{"href":"https:\/\/brillancy.hu\/en\/wp-json\/wp\/v2\/product\/7516","targetHints":{"allow":["GET"]}}],"collection":[{"href":"https:\/\/brillancy.hu\/en\/wp-json\/wp\/v2\/product"}],"about":[{"href":"https:\/\/brillancy.hu\/en\/wp-json\/wp\/v2\/types\/product"}],"replies":[{"embeddable":true,"href":"https:\/\/brillancy.hu\/en\/wp-json\/wp\/v2\/comments?post=7516"}],"wp:featuredmedia":[{"embeddable":true,"href":"https:\/\/brillancy.hu\/en\/wp-json\/wp\/v2\/media\/11069"}],"wp:attachment":[{"href":"https:\/\/brillancy.hu\/en\/wp-json\/wp\/v2\/media?parent=7516"}],"wp:term":[{"taxonomy":"product_brand","embeddable":true,"href":"https:\/\/brillancy.hu\/en\/wp-json\/wp\/v2\/product_brand?post=7516"},{"taxonomy":"product_cat","embeddable":true,"href":"https:\/\/brillancy.hu\/en\/wp-json\/wp\/v2\/product_cat?post=7516"},{"taxonomy":"product_tag","embeddable":true,"href":"https:\/\/brillancy.hu\/en\/wp-json\/wp\/v2\/product_tag?post=7516"}],"curies":[{"name":"wp","href":"https:\/\/api.w.org\/{rel}","templated":true}]}}