{"id":7514,"date":"2025-01-31T18:31:39","date_gmt":"2025-01-31T17:31:39","guid":{"rendered":"https:\/\/brillancy.hu\/?post_type=product&#038;p=7514"},"modified":"2025-10-17T10:56:15","modified_gmt":"2025-10-17T09:56:15","slug":"lyon-feherarany-eljegyzesi-gyuru","status":"publish","type":"product","link":"https:\/\/brillancy.hu\/en\/product\/lyon-feherarany-eljegyzesi-gyuru\/","title":{"rendered":"Lyon white gold engagement ring"},"content":{"rendered":"<p>Lyon white gold engagement ring<\/p>\n<p>Gorgeous beautiful <strong>14 karat white gold<\/strong>\u00a0 gy\u0171r\u0171 \u00f6sszesen <b>18<\/b>\u00a0dazzling beauty<strong> diamond<\/strong>.<\/p>\n<p>Ak\u00e1r karikagy\u0171r\u0171k\u00e9nt hordod, ak\u00e1r aj\u00e1nd\u00e9kba adn\u00e1d, t\u00f6k\u00e9letes v\u00e1laszt\u00e1s ez a t\u00fcnd\u00f6kl\u0151 \u00e9kszer.<\/p>\n<p>Felv\u00e1ltva sorakozik <strong>9-9 piece of blue and white diamonds<\/strong>, <strong>princess cut 3 x 3 mm<\/strong> one by one <strong>0,17 ct of white diamonds<\/strong> and <strong>brilliant cut 2,2 x 2,2 mm<\/strong> one by one <strong>0,04 ct<\/strong> weight<strong> blue diamond. The circumferential diamonds band of brilliance dazzling, unforgettable gift this exceptionally beautiful white gold engagement ring.<\/strong><\/p>\n<ul>\n<li><strong>Material: <\/strong>gold<\/li>\n<li><strong>Fineness:<\/strong> 585 thousandth, 14 carat<\/li>\n<li><strong>Gemstone: <\/strong>brilliant and princess cut diamonds<\/li>\n<li><strong>Gemstones weighing a total of: <\/strong>1,89 ct<\/li>\n<\/ul>\n<p>Gemstone: natural diamonds<br \/>\nEternal life guarantee: material errors and gems<br \/>\nHow you can save? If you have time you arrive showroom, a 5% discount on the order jewelry price.<br \/>\nPay broken with gold! Damaged, old, or never used gold hiding at home in the cupboards? Bring it in to us and get a discount, trade-in you, the selected ring price.<br \/>\nLike the jewelry, but other gems did you imagine it? It&#039;s not a problem. We like to give you an offer to the expected ideas. Find us with confidence!<\/p>","protected":false},"excerpt":{"rendered":"<p>Lyon feh\u00e9rarany eljegyz\u00e9si gy\u0171r\u0171 &#8211; Lehengerl\u0151en gy\u00f6ny\u00f6r\u0171 <strong>14 karat white gold<\/strong> gy\u0171r\u0171 \u00f6sszesen <b>18<\/b>\u00a0dazzling beauty<strong> diamond<\/strong>. Ak\u00e1r karikagy\u0171r\u0171k\u00e9nt hordod, ak\u00e1r aj\u00e1nd\u00e9kba adn\u00e1d, t\u00f6k\u00e9letes v\u00e1laszt\u00e1s ez a t\u00fcnd\u00f6kl\u0151 \u00e9kszer.<\/p>","protected":false},"featured_media":11638,"comment_status":"closed","ping_status":"closed","template":"","meta":[],"product_brand":[],"product_cat":[19,124,21,56],"product_tag":[],"class_list":{"0":"post-7514","1":"product","2":"type-product","3":"status-publish","4":"has-post-thumbnail","6":"product_cat-design-ekszerek","7":"product_cat-dragakoves-gyuruk","8":"product_cat-ekszerek","9":"product_cat-rustic-design","11":"first","12":"instock","13":"purchasable","14":"product-type-simple"},"yoast_head":"<!-- This site is optimized with the Yoast SEO Premium plugin v27.0 (Yoast SEO v27.0) - https:\/\/yoast.com\/product\/yoast-seo-premium-wordpress\/ -->\n<title>Lyon feh\u00e9rarany eljegyz\u00e9si gy\u0171r\u0171 - Brillancy<\/title>\n<meta name=\"description\" content=\"Lyon feh\u00e9rarany eljegyz\u00e9si gy\u0171r\u0171 -Ak\u00e1r karikagy\u0171r\u0171k\u00e9nt hordod, ak\u00e1r aj\u00e1nd\u00e9kba adn\u00e1d, t\u00f6k\u00e9letes v\u00e1laszt\u00e1s ez a t\u00fcnd\u00f6kl\u0151 \u00e9kszer.\" \/>\n<meta name=\"robots\" content=\"index, follow, max-snippet:-1, max-image-preview:large, max-video-preview:-1\" \/>\n<link rel=\"canonical\" href=\"https:\/\/brillancy.hu\/en\/product\/lyon-feherarany-eljegyzesi-gyuru\/\" \/>\n<meta property=\"og:locale\" content=\"en_GB\" \/>\n<meta property=\"og:type\" content=\"article\" \/>\n<meta property=\"og:title\" content=\"Lyon feh\u00e9rarany eljegyz\u00e9si gy\u0171r\u0171\" \/>\n<meta property=\"og:description\" content=\"Lyon feh\u00e9rarany eljegyz\u00e9si gy\u0171r\u0171 -Ak\u00e1r karikagy\u0171r\u0171k\u00e9nt hordod, ak\u00e1r aj\u00e1nd\u00e9kba adn\u00e1d, t\u00f6k\u00e9letes v\u00e1laszt\u00e1s ez a t\u00fcnd\u00f6kl\u0151 \u00e9kszer.\" \/>\n<meta property=\"og:url\" content=\"https:\/\/brillancy.hu\/en\/product\/lyon-feherarany-eljegyzesi-gyuru\/\" \/>\n<meta property=\"og:site_name\" content=\"Brillancy\" \/>\n<meta property=\"article:modified_time\" content=\"2025-10-17T09:56:15+00:00\" \/>\n<meta property=\"og:image\" content=\"https:\/\/brillancy.hu\/wp-content\/uploads\/2025\/01\/lyon.png\" \/>\n\t<meta property=\"og:image:width\" content=\"1024\" \/>\n\t<meta property=\"og:image:height\" content=\"1024\" \/>\n\t<meta property=\"og:image:type\" content=\"image\/png\" \/>\n<meta name=\"twitter:card\" content=\"summary_large_image\" \/>\n<meta name=\"twitter:label1\" content=\"Estimated reading time\" \/>\n\t<meta name=\"twitter:data1\" content=\"2 minutes\" \/>\n<script type=\"application\/ld+json\" class=\"yoast-schema-graph\">{\"@context\":\"https:\/\/schema.org\",\"@graph\":[{\"@type\":\"WebPage\",\"@id\":\"https:\/\/brillancy.hu\/product\/lyon-feherarany-eljegyzesi-gyuru\/\",\"url\":\"https:\/\/brillancy.hu\/product\/lyon-feherarany-eljegyzesi-gyuru\/\",\"name\":\"Lyon feh\u00e9rarany eljegyz\u00e9si gy\u0171r\u0171 - Brillancy\",\"isPartOf\":{\"@id\":\"https:\/\/brillancy.hu\/#website\"},\"primaryImageOfPage\":{\"@id\":\"https:\/\/brillancy.hu\/product\/lyon-feherarany-eljegyzesi-gyuru\/#primaryimage\"},\"image\":{\"@id\":\"https:\/\/brillancy.hu\/product\/lyon-feherarany-eljegyzesi-gyuru\/#primaryimage\"},\"thumbnailUrl\":\"https:\/\/brillancy.hu\/wp-content\/uploads\/2025\/01\/lyon.png\",\"datePublished\":\"2025-01-31T17:31:39+00:00\",\"dateModified\":\"2025-10-17T09:56:15+00:00\",\"description\":\"Lyon feh\u00e9rarany eljegyz\u00e9si gy\u0171r\u0171 -Ak\u00e1r karikagy\u0171r\u0171k\u00e9nt hordod, ak\u00e1r aj\u00e1nd\u00e9kba adn\u00e1d, t\u00f6k\u00e9letes v\u00e1laszt\u00e1s ez a t\u00fcnd\u00f6kl\u0151 \u00e9kszer.\",\"breadcrumb\":{\"@id\":\"https:\/\/brillancy.hu\/product\/lyon-feherarany-eljegyzesi-gyuru\/#breadcrumb\"},\"inLanguage\":\"en-GB\",\"potentialAction\":[{\"@type\":\"ReadAction\",\"target\":[\"https:\/\/brillancy.hu\/product\/lyon-feherarany-eljegyzesi-gyuru\/\"]}]},{\"@type\":\"ImageObject\",\"inLanguage\":\"en-GB\",\"@id\":\"https:\/\/brillancy.hu\/product\/lyon-feherarany-eljegyzesi-gyuru\/#primaryimage\",\"url\":\"https:\/\/brillancy.hu\/wp-content\/uploads\/2025\/01\/lyon.png\",\"contentUrl\":\"https:\/\/brillancy.hu\/wp-content\/uploads\/2025\/01\/lyon.png\",\"width\":1024,\"height\":1024,\"caption\":\"Lyon feh\u00e9rarany eljegyz\u00e9si gy\u0171r\u0171\"},{\"@type\":\"BreadcrumbList\",\"@id\":\"https:\/\/brillancy.hu\/product\/lyon-feherarany-eljegyzesi-gyuru\/#breadcrumb\",\"itemListElement\":[{\"@type\":\"ListItem\",\"position\":1,\"name\":\"Home\",\"item\":\"https:\/\/brillancy.hu\/\"},{\"@type\":\"ListItem\",\"position\":2,\"name\":\"Term\u00e9kek\",\"item\":\"https:\/\/brillancy.hu\/termekek\/\"},{\"@type\":\"ListItem\",\"position\":3,\"name\":\"Lyon feh\u00e9rarany eljegyz\u00e9si gy\u0171r\u0171\"}]},{\"@type\":\"WebSite\",\"@id\":\"https:\/\/brillancy.hu\/#website\",\"url\":\"https:\/\/brillancy.hu\/\",\"name\":\"Brillancy\",\"description\":\"\",\"potentialAction\":[{\"@type\":\"SearchAction\",\"target\":{\"@type\":\"EntryPoint\",\"urlTemplate\":\"https:\/\/brillancy.hu\/?s={search_term_string}\"},\"query-input\":{\"@type\":\"PropertyValueSpecification\",\"valueRequired\":true,\"valueName\":\"search_term_string\"}}],\"inLanguage\":\"en-GB\"}]}<\/script>\n<!-- \/ Yoast SEO Premium plugin. -->","yoast_head_json":{"title":"Lyon feh\u00e9rarany eljegyz\u00e9si gy\u0171r\u0171 - Brillancy","description":"Lyon feh\u00e9rarany eljegyz\u00e9si gy\u0171r\u0171 -Ak\u00e1r karikagy\u0171r\u0171k\u00e9nt hordod, ak\u00e1r aj\u00e1nd\u00e9kba adn\u00e1d, t\u00f6k\u00e9letes v\u00e1laszt\u00e1s ez a t\u00fcnd\u00f6kl\u0151 \u00e9kszer.","robots":{"index":"index","follow":"follow","max-snippet":"max-snippet:-1","max-image-preview":"max-image-preview:large","max-video-preview":"max-video-preview:-1"},"canonical":"https:\/\/brillancy.hu\/en\/product\/lyon-feherarany-eljegyzesi-gyuru\/","og_locale":"en_GB","og_type":"article","og_title":"Lyon feh\u00e9rarany eljegyz\u00e9si gy\u0171r\u0171","og_description":"Lyon feh\u00e9rarany eljegyz\u00e9si gy\u0171r\u0171 -Ak\u00e1r karikagy\u0171r\u0171k\u00e9nt hordod, ak\u00e1r aj\u00e1nd\u00e9kba adn\u00e1d, t\u00f6k\u00e9letes v\u00e1laszt\u00e1s ez a t\u00fcnd\u00f6kl\u0151 \u00e9kszer.","og_url":"https:\/\/brillancy.hu\/en\/product\/lyon-feherarany-eljegyzesi-gyuru\/","og_site_name":"Brillancy","article_modified_time":"2025-10-17T09:56:15+00:00","og_image":[{"width":1024,"height":1024,"url":"https:\/\/brillancy.hu\/wp-content\/uploads\/2025\/01\/lyon.png","type":"image\/png"}],"twitter_card":"summary_large_image","twitter_misc":{"Estimated reading time":"2 minutes"},"schema":{"@context":"https:\/\/schema.org","@graph":[{"@type":"WebPage","@id":"https:\/\/brillancy.hu\/product\/lyon-feherarany-eljegyzesi-gyuru\/","url":"https:\/\/brillancy.hu\/product\/lyon-feherarany-eljegyzesi-gyuru\/","name":"Lyon feh\u00e9rarany eljegyz\u00e9si gy\u0171r\u0171 - Brillancy","isPartOf":{"@id":"https:\/\/brillancy.hu\/#website"},"primaryImageOfPage":{"@id":"https:\/\/brillancy.hu\/product\/lyon-feherarany-eljegyzesi-gyuru\/#primaryimage"},"image":{"@id":"https:\/\/brillancy.hu\/product\/lyon-feherarany-eljegyzesi-gyuru\/#primaryimage"},"thumbnailUrl":"https:\/\/brillancy.hu\/wp-content\/uploads\/2025\/01\/lyon.png","datePublished":"2025-01-31T17:31:39+00:00","dateModified":"2025-10-17T09:56:15+00:00","description":"Lyon feh\u00e9rarany eljegyz\u00e9si gy\u0171r\u0171 -Ak\u00e1r karikagy\u0171r\u0171k\u00e9nt hordod, ak\u00e1r aj\u00e1nd\u00e9kba adn\u00e1d, t\u00f6k\u00e9letes v\u00e1laszt\u00e1s ez a t\u00fcnd\u00f6kl\u0151 \u00e9kszer.","breadcrumb":{"@id":"https:\/\/brillancy.hu\/product\/lyon-feherarany-eljegyzesi-gyuru\/#breadcrumb"},"inLanguage":"en-GB","potentialAction":[{"@type":"ReadAction","target":["https:\/\/brillancy.hu\/product\/lyon-feherarany-eljegyzesi-gyuru\/"]}]},{"@type":"ImageObject","inLanguage":"en-GB","@id":"https:\/\/brillancy.hu\/product\/lyon-feherarany-eljegyzesi-gyuru\/#primaryimage","url":"https:\/\/brillancy.hu\/wp-content\/uploads\/2025\/01\/lyon.png","contentUrl":"https:\/\/brillancy.hu\/wp-content\/uploads\/2025\/01\/lyon.png","width":1024,"height":1024,"caption":"Lyon feh\u00e9rarany eljegyz\u00e9si gy\u0171r\u0171"},{"@type":"BreadcrumbList","@id":"https:\/\/brillancy.hu\/product\/lyon-feherarany-eljegyzesi-gyuru\/#breadcrumb","itemListElement":[{"@type":"ListItem","position":1,"name":"Home","item":"https:\/\/brillancy.hu\/"},{"@type":"ListItem","position":2,"name":"Term\u00e9kek","item":"https:\/\/brillancy.hu\/termekek\/"},{"@type":"ListItem","position":3,"name":"Lyon feh\u00e9rarany eljegyz\u00e9si gy\u0171r\u0171"}]},{"@type":"WebSite","@id":"https:\/\/brillancy.hu\/#website","url":"https:\/\/brillancy.hu\/","name":"Brillancy","description":"","potentialAction":[{"@type":"SearchAction","target":{"@type":"EntryPoint","urlTemplate":"https:\/\/brillancy.hu\/?s={search_term_string}"},"query-input":{"@type":"PropertyValueSpecification","valueRequired":true,"valueName":"search_term_string"}}],"inLanguage":"en-GB"}]}},"_links":{"self":[{"href":"https:\/\/brillancy.hu\/en\/wp-json\/wp\/v2\/product\/7514","targetHints":{"allow":["GET"]}}],"collection":[{"href":"https:\/\/brillancy.hu\/en\/wp-json\/wp\/v2\/product"}],"about":[{"href":"https:\/\/brillancy.hu\/en\/wp-json\/wp\/v2\/types\/product"}],"replies":[{"embeddable":true,"href":"https:\/\/brillancy.hu\/en\/wp-json\/wp\/v2\/comments?post=7514"}],"wp:featuredmedia":[{"embeddable":true,"href":"https:\/\/brillancy.hu\/en\/wp-json\/wp\/v2\/media\/11638"}],"wp:attachment":[{"href":"https:\/\/brillancy.hu\/en\/wp-json\/wp\/v2\/media?parent=7514"}],"wp:term":[{"taxonomy":"product_brand","embeddable":true,"href":"https:\/\/brillancy.hu\/en\/wp-json\/wp\/v2\/product_brand?post=7514"},{"taxonomy":"product_cat","embeddable":true,"href":"https:\/\/brillancy.hu\/en\/wp-json\/wp\/v2\/product_cat?post=7514"},{"taxonomy":"product_tag","embeddable":true,"href":"https:\/\/brillancy.hu\/en\/wp-json\/wp\/v2\/product_tag?post=7514"}],"curies":[{"name":"wp","href":"https:\/\/api.w.org\/{rel}","templated":true}]}}