{"id":7512,"date":"2025-01-31T18:31:38","date_gmt":"2025-01-31T17:31:38","guid":{"rendered":"https:\/\/brillancy.hu\/?post_type=product&#038;p=7512"},"modified":"2025-10-17T10:56:15","modified_gmt":"2025-10-17T09:56:15","slug":"collins-feherarany-eljegyzesi-gyuru","status":"publish","type":"product","link":"https:\/\/brillancy.hu\/en\/product\/collins-feherarany-eljegyzesi-gyuru\/","title":{"rendered":"Collins is a white gold engagement ring"},"content":{"rendered":"<p><strong>Collins is a white gold engagement ring<\/strong><\/p>\n<p>Graceful design <strong>14 karat white gold<\/strong> engagement ring, which <strong>charm of the fine attention to detail sets.<\/strong> The central stone is a <strong>emerald cut 0,26 ct of white diamonds<\/strong>, which <strong>4.5 mm<\/strong> the hosszant page and <strong>3 mm<\/strong> the shorter. The <strong>two triangle-shaped white diamonds<\/strong> length of the sides of<strong> 3 mm<\/strong>weight <strong>a total of 0,15 ct<\/strong>. <strong>This charming white gold engagement ring ageless beauty has.<\/strong><\/p>\n<ul>\n<li><strong>Material: <\/strong>gold<\/li>\n<li><strong>Fineness:<\/strong> 585 thousandth, 14 carat<\/li>\n<li><strong>Gemstone:<\/strong> trillion and emerald cut diamond<\/li>\n<li><strong>Eternal life guarantee: <\/strong>material errors and gems<\/li>\n<li><strong>Free renovations<\/strong>: Take the ring a couple of free scratch-free sales to five times the purchase within five years!<\/li>\n<\/ul>\n<p><strong>The average preparation time 30 working days. The rings gift box optional.<\/strong><\/p>\n<p><strong>Pay scrap gold\u00a0<\/strong>Damaged, old, or never used gold hiding at home in the cupboards? Bring it in to us and get a discount, trade-in you, the selected ring a couple of price.<\/p>\n<p><strong>Like the jewelry, but other widths or any other surface you want? It&#039;s not a problem. We like to give you an offer to the expected ideas. Find us with confidence!<\/strong><\/p>","protected":false},"excerpt":{"rendered":"<p>Collins feh\u00e9rarany eljegyz\u00e9si gy\u0171r\u0171 &#8211; Kecses kialak\u00edt\u00e1s\u00fa <strong>14 karat <\/strong>engagement ring, which <strong>charm of the fine attention to detail sets.<\/strong><\/p>","protected":false},"featured_media":11080,"comment_status":"closed","ping_status":"closed","template":"","meta":[],"product_brand":[],"product_cat":[17,39,36,26,32,28],"product_tag":[],"class_list":{"0":"post-7512","1":"product","2":"type-product","3":"status-publish","4":"has-post-thumbnail","6":"product_cat-eljegyzesi-gyuruk","7":"product_cat-gyemant","8":"product_cat-haromkoves","9":"product_cat-haromszog","10":"product_cat-modern","11":"product_cat-smaragd-csiszolas","13":"first","14":"instock","15":"purchasable","16":"product-type-simple"},"yoast_head":"<!-- This site is optimized with the Yoast SEO Premium plugin v27.0 (Yoast SEO v27.4) - https:\/\/yoast.com\/product\/yoast-seo-premium-wordpress\/ -->\n<title>Collins feh\u00e9rarany eljegyz\u00e9si gy\u0171r\u0171 - Brillancy<\/title>\n<meta name=\"description\" content=\"Collins feh\u00e9rarany eljegyz\u00e9si gy\u0171r\u0171 - Kecses kialak\u00edt\u00e1s\u00fa 14 kar\u00e1tos eljegyz\u00e9si gy\u0171r\u0171, melynek b\u00e1j\u00e1t a finom r\u00e9szletekre val\u00f3 odafigyel\u00e9s hat\u00e1rozza meg.\" \/>\n<meta name=\"robots\" content=\"index, follow, max-snippet:-1, max-image-preview:large, max-video-preview:-1\" \/>\n<link rel=\"canonical\" href=\"https:\/\/brillancy.hu\/en\/product\/collins-feherarany-eljegyzesi-gyuru\/\" \/>\n<meta property=\"og:locale\" content=\"en_GB\" \/>\n<meta property=\"og:type\" content=\"article\" \/>\n<meta property=\"og:title\" content=\"Collins feh\u00e9rarany eljegyz\u00e9si gy\u0171r\u0171\" \/>\n<meta property=\"og:description\" content=\"Collins feh\u00e9rarany eljegyz\u00e9si gy\u0171r\u0171 - Kecses kialak\u00edt\u00e1s\u00fa 14 kar\u00e1tos eljegyz\u00e9si gy\u0171r\u0171, melynek b\u00e1j\u00e1t a finom r\u00e9szletekre val\u00f3 odafigyel\u00e9s hat\u00e1rozza meg.\" \/>\n<meta property=\"og:url\" content=\"https:\/\/brillancy.hu\/en\/product\/collins-feherarany-eljegyzesi-gyuru\/\" \/>\n<meta property=\"og:site_name\" content=\"Brillancy\" \/>\n<meta property=\"article:modified_time\" content=\"2025-10-17T09:56:15+00:00\" \/>\n<meta property=\"og:image\" content=\"https:\/\/brillancy.hu\/wp-content\/uploads\/2025\/06\/20250612_2043_Golden-Diamond-Ring_remix_01jxjq4zfyexcv61jdxy1zkvt5-683x1024.png\" \/>\n\t<meta property=\"og:image:width\" content=\"683\" \/>\n\t<meta property=\"og:image:height\" content=\"1024\" \/>\n\t<meta property=\"og:image:type\" content=\"image\/png\" \/>\n<meta name=\"twitter:card\" content=\"summary_large_image\" \/>\n<meta name=\"twitter:label1\" content=\"Estimated reading time\" \/>\n\t<meta name=\"twitter:data1\" content=\"2 minutes\" \/>\n<script type=\"application\/ld+json\" class=\"yoast-schema-graph\">{\"@context\":\"https:\\\/\\\/schema.org\",\"@graph\":[{\"@type\":\"WebPage\",\"@id\":\"https:\\\/\\\/brillancy.hu\\\/product\\\/collins-feherarany-eljegyzesi-gyuru\\\/\",\"url\":\"https:\\\/\\\/brillancy.hu\\\/product\\\/collins-feherarany-eljegyzesi-gyuru\\\/\",\"name\":\"Collins feh\u00e9rarany eljegyz\u00e9si gy\u0171r\u0171 - Brillancy\",\"isPartOf\":{\"@id\":\"https:\\\/\\\/brillancy.hu\\\/#website\"},\"primaryImageOfPage\":{\"@id\":\"https:\\\/\\\/brillancy.hu\\\/product\\\/collins-feherarany-eljegyzesi-gyuru\\\/#primaryimage\"},\"image\":{\"@id\":\"https:\\\/\\\/brillancy.hu\\\/product\\\/collins-feherarany-eljegyzesi-gyuru\\\/#primaryimage\"},\"thumbnailUrl\":\"https:\\\/\\\/brillancy.hu\\\/wp-content\\\/uploads\\\/2025\\\/06\\\/20250612_2043_Golden-Diamond-Ring_remix_01jxjq4zfyexcv61jdxy1zkvt5.png\",\"datePublished\":\"2025-01-31T17:31:38+00:00\",\"dateModified\":\"2025-10-17T09:56:15+00:00\",\"description\":\"Collins feh\u00e9rarany eljegyz\u00e9si gy\u0171r\u0171 - Kecses kialak\u00edt\u00e1s\u00fa 14 kar\u00e1tos eljegyz\u00e9si gy\u0171r\u0171, melynek b\u00e1j\u00e1t a finom r\u00e9szletekre val\u00f3 odafigyel\u00e9s hat\u00e1rozza meg.\",\"breadcrumb\":{\"@id\":\"https:\\\/\\\/brillancy.hu\\\/product\\\/collins-feherarany-eljegyzesi-gyuru\\\/#breadcrumb\"},\"inLanguage\":\"en-GB\",\"potentialAction\":[{\"@type\":\"ReadAction\",\"target\":[\"https:\\\/\\\/brillancy.hu\\\/product\\\/collins-feherarany-eljegyzesi-gyuru\\\/\"]}]},{\"@type\":\"ImageObject\",\"inLanguage\":\"en-GB\",\"@id\":\"https:\\\/\\\/brillancy.hu\\\/product\\\/collins-feherarany-eljegyzesi-gyuru\\\/#primaryimage\",\"url\":\"https:\\\/\\\/brillancy.hu\\\/wp-content\\\/uploads\\\/2025\\\/06\\\/20250612_2043_Golden-Diamond-Ring_remix_01jxjq4zfyexcv61jdxy1zkvt5.png\",\"contentUrl\":\"https:\\\/\\\/brillancy.hu\\\/wp-content\\\/uploads\\\/2025\\\/06\\\/20250612_2043_Golden-Diamond-Ring_remix_01jxjq4zfyexcv61jdxy1zkvt5.png\",\"width\":1024,\"height\":1536,\"caption\":\"collins feherarany eljegyzesi gyuru\"},{\"@type\":\"BreadcrumbList\",\"@id\":\"https:\\\/\\\/brillancy.hu\\\/product\\\/collins-feherarany-eljegyzesi-gyuru\\\/#breadcrumb\",\"itemListElement\":[{\"@type\":\"ListItem\",\"position\":1,\"name\":\"Home\",\"item\":\"https:\\\/\\\/brillancy.hu\\\/\"},{\"@type\":\"ListItem\",\"position\":2,\"name\":\"Term\u00e9kek\",\"item\":\"https:\\\/\\\/brillancy.hu\\\/termekek\\\/\"},{\"@type\":\"ListItem\",\"position\":3,\"name\":\"Collins feh\u00e9rarany eljegyz\u00e9si gy\u0171r\u0171\"}]},{\"@type\":\"WebSite\",\"@id\":\"https:\\\/\\\/brillancy.hu\\\/#website\",\"url\":\"https:\\\/\\\/brillancy.hu\\\/\",\"name\":\"Brillancy\",\"description\":\"\",\"potentialAction\":[{\"@type\":\"SearchAction\",\"target\":{\"@type\":\"EntryPoint\",\"urlTemplate\":\"https:\\\/\\\/brillancy.hu\\\/?s={search_term_string}\"},\"query-input\":{\"@type\":\"PropertyValueSpecification\",\"valueRequired\":true,\"valueName\":\"search_term_string\"}}],\"inLanguage\":\"en-GB\"}]}<\/script>\n<!-- \/ Yoast SEO Premium plugin. -->","yoast_head_json":{"title":"Collins feh\u00e9rarany eljegyz\u00e9si gy\u0171r\u0171 - Brillancy","description":"Collins feh\u00e9rarany eljegyz\u00e9si gy\u0171r\u0171 - Kecses kialak\u00edt\u00e1s\u00fa 14 kar\u00e1tos eljegyz\u00e9si gy\u0171r\u0171, melynek b\u00e1j\u00e1t a finom r\u00e9szletekre val\u00f3 odafigyel\u00e9s hat\u00e1rozza meg.","robots":{"index":"index","follow":"follow","max-snippet":"max-snippet:-1","max-image-preview":"max-image-preview:large","max-video-preview":"max-video-preview:-1"},"canonical":"https:\/\/brillancy.hu\/en\/product\/collins-feherarany-eljegyzesi-gyuru\/","og_locale":"en_GB","og_type":"article","og_title":"Collins feh\u00e9rarany eljegyz\u00e9si gy\u0171r\u0171","og_description":"Collins feh\u00e9rarany eljegyz\u00e9si gy\u0171r\u0171 - Kecses kialak\u00edt\u00e1s\u00fa 14 kar\u00e1tos eljegyz\u00e9si gy\u0171r\u0171, melynek b\u00e1j\u00e1t a finom r\u00e9szletekre val\u00f3 odafigyel\u00e9s hat\u00e1rozza meg.","og_url":"https:\/\/brillancy.hu\/en\/product\/collins-feherarany-eljegyzesi-gyuru\/","og_site_name":"Brillancy","article_modified_time":"2025-10-17T09:56:15+00:00","og_image":[{"width":683,"height":1024,"url":"https:\/\/brillancy.hu\/wp-content\/uploads\/2025\/06\/20250612_2043_Golden-Diamond-Ring_remix_01jxjq4zfyexcv61jdxy1zkvt5-683x1024.png","type":"image\/png"}],"twitter_card":"summary_large_image","twitter_misc":{"Estimated reading time":"2 minutes"},"schema":{"@context":"https:\/\/schema.org","@graph":[{"@type":"WebPage","@id":"https:\/\/brillancy.hu\/product\/collins-feherarany-eljegyzesi-gyuru\/","url":"https:\/\/brillancy.hu\/product\/collins-feherarany-eljegyzesi-gyuru\/","name":"Collins feh\u00e9rarany eljegyz\u00e9si gy\u0171r\u0171 - Brillancy","isPartOf":{"@id":"https:\/\/brillancy.hu\/#website"},"primaryImageOfPage":{"@id":"https:\/\/brillancy.hu\/product\/collins-feherarany-eljegyzesi-gyuru\/#primaryimage"},"image":{"@id":"https:\/\/brillancy.hu\/product\/collins-feherarany-eljegyzesi-gyuru\/#primaryimage"},"thumbnailUrl":"https:\/\/brillancy.hu\/wp-content\/uploads\/2025\/06\/20250612_2043_Golden-Diamond-Ring_remix_01jxjq4zfyexcv61jdxy1zkvt5.png","datePublished":"2025-01-31T17:31:38+00:00","dateModified":"2025-10-17T09:56:15+00:00","description":"Collins feh\u00e9rarany eljegyz\u00e9si gy\u0171r\u0171 - Kecses kialak\u00edt\u00e1s\u00fa 14 kar\u00e1tos eljegyz\u00e9si gy\u0171r\u0171, melynek b\u00e1j\u00e1t a finom r\u00e9szletekre val\u00f3 odafigyel\u00e9s hat\u00e1rozza meg.","breadcrumb":{"@id":"https:\/\/brillancy.hu\/product\/collins-feherarany-eljegyzesi-gyuru\/#breadcrumb"},"inLanguage":"en-GB","potentialAction":[{"@type":"ReadAction","target":["https:\/\/brillancy.hu\/product\/collins-feherarany-eljegyzesi-gyuru\/"]}]},{"@type":"ImageObject","inLanguage":"en-GB","@id":"https:\/\/brillancy.hu\/product\/collins-feherarany-eljegyzesi-gyuru\/#primaryimage","url":"https:\/\/brillancy.hu\/wp-content\/uploads\/2025\/06\/20250612_2043_Golden-Diamond-Ring_remix_01jxjq4zfyexcv61jdxy1zkvt5.png","contentUrl":"https:\/\/brillancy.hu\/wp-content\/uploads\/2025\/06\/20250612_2043_Golden-Diamond-Ring_remix_01jxjq4zfyexcv61jdxy1zkvt5.png","width":1024,"height":1536,"caption":"collins feherarany eljegyzesi gyuru"},{"@type":"BreadcrumbList","@id":"https:\/\/brillancy.hu\/product\/collins-feherarany-eljegyzesi-gyuru\/#breadcrumb","itemListElement":[{"@type":"ListItem","position":1,"name":"Home","item":"https:\/\/brillancy.hu\/"},{"@type":"ListItem","position":2,"name":"Term\u00e9kek","item":"https:\/\/brillancy.hu\/termekek\/"},{"@type":"ListItem","position":3,"name":"Collins feh\u00e9rarany eljegyz\u00e9si gy\u0171r\u0171"}]},{"@type":"WebSite","@id":"https:\/\/brillancy.hu\/#website","url":"https:\/\/brillancy.hu\/","name":"Brillancy","description":"","potentialAction":[{"@type":"SearchAction","target":{"@type":"EntryPoint","urlTemplate":"https:\/\/brillancy.hu\/?s={search_term_string}"},"query-input":{"@type":"PropertyValueSpecification","valueRequired":true,"valueName":"search_term_string"}}],"inLanguage":"en-GB"}]}},"_links":{"self":[{"href":"https:\/\/brillancy.hu\/en\/wp-json\/wp\/v2\/product\/7512","targetHints":{"allow":["GET"]}}],"collection":[{"href":"https:\/\/brillancy.hu\/en\/wp-json\/wp\/v2\/product"}],"about":[{"href":"https:\/\/brillancy.hu\/en\/wp-json\/wp\/v2\/types\/product"}],"replies":[{"embeddable":true,"href":"https:\/\/brillancy.hu\/en\/wp-json\/wp\/v2\/comments?post=7512"}],"wp:featuredmedia":[{"embeddable":true,"href":"https:\/\/brillancy.hu\/en\/wp-json\/wp\/v2\/media\/11080"}],"wp:attachment":[{"href":"https:\/\/brillancy.hu\/en\/wp-json\/wp\/v2\/media?parent=7512"}],"wp:term":[{"taxonomy":"product_brand","embeddable":true,"href":"https:\/\/brillancy.hu\/en\/wp-json\/wp\/v2\/product_brand?post=7512"},{"taxonomy":"product_cat","embeddable":true,"href":"https:\/\/brillancy.hu\/en\/wp-json\/wp\/v2\/product_cat?post=7512"},{"taxonomy":"product_tag","embeddable":true,"href":"https:\/\/brillancy.hu\/en\/wp-json\/wp\/v2\/product_tag?post=7512"}],"curies":[{"name":"wp","href":"https:\/\/api.w.org\/{rel}","templated":true}]}}